{"id":18522,"date":"2021-11-23T08:19:03","date_gmt":"2021-11-23T13:19:03","guid":{"rendered":"https:\/\/espaciosyambientes.com\/?post_type=product&#038;p=18522"},"modified":"2021-11-23T08:39:39","modified_gmt":"2021-11-23T13:39:39","slug":"xpg-defender-pro-airflow-con-3-fans-argb","status":"publish","type":"product","link":"https:\/\/espaciosyambientes.com\/es_es\/producto\/xpg-defender-pro-airflow-con-3-fans-argb\/","title":{"rendered":"XPG DEFENDER PRO AIRFLOW CON 3 FANS ARGB"},"content":{"rendered":"<p>https:\/\/www.xpg.com\/es\/xpg\/708<\/p>\n<p>XPG DEFENDER PRO ofrece una dimensi\u00f3n E-ATX de tama\u00f1o completo con un dise\u00f1o de panel frontal MESH y efectos de iluminaci\u00f3n de tiras ARGB. Disponible en colores blanco y negro con 3 ventiladores ARGB XPG VENTO 120 incluidos.<br \/>\nCaracter\u00edsticas principales<br \/>\nMarca XPG<br \/>\nL\u00ednea White<br \/>\nModelo DEFENDER PRO<br \/>\nOtras caracter\u00edsticas<br \/>\nXPG DEFENDER PRO admite placas base E-ATX con dimensiones (AL x AN x FO) de 492 x 220 x 441 (mm).<\/p>\n<p>Soporte de longitud de tarjeta gr\u00e1fica: hasta 380\u00a0mm<br \/>\nSoporte de altura del refrigerador de CPU: hasta 170\u00a0mm<br \/>\nSoporte de longitud de fuente de alimentaci\u00f3n: hasta 220 mm<\/p>\n<div class=\"specification-row dark-border\" data-v-d1ec4f24=\"\">\n<h2 class=\"specification-row-title\" data-v-d1ec4f24=\"\">Dimensiones (AL x AN x FO)<\/h2>\n<p class=\"specification-row-content darkdeep\" data-v-d1ec4f24=\"\">492 x 220 x 441 mm (19,37 x 8,66 x 17,36 pulgadas)<\/p>\n<\/div>\n<div class=\"specification-row dark-border\" data-v-d1ec4f24=\"\">\n<h2 class=\"specification-row-title\" data-v-d1ec4f24=\"\">Color<\/h2>\n<p class=\"specification-row-content darkdeep\" data-v-d1ec4f24=\"\">Exterior e interior : Blanco y negro<\/p>\n<\/div>\n<div class=\"specification-row dark-border\" data-v-d1ec4f24=\"\">\n<h2 class=\"specification-row-title\" data-v-d1ec4f24=\"\">Material<\/h2>\n<p class=\"specification-row-content darkdeep\" data-v-d1ec4f24=\"\">SGCC<\/p>\n<\/div>\n<div class=\"specification-row dark-border\" data-v-d1ec4f24=\"\">\n<h2 class=\"specification-row-title\" data-v-d1ec4f24=\"\">Paneles laterales<\/h2>\n<p class=\"specification-row-content darkdeep\" data-v-d1ec4f24=\"\">Panel lateral de vidrio templado de 3 mm<\/p>\n<\/div>\n<div class=\"specification-row dark-border\" data-v-d1ec4f24=\"\">\n<h2 class=\"specification-row-title\" data-v-d1ec4f24=\"\">Factor de forma<\/h2>\n<p class=\"specification-row-content darkdeep\" data-v-d1ec4f24=\"\">Mini-ITX, Micro-ATX, ATX, E-ATX, CEB, EEB<\/p>\n<\/div>\n<div class=\"specification-row dark-border\" data-v-d1ec4f24=\"\">\n<h2 class=\"specification-row-title\" data-v-d1ec4f24=\"\">Bandeja para unidades de disco duro y de estado s\u00f3lido de 3,5&#8243;<\/h2>\n<p class=\"specification-row-content darkdeep\" data-v-d1ec4f24=\"\">2<\/p>\n<\/div>\n<div class=\"specification-row dark-border\" data-v-d1ec4f24=\"\">\n<h2 class=\"specification-row-title\" data-v-d1ec4f24=\"\">Bandeja para unidades de disco duro y de estado s\u00f3lido de 2,5&#8243;<\/h2>\n<p class=\"specification-row-content darkdeep\" data-v-d1ec4f24=\"\">2+2 (3,5\u201d\/2,5\u201d combinado)<\/p>\n<\/div>\n<div class=\"specification-row dark-border\" data-v-d1ec4f24=\"\">\n<h2 class=\"specification-row-title\" data-v-d1ec4f24=\"\">Puerto de E\/S<\/h2>\n<p class=\"specification-row-content darkdeep\" data-v-d1ec4f24=\"\">2 USB 3.0, 1 puerto de audio h\u00edbrido, 1 bot\u00f3n de control de LED<\/p>\n<\/div>\n<div class=\"specification-row dark-border\" data-v-d1ec4f24=\"\">\n<h2 class=\"specification-row-title\" data-v-d1ec4f24=\"\">Ventilador incluido<\/h2>\n<p class=\"specification-row-content darkdeep\" data-v-d1ec4f24=\"\">PARTE FRONTAL: 2 Ventilador ARGB de 120 mm XPG VENTO<br \/>\nPARTE TRASERA: 1 Ventilador ARGB de 120 mm XPG VENTO<\/p>\n<\/div>\n<div class=\"specification-row dark-border\" data-v-d1ec4f24=\"\">\n<h2 class=\"specification-row-title\" data-v-d1ec4f24=\"\">Soporte del ventilador<\/h2>\n<p class=\"specification-row-content darkdeep\" data-v-d1ec4f24=\"\">Lado frontal : 120mm x3 , 140mm x2<br \/>\nLado superior : 120mm x2 , 140mm x2<br \/>\nLado trasero : 120mm x1<\/p>\n<\/div>\n<div class=\"specification-row dark-border\" data-v-d1ec4f24=\"\">\n<h2 class=\"specification-row-title\" data-v-d1ec4f24=\"\">Soporte del radiador<\/h2>\n<p class=\"specification-row-content darkdeep\" data-v-d1ec4f24=\"\">Lado frontal : 360 \/ 280 \/ 240mm x1<br \/>\nLado superior : 280 \/ 240 \/ 120mm x1<br \/>\nLado trasero : 120mm x1<\/p>\n<\/div>\n<div class=\"specification-row dark-border\" data-v-d1ec4f24=\"\">\n<h2 class=\"specification-row-title\" data-v-d1ec4f24=\"\">Distancia de seguridad<\/h2>\n<p class=\"specification-row-content darkdeep\" data-v-d1ec4f24=\"\">Limitaci\u00f3n de la altura del refrigerador de la CPU : 170mm<br \/>\nLimitaci\u00f3n longitud de la tarjeta gr\u00e1fica : 380mm<br \/>\nLimitaci\u00f3n de instalaci\u00f3n vertical de la tarjeta gr\u00e1fica: 27,3\u00a0mm<br \/>\nLimitaci\u00f3n de longitud de la unidad de fuente de alimentaci\u00f3n : 220mm<\/p>\n<\/div>\n<div class=\"specification-row dark-border\" data-v-d1ec4f24=\"\">\n<h2 class=\"specification-row-title\" data-v-d1ec4f24=\"\">Peso<\/h2>\n<p class=\"specification-row-content darkdeep\" data-v-d1ec4f24=\"\">Producto: 7,37 kg (16,3lb) \u00b15 %<br \/>\ncon el paquete: 9,53kg (21,0lb) \u00b15 %<\/p>\n<\/div>\n<div class=\"specification-row dark-border\" data-v-d1ec4f24=\"\">\n<h2 class=\"specification-row-title\" data-v-d1ec4f24=\"\">Garant\u00eda<\/h2>\n<p class=\"specification-row-content darkdeep\" data-v-d1ec4f24=\"\">2 a\u00f1os<\/p>\n<\/div>\n<p>&nbsp;<\/p>\n","protected":false},"excerpt":{"rendered":"<p>Panel frontal elegante con XPG : Exoskeleton Design Language<br \/>\n\u25cf Filtro de polvo innovador extra\u00edble sobre riel<br \/>\n\u25cf Elementos ARGB del panel frontal con efectos de iluminaci\u00f3n integrados<br \/>\n\u25cf Dise\u00f1o de flujo de aire eficiente<br \/>\n\u25cf Compatible con instalaci\u00f3n de VGA vertical<br \/>\n\u25cf Administraci\u00f3n de los cables<\/p>\n","protected":false},"featured_media":18528,"comment_status":"open","ping_status":"closed","template":"","meta":[],"product_brand":[104],"product_cat":[76],"product_tag":[311],"class_list":{"0":"post-18522","1":"product","2":"type-product","3":"status-publish","4":"has-post-thumbnail","6":"product_brand-xpg","7":"product_cat-chasis","8":"product_tag-chasis-con-fuente","10":"first","11":"instock","12":"taxable","13":"shipping-taxable","14":"purchasable","15":"product-type-simple"},"yoast_head":"<!-- This site is optimized with the Yoast SEO plugin v27.3 - https:\/\/yoast.com\/product\/yoast-seo-wordpress\/ -->\n<title>XPG DEFENDER PRO AIRFLOW CON 3 FANS ARGB - PC MASTERS BOGOTA<\/title>\n<meta name=\"robots\" content=\"index, follow, max-snippet:-1, max-image-preview:large, max-video-preview:-1\" \/>\n<link rel=\"canonical\" href=\"https:\/\/espaciosyambientes.com\/es_es\/producto\/xpg-defender-pro-airflow-con-3-fans-argb\/\" \/>\n<meta property=\"og:locale\" content=\"es_ES\" \/>\n<meta property=\"og:type\" content=\"article\" \/>\n<meta property=\"og:title\" content=\"XPG DEFENDER PRO AIRFLOW CON 3 FANS ARGB - PC MASTERS BOGOTA\" \/>\n<meta property=\"og:description\" content=\"Panel frontal elegante con XPG : Exoskeleton Design Language \u25cf Filtro de polvo innovador extra\u00edble sobre riel \u25cf Elementos ARGB del panel frontal con efectos de iluminaci\u00f3n integrados \u25cf Dise\u00f1o de flujo de aire eficiente \u25cf Compatible con instalaci\u00f3n de VGA vertical \u25cf Administraci\u00f3n de los cables\" \/>\n<meta property=\"og:url\" content=\"https:\/\/espaciosyambientes.com\/es_es\/producto\/xpg-defender-pro-airflow-con-3-fans-argb\/\" \/>\n<meta property=\"og:site_name\" content=\"PC MASTERS BOGOTA\" \/>\n<meta property=\"article:modified_time\" content=\"2021-11-23T13:39:39+00:00\" \/>\n<meta property=\"og:image\" content=\"https:\/\/espaciosyambientes.com\/wp-content\/uploads\/2021\/11\/productgallery7709.jpg\" \/>\n\t<meta property=\"og:image:width\" content=\"1500\" \/>\n\t<meta property=\"og:image:height\" content=\"1500\" \/>\n\t<meta property=\"og:image:type\" content=\"image\/jpeg\" \/>\n<meta name=\"twitter:card\" content=\"summary_large_image\" \/>\n<meta name=\"twitter:label1\" content=\"Tiempo de lectura\" \/>\n\t<meta name=\"twitter:data1\" content=\"2 minutos\" \/>\n<script type=\"application\/ld+json\" class=\"yoast-schema-graph\">{\"@context\":\"https:\\\/\\\/schema.org\",\"@graph\":[{\"@type\":\"WebPage\",\"@id\":\"https:\\\/\\\/espaciosyambientes.com\\\/producto\\\/xpg-defender-pro-airflow-con-3-fans-argb\\\/\",\"url\":\"https:\\\/\\\/espaciosyambientes.com\\\/producto\\\/xpg-defender-pro-airflow-con-3-fans-argb\\\/\",\"name\":\"XPG DEFENDER PRO AIRFLOW CON 3 FANS ARGB - PC MASTERS BOGOTA\",\"isPartOf\":{\"@id\":\"https:\\\/\\\/espaciosyambientes.com\\\/es_es\\\/#website\"},\"primaryImageOfPage\":{\"@id\":\"https:\\\/\\\/espaciosyambientes.com\\\/producto\\\/xpg-defender-pro-airflow-con-3-fans-argb\\\/#primaryimage\"},\"image\":{\"@id\":\"https:\\\/\\\/espaciosyambientes.com\\\/producto\\\/xpg-defender-pro-airflow-con-3-fans-argb\\\/#primaryimage\"},\"thumbnailUrl\":\"https:\\\/\\\/espaciosyambientes.com\\\/wp-content\\\/uploads\\\/2021\\\/11\\\/productgallery7709.jpg\",\"datePublished\":\"2021-11-23T13:19:03+00:00\",\"dateModified\":\"2021-11-23T13:39:39+00:00\",\"breadcrumb\":{\"@id\":\"https:\\\/\\\/espaciosyambientes.com\\\/producto\\\/xpg-defender-pro-airflow-con-3-fans-argb\\\/#breadcrumb\"},\"inLanguage\":\"es\",\"potentialAction\":[{\"@type\":\"ReadAction\",\"target\":[\"https:\\\/\\\/espaciosyambientes.com\\\/producto\\\/xpg-defender-pro-airflow-con-3-fans-argb\\\/\"]}]},{\"@type\":\"ImageObject\",\"inLanguage\":\"es\",\"@id\":\"https:\\\/\\\/espaciosyambientes.com\\\/producto\\\/xpg-defender-pro-airflow-con-3-fans-argb\\\/#primaryimage\",\"url\":\"https:\\\/\\\/espaciosyambientes.com\\\/wp-content\\\/uploads\\\/2021\\\/11\\\/productgallery7709.jpg\",\"contentUrl\":\"https:\\\/\\\/espaciosyambientes.com\\\/wp-content\\\/uploads\\\/2021\\\/11\\\/productgallery7709.jpg\",\"width\":1500,\"height\":1500},{\"@type\":\"BreadcrumbList\",\"@id\":\"https:\\\/\\\/espaciosyambientes.com\\\/producto\\\/xpg-defender-pro-airflow-con-3-fans-argb\\\/#breadcrumb\",\"itemListElement\":[{\"@type\":\"ListItem\",\"position\":1,\"name\":\"Home\",\"item\":\"https:\\\/\\\/espaciosyambientes.com\\\/\"},{\"@type\":\"ListItem\",\"position\":2,\"name\":\"Tienda\",\"item\":\"https:\\\/\\\/espaciosyambientes.com\\\/tienda\\\/\"},{\"@type\":\"ListItem\",\"position\":3,\"name\":\"XPG DEFENDER PRO AIRFLOW CON 3 FANS ARGB\"}]},{\"@type\":\"WebSite\",\"@id\":\"https:\\\/\\\/espaciosyambientes.com\\\/es_es\\\/#website\",\"url\":\"https:\\\/\\\/espaciosyambientes.com\\\/es_es\\\/\",\"name\":\"PC MASTERS BOGOTA\",\"description\":\"\",\"potentialAction\":[{\"@type\":\"SearchAction\",\"target\":{\"@type\":\"EntryPoint\",\"urlTemplate\":\"https:\\\/\\\/espaciosyambientes.com\\\/es_es\\\/?s={search_term_string}\"},\"query-input\":{\"@type\":\"PropertyValueSpecification\",\"valueRequired\":true,\"valueName\":\"search_term_string\"}}],\"inLanguage\":\"es\"}]}<\/script>\n<!-- \/ Yoast SEO plugin. -->","yoast_head_json":{"title":"XPG DEFENDER PRO AIRFLOW CON 3 FANS ARGB - PC MASTERS BOGOTA","robots":{"index":"index","follow":"follow","max-snippet":"max-snippet:-1","max-image-preview":"max-image-preview:large","max-video-preview":"max-video-preview:-1"},"canonical":"https:\/\/espaciosyambientes.com\/es_es\/producto\/xpg-defender-pro-airflow-con-3-fans-argb\/","og_locale":"es_ES","og_type":"article","og_title":"XPG DEFENDER PRO AIRFLOW CON 3 FANS ARGB - PC MASTERS BOGOTA","og_description":"Panel frontal elegante con XPG : Exoskeleton Design Language \u25cf Filtro de polvo innovador extra\u00edble sobre riel \u25cf Elementos ARGB del panel frontal con efectos de iluminaci\u00f3n integrados \u25cf Dise\u00f1o de flujo de aire eficiente \u25cf Compatible con instalaci\u00f3n de VGA vertical \u25cf Administraci\u00f3n de los cables","og_url":"https:\/\/espaciosyambientes.com\/es_es\/producto\/xpg-defender-pro-airflow-con-3-fans-argb\/","og_site_name":"PC MASTERS BOGOTA","article_modified_time":"2021-11-23T13:39:39+00:00","og_image":[{"width":1500,"height":1500,"url":"https:\/\/espaciosyambientes.com\/wp-content\/uploads\/2021\/11\/productgallery7709.jpg","type":"image\/jpeg"}],"twitter_card":"summary_large_image","twitter_misc":{"Tiempo de lectura":"2 minutos"},"schema":{"@context":"https:\/\/schema.org","@graph":[{"@type":"WebPage","@id":"https:\/\/espaciosyambientes.com\/producto\/xpg-defender-pro-airflow-con-3-fans-argb\/","url":"https:\/\/espaciosyambientes.com\/producto\/xpg-defender-pro-airflow-con-3-fans-argb\/","name":"XPG DEFENDER PRO AIRFLOW CON 3 FANS ARGB - PC MASTERS BOGOTA","isPartOf":{"@id":"https:\/\/espaciosyambientes.com\/es_es\/#website"},"primaryImageOfPage":{"@id":"https:\/\/espaciosyambientes.com\/producto\/xpg-defender-pro-airflow-con-3-fans-argb\/#primaryimage"},"image":{"@id":"https:\/\/espaciosyambientes.com\/producto\/xpg-defender-pro-airflow-con-3-fans-argb\/#primaryimage"},"thumbnailUrl":"https:\/\/espaciosyambientes.com\/wp-content\/uploads\/2021\/11\/productgallery7709.jpg","datePublished":"2021-11-23T13:19:03+00:00","dateModified":"2021-11-23T13:39:39+00:00","breadcrumb":{"@id":"https:\/\/espaciosyambientes.com\/producto\/xpg-defender-pro-airflow-con-3-fans-argb\/#breadcrumb"},"inLanguage":"es","potentialAction":[{"@type":"ReadAction","target":["https:\/\/espaciosyambientes.com\/producto\/xpg-defender-pro-airflow-con-3-fans-argb\/"]}]},{"@type":"ImageObject","inLanguage":"es","@id":"https:\/\/espaciosyambientes.com\/producto\/xpg-defender-pro-airflow-con-3-fans-argb\/#primaryimage","url":"https:\/\/espaciosyambientes.com\/wp-content\/uploads\/2021\/11\/productgallery7709.jpg","contentUrl":"https:\/\/espaciosyambientes.com\/wp-content\/uploads\/2021\/11\/productgallery7709.jpg","width":1500,"height":1500},{"@type":"BreadcrumbList","@id":"https:\/\/espaciosyambientes.com\/producto\/xpg-defender-pro-airflow-con-3-fans-argb\/#breadcrumb","itemListElement":[{"@type":"ListItem","position":1,"name":"Home","item":"https:\/\/espaciosyambientes.com\/"},{"@type":"ListItem","position":2,"name":"Tienda","item":"https:\/\/espaciosyambientes.com\/tienda\/"},{"@type":"ListItem","position":3,"name":"XPG DEFENDER PRO AIRFLOW CON 3 FANS ARGB"}]},{"@type":"WebSite","@id":"https:\/\/espaciosyambientes.com\/es_es\/#website","url":"https:\/\/espaciosyambientes.com\/es_es\/","name":"PC MASTERS BOGOTA","description":"","potentialAction":[{"@type":"SearchAction","target":{"@type":"EntryPoint","urlTemplate":"https:\/\/espaciosyambientes.com\/es_es\/?s={search_term_string}"},"query-input":{"@type":"PropertyValueSpecification","valueRequired":true,"valueName":"search_term_string"}}],"inLanguage":"es"}]}},"_links":{"self":[{"href":"https:\/\/espaciosyambientes.com\/es_es\/wp-json\/wp\/v2\/product\/18522","targetHints":{"allow":["GET"]}}],"collection":[{"href":"https:\/\/espaciosyambientes.com\/es_es\/wp-json\/wp\/v2\/product"}],"about":[{"href":"https:\/\/espaciosyambientes.com\/es_es\/wp-json\/wp\/v2\/types\/product"}],"replies":[{"embeddable":true,"href":"https:\/\/espaciosyambientes.com\/es_es\/wp-json\/wp\/v2\/comments?post=18522"}],"version-history":[{"count":1,"href":"https:\/\/espaciosyambientes.com\/es_es\/wp-json\/wp\/v2\/product\/18522\/revisions"}],"predecessor-version":[{"id":18529,"href":"https:\/\/espaciosyambientes.com\/es_es\/wp-json\/wp\/v2\/product\/18522\/revisions\/18529"}],"wp:featuredmedia":[{"embeddable":true,"href":"https:\/\/espaciosyambientes.com\/es_es\/wp-json\/wp\/v2\/media\/18528"}],"wp:attachment":[{"href":"https:\/\/espaciosyambientes.com\/es_es\/wp-json\/wp\/v2\/media?parent=18522"}],"wp:term":[{"taxonomy":"product_brand","embeddable":true,"href":"https:\/\/espaciosyambientes.com\/es_es\/wp-json\/wp\/v2\/product_brand?post=18522"},{"taxonomy":"product_cat","embeddable":true,"href":"https:\/\/espaciosyambientes.com\/es_es\/wp-json\/wp\/v2\/product_cat?post=18522"},{"taxonomy":"product_tag","embeddable":true,"href":"https:\/\/espaciosyambientes.com\/es_es\/wp-json\/wp\/v2\/product_tag?post=18522"}],"curies":[{"name":"wp","href":"https:\/\/api.w.org\/{rel}","templated":true}]}}