{"id":13282,"date":"2021-08-05T21:04:03","date_gmt":"2021-08-06T02:04:03","guid":{"rendered":"https:\/\/espaciosyambientes.com\/?post_type=product&#038;p=13282"},"modified":"2021-10-26T14:18:05","modified_gmt":"2021-10-26T19:18:05","slug":"cougar-vortex-rgb-120-x3","status":"publish","type":"product","link":"https:\/\/espaciosyambientes.com\/es_es\/producto\/cougar-vortex-rgb-120-x3\/","title":{"rendered":"COUGAR VORTEX RGB 120 SPB+CTRL+CTDR X3"},"content":{"rendered":"<p>https:\/\/cougargaming.com\/products\/cooling\/vortex_rgb_spb120\/<\/p>\n<p>360\u00ba de magn\u00edficos efectos de iluminaci\u00f3n llegan a su estuche con la iluminaci\u00f3n de ventilador RGB m\u00e1s potente de COUGAR. El c\u00edrculo de iluminaci\u00f3n dual de los ventiladores se combina con las aspas del ventilador semitransl\u00facidas para garantizar que pueda visualizar los efectos de iluminaci\u00f3n desde cualquier \u00e1ngulo.<\/p>\n<p>Nuestro dise\u00f1o de marco patentado da forma al flujo de aire en un v\u00f3rtice que funciona de maravilla cuando se trata de mantener fr\u00edos los componentes cr\u00edticos de su computadora.<\/p>\n<p>Personaliza la apariencia de tu construcci\u00f3n y c\u00e1mbiala a voluntad con m\u00e1s de 100 impresionantes efectos de iluminaci\u00f3n predeterminados. Elija colores, patrones de iluminaci\u00f3n, brillo y velocidad con el controlador inal\u00e1mbrico incluido y aproveche al m\u00e1ximo los 24 LED direccionables de cada ventilador.<\/p>\n<p>El kit de refrigeraci\u00f3n VORTEX RGB SPB 120 admite la conexi\u00f3n a placas base compatibles para lograr una sincronizaci\u00f3n de iluminaci\u00f3n RGB en todo el sistema. Para obtener m\u00e1s informaci\u00f3n sobre la compatibilidad, visite esta p\u00e1gina.<\/p>\n<p>La modulaci\u00f3n por ancho de pulso es una tecnolog\u00eda que permite a la placa base, a trav\u00e9s del conector de 4 pines, ajustar la velocidad del ventilador en un rango que va de 600 a 1500 RPM, alcanzando el equilibrio \u00f3ptimo entre enfriamiento y salida audible mientras mantiene un funcionamiento constante de 12V. Voltaje. \u00a1La refrigeraci\u00f3n que necesita sin ruido adicional!<\/p>\n<p>Modelo: CF-V12SET-SPBRGB.Nombre del producto: VORTEX RGB SPB 120.Kit de refrigeraci\u00f3n: PWM HDB.Dimensiones: 120 x 120 x 25 mm.Tipo de rodamiento: Rodamiento hidrodin\u00e1mico.Velocidad: PWM 600-1500 R.P.M.Flujo de aire: 43.54 CFM 73.94 m3 \/ h.Presi\u00f3n de aire: 1,17 mm H2O.Voltaje del ventilador: 12 VCC.Voltaje: LED 5 VDC.Ruido ac\u00fastico: 26 dBA.Longitud del cable: 600 mm.Luces: LED 24.Consumo de energ\u00eda: LED 2,4 W.<\/p>\n","protected":false},"excerpt":{"rendered":"<p>Descripci\u00f3n<br \/>\nEste paquete robusto incluye el COUGAR Core Box v2, un control remoto y tres ventiladores de enfriamiento Vortex RGB SPB 120, todo lo que necesita para crear una incre\u00edble construcci\u00f3n RGB.<\/p>\n<p>&nbsp;<\/p>\n","protected":false},"featured_media":13691,"comment_status":"open","ping_status":"closed","template":"","meta":[],"product_brand":[124],"product_cat":[69],"product_tag":[258],"class_list":{"0":"post-13282","1":"product","2":"type-product","3":"status-publish","4":"has-post-thumbnail","6":"product_brand-cougar","7":"product_cat-ventiladores","8":"product_tag-ctrl","10":"first","11":"instock","12":"taxable","13":"shipping-taxable","14":"purchasable","15":"product-type-simple"},"yoast_head":"<!-- This site is optimized with the Yoast SEO plugin v27.3 - https:\/\/yoast.com\/product\/yoast-seo-wordpress\/ -->\n<title>COUGAR VORTEX RGB 120 SPB+CTRL+CTDR X3 - PC MASTERS BOGOTA<\/title>\n<meta name=\"robots\" content=\"index, follow, max-snippet:-1, max-image-preview:large, max-video-preview:-1\" \/>\n<link rel=\"canonical\" href=\"https:\/\/espaciosyambientes.com\/es_es\/producto\/cougar-vortex-rgb-120-x3\/\" \/>\n<meta property=\"og:locale\" content=\"es_ES\" \/>\n<meta property=\"og:type\" content=\"article\" \/>\n<meta property=\"og:title\" content=\"COUGAR VORTEX RGB 120 SPB+CTRL+CTDR X3 - PC MASTERS BOGOTA\" \/>\n<meta property=\"og:description\" content=\"Descripci\u00f3n Este paquete robusto incluye el COUGAR Core Box v2, un control remoto y tres ventiladores de enfriamiento Vortex RGB SPB 120, todo lo que necesita para crear una incre\u00edble construcci\u00f3n RGB.  &nbsp;\" \/>\n<meta property=\"og:url\" content=\"https:\/\/espaciosyambientes.com\/es_es\/producto\/cougar-vortex-rgb-120-x3\/\" \/>\n<meta property=\"og:site_name\" content=\"PC MASTERS BOGOTA\" \/>\n<meta property=\"article:modified_time\" content=\"2021-10-26T19:18:05+00:00\" \/>\n<meta property=\"og:image\" content=\"https:\/\/espaciosyambientes.com\/wp-content\/uploads\/2021\/08\/6-8.jpg\" \/>\n\t<meta property=\"og:image:width\" content=\"1200\" \/>\n\t<meta property=\"og:image:height\" content=\"1200\" \/>\n\t<meta property=\"og:image:type\" content=\"image\/jpeg\" \/>\n<meta name=\"twitter:card\" content=\"summary_large_image\" \/>\n<meta name=\"twitter:label1\" content=\"Tiempo de lectura\" \/>\n\t<meta name=\"twitter:data1\" content=\"2 minutos\" \/>\n<script type=\"application\/ld+json\" class=\"yoast-schema-graph\">{\"@context\":\"https:\\\/\\\/schema.org\",\"@graph\":[{\"@type\":\"WebPage\",\"@id\":\"https:\\\/\\\/espaciosyambientes.com\\\/producto\\\/cougar-vortex-rgb-120-x3\\\/\",\"url\":\"https:\\\/\\\/espaciosyambientes.com\\\/producto\\\/cougar-vortex-rgb-120-x3\\\/\",\"name\":\"COUGAR VORTEX RGB 120 SPB+CTRL+CTDR X3 - PC MASTERS BOGOTA\",\"isPartOf\":{\"@id\":\"https:\\\/\\\/espaciosyambientes.com\\\/es_es\\\/#website\"},\"primaryImageOfPage\":{\"@id\":\"https:\\\/\\\/espaciosyambientes.com\\\/producto\\\/cougar-vortex-rgb-120-x3\\\/#primaryimage\"},\"image\":{\"@id\":\"https:\\\/\\\/espaciosyambientes.com\\\/producto\\\/cougar-vortex-rgb-120-x3\\\/#primaryimage\"},\"thumbnailUrl\":\"https:\\\/\\\/espaciosyambientes.com\\\/wp-content\\\/uploads\\\/2021\\\/08\\\/6-8.jpg\",\"datePublished\":\"2021-08-06T02:04:03+00:00\",\"dateModified\":\"2021-10-26T19:18:05+00:00\",\"breadcrumb\":{\"@id\":\"https:\\\/\\\/espaciosyambientes.com\\\/producto\\\/cougar-vortex-rgb-120-x3\\\/#breadcrumb\"},\"inLanguage\":\"es\",\"potentialAction\":[{\"@type\":\"ReadAction\",\"target\":[\"https:\\\/\\\/espaciosyambientes.com\\\/producto\\\/cougar-vortex-rgb-120-x3\\\/\"]}]},{\"@type\":\"ImageObject\",\"inLanguage\":\"es\",\"@id\":\"https:\\\/\\\/espaciosyambientes.com\\\/producto\\\/cougar-vortex-rgb-120-x3\\\/#primaryimage\",\"url\":\"https:\\\/\\\/espaciosyambientes.com\\\/wp-content\\\/uploads\\\/2021\\\/08\\\/6-8.jpg\",\"contentUrl\":\"https:\\\/\\\/espaciosyambientes.com\\\/wp-content\\\/uploads\\\/2021\\\/08\\\/6-8.jpg\",\"width\":1200,\"height\":1200},{\"@type\":\"BreadcrumbList\",\"@id\":\"https:\\\/\\\/espaciosyambientes.com\\\/producto\\\/cougar-vortex-rgb-120-x3\\\/#breadcrumb\",\"itemListElement\":[{\"@type\":\"ListItem\",\"position\":1,\"name\":\"Home\",\"item\":\"https:\\\/\\\/espaciosyambientes.com\\\/\"},{\"@type\":\"ListItem\",\"position\":2,\"name\":\"Tienda\",\"item\":\"https:\\\/\\\/espaciosyambientes.com\\\/tienda\\\/\"},{\"@type\":\"ListItem\",\"position\":3,\"name\":\"COUGAR VORTEX RGB 120 SPB+CTRL+CTDR X3\"}]},{\"@type\":\"WebSite\",\"@id\":\"https:\\\/\\\/espaciosyambientes.com\\\/es_es\\\/#website\",\"url\":\"https:\\\/\\\/espaciosyambientes.com\\\/es_es\\\/\",\"name\":\"PC MASTERS BOGOTA\",\"description\":\"\",\"potentialAction\":[{\"@type\":\"SearchAction\",\"target\":{\"@type\":\"EntryPoint\",\"urlTemplate\":\"https:\\\/\\\/espaciosyambientes.com\\\/es_es\\\/?s={search_term_string}\"},\"query-input\":{\"@type\":\"PropertyValueSpecification\",\"valueRequired\":true,\"valueName\":\"search_term_string\"}}],\"inLanguage\":\"es\"}]}<\/script>\n<!-- \/ Yoast SEO plugin. -->","yoast_head_json":{"title":"COUGAR VORTEX RGB 120 SPB+CTRL+CTDR X3 - PC MASTERS BOGOTA","robots":{"index":"index","follow":"follow","max-snippet":"max-snippet:-1","max-image-preview":"max-image-preview:large","max-video-preview":"max-video-preview:-1"},"canonical":"https:\/\/espaciosyambientes.com\/es_es\/producto\/cougar-vortex-rgb-120-x3\/","og_locale":"es_ES","og_type":"article","og_title":"COUGAR VORTEX RGB 120 SPB+CTRL+CTDR X3 - PC MASTERS BOGOTA","og_description":"Descripci\u00f3n Este paquete robusto incluye el COUGAR Core Box v2, un control remoto y tres ventiladores de enfriamiento Vortex RGB SPB 120, todo lo que necesita para crear una incre\u00edble construcci\u00f3n RGB.  &nbsp;","og_url":"https:\/\/espaciosyambientes.com\/es_es\/producto\/cougar-vortex-rgb-120-x3\/","og_site_name":"PC MASTERS BOGOTA","article_modified_time":"2021-10-26T19:18:05+00:00","og_image":[{"width":1200,"height":1200,"url":"https:\/\/espaciosyambientes.com\/wp-content\/uploads\/2021\/08\/6-8.jpg","type":"image\/jpeg"}],"twitter_card":"summary_large_image","twitter_misc":{"Tiempo de lectura":"2 minutos"},"schema":{"@context":"https:\/\/schema.org","@graph":[{"@type":"WebPage","@id":"https:\/\/espaciosyambientes.com\/producto\/cougar-vortex-rgb-120-x3\/","url":"https:\/\/espaciosyambientes.com\/producto\/cougar-vortex-rgb-120-x3\/","name":"COUGAR VORTEX RGB 120 SPB+CTRL+CTDR X3 - PC MASTERS BOGOTA","isPartOf":{"@id":"https:\/\/espaciosyambientes.com\/es_es\/#website"},"primaryImageOfPage":{"@id":"https:\/\/espaciosyambientes.com\/producto\/cougar-vortex-rgb-120-x3\/#primaryimage"},"image":{"@id":"https:\/\/espaciosyambientes.com\/producto\/cougar-vortex-rgb-120-x3\/#primaryimage"},"thumbnailUrl":"https:\/\/espaciosyambientes.com\/wp-content\/uploads\/2021\/08\/6-8.jpg","datePublished":"2021-08-06T02:04:03+00:00","dateModified":"2021-10-26T19:18:05+00:00","breadcrumb":{"@id":"https:\/\/espaciosyambientes.com\/producto\/cougar-vortex-rgb-120-x3\/#breadcrumb"},"inLanguage":"es","potentialAction":[{"@type":"ReadAction","target":["https:\/\/espaciosyambientes.com\/producto\/cougar-vortex-rgb-120-x3\/"]}]},{"@type":"ImageObject","inLanguage":"es","@id":"https:\/\/espaciosyambientes.com\/producto\/cougar-vortex-rgb-120-x3\/#primaryimage","url":"https:\/\/espaciosyambientes.com\/wp-content\/uploads\/2021\/08\/6-8.jpg","contentUrl":"https:\/\/espaciosyambientes.com\/wp-content\/uploads\/2021\/08\/6-8.jpg","width":1200,"height":1200},{"@type":"BreadcrumbList","@id":"https:\/\/espaciosyambientes.com\/producto\/cougar-vortex-rgb-120-x3\/#breadcrumb","itemListElement":[{"@type":"ListItem","position":1,"name":"Home","item":"https:\/\/espaciosyambientes.com\/"},{"@type":"ListItem","position":2,"name":"Tienda","item":"https:\/\/espaciosyambientes.com\/tienda\/"},{"@type":"ListItem","position":3,"name":"COUGAR VORTEX RGB 120 SPB+CTRL+CTDR X3"}]},{"@type":"WebSite","@id":"https:\/\/espaciosyambientes.com\/es_es\/#website","url":"https:\/\/espaciosyambientes.com\/es_es\/","name":"PC MASTERS BOGOTA","description":"","potentialAction":[{"@type":"SearchAction","target":{"@type":"EntryPoint","urlTemplate":"https:\/\/espaciosyambientes.com\/es_es\/?s={search_term_string}"},"query-input":{"@type":"PropertyValueSpecification","valueRequired":true,"valueName":"search_term_string"}}],"inLanguage":"es"}]}},"_links":{"self":[{"href":"https:\/\/espaciosyambientes.com\/es_es\/wp-json\/wp\/v2\/product\/13282","targetHints":{"allow":["GET"]}}],"collection":[{"href":"https:\/\/espaciosyambientes.com\/es_es\/wp-json\/wp\/v2\/product"}],"about":[{"href":"https:\/\/espaciosyambientes.com\/es_es\/wp-json\/wp\/v2\/types\/product"}],"replies":[{"embeddable":true,"href":"https:\/\/espaciosyambientes.com\/es_es\/wp-json\/wp\/v2\/comments?post=13282"}],"version-history":[{"count":4,"href":"https:\/\/espaciosyambientes.com\/es_es\/wp-json\/wp\/v2\/product\/13282\/revisions"}],"predecessor-version":[{"id":17960,"href":"https:\/\/espaciosyambientes.com\/es_es\/wp-json\/wp\/v2\/product\/13282\/revisions\/17960"}],"wp:featuredmedia":[{"embeddable":true,"href":"https:\/\/espaciosyambientes.com\/es_es\/wp-json\/wp\/v2\/media\/13691"}],"wp:attachment":[{"href":"https:\/\/espaciosyambientes.com\/es_es\/wp-json\/wp\/v2\/media?parent=13282"}],"wp:term":[{"taxonomy":"product_brand","embeddable":true,"href":"https:\/\/espaciosyambientes.com\/es_es\/wp-json\/wp\/v2\/product_brand?post=13282"},{"taxonomy":"product_cat","embeddable":true,"href":"https:\/\/espaciosyambientes.com\/es_es\/wp-json\/wp\/v2\/product_cat?post=13282"},{"taxonomy":"product_tag","embeddable":true,"href":"https:\/\/espaciosyambientes.com\/es_es\/wp-json\/wp\/v2\/product_tag?post=13282"}],"curies":[{"name":"wp","href":"https:\/\/api.w.org\/{rel}","templated":true}]}}