{"id":13160,"date":"2021-08-05T19:26:44","date_gmt":"2021-08-06T00:26:44","guid":{"rendered":"https:\/\/espaciosyambientes.com\/?post_type=product&#038;p=13160"},"modified":"2024-03-13T12:43:19","modified_gmt":"2024-03-13T17:43:19","slug":"msi-b550m-pro","status":"publish","type":"product","link":"https:\/\/espaciosyambientes.com\/es_es\/producto\/msi-b550m-pro\/","title":{"rendered":"MSI B550M PRO"},"content":{"rendered":"<p>https:\/\/www.msi.com\/Motherboard\/B550M-PRO<\/p>\n<p>Soporte para procesadores AMD Ryzen de 3\u00aa generaci\u00f3n y futuros procesadores AMD Ryzen con actualizaci\u00f3n BIOS<br \/>\nSoporta memoria DDR4 de doble canal de hasta 128 GB (4400 MHz)<br \/>\nExperiencia de juego r\u00e1pida: PCIe 4.0, Lightning Gen 4 M.2 con M.2 Shield Frozr, AMD Turbo USB 3.2 Gen 2<br \/>\nLa tecnolog\u00eda Core Boost combina dise\u00f1os de circuito de energ\u00eda optimizados y regulaci\u00f3n de energ\u00eda digital que permite una entrega de corriente precisa y constante a la CPU<br \/>\nAudio Boost recompensa tus o\u00eddos con calidad de sonido de grado de estudio para experiencias de juego inmersivas. Soluci\u00f3n t\u00e9rmica premium: almohadilla t\u00e9rmica disipadora de calor nominal para 7 W\/mk y PCB con 2 oz de cobre grueso. El bot\u00f3n de flash BIOS permite a los usuarios parpadear el BIOS incluso sin CPU o memoria<\/p>\n","protected":false},"excerpt":{"rendered":"<p>Marca MSI<br \/>\nZ\u00f3calo de CPU Socket AM4<br \/>\nRAM DDR4<br \/>\nProcesadores compatibles AMD 3rd Generation Ryzen<br \/>\nTipo de set de chips AMD B550<br \/>\nVelocidad de memoria 4400 MHz<br \/>\nPlataforma Windows 10<br \/>\nSeries B550M PRO-VDH WIFI<br \/>\nCapacidad de almacenamiento de memoria 128 GB<br \/>\nMemoria RAM capacidad m\u00e1xima 128 GB<\/p>\n","protected":false},"featured_media":14120,"comment_status":"open","ping_status":"closed","template":"","meta":[],"product_brand":[214],"product_cat":[68],"product_tag":[474,182],"class_list":{"0":"post-13160","1":"product","2":"type-product","3":"status-publish","4":"has-post-thumbnail","6":"product_brand-msi","7":"product_cat-board","8":"product_tag-board-amd","9":"product_tag-ryzen-am4","11":"first","12":"instock","13":"taxable","14":"shipping-taxable","15":"purchasable","16":"product-type-simple"},"yoast_head":"<!-- This site is optimized with the Yoast SEO plugin v27.3 - https:\/\/yoast.com\/product\/yoast-seo-wordpress\/ -->\n<title>MSI B550M PRO - PC MASTERS BOGOTA<\/title>\n<meta name=\"robots\" content=\"index, follow, max-snippet:-1, max-image-preview:large, max-video-preview:-1\" \/>\n<link rel=\"canonical\" href=\"https:\/\/espaciosyambientes.com\/es_es\/producto\/msi-b550m-pro\/\" \/>\n<meta property=\"og:locale\" content=\"es_ES\" \/>\n<meta property=\"og:type\" content=\"article\" \/>\n<meta property=\"og:title\" content=\"MSI B550M PRO - PC MASTERS BOGOTA\" \/>\n<meta property=\"og:description\" content=\"Marca MSI Z\u00f3calo de CPU Socket AM4 RAM DDR4 Procesadores compatibles AMD 3rd Generation Ryzen Tipo de set de chips AMD B550 Velocidad de memoria 4400 MHz Plataforma Windows 10 Series B550M PRO-VDH WIFI Capacidad de almacenamiento de memoria 128 GB Memoria RAM capacidad m\u00e1xima 128 GB\" \/>\n<meta property=\"og:url\" content=\"https:\/\/espaciosyambientes.com\/es_es\/producto\/msi-b550m-pro\/\" \/>\n<meta property=\"og:site_name\" content=\"PC MASTERS BOGOTA\" \/>\n<meta property=\"article:modified_time\" content=\"2024-03-13T17:43:19+00:00\" \/>\n<meta property=\"og:image\" content=\"https:\/\/espaciosyambientes.com\/wp-content\/uploads\/2021\/08\/product_5_20200818101137_5f3b38d9dc091.png\" \/>\n\t<meta property=\"og:image:width\" content=\"1024\" \/>\n\t<meta property=\"og:image:height\" content=\"820\" \/>\n\t<meta property=\"og:image:type\" content=\"image\/png\" \/>\n<meta name=\"twitter:card\" content=\"summary_large_image\" \/>\n<meta name=\"twitter:label1\" content=\"Tiempo de lectura\" \/>\n\t<meta name=\"twitter:data1\" content=\"1 minuto\" \/>\n<script type=\"application\/ld+json\" class=\"yoast-schema-graph\">{\"@context\":\"https:\\\/\\\/schema.org\",\"@graph\":[{\"@type\":\"WebPage\",\"@id\":\"https:\\\/\\\/espaciosyambientes.com\\\/producto\\\/msi-b550m-pro\\\/\",\"url\":\"https:\\\/\\\/espaciosyambientes.com\\\/producto\\\/msi-b550m-pro\\\/\",\"name\":\"MSI B550M PRO - PC MASTERS BOGOTA\",\"isPartOf\":{\"@id\":\"https:\\\/\\\/espaciosyambientes.com\\\/es_es\\\/#website\"},\"primaryImageOfPage\":{\"@id\":\"https:\\\/\\\/espaciosyambientes.com\\\/producto\\\/msi-b550m-pro\\\/#primaryimage\"},\"image\":{\"@id\":\"https:\\\/\\\/espaciosyambientes.com\\\/producto\\\/msi-b550m-pro\\\/#primaryimage\"},\"thumbnailUrl\":\"https:\\\/\\\/espaciosyambientes.com\\\/wp-content\\\/uploads\\\/2021\\\/08\\\/product_5_20200818101137_5f3b38d9dc091.png\",\"datePublished\":\"2021-08-06T00:26:44+00:00\",\"dateModified\":\"2024-03-13T17:43:19+00:00\",\"breadcrumb\":{\"@id\":\"https:\\\/\\\/espaciosyambientes.com\\\/producto\\\/msi-b550m-pro\\\/#breadcrumb\"},\"inLanguage\":\"es\",\"potentialAction\":[{\"@type\":\"ReadAction\",\"target\":[\"https:\\\/\\\/espaciosyambientes.com\\\/producto\\\/msi-b550m-pro\\\/\"]}]},{\"@type\":\"ImageObject\",\"inLanguage\":\"es\",\"@id\":\"https:\\\/\\\/espaciosyambientes.com\\\/producto\\\/msi-b550m-pro\\\/#primaryimage\",\"url\":\"https:\\\/\\\/espaciosyambientes.com\\\/wp-content\\\/uploads\\\/2021\\\/08\\\/product_5_20200818101137_5f3b38d9dc091.png\",\"contentUrl\":\"https:\\\/\\\/espaciosyambientes.com\\\/wp-content\\\/uploads\\\/2021\\\/08\\\/product_5_20200818101137_5f3b38d9dc091.png\",\"width\":1024,\"height\":820},{\"@type\":\"BreadcrumbList\",\"@id\":\"https:\\\/\\\/espaciosyambientes.com\\\/producto\\\/msi-b550m-pro\\\/#breadcrumb\",\"itemListElement\":[{\"@type\":\"ListItem\",\"position\":1,\"name\":\"Home\",\"item\":\"https:\\\/\\\/espaciosyambientes.com\\\/\"},{\"@type\":\"ListItem\",\"position\":2,\"name\":\"Tienda\",\"item\":\"https:\\\/\\\/espaciosyambientes.com\\\/tienda\\\/\"},{\"@type\":\"ListItem\",\"position\":3,\"name\":\"MSI B550M PRO\"}]},{\"@type\":\"WebSite\",\"@id\":\"https:\\\/\\\/espaciosyambientes.com\\\/es_es\\\/#website\",\"url\":\"https:\\\/\\\/espaciosyambientes.com\\\/es_es\\\/\",\"name\":\"PC MASTERS BOGOTA\",\"description\":\"\",\"potentialAction\":[{\"@type\":\"SearchAction\",\"target\":{\"@type\":\"EntryPoint\",\"urlTemplate\":\"https:\\\/\\\/espaciosyambientes.com\\\/es_es\\\/?s={search_term_string}\"},\"query-input\":{\"@type\":\"PropertyValueSpecification\",\"valueRequired\":true,\"valueName\":\"search_term_string\"}}],\"inLanguage\":\"es\"}]}<\/script>\n<!-- \/ Yoast SEO plugin. -->","yoast_head_json":{"title":"MSI B550M PRO - PC MASTERS BOGOTA","robots":{"index":"index","follow":"follow","max-snippet":"max-snippet:-1","max-image-preview":"max-image-preview:large","max-video-preview":"max-video-preview:-1"},"canonical":"https:\/\/espaciosyambientes.com\/es_es\/producto\/msi-b550m-pro\/","og_locale":"es_ES","og_type":"article","og_title":"MSI B550M PRO - PC MASTERS BOGOTA","og_description":"Marca MSI Z\u00f3calo de CPU Socket AM4 RAM DDR4 Procesadores compatibles AMD 3rd Generation Ryzen Tipo de set de chips AMD B550 Velocidad de memoria 4400 MHz Plataforma Windows 10 Series B550M PRO-VDH WIFI Capacidad de almacenamiento de memoria 128 GB Memoria RAM capacidad m\u00e1xima 128 GB","og_url":"https:\/\/espaciosyambientes.com\/es_es\/producto\/msi-b550m-pro\/","og_site_name":"PC MASTERS BOGOTA","article_modified_time":"2024-03-13T17:43:19+00:00","og_image":[{"width":1024,"height":820,"url":"https:\/\/espaciosyambientes.com\/wp-content\/uploads\/2021\/08\/product_5_20200818101137_5f3b38d9dc091.png","type":"image\/png"}],"twitter_card":"summary_large_image","twitter_misc":{"Tiempo de lectura":"1 minuto"},"schema":{"@context":"https:\/\/schema.org","@graph":[{"@type":"WebPage","@id":"https:\/\/espaciosyambientes.com\/producto\/msi-b550m-pro\/","url":"https:\/\/espaciosyambientes.com\/producto\/msi-b550m-pro\/","name":"MSI B550M PRO - PC MASTERS BOGOTA","isPartOf":{"@id":"https:\/\/espaciosyambientes.com\/es_es\/#website"},"primaryImageOfPage":{"@id":"https:\/\/espaciosyambientes.com\/producto\/msi-b550m-pro\/#primaryimage"},"image":{"@id":"https:\/\/espaciosyambientes.com\/producto\/msi-b550m-pro\/#primaryimage"},"thumbnailUrl":"https:\/\/espaciosyambientes.com\/wp-content\/uploads\/2021\/08\/product_5_20200818101137_5f3b38d9dc091.png","datePublished":"2021-08-06T00:26:44+00:00","dateModified":"2024-03-13T17:43:19+00:00","breadcrumb":{"@id":"https:\/\/espaciosyambientes.com\/producto\/msi-b550m-pro\/#breadcrumb"},"inLanguage":"es","potentialAction":[{"@type":"ReadAction","target":["https:\/\/espaciosyambientes.com\/producto\/msi-b550m-pro\/"]}]},{"@type":"ImageObject","inLanguage":"es","@id":"https:\/\/espaciosyambientes.com\/producto\/msi-b550m-pro\/#primaryimage","url":"https:\/\/espaciosyambientes.com\/wp-content\/uploads\/2021\/08\/product_5_20200818101137_5f3b38d9dc091.png","contentUrl":"https:\/\/espaciosyambientes.com\/wp-content\/uploads\/2021\/08\/product_5_20200818101137_5f3b38d9dc091.png","width":1024,"height":820},{"@type":"BreadcrumbList","@id":"https:\/\/espaciosyambientes.com\/producto\/msi-b550m-pro\/#breadcrumb","itemListElement":[{"@type":"ListItem","position":1,"name":"Home","item":"https:\/\/espaciosyambientes.com\/"},{"@type":"ListItem","position":2,"name":"Tienda","item":"https:\/\/espaciosyambientes.com\/tienda\/"},{"@type":"ListItem","position":3,"name":"MSI B550M PRO"}]},{"@type":"WebSite","@id":"https:\/\/espaciosyambientes.com\/es_es\/#website","url":"https:\/\/espaciosyambientes.com\/es_es\/","name":"PC MASTERS BOGOTA","description":"","potentialAction":[{"@type":"SearchAction","target":{"@type":"EntryPoint","urlTemplate":"https:\/\/espaciosyambientes.com\/es_es\/?s={search_term_string}"},"query-input":{"@type":"PropertyValueSpecification","valueRequired":true,"valueName":"search_term_string"}}],"inLanguage":"es"}]}},"_links":{"self":[{"href":"https:\/\/espaciosyambientes.com\/es_es\/wp-json\/wp\/v2\/product\/13160","targetHints":{"allow":["GET"]}}],"collection":[{"href":"https:\/\/espaciosyambientes.com\/es_es\/wp-json\/wp\/v2\/product"}],"about":[{"href":"https:\/\/espaciosyambientes.com\/es_es\/wp-json\/wp\/v2\/types\/product"}],"replies":[{"embeddable":true,"href":"https:\/\/espaciosyambientes.com\/es_es\/wp-json\/wp\/v2\/comments?post=13160"}],"version-history":[{"count":4,"href":"https:\/\/espaciosyambientes.com\/es_es\/wp-json\/wp\/v2\/product\/13160\/revisions"}],"predecessor-version":[{"id":18010,"href":"https:\/\/espaciosyambientes.com\/es_es\/wp-json\/wp\/v2\/product\/13160\/revisions\/18010"}],"wp:featuredmedia":[{"embeddable":true,"href":"https:\/\/espaciosyambientes.com\/es_es\/wp-json\/wp\/v2\/media\/14120"}],"wp:attachment":[{"href":"https:\/\/espaciosyambientes.com\/es_es\/wp-json\/wp\/v2\/media?parent=13160"}],"wp:term":[{"taxonomy":"product_brand","embeddable":true,"href":"https:\/\/espaciosyambientes.com\/es_es\/wp-json\/wp\/v2\/product_brand?post=13160"},{"taxonomy":"product_cat","embeddable":true,"href":"https:\/\/espaciosyambientes.com\/es_es\/wp-json\/wp\/v2\/product_cat?post=13160"},{"taxonomy":"product_tag","embeddable":true,"href":"https:\/\/espaciosyambientes.com\/es_es\/wp-json\/wp\/v2\/product_tag?post=13160"}],"curies":[{"name":"wp","href":"https:\/\/api.w.org\/{rel}","templated":true}]}}