{"id":13044,"date":"2021-08-05T17:07:19","date_gmt":"2021-08-05T22:07:19","guid":{"rendered":"https:\/\/espaciosyambientes.com\/?post_type=product&#038;p=13044"},"modified":"2021-10-26T14:18:14","modified_gmt":"2021-10-26T19:18:14","slug":"xpg-infarex-k10-gaming-rgb","status":"publish","type":"product","link":"https:\/\/espaciosyambientes.com\/es_es\/producto\/xpg-infarex-k10-gaming-rgb\/","title":{"rendered":"XPG INFAREX K10 GAMING RGB"},"content":{"rendered":"<p>https:\/\/www.xpg.com\/en\/feature\/586<\/p>\n<p>No hay nada peor que estar inmerso en un juego y solo por presionar una tecla equivocada tenga que abandonar. K10 cuenta con un m\u00e9todo abreviado de bloqueo de la tecla Windows que asegura que un peque\u00f1o contratiempo no le cueste la derrota.<\/p>\n<p>Color: Negro<br \/>\nTipo de conmutaci\u00f3n: Mec\u00e1nica<br \/>\nEfectos luminosos: 9<br \/>\nN\u00famero de teclas: 104<br \/>\nVida \u00fatil en pulsaciones: >10 millones<br \/>\nN\u00famero pulsaciones simult\u00e1neas de teclas reconocidas: 26<br \/>\nPuerto USB: USB Tipo-A<br \/>\nVoltaje de trabajo: 5 VCC<br \/>\nCorriente nominal: < 500mA\n<\/p>\n","protected":false},"excerpt":{"rendered":"<p>Descripci\u00f3n<br \/>\nEn el fragor de la batalla, una pulsaci\u00f3n de tecla perdida podr\u00eda significar la derrota. Con el reconocimiento de 26 teclas pulsadas simult\u00e1neamente, siga luchando sin temor a que falten pulsaciones de teclas o que no hay pulsado teclas inesperadamente.<\/p>\n","protected":false},"featured_media":16452,"comment_status":"open","ping_status":"closed","template":"","meta":[],"product_brand":[104],"product_cat":[42],"product_tag":[152],"class_list":{"0":"post-13044","1":"product","2":"type-product","3":"status-publish","4":"has-post-thumbnail","6":"product_brand-xpg","7":"product_cat-teclados","8":"product_tag-k10","10":"first","11":"instock","12":"taxable","13":"shipping-taxable","14":"purchasable","15":"product-type-simple"},"yoast_head":"<!-- This site is optimized with the Yoast SEO plugin v27.3 - https:\/\/yoast.com\/product\/yoast-seo-wordpress\/ -->\n<title>XPG INFAREX K10 GAMING RGB - PC MASTERS BOGOTA<\/title>\n<meta name=\"robots\" content=\"index, follow, max-snippet:-1, max-image-preview:large, max-video-preview:-1\" \/>\n<link rel=\"canonical\" href=\"https:\/\/espaciosyambientes.com\/es_es\/producto\/xpg-infarex-k10-gaming-rgb\/\" \/>\n<meta property=\"og:locale\" content=\"es_ES\" \/>\n<meta property=\"og:type\" content=\"article\" \/>\n<meta property=\"og:title\" content=\"XPG INFAREX K10 GAMING RGB - PC MASTERS BOGOTA\" \/>\n<meta property=\"og:description\" content=\"Descripci\u00f3n En el fragor de la batalla, una pulsaci\u00f3n de tecla perdida podr\u00eda significar la derrota. Con el reconocimiento de 26 teclas pulsadas simult\u00e1neamente, siga luchando sin temor a que falten pulsaciones de teclas o que no hay pulsado teclas inesperadamente.\" \/>\n<meta property=\"og:url\" content=\"https:\/\/espaciosyambientes.com\/es_es\/producto\/xpg-infarex-k10-gaming-rgb\/\" \/>\n<meta property=\"og:site_name\" content=\"PC MASTERS BOGOTA\" \/>\n<meta property=\"article:modified_time\" content=\"2021-10-26T19:18:14+00:00\" \/>\n<meta property=\"og:image\" content=\"https:\/\/espaciosyambientes.com\/wp-content\/uploads\/2021\/08\/20095.png\" \/>\n\t<meta property=\"og:image:width\" content=\"1000\" \/>\n\t<meta property=\"og:image:height\" content=\"1000\" \/>\n\t<meta property=\"og:image:type\" content=\"image\/png\" \/>\n<meta name=\"twitter:card\" content=\"summary_large_image\" \/>\n<script type=\"application\/ld+json\" class=\"yoast-schema-graph\">{\"@context\":\"https:\\\/\\\/schema.org\",\"@graph\":[{\"@type\":\"WebPage\",\"@id\":\"https:\\\/\\\/espaciosyambientes.com\\\/producto\\\/xpg-infarex-k10-gaming-rgb\\\/\",\"url\":\"https:\\\/\\\/espaciosyambientes.com\\\/producto\\\/xpg-infarex-k10-gaming-rgb\\\/\",\"name\":\"XPG INFAREX K10 GAMING RGB - PC MASTERS BOGOTA\",\"isPartOf\":{\"@id\":\"https:\\\/\\\/espaciosyambientes.com\\\/es_es\\\/#website\"},\"primaryImageOfPage\":{\"@id\":\"https:\\\/\\\/espaciosyambientes.com\\\/producto\\\/xpg-infarex-k10-gaming-rgb\\\/#primaryimage\"},\"image\":{\"@id\":\"https:\\\/\\\/espaciosyambientes.com\\\/producto\\\/xpg-infarex-k10-gaming-rgb\\\/#primaryimage\"},\"thumbnailUrl\":\"https:\\\/\\\/espaciosyambientes.com\\\/wp-content\\\/uploads\\\/2021\\\/08\\\/20095.png\",\"datePublished\":\"2021-08-05T22:07:19+00:00\",\"dateModified\":\"2021-10-26T19:18:14+00:00\",\"breadcrumb\":{\"@id\":\"https:\\\/\\\/espaciosyambientes.com\\\/producto\\\/xpg-infarex-k10-gaming-rgb\\\/#breadcrumb\"},\"inLanguage\":\"es\",\"potentialAction\":[{\"@type\":\"ReadAction\",\"target\":[\"https:\\\/\\\/espaciosyambientes.com\\\/producto\\\/xpg-infarex-k10-gaming-rgb\\\/\"]}]},{\"@type\":\"ImageObject\",\"inLanguage\":\"es\",\"@id\":\"https:\\\/\\\/espaciosyambientes.com\\\/producto\\\/xpg-infarex-k10-gaming-rgb\\\/#primaryimage\",\"url\":\"https:\\\/\\\/espaciosyambientes.com\\\/wp-content\\\/uploads\\\/2021\\\/08\\\/20095.png\",\"contentUrl\":\"https:\\\/\\\/espaciosyambientes.com\\\/wp-content\\\/uploads\\\/2021\\\/08\\\/20095.png\",\"width\":1000,\"height\":1000},{\"@type\":\"BreadcrumbList\",\"@id\":\"https:\\\/\\\/espaciosyambientes.com\\\/producto\\\/xpg-infarex-k10-gaming-rgb\\\/#breadcrumb\",\"itemListElement\":[{\"@type\":\"ListItem\",\"position\":1,\"name\":\"Home\",\"item\":\"https:\\\/\\\/espaciosyambientes.com\\\/\"},{\"@type\":\"ListItem\",\"position\":2,\"name\":\"Tienda\",\"item\":\"https:\\\/\\\/espaciosyambientes.com\\\/tienda\\\/\"},{\"@type\":\"ListItem\",\"position\":3,\"name\":\"XPG INFAREX K10 GAMING RGB\"}]},{\"@type\":\"WebSite\",\"@id\":\"https:\\\/\\\/espaciosyambientes.com\\\/es_es\\\/#website\",\"url\":\"https:\\\/\\\/espaciosyambientes.com\\\/es_es\\\/\",\"name\":\"PC MASTERS BOGOTA\",\"description\":\"\",\"potentialAction\":[{\"@type\":\"SearchAction\",\"target\":{\"@type\":\"EntryPoint\",\"urlTemplate\":\"https:\\\/\\\/espaciosyambientes.com\\\/es_es\\\/?s={search_term_string}\"},\"query-input\":{\"@type\":\"PropertyValueSpecification\",\"valueRequired\":true,\"valueName\":\"search_term_string\"}}],\"inLanguage\":\"es\"}]}<\/script>\n<!-- \/ Yoast SEO plugin. -->","yoast_head_json":{"title":"XPG INFAREX K10 GAMING RGB - PC MASTERS BOGOTA","robots":{"index":"index","follow":"follow","max-snippet":"max-snippet:-1","max-image-preview":"max-image-preview:large","max-video-preview":"max-video-preview:-1"},"canonical":"https:\/\/espaciosyambientes.com\/es_es\/producto\/xpg-infarex-k10-gaming-rgb\/","og_locale":"es_ES","og_type":"article","og_title":"XPG INFAREX K10 GAMING RGB - PC MASTERS BOGOTA","og_description":"Descripci\u00f3n En el fragor de la batalla, una pulsaci\u00f3n de tecla perdida podr\u00eda significar la derrota. Con el reconocimiento de 26 teclas pulsadas simult\u00e1neamente, siga luchando sin temor a que falten pulsaciones de teclas o que no hay pulsado teclas inesperadamente.","og_url":"https:\/\/espaciosyambientes.com\/es_es\/producto\/xpg-infarex-k10-gaming-rgb\/","og_site_name":"PC MASTERS BOGOTA","article_modified_time":"2021-10-26T19:18:14+00:00","og_image":[{"width":1000,"height":1000,"url":"https:\/\/espaciosyambientes.com\/wp-content\/uploads\/2021\/08\/20095.png","type":"image\/png"}],"twitter_card":"summary_large_image","schema":{"@context":"https:\/\/schema.org","@graph":[{"@type":"WebPage","@id":"https:\/\/espaciosyambientes.com\/producto\/xpg-infarex-k10-gaming-rgb\/","url":"https:\/\/espaciosyambientes.com\/producto\/xpg-infarex-k10-gaming-rgb\/","name":"XPG INFAREX K10 GAMING RGB - PC MASTERS BOGOTA","isPartOf":{"@id":"https:\/\/espaciosyambientes.com\/es_es\/#website"},"primaryImageOfPage":{"@id":"https:\/\/espaciosyambientes.com\/producto\/xpg-infarex-k10-gaming-rgb\/#primaryimage"},"image":{"@id":"https:\/\/espaciosyambientes.com\/producto\/xpg-infarex-k10-gaming-rgb\/#primaryimage"},"thumbnailUrl":"https:\/\/espaciosyambientes.com\/wp-content\/uploads\/2021\/08\/20095.png","datePublished":"2021-08-05T22:07:19+00:00","dateModified":"2021-10-26T19:18:14+00:00","breadcrumb":{"@id":"https:\/\/espaciosyambientes.com\/producto\/xpg-infarex-k10-gaming-rgb\/#breadcrumb"},"inLanguage":"es","potentialAction":[{"@type":"ReadAction","target":["https:\/\/espaciosyambientes.com\/producto\/xpg-infarex-k10-gaming-rgb\/"]}]},{"@type":"ImageObject","inLanguage":"es","@id":"https:\/\/espaciosyambientes.com\/producto\/xpg-infarex-k10-gaming-rgb\/#primaryimage","url":"https:\/\/espaciosyambientes.com\/wp-content\/uploads\/2021\/08\/20095.png","contentUrl":"https:\/\/espaciosyambientes.com\/wp-content\/uploads\/2021\/08\/20095.png","width":1000,"height":1000},{"@type":"BreadcrumbList","@id":"https:\/\/espaciosyambientes.com\/producto\/xpg-infarex-k10-gaming-rgb\/#breadcrumb","itemListElement":[{"@type":"ListItem","position":1,"name":"Home","item":"https:\/\/espaciosyambientes.com\/"},{"@type":"ListItem","position":2,"name":"Tienda","item":"https:\/\/espaciosyambientes.com\/tienda\/"},{"@type":"ListItem","position":3,"name":"XPG INFAREX K10 GAMING RGB"}]},{"@type":"WebSite","@id":"https:\/\/espaciosyambientes.com\/es_es\/#website","url":"https:\/\/espaciosyambientes.com\/es_es\/","name":"PC MASTERS BOGOTA","description":"","potentialAction":[{"@type":"SearchAction","target":{"@type":"EntryPoint","urlTemplate":"https:\/\/espaciosyambientes.com\/es_es\/?s={search_term_string}"},"query-input":{"@type":"PropertyValueSpecification","valueRequired":true,"valueName":"search_term_string"}}],"inLanguage":"es"}]}},"_links":{"self":[{"href":"https:\/\/espaciosyambientes.com\/es_es\/wp-json\/wp\/v2\/product\/13044","targetHints":{"allow":["GET"]}}],"collection":[{"href":"https:\/\/espaciosyambientes.com\/es_es\/wp-json\/wp\/v2\/product"}],"about":[{"href":"https:\/\/espaciosyambientes.com\/es_es\/wp-json\/wp\/v2\/types\/product"}],"replies":[{"embeddable":true,"href":"https:\/\/espaciosyambientes.com\/es_es\/wp-json\/wp\/v2\/comments?post=13044"}],"version-history":[{"count":4,"href":"https:\/\/espaciosyambientes.com\/es_es\/wp-json\/wp\/v2\/product\/13044\/revisions"}],"predecessor-version":[{"id":18064,"href":"https:\/\/espaciosyambientes.com\/es_es\/wp-json\/wp\/v2\/product\/13044\/revisions\/18064"}],"wp:featuredmedia":[{"embeddable":true,"href":"https:\/\/espaciosyambientes.com\/es_es\/wp-json\/wp\/v2\/media\/16452"}],"wp:attachment":[{"href":"https:\/\/espaciosyambientes.com\/es_es\/wp-json\/wp\/v2\/media?parent=13044"}],"wp:term":[{"taxonomy":"product_brand","embeddable":true,"href":"https:\/\/espaciosyambientes.com\/es_es\/wp-json\/wp\/v2\/product_brand?post=13044"},{"taxonomy":"product_cat","embeddable":true,"href":"https:\/\/espaciosyambientes.com\/es_es\/wp-json\/wp\/v2\/product_cat?post=13044"},{"taxonomy":"product_tag","embeddable":true,"href":"https:\/\/espaciosyambientes.com\/es_es\/wp-json\/wp\/v2\/product_tag?post=13044"}],"curies":[{"name":"wp","href":"https:\/\/api.w.org\/{rel}","templated":true}]}}