{"id":13018,"date":"2021-08-05T17:07:14","date_gmt":"2021-08-05T22:07:14","guid":{"rendered":"https:\/\/espaciosyambientes.com\/?post_type=product&#038;p=13018"},"modified":"2021-10-26T14:18:19","modified_gmt":"2021-10-26T19:18:19","slug":"corsair-k68-rgb-mecanico","status":"publish","type":"product","link":"https:\/\/espaciosyambientes.com\/es_es\/producto\/corsair-k68-rgb-mecanico\/","title":{"rendered":"CORSAIR K68 RGB (MECANICO)"},"content":{"rendered":"<p>https:\/\/www.corsair.com\/lm\/es\/Categor%C3%ADas\/Productos\/Teclados-para-juegos\/k68-config-na\/p\/CH-9102010-NA<\/p>\n<p>Ergon\u00f3mico y apto para diversos usos.<br \/>\nTiene reposa mu\u00f1eca.<br \/>\nResiste a salpicaduras.<br \/>\nContiene teclado num\u00e9rico.<br \/>\nFunci\u00f3n antighosting incorporada.<br \/>\nTipo de teclado: mec\u00e1nico.<br \/>\nTecla cil\u00edndrica.<br \/>\nCon conector USB 2.0.<br \/>\nMedidas: 455mm de ancho, 170mm de alto y 39mm de profundidad.<br \/>\nIndispensable para tus actividades.<br \/>\nLas im\u00e1genes pueden ser ilustrativas.<\/p>\n","protected":false},"excerpt":{"rendered":"<p>https:\/\/www.corsair.com\/lm\/es\/Categor%C3%ADas\/Productos\/Teclados-para-juegos\/k68-config-na\/p\/CH-9102010-NA Ergon\u00f3mico y apto para diversos usos. Tiene reposa mu\u00f1eca. Resiste a salpicaduras. Contiene teclado num\u00e9rico. Funci\u00f3n antighosting incorporada. Tipo<\/p>\n","protected":false},"featured_media":16581,"comment_status":"open","ping_status":"closed","template":"","meta":[],"product_brand":[100],"product_cat":[42],"product_tag":[129],"class_list":{"0":"post-13018","1":"product","2":"type-product","3":"status-publish","4":"has-post-thumbnail","6":"product_brand-corsair","7":"product_cat-teclados","8":"product_tag-k68","10":"first","11":"instock","12":"taxable","13":"shipping-taxable","14":"purchasable","15":"product-type-simple"},"yoast_head":"<!-- This site is optimized with the Yoast SEO plugin v27.3 - https:\/\/yoast.com\/product\/yoast-seo-wordpress\/ -->\n<title>CORSAIR K68 RGB (MECANICO) - PC MASTERS BOGOTA<\/title>\n<meta name=\"robots\" content=\"index, follow, max-snippet:-1, max-image-preview:large, max-video-preview:-1\" \/>\n<link rel=\"canonical\" href=\"https:\/\/espaciosyambientes.com\/es_es\/producto\/corsair-k68-rgb-mecanico\/\" \/>\n<meta property=\"og:locale\" content=\"es_ES\" \/>\n<meta property=\"og:type\" content=\"article\" \/>\n<meta property=\"og:title\" content=\"CORSAIR K68 RGB (MECANICO) - PC MASTERS BOGOTA\" \/>\n<meta property=\"og:description\" content=\"https:\/\/www.corsair.com\/lm\/es\/Categor%C3%ADas\/Productos\/Teclados-para-juegos\/k68-config-na\/p\/CH-9102010-NA Ergon\u00f3mico y apto para diversos usos. Tiene reposa mu\u00f1eca. Resiste a salpicaduras. Contiene teclado num\u00e9rico. Funci\u00f3n antighosting incorporada. Tipo\" \/>\n<meta property=\"og:url\" content=\"https:\/\/espaciosyambientes.com\/es_es\/producto\/corsair-k68-rgb-mecanico\/\" \/>\n<meta property=\"og:site_name\" content=\"PC MASTERS BOGOTA\" \/>\n<meta property=\"article:modified_time\" content=\"2021-10-26T19:18:19+00:00\" \/>\n<meta property=\"og:image\" content=\"https:\/\/espaciosyambientes.com\/wp-content\/uploads\/2021\/08\/20042.png\" \/>\n\t<meta property=\"og:image:width\" content=\"1000\" \/>\n\t<meta property=\"og:image:height\" content=\"1000\" \/>\n\t<meta property=\"og:image:type\" content=\"image\/png\" \/>\n<meta name=\"twitter:card\" content=\"summary_large_image\" \/>\n<script type=\"application\/ld+json\" class=\"yoast-schema-graph\">{\"@context\":\"https:\\\/\\\/schema.org\",\"@graph\":[{\"@type\":\"WebPage\",\"@id\":\"https:\\\/\\\/espaciosyambientes.com\\\/producto\\\/corsair-k68-rgb-mecanico\\\/\",\"url\":\"https:\\\/\\\/espaciosyambientes.com\\\/producto\\\/corsair-k68-rgb-mecanico\\\/\",\"name\":\"CORSAIR K68 RGB (MECANICO) - PC MASTERS BOGOTA\",\"isPartOf\":{\"@id\":\"https:\\\/\\\/espaciosyambientes.com\\\/es_es\\\/#website\"},\"primaryImageOfPage\":{\"@id\":\"https:\\\/\\\/espaciosyambientes.com\\\/producto\\\/corsair-k68-rgb-mecanico\\\/#primaryimage\"},\"image\":{\"@id\":\"https:\\\/\\\/espaciosyambientes.com\\\/producto\\\/corsair-k68-rgb-mecanico\\\/#primaryimage\"},\"thumbnailUrl\":\"https:\\\/\\\/espaciosyambientes.com\\\/wp-content\\\/uploads\\\/2021\\\/08\\\/20042.png\",\"datePublished\":\"2021-08-05T22:07:14+00:00\",\"dateModified\":\"2021-10-26T19:18:19+00:00\",\"breadcrumb\":{\"@id\":\"https:\\\/\\\/espaciosyambientes.com\\\/producto\\\/corsair-k68-rgb-mecanico\\\/#breadcrumb\"},\"inLanguage\":\"es\",\"potentialAction\":[{\"@type\":\"ReadAction\",\"target\":[\"https:\\\/\\\/espaciosyambientes.com\\\/producto\\\/corsair-k68-rgb-mecanico\\\/\"]}]},{\"@type\":\"ImageObject\",\"inLanguage\":\"es\",\"@id\":\"https:\\\/\\\/espaciosyambientes.com\\\/producto\\\/corsair-k68-rgb-mecanico\\\/#primaryimage\",\"url\":\"https:\\\/\\\/espaciosyambientes.com\\\/wp-content\\\/uploads\\\/2021\\\/08\\\/20042.png\",\"contentUrl\":\"https:\\\/\\\/espaciosyambientes.com\\\/wp-content\\\/uploads\\\/2021\\\/08\\\/20042.png\",\"width\":1000,\"height\":1000},{\"@type\":\"BreadcrumbList\",\"@id\":\"https:\\\/\\\/espaciosyambientes.com\\\/producto\\\/corsair-k68-rgb-mecanico\\\/#breadcrumb\",\"itemListElement\":[{\"@type\":\"ListItem\",\"position\":1,\"name\":\"Home\",\"item\":\"https:\\\/\\\/espaciosyambientes.com\\\/\"},{\"@type\":\"ListItem\",\"position\":2,\"name\":\"Tienda\",\"item\":\"https:\\\/\\\/espaciosyambientes.com\\\/tienda\\\/\"},{\"@type\":\"ListItem\",\"position\":3,\"name\":\"CORSAIR K68 RGB (MECANICO)\"}]},{\"@type\":\"WebSite\",\"@id\":\"https:\\\/\\\/espaciosyambientes.com\\\/es_es\\\/#website\",\"url\":\"https:\\\/\\\/espaciosyambientes.com\\\/es_es\\\/\",\"name\":\"PC MASTERS BOGOTA\",\"description\":\"\",\"potentialAction\":[{\"@type\":\"SearchAction\",\"target\":{\"@type\":\"EntryPoint\",\"urlTemplate\":\"https:\\\/\\\/espaciosyambientes.com\\\/es_es\\\/?s={search_term_string}\"},\"query-input\":{\"@type\":\"PropertyValueSpecification\",\"valueRequired\":true,\"valueName\":\"search_term_string\"}}],\"inLanguage\":\"es\"}]}<\/script>\n<!-- \/ Yoast SEO plugin. -->","yoast_head_json":{"title":"CORSAIR K68 RGB (MECANICO) - PC MASTERS BOGOTA","robots":{"index":"index","follow":"follow","max-snippet":"max-snippet:-1","max-image-preview":"max-image-preview:large","max-video-preview":"max-video-preview:-1"},"canonical":"https:\/\/espaciosyambientes.com\/es_es\/producto\/corsair-k68-rgb-mecanico\/","og_locale":"es_ES","og_type":"article","og_title":"CORSAIR K68 RGB (MECANICO) - PC MASTERS BOGOTA","og_description":"https:\/\/www.corsair.com\/lm\/es\/Categor%C3%ADas\/Productos\/Teclados-para-juegos\/k68-config-na\/p\/CH-9102010-NA Ergon\u00f3mico y apto para diversos usos. Tiene reposa mu\u00f1eca. Resiste a salpicaduras. Contiene teclado num\u00e9rico. Funci\u00f3n antighosting incorporada. Tipo","og_url":"https:\/\/espaciosyambientes.com\/es_es\/producto\/corsair-k68-rgb-mecanico\/","og_site_name":"PC MASTERS BOGOTA","article_modified_time":"2021-10-26T19:18:19+00:00","og_image":[{"width":1000,"height":1000,"url":"https:\/\/espaciosyambientes.com\/wp-content\/uploads\/2021\/08\/20042.png","type":"image\/png"}],"twitter_card":"summary_large_image","schema":{"@context":"https:\/\/schema.org","@graph":[{"@type":"WebPage","@id":"https:\/\/espaciosyambientes.com\/producto\/corsair-k68-rgb-mecanico\/","url":"https:\/\/espaciosyambientes.com\/producto\/corsair-k68-rgb-mecanico\/","name":"CORSAIR K68 RGB (MECANICO) - PC MASTERS BOGOTA","isPartOf":{"@id":"https:\/\/espaciosyambientes.com\/es_es\/#website"},"primaryImageOfPage":{"@id":"https:\/\/espaciosyambientes.com\/producto\/corsair-k68-rgb-mecanico\/#primaryimage"},"image":{"@id":"https:\/\/espaciosyambientes.com\/producto\/corsair-k68-rgb-mecanico\/#primaryimage"},"thumbnailUrl":"https:\/\/espaciosyambientes.com\/wp-content\/uploads\/2021\/08\/20042.png","datePublished":"2021-08-05T22:07:14+00:00","dateModified":"2021-10-26T19:18:19+00:00","breadcrumb":{"@id":"https:\/\/espaciosyambientes.com\/producto\/corsair-k68-rgb-mecanico\/#breadcrumb"},"inLanguage":"es","potentialAction":[{"@type":"ReadAction","target":["https:\/\/espaciosyambientes.com\/producto\/corsair-k68-rgb-mecanico\/"]}]},{"@type":"ImageObject","inLanguage":"es","@id":"https:\/\/espaciosyambientes.com\/producto\/corsair-k68-rgb-mecanico\/#primaryimage","url":"https:\/\/espaciosyambientes.com\/wp-content\/uploads\/2021\/08\/20042.png","contentUrl":"https:\/\/espaciosyambientes.com\/wp-content\/uploads\/2021\/08\/20042.png","width":1000,"height":1000},{"@type":"BreadcrumbList","@id":"https:\/\/espaciosyambientes.com\/producto\/corsair-k68-rgb-mecanico\/#breadcrumb","itemListElement":[{"@type":"ListItem","position":1,"name":"Home","item":"https:\/\/espaciosyambientes.com\/"},{"@type":"ListItem","position":2,"name":"Tienda","item":"https:\/\/espaciosyambientes.com\/tienda\/"},{"@type":"ListItem","position":3,"name":"CORSAIR K68 RGB (MECANICO)"}]},{"@type":"WebSite","@id":"https:\/\/espaciosyambientes.com\/es_es\/#website","url":"https:\/\/espaciosyambientes.com\/es_es\/","name":"PC MASTERS BOGOTA","description":"","potentialAction":[{"@type":"SearchAction","target":{"@type":"EntryPoint","urlTemplate":"https:\/\/espaciosyambientes.com\/es_es\/?s={search_term_string}"},"query-input":{"@type":"PropertyValueSpecification","valueRequired":true,"valueName":"search_term_string"}}],"inLanguage":"es"}]}},"_links":{"self":[{"href":"https:\/\/espaciosyambientes.com\/es_es\/wp-json\/wp\/v2\/product\/13018","targetHints":{"allow":["GET"]}}],"collection":[{"href":"https:\/\/espaciosyambientes.com\/es_es\/wp-json\/wp\/v2\/product"}],"about":[{"href":"https:\/\/espaciosyambientes.com\/es_es\/wp-json\/wp\/v2\/types\/product"}],"replies":[{"embeddable":true,"href":"https:\/\/espaciosyambientes.com\/es_es\/wp-json\/wp\/v2\/comments?post=13018"}],"version-history":[{"count":4,"href":"https:\/\/espaciosyambientes.com\/es_es\/wp-json\/wp\/v2\/product\/13018\/revisions"}],"predecessor-version":[{"id":18089,"href":"https:\/\/espaciosyambientes.com\/es_es\/wp-json\/wp\/v2\/product\/13018\/revisions\/18089"}],"wp:featuredmedia":[{"embeddable":true,"href":"https:\/\/espaciosyambientes.com\/es_es\/wp-json\/wp\/v2\/media\/16581"}],"wp:attachment":[{"href":"https:\/\/espaciosyambientes.com\/es_es\/wp-json\/wp\/v2\/media?parent=13018"}],"wp:term":[{"taxonomy":"product_brand","embeddable":true,"href":"https:\/\/espaciosyambientes.com\/es_es\/wp-json\/wp\/v2\/product_brand?post=13018"},{"taxonomy":"product_cat","embeddable":true,"href":"https:\/\/espaciosyambientes.com\/es_es\/wp-json\/wp\/v2\/product_cat?post=13018"},{"taxonomy":"product_tag","embeddable":true,"href":"https:\/\/espaciosyambientes.com\/es_es\/wp-json\/wp\/v2\/product_tag?post=13018"}],"curies":[{"name":"wp","href":"https:\/\/api.w.org\/{rel}","templated":true}]}}