{"id":30198,"date":"2025-11-24T20:40:51","date_gmt":"2025-11-25T01:40:51","guid":{"rendered":"https:\/\/espaciosyambientes.com\/?post_type=product&#038;p=30198"},"modified":"2026-01-19T18:28:12","modified_gmt":"2026-01-19T23:28:12","slug":"rosewill-vsb-650w-80-plus-bronze","status":"publish","type":"product","link":"http:\/\/espaciosyambientes.com\/es_es\/producto\/rosewill-vsb-650w-80-plus-bronze\/","title":{"rendered":"Rosewill VSB 650W 80 PLUS Bronze"},"content":{"rendered":"<p style=\"text-align: center;\"><a href=\"https:\/\/espaciosyambientes.com\/wp-content\/uploads\/2025\/11\/1.jpg\"><img loading=\"lazy\" decoding=\"async\" class=\"alignnone size-full wp-image-30209\" src=\"https:\/\/espaciosyambientes.com\/wp-content\/uploads\/2025\/11\/1.jpg\" alt=\"\" width=\"1280\" height=\"600\" srcset=\"https:\/\/espaciosyambientes.com\/wp-content\/uploads\/2025\/11\/1.jpg 1280w, https:\/\/espaciosyambientes.com\/wp-content\/uploads\/2025\/11\/1-430x202.jpg 430w, https:\/\/espaciosyambientes.com\/wp-content\/uploads\/2025\/11\/1-150x70.jpg 150w, https:\/\/espaciosyambientes.com\/wp-content\/uploads\/2025\/11\/1-700x328.jpg 700w, https:\/\/espaciosyambientes.com\/wp-content\/uploads\/2025\/11\/1-300x141.jpg 300w, https:\/\/espaciosyambientes.com\/wp-content\/uploads\/2025\/11\/1-1024x480.jpg 1024w, https:\/\/espaciosyambientes.com\/wp-content\/uploads\/2025\/11\/1-768x360.jpg 768w, https:\/\/espaciosyambientes.com\/wp-content\/uploads\/2025\/11\/1-18x8.jpg 18w\" sizes=\"auto, (max-width: 1280px) 100vw, 1280px\" \/><\/a> <a href=\"https:\/\/espaciosyambientes.com\/wp-content\/uploads\/2025\/11\/2.jpg\"><img loading=\"lazy\" decoding=\"async\" class=\"alignnone size-full wp-image-30210\" src=\"https:\/\/espaciosyambientes.com\/wp-content\/uploads\/2025\/11\/2.jpg\" alt=\"\" width=\"1280\" height=\"600\" srcset=\"https:\/\/espaciosyambientes.com\/wp-content\/uploads\/2025\/11\/2.jpg 1280w, https:\/\/espaciosyambientes.com\/wp-content\/uploads\/2025\/11\/2-430x202.jpg 430w, https:\/\/espaciosyambientes.com\/wp-content\/uploads\/2025\/11\/2-150x70.jpg 150w, https:\/\/espaciosyambientes.com\/wp-content\/uploads\/2025\/11\/2-700x328.jpg 700w, https:\/\/espaciosyambientes.com\/wp-content\/uploads\/2025\/11\/2-300x141.jpg 300w, https:\/\/espaciosyambientes.com\/wp-content\/uploads\/2025\/11\/2-1024x480.jpg 1024w, https:\/\/espaciosyambientes.com\/wp-content\/uploads\/2025\/11\/2-768x360.jpg 768w, https:\/\/espaciosyambientes.com\/wp-content\/uploads\/2025\/11\/2-18x8.jpg 18w\" sizes=\"auto, (max-width: 1280px) 100vw, 1280px\" \/><\/a> <a href=\"https:\/\/espaciosyambientes.com\/wp-content\/uploads\/2025\/11\/3v.jpg\"><img loading=\"lazy\" decoding=\"async\" class=\"alignnone size-full wp-image-30211\" src=\"https:\/\/espaciosyambientes.com\/wp-content\/uploads\/2025\/11\/3v.jpg\" alt=\"\" width=\"1280\" height=\"600\" srcset=\"https:\/\/espaciosyambientes.com\/wp-content\/uploads\/2025\/11\/3v.jpg 1280w, https:\/\/espaciosyambientes.com\/wp-content\/uploads\/2025\/11\/3v-430x202.jpg 430w, https:\/\/espaciosyambientes.com\/wp-content\/uploads\/2025\/11\/3v-150x70.jpg 150w, https:\/\/espaciosyambientes.com\/wp-content\/uploads\/2025\/11\/3v-700x328.jpg 700w, https:\/\/espaciosyambientes.com\/wp-content\/uploads\/2025\/11\/3v-300x141.jpg 300w, https:\/\/espaciosyambientes.com\/wp-content\/uploads\/2025\/11\/3v-1024x480.jpg 1024w, https:\/\/espaciosyambientes.com\/wp-content\/uploads\/2025\/11\/3v-768x360.jpg 768w, https:\/\/espaciosyambientes.com\/wp-content\/uploads\/2025\/11\/3v-18x8.jpg 18w\" sizes=\"auto, (max-width: 1280px) 100vw, 1280px\" \/><\/a> <a href=\"https:\/\/espaciosyambientes.com\/wp-content\/uploads\/2025\/11\/4.jpg\"><img loading=\"lazy\" decoding=\"async\" class=\"alignnone size-full wp-image-30212\" src=\"https:\/\/espaciosyambientes.com\/wp-content\/uploads\/2025\/11\/4.jpg\" alt=\"\" width=\"1280\" height=\"600\" srcset=\"https:\/\/espaciosyambientes.com\/wp-content\/uploads\/2025\/11\/4.jpg 1280w, https:\/\/espaciosyambientes.com\/wp-content\/uploads\/2025\/11\/4-430x202.jpg 430w, https:\/\/espaciosyambientes.com\/wp-content\/uploads\/2025\/11\/4-150x70.jpg 150w, https:\/\/espaciosyambientes.com\/wp-content\/uploads\/2025\/11\/4-700x328.jpg 700w, https:\/\/espaciosyambientes.com\/wp-content\/uploads\/2025\/11\/4-300x141.jpg 300w, https:\/\/espaciosyambientes.com\/wp-content\/uploads\/2025\/11\/4-1024x480.jpg 1024w, https:\/\/espaciosyambientes.com\/wp-content\/uploads\/2025\/11\/4-768x360.jpg 768w, https:\/\/espaciosyambientes.com\/wp-content\/uploads\/2025\/11\/4-18x8.jpg 18w\" sizes=\"auto, (max-width: 1280px) 100vw, 1280px\" \/><\/a> <a href=\"https:\/\/espaciosyambientes.com\/wp-content\/uploads\/2025\/11\/5.jpg\"><img loading=\"lazy\" decoding=\"async\" class=\"alignnone size-full wp-image-30213\" src=\"https:\/\/espaciosyambientes.com\/wp-content\/uploads\/2025\/11\/5.jpg\" alt=\"\" width=\"1280\" height=\"600\" srcset=\"https:\/\/espaciosyambientes.com\/wp-content\/uploads\/2025\/11\/5.jpg 1280w, https:\/\/espaciosyambientes.com\/wp-content\/uploads\/2025\/11\/5-430x202.jpg 430w, https:\/\/espaciosyambientes.com\/wp-content\/uploads\/2025\/11\/5-150x70.jpg 150w, https:\/\/espaciosyambientes.com\/wp-content\/uploads\/2025\/11\/5-700x328.jpg 700w, https:\/\/espaciosyambientes.com\/wp-content\/uploads\/2025\/11\/5-300x141.jpg 300w, https:\/\/espaciosyambientes.com\/wp-content\/uploads\/2025\/11\/5-1024x480.jpg 1024w, https:\/\/espaciosyambientes.com\/wp-content\/uploads\/2025\/11\/5-768x360.jpg 768w, https:\/\/espaciosyambientes.com\/wp-content\/uploads\/2025\/11\/5-18x8.jpg 18w\" sizes=\"auto, (max-width: 1280px) 100vw, 1280px\" \/><\/a> <a href=\"https:\/\/espaciosyambientes.com\/wp-content\/uploads\/2025\/11\/6.jpg\"><img loading=\"lazy\" decoding=\"async\" class=\"alignnone size-full wp-image-30214\" src=\"https:\/\/espaciosyambientes.com\/wp-content\/uploads\/2025\/11\/6.jpg\" alt=\"\" width=\"1280\" height=\"600\" srcset=\"https:\/\/espaciosyambientes.com\/wp-content\/uploads\/2025\/11\/6.jpg 1280w, https:\/\/espaciosyambientes.com\/wp-content\/uploads\/2025\/11\/6-430x202.jpg 430w, https:\/\/espaciosyambientes.com\/wp-content\/uploads\/2025\/11\/6-150x70.jpg 150w, https:\/\/espaciosyambientes.com\/wp-content\/uploads\/2025\/11\/6-700x328.jpg 700w, https:\/\/espaciosyambientes.com\/wp-content\/uploads\/2025\/11\/6-300x141.jpg 300w, https:\/\/espaciosyambientes.com\/wp-content\/uploads\/2025\/11\/6-1024x480.jpg 1024w, https:\/\/espaciosyambientes.com\/wp-content\/uploads\/2025\/11\/6-768x360.jpg 768w, https:\/\/espaciosyambientes.com\/wp-content\/uploads\/2025\/11\/6-18x8.jpg 18w\" sizes=\"auto, (max-width: 1280px) 100vw, 1280px\" \/><\/a><\/p>\n","protected":false},"excerpt":{"rendered":"<ul>\n<li>Preparado para Intel ATX 3.0 y 3.1<\/li>\n<li>Certificaci\u00f3n Bronce Semi Modular 80 PLUS\u00ae<\/li>\n<li>Cable nativo PCIe 5.1 \/ Gen 5 12 4 pines 12V-2&#215;6<\/li>\n<li>Hasta un 235 % de excursi\u00f3n de energ\u00eda y un 300 % de excursi\u00f3n de energ\u00eda de GPU<\/li>\n<li>Control t\u00e9rmico optimizado: la carcasa de acero con grandes ventilaciones y ventilador ICB mejoran el rendimiento de refrigeraci\u00f3n.<\/li>\n<li>Compatibilidad con GPU de pr\u00f3xima generaci\u00f3n: el cable PCIe 5.1 dedicado ofrece potencia directa de 450 W a las nuevas tarjetas gr\u00e1ficas.<\/li>\n<li>Compacto listo para construir: el chasis de 140 \u00d7 150 \u00d7 86 mm (35 % m\u00e1s peque\u00f1o) permite una integraci\u00f3n flexible de factor de forma peque\u00f1o.<\/li>\n<li>Escudo de seguridad: el conjunto de seis protecciones (OCP\/OPP\/OTP\/OVP\/SCP\/UCP) garantiza la seguridad completa del sistema.<\/li>\n<\/ul>\n","protected":false},"featured_media":30222,"comment_status":"closed","ping_status":"closed","template":"","meta":[],"product_brand":[571],"product_cat":[313],"product_tag":[583,572],"class_list":{"0":"post-30198","1":"product","2":"type-product","3":"status-publish","4":"has-post-thumbnail","6":"product_brand-rosewill","7":"product_cat-fuentes-de-poder","8":"product_tag-80-plus-bronce","9":"product_tag-rosewill","11":"first","12":"instock","13":"taxable","14":"shipping-taxable","15":"purchasable","16":"product-type-simple"},"yoast_head":"<!-- This site is optimized with the Yoast SEO plugin v27.3 - https:\/\/yoast.com\/product\/yoast-seo-wordpress\/ -->\n<title>Rosewill VSB 650W 80 PLUS Bronze - PC MASTERS BOGOTA<\/title>\n<meta name=\"robots\" content=\"index, follow, max-snippet:-1, max-image-preview:large, max-video-preview:-1\" \/>\n<link rel=\"canonical\" href=\"https:\/\/espaciosyambientes.com\/es_es\/producto\/rosewill-vsb-650w-80-plus-bronze\/\" \/>\n<meta property=\"og:locale\" content=\"es_ES\" \/>\n<meta property=\"og:type\" content=\"article\" \/>\n<meta property=\"og:title\" content=\"Rosewill VSB 650W 80 PLUS Bronze - PC MASTERS BOGOTA\" \/>\n<meta property=\"og:description\" content=\"Preparado para Intel ATX 3.0 y 3.1  Certificaci\u00f3n Bronce Semi Modular 80 PLUS\u00ae  Cable nativo PCIe 5.1 \/ Gen 5 12 4 pines 12V-2x6  Hasta un 235 % de excursi\u00f3n de energ\u00eda y un 300 % de excursi\u00f3n de energ\u00eda de GPU  Control t\u00e9rmico optimizado: la carcasa de acero con grandes ventilaciones y ventilador ICB mejoran el rendimiento de refrigeraci\u00f3n.  Compatibilidad con GPU de pr\u00f3xima generaci\u00f3n: el cable PCIe 5.1 dedicado ofrece potencia directa de 450 W a las nuevas tarjetas gr\u00e1ficas.  Compacto listo para construir: el chasis de 140 \u00d7 150 \u00d7 86 mm (35 % m\u00e1s peque\u00f1o) permite una integraci\u00f3n flexible de factor de forma peque\u00f1o.  Escudo de seguridad: el conjunto de seis protecciones (OCP\/OPP\/OTP\/OVP\/SCP\/UCP) garantiza la seguridad completa del sistema.\" \/>\n<meta property=\"og:url\" content=\"https:\/\/espaciosyambientes.com\/es_es\/producto\/rosewill-vsb-650w-80-plus-bronze\/\" \/>\n<meta property=\"og:site_name\" content=\"PC MASTERS BOGOTA\" \/>\n<meta property=\"article:modified_time\" content=\"2026-01-19T23:28:12+00:00\" \/>\n<meta property=\"og:image\" content=\"https:\/\/espaciosyambientes.com\/wp-content\/uploads\/2025\/11\/17-182-464-23.webp\" \/>\n\t<meta property=\"og:image:width\" content=\"1280\" \/>\n\t<meta property=\"og:image:height\" content=\"1129\" \/>\n\t<meta property=\"og:image:type\" content=\"image\/webp\" \/>\n<meta name=\"twitter:card\" content=\"summary_large_image\" \/>\n<meta name=\"twitter:label1\" content=\"Tiempo de lectura\" \/>\n\t<meta name=\"twitter:data1\" content=\"2 minutos\" \/>\n<script type=\"application\/ld+json\" class=\"yoast-schema-graph\">{\"@context\":\"https:\\\/\\\/schema.org\",\"@graph\":[{\"@type\":\"WebPage\",\"@id\":\"https:\\\/\\\/espaciosyambientes.com\\\/producto\\\/rosewill-vsb-650w-80-plus-bronze\\\/\",\"url\":\"https:\\\/\\\/espaciosyambientes.com\\\/producto\\\/rosewill-vsb-650w-80-plus-bronze\\\/\",\"name\":\"Rosewill VSB 650W 80 PLUS Bronze - PC MASTERS BOGOTA\",\"isPartOf\":{\"@id\":\"https:\\\/\\\/espaciosyambientes.com\\\/es_es\\\/#website\"},\"primaryImageOfPage\":{\"@id\":\"https:\\\/\\\/espaciosyambientes.com\\\/producto\\\/rosewill-vsb-650w-80-plus-bronze\\\/#primaryimage\"},\"image\":{\"@id\":\"https:\\\/\\\/espaciosyambientes.com\\\/producto\\\/rosewill-vsb-650w-80-plus-bronze\\\/#primaryimage\"},\"thumbnailUrl\":\"https:\\\/\\\/espaciosyambientes.com\\\/wp-content\\\/uploads\\\/2025\\\/11\\\/17-182-464-23.webp\",\"datePublished\":\"2025-11-25T01:40:51+00:00\",\"dateModified\":\"2026-01-19T23:28:12+00:00\",\"breadcrumb\":{\"@id\":\"https:\\\/\\\/espaciosyambientes.com\\\/producto\\\/rosewill-vsb-650w-80-plus-bronze\\\/#breadcrumb\"},\"inLanguage\":\"es\",\"potentialAction\":[{\"@type\":\"ReadAction\",\"target\":[\"https:\\\/\\\/espaciosyambientes.com\\\/producto\\\/rosewill-vsb-650w-80-plus-bronze\\\/\"]}]},{\"@type\":\"ImageObject\",\"inLanguage\":\"es\",\"@id\":\"https:\\\/\\\/espaciosyambientes.com\\\/producto\\\/rosewill-vsb-650w-80-plus-bronze\\\/#primaryimage\",\"url\":\"https:\\\/\\\/espaciosyambientes.com\\\/wp-content\\\/uploads\\\/2025\\\/11\\\/17-182-464-23.webp\",\"contentUrl\":\"https:\\\/\\\/espaciosyambientes.com\\\/wp-content\\\/uploads\\\/2025\\\/11\\\/17-182-464-23.webp\",\"width\":1280,\"height\":1129},{\"@type\":\"BreadcrumbList\",\"@id\":\"https:\\\/\\\/espaciosyambientes.com\\\/producto\\\/rosewill-vsb-650w-80-plus-bronze\\\/#breadcrumb\",\"itemListElement\":[{\"@type\":\"ListItem\",\"position\":1,\"name\":\"Home\",\"item\":\"https:\\\/\\\/espaciosyambientes.com\\\/\"},{\"@type\":\"ListItem\",\"position\":2,\"name\":\"Tienda\",\"item\":\"https:\\\/\\\/espaciosyambientes.com\\\/tienda\\\/\"},{\"@type\":\"ListItem\",\"position\":3,\"name\":\"Rosewill VSB 650W 80 PLUS Bronze\"}]},{\"@type\":\"WebSite\",\"@id\":\"https:\\\/\\\/espaciosyambientes.com\\\/es_es\\\/#website\",\"url\":\"https:\\\/\\\/espaciosyambientes.com\\\/es_es\\\/\",\"name\":\"PC MASTERS BOGOTA\",\"description\":\"\",\"potentialAction\":[{\"@type\":\"SearchAction\",\"target\":{\"@type\":\"EntryPoint\",\"urlTemplate\":\"https:\\\/\\\/espaciosyambientes.com\\\/es_es\\\/?s={search_term_string}\"},\"query-input\":{\"@type\":\"PropertyValueSpecification\",\"valueRequired\":true,\"valueName\":\"search_term_string\"}}],\"inLanguage\":\"es\"}]}<\/script>\n<!-- \/ Yoast SEO plugin. -->","yoast_head_json":{"title":"Rosewill VSB 650W 80 PLUS Bronze - PC MASTERS BOGOTA","robots":{"index":"index","follow":"follow","max-snippet":"max-snippet:-1","max-image-preview":"max-image-preview:large","max-video-preview":"max-video-preview:-1"},"canonical":"https:\/\/espaciosyambientes.com\/es_es\/producto\/rosewill-vsb-650w-80-plus-bronze\/","og_locale":"es_ES","og_type":"article","og_title":"Rosewill VSB 650W 80 PLUS Bronze - PC MASTERS BOGOTA","og_description":"Preparado para Intel ATX 3.0 y 3.1  Certificaci\u00f3n Bronce Semi Modular 80 PLUS\u00ae  Cable nativo PCIe 5.1 \/ Gen 5 12 4 pines 12V-2x6  Hasta un 235 % de excursi\u00f3n de energ\u00eda y un 300 % de excursi\u00f3n de energ\u00eda de GPU  Control t\u00e9rmico optimizado: la carcasa de acero con grandes ventilaciones y ventilador ICB mejoran el rendimiento de refrigeraci\u00f3n.  Compatibilidad con GPU de pr\u00f3xima generaci\u00f3n: el cable PCIe 5.1 dedicado ofrece potencia directa de 450 W a las nuevas tarjetas gr\u00e1ficas.  Compacto listo para construir: el chasis de 140 \u00d7 150 \u00d7 86 mm (35 % m\u00e1s peque\u00f1o) permite una integraci\u00f3n flexible de factor de forma peque\u00f1o.  Escudo de seguridad: el conjunto de seis protecciones (OCP\/OPP\/OTP\/OVP\/SCP\/UCP) garantiza la seguridad completa del sistema.","og_url":"https:\/\/espaciosyambientes.com\/es_es\/producto\/rosewill-vsb-650w-80-plus-bronze\/","og_site_name":"PC MASTERS BOGOTA","article_modified_time":"2026-01-19T23:28:12+00:00","og_image":[{"width":1280,"height":1129,"url":"https:\/\/espaciosyambientes.com\/wp-content\/uploads\/2025\/11\/17-182-464-23.webp","type":"image\/webp"}],"twitter_card":"summary_large_image","twitter_misc":{"Tiempo de lectura":"2 minutos"},"schema":{"@context":"https:\/\/schema.org","@graph":[{"@type":"WebPage","@id":"https:\/\/espaciosyambientes.com\/producto\/rosewill-vsb-650w-80-plus-bronze\/","url":"https:\/\/espaciosyambientes.com\/producto\/rosewill-vsb-650w-80-plus-bronze\/","name":"Rosewill VSB 650W 80 PLUS Bronze - PC MASTERS BOGOTA","isPartOf":{"@id":"https:\/\/espaciosyambientes.com\/es_es\/#website"},"primaryImageOfPage":{"@id":"https:\/\/espaciosyambientes.com\/producto\/rosewill-vsb-650w-80-plus-bronze\/#primaryimage"},"image":{"@id":"https:\/\/espaciosyambientes.com\/producto\/rosewill-vsb-650w-80-plus-bronze\/#primaryimage"},"thumbnailUrl":"https:\/\/espaciosyambientes.com\/wp-content\/uploads\/2025\/11\/17-182-464-23.webp","datePublished":"2025-11-25T01:40:51+00:00","dateModified":"2026-01-19T23:28:12+00:00","breadcrumb":{"@id":"https:\/\/espaciosyambientes.com\/producto\/rosewill-vsb-650w-80-plus-bronze\/#breadcrumb"},"inLanguage":"es","potentialAction":[{"@type":"ReadAction","target":["https:\/\/espaciosyambientes.com\/producto\/rosewill-vsb-650w-80-plus-bronze\/"]}]},{"@type":"ImageObject","inLanguage":"es","@id":"https:\/\/espaciosyambientes.com\/producto\/rosewill-vsb-650w-80-plus-bronze\/#primaryimage","url":"https:\/\/espaciosyambientes.com\/wp-content\/uploads\/2025\/11\/17-182-464-23.webp","contentUrl":"https:\/\/espaciosyambientes.com\/wp-content\/uploads\/2025\/11\/17-182-464-23.webp","width":1280,"height":1129},{"@type":"BreadcrumbList","@id":"https:\/\/espaciosyambientes.com\/producto\/rosewill-vsb-650w-80-plus-bronze\/#breadcrumb","itemListElement":[{"@type":"ListItem","position":1,"name":"Home","item":"https:\/\/espaciosyambientes.com\/"},{"@type":"ListItem","position":2,"name":"Tienda","item":"https:\/\/espaciosyambientes.com\/tienda\/"},{"@type":"ListItem","position":3,"name":"Rosewill VSB 650W 80 PLUS Bronze"}]},{"@type":"WebSite","@id":"https:\/\/espaciosyambientes.com\/es_es\/#website","url":"https:\/\/espaciosyambientes.com\/es_es\/","name":"PC MASTERS BOGOTA","description":"","potentialAction":[{"@type":"SearchAction","target":{"@type":"EntryPoint","urlTemplate":"https:\/\/espaciosyambientes.com\/es_es\/?s={search_term_string}"},"query-input":{"@type":"PropertyValueSpecification","valueRequired":true,"valueName":"search_term_string"}}],"inLanguage":"es"}]}},"_links":{"self":[{"href":"http:\/\/espaciosyambientes.com\/es_es\/wp-json\/wp\/v2\/product\/30198","targetHints":{"allow":["GET"]}}],"collection":[{"href":"http:\/\/espaciosyambientes.com\/es_es\/wp-json\/wp\/v2\/product"}],"about":[{"href":"http:\/\/espaciosyambientes.com\/es_es\/wp-json\/wp\/v2\/types\/product"}],"replies":[{"embeddable":true,"href":"http:\/\/espaciosyambientes.com\/es_es\/wp-json\/wp\/v2\/comments?post=30198"}],"version-history":[{"count":1,"href":"http:\/\/espaciosyambientes.com\/es_es\/wp-json\/wp\/v2\/product\/30198\/revisions"}],"predecessor-version":[{"id":30223,"href":"http:\/\/espaciosyambientes.com\/es_es\/wp-json\/wp\/v2\/product\/30198\/revisions\/30223"}],"wp:featuredmedia":[{"embeddable":true,"href":"http:\/\/espaciosyambientes.com\/es_es\/wp-json\/wp\/v2\/media\/30222"}],"wp:attachment":[{"href":"http:\/\/espaciosyambientes.com\/es_es\/wp-json\/wp\/v2\/media?parent=30198"}],"wp:term":[{"taxonomy":"product_brand","embeddable":true,"href":"http:\/\/espaciosyambientes.com\/es_es\/wp-json\/wp\/v2\/product_brand?post=30198"},{"taxonomy":"product_cat","embeddable":true,"href":"http:\/\/espaciosyambientes.com\/es_es\/wp-json\/wp\/v2\/product_cat?post=30198"},{"taxonomy":"product_tag","embeddable":true,"href":"http:\/\/espaciosyambientes.com\/es_es\/wp-json\/wp\/v2\/product_tag?post=30198"}],"curies":[{"name":"wp","href":"https:\/\/api.w.org\/{rel}","templated":true}]}}