{"id":29533,"date":"2025-10-13T11:10:41","date_gmt":"2025-10-13T16:10:41","guid":{"rendered":"https:\/\/espaciosyambientes.com\/?post_type=product&#038;p=29533"},"modified":"2025-10-13T11:10:41","modified_gmt":"2025-10-13T16:10:41","slug":"gigabyte-windforce-rtx-5050-de-8gb-oc","status":"publish","type":"product","link":"http:\/\/espaciosyambientes.com\/es_es\/producto\/gigabyte-windforce-rtx-5050-de-8gb-oc\/","title":{"rendered":"GIGABYTE WINDFORCE RTX 5050 DE 8GB OC"},"content":{"rendered":"<p style=\"text-align: center;\"><a href=\"https:\/\/espaciosyambientes.com\/wp-content\/uploads\/2025\/10\/imagen_2025-10-13_110147037.png\"><img loading=\"lazy\" decoding=\"async\" class=\"alignnone size-full wp-image-29534\" src=\"https:\/\/espaciosyambientes.com\/wp-content\/uploads\/2025\/10\/imagen_2025-10-13_110147037.png\" alt=\"\" width=\"1160\" height=\"964\" srcset=\"https:\/\/espaciosyambientes.com\/wp-content\/uploads\/2025\/10\/imagen_2025-10-13_110147037.png 1160w, https:\/\/espaciosyambientes.com\/wp-content\/uploads\/2025\/10\/imagen_2025-10-13_110147037-430x357.png 430w, https:\/\/espaciosyambientes.com\/wp-content\/uploads\/2025\/10\/imagen_2025-10-13_110147037-150x125.png 150w, https:\/\/espaciosyambientes.com\/wp-content\/uploads\/2025\/10\/imagen_2025-10-13_110147037-700x582.png 700w, https:\/\/espaciosyambientes.com\/wp-content\/uploads\/2025\/10\/imagen_2025-10-13_110147037-300x249.png 300w, https:\/\/espaciosyambientes.com\/wp-content\/uploads\/2025\/10\/imagen_2025-10-13_110147037-1024x851.png 1024w, https:\/\/espaciosyambientes.com\/wp-content\/uploads\/2025\/10\/imagen_2025-10-13_110147037-768x638.png 768w, https:\/\/espaciosyambientes.com\/wp-content\/uploads\/2025\/10\/imagen_2025-10-13_110147037-14x12.png 14w\" sizes=\"auto, (max-width: 1160px) 100vw, 1160px\" \/><\/a> <a href=\"https:\/\/espaciosyambientes.com\/wp-content\/uploads\/2025\/10\/imagen_2025-10-13_110157263.png\"><img loading=\"lazy\" decoding=\"async\" class=\"alignnone size-full wp-image-29535\" src=\"https:\/\/espaciosyambientes.com\/wp-content\/uploads\/2025\/10\/imagen_2025-10-13_110157263.png\" alt=\"\" width=\"1256\" height=\"948\" srcset=\"https:\/\/espaciosyambientes.com\/wp-content\/uploads\/2025\/10\/imagen_2025-10-13_110157263.png 1256w, https:\/\/espaciosyambientes.com\/wp-content\/uploads\/2025\/10\/imagen_2025-10-13_110157263-430x325.png 430w, https:\/\/espaciosyambientes.com\/wp-content\/uploads\/2025\/10\/imagen_2025-10-13_110157263-150x113.png 150w, https:\/\/espaciosyambientes.com\/wp-content\/uploads\/2025\/10\/imagen_2025-10-13_110157263-700x528.png 700w, https:\/\/espaciosyambientes.com\/wp-content\/uploads\/2025\/10\/imagen_2025-10-13_110157263-300x226.png 300w, https:\/\/espaciosyambientes.com\/wp-content\/uploads\/2025\/10\/imagen_2025-10-13_110157263-1024x773.png 1024w, https:\/\/espaciosyambientes.com\/wp-content\/uploads\/2025\/10\/imagen_2025-10-13_110157263-768x580.png 768w, https:\/\/espaciosyambientes.com\/wp-content\/uploads\/2025\/10\/imagen_2025-10-13_110157263-16x12.png 16w\" sizes=\"auto, (max-width: 1256px) 100vw, 1256px\" \/><\/a> <a href=\"https:\/\/espaciosyambientes.com\/wp-content\/uploads\/2025\/10\/imagen_2025-10-13_110210295.png\"><img loading=\"lazy\" decoding=\"async\" class=\"alignnone size-full wp-image-29536\" src=\"https:\/\/espaciosyambientes.com\/wp-content\/uploads\/2025\/10\/imagen_2025-10-13_110210295.png\" alt=\"\" width=\"1027\" height=\"999\" srcset=\"https:\/\/espaciosyambientes.com\/wp-content\/uploads\/2025\/10\/imagen_2025-10-13_110210295.png 1027w, https:\/\/espaciosyambientes.com\/wp-content\/uploads\/2025\/10\/imagen_2025-10-13_110210295-430x418.png 430w, https:\/\/espaciosyambientes.com\/wp-content\/uploads\/2025\/10\/imagen_2025-10-13_110210295-150x146.png 150w, https:\/\/espaciosyambientes.com\/wp-content\/uploads\/2025\/10\/imagen_2025-10-13_110210295-700x681.png 700w, https:\/\/espaciosyambientes.com\/wp-content\/uploads\/2025\/10\/imagen_2025-10-13_110210295-300x292.png 300w, https:\/\/espaciosyambientes.com\/wp-content\/uploads\/2025\/10\/imagen_2025-10-13_110210295-1024x996.png 1024w, https:\/\/espaciosyambientes.com\/wp-content\/uploads\/2025\/10\/imagen_2025-10-13_110210295-768x747.png 768w, https:\/\/espaciosyambientes.com\/wp-content\/uploads\/2025\/10\/imagen_2025-10-13_110210295-12x12.png 12w\" sizes=\"auto, (max-width: 1027px) 100vw, 1027px\" \/><\/a> <a href=\"https:\/\/espaciosyambientes.com\/wp-content\/uploads\/2025\/10\/imagen_2025-10-13_110223481.png\"><img loading=\"lazy\" decoding=\"async\" class=\"alignnone size-full wp-image-29537\" src=\"https:\/\/espaciosyambientes.com\/wp-content\/uploads\/2025\/10\/imagen_2025-10-13_110223481.png\" alt=\"\" width=\"1384\" height=\"1156\" srcset=\"https:\/\/espaciosyambientes.com\/wp-content\/uploads\/2025\/10\/imagen_2025-10-13_110223481.png 1384w, https:\/\/espaciosyambientes.com\/wp-content\/uploads\/2025\/10\/imagen_2025-10-13_110223481-430x359.png 430w, https:\/\/espaciosyambientes.com\/wp-content\/uploads\/2025\/10\/imagen_2025-10-13_110223481-150x125.png 150w, https:\/\/espaciosyambientes.com\/wp-content\/uploads\/2025\/10\/imagen_2025-10-13_110223481-700x585.png 700w, https:\/\/espaciosyambientes.com\/wp-content\/uploads\/2025\/10\/imagen_2025-10-13_110223481-300x251.png 300w, https:\/\/espaciosyambientes.com\/wp-content\/uploads\/2025\/10\/imagen_2025-10-13_110223481-1024x855.png 1024w, https:\/\/espaciosyambientes.com\/wp-content\/uploads\/2025\/10\/imagen_2025-10-13_110223481-768x641.png 768w, https:\/\/espaciosyambientes.com\/wp-content\/uploads\/2025\/10\/imagen_2025-10-13_110223481-14x12.png 14w\" sizes=\"auto, (max-width: 1384px) 100vw, 1384px\" \/><\/a> <a href=\"https:\/\/espaciosyambientes.com\/wp-content\/uploads\/2025\/10\/imagen_2025-10-13_110235931.png\"><img loading=\"lazy\" decoding=\"async\" class=\"alignnone size-full wp-image-29538\" src=\"https:\/\/espaciosyambientes.com\/wp-content\/uploads\/2025\/10\/imagen_2025-10-13_110235931.png\" alt=\"\" width=\"1428\" height=\"654\" srcset=\"https:\/\/espaciosyambientes.com\/wp-content\/uploads\/2025\/10\/imagen_2025-10-13_110235931.png 1428w, https:\/\/espaciosyambientes.com\/wp-content\/uploads\/2025\/10\/imagen_2025-10-13_110235931-430x197.png 430w, https:\/\/espaciosyambientes.com\/wp-content\/uploads\/2025\/10\/imagen_2025-10-13_110235931-150x69.png 150w, https:\/\/espaciosyambientes.com\/wp-content\/uploads\/2025\/10\/imagen_2025-10-13_110235931-700x321.png 700w, https:\/\/espaciosyambientes.com\/wp-content\/uploads\/2025\/10\/imagen_2025-10-13_110235931-300x137.png 300w, https:\/\/espaciosyambientes.com\/wp-content\/uploads\/2025\/10\/imagen_2025-10-13_110235931-1024x469.png 1024w, https:\/\/espaciosyambientes.com\/wp-content\/uploads\/2025\/10\/imagen_2025-10-13_110235931-768x352.png 768w, https:\/\/espaciosyambientes.com\/wp-content\/uploads\/2025\/10\/imagen_2025-10-13_110235931-18x8.png 18w\" sizes=\"auto, (max-width: 1428px) 100vw, 1428px\" \/><\/a> <a href=\"https:\/\/espaciosyambientes.com\/wp-content\/uploads\/2025\/10\/imagen_2025-10-13_110247639.png\"><img loading=\"lazy\" decoding=\"async\" class=\"alignnone size-full wp-image-29539\" src=\"https:\/\/espaciosyambientes.com\/wp-content\/uploads\/2025\/10\/imagen_2025-10-13_110247639.png\" alt=\"\" width=\"862\" height=\"723\" srcset=\"https:\/\/espaciosyambientes.com\/wp-content\/uploads\/2025\/10\/imagen_2025-10-13_110247639.png 862w, https:\/\/espaciosyambientes.com\/wp-content\/uploads\/2025\/10\/imagen_2025-10-13_110247639-430x361.png 430w, https:\/\/espaciosyambientes.com\/wp-content\/uploads\/2025\/10\/imagen_2025-10-13_110247639-150x126.png 150w, https:\/\/espaciosyambientes.com\/wp-content\/uploads\/2025\/10\/imagen_2025-10-13_110247639-700x587.png 700w, https:\/\/espaciosyambientes.com\/wp-content\/uploads\/2025\/10\/imagen_2025-10-13_110247639-300x252.png 300w, https:\/\/espaciosyambientes.com\/wp-content\/uploads\/2025\/10\/imagen_2025-10-13_110247639-768x644.png 768w, https:\/\/espaciosyambientes.com\/wp-content\/uploads\/2025\/10\/imagen_2025-10-13_110247639-14x12.png 14w\" sizes=\"auto, (max-width: 862px) 100vw, 862px\" \/><\/a> <a href=\"https:\/\/espaciosyambientes.com\/wp-content\/uploads\/2025\/10\/imagen_2025-10-13_110258567.png\"><img loading=\"lazy\" decoding=\"async\" class=\"alignnone size-full wp-image-29540\" src=\"https:\/\/espaciosyambientes.com\/wp-content\/uploads\/2025\/10\/imagen_2025-10-13_110258567.png\" alt=\"\" width=\"1089\" height=\"730\" srcset=\"https:\/\/espaciosyambientes.com\/wp-content\/uploads\/2025\/10\/imagen_2025-10-13_110258567.png 1089w, https:\/\/espaciosyambientes.com\/wp-content\/uploads\/2025\/10\/imagen_2025-10-13_110258567-430x288.png 430w, https:\/\/espaciosyambientes.com\/wp-content\/uploads\/2025\/10\/imagen_2025-10-13_110258567-150x101.png 150w, https:\/\/espaciosyambientes.com\/wp-content\/uploads\/2025\/10\/imagen_2025-10-13_110258567-700x469.png 700w, https:\/\/espaciosyambientes.com\/wp-content\/uploads\/2025\/10\/imagen_2025-10-13_110258567-300x201.png 300w, https:\/\/espaciosyambientes.com\/wp-content\/uploads\/2025\/10\/imagen_2025-10-13_110258567-1024x686.png 1024w, https:\/\/espaciosyambientes.com\/wp-content\/uploads\/2025\/10\/imagen_2025-10-13_110258567-768x515.png 768w, https:\/\/espaciosyambientes.com\/wp-content\/uploads\/2025\/10\/imagen_2025-10-13_110258567-18x12.png 18w\" sizes=\"auto, (max-width: 1089px) 100vw, 1089px\" \/><\/a> <a href=\"https:\/\/espaciosyambientes.com\/wp-content\/uploads\/2025\/10\/imagen_2025-10-13_110320943.png\"><img loading=\"lazy\" decoding=\"async\" class=\"alignnone size-full wp-image-29541\" src=\"https:\/\/espaciosyambientes.com\/wp-content\/uploads\/2025\/10\/imagen_2025-10-13_110320943.png\" alt=\"\" width=\"820\" height=\"910\" srcset=\"https:\/\/espaciosyambientes.com\/wp-content\/uploads\/2025\/10\/imagen_2025-10-13_110320943.png 820w, https:\/\/espaciosyambientes.com\/wp-content\/uploads\/2025\/10\/imagen_2025-10-13_110320943-430x477.png 430w, https:\/\/espaciosyambientes.com\/wp-content\/uploads\/2025\/10\/imagen_2025-10-13_110320943-150x166.png 150w, https:\/\/espaciosyambientes.com\/wp-content\/uploads\/2025\/10\/imagen_2025-10-13_110320943-700x777.png 700w, https:\/\/espaciosyambientes.com\/wp-content\/uploads\/2025\/10\/imagen_2025-10-13_110320943-270x300.png 270w, https:\/\/espaciosyambientes.com\/wp-content\/uploads\/2025\/10\/imagen_2025-10-13_110320943-768x852.png 768w, https:\/\/espaciosyambientes.com\/wp-content\/uploads\/2025\/10\/imagen_2025-10-13_110320943-11x12.png 11w\" sizes=\"auto, (max-width: 820px) 100vw, 820px\" \/><\/a><\/p>\n","protected":false},"excerpt":{"rendered":"<div><\/div>\n<div>\n<div class=\"kf-logos\">\n<div>\n<h3>CARACTER\u00cdSTICAS<\/h3>\n<ul>\n<li>Desarrollado por la arquitectura NVIDIA Blackwell y DLSS 4<\/li>\n<li>Desarrollado por GeForce RTX\u2122 5050<\/li>\n<li>Integrado con interfaz de memoria de 8 GB GDDR6 de 128 bits<\/li>\n<li>Sistema de refrigeraci\u00f3n WINDFORCE\n<ul>\n<li>ventilador de halc\u00f3n<\/li>\n<li>Gel conductor t\u00e9rmico de calidad de servidor<\/li>\n<\/ul>\n<\/li>\n<li>Estructura reforzada<\/li>\n<\/ul>\n<\/div>\n<div>\n<h4>RELOJ N\u00daCLEO<\/h4>\n<p class=\"gigabyteKeyfeatureDataFromDb\" data-type=\"ProductSpec\" data-id=\"2\">2587 MHz (Tarjeta de referencia: 2572 MHz)<\/p>\n<div class=\"kf-logos\"><img decoding=\"async\" src=\"https:\/\/www.gigabyte.com\/FileUpload\/Global\/KeyFeature\/4086\/innergigabyte\/images\/logo\/windforce-icon.png\" \/><img decoding=\"async\" src=\"https:\/\/www.gigabyte.com\/FileUpload\/Global\/KeyFeature\/4086\/innergigabyte\/images\/logo\/oc.png\" \/><img decoding=\"async\" src=\"https:\/\/www.gigabyte.com\/FileUpload\/Global\/KeyFeature\/4086\/innergigabyte\/images\/vendor\/rtx.png\" \/><\/div>\n<\/div>\n<\/div>\n<\/div>\n","protected":false},"featured_media":29552,"comment_status":"closed","ping_status":"closed","template":"","meta":[],"product_brand":[353,109],"product_cat":[73],"product_tag":[385,362,384,549],"class_list":{"0":"post-29533","1":"product","2":"type-product","3":"status-publish","4":"has-post-thumbnail","6":"product_brand-gforce","7":"product_brand-gigabyte","8":"product_cat-tarjetas-graficas","9":"product_tag-gigabyte","10":"product_tag-nvidia","11":"product_tag-rtx","12":"product_tag-rtx-5000","14":"first","15":"instock","16":"taxable","17":"shipping-taxable","18":"purchasable","19":"product-type-simple"},"yoast_head":"<!-- This site is optimized with the Yoast SEO plugin v27.3 - https:\/\/yoast.com\/product\/yoast-seo-wordpress\/ -->\n<title>GIGABYTE WINDFORCE RTX 5050 DE 8GB OC - PC MASTERS BOGOTA<\/title>\n<meta name=\"robots\" content=\"index, follow, max-snippet:-1, max-image-preview:large, max-video-preview:-1\" \/>\n<link rel=\"canonical\" href=\"https:\/\/espaciosyambientes.com\/es_es\/producto\/gigabyte-windforce-rtx-5050-de-8gb-oc\/\" \/>\n<meta property=\"og:locale\" content=\"es_ES\" \/>\n<meta property=\"og:type\" content=\"article\" \/>\n<meta property=\"og:title\" content=\"GIGABYTE WINDFORCE RTX 5050 DE 8GB OC - PC MASTERS BOGOTA\" \/>\n<meta property=\"og:description\" content=\"CARACTER\u00cdSTICAS   Desarrollado por la arquitectura NVIDIA Blackwell y DLSS 4  Desarrollado por GeForce RTX\u2122 5050  Integrado con interfaz de memoria de 8 GB GDDR6 de 128 bits  Sistema de refrigeraci\u00f3n WINDFORCE   ventilador de halc\u00f3n  Gel conductor t\u00e9rmico de calidad de servidor    Estructura reforzada    RELOJ N\u00daCLEO 2587 MHz (Tarjeta de referencia: 2572 MHz)\" \/>\n<meta property=\"og:url\" content=\"https:\/\/espaciosyambientes.com\/es_es\/producto\/gigabyte-windforce-rtx-5050-de-8gb-oc\/\" \/>\n<meta property=\"og:site_name\" content=\"PC MASTERS BOGOTA\" \/>\n<meta property=\"og:image\" content=\"https:\/\/espaciosyambientes.com\/wp-content\/uploads\/2025\/10\/GeForce-RTX\u2122-5050-WINDFORCE-OC-8G-11.png\" \/>\n\t<meta property=\"og:image:width\" content=\"2000\" \/>\n\t<meta property=\"og:image:height\" content=\"2000\" \/>\n\t<meta property=\"og:image:type\" content=\"image\/png\" \/>\n<meta name=\"twitter:card\" content=\"summary_large_image\" \/>\n<meta name=\"twitter:label1\" content=\"Tiempo de lectura\" \/>\n\t<meta name=\"twitter:data1\" content=\"2 minutos\" \/>\n<script type=\"application\/ld+json\" class=\"yoast-schema-graph\">{\"@context\":\"https:\\\/\\\/schema.org\",\"@graph\":[{\"@type\":\"WebPage\",\"@id\":\"https:\\\/\\\/espaciosyambientes.com\\\/producto\\\/gigabyte-windforce-rtx-5050-de-8gb-oc\\\/\",\"url\":\"https:\\\/\\\/espaciosyambientes.com\\\/producto\\\/gigabyte-windforce-rtx-5050-de-8gb-oc\\\/\",\"name\":\"GIGABYTE WINDFORCE RTX 5050 DE 8GB OC - PC MASTERS BOGOTA\",\"isPartOf\":{\"@id\":\"https:\\\/\\\/espaciosyambientes.com\\\/es_es\\\/#website\"},\"primaryImageOfPage\":{\"@id\":\"https:\\\/\\\/espaciosyambientes.com\\\/producto\\\/gigabyte-windforce-rtx-5050-de-8gb-oc\\\/#primaryimage\"},\"image\":{\"@id\":\"https:\\\/\\\/espaciosyambientes.com\\\/producto\\\/gigabyte-windforce-rtx-5050-de-8gb-oc\\\/#primaryimage\"},\"thumbnailUrl\":\"https:\\\/\\\/espaciosyambientes.com\\\/wp-content\\\/uploads\\\/2025\\\/10\\\/GeForce-RTX\u2122-5050-WINDFORCE-OC-8G-11.png\",\"datePublished\":\"2025-10-13T16:10:41+00:00\",\"breadcrumb\":{\"@id\":\"https:\\\/\\\/espaciosyambientes.com\\\/producto\\\/gigabyte-windforce-rtx-5050-de-8gb-oc\\\/#breadcrumb\"},\"inLanguage\":\"es\",\"potentialAction\":[{\"@type\":\"ReadAction\",\"target\":[\"https:\\\/\\\/espaciosyambientes.com\\\/producto\\\/gigabyte-windforce-rtx-5050-de-8gb-oc\\\/\"]}]},{\"@type\":\"ImageObject\",\"inLanguage\":\"es\",\"@id\":\"https:\\\/\\\/espaciosyambientes.com\\\/producto\\\/gigabyte-windforce-rtx-5050-de-8gb-oc\\\/#primaryimage\",\"url\":\"https:\\\/\\\/espaciosyambientes.com\\\/wp-content\\\/uploads\\\/2025\\\/10\\\/GeForce-RTX\u2122-5050-WINDFORCE-OC-8G-11.png\",\"contentUrl\":\"https:\\\/\\\/espaciosyambientes.com\\\/wp-content\\\/uploads\\\/2025\\\/10\\\/GeForce-RTX\u2122-5050-WINDFORCE-OC-8G-11.png\",\"width\":2000,\"height\":2000},{\"@type\":\"BreadcrumbList\",\"@id\":\"https:\\\/\\\/espaciosyambientes.com\\\/producto\\\/gigabyte-windforce-rtx-5050-de-8gb-oc\\\/#breadcrumb\",\"itemListElement\":[{\"@type\":\"ListItem\",\"position\":1,\"name\":\"Home\",\"item\":\"https:\\\/\\\/espaciosyambientes.com\\\/\"},{\"@type\":\"ListItem\",\"position\":2,\"name\":\"Tienda\",\"item\":\"https:\\\/\\\/espaciosyambientes.com\\\/tienda\\\/\"},{\"@type\":\"ListItem\",\"position\":3,\"name\":\"GIGABYTE WINDFORCE RTX 5050 DE 8GB OC\"}]},{\"@type\":\"WebSite\",\"@id\":\"https:\\\/\\\/espaciosyambientes.com\\\/es_es\\\/#website\",\"url\":\"https:\\\/\\\/espaciosyambientes.com\\\/es_es\\\/\",\"name\":\"PC MASTERS BOGOTA\",\"description\":\"\",\"potentialAction\":[{\"@type\":\"SearchAction\",\"target\":{\"@type\":\"EntryPoint\",\"urlTemplate\":\"https:\\\/\\\/espaciosyambientes.com\\\/es_es\\\/?s={search_term_string}\"},\"query-input\":{\"@type\":\"PropertyValueSpecification\",\"valueRequired\":true,\"valueName\":\"search_term_string\"}}],\"inLanguage\":\"es\"}]}<\/script>\n<!-- \/ Yoast SEO plugin. -->","yoast_head_json":{"title":"GIGABYTE WINDFORCE RTX 5050 DE 8GB OC - PC MASTERS BOGOTA","robots":{"index":"index","follow":"follow","max-snippet":"max-snippet:-1","max-image-preview":"max-image-preview:large","max-video-preview":"max-video-preview:-1"},"canonical":"https:\/\/espaciosyambientes.com\/es_es\/producto\/gigabyte-windforce-rtx-5050-de-8gb-oc\/","og_locale":"es_ES","og_type":"article","og_title":"GIGABYTE WINDFORCE RTX 5050 DE 8GB OC - PC MASTERS BOGOTA","og_description":"CARACTER\u00cdSTICAS   Desarrollado por la arquitectura NVIDIA Blackwell y DLSS 4  Desarrollado por GeForce RTX\u2122 5050  Integrado con interfaz de memoria de 8 GB GDDR6 de 128 bits  Sistema de refrigeraci\u00f3n WINDFORCE   ventilador de halc\u00f3n  Gel conductor t\u00e9rmico de calidad de servidor    Estructura reforzada    RELOJ N\u00daCLEO 2587 MHz (Tarjeta de referencia: 2572 MHz)","og_url":"https:\/\/espaciosyambientes.com\/es_es\/producto\/gigabyte-windforce-rtx-5050-de-8gb-oc\/","og_site_name":"PC MASTERS BOGOTA","og_image":[{"width":2000,"height":2000,"url":"https:\/\/espaciosyambientes.com\/wp-content\/uploads\/2025\/10\/GeForce-RTX\u2122-5050-WINDFORCE-OC-8G-11.png","type":"image\/png"}],"twitter_card":"summary_large_image","twitter_misc":{"Tiempo de lectura":"2 minutos"},"schema":{"@context":"https:\/\/schema.org","@graph":[{"@type":"WebPage","@id":"https:\/\/espaciosyambientes.com\/producto\/gigabyte-windforce-rtx-5050-de-8gb-oc\/","url":"https:\/\/espaciosyambientes.com\/producto\/gigabyte-windforce-rtx-5050-de-8gb-oc\/","name":"GIGABYTE WINDFORCE RTX 5050 DE 8GB OC - PC MASTERS BOGOTA","isPartOf":{"@id":"https:\/\/espaciosyambientes.com\/es_es\/#website"},"primaryImageOfPage":{"@id":"https:\/\/espaciosyambientes.com\/producto\/gigabyte-windforce-rtx-5050-de-8gb-oc\/#primaryimage"},"image":{"@id":"https:\/\/espaciosyambientes.com\/producto\/gigabyte-windforce-rtx-5050-de-8gb-oc\/#primaryimage"},"thumbnailUrl":"https:\/\/espaciosyambientes.com\/wp-content\/uploads\/2025\/10\/GeForce-RTX\u2122-5050-WINDFORCE-OC-8G-11.png","datePublished":"2025-10-13T16:10:41+00:00","breadcrumb":{"@id":"https:\/\/espaciosyambientes.com\/producto\/gigabyte-windforce-rtx-5050-de-8gb-oc\/#breadcrumb"},"inLanguage":"es","potentialAction":[{"@type":"ReadAction","target":["https:\/\/espaciosyambientes.com\/producto\/gigabyte-windforce-rtx-5050-de-8gb-oc\/"]}]},{"@type":"ImageObject","inLanguage":"es","@id":"https:\/\/espaciosyambientes.com\/producto\/gigabyte-windforce-rtx-5050-de-8gb-oc\/#primaryimage","url":"https:\/\/espaciosyambientes.com\/wp-content\/uploads\/2025\/10\/GeForce-RTX\u2122-5050-WINDFORCE-OC-8G-11.png","contentUrl":"https:\/\/espaciosyambientes.com\/wp-content\/uploads\/2025\/10\/GeForce-RTX\u2122-5050-WINDFORCE-OC-8G-11.png","width":2000,"height":2000},{"@type":"BreadcrumbList","@id":"https:\/\/espaciosyambientes.com\/producto\/gigabyte-windforce-rtx-5050-de-8gb-oc\/#breadcrumb","itemListElement":[{"@type":"ListItem","position":1,"name":"Home","item":"https:\/\/espaciosyambientes.com\/"},{"@type":"ListItem","position":2,"name":"Tienda","item":"https:\/\/espaciosyambientes.com\/tienda\/"},{"@type":"ListItem","position":3,"name":"GIGABYTE WINDFORCE RTX 5050 DE 8GB OC"}]},{"@type":"WebSite","@id":"https:\/\/espaciosyambientes.com\/es_es\/#website","url":"https:\/\/espaciosyambientes.com\/es_es\/","name":"PC MASTERS BOGOTA","description":"","potentialAction":[{"@type":"SearchAction","target":{"@type":"EntryPoint","urlTemplate":"https:\/\/espaciosyambientes.com\/es_es\/?s={search_term_string}"},"query-input":{"@type":"PropertyValueSpecification","valueRequired":true,"valueName":"search_term_string"}}],"inLanguage":"es"}]}},"_links":{"self":[{"href":"http:\/\/espaciosyambientes.com\/es_es\/wp-json\/wp\/v2\/product\/29533","targetHints":{"allow":["GET"]}}],"collection":[{"href":"http:\/\/espaciosyambientes.com\/es_es\/wp-json\/wp\/v2\/product"}],"about":[{"href":"http:\/\/espaciosyambientes.com\/es_es\/wp-json\/wp\/v2\/types\/product"}],"replies":[{"embeddable":true,"href":"http:\/\/espaciosyambientes.com\/es_es\/wp-json\/wp\/v2\/comments?post=29533"}],"version-history":[{"count":1,"href":"http:\/\/espaciosyambientes.com\/es_es\/wp-json\/wp\/v2\/product\/29533\/revisions"}],"predecessor-version":[{"id":29553,"href":"http:\/\/espaciosyambientes.com\/es_es\/wp-json\/wp\/v2\/product\/29533\/revisions\/29553"}],"wp:featuredmedia":[{"embeddable":true,"href":"http:\/\/espaciosyambientes.com\/es_es\/wp-json\/wp\/v2\/media\/29552"}],"wp:attachment":[{"href":"http:\/\/espaciosyambientes.com\/es_es\/wp-json\/wp\/v2\/media?parent=29533"}],"wp:term":[{"taxonomy":"product_brand","embeddable":true,"href":"http:\/\/espaciosyambientes.com\/es_es\/wp-json\/wp\/v2\/product_brand?post=29533"},{"taxonomy":"product_cat","embeddable":true,"href":"http:\/\/espaciosyambientes.com\/es_es\/wp-json\/wp\/v2\/product_cat?post=29533"},{"taxonomy":"product_tag","embeddable":true,"href":"http:\/\/espaciosyambientes.com\/es_es\/wp-json\/wp\/v2\/product_tag?post=29533"}],"curies":[{"name":"wp","href":"https:\/\/api.w.org\/{rel}","templated":true}]}}