{"id":28141,"date":"2025-06-14T16:23:43","date_gmt":"2025-06-14T21:23:43","guid":{"rendered":"https:\/\/espaciosyambientes.com\/?post_type=product&#038;p=28141"},"modified":"2026-02-03T19:23:10","modified_gmt":"2026-02-04T00:23:10","slug":"gigabyte-aero-rtx-5080-16gb-white-oc","status":"publish","type":"product","link":"http:\/\/espaciosyambientes.com\/es_es\/producto\/gigabyte-aero-rtx-5080-16gb-white-oc\/","title":{"rendered":"GIGABYTE AERO RTX 5080 16GB WHITE OC"},"content":{"rendered":"<p style=\"text-align: center;\"><img decoding=\"async\" loading=\"lazy\" src=\"https:\/\/www.gigabyte.com\/FileUpload\/Global\/KeyFeature\/3860\/innergigabyte\/images\/kv-bg.jpg\" \/><a href=\"https:\/\/espaciosyambientes.com\/wp-content\/uploads\/2025\/06\/imagen_2025-06-14_162426056.png\"><img loading=\"lazy\" decoding=\"async\" class=\"alignnone size-full wp-image-28144\" src=\"https:\/\/espaciosyambientes.com\/wp-content\/uploads\/2025\/06\/imagen_2025-06-14_162426056.png\" alt=\"\" width=\"1142\" height=\"960\" srcset=\"https:\/\/espaciosyambientes.com\/wp-content\/uploads\/2025\/06\/imagen_2025-06-14_162426056.png 1142w, https:\/\/espaciosyambientes.com\/wp-content\/uploads\/2025\/06\/imagen_2025-06-14_162426056-430x361.png 430w, https:\/\/espaciosyambientes.com\/wp-content\/uploads\/2025\/06\/imagen_2025-06-14_162426056-150x126.png 150w, https:\/\/espaciosyambientes.com\/wp-content\/uploads\/2025\/06\/imagen_2025-06-14_162426056-700x588.png 700w, https:\/\/espaciosyambientes.com\/wp-content\/uploads\/2025\/06\/imagen_2025-06-14_162426056-300x252.png 300w, https:\/\/espaciosyambientes.com\/wp-content\/uploads\/2025\/06\/imagen_2025-06-14_162426056-1024x861.png 1024w, https:\/\/espaciosyambientes.com\/wp-content\/uploads\/2025\/06\/imagen_2025-06-14_162426056-768x646.png 768w, https:\/\/espaciosyambientes.com\/wp-content\/uploads\/2025\/06\/imagen_2025-06-14_162426056-14x12.png 14w\" sizes=\"auto, (max-width: 1142px) 100vw, 1142px\" \/><\/a> <a href=\"https:\/\/espaciosyambientes.com\/wp-content\/uploads\/2025\/06\/imagen_2025-06-14_162451608.png\"><img loading=\"lazy\" decoding=\"async\" class=\"alignnone size-full wp-image-28145\" src=\"https:\/\/espaciosyambientes.com\/wp-content\/uploads\/2025\/06\/imagen_2025-06-14_162451608.png\" alt=\"\" width=\"1269\" height=\"1139\" srcset=\"https:\/\/espaciosyambientes.com\/wp-content\/uploads\/2025\/06\/imagen_2025-06-14_162451608.png 1269w, https:\/\/espaciosyambientes.com\/wp-content\/uploads\/2025\/06\/imagen_2025-06-14_162451608-430x386.png 430w, https:\/\/espaciosyambientes.com\/wp-content\/uploads\/2025\/06\/imagen_2025-06-14_162451608-150x135.png 150w, https:\/\/espaciosyambientes.com\/wp-content\/uploads\/2025\/06\/imagen_2025-06-14_162451608-700x628.png 700w, https:\/\/espaciosyambientes.com\/wp-content\/uploads\/2025\/06\/imagen_2025-06-14_162451608-300x269.png 300w, https:\/\/espaciosyambientes.com\/wp-content\/uploads\/2025\/06\/imagen_2025-06-14_162451608-1024x919.png 1024w, https:\/\/espaciosyambientes.com\/wp-content\/uploads\/2025\/06\/imagen_2025-06-14_162451608-768x689.png 768w, https:\/\/espaciosyambientes.com\/wp-content\/uploads\/2025\/06\/imagen_2025-06-14_162451608-13x12.png 13w\" sizes=\"auto, (max-width: 1269px) 100vw, 1269px\" \/><\/a> <a href=\"https:\/\/espaciosyambientes.com\/wp-content\/uploads\/2025\/06\/imagen_2025-06-14_162511284.png\"><img loading=\"lazy\" decoding=\"async\" class=\"alignnone size-full wp-image-28146\" src=\"https:\/\/espaciosyambientes.com\/wp-content\/uploads\/2025\/06\/imagen_2025-06-14_162511284.png\" alt=\"\" width=\"1339\" height=\"654\" srcset=\"https:\/\/espaciosyambientes.com\/wp-content\/uploads\/2025\/06\/imagen_2025-06-14_162511284.png 1339w, https:\/\/espaciosyambientes.com\/wp-content\/uploads\/2025\/06\/imagen_2025-06-14_162511284-430x210.png 430w, https:\/\/espaciosyambientes.com\/wp-content\/uploads\/2025\/06\/imagen_2025-06-14_162511284-150x73.png 150w, https:\/\/espaciosyambientes.com\/wp-content\/uploads\/2025\/06\/imagen_2025-06-14_162511284-700x342.png 700w, https:\/\/espaciosyambientes.com\/wp-content\/uploads\/2025\/06\/imagen_2025-06-14_162511284-300x147.png 300w, https:\/\/espaciosyambientes.com\/wp-content\/uploads\/2025\/06\/imagen_2025-06-14_162511284-1024x500.png 1024w, https:\/\/espaciosyambientes.com\/wp-content\/uploads\/2025\/06\/imagen_2025-06-14_162511284-768x375.png 768w, https:\/\/espaciosyambientes.com\/wp-content\/uploads\/2025\/06\/imagen_2025-06-14_162511284-18x9.png 18w\" sizes=\"auto, (max-width: 1339px) 100vw, 1339px\" \/><\/a> <a href=\"https:\/\/espaciosyambientes.com\/wp-content\/uploads\/2025\/06\/imagen_2025-06-14_162534585.png\"><img loading=\"lazy\" decoding=\"async\" class=\"alignnone size-full wp-image-28147\" src=\"https:\/\/espaciosyambientes.com\/wp-content\/uploads\/2025\/06\/imagen_2025-06-14_162534585.png\" alt=\"\" width=\"1278\" height=\"1168\" srcset=\"https:\/\/espaciosyambientes.com\/wp-content\/uploads\/2025\/06\/imagen_2025-06-14_162534585.png 1278w, https:\/\/espaciosyambientes.com\/wp-content\/uploads\/2025\/06\/imagen_2025-06-14_162534585-430x393.png 430w, https:\/\/espaciosyambientes.com\/wp-content\/uploads\/2025\/06\/imagen_2025-06-14_162534585-150x137.png 150w, https:\/\/espaciosyambientes.com\/wp-content\/uploads\/2025\/06\/imagen_2025-06-14_162534585-700x640.png 700w, https:\/\/espaciosyambientes.com\/wp-content\/uploads\/2025\/06\/imagen_2025-06-14_162534585-300x274.png 300w, https:\/\/espaciosyambientes.com\/wp-content\/uploads\/2025\/06\/imagen_2025-06-14_162534585-1024x936.png 1024w, https:\/\/espaciosyambientes.com\/wp-content\/uploads\/2025\/06\/imagen_2025-06-14_162534585-768x702.png 768w, https:\/\/espaciosyambientes.com\/wp-content\/uploads\/2025\/06\/imagen_2025-06-14_162534585-13x12.png 13w\" sizes=\"auto, (max-width: 1278px) 100vw, 1278px\" \/><\/a> <a href=\"https:\/\/espaciosyambientes.com\/wp-content\/uploads\/2025\/06\/imagen_2025-06-14_162550454.png\"><img loading=\"lazy\" decoding=\"async\" class=\"alignnone size-full wp-image-28148\" src=\"https:\/\/espaciosyambientes.com\/wp-content\/uploads\/2025\/06\/imagen_2025-06-14_162550454.png\" alt=\"\" width=\"1286\" height=\"399\" srcset=\"https:\/\/espaciosyambientes.com\/wp-content\/uploads\/2025\/06\/imagen_2025-06-14_162550454.png 1286w, https:\/\/espaciosyambientes.com\/wp-content\/uploads\/2025\/06\/imagen_2025-06-14_162550454-430x133.png 430w, https:\/\/espaciosyambientes.com\/wp-content\/uploads\/2025\/06\/imagen_2025-06-14_162550454-150x47.png 150w, https:\/\/espaciosyambientes.com\/wp-content\/uploads\/2025\/06\/imagen_2025-06-14_162550454-700x217.png 700w, https:\/\/espaciosyambientes.com\/wp-content\/uploads\/2025\/06\/imagen_2025-06-14_162550454-300x93.png 300w, https:\/\/espaciosyambientes.com\/wp-content\/uploads\/2025\/06\/imagen_2025-06-14_162550454-1024x318.png 1024w, https:\/\/espaciosyambientes.com\/wp-content\/uploads\/2025\/06\/imagen_2025-06-14_162550454-768x238.png 768w, https:\/\/espaciosyambientes.com\/wp-content\/uploads\/2025\/06\/imagen_2025-06-14_162550454-18x6.png 18w\" sizes=\"auto, (max-width: 1286px) 100vw, 1286px\" \/><\/a><\/p>\n<div class=\"sp-section Specification-section\">\n<ul class=\"display-table\">\n<li class=\"display-table-row\">\n<div class=\"display-table-cell item\">\n<div class=\"specText\">Graphics Processing<\/div>\n<\/div>\n<div class=\"display-table-cell\">\n<div class=\"specText\">\n<div class=\"specDesc\">GeForce RTX\u2122 5080<\/div>\n<\/div>\n<\/div>\n<\/li>\n<li class=\"display-table-row\">\n<div class=\"display-table-cell item\">\n<div class=\"specText\">Core Clock<\/div>\n<\/div>\n<div class=\"display-table-cell\">\n<div class=\"specText\">\n<div class=\"specDesc\">2730 MHz (Reference: 2617 MHz)<\/div>\n<\/div>\n<\/div>\n<\/li>\n<li class=\"display-table-row\">\n<div class=\"display-table-cell item\">\n<div class=\"specText\">CUDA\u00ae Cores<\/div>\n<\/div>\n<div class=\"display-table-cell\">\n<div class=\"specText\">\n<div class=\"specDesc\">10752<\/div>\n<\/div>\n<\/div>\n<\/li>\n<li class=\"display-table-row\">\n<div class=\"display-table-cell item\">\n<div class=\"specText\">Memory Clock<\/div>\n<\/div>\n<div class=\"display-table-cell\">\n<div class=\"specText\">\n<div class=\"specDesc\">30 Gbps<\/div>\n<\/div>\n<\/div>\n<\/li>\n<li class=\"display-table-row\">\n<div class=\"display-table-cell item\">\n<div class=\"specText\">Memory Size<\/div>\n<\/div>\n<div class=\"display-table-cell\">\n<div class=\"specText\">\n<div class=\"specDesc\">16GB<\/div>\n<\/div>\n<\/div>\n<\/li>\n<li class=\"display-table-row\">\n<div class=\"display-table-cell item\">\n<div class=\"specText\">Memory Type<\/div>\n<\/div>\n<div class=\"display-table-cell\">\n<div class=\"specText\">\n<div class=\"specDesc\">GDDR7<\/div>\n<\/div>\n<\/div>\n<\/li>\n<li class=\"display-table-row\">\n<div class=\"display-table-cell item\">\n<div class=\"specText\">Memory Bus<\/div>\n<\/div>\n<div class=\"display-table-cell\">\n<div class=\"specText\">\n<div class=\"specDesc\">256 bit<\/div>\n<\/div>\n<\/div>\n<\/li>\n<li class=\"display-table-row\">\n<div class=\"display-table-cell item\">\n<div class=\"specText\">Card Bus<\/div>\n<\/div>\n<div class=\"display-table-cell\">\n<div class=\"specText\">\n<div class=\"specDesc\">PCI-E 5.0<\/div>\n<\/div>\n<\/div>\n<\/li>\n<li class=\"display-table-row\">\n<div class=\"display-table-cell item\">\n<div class=\"specText\">Digital max resolution<\/div>\n<\/div>\n<div class=\"display-table-cell\">\n<div class=\"specText\">\n<div class=\"specDesc\">7680 x 4320<\/div>\n<\/div>\n<\/div>\n<\/li>\n<li class=\"display-table-row\">\n<div class=\"display-table-cell item\">\n<div class=\"specText\">Multi-view<\/div>\n<\/div>\n<div class=\"display-table-cell\">\n<div class=\"specText\">\n<div class=\"specDesc\">4<\/div>\n<\/div>\n<\/div>\n<\/li>\n<li class=\"display-table-row\">\n<div class=\"display-table-cell item\">\n<div class=\"specText\">Card size<\/div>\n<\/div>\n<div class=\"display-table-cell\">\n<div class=\"specText\">\n<div class=\"specDesc\">L=304 W=126 H=50 mm<\/div>\n<\/div>\n<\/div>\n<\/li>\n<li class=\"display-table-row\">\n<div class=\"display-table-cell item\">\n<div class=\"specText\">PCB Form<\/div>\n<\/div>\n<div class=\"display-table-cell\">\n<div class=\"specText\">\n<div class=\"specDesc\">ATX<\/div>\n<\/div>\n<\/div>\n<\/li>\n<li class=\"display-table-row\">\n<div class=\"display-table-cell item\">\n<div class=\"specText\">DirectX<\/div>\n<\/div>\n<div class=\"display-table-cell\">\n<div class=\"specText\">\n<div class=\"specDesc\">DirectX 12 API<\/div>\n<\/div>\n<\/div>\n<\/li>\n<li class=\"display-table-row\">\n<div class=\"display-table-cell item\">\n<div class=\"specText\">OpenGL<\/div>\n<\/div>\n<div class=\"display-table-cell\">\n<div class=\"specText\">\n<div class=\"specDesc\">OpenGL 4.6<\/div>\n<\/div>\n<\/div>\n<\/li>\n<li class=\"display-table-row\">\n<div class=\"display-table-cell item\">\n<div class=\"specText\">Recommended PSU<\/div>\n<\/div>\n<div class=\"display-table-cell\">\n<div class=\"specText\">\n<div class=\"specDesc\">850W<\/div>\n<\/div>\n<\/div>\n<\/li>\n<li class=\"display-table-row\">\n<div class=\"display-table-cell item\">\n<div class=\"specText\">Power Connectors<\/div>\n<\/div>\n<div class=\"display-table-cell\">\n<div class=\"specText\">\n<div class=\"specDesc\">16 pin*1<\/div>\n<\/div>\n<\/div>\n<\/li>\n<li class=\"display-table-row\">\n<div class=\"display-table-cell item\">\n<div class=\"specText\">Output<\/div>\n<\/div>\n<div class=\"display-table-cell\">\n<div class=\"specText\">\n<div class=\"specDesc\">DisplayPort 2.1b x3<br \/>\nHDMI 2.1b x1<\/div>\n<\/div>\n<\/div>\n<\/li>\n<li class=\"display-table-row\">\n<div class=\"display-table-cell item\">\n<div class=\"specText\">Accessories<\/div>\n<\/div>\n<div class=\"display-table-cell\">\n<div class=\"specText\">\n<div class=\"specDesc\">1. VGA manual<br \/>\n2. Warranty notice<br \/>\n3. 1x 12V-2&#215;6 to 3x PCIe 8pin adapter<br \/>\n4. Versatile VGA holder<br \/>\n5. Versatile VGA holder manual<\/div>\n<\/div>\n<\/div>\n<\/li>\n<\/ul>\n<\/div>\n<p style=\"text-align: center;\">\n","protected":false},"excerpt":{"rendered":"<p>Impulsado por la arquitectura NVIDIA Blackwell y DLSS 4<br \/>\nImpulsado por GeForce RTX\u2122 5080<br \/>\nIntegrado con 16 GB de memoria GDDR7 de 256 bits<br \/>\nSistema de refrigeraci\u00f3n WINDFORCE<br \/>\nVentilador Hawk<br \/>\nGel conductor t\u00e9rmico de grado servidor<br \/>\nIluminaci\u00f3n RGB<br \/>\nBIOS dual (Rendimiento\/Silencioso)<br \/>\n+Compatible con NVIDIA SFF<br \/>\nEstructura reforzada<br \/>\nSoporte VGA vers\u00e1til<br \/>\n4 a\u00f1os de garant\u00eda (Se requiere registro en l\u00ednea)<\/p>\n<h4><b>CORE CLOCK<\/b><\/h4>\n<div class=\"icons\">\n<div class=\"icons\">\n<p class=\"gigabyteKeyfeatureDataFromDb\" data-type=\"ProductSpec\" data-id=\"2\">2730 MHz (Reference: 2617 MHz)<\/p>\n<div class=\"icons\"><img decoding=\"async\" src=\"https:\/\/www.gigabyte.com\/FileUpload\/Global\/KeyFeature\/3860\/innergigabyte\/images\/icons\/features-windforce.png\" \/><img decoding=\"async\" src=\"https:\/\/www.gigabyte.com\/FileUpload\/Global\/KeyFeature\/3860\/innergigabyte\/images\/icons\/features-oc.png\" \/><img decoding=\"async\" src=\"https:\/\/www.gigabyte.com\/FileUpload\/Global\/KeyFeature\/3860\/innergigabyte\/images\/icons\/features-4y.png\" \/><img loading=\"lazy\" decoding=\"async\" class=\"\" src=\"https:\/\/www.gigabyte.com\/FileUpload\/Global\/KeyFeature\/3860\/innergigabyte\/images\/vendor\/rtx.png\" width=\"127\" height=\"59\" \/><\/div>\n<\/div>\n<\/div>\n","protected":false},"featured_media":28157,"comment_status":"closed","ping_status":"closed","template":"","meta":[],"product_brand":[492,109],"product_cat":[73],"product_tag":[385,362,480],"class_list":{"0":"post-28141","1":"product","2":"type-product","3":"status-publish","4":"has-post-thumbnail","6":"product_brand-aero","7":"product_brand-gigabyte","8":"product_cat-tarjetas-graficas","9":"product_tag-gigabyte","10":"product_tag-nvidia","11":"product_tag-white","13":"first","14":"instock","15":"taxable","16":"shipping-taxable","17":"purchasable","18":"product-type-simple"},"yoast_head":"<!-- This site is optimized with the Yoast SEO plugin v27.3 - https:\/\/yoast.com\/product\/yoast-seo-wordpress\/ -->\n<title>GIGABYTE AERO RTX 5080 16GB WHITE OC - PC MASTERS BOGOTA<\/title>\n<meta name=\"robots\" content=\"index, follow, max-snippet:-1, max-image-preview:large, max-video-preview:-1\" \/>\n<link rel=\"canonical\" href=\"https:\/\/espaciosyambientes.com\/es_es\/producto\/gigabyte-aero-rtx-5080-16gb-white-oc\/\" \/>\n<meta property=\"og:locale\" content=\"es_ES\" \/>\n<meta property=\"og:type\" content=\"article\" \/>\n<meta property=\"og:title\" content=\"GIGABYTE AERO RTX 5080 16GB WHITE OC - PC MASTERS BOGOTA\" \/>\n<meta property=\"og:description\" content=\"Impulsado por la arquitectura NVIDIA Blackwell y DLSS 4 Impulsado por GeForce RTX\u2122 5080 Integrado con 16 GB de memoria GDDR7 de 256 bits Sistema de refrigeraci\u00f3n WINDFORCE Ventilador Hawk Gel conductor t\u00e9rmico de grado servidor Iluminaci\u00f3n RGB BIOS dual (Rendimiento\/Silencioso) +Compatible con NVIDIA SFF Estructura reforzada Soporte VGA vers\u00e1til 4 a\u00f1os de garant\u00eda (Se requiere registro en l\u00ednea) CORE CLOCK   2730 MHz (Reference: 2617 MHz)\" \/>\n<meta property=\"og:url\" content=\"https:\/\/espaciosyambientes.com\/es_es\/producto\/gigabyte-aero-rtx-5080-16gb-white-oc\/\" \/>\n<meta property=\"og:site_name\" content=\"PC MASTERS BOGOTA\" \/>\n<meta property=\"article:modified_time\" content=\"2026-02-04T00:23:10+00:00\" \/>\n<meta property=\"og:image\" content=\"https:\/\/espaciosyambientes.com\/wp-content\/uploads\/2025\/06\/GeForce-RTX\u2122-5080-AERO-OC-SFF-16G-10.png\" \/>\n\t<meta property=\"og:image:width\" content=\"2000\" \/>\n\t<meta property=\"og:image:height\" content=\"2000\" \/>\n\t<meta property=\"og:image:type\" content=\"image\/png\" \/>\n<meta name=\"twitter:card\" content=\"summary_large_image\" \/>\n<meta name=\"twitter:label1\" content=\"Tiempo de lectura\" \/>\n\t<meta name=\"twitter:data1\" content=\"2 minutos\" \/>\n<script type=\"application\/ld+json\" class=\"yoast-schema-graph\">{\"@context\":\"https:\\\/\\\/schema.org\",\"@graph\":[{\"@type\":\"WebPage\",\"@id\":\"https:\\\/\\\/espaciosyambientes.com\\\/producto\\\/gigabyte-aero-rtx-5080-16gb-white-oc\\\/\",\"url\":\"https:\\\/\\\/espaciosyambientes.com\\\/producto\\\/gigabyte-aero-rtx-5080-16gb-white-oc\\\/\",\"name\":\"GIGABYTE AERO RTX 5080 16GB WHITE OC - PC MASTERS BOGOTA\",\"isPartOf\":{\"@id\":\"https:\\\/\\\/espaciosyambientes.com\\\/es_es\\\/#website\"},\"primaryImageOfPage\":{\"@id\":\"https:\\\/\\\/espaciosyambientes.com\\\/producto\\\/gigabyte-aero-rtx-5080-16gb-white-oc\\\/#primaryimage\"},\"image\":{\"@id\":\"https:\\\/\\\/espaciosyambientes.com\\\/producto\\\/gigabyte-aero-rtx-5080-16gb-white-oc\\\/#primaryimage\"},\"thumbnailUrl\":\"https:\\\/\\\/espaciosyambientes.com\\\/wp-content\\\/uploads\\\/2025\\\/06\\\/GeForce-RTX\u2122-5080-AERO-OC-SFF-16G-10.png\",\"datePublished\":\"2025-06-14T21:23:43+00:00\",\"dateModified\":\"2026-02-04T00:23:10+00:00\",\"breadcrumb\":{\"@id\":\"https:\\\/\\\/espaciosyambientes.com\\\/producto\\\/gigabyte-aero-rtx-5080-16gb-white-oc\\\/#breadcrumb\"},\"inLanguage\":\"es\",\"potentialAction\":[{\"@type\":\"ReadAction\",\"target\":[\"https:\\\/\\\/espaciosyambientes.com\\\/producto\\\/gigabyte-aero-rtx-5080-16gb-white-oc\\\/\"]}]},{\"@type\":\"ImageObject\",\"inLanguage\":\"es\",\"@id\":\"https:\\\/\\\/espaciosyambientes.com\\\/producto\\\/gigabyte-aero-rtx-5080-16gb-white-oc\\\/#primaryimage\",\"url\":\"https:\\\/\\\/espaciosyambientes.com\\\/wp-content\\\/uploads\\\/2025\\\/06\\\/GeForce-RTX\u2122-5080-AERO-OC-SFF-16G-10.png\",\"contentUrl\":\"https:\\\/\\\/espaciosyambientes.com\\\/wp-content\\\/uploads\\\/2025\\\/06\\\/GeForce-RTX\u2122-5080-AERO-OC-SFF-16G-10.png\",\"width\":2000,\"height\":2000},{\"@type\":\"BreadcrumbList\",\"@id\":\"https:\\\/\\\/espaciosyambientes.com\\\/producto\\\/gigabyte-aero-rtx-5080-16gb-white-oc\\\/#breadcrumb\",\"itemListElement\":[{\"@type\":\"ListItem\",\"position\":1,\"name\":\"Home\",\"item\":\"https:\\\/\\\/espaciosyambientes.com\\\/\"},{\"@type\":\"ListItem\",\"position\":2,\"name\":\"Tienda\",\"item\":\"https:\\\/\\\/espaciosyambientes.com\\\/tienda\\\/\"},{\"@type\":\"ListItem\",\"position\":3,\"name\":\"GIGABYTE AERO RTX 5080 16GB WHITE OC\"}]},{\"@type\":\"WebSite\",\"@id\":\"https:\\\/\\\/espaciosyambientes.com\\\/es_es\\\/#website\",\"url\":\"https:\\\/\\\/espaciosyambientes.com\\\/es_es\\\/\",\"name\":\"PC MASTERS BOGOTA\",\"description\":\"\",\"potentialAction\":[{\"@type\":\"SearchAction\",\"target\":{\"@type\":\"EntryPoint\",\"urlTemplate\":\"https:\\\/\\\/espaciosyambientes.com\\\/es_es\\\/?s={search_term_string}\"},\"query-input\":{\"@type\":\"PropertyValueSpecification\",\"valueRequired\":true,\"valueName\":\"search_term_string\"}}],\"inLanguage\":\"es\"}]}<\/script>\n<!-- \/ Yoast SEO plugin. -->","yoast_head_json":{"title":"GIGABYTE AERO RTX 5080 16GB WHITE OC - PC MASTERS BOGOTA","robots":{"index":"index","follow":"follow","max-snippet":"max-snippet:-1","max-image-preview":"max-image-preview:large","max-video-preview":"max-video-preview:-1"},"canonical":"https:\/\/espaciosyambientes.com\/es_es\/producto\/gigabyte-aero-rtx-5080-16gb-white-oc\/","og_locale":"es_ES","og_type":"article","og_title":"GIGABYTE AERO RTX 5080 16GB WHITE OC - PC MASTERS BOGOTA","og_description":"Impulsado por la arquitectura NVIDIA Blackwell y DLSS 4 Impulsado por GeForce RTX\u2122 5080 Integrado con 16 GB de memoria GDDR7 de 256 bits Sistema de refrigeraci\u00f3n WINDFORCE Ventilador Hawk Gel conductor t\u00e9rmico de grado servidor Iluminaci\u00f3n RGB BIOS dual (Rendimiento\/Silencioso) +Compatible con NVIDIA SFF Estructura reforzada Soporte VGA vers\u00e1til 4 a\u00f1os de garant\u00eda (Se requiere registro en l\u00ednea) CORE CLOCK   2730 MHz (Reference: 2617 MHz)","og_url":"https:\/\/espaciosyambientes.com\/es_es\/producto\/gigabyte-aero-rtx-5080-16gb-white-oc\/","og_site_name":"PC MASTERS BOGOTA","article_modified_time":"2026-02-04T00:23:10+00:00","og_image":[{"width":2000,"height":2000,"url":"https:\/\/espaciosyambientes.com\/wp-content\/uploads\/2025\/06\/GeForce-RTX\u2122-5080-AERO-OC-SFF-16G-10.png","type":"image\/png"}],"twitter_card":"summary_large_image","twitter_misc":{"Tiempo de lectura":"2 minutos"},"schema":{"@context":"https:\/\/schema.org","@graph":[{"@type":"WebPage","@id":"https:\/\/espaciosyambientes.com\/producto\/gigabyte-aero-rtx-5080-16gb-white-oc\/","url":"https:\/\/espaciosyambientes.com\/producto\/gigabyte-aero-rtx-5080-16gb-white-oc\/","name":"GIGABYTE AERO RTX 5080 16GB WHITE OC - PC MASTERS BOGOTA","isPartOf":{"@id":"https:\/\/espaciosyambientes.com\/es_es\/#website"},"primaryImageOfPage":{"@id":"https:\/\/espaciosyambientes.com\/producto\/gigabyte-aero-rtx-5080-16gb-white-oc\/#primaryimage"},"image":{"@id":"https:\/\/espaciosyambientes.com\/producto\/gigabyte-aero-rtx-5080-16gb-white-oc\/#primaryimage"},"thumbnailUrl":"https:\/\/espaciosyambientes.com\/wp-content\/uploads\/2025\/06\/GeForce-RTX\u2122-5080-AERO-OC-SFF-16G-10.png","datePublished":"2025-06-14T21:23:43+00:00","dateModified":"2026-02-04T00:23:10+00:00","breadcrumb":{"@id":"https:\/\/espaciosyambientes.com\/producto\/gigabyte-aero-rtx-5080-16gb-white-oc\/#breadcrumb"},"inLanguage":"es","potentialAction":[{"@type":"ReadAction","target":["https:\/\/espaciosyambientes.com\/producto\/gigabyte-aero-rtx-5080-16gb-white-oc\/"]}]},{"@type":"ImageObject","inLanguage":"es","@id":"https:\/\/espaciosyambientes.com\/producto\/gigabyte-aero-rtx-5080-16gb-white-oc\/#primaryimage","url":"https:\/\/espaciosyambientes.com\/wp-content\/uploads\/2025\/06\/GeForce-RTX\u2122-5080-AERO-OC-SFF-16G-10.png","contentUrl":"https:\/\/espaciosyambientes.com\/wp-content\/uploads\/2025\/06\/GeForce-RTX\u2122-5080-AERO-OC-SFF-16G-10.png","width":2000,"height":2000},{"@type":"BreadcrumbList","@id":"https:\/\/espaciosyambientes.com\/producto\/gigabyte-aero-rtx-5080-16gb-white-oc\/#breadcrumb","itemListElement":[{"@type":"ListItem","position":1,"name":"Home","item":"https:\/\/espaciosyambientes.com\/"},{"@type":"ListItem","position":2,"name":"Tienda","item":"https:\/\/espaciosyambientes.com\/tienda\/"},{"@type":"ListItem","position":3,"name":"GIGABYTE AERO RTX 5080 16GB WHITE OC"}]},{"@type":"WebSite","@id":"https:\/\/espaciosyambientes.com\/es_es\/#website","url":"https:\/\/espaciosyambientes.com\/es_es\/","name":"PC MASTERS BOGOTA","description":"","potentialAction":[{"@type":"SearchAction","target":{"@type":"EntryPoint","urlTemplate":"https:\/\/espaciosyambientes.com\/es_es\/?s={search_term_string}"},"query-input":{"@type":"PropertyValueSpecification","valueRequired":true,"valueName":"search_term_string"}}],"inLanguage":"es"}]}},"_links":{"self":[{"href":"http:\/\/espaciosyambientes.com\/es_es\/wp-json\/wp\/v2\/product\/28141","targetHints":{"allow":["GET"]}}],"collection":[{"href":"http:\/\/espaciosyambientes.com\/es_es\/wp-json\/wp\/v2\/product"}],"about":[{"href":"http:\/\/espaciosyambientes.com\/es_es\/wp-json\/wp\/v2\/types\/product"}],"replies":[{"embeddable":true,"href":"http:\/\/espaciosyambientes.com\/es_es\/wp-json\/wp\/v2\/comments?post=28141"}],"version-history":[{"count":5,"href":"http:\/\/espaciosyambientes.com\/es_es\/wp-json\/wp\/v2\/product\/28141\/revisions"}],"predecessor-version":[{"id":28169,"href":"http:\/\/espaciosyambientes.com\/es_es\/wp-json\/wp\/v2\/product\/28141\/revisions\/28169"}],"wp:featuredmedia":[{"embeddable":true,"href":"http:\/\/espaciosyambientes.com\/es_es\/wp-json\/wp\/v2\/media\/28157"}],"wp:attachment":[{"href":"http:\/\/espaciosyambientes.com\/es_es\/wp-json\/wp\/v2\/media?parent=28141"}],"wp:term":[{"taxonomy":"product_brand","embeddable":true,"href":"http:\/\/espaciosyambientes.com\/es_es\/wp-json\/wp\/v2\/product_brand?post=28141"},{"taxonomy":"product_cat","embeddable":true,"href":"http:\/\/espaciosyambientes.com\/es_es\/wp-json\/wp\/v2\/product_cat?post=28141"},{"taxonomy":"product_tag","embeddable":true,"href":"http:\/\/espaciosyambientes.com\/es_es\/wp-json\/wp\/v2\/product_tag?post=28141"}],"curies":[{"name":"wp","href":"https:\/\/api.w.org\/{rel}","templated":true}]}}