{"id":28139,"date":"2025-06-14T16:10:57","date_gmt":"2025-06-14T21:10:57","guid":{"rendered":"https:\/\/espaciosyambientes.com\/?post_type=product&#038;p=28139"},"modified":"2026-01-30T13:48:05","modified_gmt":"2026-01-30T18:48:05","slug":"1tb-viper-gaming-vp4000-mini-m-2-2230","status":"publish","type":"product","link":"http:\/\/espaciosyambientes.com\/es_es\/producto\/1tb-viper-gaming-vp4000-mini-m-2-2230\/","title":{"rendered":"1TB VIPER GAMING VP4000 Mini M.2 2230"},"content":{"rendered":"<p style=\"text-align: center;\"><a href=\"https:\/\/espaciosyambientes.com\/wp-content\/uploads\/2025\/06\/imagen_2025-06-14_160141860.png\"><img loading=\"lazy\" decoding=\"async\" class=\"alignnone size-full wp-image-28124\" src=\"https:\/\/espaciosyambientes.com\/wp-content\/uploads\/2025\/06\/imagen_2025-06-14_160141860.png\" alt=\"\" width=\"1980\" height=\"684\" srcset=\"https:\/\/espaciosyambientes.com\/wp-content\/uploads\/2025\/06\/imagen_2025-06-14_160141860.png 1980w, https:\/\/espaciosyambientes.com\/wp-content\/uploads\/2025\/06\/imagen_2025-06-14_160141860-430x149.png 430w, https:\/\/espaciosyambientes.com\/wp-content\/uploads\/2025\/06\/imagen_2025-06-14_160141860-150x52.png 150w, https:\/\/espaciosyambientes.com\/wp-content\/uploads\/2025\/06\/imagen_2025-06-14_160141860-700x242.png 700w, https:\/\/espaciosyambientes.com\/wp-content\/uploads\/2025\/06\/imagen_2025-06-14_160141860-300x104.png 300w, https:\/\/espaciosyambientes.com\/wp-content\/uploads\/2025\/06\/imagen_2025-06-14_160141860-1024x354.png 1024w, https:\/\/espaciosyambientes.com\/wp-content\/uploads\/2025\/06\/imagen_2025-06-14_160141860-768x265.png 768w, https:\/\/espaciosyambientes.com\/wp-content\/uploads\/2025\/06\/imagen_2025-06-14_160141860-1536x531.png 1536w, https:\/\/espaciosyambientes.com\/wp-content\/uploads\/2025\/06\/imagen_2025-06-14_160141860-18x6.png 18w\" sizes=\"auto, (max-width: 1980px) 100vw, 1980px\" \/><\/a> <a href=\"https:\/\/espaciosyambientes.com\/wp-content\/uploads\/2025\/06\/imagen_2025-06-14_160158863.png\"><img loading=\"lazy\" decoding=\"async\" class=\"alignnone size-full wp-image-28125\" src=\"https:\/\/espaciosyambientes.com\/wp-content\/uploads\/2025\/06\/imagen_2025-06-14_160158863.png\" alt=\"\" width=\"1932\" height=\"665\" srcset=\"https:\/\/espaciosyambientes.com\/wp-content\/uploads\/2025\/06\/imagen_2025-06-14_160158863.png 1932w, https:\/\/espaciosyambientes.com\/wp-content\/uploads\/2025\/06\/imagen_2025-06-14_160158863-430x148.png 430w, https:\/\/espaciosyambientes.com\/wp-content\/uploads\/2025\/06\/imagen_2025-06-14_160158863-150x52.png 150w, https:\/\/espaciosyambientes.com\/wp-content\/uploads\/2025\/06\/imagen_2025-06-14_160158863-700x241.png 700w, https:\/\/espaciosyambientes.com\/wp-content\/uploads\/2025\/06\/imagen_2025-06-14_160158863-300x103.png 300w, https:\/\/espaciosyambientes.com\/wp-content\/uploads\/2025\/06\/imagen_2025-06-14_160158863-1024x352.png 1024w, https:\/\/espaciosyambientes.com\/wp-content\/uploads\/2025\/06\/imagen_2025-06-14_160158863-768x264.png 768w, https:\/\/espaciosyambientes.com\/wp-content\/uploads\/2025\/06\/imagen_2025-06-14_160158863-1536x529.png 1536w, https:\/\/espaciosyambientes.com\/wp-content\/uploads\/2025\/06\/imagen_2025-06-14_160158863-18x6.png 18w\" sizes=\"auto, (max-width: 1932px) 100vw, 1932px\" \/><\/a><\/p>\n<h2>Integraci\u00f3n mejorada de ROG Ally<\/h2>\n<p>El Patriot VP4000 Mini no solo se integra a la perfecci\u00f3n con el sistema ROG Ally, sino que tambi\u00e9n ofrece un rendimiento considerablemente superior. Con una capacidad de ampliaci\u00f3n de hasta cuatro veces, los usuarios pueden disfrutar de un mayor espacio de almacenamiento, adapt\u00e1ndose a sus crecientes necesidades digitales. Adem\u00e1s, el VP4000 Mini ofrece un impresionante aumento del 20 % en el rendimiento, lo que garantiza una experiencia inform\u00e1tica m\u00e1s fluida y con mayor capacidad de respuesta para los usuarios de ROG Ally. Esta mejora supone un avance significativo en la tecnolog\u00eda de almacenamiento, que se adapta perfectamente a las exigencias de alto rendimiento del ecosistema ROG Ally.<a href=\"https:\/\/espaciosyambientes.com\/wp-content\/uploads\/2025\/06\/imagen_2025-06-14_160240202.png\"><img loading=\"lazy\" decoding=\"async\" class=\"alignnone size-full wp-image-28126\" src=\"https:\/\/espaciosyambientes.com\/wp-content\/uploads\/2025\/06\/imagen_2025-06-14_160240202.png\" alt=\"\" width=\"1997\" height=\"684\" srcset=\"https:\/\/espaciosyambientes.com\/wp-content\/uploads\/2025\/06\/imagen_2025-06-14_160240202.png 1997w, https:\/\/espaciosyambientes.com\/wp-content\/uploads\/2025\/06\/imagen_2025-06-14_160240202-430x147.png 430w, https:\/\/espaciosyambientes.com\/wp-content\/uploads\/2025\/06\/imagen_2025-06-14_160240202-150x51.png 150w, https:\/\/espaciosyambientes.com\/wp-content\/uploads\/2025\/06\/imagen_2025-06-14_160240202-700x240.png 700w, https:\/\/espaciosyambientes.com\/wp-content\/uploads\/2025\/06\/imagen_2025-06-14_160240202-300x103.png 300w, https:\/\/espaciosyambientes.com\/wp-content\/uploads\/2025\/06\/imagen_2025-06-14_160240202-1024x351.png 1024w, https:\/\/espaciosyambientes.com\/wp-content\/uploads\/2025\/06\/imagen_2025-06-14_160240202-768x263.png 768w, https:\/\/espaciosyambientes.com\/wp-content\/uploads\/2025\/06\/imagen_2025-06-14_160240202-1536x526.png 1536w, https:\/\/espaciosyambientes.com\/wp-content\/uploads\/2025\/06\/imagen_2025-06-14_160240202-18x6.png 18w\" sizes=\"auto, (max-width: 1997px) 100vw, 1997px\" \/><\/a> <a href=\"https:\/\/espaciosyambientes.com\/wp-content\/uploads\/2025\/06\/imagen_2025-06-14_160255242.png\"><img loading=\"lazy\" decoding=\"async\" class=\"alignnone size-full wp-image-28127\" src=\"https:\/\/espaciosyambientes.com\/wp-content\/uploads\/2025\/06\/imagen_2025-06-14_160255242.png\" alt=\"\" width=\"1972\" height=\"691\" srcset=\"https:\/\/espaciosyambientes.com\/wp-content\/uploads\/2025\/06\/imagen_2025-06-14_160255242.png 1972w, https:\/\/espaciosyambientes.com\/wp-content\/uploads\/2025\/06\/imagen_2025-06-14_160255242-430x151.png 430w, https:\/\/espaciosyambientes.com\/wp-content\/uploads\/2025\/06\/imagen_2025-06-14_160255242-150x53.png 150w, https:\/\/espaciosyambientes.com\/wp-content\/uploads\/2025\/06\/imagen_2025-06-14_160255242-700x245.png 700w, https:\/\/espaciosyambientes.com\/wp-content\/uploads\/2025\/06\/imagen_2025-06-14_160255242-300x105.png 300w, https:\/\/espaciosyambientes.com\/wp-content\/uploads\/2025\/06\/imagen_2025-06-14_160255242-1024x359.png 1024w, https:\/\/espaciosyambientes.com\/wp-content\/uploads\/2025\/06\/imagen_2025-06-14_160255242-768x269.png 768w, https:\/\/espaciosyambientes.com\/wp-content\/uploads\/2025\/06\/imagen_2025-06-14_160255242-1536x538.png 1536w, https:\/\/espaciosyambientes.com\/wp-content\/uploads\/2025\/06\/imagen_2025-06-14_160255242-18x6.png 18w\" sizes=\"auto, (max-width: 1972px) 100vw, 1972px\" \/><\/a> <a href=\"https:\/\/espaciosyambientes.com\/wp-content\/uploads\/2025\/06\/imagen_2025-06-14_160311332.png\"><img loading=\"lazy\" decoding=\"async\" class=\"alignnone size-full wp-image-28128\" src=\"https:\/\/espaciosyambientes.com\/wp-content\/uploads\/2025\/06\/imagen_2025-06-14_160311332.png\" alt=\"\" width=\"1951\" height=\"886\" srcset=\"https:\/\/espaciosyambientes.com\/wp-content\/uploads\/2025\/06\/imagen_2025-06-14_160311332.png 1951w, https:\/\/espaciosyambientes.com\/wp-content\/uploads\/2025\/06\/imagen_2025-06-14_160311332-430x195.png 430w, https:\/\/espaciosyambientes.com\/wp-content\/uploads\/2025\/06\/imagen_2025-06-14_160311332-150x68.png 150w, https:\/\/espaciosyambientes.com\/wp-content\/uploads\/2025\/06\/imagen_2025-06-14_160311332-700x318.png 700w, https:\/\/espaciosyambientes.com\/wp-content\/uploads\/2025\/06\/imagen_2025-06-14_160311332-300x136.png 300w, https:\/\/espaciosyambientes.com\/wp-content\/uploads\/2025\/06\/imagen_2025-06-14_160311332-1024x465.png 1024w, https:\/\/espaciosyambientes.com\/wp-content\/uploads\/2025\/06\/imagen_2025-06-14_160311332-768x349.png 768w, https:\/\/espaciosyambientes.com\/wp-content\/uploads\/2025\/06\/imagen_2025-06-14_160311332-1536x698.png 1536w, https:\/\/espaciosyambientes.com\/wp-content\/uploads\/2025\/06\/imagen_2025-06-14_160311332-18x8.png 18w\" sizes=\"auto, (max-width: 1951px) 100vw, 1951px\" \/><img decoding=\"async\" src=\"https:\/\/cdn.prod.website-files.com\/63b6412d4ef17b35c8b5f9d5\/655da5095918fce2c1982799_features_vp4000mini_06.jpg\" alt=\"SSD para juegos VP4000 Mini M.2 2230 PCIe Gen4 x4\" \/><\/a><\/p>\n<h2>Tranquilidad con garant\u00eda de 5 a\u00f1os<\/h2>\n<p>Su inversi\u00f3n est\u00e1 protegida con una generosa garant\u00eda de 5 a\u00f1os, que demuestra nuestro compromiso con la durabilidad y la confiabilidad.<\/p>\n<p>&nbsp;<\/p>\n","protected":false},"excerpt":{"rendered":"<ul role=\"list\">\n<li>Velocidades de lectura\/escritura secuencial de hasta 5000 MB\/s, 3500 MB\/s<\/li>\n<li>Compatible con NVMe 1.4<\/li>\n<li>Disipador de calor de refrigeraci\u00f3n ultrafino de edici\u00f3n especial<\/li>\n<li>Compatible con ROG Ally y Steam Deck<\/li>\n<li>Hasta 2 TB de almacenamiento<\/li>\n<li>Garant\u00eda de cinco a\u00f1os<\/li>\n<\/ul>\n","protected":false},"featured_media":28137,"comment_status":"closed","ping_status":"closed","template":"","meta":[],"product_brand":[114],"product_cat":[28],"product_tag":[351,562,116],"class_list":{"0":"post-28139","1":"product","2":"type-product","3":"status-publish","4":"has-post-thumbnail","6":"product_brand-viper","7":"product_cat-ssd","8":"product_tag-m-2-nmve","9":"product_tag-steam-deck","10":"product_tag-viper","12":"first","13":"instock","14":"taxable","15":"shipping-taxable","16":"purchasable","17":"product-type-simple"},"yoast_head":"<!-- This site is optimized with the Yoast SEO plugin v27.3 - https:\/\/yoast.com\/product\/yoast-seo-wordpress\/ -->\n<title>1TB VIPER GAMING VP4000 Mini M.2 2230 - PC MASTERS BOGOTA<\/title>\n<meta name=\"robots\" content=\"index, follow, max-snippet:-1, max-image-preview:large, max-video-preview:-1\" \/>\n<link rel=\"canonical\" href=\"https:\/\/espaciosyambientes.com\/es_es\/producto\/1tb-viper-gaming-vp4000-mini-m-2-2230\/\" \/>\n<meta property=\"og:locale\" content=\"es_ES\" \/>\n<meta property=\"og:type\" content=\"article\" \/>\n<meta property=\"og:title\" content=\"1TB VIPER GAMING VP4000 Mini M.2 2230 - PC MASTERS BOGOTA\" \/>\n<meta property=\"og:description\" content=\"Velocidades de lectura\/escritura secuencial de hasta 5000 MB\/s, 3500 MB\/s  Compatible con NVMe 1.4  Disipador de calor de refrigeraci\u00f3n ultrafino de edici\u00f3n especial  Compatible con ROG Ally y Steam Deck  Hasta 2 TB de almacenamiento  Garant\u00eda de cinco a\u00f1os\" \/>\n<meta property=\"og:url\" content=\"https:\/\/espaciosyambientes.com\/es_es\/producto\/1tb-viper-gaming-vp4000-mini-m-2-2230\/\" \/>\n<meta property=\"og:site_name\" content=\"PC MASTERS BOGOTA\" \/>\n<meta property=\"article:modified_time\" content=\"2026-01-30T18:48:05+00:00\" \/>\n<meta property=\"og:image\" content=\"https:\/\/espaciosyambientes.com\/wp-content\/uploads\/2025\/06\/Image_2TB_D.jpg\" \/>\n\t<meta property=\"og:image:width\" content=\"1200\" \/>\n\t<meta property=\"og:image:height\" content=\"1200\" \/>\n\t<meta property=\"og:image:type\" content=\"image\/jpeg\" \/>\n<meta name=\"twitter:card\" content=\"summary_large_image\" \/>\n<meta name=\"twitter:label1\" content=\"Tiempo de lectura\" \/>\n\t<meta name=\"twitter:data1\" content=\"3 minutos\" \/>\n<script type=\"application\/ld+json\" class=\"yoast-schema-graph\">{\"@context\":\"https:\\\/\\\/schema.org\",\"@graph\":[{\"@type\":\"WebPage\",\"@id\":\"https:\\\/\\\/espaciosyambientes.com\\\/producto\\\/1tb-viper-gaming-vp4000-mini-m-2-2230\\\/\",\"url\":\"https:\\\/\\\/espaciosyambientes.com\\\/producto\\\/1tb-viper-gaming-vp4000-mini-m-2-2230\\\/\",\"name\":\"1TB VIPER GAMING VP4000 Mini M.2 2230 - PC MASTERS BOGOTA\",\"isPartOf\":{\"@id\":\"https:\\\/\\\/espaciosyambientes.com\\\/es_es\\\/#website\"},\"primaryImageOfPage\":{\"@id\":\"https:\\\/\\\/espaciosyambientes.com\\\/producto\\\/1tb-viper-gaming-vp4000-mini-m-2-2230\\\/#primaryimage\"},\"image\":{\"@id\":\"https:\\\/\\\/espaciosyambientes.com\\\/producto\\\/1tb-viper-gaming-vp4000-mini-m-2-2230\\\/#primaryimage\"},\"thumbnailUrl\":\"https:\\\/\\\/espaciosyambientes.com\\\/wp-content\\\/uploads\\\/2025\\\/06\\\/Image_2TB_D.jpg\",\"datePublished\":\"2025-06-14T21:10:57+00:00\",\"dateModified\":\"2026-01-30T18:48:05+00:00\",\"breadcrumb\":{\"@id\":\"https:\\\/\\\/espaciosyambientes.com\\\/producto\\\/1tb-viper-gaming-vp4000-mini-m-2-2230\\\/#breadcrumb\"},\"inLanguage\":\"es\",\"potentialAction\":[{\"@type\":\"ReadAction\",\"target\":[\"https:\\\/\\\/espaciosyambientes.com\\\/producto\\\/1tb-viper-gaming-vp4000-mini-m-2-2230\\\/\"]}]},{\"@type\":\"ImageObject\",\"inLanguage\":\"es\",\"@id\":\"https:\\\/\\\/espaciosyambientes.com\\\/producto\\\/1tb-viper-gaming-vp4000-mini-m-2-2230\\\/#primaryimage\",\"url\":\"https:\\\/\\\/espaciosyambientes.com\\\/wp-content\\\/uploads\\\/2025\\\/06\\\/Image_2TB_D.jpg\",\"contentUrl\":\"https:\\\/\\\/espaciosyambientes.com\\\/wp-content\\\/uploads\\\/2025\\\/06\\\/Image_2TB_D.jpg\",\"width\":1200,\"height\":1200},{\"@type\":\"BreadcrumbList\",\"@id\":\"https:\\\/\\\/espaciosyambientes.com\\\/producto\\\/1tb-viper-gaming-vp4000-mini-m-2-2230\\\/#breadcrumb\",\"itemListElement\":[{\"@type\":\"ListItem\",\"position\":1,\"name\":\"Home\",\"item\":\"https:\\\/\\\/espaciosyambientes.com\\\/\"},{\"@type\":\"ListItem\",\"position\":2,\"name\":\"Tienda\",\"item\":\"https:\\\/\\\/espaciosyambientes.com\\\/tienda\\\/\"},{\"@type\":\"ListItem\",\"position\":3,\"name\":\"1TB VIPER GAMING VP4000 Mini M.2 2230\"}]},{\"@type\":\"WebSite\",\"@id\":\"https:\\\/\\\/espaciosyambientes.com\\\/es_es\\\/#website\",\"url\":\"https:\\\/\\\/espaciosyambientes.com\\\/es_es\\\/\",\"name\":\"PC MASTERS BOGOTA\",\"description\":\"\",\"potentialAction\":[{\"@type\":\"SearchAction\",\"target\":{\"@type\":\"EntryPoint\",\"urlTemplate\":\"https:\\\/\\\/espaciosyambientes.com\\\/es_es\\\/?s={search_term_string}\"},\"query-input\":{\"@type\":\"PropertyValueSpecification\",\"valueRequired\":true,\"valueName\":\"search_term_string\"}}],\"inLanguage\":\"es\"}]}<\/script>\n<!-- \/ Yoast SEO plugin. -->","yoast_head_json":{"title":"1TB VIPER GAMING VP4000 Mini M.2 2230 - PC MASTERS BOGOTA","robots":{"index":"index","follow":"follow","max-snippet":"max-snippet:-1","max-image-preview":"max-image-preview:large","max-video-preview":"max-video-preview:-1"},"canonical":"https:\/\/espaciosyambientes.com\/es_es\/producto\/1tb-viper-gaming-vp4000-mini-m-2-2230\/","og_locale":"es_ES","og_type":"article","og_title":"1TB VIPER GAMING VP4000 Mini M.2 2230 - PC MASTERS BOGOTA","og_description":"Velocidades de lectura\/escritura secuencial de hasta 5000 MB\/s, 3500 MB\/s  Compatible con NVMe 1.4  Disipador de calor de refrigeraci\u00f3n ultrafino de edici\u00f3n especial  Compatible con ROG Ally y Steam Deck  Hasta 2 TB de almacenamiento  Garant\u00eda de cinco a\u00f1os","og_url":"https:\/\/espaciosyambientes.com\/es_es\/producto\/1tb-viper-gaming-vp4000-mini-m-2-2230\/","og_site_name":"PC MASTERS BOGOTA","article_modified_time":"2026-01-30T18:48:05+00:00","og_image":[{"width":1200,"height":1200,"url":"https:\/\/espaciosyambientes.com\/wp-content\/uploads\/2025\/06\/Image_2TB_D.jpg","type":"image\/jpeg"}],"twitter_card":"summary_large_image","twitter_misc":{"Tiempo de lectura":"3 minutos"},"schema":{"@context":"https:\/\/schema.org","@graph":[{"@type":"WebPage","@id":"https:\/\/espaciosyambientes.com\/producto\/1tb-viper-gaming-vp4000-mini-m-2-2230\/","url":"https:\/\/espaciosyambientes.com\/producto\/1tb-viper-gaming-vp4000-mini-m-2-2230\/","name":"1TB VIPER GAMING VP4000 Mini M.2 2230 - PC MASTERS BOGOTA","isPartOf":{"@id":"https:\/\/espaciosyambientes.com\/es_es\/#website"},"primaryImageOfPage":{"@id":"https:\/\/espaciosyambientes.com\/producto\/1tb-viper-gaming-vp4000-mini-m-2-2230\/#primaryimage"},"image":{"@id":"https:\/\/espaciosyambientes.com\/producto\/1tb-viper-gaming-vp4000-mini-m-2-2230\/#primaryimage"},"thumbnailUrl":"https:\/\/espaciosyambientes.com\/wp-content\/uploads\/2025\/06\/Image_2TB_D.jpg","datePublished":"2025-06-14T21:10:57+00:00","dateModified":"2026-01-30T18:48:05+00:00","breadcrumb":{"@id":"https:\/\/espaciosyambientes.com\/producto\/1tb-viper-gaming-vp4000-mini-m-2-2230\/#breadcrumb"},"inLanguage":"es","potentialAction":[{"@type":"ReadAction","target":["https:\/\/espaciosyambientes.com\/producto\/1tb-viper-gaming-vp4000-mini-m-2-2230\/"]}]},{"@type":"ImageObject","inLanguage":"es","@id":"https:\/\/espaciosyambientes.com\/producto\/1tb-viper-gaming-vp4000-mini-m-2-2230\/#primaryimage","url":"https:\/\/espaciosyambientes.com\/wp-content\/uploads\/2025\/06\/Image_2TB_D.jpg","contentUrl":"https:\/\/espaciosyambientes.com\/wp-content\/uploads\/2025\/06\/Image_2TB_D.jpg","width":1200,"height":1200},{"@type":"BreadcrumbList","@id":"https:\/\/espaciosyambientes.com\/producto\/1tb-viper-gaming-vp4000-mini-m-2-2230\/#breadcrumb","itemListElement":[{"@type":"ListItem","position":1,"name":"Home","item":"https:\/\/espaciosyambientes.com\/"},{"@type":"ListItem","position":2,"name":"Tienda","item":"https:\/\/espaciosyambientes.com\/tienda\/"},{"@type":"ListItem","position":3,"name":"1TB VIPER GAMING VP4000 Mini M.2 2230"}]},{"@type":"WebSite","@id":"https:\/\/espaciosyambientes.com\/es_es\/#website","url":"https:\/\/espaciosyambientes.com\/es_es\/","name":"PC MASTERS BOGOTA","description":"","potentialAction":[{"@type":"SearchAction","target":{"@type":"EntryPoint","urlTemplate":"https:\/\/espaciosyambientes.com\/es_es\/?s={search_term_string}"},"query-input":{"@type":"PropertyValueSpecification","valueRequired":true,"valueName":"search_term_string"}}],"inLanguage":"es"}]}},"_links":{"self":[{"href":"http:\/\/espaciosyambientes.com\/es_es\/wp-json\/wp\/v2\/product\/28139","targetHints":{"allow":["GET"]}}],"collection":[{"href":"http:\/\/espaciosyambientes.com\/es_es\/wp-json\/wp\/v2\/product"}],"about":[{"href":"http:\/\/espaciosyambientes.com\/es_es\/wp-json\/wp\/v2\/types\/product"}],"replies":[{"embeddable":true,"href":"http:\/\/espaciosyambientes.com\/es_es\/wp-json\/wp\/v2\/comments?post=28139"}],"version-history":[{"count":1,"href":"http:\/\/espaciosyambientes.com\/es_es\/wp-json\/wp\/v2\/product\/28139\/revisions"}],"predecessor-version":[{"id":28140,"href":"http:\/\/espaciosyambientes.com\/es_es\/wp-json\/wp\/v2\/product\/28139\/revisions\/28140"}],"wp:featuredmedia":[{"embeddable":true,"href":"http:\/\/espaciosyambientes.com\/es_es\/wp-json\/wp\/v2\/media\/28137"}],"wp:attachment":[{"href":"http:\/\/espaciosyambientes.com\/es_es\/wp-json\/wp\/v2\/media?parent=28139"}],"wp:term":[{"taxonomy":"product_brand","embeddable":true,"href":"http:\/\/espaciosyambientes.com\/es_es\/wp-json\/wp\/v2\/product_brand?post=28139"},{"taxonomy":"product_cat","embeddable":true,"href":"http:\/\/espaciosyambientes.com\/es_es\/wp-json\/wp\/v2\/product_cat?post=28139"},{"taxonomy":"product_tag","embeddable":true,"href":"http:\/\/espaciosyambientes.com\/es_es\/wp-json\/wp\/v2\/product_tag?post=28139"}],"curies":[{"name":"wp","href":"https:\/\/api.w.org\/{rel}","templated":true}]}}