{"id":27873,"date":"2025-06-07T16:25:57","date_gmt":"2025-06-07T21:25:57","guid":{"rendered":"https:\/\/espaciosyambientes.com\/?post_type=product&#038;p=27873"},"modified":"2025-06-07T16:49:52","modified_gmt":"2025-06-07T21:49:52","slug":"be-quiet-pure-rock-pro-3-lx","status":"publish","type":"product","link":"http:\/\/espaciosyambientes.com\/es_es\/producto\/be-quiet-pure-rock-pro-3-lx\/","title":{"rendered":"BE QUIET! PURE ROCK PRO 3 LX"},"content":{"rendered":"<p style=\"text-align: center;\"><a href=\"https:\/\/espaciosyambientes.com\/wp-content\/uploads\/2025\/06\/imagen_2025-06-07_160054743.png\"><img loading=\"lazy\" decoding=\"async\" class=\"alignnone size-large wp-image-27874\" src=\"https:\/\/espaciosyambientes.com\/wp-content\/uploads\/2025\/06\/imagen_2025-06-07_160054743-1024x278.png\" alt=\"\" width=\"1024\" height=\"278\" srcset=\"https:\/\/espaciosyambientes.com\/wp-content\/uploads\/2025\/06\/imagen_2025-06-07_160054743-1024x278.png 1024w, https:\/\/espaciosyambientes.com\/wp-content\/uploads\/2025\/06\/imagen_2025-06-07_160054743-430x117.png 430w, https:\/\/espaciosyambientes.com\/wp-content\/uploads\/2025\/06\/imagen_2025-06-07_160054743-150x41.png 150w, https:\/\/espaciosyambientes.com\/wp-content\/uploads\/2025\/06\/imagen_2025-06-07_160054743-700x190.png 700w, https:\/\/espaciosyambientes.com\/wp-content\/uploads\/2025\/06\/imagen_2025-06-07_160054743-300x81.png 300w, https:\/\/espaciosyambientes.com\/wp-content\/uploads\/2025\/06\/imagen_2025-06-07_160054743-768x208.png 768w, https:\/\/espaciosyambientes.com\/wp-content\/uploads\/2025\/06\/imagen_2025-06-07_160054743-18x5.png 18w, https:\/\/espaciosyambientes.com\/wp-content\/uploads\/2025\/06\/imagen_2025-06-07_160054743.png 1142w\" sizes=\"auto, (max-width: 1024px) 100vw, 1024px\" \/><\/a><\/p>\n<div class=\"container-break--line-wrapper highlight-gradient--1\"><\/div>\n<div class=\"container-break--inner-wrapper\">\n<div class=\"tab-content\">\n<div id=\"highlights\" class=\"tab-pane active\" role=\"tabpanel\" aria-expanded=\"true\">\n<section class=\"highlight-background highlight-background--image\">\n<div class=\"highlight-background--inner-wrapper\">\n<div class=\"highlight-background--center-wrapper\">\n<div class=\"row flex-items-xs-middle\">\n<div class=\"col-xs-12 col-md-6\" style=\"text-align: center;\">\n<div class=\"embed-video-box autoplay cpucooler\" data-id=\"whMycCOuWRo\">\n<h2 class=\"heavy\" style=\"text-align: right;\">EXCELENTE CAPACIDAD DE REFRIGERACI\u00d3N<\/h2>\n<p style=\"text-align: right;\"><span class=\"subtitle d-block h3\">Doble torre, doble potencia<\/span>El Pure Rock Pro 3 LX cuenta con 6 tubos de calor de cobre de alto rendimiento con base niquelada. Como resultado, este enfriador de gama alta mantiene siempre tu CPU en rendimiento \u00f3ptimo, incluso en sistemas overclockeados y estaciones de trabajo exigentes. El rendimiento se incrementa a\u00fan m\u00e1s gracias a las salidas de aire en forma de embudo de los ventiladores Light Wings LX 120 mm PWM, que aumentan el flujo de aire sobre las aletas. Adem\u00e1s, las aspas del ventilador est\u00e1n optimizadas para un flujo de aire m\u00e1ximo, lo que convierte a este ventilador en la combinaci\u00f3n ideal para el Pure Rock Pro 3 LX.<\/p>\n<div style=\"width: 1920px;\" class=\"wp-video\"><video class=\"wp-video-shortcode\" id=\"video-27873-1\" width=\"1920\" height=\"1080\" loop autoplay preload=\"auto\" controls=\"controls\"><source type=\"video\/mp4\" src=\"https:\/\/espaciosyambientes.com\/wp-content\/uploads\/2025\/06\/PR3Pro-PV-en_lq.mp4?_=1\" \/><a href=\"https:\/\/espaciosyambientes.com\/wp-content\/uploads\/2025\/06\/PR3Pro-PV-en_lq.mp4\">https:\/\/espaciosyambientes.com\/wp-content\/uploads\/2025\/06\/PR3Pro-PV-en_lq.mp4<\/a><\/video><\/div>\n<\/div>\n<\/div>\n<\/div>\n<\/div>\n<\/div>\n<\/section>\n<\/div>\n<\/div>\n<\/div>\n<p style=\"text-align: center;\"><a href=\"https:\/\/espaciosyambientes.com\/wp-content\/uploads\/2025\/06\/imagen_2025-06-07_160110816.png\"><img loading=\"lazy\" decoding=\"async\" class=\"alignnone size-large wp-image-27875\" src=\"https:\/\/espaciosyambientes.com\/wp-content\/uploads\/2025\/06\/imagen_2025-06-07_160110816-1024x350.png\" alt=\"\" width=\"1024\" height=\"350\" srcset=\"https:\/\/espaciosyambientes.com\/wp-content\/uploads\/2025\/06\/imagen_2025-06-07_160110816-1024x350.png 1024w, https:\/\/espaciosyambientes.com\/wp-content\/uploads\/2025\/06\/imagen_2025-06-07_160110816-430x147.png 430w, https:\/\/espaciosyambientes.com\/wp-content\/uploads\/2025\/06\/imagen_2025-06-07_160110816-150x51.png 150w, https:\/\/espaciosyambientes.com\/wp-content\/uploads\/2025\/06\/imagen_2025-06-07_160110816-700x239.png 700w, https:\/\/espaciosyambientes.com\/wp-content\/uploads\/2025\/06\/imagen_2025-06-07_160110816-300x103.png 300w, https:\/\/espaciosyambientes.com\/wp-content\/uploads\/2025\/06\/imagen_2025-06-07_160110816-768x263.png 768w, https:\/\/espaciosyambientes.com\/wp-content\/uploads\/2025\/06\/imagen_2025-06-07_160110816-18x6.png 18w, https:\/\/espaciosyambientes.com\/wp-content\/uploads\/2025\/06\/imagen_2025-06-07_160110816.png 1454w\" sizes=\"auto, (max-width: 1024px) 100vw, 1024px\" \/><\/a> <a href=\"https:\/\/espaciosyambientes.com\/wp-content\/uploads\/2025\/06\/imagen_2025-06-07_160125502.png\"><img loading=\"lazy\" decoding=\"async\" class=\"alignnone size-large wp-image-27876\" src=\"https:\/\/espaciosyambientes.com\/wp-content\/uploads\/2025\/06\/imagen_2025-06-07_160125502-1024x407.png\" alt=\"\" width=\"1024\" height=\"407\" srcset=\"https:\/\/espaciosyambientes.com\/wp-content\/uploads\/2025\/06\/imagen_2025-06-07_160125502-1024x407.png 1024w, https:\/\/espaciosyambientes.com\/wp-content\/uploads\/2025\/06\/imagen_2025-06-07_160125502-430x171.png 430w, https:\/\/espaciosyambientes.com\/wp-content\/uploads\/2025\/06\/imagen_2025-06-07_160125502-150x60.png 150w, https:\/\/espaciosyambientes.com\/wp-content\/uploads\/2025\/06\/imagen_2025-06-07_160125502-700x279.png 700w, https:\/\/espaciosyambientes.com\/wp-content\/uploads\/2025\/06\/imagen_2025-06-07_160125502-300x119.png 300w, https:\/\/espaciosyambientes.com\/wp-content\/uploads\/2025\/06\/imagen_2025-06-07_160125502-768x306.png 768w, https:\/\/espaciosyambientes.com\/wp-content\/uploads\/2025\/06\/imagen_2025-06-07_160125502-18x7.png 18w, https:\/\/espaciosyambientes.com\/wp-content\/uploads\/2025\/06\/imagen_2025-06-07_160125502.png 1264w\" sizes=\"auto, (max-width: 1024px) 100vw, 1024px\" \/><\/a> <a href=\"https:\/\/espaciosyambientes.com\/wp-content\/uploads\/2025\/06\/imagen_2025-06-07_160149479.png\"><img loading=\"lazy\" decoding=\"async\" class=\"alignnone size-large wp-image-27877\" src=\"https:\/\/espaciosyambientes.com\/wp-content\/uploads\/2025\/06\/imagen_2025-06-07_160149479-1024x327.png\" alt=\"\" width=\"1024\" height=\"327\" srcset=\"https:\/\/espaciosyambientes.com\/wp-content\/uploads\/2025\/06\/imagen_2025-06-07_160149479-1024x327.png 1024w, https:\/\/espaciosyambientes.com\/wp-content\/uploads\/2025\/06\/imagen_2025-06-07_160149479-430x137.png 430w, https:\/\/espaciosyambientes.com\/wp-content\/uploads\/2025\/06\/imagen_2025-06-07_160149479-150x48.png 150w, https:\/\/espaciosyambientes.com\/wp-content\/uploads\/2025\/06\/imagen_2025-06-07_160149479-700x224.png 700w, https:\/\/espaciosyambientes.com\/wp-content\/uploads\/2025\/06\/imagen_2025-06-07_160149479-300x96.png 300w, https:\/\/espaciosyambientes.com\/wp-content\/uploads\/2025\/06\/imagen_2025-06-07_160149479-768x245.png 768w, https:\/\/espaciosyambientes.com\/wp-content\/uploads\/2025\/06\/imagen_2025-06-07_160149479-1536x491.png 1536w, https:\/\/espaciosyambientes.com\/wp-content\/uploads\/2025\/06\/imagen_2025-06-07_160149479-18x6.png 18w, https:\/\/espaciosyambientes.com\/wp-content\/uploads\/2025\/06\/imagen_2025-06-07_160149479.png 1577w\" sizes=\"auto, (max-width: 1024px) 100vw, 1024px\" \/><\/a> <a href=\"https:\/\/espaciosyambientes.com\/wp-content\/uploads\/2025\/06\/imagen_2025-06-07_160204227.png\"><img loading=\"lazy\" decoding=\"async\" class=\"size-large wp-image-27878 aligncenter\" src=\"https:\/\/espaciosyambientes.com\/wp-content\/uploads\/2025\/06\/imagen_2025-06-07_160204227-1024x297.png\" alt=\"\" width=\"1024\" height=\"297\" srcset=\"https:\/\/espaciosyambientes.com\/wp-content\/uploads\/2025\/06\/imagen_2025-06-07_160204227-1024x297.png 1024w, https:\/\/espaciosyambientes.com\/wp-content\/uploads\/2025\/06\/imagen_2025-06-07_160204227-430x125.png 430w, https:\/\/espaciosyambientes.com\/wp-content\/uploads\/2025\/06\/imagen_2025-06-07_160204227-150x43.png 150w, https:\/\/espaciosyambientes.com\/wp-content\/uploads\/2025\/06\/imagen_2025-06-07_160204227-700x203.png 700w, https:\/\/espaciosyambientes.com\/wp-content\/uploads\/2025\/06\/imagen_2025-06-07_160204227-300x87.png 300w, https:\/\/espaciosyambientes.com\/wp-content\/uploads\/2025\/06\/imagen_2025-06-07_160204227-768x222.png 768w, https:\/\/espaciosyambientes.com\/wp-content\/uploads\/2025\/06\/imagen_2025-06-07_160204227-18x5.png 18w, https:\/\/espaciosyambientes.com\/wp-content\/uploads\/2025\/06\/imagen_2025-06-07_160204227.png 1215w\" sizes=\"auto, (max-width: 1024px) 100vw, 1024px\" \/><\/a> <a href=\"https:\/\/espaciosyambientes.com\/wp-content\/uploads\/2025\/06\/imagen_2025-06-07_160228979.png\"><img loading=\"lazy\" decoding=\"async\" class=\"size-full wp-image-27879 aligncenter\" src=\"https:\/\/espaciosyambientes.com\/wp-content\/uploads\/2025\/06\/imagen_2025-06-07_160228979.png\" alt=\"\" width=\"629\" height=\"390\" srcset=\"https:\/\/espaciosyambientes.com\/wp-content\/uploads\/2025\/06\/imagen_2025-06-07_160228979.png 629w, https:\/\/espaciosyambientes.com\/wp-content\/uploads\/2025\/06\/imagen_2025-06-07_160228979-430x267.png 430w, https:\/\/espaciosyambientes.com\/wp-content\/uploads\/2025\/06\/imagen_2025-06-07_160228979-150x93.png 150w, https:\/\/espaciosyambientes.com\/wp-content\/uploads\/2025\/06\/imagen_2025-06-07_160228979-300x186.png 300w, https:\/\/espaciosyambientes.com\/wp-content\/uploads\/2025\/06\/imagen_2025-06-07_160228979-18x12.png 18w\" sizes=\"auto, (max-width: 629px) 100vw, 629px\" \/><\/a> <a href=\"https:\/\/espaciosyambientes.com\/wp-content\/uploads\/2025\/06\/imagen_2025-06-07_160239674.png\"><img loading=\"lazy\" decoding=\"async\" class=\"size-full wp-image-27880 aligncenter\" src=\"https:\/\/espaciosyambientes.com\/wp-content\/uploads\/2025\/06\/imagen_2025-06-07_160239674.png\" alt=\"\" width=\"1280\" height=\"853\" srcset=\"https:\/\/espaciosyambientes.com\/wp-content\/uploads\/2025\/06\/imagen_2025-06-07_160239674.png 1280w, https:\/\/espaciosyambientes.com\/wp-content\/uploads\/2025\/06\/imagen_2025-06-07_160239674-430x287.png 430w, https:\/\/espaciosyambientes.com\/wp-content\/uploads\/2025\/06\/imagen_2025-06-07_160239674-150x100.png 150w, https:\/\/espaciosyambientes.com\/wp-content\/uploads\/2025\/06\/imagen_2025-06-07_160239674-700x466.png 700w, https:\/\/espaciosyambientes.com\/wp-content\/uploads\/2025\/06\/imagen_2025-06-07_160239674-300x200.png 300w, https:\/\/espaciosyambientes.com\/wp-content\/uploads\/2025\/06\/imagen_2025-06-07_160239674-1024x682.png 1024w, https:\/\/espaciosyambientes.com\/wp-content\/uploads\/2025\/06\/imagen_2025-06-07_160239674-768x512.png 768w, https:\/\/espaciosyambientes.com\/wp-content\/uploads\/2025\/06\/imagen_2025-06-07_160239674-18x12.png 18w\" sizes=\"auto, (max-width: 1280px) 100vw, 1280px\" \/><\/a><\/p>\n","protected":false},"excerpt":{"rendered":"<h3>Rendimiento impresionante y compacto<\/h3>\n<p>Mejora tu sistema con el impresionante rendimiento de refrigeraci\u00f3n del Pure Rock Pro 3 LX y los espectaculares ventiladores Light Wings LX iluminados.<\/p>\n<ul>\n<li>Capacidad de refrigeraci\u00f3n impresionantemente alta para CPUs modernas<\/li>\n<li>2 ventiladores Light Wings LX 120 mm PWM ARGB con salidas de aire en forma de embudo para un rendimiento igualmente alto y visuales impresionantes<\/li>\n<li>6 tubos de calor de alto rendimiento de 6 mm con base niquelada<\/li>\n<li>Solo 34,8 dB(A) a velocidad m\u00e1xima<\/li>\n<li>Alta compatibilidad con RAM y VRM gracias a un dise\u00f1o compacto<\/li>\n<li>Instalaci\u00f3n sencilla con kit de montaje intuitivo<\/li>\n<li>Compatible con pasta t\u00e9rmica de metal l\u00edquido<\/li>\n<li>Dise\u00f1o elegante en color negro<\/li>\n<li>Garant\u00eda del fabricante de 3 a\u00f1os<\/li>\n<\/ul>\n","protected":false},"featured_media":27885,"comment_status":"closed","ping_status":"closed","template":"","meta":[],"product_brand":[559],"product_cat":[70],"product_tag":[256,554,460,257],"class_list":{"0":"post-27873","1":"product","2":"type-product","3":"status-publish","4":"has-post-thumbnail","6":"product_brand-be-quiet","7":"product_cat-refrigeracion-aire","8":"product_tag-argb","9":"product_tag-bequiet","10":"product_tag-disipador","11":"product_tag-pro","13":"first","14":"instock","15":"taxable","16":"shipping-taxable","17":"purchasable","18":"product-type-simple"},"yoast_head":"<!-- This site is optimized with the Yoast SEO plugin v27.3 - https:\/\/yoast.com\/product\/yoast-seo-wordpress\/ -->\n<title>BE QUIET! PURE ROCK PRO 3 LX - PC MASTERS BOGOTA<\/title>\n<meta name=\"robots\" content=\"index, follow, max-snippet:-1, max-image-preview:large, max-video-preview:-1\" \/>\n<link rel=\"canonical\" href=\"https:\/\/espaciosyambientes.com\/es_es\/producto\/be-quiet-pure-rock-pro-3-lx\/\" \/>\n<meta property=\"og:locale\" content=\"es_ES\" \/>\n<meta property=\"og:type\" content=\"article\" \/>\n<meta property=\"og:title\" content=\"BE QUIET! PURE ROCK PRO 3 LX - PC MASTERS BOGOTA\" \/>\n<meta property=\"og:description\" content=\"Rendimiento impresionante y compacto Mejora tu sistema con el impresionante rendimiento de refrigeraci\u00f3n del Pure Rock Pro 3 LX y los espectaculares ventiladores Light Wings LX iluminados.   Capacidad de refrigeraci\u00f3n impresionantemente alta para CPUs modernas  2 ventiladores Light Wings LX 120 mm PWM ARGB con salidas de aire en forma de embudo para un rendimiento igualmente alto y visuales impresionantes  6 tubos de calor de alto rendimiento de 6 mm con base niquelada  Solo 34,8 dB(A) a velocidad m\u00e1xima  Alta compatibilidad con RAM y VRM gracias a un dise\u00f1o compacto  Instalaci\u00f3n sencilla con kit de montaje intuitivo  Compatible con pasta t\u00e9rmica de metal l\u00edquido  Dise\u00f1o elegante en color negro  Garant\u00eda del fabricante de 3 a\u00f1os\" \/>\n<meta property=\"og:url\" content=\"https:\/\/espaciosyambientes.com\/es_es\/producto\/be-quiet-pure-rock-pro-3-lx\/\" \/>\n<meta property=\"og:site_name\" content=\"PC MASTERS BOGOTA\" \/>\n<meta property=\"article:modified_time\" content=\"2025-06-07T21:49:52+00:00\" \/>\n<meta property=\"og:image\" content=\"https:\/\/espaciosyambientes.com\/wp-content\/uploads\/2025\/06\/05_Pure_Rock_Pro_3_LX-scaled.jpg\" \/>\n\t<meta property=\"og:image:width\" content=\"2560\" \/>\n\t<meta property=\"og:image:height\" content=\"1707\" \/>\n\t<meta property=\"og:image:type\" content=\"image\/jpeg\" \/>\n<meta name=\"twitter:card\" content=\"summary_large_image\" \/>\n<meta name=\"twitter:label1\" content=\"Tiempo de lectura\" \/>\n\t<meta name=\"twitter:data1\" content=\"3 minutos\" \/>\n<script type=\"application\/ld+json\" class=\"yoast-schema-graph\">{\"@context\":\"https:\\\/\\\/schema.org\",\"@graph\":[{\"@type\":\"WebPage\",\"@id\":\"https:\\\/\\\/espaciosyambientes.com\\\/producto\\\/be-quiet-pure-rock-pro-3-lx\\\/\",\"url\":\"https:\\\/\\\/espaciosyambientes.com\\\/producto\\\/be-quiet-pure-rock-pro-3-lx\\\/\",\"name\":\"BE QUIET! PURE ROCK PRO 3 LX - PC MASTERS BOGOTA\",\"isPartOf\":{\"@id\":\"https:\\\/\\\/espaciosyambientes.com\\\/es_es\\\/#website\"},\"primaryImageOfPage\":{\"@id\":\"https:\\\/\\\/espaciosyambientes.com\\\/producto\\\/be-quiet-pure-rock-pro-3-lx\\\/#primaryimage\"},\"image\":{\"@id\":\"https:\\\/\\\/espaciosyambientes.com\\\/producto\\\/be-quiet-pure-rock-pro-3-lx\\\/#primaryimage\"},\"thumbnailUrl\":\"https:\\\/\\\/espaciosyambientes.com\\\/wp-content\\\/uploads\\\/2025\\\/06\\\/05_Pure_Rock_Pro_3_LX-scaled.jpg\",\"datePublished\":\"2025-06-07T21:25:57+00:00\",\"dateModified\":\"2025-06-07T21:49:52+00:00\",\"breadcrumb\":{\"@id\":\"https:\\\/\\\/espaciosyambientes.com\\\/producto\\\/be-quiet-pure-rock-pro-3-lx\\\/#breadcrumb\"},\"inLanguage\":\"es\",\"potentialAction\":[{\"@type\":\"ReadAction\",\"target\":[\"https:\\\/\\\/espaciosyambientes.com\\\/producto\\\/be-quiet-pure-rock-pro-3-lx\\\/\"]}]},{\"@type\":\"ImageObject\",\"inLanguage\":\"es\",\"@id\":\"https:\\\/\\\/espaciosyambientes.com\\\/producto\\\/be-quiet-pure-rock-pro-3-lx\\\/#primaryimage\",\"url\":\"https:\\\/\\\/espaciosyambientes.com\\\/wp-content\\\/uploads\\\/2025\\\/06\\\/05_Pure_Rock_Pro_3_LX-scaled.jpg\",\"contentUrl\":\"https:\\\/\\\/espaciosyambientes.com\\\/wp-content\\\/uploads\\\/2025\\\/06\\\/05_Pure_Rock_Pro_3_LX-scaled.jpg\",\"width\":2560,\"height\":1707},{\"@type\":\"BreadcrumbList\",\"@id\":\"https:\\\/\\\/espaciosyambientes.com\\\/producto\\\/be-quiet-pure-rock-pro-3-lx\\\/#breadcrumb\",\"itemListElement\":[{\"@type\":\"ListItem\",\"position\":1,\"name\":\"Home\",\"item\":\"https:\\\/\\\/espaciosyambientes.com\\\/\"},{\"@type\":\"ListItem\",\"position\":2,\"name\":\"Tienda\",\"item\":\"https:\\\/\\\/espaciosyambientes.com\\\/tienda\\\/\"},{\"@type\":\"ListItem\",\"position\":3,\"name\":\"BE QUIET! PURE ROCK PRO 3 LX\"}]},{\"@type\":\"WebSite\",\"@id\":\"https:\\\/\\\/espaciosyambientes.com\\\/es_es\\\/#website\",\"url\":\"https:\\\/\\\/espaciosyambientes.com\\\/es_es\\\/\",\"name\":\"PC MASTERS BOGOTA\",\"description\":\"\",\"potentialAction\":[{\"@type\":\"SearchAction\",\"target\":{\"@type\":\"EntryPoint\",\"urlTemplate\":\"https:\\\/\\\/espaciosyambientes.com\\\/es_es\\\/?s={search_term_string}\"},\"query-input\":{\"@type\":\"PropertyValueSpecification\",\"valueRequired\":true,\"valueName\":\"search_term_string\"}}],\"inLanguage\":\"es\"}]}<\/script>\n<!-- \/ Yoast SEO plugin. -->","yoast_head_json":{"title":"BE QUIET! PURE ROCK PRO 3 LX - PC MASTERS BOGOTA","robots":{"index":"index","follow":"follow","max-snippet":"max-snippet:-1","max-image-preview":"max-image-preview:large","max-video-preview":"max-video-preview:-1"},"canonical":"https:\/\/espaciosyambientes.com\/es_es\/producto\/be-quiet-pure-rock-pro-3-lx\/","og_locale":"es_ES","og_type":"article","og_title":"BE QUIET! PURE ROCK PRO 3 LX - PC MASTERS BOGOTA","og_description":"Rendimiento impresionante y compacto Mejora tu sistema con el impresionante rendimiento de refrigeraci\u00f3n del Pure Rock Pro 3 LX y los espectaculares ventiladores Light Wings LX iluminados.   Capacidad de refrigeraci\u00f3n impresionantemente alta para CPUs modernas  2 ventiladores Light Wings LX 120 mm PWM ARGB con salidas de aire en forma de embudo para un rendimiento igualmente alto y visuales impresionantes  6 tubos de calor de alto rendimiento de 6 mm con base niquelada  Solo 34,8 dB(A) a velocidad m\u00e1xima  Alta compatibilidad con RAM y VRM gracias a un dise\u00f1o compacto  Instalaci\u00f3n sencilla con kit de montaje intuitivo  Compatible con pasta t\u00e9rmica de metal l\u00edquido  Dise\u00f1o elegante en color negro  Garant\u00eda del fabricante de 3 a\u00f1os","og_url":"https:\/\/espaciosyambientes.com\/es_es\/producto\/be-quiet-pure-rock-pro-3-lx\/","og_site_name":"PC MASTERS BOGOTA","article_modified_time":"2025-06-07T21:49:52+00:00","og_image":[{"width":2560,"height":1707,"url":"https:\/\/espaciosyambientes.com\/wp-content\/uploads\/2025\/06\/05_Pure_Rock_Pro_3_LX-scaled.jpg","type":"image\/jpeg"}],"twitter_card":"summary_large_image","twitter_misc":{"Tiempo de lectura":"3 minutos"},"schema":{"@context":"https:\/\/schema.org","@graph":[{"@type":"WebPage","@id":"https:\/\/espaciosyambientes.com\/producto\/be-quiet-pure-rock-pro-3-lx\/","url":"https:\/\/espaciosyambientes.com\/producto\/be-quiet-pure-rock-pro-3-lx\/","name":"BE QUIET! PURE ROCK PRO 3 LX - PC MASTERS BOGOTA","isPartOf":{"@id":"https:\/\/espaciosyambientes.com\/es_es\/#website"},"primaryImageOfPage":{"@id":"https:\/\/espaciosyambientes.com\/producto\/be-quiet-pure-rock-pro-3-lx\/#primaryimage"},"image":{"@id":"https:\/\/espaciosyambientes.com\/producto\/be-quiet-pure-rock-pro-3-lx\/#primaryimage"},"thumbnailUrl":"https:\/\/espaciosyambientes.com\/wp-content\/uploads\/2025\/06\/05_Pure_Rock_Pro_3_LX-scaled.jpg","datePublished":"2025-06-07T21:25:57+00:00","dateModified":"2025-06-07T21:49:52+00:00","breadcrumb":{"@id":"https:\/\/espaciosyambientes.com\/producto\/be-quiet-pure-rock-pro-3-lx\/#breadcrumb"},"inLanguage":"es","potentialAction":[{"@type":"ReadAction","target":["https:\/\/espaciosyambientes.com\/producto\/be-quiet-pure-rock-pro-3-lx\/"]}]},{"@type":"ImageObject","inLanguage":"es","@id":"https:\/\/espaciosyambientes.com\/producto\/be-quiet-pure-rock-pro-3-lx\/#primaryimage","url":"https:\/\/espaciosyambientes.com\/wp-content\/uploads\/2025\/06\/05_Pure_Rock_Pro_3_LX-scaled.jpg","contentUrl":"https:\/\/espaciosyambientes.com\/wp-content\/uploads\/2025\/06\/05_Pure_Rock_Pro_3_LX-scaled.jpg","width":2560,"height":1707},{"@type":"BreadcrumbList","@id":"https:\/\/espaciosyambientes.com\/producto\/be-quiet-pure-rock-pro-3-lx\/#breadcrumb","itemListElement":[{"@type":"ListItem","position":1,"name":"Home","item":"https:\/\/espaciosyambientes.com\/"},{"@type":"ListItem","position":2,"name":"Tienda","item":"https:\/\/espaciosyambientes.com\/tienda\/"},{"@type":"ListItem","position":3,"name":"BE QUIET! PURE ROCK PRO 3 LX"}]},{"@type":"WebSite","@id":"https:\/\/espaciosyambientes.com\/es_es\/#website","url":"https:\/\/espaciosyambientes.com\/es_es\/","name":"PC MASTERS BOGOTA","description":"","potentialAction":[{"@type":"SearchAction","target":{"@type":"EntryPoint","urlTemplate":"https:\/\/espaciosyambientes.com\/es_es\/?s={search_term_string}"},"query-input":{"@type":"PropertyValueSpecification","valueRequired":true,"valueName":"search_term_string"}}],"inLanguage":"es"}]}},"_links":{"self":[{"href":"http:\/\/espaciosyambientes.com\/es_es\/wp-json\/wp\/v2\/product\/27873","targetHints":{"allow":["GET"]}}],"collection":[{"href":"http:\/\/espaciosyambientes.com\/es_es\/wp-json\/wp\/v2\/product"}],"about":[{"href":"http:\/\/espaciosyambientes.com\/es_es\/wp-json\/wp\/v2\/types\/product"}],"replies":[{"embeddable":true,"href":"http:\/\/espaciosyambientes.com\/es_es\/wp-json\/wp\/v2\/comments?post=27873"}],"version-history":[{"count":13,"href":"http:\/\/espaciosyambientes.com\/es_es\/wp-json\/wp\/v2\/product\/27873\/revisions"}],"predecessor-version":[{"id":28025,"href":"http:\/\/espaciosyambientes.com\/es_es\/wp-json\/wp\/v2\/product\/27873\/revisions\/28025"}],"wp:featuredmedia":[{"embeddable":true,"href":"http:\/\/espaciosyambientes.com\/es_es\/wp-json\/wp\/v2\/media\/27885"}],"wp:attachment":[{"href":"http:\/\/espaciosyambientes.com\/es_es\/wp-json\/wp\/v2\/media?parent=27873"}],"wp:term":[{"taxonomy":"product_brand","embeddable":true,"href":"http:\/\/espaciosyambientes.com\/es_es\/wp-json\/wp\/v2\/product_brand?post=27873"},{"taxonomy":"product_cat","embeddable":true,"href":"http:\/\/espaciosyambientes.com\/es_es\/wp-json\/wp\/v2\/product_cat?post=27873"},{"taxonomy":"product_tag","embeddable":true,"href":"http:\/\/espaciosyambientes.com\/es_es\/wp-json\/wp\/v2\/product_tag?post=27873"}],"curies":[{"name":"wp","href":"https:\/\/api.w.org\/{rel}","templated":true}]}}