{"id":27772,"date":"2025-06-04T11:56:26","date_gmt":"2025-06-04T16:56:26","guid":{"rendered":"https:\/\/espaciosyambientes.com\/?post_type=product&#038;p=27772"},"modified":"2025-06-04T11:57:11","modified_gmt":"2025-06-04T16:57:11","slug":"asrock-cl-650b-650w-80-plus-bronce","status":"publish","type":"product","link":"http:\/\/espaciosyambientes.com\/es_es\/producto\/asrock-cl-650b-650w-80-plus-bronce\/","title":{"rendered":"ASROCK CL-650B 650W 80 PLUS BRONCE"},"content":{"rendered":"<p style=\"text-align: center;\"><a href=\"https:\/\/espaciosyambientes.com\/wp-content\/uploads\/2025\/06\/imagen_2025-06-04_114801279.png\"><img loading=\"lazy\" decoding=\"async\" class=\"alignnone size-full wp-image-27769\" src=\"https:\/\/espaciosyambientes.com\/wp-content\/uploads\/2025\/06\/imagen_2025-06-04_114801279.png\" alt=\"\" width=\"2058\" height=\"925\" srcset=\"https:\/\/espaciosyambientes.com\/wp-content\/uploads\/2025\/06\/imagen_2025-06-04_114801279.png 2058w, https:\/\/espaciosyambientes.com\/wp-content\/uploads\/2025\/06\/imagen_2025-06-04_114801279-430x193.png 430w, https:\/\/espaciosyambientes.com\/wp-content\/uploads\/2025\/06\/imagen_2025-06-04_114801279-150x67.png 150w, https:\/\/espaciosyambientes.com\/wp-content\/uploads\/2025\/06\/imagen_2025-06-04_114801279-700x315.png 700w, https:\/\/espaciosyambientes.com\/wp-content\/uploads\/2025\/06\/imagen_2025-06-04_114801279-300x135.png 300w, https:\/\/espaciosyambientes.com\/wp-content\/uploads\/2025\/06\/imagen_2025-06-04_114801279-1024x460.png 1024w, https:\/\/espaciosyambientes.com\/wp-content\/uploads\/2025\/06\/imagen_2025-06-04_114801279-768x345.png 768w, https:\/\/espaciosyambientes.com\/wp-content\/uploads\/2025\/06\/imagen_2025-06-04_114801279-1536x690.png 1536w\" sizes=\"auto, (max-width: 2058px) 100vw, 2058px\" \/><\/a> <a href=\"https:\/\/espaciosyambientes.com\/wp-content\/uploads\/2025\/06\/imagen_2025-06-04_114814724.png\"><img loading=\"lazy\" decoding=\"async\" class=\"alignnone size-full wp-image-27770\" src=\"https:\/\/espaciosyambientes.com\/wp-content\/uploads\/2025\/06\/imagen_2025-06-04_114814724.png\" alt=\"\" width=\"2056\" height=\"1110\" srcset=\"https:\/\/espaciosyambientes.com\/wp-content\/uploads\/2025\/06\/imagen_2025-06-04_114814724.png 2056w, https:\/\/espaciosyambientes.com\/wp-content\/uploads\/2025\/06\/imagen_2025-06-04_114814724-430x232.png 430w, https:\/\/espaciosyambientes.com\/wp-content\/uploads\/2025\/06\/imagen_2025-06-04_114814724-150x81.png 150w, https:\/\/espaciosyambientes.com\/wp-content\/uploads\/2025\/06\/imagen_2025-06-04_114814724-700x378.png 700w, https:\/\/espaciosyambientes.com\/wp-content\/uploads\/2025\/06\/imagen_2025-06-04_114814724-300x162.png 300w, https:\/\/espaciosyambientes.com\/wp-content\/uploads\/2025\/06\/imagen_2025-06-04_114814724-1024x553.png 1024w, https:\/\/espaciosyambientes.com\/wp-content\/uploads\/2025\/06\/imagen_2025-06-04_114814724-768x415.png 768w, https:\/\/espaciosyambientes.com\/wp-content\/uploads\/2025\/06\/imagen_2025-06-04_114814724-1536x829.png 1536w, https:\/\/espaciosyambientes.com\/wp-content\/uploads\/2025\/06\/imagen_2025-06-04_114814724-2048x1106.png 2048w, https:\/\/espaciosyambientes.com\/wp-content\/uploads\/2025\/06\/imagen_2025-06-04_114814724-18x10.png 18w\" sizes=\"auto, (max-width: 2056px) 100vw, 2056px\" \/><\/a> <a href=\"https:\/\/espaciosyambientes.com\/wp-content\/uploads\/2025\/06\/imagen_2025-06-04_114900861.png\"><img loading=\"lazy\" decoding=\"async\" class=\"alignnone size-full wp-image-27771\" src=\"https:\/\/espaciosyambientes.com\/wp-content\/uploads\/2025\/06\/imagen_2025-06-04_114900861.png\" alt=\"\" width=\"2303\" height=\"943\" srcset=\"https:\/\/espaciosyambientes.com\/wp-content\/uploads\/2025\/06\/imagen_2025-06-04_114900861.png 2303w, https:\/\/espaciosyambientes.com\/wp-content\/uploads\/2025\/06\/imagen_2025-06-04_114900861-430x176.png 430w, https:\/\/espaciosyambientes.com\/wp-content\/uploads\/2025\/06\/imagen_2025-06-04_114900861-150x61.png 150w, https:\/\/espaciosyambientes.com\/wp-content\/uploads\/2025\/06\/imagen_2025-06-04_114900861-700x287.png 700w, https:\/\/espaciosyambientes.com\/wp-content\/uploads\/2025\/06\/imagen_2025-06-04_114900861-300x123.png 300w, https:\/\/espaciosyambientes.com\/wp-content\/uploads\/2025\/06\/imagen_2025-06-04_114900861-1024x419.png 1024w, https:\/\/espaciosyambientes.com\/wp-content\/uploads\/2025\/06\/imagen_2025-06-04_114900861-768x314.png 768w, https:\/\/espaciosyambientes.com\/wp-content\/uploads\/2025\/06\/imagen_2025-06-04_114900861-1536x629.png 1536w, https:\/\/espaciosyambientes.com\/wp-content\/uploads\/2025\/06\/imagen_2025-06-04_114900861-2048x839.png 2048w, https:\/\/espaciosyambientes.com\/wp-content\/uploads\/2025\/06\/imagen_2025-06-04_114900861-18x7.png 18w\" sizes=\"auto, (max-width: 2303px) 100vw, 2303px\" \/><\/a> <a href=\"https:\/\/espaciosyambientes.com\/wp-content\/uploads\/2025\/06\/imagen_2025-06-04_115104756.png\"><img loading=\"lazy\" decoding=\"async\" class=\"alignnone size-full wp-image-27773\" src=\"https:\/\/espaciosyambientes.com\/wp-content\/uploads\/2025\/06\/imagen_2025-06-04_115104756.png\" alt=\"\" width=\"966\" height=\"1243\" srcset=\"https:\/\/espaciosyambientes.com\/wp-content\/uploads\/2025\/06\/imagen_2025-06-04_115104756.png 966w, https:\/\/espaciosyambientes.com\/wp-content\/uploads\/2025\/06\/imagen_2025-06-04_115104756-430x553.png 430w, https:\/\/espaciosyambientes.com\/wp-content\/uploads\/2025\/06\/imagen_2025-06-04_115104756-150x193.png 150w, https:\/\/espaciosyambientes.com\/wp-content\/uploads\/2025\/06\/imagen_2025-06-04_115104756-700x901.png 700w, https:\/\/espaciosyambientes.com\/wp-content\/uploads\/2025\/06\/imagen_2025-06-04_115104756-233x300.png 233w, https:\/\/espaciosyambientes.com\/wp-content\/uploads\/2025\/06\/imagen_2025-06-04_115104756-796x1024.png 796w, https:\/\/espaciosyambientes.com\/wp-content\/uploads\/2025\/06\/imagen_2025-06-04_115104756-768x988.png 768w, https:\/\/espaciosyambientes.com\/wp-content\/uploads\/2025\/06\/imagen_2025-06-04_115104756-9x12.png 9w\" sizes=\"auto, (max-width: 966px) 100vw, 966px\" \/><\/a><\/p>\n","protected":false},"excerpt":{"rendered":"<p>Certificaci\u00f3n 80 PLUS\u00ae BRONCE<br \/>\nVentilador de 120 mm con aspas de golf<br \/>\nFunci\u00f3n BOOST de 5 V integrada<br \/>\nGarant\u00eda fiable de 5 a\u00f1os<\/p>\n","protected":false},"featured_media":27774,"comment_status":"closed","ping_status":"closed","template":"","meta":[],"product_brand":[213],"product_cat":[313],"product_tag":[375,558,413],"class_list":{"0":"post-27772","1":"product","2":"type-product","3":"status-publish","4":"has-post-thumbnail","6":"product_brand-asrock","7":"product_cat-fuentes-de-poder","8":"product_tag-asrock","9":"product_tag-bronce","10":"product_tag-fuente","12":"first","13":"instock","14":"taxable","15":"shipping-taxable","16":"purchasable","17":"product-type-simple"},"yoast_head":"<!-- This site is optimized with the Yoast SEO plugin v27.3 - https:\/\/yoast.com\/product\/yoast-seo-wordpress\/ -->\n<title>ASROCK CL-650B 650W 80 PLUS BRONCE - PC MASTERS BOGOTA<\/title>\n<meta name=\"robots\" content=\"index, follow, max-snippet:-1, max-image-preview:large, max-video-preview:-1\" \/>\n<link rel=\"canonical\" href=\"https:\/\/espaciosyambientes.com\/es_es\/producto\/asrock-cl-650b-650w-80-plus-bronce\/\" \/>\n<meta property=\"og:locale\" content=\"es_ES\" \/>\n<meta property=\"og:type\" content=\"article\" \/>\n<meta property=\"og:title\" content=\"ASROCK CL-650B 650W 80 PLUS BRONCE - PC MASTERS BOGOTA\" \/>\n<meta property=\"og:description\" content=\"Certificaci\u00f3n 80 PLUS\u00ae BRONCE Ventilador de 120 mm con aspas de golf Funci\u00f3n BOOST de 5 V integrada Garant\u00eda fiable de 5 a\u00f1os\" \/>\n<meta property=\"og:url\" content=\"https:\/\/espaciosyambientes.com\/es_es\/producto\/asrock-cl-650b-650w-80-plus-bronce\/\" \/>\n<meta property=\"og:site_name\" content=\"PC MASTERS BOGOTA\" \/>\n<meta property=\"article:modified_time\" content=\"2025-06-04T16:57:11+00:00\" \/>\n<meta property=\"og:image\" content=\"https:\/\/espaciosyambientes.com\/wp-content\/uploads\/2025\/06\/imagen_2025-06-04_115447736.png\" \/>\n\t<meta property=\"og:image:width\" content=\"1200\" \/>\n\t<meta property=\"og:image:height\" content=\"1000\" \/>\n\t<meta property=\"og:image:type\" content=\"image\/png\" \/>\n<meta name=\"twitter:card\" content=\"summary_large_image\" \/>\n<meta name=\"twitter:label1\" content=\"Tiempo de lectura\" \/>\n\t<meta name=\"twitter:data1\" content=\"1 minuto\" \/>\n<script type=\"application\/ld+json\" class=\"yoast-schema-graph\">{\"@context\":\"https:\\\/\\\/schema.org\",\"@graph\":[{\"@type\":\"WebPage\",\"@id\":\"https:\\\/\\\/espaciosyambientes.com\\\/producto\\\/asrock-cl-650b-650w-80-plus-bronce\\\/\",\"url\":\"https:\\\/\\\/espaciosyambientes.com\\\/producto\\\/asrock-cl-650b-650w-80-plus-bronce\\\/\",\"name\":\"ASROCK CL-650B 650W 80 PLUS BRONCE - PC MASTERS BOGOTA\",\"isPartOf\":{\"@id\":\"https:\\\/\\\/espaciosyambientes.com\\\/es_es\\\/#website\"},\"primaryImageOfPage\":{\"@id\":\"https:\\\/\\\/espaciosyambientes.com\\\/producto\\\/asrock-cl-650b-650w-80-plus-bronce\\\/#primaryimage\"},\"image\":{\"@id\":\"https:\\\/\\\/espaciosyambientes.com\\\/producto\\\/asrock-cl-650b-650w-80-plus-bronce\\\/#primaryimage\"},\"thumbnailUrl\":\"https:\\\/\\\/espaciosyambientes.com\\\/wp-content\\\/uploads\\\/2025\\\/06\\\/imagen_2025-06-04_115447736.png\",\"datePublished\":\"2025-06-04T16:56:26+00:00\",\"dateModified\":\"2025-06-04T16:57:11+00:00\",\"breadcrumb\":{\"@id\":\"https:\\\/\\\/espaciosyambientes.com\\\/producto\\\/asrock-cl-650b-650w-80-plus-bronce\\\/#breadcrumb\"},\"inLanguage\":\"es\",\"potentialAction\":[{\"@type\":\"ReadAction\",\"target\":[\"https:\\\/\\\/espaciosyambientes.com\\\/producto\\\/asrock-cl-650b-650w-80-plus-bronce\\\/\"]}]},{\"@type\":\"ImageObject\",\"inLanguage\":\"es\",\"@id\":\"https:\\\/\\\/espaciosyambientes.com\\\/producto\\\/asrock-cl-650b-650w-80-plus-bronce\\\/#primaryimage\",\"url\":\"https:\\\/\\\/espaciosyambientes.com\\\/wp-content\\\/uploads\\\/2025\\\/06\\\/imagen_2025-06-04_115447736.png\",\"contentUrl\":\"https:\\\/\\\/espaciosyambientes.com\\\/wp-content\\\/uploads\\\/2025\\\/06\\\/imagen_2025-06-04_115447736.png\",\"width\":1200,\"height\":1000},{\"@type\":\"BreadcrumbList\",\"@id\":\"https:\\\/\\\/espaciosyambientes.com\\\/producto\\\/asrock-cl-650b-650w-80-plus-bronce\\\/#breadcrumb\",\"itemListElement\":[{\"@type\":\"ListItem\",\"position\":1,\"name\":\"Home\",\"item\":\"https:\\\/\\\/espaciosyambientes.com\\\/\"},{\"@type\":\"ListItem\",\"position\":2,\"name\":\"Tienda\",\"item\":\"https:\\\/\\\/espaciosyambientes.com\\\/tienda\\\/\"},{\"@type\":\"ListItem\",\"position\":3,\"name\":\"ASROCK CL-650B 650W 80 PLUS BRONCE\"}]},{\"@type\":\"WebSite\",\"@id\":\"https:\\\/\\\/espaciosyambientes.com\\\/es_es\\\/#website\",\"url\":\"https:\\\/\\\/espaciosyambientes.com\\\/es_es\\\/\",\"name\":\"PC MASTERS BOGOTA\",\"description\":\"\",\"potentialAction\":[{\"@type\":\"SearchAction\",\"target\":{\"@type\":\"EntryPoint\",\"urlTemplate\":\"https:\\\/\\\/espaciosyambientes.com\\\/es_es\\\/?s={search_term_string}\"},\"query-input\":{\"@type\":\"PropertyValueSpecification\",\"valueRequired\":true,\"valueName\":\"search_term_string\"}}],\"inLanguage\":\"es\"}]}<\/script>\n<!-- \/ Yoast SEO plugin. -->","yoast_head_json":{"title":"ASROCK CL-650B 650W 80 PLUS BRONCE - PC MASTERS BOGOTA","robots":{"index":"index","follow":"follow","max-snippet":"max-snippet:-1","max-image-preview":"max-image-preview:large","max-video-preview":"max-video-preview:-1"},"canonical":"https:\/\/espaciosyambientes.com\/es_es\/producto\/asrock-cl-650b-650w-80-plus-bronce\/","og_locale":"es_ES","og_type":"article","og_title":"ASROCK CL-650B 650W 80 PLUS BRONCE - PC MASTERS BOGOTA","og_description":"Certificaci\u00f3n 80 PLUS\u00ae BRONCE Ventilador de 120 mm con aspas de golf Funci\u00f3n BOOST de 5 V integrada Garant\u00eda fiable de 5 a\u00f1os","og_url":"https:\/\/espaciosyambientes.com\/es_es\/producto\/asrock-cl-650b-650w-80-plus-bronce\/","og_site_name":"PC MASTERS BOGOTA","article_modified_time":"2025-06-04T16:57:11+00:00","og_image":[{"width":1200,"height":1000,"url":"https:\/\/espaciosyambientes.com\/wp-content\/uploads\/2025\/06\/imagen_2025-06-04_115447736.png","type":"image\/png"}],"twitter_card":"summary_large_image","twitter_misc":{"Tiempo de lectura":"1 minuto"},"schema":{"@context":"https:\/\/schema.org","@graph":[{"@type":"WebPage","@id":"https:\/\/espaciosyambientes.com\/producto\/asrock-cl-650b-650w-80-plus-bronce\/","url":"https:\/\/espaciosyambientes.com\/producto\/asrock-cl-650b-650w-80-plus-bronce\/","name":"ASROCK CL-650B 650W 80 PLUS BRONCE - PC MASTERS BOGOTA","isPartOf":{"@id":"https:\/\/espaciosyambientes.com\/es_es\/#website"},"primaryImageOfPage":{"@id":"https:\/\/espaciosyambientes.com\/producto\/asrock-cl-650b-650w-80-plus-bronce\/#primaryimage"},"image":{"@id":"https:\/\/espaciosyambientes.com\/producto\/asrock-cl-650b-650w-80-plus-bronce\/#primaryimage"},"thumbnailUrl":"https:\/\/espaciosyambientes.com\/wp-content\/uploads\/2025\/06\/imagen_2025-06-04_115447736.png","datePublished":"2025-06-04T16:56:26+00:00","dateModified":"2025-06-04T16:57:11+00:00","breadcrumb":{"@id":"https:\/\/espaciosyambientes.com\/producto\/asrock-cl-650b-650w-80-plus-bronce\/#breadcrumb"},"inLanguage":"es","potentialAction":[{"@type":"ReadAction","target":["https:\/\/espaciosyambientes.com\/producto\/asrock-cl-650b-650w-80-plus-bronce\/"]}]},{"@type":"ImageObject","inLanguage":"es","@id":"https:\/\/espaciosyambientes.com\/producto\/asrock-cl-650b-650w-80-plus-bronce\/#primaryimage","url":"https:\/\/espaciosyambientes.com\/wp-content\/uploads\/2025\/06\/imagen_2025-06-04_115447736.png","contentUrl":"https:\/\/espaciosyambientes.com\/wp-content\/uploads\/2025\/06\/imagen_2025-06-04_115447736.png","width":1200,"height":1000},{"@type":"BreadcrumbList","@id":"https:\/\/espaciosyambientes.com\/producto\/asrock-cl-650b-650w-80-plus-bronce\/#breadcrumb","itemListElement":[{"@type":"ListItem","position":1,"name":"Home","item":"https:\/\/espaciosyambientes.com\/"},{"@type":"ListItem","position":2,"name":"Tienda","item":"https:\/\/espaciosyambientes.com\/tienda\/"},{"@type":"ListItem","position":3,"name":"ASROCK CL-650B 650W 80 PLUS BRONCE"}]},{"@type":"WebSite","@id":"https:\/\/espaciosyambientes.com\/es_es\/#website","url":"https:\/\/espaciosyambientes.com\/es_es\/","name":"PC MASTERS BOGOTA","description":"","potentialAction":[{"@type":"SearchAction","target":{"@type":"EntryPoint","urlTemplate":"https:\/\/espaciosyambientes.com\/es_es\/?s={search_term_string}"},"query-input":{"@type":"PropertyValueSpecification","valueRequired":true,"valueName":"search_term_string"}}],"inLanguage":"es"}]}},"_links":{"self":[{"href":"http:\/\/espaciosyambientes.com\/es_es\/wp-json\/wp\/v2\/product\/27772","targetHints":{"allow":["GET"]}}],"collection":[{"href":"http:\/\/espaciosyambientes.com\/es_es\/wp-json\/wp\/v2\/product"}],"about":[{"href":"http:\/\/espaciosyambientes.com\/es_es\/wp-json\/wp\/v2\/types\/product"}],"replies":[{"embeddable":true,"href":"http:\/\/espaciosyambientes.com\/es_es\/wp-json\/wp\/v2\/comments?post=27772"}],"version-history":[{"count":1,"href":"http:\/\/espaciosyambientes.com\/es_es\/wp-json\/wp\/v2\/product\/27772\/revisions"}],"predecessor-version":[{"id":27780,"href":"http:\/\/espaciosyambientes.com\/es_es\/wp-json\/wp\/v2\/product\/27772\/revisions\/27780"}],"wp:featuredmedia":[{"embeddable":true,"href":"http:\/\/espaciosyambientes.com\/es_es\/wp-json\/wp\/v2\/media\/27774"}],"wp:attachment":[{"href":"http:\/\/espaciosyambientes.com\/es_es\/wp-json\/wp\/v2\/media?parent=27772"}],"wp:term":[{"taxonomy":"product_brand","embeddable":true,"href":"http:\/\/espaciosyambientes.com\/es_es\/wp-json\/wp\/v2\/product_brand?post=27772"},{"taxonomy":"product_cat","embeddable":true,"href":"http:\/\/espaciosyambientes.com\/es_es\/wp-json\/wp\/v2\/product_cat?post=27772"},{"taxonomy":"product_tag","embeddable":true,"href":"http:\/\/espaciosyambientes.com\/es_es\/wp-json\/wp\/v2\/product_tag?post=27772"}],"curies":[{"name":"wp","href":"https:\/\/api.w.org\/{rel}","templated":true}]}}