{"id":27732,"date":"2025-06-03T22:01:17","date_gmt":"2025-06-04T03:01:17","guid":{"rendered":"https:\/\/espaciosyambientes.com\/?post_type=product&#038;p=27732"},"modified":"2026-01-10T11:29:58","modified_gmt":"2026-01-10T16:29:58","slug":"amd-ryzen-5-5500-4-4ghz","status":"publish","type":"product","link":"http:\/\/espaciosyambientes.com\/es_es\/producto\/amd-ryzen-5-5500-4-4ghz\/","title":{"rendered":"AMD Ryzen 5 5500 4.2GHZ"},"content":{"rendered":"<h2 class=\"field section-title field--name-name field--type-string field--label-hidden field__item\"><a href=\"https:\/\/www.amd.com\/es\/products\/cpu\/amd-ryzen-5-5600\" target=\"_blank\" rel=\"noopener\">https:\/\/www.amd.com\/es\/products\/cpu\/amd-ryzen-5-5500<\/a><\/h2>\n<p>CARACTER\u00cdSTICAS:<\/p>\n<p>AMD Ryzen\u2122 5 5500<\/p>\n<fieldset class=\"js-form-item form-item js-form-wrapper form-wrapper\">\n<legend><span class=\"fieldset-legend\" tabindex=\"0\">General Specifications<\/span><\/legend>\n<div class=\"fieldset-wrapper\">\n<div class=\"field field--name-platform field--type-list-string field--label-inline\">\n<div class=\"field__label\">Plataforma<\/div>\n<div class=\"field__items\">\n<div class=\"field__item\">Computadora de escritorio<\/div>\n<\/div>\n<\/div>\n<div class=\"field field--name-product-type field--type-entity-reference field--label-inline\">\n<div class=\"field__label\">Familia de productos<\/div>\n<div class=\"field__item\">AMD Ryzen\u2122 Processors<\/div>\n<\/div>\n<div class=\"field field--name-product-type field--type-entity-reference field--label-inline\">\n<div class=\"field__label\">L\u00ednea de productos<\/div>\n<div class=\"field__item\">AMD Ryzen\u2122 5 Desktop Processors<\/div>\n<\/div>\n<div class=\"field field--name-field-cpu-core-count field--type-integer field--label-inline\">\n<div class=\"field__label\"># de n\u00facleos de CPU<\/div>\n<div class=\"field__item\">6<\/div>\n<\/div>\n<div class=\"field field--name-field-thread-count field--type-integer field--label-inline\">\n<div class=\"field__label\"># de hilos<\/div>\n<div class=\"field__item\">12<\/div>\n<\/div>\n<div class=\"field field--name-field-max-cpu-clock-speed field--type-integer field--label-inline\">\n<div class=\"field__label data-spec-footnote-MROM-001\">Reloj de aumento m\u00e1x.<\/div>\n<div class=\"field__item\">Hasta 4.2GHz<\/div>\n<\/div>\n<div class=\"field field--name-field-cpu-clock-speed field--type-integer field--label-inline\">\n<div class=\"field__label\">Reloj base<\/div>\n<div class=\"field__item\">3.5GHz<\/div>\n<\/div>\n<div class=\"field field--name-field-total-l1-cache field--type-integer field--label-inline\">\n<div class=\"field__label\">Cach\u00e9 L1 total<\/div>\n<div class=\"field__item\">384KB<\/div>\n<\/div>\n<div class=\"field field--name-field-total-l2-cache field--type-integer field--label-inline\">\n<div class=\"field__label\">Cach\u00e9 L2 total<\/div>\n<div class=\"field__item\">3MB<\/div>\n<\/div>\n<div class=\"field field--name-field-total-l3-cache field--type-integer field--label-inline\">\n<div class=\"field__label\">Cach\u00e9 L3 total<\/div>\n<div class=\"field__item\">32MB<\/div>\n<\/div>\n<div class=\"field field--name-field-default-tdp field--type-string field--label-inline\">\n<div class=\"field__label data-spec-footnote-ROM-06a\">TDP\/TDP predeterminado<\/div>\n<div class=\"field__item\">65W<\/div>\n<\/div>\n<div class=\"field field--name-field-cmos field--type-list-string field--label-inline\">\n<div class=\"field__label\">Processor Technology for CPU Cores<\/div>\n<div class=\"field__item\">TSMC 7nm FinFET<\/div>\n<\/div>\n<div class=\"field field--name-field-unlocked field--type-list-string field--label-inline\">\n<div class=\"field__label data-spec-footnote-GD-26\">Desbloqueados\u00a0<button class=\"spec-footnote-link\" style=\"box-sizing: border-box; margin: 0px; padding: 0px; color: #0070c9; font: inherit; overflow: visible; text-transform: none; appearance: button; cursor: pointer; background-color: transparent; text-decoration: none; transition: all 0.2s ease 0s; border: none !important;\" title=\"\" data-toggle=\"tooltip\" data-delay=\"{&quot;hide&quot;: 500}\" data-html=\"true\" data-placement=\"bottom\" data-original-title=\"&lt;p&gt;La garant\u00eda del producto AMD no cubre los da\u00f1os ocasionados por overclocking, incluso si esta funci\u00f3n se activa mediante hardware o software de AMD. GD-26.&lt;\/p&gt;\"><i class=\"fas fa-info-circle\"><\/i><\/button><\/div>\n<div class=\"field__item\">S\u00ed<\/div>\n<\/div>\n<div class=\"field field--name-field-socket field--type-list-string field--label-inline\">\n<div class=\"field__label\">CPU Socket<\/div>\n<div class=\"field__items\">\n<div class=\"field__item\">AM4<\/div>\n<\/div>\n<\/div>\n<div class=\"field field--name-field-socket-count field--type-list-string field--label-inline\">\n<div class=\"field__label\">N\u00famero de sockets<\/div>\n<div class=\"field__items\">\n<div class=\"field__item\">1P<\/div>\n<\/div>\n<\/div>\n<div class=\"field field--name-field-thermal-solution field--type-string field--label-inline\">\n<div class=\"field__label\">Soluci\u00f3n t\u00e9rmica (PIB)<\/div>\n<div class=\"field__item\">AMD Wraith Stealth<\/div>\n<\/div>\n<div class=\"field field--name-field-max-temps field--type-decimal field--label-inline\">\n<div class=\"field__label\">Temp. m\u00e1x.<\/div>\n<div class=\"field__item\">90\u00b0C<\/div>\n<\/div>\n<div class=\"field field--name-field-launch-date-new field--type-datetime field--label-inline\">\n<div class=\"field__label\">Launch Date<\/div>\n<div class=\"field__item\"><time datetime=\"2022-04-04T12:00:00Z\">4\/4\/2022<\/time><\/div>\n<\/div>\n<div class=\"field field--name-field-os-support field--type-entity-reference field--label-inline\">\n<div class=\"field__label\">*Compatible con SO<\/div>\n<div class=\"field__items \">\n<div class=\"field__item\">Windows 11 &#8211; Edici\u00f3n de 64-bits<\/div>\n<div class=\"field__item\">Windows 10 edici\u00f3n de 64\u00b7bits<\/div>\n<div class=\"field__item\">RHEL x86 edici\u00f3n de 64\u00b7bits<\/div>\n<div class=\"field__item\">Ubuntu x86 edici\u00f3n de 64\u00b7bits<\/div>\n<div class=\"field__item\">*El soporte del sistema operativo (SO) variar\u00e1 seg\u00fan el fabricante.<\/div>\n<\/div>\n<\/div>\n<\/div>\n<\/fieldset>\n<fieldset class=\"closed js-form-item form-item js-form-wrapper form-wrapper\">\n<legend><span class=\"fieldset-legend\" tabindex=\"0\">Connectivity<\/span><\/legend>\n<div class=\"fieldset-wrapper\">\n<div class=\"field field--name-field-cpu-bus-type field--type-list-string field--label-inline\">\n<div class=\"field__label data-spec-footnote-ROM-06a\">Versi\u00f3n de PCI Express<\/div>\n<div class=\"field__item\">PCIe 4.0<\/div>\n<\/div>\n<div class=\"field field--name-field-cpu-memory-type field--type-list-string field--label-inline\">\n<div class=\"field__label\">Tipo de memoria<\/div>\n<div class=\"field__item\">DDR4<\/div>\n<\/div>\n<div class=\"field field--name-field-memory-channels field--type-integer field--label-inline\">\n<div class=\"field__label\">Canales de memoria<\/div>\n<div class=\"field__item\">2<\/div>\n<\/div>\n<div class=\"field field--name-field-max-memory-speed field--type-integer field--label-inline\">\n<div class=\"field__label data-spec-footnote-ROM-06a\">Velocidad m\u00e1xima de memoria<\/div>\n<div class=\"field__items\">\n<div class=\"field__item\">Up to 3200MHz<\/div>\n<\/div>\n<\/div>\n<div class=\"field field--name-field-max-memory-speed-keys field--type-key-value field--label-inline\">\n<div class=\"field__label\">Max Memory Speed<\/div>\n<div class=\"key__values\">\n<div class=\"field field--name-field-max-memory-speed-keys field--type-key-value field--label-inline key__value\">\n<div class=\"key\">2x1R<\/div>\n<div class=\"value\">\n<p>DDR4-3200<\/p>\n<\/div>\n<\/div>\n<div class=\"field field--name-field-max-memory-speed-keys field--type-key-value field--label-inline key__value\">\n<div class=\"key\">2x2R<\/div>\n<div class=\"value\">\n<p>DDR4-3200<\/p>\n<\/div>\n<\/div>\n<div class=\"field field--name-field-max-memory-speed-keys field--type-key-value field--label-inline key__value\">\n<div class=\"key\">4x1R<\/div>\n<div class=\"value\">\n<p>DDR4-2933<\/p>\n<\/div>\n<\/div>\n<div class=\"field field--name-field-max-memory-speed-keys field--type-key-value field--label-inline key__value\">\n<div class=\"key\">4x2R<\/div>\n<div class=\"value\">\n<p>DDR4-2667<\/p>\n<\/div>\n<\/div>\n<\/div>\n<\/div>\n<\/div>\n<\/fieldset>\n<fieldset class=\"closed js-form-item form-item js-form-wrapper form-wrapper\">\n<legend><span class=\"fieldset-legend\" tabindex=\"0\">Product IDs<\/span><\/legend>\n<div class=\"fieldset-wrapper\">\n<div class=\"field field--name-field-opn-pib field--type-string field--label-inline\">\n<div class=\"field__label\">N\u00famero de modelo de caja<\/div>\n<div class=\"field__item\">100-100000927BOX<\/div>\n<\/div>\n<div class=\"field field--name-field-opn-tray field--type-string field--label-inline\">\n<div class=\"field__label\">N\u00famero de modelo de procesador<\/div>\n<div class=\"field__item\">100-000000927<\/div>\n<\/div>\n<\/div>\n<\/fieldset>\n<fieldset class=\"closed js-form-item form-item js-form-wrapper form-wrapper\">\n<legend><span class=\"fieldset-legend\" tabindex=\"0\">Key Features<\/span><\/legend>\n<div class=\"fieldset-wrapper\">\n<div class=\"field field--name-supported-technologies field--type-entity-reference field--label-inline data-spec-footnote-technology\">\n<div class=\"field__label\">Tecnolog\u00edas compatibles<\/div>\n<div class=\"field__items \">\n<div class=\"field__item\">Tecnolog\u00eda AMD StoreMI<\/div>\n<div class=\"field__item\">AMD \u00abZen 3\u00bb Core Architecture<\/div>\n<div class=\"field__item\">AMD Ryzen\u2122 VR-Ready Premium<\/div>\n<\/div>\n<\/div>\n<\/div>\n<\/fieldset>\n","protected":false},"excerpt":{"rendered":"<p>6 N\u00daCLEOS 12 HILOS<\/p>\n","protected":false},"featured_media":18817,"comment_status":"open","ping_status":"closed","template":"","meta":[],"product_brand":[87,381],"product_cat":[20],"product_tag":[367,472,182],"class_list":{"0":"post-27732","1":"product","2":"type-product","3":"status-publish","4":"has-post-thumbnail","6":"product_brand-amd","7":"product_brand-ryzen","8":"product_cat-procesadores","9":"product_tag-procesador","10":"product_tag-procesador-amd","11":"product_tag-ryzen-am4","13":"first","14":"instock","15":"taxable","16":"shipping-taxable","17":"purchasable","18":"product-type-simple"},"yoast_head":"<!-- This site is optimized with the Yoast SEO plugin v27.3 - https:\/\/yoast.com\/product\/yoast-seo-wordpress\/ -->\n<title>AMD Ryzen 5 5500 4.2GHZ - PC MASTERS BOGOTA<\/title>\n<meta name=\"robots\" content=\"index, follow, max-snippet:-1, max-image-preview:large, max-video-preview:-1\" \/>\n<link rel=\"canonical\" href=\"https:\/\/espaciosyambientes.com\/es_es\/producto\/amd-ryzen-5-5500-4-4ghz\/\" \/>\n<meta property=\"og:locale\" content=\"es_ES\" \/>\n<meta property=\"og:type\" content=\"article\" \/>\n<meta property=\"og:title\" content=\"AMD Ryzen 5 5500 4.2GHZ - PC MASTERS BOGOTA\" \/>\n<meta property=\"og:description\" content=\"6 N\u00daCLEOS 12 HILOS\" \/>\n<meta property=\"og:url\" content=\"https:\/\/espaciosyambientes.com\/es_es\/producto\/amd-ryzen-5-5500-4-4ghz\/\" \/>\n<meta property=\"og:site_name\" content=\"PC MASTERS BOGOTA\" \/>\n<meta property=\"article:modified_time\" content=\"2026-01-10T16:29:58+00:00\" \/>\n<meta property=\"og:image\" content=\"https:\/\/espaciosyambientes.com\/wp-content\/uploads\/2022\/04\/51zUfd6acTL._AC_SL1395_.jpg\" \/>\n\t<meta property=\"og:image:width\" content=\"865\" \/>\n\t<meta property=\"og:image:height\" content=\"942\" \/>\n\t<meta property=\"og:image:type\" content=\"image\/jpeg\" \/>\n<meta name=\"twitter:card\" content=\"summary_large_image\" \/>\n<meta name=\"twitter:label1\" content=\"Tiempo de lectura\" \/>\n\t<meta name=\"twitter:data1\" content=\"2 minutos\" \/>\n<script type=\"application\/ld+json\" class=\"yoast-schema-graph\">{\"@context\":\"https:\\\/\\\/schema.org\",\"@graph\":[{\"@type\":\"WebPage\",\"@id\":\"https:\\\/\\\/espaciosyambientes.com\\\/producto\\\/amd-ryzen-5-5500-4-4ghz\\\/\",\"url\":\"https:\\\/\\\/espaciosyambientes.com\\\/producto\\\/amd-ryzen-5-5500-4-4ghz\\\/\",\"name\":\"AMD Ryzen 5 5500 4.2GHZ - PC MASTERS BOGOTA\",\"isPartOf\":{\"@id\":\"https:\\\/\\\/espaciosyambientes.com\\\/es_es\\\/#website\"},\"primaryImageOfPage\":{\"@id\":\"https:\\\/\\\/espaciosyambientes.com\\\/producto\\\/amd-ryzen-5-5500-4-4ghz\\\/#primaryimage\"},\"image\":{\"@id\":\"https:\\\/\\\/espaciosyambientes.com\\\/producto\\\/amd-ryzen-5-5500-4-4ghz\\\/#primaryimage\"},\"thumbnailUrl\":\"https:\\\/\\\/espaciosyambientes.com\\\/wp-content\\\/uploads\\\/2022\\\/04\\\/51zUfd6acTL._AC_SL1395_.jpg\",\"datePublished\":\"2025-06-04T03:01:17+00:00\",\"dateModified\":\"2026-01-10T16:29:58+00:00\",\"breadcrumb\":{\"@id\":\"https:\\\/\\\/espaciosyambientes.com\\\/producto\\\/amd-ryzen-5-5500-4-4ghz\\\/#breadcrumb\"},\"inLanguage\":\"es\",\"potentialAction\":[{\"@type\":\"ReadAction\",\"target\":[\"https:\\\/\\\/espaciosyambientes.com\\\/producto\\\/amd-ryzen-5-5500-4-4ghz\\\/\"]}]},{\"@type\":\"ImageObject\",\"inLanguage\":\"es\",\"@id\":\"https:\\\/\\\/espaciosyambientes.com\\\/producto\\\/amd-ryzen-5-5500-4-4ghz\\\/#primaryimage\",\"url\":\"https:\\\/\\\/espaciosyambientes.com\\\/wp-content\\\/uploads\\\/2022\\\/04\\\/51zUfd6acTL._AC_SL1395_.jpg\",\"contentUrl\":\"https:\\\/\\\/espaciosyambientes.com\\\/wp-content\\\/uploads\\\/2022\\\/04\\\/51zUfd6acTL._AC_SL1395_.jpg\",\"width\":865,\"height\":942},{\"@type\":\"BreadcrumbList\",\"@id\":\"https:\\\/\\\/espaciosyambientes.com\\\/producto\\\/amd-ryzen-5-5500-4-4ghz\\\/#breadcrumb\",\"itemListElement\":[{\"@type\":\"ListItem\",\"position\":1,\"name\":\"Home\",\"item\":\"https:\\\/\\\/espaciosyambientes.com\\\/\"},{\"@type\":\"ListItem\",\"position\":2,\"name\":\"Tienda\",\"item\":\"https:\\\/\\\/espaciosyambientes.com\\\/tienda\\\/\"},{\"@type\":\"ListItem\",\"position\":3,\"name\":\"AMD Ryzen 5 5500 4.2GHZ\"}]},{\"@type\":\"WebSite\",\"@id\":\"https:\\\/\\\/espaciosyambientes.com\\\/es_es\\\/#website\",\"url\":\"https:\\\/\\\/espaciosyambientes.com\\\/es_es\\\/\",\"name\":\"PC MASTERS BOGOTA\",\"description\":\"\",\"potentialAction\":[{\"@type\":\"SearchAction\",\"target\":{\"@type\":\"EntryPoint\",\"urlTemplate\":\"https:\\\/\\\/espaciosyambientes.com\\\/es_es\\\/?s={search_term_string}\"},\"query-input\":{\"@type\":\"PropertyValueSpecification\",\"valueRequired\":true,\"valueName\":\"search_term_string\"}}],\"inLanguage\":\"es\"}]}<\/script>\n<!-- \/ Yoast SEO plugin. -->","yoast_head_json":{"title":"AMD Ryzen 5 5500 4.2GHZ - PC MASTERS BOGOTA","robots":{"index":"index","follow":"follow","max-snippet":"max-snippet:-1","max-image-preview":"max-image-preview:large","max-video-preview":"max-video-preview:-1"},"canonical":"https:\/\/espaciosyambientes.com\/es_es\/producto\/amd-ryzen-5-5500-4-4ghz\/","og_locale":"es_ES","og_type":"article","og_title":"AMD Ryzen 5 5500 4.2GHZ - PC MASTERS BOGOTA","og_description":"6 N\u00daCLEOS 12 HILOS","og_url":"https:\/\/espaciosyambientes.com\/es_es\/producto\/amd-ryzen-5-5500-4-4ghz\/","og_site_name":"PC MASTERS BOGOTA","article_modified_time":"2026-01-10T16:29:58+00:00","og_image":[{"width":865,"height":942,"url":"https:\/\/espaciosyambientes.com\/wp-content\/uploads\/2022\/04\/51zUfd6acTL._AC_SL1395_.jpg","type":"image\/jpeg"}],"twitter_card":"summary_large_image","twitter_misc":{"Tiempo de lectura":"2 minutos"},"schema":{"@context":"https:\/\/schema.org","@graph":[{"@type":"WebPage","@id":"https:\/\/espaciosyambientes.com\/producto\/amd-ryzen-5-5500-4-4ghz\/","url":"https:\/\/espaciosyambientes.com\/producto\/amd-ryzen-5-5500-4-4ghz\/","name":"AMD Ryzen 5 5500 4.2GHZ - PC MASTERS BOGOTA","isPartOf":{"@id":"https:\/\/espaciosyambientes.com\/es_es\/#website"},"primaryImageOfPage":{"@id":"https:\/\/espaciosyambientes.com\/producto\/amd-ryzen-5-5500-4-4ghz\/#primaryimage"},"image":{"@id":"https:\/\/espaciosyambientes.com\/producto\/amd-ryzen-5-5500-4-4ghz\/#primaryimage"},"thumbnailUrl":"https:\/\/espaciosyambientes.com\/wp-content\/uploads\/2022\/04\/51zUfd6acTL._AC_SL1395_.jpg","datePublished":"2025-06-04T03:01:17+00:00","dateModified":"2026-01-10T16:29:58+00:00","breadcrumb":{"@id":"https:\/\/espaciosyambientes.com\/producto\/amd-ryzen-5-5500-4-4ghz\/#breadcrumb"},"inLanguage":"es","potentialAction":[{"@type":"ReadAction","target":["https:\/\/espaciosyambientes.com\/producto\/amd-ryzen-5-5500-4-4ghz\/"]}]},{"@type":"ImageObject","inLanguage":"es","@id":"https:\/\/espaciosyambientes.com\/producto\/amd-ryzen-5-5500-4-4ghz\/#primaryimage","url":"https:\/\/espaciosyambientes.com\/wp-content\/uploads\/2022\/04\/51zUfd6acTL._AC_SL1395_.jpg","contentUrl":"https:\/\/espaciosyambientes.com\/wp-content\/uploads\/2022\/04\/51zUfd6acTL._AC_SL1395_.jpg","width":865,"height":942},{"@type":"BreadcrumbList","@id":"https:\/\/espaciosyambientes.com\/producto\/amd-ryzen-5-5500-4-4ghz\/#breadcrumb","itemListElement":[{"@type":"ListItem","position":1,"name":"Home","item":"https:\/\/espaciosyambientes.com\/"},{"@type":"ListItem","position":2,"name":"Tienda","item":"https:\/\/espaciosyambientes.com\/tienda\/"},{"@type":"ListItem","position":3,"name":"AMD Ryzen 5 5500 4.2GHZ"}]},{"@type":"WebSite","@id":"https:\/\/espaciosyambientes.com\/es_es\/#website","url":"https:\/\/espaciosyambientes.com\/es_es\/","name":"PC MASTERS BOGOTA","description":"","potentialAction":[{"@type":"SearchAction","target":{"@type":"EntryPoint","urlTemplate":"https:\/\/espaciosyambientes.com\/es_es\/?s={search_term_string}"},"query-input":{"@type":"PropertyValueSpecification","valueRequired":true,"valueName":"search_term_string"}}],"inLanguage":"es"}]}},"_links":{"self":[{"href":"http:\/\/espaciosyambientes.com\/es_es\/wp-json\/wp\/v2\/product\/27732","targetHints":{"allow":["GET"]}}],"collection":[{"href":"http:\/\/espaciosyambientes.com\/es_es\/wp-json\/wp\/v2\/product"}],"about":[{"href":"http:\/\/espaciosyambientes.com\/es_es\/wp-json\/wp\/v2\/types\/product"}],"replies":[{"embeddable":true,"href":"http:\/\/espaciosyambientes.com\/es_es\/wp-json\/wp\/v2\/comments?post=27732"}],"version-history":[{"count":3,"href":"http:\/\/espaciosyambientes.com\/es_es\/wp-json\/wp\/v2\/product\/27732\/revisions"}],"predecessor-version":[{"id":27735,"href":"http:\/\/espaciosyambientes.com\/es_es\/wp-json\/wp\/v2\/product\/27732\/revisions\/27735"}],"wp:featuredmedia":[{"embeddable":true,"href":"http:\/\/espaciosyambientes.com\/es_es\/wp-json\/wp\/v2\/media\/18817"}],"wp:attachment":[{"href":"http:\/\/espaciosyambientes.com\/es_es\/wp-json\/wp\/v2\/media?parent=27732"}],"wp:term":[{"taxonomy":"product_brand","embeddable":true,"href":"http:\/\/espaciosyambientes.com\/es_es\/wp-json\/wp\/v2\/product_brand?post=27732"},{"taxonomy":"product_cat","embeddable":true,"href":"http:\/\/espaciosyambientes.com\/es_es\/wp-json\/wp\/v2\/product_cat?post=27732"},{"taxonomy":"product_tag","embeddable":true,"href":"http:\/\/espaciosyambientes.com\/es_es\/wp-json\/wp\/v2\/product_tag?post=27732"}],"curies":[{"name":"wp","href":"https:\/\/api.w.org\/{rel}","templated":true}]}}