{"id":27648,"date":"2025-05-29T13:27:57","date_gmt":"2025-05-29T18:27:57","guid":{"rendered":"https:\/\/espaciosyambientes.com\/?post_type=product&#038;p=27648"},"modified":"2025-05-29T13:30:49","modified_gmt":"2025-05-29T18:30:49","slug":"thermaltake-swafan-ex12-magnetic-white","status":"publish","type":"product","link":"http:\/\/espaciosyambientes.com\/es_es\/producto\/thermaltake-swafan-ex12-magnetic-white\/","title":{"rendered":"THERMALTAKE SWAFAN EX12 MAGNETIC WHITE"},"content":{"rendered":"<h2 class=\"colorW w-80 icenter ing1\">Conexi\u00f3n r\u00e1pida con dise\u00f1o de fuerza magn\u00e9tica<\/h2>\n<p class=\"font24 colorW w-80 icenter\" style=\"text-align: center;\">Nuestra versi\u00f3n ARGB con dise\u00f1o de fuerza magn\u00e9tica permite conectar el cable PWM de 12 V y el cable de iluminaci\u00f3n ARGB de 5 V a un \u00fanico conector magn\u00e9tico. Con solo colocar los ventiladores uno al lado del otro, los conectores magn\u00e9ticos unir\u00e1n instant\u00e1neamente los marcos de los ventiladores, manteni\u00e9ndolos en su lugar, aliment\u00e1ndolos e ilumin\u00e1ndolos mediante la conexi\u00f3n en cadena. Este dise\u00f1o simplifica el proceso de ensamblaje y reduce el tiempo de instalaci\u00f3n, lo que facilita el uso del ventilador y aumenta la diversi\u00f3n al ensamblar tu PC.<\/p>\n<div style=\"width: 1280px;\" class=\"wp-video\"><video class=\"wp-video-shortcode\" id=\"video-27648-1\" width=\"1280\" height=\"720\" loop autoplay preload=\"metadata\" controls=\"controls\"><source type=\"video\/mp4\" src=\"https:\/\/espaciosyambientes.com\/wp-content\/uploads\/2025\/05\/SWFANEXARGB_BK_video.mp4?_=1\" \/><a href=\"https:\/\/espaciosyambientes.com\/wp-content\/uploads\/2025\/05\/SWFANEXARGB_BK_video.mp4\">https:\/\/espaciosyambientes.com\/wp-content\/uploads\/2025\/05\/SWFANEXARGB_BK_video.mp4<\/a><\/video><\/div>\n<p class=\"font24 colorW w-80 icenter\" style=\"text-align: center;\"><a href=\"https:\/\/espaciosyambientes.com\/wp-content\/uploads\/2025\/05\/imagen_2025-05-29_131115670.png\"><img loading=\"lazy\" decoding=\"async\" class=\"alignnone size-full wp-image-27631\" src=\"https:\/\/espaciosyambientes.com\/wp-content\/uploads\/2025\/05\/imagen_2025-05-29_131115670.png\" alt=\"\" width=\"1394\" height=\"640\" srcset=\"https:\/\/espaciosyambientes.com\/wp-content\/uploads\/2025\/05\/imagen_2025-05-29_131115670.png 1394w, https:\/\/espaciosyambientes.com\/wp-content\/uploads\/2025\/05\/imagen_2025-05-29_131115670-430x197.png 430w, https:\/\/espaciosyambientes.com\/wp-content\/uploads\/2025\/05\/imagen_2025-05-29_131115670-150x69.png 150w, https:\/\/espaciosyambientes.com\/wp-content\/uploads\/2025\/05\/imagen_2025-05-29_131115670-700x321.png 700w, https:\/\/espaciosyambientes.com\/wp-content\/uploads\/2025\/05\/imagen_2025-05-29_131115670-300x138.png 300w, https:\/\/espaciosyambientes.com\/wp-content\/uploads\/2025\/05\/imagen_2025-05-29_131115670-1024x470.png 1024w, https:\/\/espaciosyambientes.com\/wp-content\/uploads\/2025\/05\/imagen_2025-05-29_131115670-768x353.png 768w, https:\/\/espaciosyambientes.com\/wp-content\/uploads\/2025\/05\/imagen_2025-05-29_131115670-18x8.png 18w\" sizes=\"auto, (max-width: 1394px) 100vw, 1394px\" \/><\/a> <a href=\"https:\/\/espaciosyambientes.com\/wp-content\/uploads\/2025\/05\/imagen_2025-05-29_131208302.png\"><img loading=\"lazy\" decoding=\"async\" class=\"alignnone size-full wp-image-27632\" src=\"https:\/\/espaciosyambientes.com\/wp-content\/uploads\/2025\/05\/imagen_2025-05-29_131208302.png\" alt=\"\" width=\"1443\" height=\"753\" srcset=\"https:\/\/espaciosyambientes.com\/wp-content\/uploads\/2025\/05\/imagen_2025-05-29_131208302.png 1443w, https:\/\/espaciosyambientes.com\/wp-content\/uploads\/2025\/05\/imagen_2025-05-29_131208302-430x224.png 430w, https:\/\/espaciosyambientes.com\/wp-content\/uploads\/2025\/05\/imagen_2025-05-29_131208302-150x78.png 150w, https:\/\/espaciosyambientes.com\/wp-content\/uploads\/2025\/05\/imagen_2025-05-29_131208302-700x365.png 700w, https:\/\/espaciosyambientes.com\/wp-content\/uploads\/2025\/05\/imagen_2025-05-29_131208302-300x157.png 300w, https:\/\/espaciosyambientes.com\/wp-content\/uploads\/2025\/05\/imagen_2025-05-29_131208302-1024x534.png 1024w, https:\/\/espaciosyambientes.com\/wp-content\/uploads\/2025\/05\/imagen_2025-05-29_131208302-768x401.png 768w, https:\/\/espaciosyambientes.com\/wp-content\/uploads\/2025\/05\/imagen_2025-05-29_131208302-18x9.png 18w\" sizes=\"auto, (max-width: 1443px) 100vw, 1443px\" \/><\/a> <a href=\"https:\/\/espaciosyambientes.com\/wp-content\/uploads\/2025\/05\/imagen_2025-05-29_131337110.png\"><img loading=\"lazy\" decoding=\"async\" class=\"alignnone size-full wp-image-27633\" src=\"https:\/\/espaciosyambientes.com\/wp-content\/uploads\/2025\/05\/imagen_2025-05-29_131337110.png\" alt=\"\" width=\"1710\" height=\"798\" srcset=\"https:\/\/espaciosyambientes.com\/wp-content\/uploads\/2025\/05\/imagen_2025-05-29_131337110.png 1710w, https:\/\/espaciosyambientes.com\/wp-content\/uploads\/2025\/05\/imagen_2025-05-29_131337110-430x201.png 430w, https:\/\/espaciosyambientes.com\/wp-content\/uploads\/2025\/05\/imagen_2025-05-29_131337110-150x70.png 150w, https:\/\/espaciosyambientes.com\/wp-content\/uploads\/2025\/05\/imagen_2025-05-29_131337110-700x327.png 700w, https:\/\/espaciosyambientes.com\/wp-content\/uploads\/2025\/05\/imagen_2025-05-29_131337110-300x140.png 300w, https:\/\/espaciosyambientes.com\/wp-content\/uploads\/2025\/05\/imagen_2025-05-29_131337110-1024x478.png 1024w, https:\/\/espaciosyambientes.com\/wp-content\/uploads\/2025\/05\/imagen_2025-05-29_131337110-768x358.png 768w, https:\/\/espaciosyambientes.com\/wp-content\/uploads\/2025\/05\/imagen_2025-05-29_131337110-1536x717.png 1536w, https:\/\/espaciosyambientes.com\/wp-content\/uploads\/2025\/05\/imagen_2025-05-29_131337110-18x8.png 18w\" sizes=\"auto, (max-width: 1710px) 100vw, 1710px\" \/><\/a> <a href=\"https:\/\/espaciosyambientes.com\/wp-content\/uploads\/2025\/05\/imagen_2025-05-29_131440408.png\"><img loading=\"lazy\" decoding=\"async\" class=\"alignnone size-full wp-image-27634\" src=\"https:\/\/espaciosyambientes.com\/wp-content\/uploads\/2025\/05\/imagen_2025-05-29_131440408.png\" alt=\"\" width=\"1803\" height=\"935\" srcset=\"https:\/\/espaciosyambientes.com\/wp-content\/uploads\/2025\/05\/imagen_2025-05-29_131440408.png 1803w, https:\/\/espaciosyambientes.com\/wp-content\/uploads\/2025\/05\/imagen_2025-05-29_131440408-430x223.png 430w, https:\/\/espaciosyambientes.com\/wp-content\/uploads\/2025\/05\/imagen_2025-05-29_131440408-150x78.png 150w, https:\/\/espaciosyambientes.com\/wp-content\/uploads\/2025\/05\/imagen_2025-05-29_131440408-700x363.png 700w, https:\/\/espaciosyambientes.com\/wp-content\/uploads\/2025\/05\/imagen_2025-05-29_131440408-300x156.png 300w, https:\/\/espaciosyambientes.com\/wp-content\/uploads\/2025\/05\/imagen_2025-05-29_131440408-1024x531.png 1024w, https:\/\/espaciosyambientes.com\/wp-content\/uploads\/2025\/05\/imagen_2025-05-29_131440408-768x398.png 768w, https:\/\/espaciosyambientes.com\/wp-content\/uploads\/2025\/05\/imagen_2025-05-29_131440408-1536x797.png 1536w, https:\/\/espaciosyambientes.com\/wp-content\/uploads\/2025\/05\/imagen_2025-05-29_131440408-18x9.png 18w\" sizes=\"auto, (max-width: 1803px) 100vw, 1803px\" \/><\/a> <a href=\"https:\/\/espaciosyambientes.com\/wp-content\/uploads\/2025\/05\/imagen_2025-05-29_131506669.png\"><img loading=\"lazy\" decoding=\"async\" class=\"alignnone size-full wp-image-27635\" src=\"https:\/\/espaciosyambientes.com\/wp-content\/uploads\/2025\/05\/imagen_2025-05-29_131506669.png\" alt=\"\" width=\"1935\" height=\"1062\" srcset=\"https:\/\/espaciosyambientes.com\/wp-content\/uploads\/2025\/05\/imagen_2025-05-29_131506669.png 1935w, https:\/\/espaciosyambientes.com\/wp-content\/uploads\/2025\/05\/imagen_2025-05-29_131506669-430x236.png 430w, https:\/\/espaciosyambientes.com\/wp-content\/uploads\/2025\/05\/imagen_2025-05-29_131506669-150x82.png 150w, https:\/\/espaciosyambientes.com\/wp-content\/uploads\/2025\/05\/imagen_2025-05-29_131506669-700x384.png 700w, https:\/\/espaciosyambientes.com\/wp-content\/uploads\/2025\/05\/imagen_2025-05-29_131506669-300x165.png 300w, https:\/\/espaciosyambientes.com\/wp-content\/uploads\/2025\/05\/imagen_2025-05-29_131506669-1024x562.png 1024w, https:\/\/espaciosyambientes.com\/wp-content\/uploads\/2025\/05\/imagen_2025-05-29_131506669-768x422.png 768w, https:\/\/espaciosyambientes.com\/wp-content\/uploads\/2025\/05\/imagen_2025-05-29_131506669-1536x843.png 1536w, https:\/\/espaciosyambientes.com\/wp-content\/uploads\/2025\/05\/imagen_2025-05-29_131506669-18x10.png 18w\" sizes=\"auto, (max-width: 1935px) 100vw, 1935px\" \/><\/a><\/p>\n<h2 class=\"colorW w-80 icenter ing1\" style=\"text-align: center;\">Excelentes efectos de iluminaci\u00f3n con 16,8 millones de colores<\/h2>\n<p class=\"font24 colorW w-80 icenter\" style=\"text-align: center;\">Dos anillos LED independientes con 20 LED (anillo interior: 6, anillo exterior: 14) le permiten explorar diferentes temas de construcci\u00f3n con el software de iluminaci\u00f3n de sincronizaci\u00f3n de la placa base de 5 V.<br \/>\n<a href=\"https:\/\/espaciosyambientes.com\/wp-content\/uploads\/2025\/05\/imagen_2025-05-29_131628908.png\"><img loading=\"lazy\" decoding=\"async\" class=\"alignnone size-full wp-image-27636\" src=\"https:\/\/espaciosyambientes.com\/wp-content\/uploads\/2025\/05\/imagen_2025-05-29_131628908.png\" alt=\"\" width=\"1179\" height=\"600\" srcset=\"https:\/\/espaciosyambientes.com\/wp-content\/uploads\/2025\/05\/imagen_2025-05-29_131628908.png 1179w, https:\/\/espaciosyambientes.com\/wp-content\/uploads\/2025\/05\/imagen_2025-05-29_131628908-430x219.png 430w, https:\/\/espaciosyambientes.com\/wp-content\/uploads\/2025\/05\/imagen_2025-05-29_131628908-150x76.png 150w, https:\/\/espaciosyambientes.com\/wp-content\/uploads\/2025\/05\/imagen_2025-05-29_131628908-700x356.png 700w, https:\/\/espaciosyambientes.com\/wp-content\/uploads\/2025\/05\/imagen_2025-05-29_131628908-300x153.png 300w, https:\/\/espaciosyambientes.com\/wp-content\/uploads\/2025\/05\/imagen_2025-05-29_131628908-1024x521.png 1024w, https:\/\/espaciosyambientes.com\/wp-content\/uploads\/2025\/05\/imagen_2025-05-29_131628908-768x391.png 768w, https:\/\/espaciosyambientes.com\/wp-content\/uploads\/2025\/05\/imagen_2025-05-29_131628908-18x9.png 18w\" sizes=\"auto, (max-width: 1179px) 100vw, 1179px\" \/><\/a> <a href=\"https:\/\/espaciosyambientes.com\/wp-content\/uploads\/2025\/05\/imagen_2025-05-29_131645095.png\"><img loading=\"lazy\" decoding=\"async\" class=\"alignnone size-full wp-image-27637\" src=\"https:\/\/espaciosyambientes.com\/wp-content\/uploads\/2025\/05\/imagen_2025-05-29_131645095.png\" alt=\"\" width=\"1413\" height=\"235\" srcset=\"https:\/\/espaciosyambientes.com\/wp-content\/uploads\/2025\/05\/imagen_2025-05-29_131645095.png 1413w, https:\/\/espaciosyambientes.com\/wp-content\/uploads\/2025\/05\/imagen_2025-05-29_131645095-430x72.png 430w, https:\/\/espaciosyambientes.com\/wp-content\/uploads\/2025\/05\/imagen_2025-05-29_131645095-150x25.png 150w, https:\/\/espaciosyambientes.com\/wp-content\/uploads\/2025\/05\/imagen_2025-05-29_131645095-700x116.png 700w, https:\/\/espaciosyambientes.com\/wp-content\/uploads\/2025\/05\/imagen_2025-05-29_131645095-300x50.png 300w, https:\/\/espaciosyambientes.com\/wp-content\/uploads\/2025\/05\/imagen_2025-05-29_131645095-1024x170.png 1024w, https:\/\/espaciosyambientes.com\/wp-content\/uploads\/2025\/05\/imagen_2025-05-29_131645095-768x128.png 768w, https:\/\/espaciosyambientes.com\/wp-content\/uploads\/2025\/05\/imagen_2025-05-29_131645095-18x3.png 18w\" sizes=\"auto, (max-width: 1413px) 100vw, 1413px\" \/><\/a> <a href=\"https:\/\/espaciosyambientes.com\/wp-content\/uploads\/2025\/05\/imagen_2025-05-29_131738504.png\"><img loading=\"lazy\" decoding=\"async\" class=\"alignnone size-full wp-image-27638\" src=\"https:\/\/espaciosyambientes.com\/wp-content\/uploads\/2025\/05\/imagen_2025-05-29_131738504.png\" alt=\"\" width=\"892\" height=\"779\" srcset=\"https:\/\/espaciosyambientes.com\/wp-content\/uploads\/2025\/05\/imagen_2025-05-29_131738504.png 892w, https:\/\/espaciosyambientes.com\/wp-content\/uploads\/2025\/05\/imagen_2025-05-29_131738504-430x376.png 430w, https:\/\/espaciosyambientes.com\/wp-content\/uploads\/2025\/05\/imagen_2025-05-29_131738504-150x131.png 150w, https:\/\/espaciosyambientes.com\/wp-content\/uploads\/2025\/05\/imagen_2025-05-29_131738504-700x611.png 700w, https:\/\/espaciosyambientes.com\/wp-content\/uploads\/2025\/05\/imagen_2025-05-29_131738504-300x262.png 300w, https:\/\/espaciosyambientes.com\/wp-content\/uploads\/2025\/05\/imagen_2025-05-29_131738504-768x671.png 768w, https:\/\/espaciosyambientes.com\/wp-content\/uploads\/2025\/05\/imagen_2025-05-29_131738504-14x12.png 14w\" sizes=\"auto, (max-width: 892px) 100vw, 892px\" \/><\/a><\/p>\n<div id=\"gtx-trans\" style=\"position: absolute; left: 439px; top: 193.5px;\">\n<div class=\"gtx-trans-icon\"><\/div>\n<\/div>\n","protected":false},"excerpt":{"rendered":"<div class=\"product attribute overview\">\n<div class=\"value\"><span class=\"\">PAQUETE DE 3<br \/>\nEl SWAFAN EX12 ARGB incorpora un dise\u00f1o de fuerza magn\u00e9tica a los ventiladores ARGB, conservando el ic\u00f3nico dise\u00f1o de aspas intercambiables. La conexi\u00f3n en cadena de hasta 3 ventiladores por cable mejora la eficiencia y la comodidad de la conexi\u00f3n, a la vez que optimiza la gesti\u00f3n de cables para el montaje de PC.<\/span><\/div>\n<\/div>\n<div class=\"softwareIcon\"><img decoding=\"async\" src=\"https:\/\/thermaltake-de-bhgycxg9djfgcmfn.a02.azurefd.net\/media\/wysiwyg\/key3\/support_software\/ASROCKPOLYCHROMERGB.png\" width=\"80px\" \/><img decoding=\"async\" src=\"https:\/\/thermaltake-de-bhgycxg9djfgcmfn.a02.azurefd.net\/media\/wysiwyg\/key3\/support_software\/ASUS_AURA_SYNC.jpg\" width=\"80px\" \/><img decoding=\"async\" src=\"https:\/\/thermaltake-de-bhgycxg9djfgcmfn.a02.azurefd.net\/media\/wysiwyg\/key3\/support_software\/GIGABYTE_RGB_FUSION_READY.jpg\" width=\"80px\" \/><img decoding=\"async\" src=\"https:\/\/thermaltake-de-bhgycxg9djfgcmfn.a02.azurefd.net\/media\/wysiwyg\/key3\/support_software\/msilight.jpg\" width=\"80px\" \/><\/div>\n","protected":false},"featured_media":27650,"comment_status":"closed","ping_status":"closed","template":"","meta":[],"product_brand":[102],"product_cat":[69],"product_tag":[359,555,514,556],"class_list":{"0":"post-27648","1":"product","2":"type-product","3":"status-publish","4":"has-post-thumbnail","6":"product_brand-thermaltake","7":"product_cat-ventiladores","8":"product_tag-fans","9":"product_tag-magneticos","10":"product_tag-modular","11":"product_tag-ventilador","13":"first","14":"instock","15":"taxable","16":"shipping-taxable","17":"purchasable","18":"product-type-simple"},"yoast_head":"<!-- This site is optimized with the Yoast SEO plugin v27.3 - https:\/\/yoast.com\/product\/yoast-seo-wordpress\/ -->\n<title>THERMALTAKE SWAFAN EX12 MAGNETIC WHITE - PC MASTERS BOGOTA<\/title>\n<meta name=\"robots\" content=\"index, follow, max-snippet:-1, max-image-preview:large, max-video-preview:-1\" \/>\n<link rel=\"canonical\" href=\"https:\/\/espaciosyambientes.com\/es_es\/producto\/thermaltake-swafan-ex12-magnetic-white\/\" \/>\n<meta property=\"og:locale\" content=\"es_ES\" \/>\n<meta property=\"og:type\" content=\"article\" \/>\n<meta property=\"og:title\" content=\"THERMALTAKE SWAFAN EX12 MAGNETIC WHITE - PC MASTERS BOGOTA\" \/>\n<meta property=\"og:description\" content=\"PAQUETE DE 3 El SWAFAN EX12 ARGB incorpora un dise\u00f1o de fuerza magn\u00e9tica a los ventiladores ARGB, conservando el ic\u00f3nico dise\u00f1o de aspas intercambiables. La conexi\u00f3n en cadena de hasta 3 ventiladores por cable mejora la eficiencia y la comodidad de la conexi\u00f3n, a la vez que optimiza la gesti\u00f3n de cables para el montaje de PC.\" \/>\n<meta property=\"og:url\" content=\"https:\/\/espaciosyambientes.com\/es_es\/producto\/thermaltake-swafan-ex12-magnetic-white\/\" \/>\n<meta property=\"og:site_name\" content=\"PC MASTERS BOGOTA\" \/>\n<meta property=\"article:modified_time\" content=\"2025-05-29T18:30:49+00:00\" \/>\n<meta property=\"og:image\" content=\"https:\/\/espaciosyambientes.com\/wp-content\/uploads\/2025\/05\/wt-swafan_ex12_argb_4.jpg\" \/>\n\t<meta property=\"og:image:width\" content=\"720\" \/>\n\t<meta property=\"og:image:height\" content=\"720\" \/>\n\t<meta property=\"og:image:type\" content=\"image\/jpeg\" \/>\n<meta name=\"twitter:card\" content=\"summary_large_image\" \/>\n<meta name=\"twitter:label1\" content=\"Tiempo de lectura\" \/>\n\t<meta name=\"twitter:data1\" content=\"3 minutos\" \/>\n<script type=\"application\/ld+json\" class=\"yoast-schema-graph\">{\"@context\":\"https:\\\/\\\/schema.org\",\"@graph\":[{\"@type\":\"WebPage\",\"@id\":\"https:\\\/\\\/espaciosyambientes.com\\\/producto\\\/thermaltake-swafan-ex12-magnetic-white\\\/\",\"url\":\"https:\\\/\\\/espaciosyambientes.com\\\/producto\\\/thermaltake-swafan-ex12-magnetic-white\\\/\",\"name\":\"THERMALTAKE SWAFAN EX12 MAGNETIC WHITE - PC MASTERS BOGOTA\",\"isPartOf\":{\"@id\":\"https:\\\/\\\/espaciosyambientes.com\\\/es_es\\\/#website\"},\"primaryImageOfPage\":{\"@id\":\"https:\\\/\\\/espaciosyambientes.com\\\/producto\\\/thermaltake-swafan-ex12-magnetic-white\\\/#primaryimage\"},\"image\":{\"@id\":\"https:\\\/\\\/espaciosyambientes.com\\\/producto\\\/thermaltake-swafan-ex12-magnetic-white\\\/#primaryimage\"},\"thumbnailUrl\":\"https:\\\/\\\/espaciosyambientes.com\\\/wp-content\\\/uploads\\\/2025\\\/05\\\/wt-swafan_ex12_argb_4.jpg\",\"datePublished\":\"2025-05-29T18:27:57+00:00\",\"dateModified\":\"2025-05-29T18:30:49+00:00\",\"breadcrumb\":{\"@id\":\"https:\\\/\\\/espaciosyambientes.com\\\/producto\\\/thermaltake-swafan-ex12-magnetic-white\\\/#breadcrumb\"},\"inLanguage\":\"es\",\"potentialAction\":[{\"@type\":\"ReadAction\",\"target\":[\"https:\\\/\\\/espaciosyambientes.com\\\/producto\\\/thermaltake-swafan-ex12-magnetic-white\\\/\"]}]},{\"@type\":\"ImageObject\",\"inLanguage\":\"es\",\"@id\":\"https:\\\/\\\/espaciosyambientes.com\\\/producto\\\/thermaltake-swafan-ex12-magnetic-white\\\/#primaryimage\",\"url\":\"https:\\\/\\\/espaciosyambientes.com\\\/wp-content\\\/uploads\\\/2025\\\/05\\\/wt-swafan_ex12_argb_4.jpg\",\"contentUrl\":\"https:\\\/\\\/espaciosyambientes.com\\\/wp-content\\\/uploads\\\/2025\\\/05\\\/wt-swafan_ex12_argb_4.jpg\",\"width\":720,\"height\":720},{\"@type\":\"BreadcrumbList\",\"@id\":\"https:\\\/\\\/espaciosyambientes.com\\\/producto\\\/thermaltake-swafan-ex12-magnetic-white\\\/#breadcrumb\",\"itemListElement\":[{\"@type\":\"ListItem\",\"position\":1,\"name\":\"Home\",\"item\":\"https:\\\/\\\/espaciosyambientes.com\\\/\"},{\"@type\":\"ListItem\",\"position\":2,\"name\":\"Tienda\",\"item\":\"https:\\\/\\\/espaciosyambientes.com\\\/tienda\\\/\"},{\"@type\":\"ListItem\",\"position\":3,\"name\":\"THERMALTAKE SWAFAN EX12 MAGNETIC WHITE\"}]},{\"@type\":\"WebSite\",\"@id\":\"https:\\\/\\\/espaciosyambientes.com\\\/es_es\\\/#website\",\"url\":\"https:\\\/\\\/espaciosyambientes.com\\\/es_es\\\/\",\"name\":\"PC MASTERS BOGOTA\",\"description\":\"\",\"potentialAction\":[{\"@type\":\"SearchAction\",\"target\":{\"@type\":\"EntryPoint\",\"urlTemplate\":\"https:\\\/\\\/espaciosyambientes.com\\\/es_es\\\/?s={search_term_string}\"},\"query-input\":{\"@type\":\"PropertyValueSpecification\",\"valueRequired\":true,\"valueName\":\"search_term_string\"}}],\"inLanguage\":\"es\"}]}<\/script>\n<!-- \/ Yoast SEO plugin. -->","yoast_head_json":{"title":"THERMALTAKE SWAFAN EX12 MAGNETIC WHITE - PC MASTERS BOGOTA","robots":{"index":"index","follow":"follow","max-snippet":"max-snippet:-1","max-image-preview":"max-image-preview:large","max-video-preview":"max-video-preview:-1"},"canonical":"https:\/\/espaciosyambientes.com\/es_es\/producto\/thermaltake-swafan-ex12-magnetic-white\/","og_locale":"es_ES","og_type":"article","og_title":"THERMALTAKE SWAFAN EX12 MAGNETIC WHITE - PC MASTERS BOGOTA","og_description":"PAQUETE DE 3 El SWAFAN EX12 ARGB incorpora un dise\u00f1o de fuerza magn\u00e9tica a los ventiladores ARGB, conservando el ic\u00f3nico dise\u00f1o de aspas intercambiables. La conexi\u00f3n en cadena de hasta 3 ventiladores por cable mejora la eficiencia y la comodidad de la conexi\u00f3n, a la vez que optimiza la gesti\u00f3n de cables para el montaje de PC.","og_url":"https:\/\/espaciosyambientes.com\/es_es\/producto\/thermaltake-swafan-ex12-magnetic-white\/","og_site_name":"PC MASTERS BOGOTA","article_modified_time":"2025-05-29T18:30:49+00:00","og_image":[{"width":720,"height":720,"url":"https:\/\/espaciosyambientes.com\/wp-content\/uploads\/2025\/05\/wt-swafan_ex12_argb_4.jpg","type":"image\/jpeg"}],"twitter_card":"summary_large_image","twitter_misc":{"Tiempo de lectura":"3 minutos"},"schema":{"@context":"https:\/\/schema.org","@graph":[{"@type":"WebPage","@id":"https:\/\/espaciosyambientes.com\/producto\/thermaltake-swafan-ex12-magnetic-white\/","url":"https:\/\/espaciosyambientes.com\/producto\/thermaltake-swafan-ex12-magnetic-white\/","name":"THERMALTAKE SWAFAN EX12 MAGNETIC WHITE - PC MASTERS BOGOTA","isPartOf":{"@id":"https:\/\/espaciosyambientes.com\/es_es\/#website"},"primaryImageOfPage":{"@id":"https:\/\/espaciosyambientes.com\/producto\/thermaltake-swafan-ex12-magnetic-white\/#primaryimage"},"image":{"@id":"https:\/\/espaciosyambientes.com\/producto\/thermaltake-swafan-ex12-magnetic-white\/#primaryimage"},"thumbnailUrl":"https:\/\/espaciosyambientes.com\/wp-content\/uploads\/2025\/05\/wt-swafan_ex12_argb_4.jpg","datePublished":"2025-05-29T18:27:57+00:00","dateModified":"2025-05-29T18:30:49+00:00","breadcrumb":{"@id":"https:\/\/espaciosyambientes.com\/producto\/thermaltake-swafan-ex12-magnetic-white\/#breadcrumb"},"inLanguage":"es","potentialAction":[{"@type":"ReadAction","target":["https:\/\/espaciosyambientes.com\/producto\/thermaltake-swafan-ex12-magnetic-white\/"]}]},{"@type":"ImageObject","inLanguage":"es","@id":"https:\/\/espaciosyambientes.com\/producto\/thermaltake-swafan-ex12-magnetic-white\/#primaryimage","url":"https:\/\/espaciosyambientes.com\/wp-content\/uploads\/2025\/05\/wt-swafan_ex12_argb_4.jpg","contentUrl":"https:\/\/espaciosyambientes.com\/wp-content\/uploads\/2025\/05\/wt-swafan_ex12_argb_4.jpg","width":720,"height":720},{"@type":"BreadcrumbList","@id":"https:\/\/espaciosyambientes.com\/producto\/thermaltake-swafan-ex12-magnetic-white\/#breadcrumb","itemListElement":[{"@type":"ListItem","position":1,"name":"Home","item":"https:\/\/espaciosyambientes.com\/"},{"@type":"ListItem","position":2,"name":"Tienda","item":"https:\/\/espaciosyambientes.com\/tienda\/"},{"@type":"ListItem","position":3,"name":"THERMALTAKE SWAFAN EX12 MAGNETIC WHITE"}]},{"@type":"WebSite","@id":"https:\/\/espaciosyambientes.com\/es_es\/#website","url":"https:\/\/espaciosyambientes.com\/es_es\/","name":"PC MASTERS BOGOTA","description":"","potentialAction":[{"@type":"SearchAction","target":{"@type":"EntryPoint","urlTemplate":"https:\/\/espaciosyambientes.com\/es_es\/?s={search_term_string}"},"query-input":{"@type":"PropertyValueSpecification","valueRequired":true,"valueName":"search_term_string"}}],"inLanguage":"es"}]}},"_links":{"self":[{"href":"http:\/\/espaciosyambientes.com\/es_es\/wp-json\/wp\/v2\/product\/27648","targetHints":{"allow":["GET"]}}],"collection":[{"href":"http:\/\/espaciosyambientes.com\/es_es\/wp-json\/wp\/v2\/product"}],"about":[{"href":"http:\/\/espaciosyambientes.com\/es_es\/wp-json\/wp\/v2\/types\/product"}],"replies":[{"embeddable":true,"href":"http:\/\/espaciosyambientes.com\/es_es\/wp-json\/wp\/v2\/comments?post=27648"}],"version-history":[{"count":1,"href":"http:\/\/espaciosyambientes.com\/es_es\/wp-json\/wp\/v2\/product\/27648\/revisions"}],"predecessor-version":[{"id":27654,"href":"http:\/\/espaciosyambientes.com\/es_es\/wp-json\/wp\/v2\/product\/27648\/revisions\/27654"}],"wp:featuredmedia":[{"embeddable":true,"href":"http:\/\/espaciosyambientes.com\/es_es\/wp-json\/wp\/v2\/media\/27650"}],"wp:attachment":[{"href":"http:\/\/espaciosyambientes.com\/es_es\/wp-json\/wp\/v2\/media?parent=27648"}],"wp:term":[{"taxonomy":"product_brand","embeddable":true,"href":"http:\/\/espaciosyambientes.com\/es_es\/wp-json\/wp\/v2\/product_brand?post=27648"},{"taxonomy":"product_cat","embeddable":true,"href":"http:\/\/espaciosyambientes.com\/es_es\/wp-json\/wp\/v2\/product_cat?post=27648"},{"taxonomy":"product_tag","embeddable":true,"href":"http:\/\/espaciosyambientes.com\/es_es\/wp-json\/wp\/v2\/product_tag?post=27648"}],"curies":[{"name":"wp","href":"https:\/\/api.w.org\/{rel}","templated":true}]}}