{"id":26949,"date":"2025-05-07T10:53:35","date_gmt":"2025-05-07T15:53:35","guid":{"rendered":"https:\/\/espaciosyambientes.com\/?post_type=product&#038;p=26949"},"modified":"2025-05-07T10:55:53","modified_gmt":"2025-05-07T15:55:53","slug":"logitech-g335-white","status":"publish","type":"product","link":"http:\/\/espaciosyambientes.com\/es_es\/producto\/logitech-g335-white\/","title":{"rendered":"LOGITECH G335 WHITE"},"content":{"rendered":"<h2 class=\"js-title h4\">JUEGA CON ESTILO<\/h2>\n<div class=\"mini-hr\">\n<p>Los G335 est\u00e1n disponible en varios colores, con sus llamativas cintas reversibles correspondientes y almohadillas a juego. Las cintas suaves y el\u00e1sticas son reversibles, para ampliar tus opciones de color, y lavables. Cuando te apetezca un cambio de <i>look<\/i>, usa otra cinta o elige otro de los vistosos protectores de micr\u00f3fono.<\/p>\n<p><a href=\"https:\/\/espaciosyambientes.com\/wp-content\/uploads\/2025\/05\/imagen_2025-05-07_104844170.png\"><img loading=\"lazy\" decoding=\"async\" class=\"alignnone size-full wp-image-26939\" src=\"https:\/\/espaciosyambientes.com\/wp-content\/uploads\/2025\/05\/imagen_2025-05-07_104844170.png\" alt=\"\" width=\"1709\" height=\"974\" srcset=\"https:\/\/espaciosyambientes.com\/wp-content\/uploads\/2025\/05\/imagen_2025-05-07_104844170.png 1709w, https:\/\/espaciosyambientes.com\/wp-content\/uploads\/2025\/05\/imagen_2025-05-07_104844170-430x245.png 430w, https:\/\/espaciosyambientes.com\/wp-content\/uploads\/2025\/05\/imagen_2025-05-07_104844170-150x85.png 150w, https:\/\/espaciosyambientes.com\/wp-content\/uploads\/2025\/05\/imagen_2025-05-07_104844170-700x399.png 700w, https:\/\/espaciosyambientes.com\/wp-content\/uploads\/2025\/05\/imagen_2025-05-07_104844170-300x171.png 300w, https:\/\/espaciosyambientes.com\/wp-content\/uploads\/2025\/05\/imagen_2025-05-07_104844170-1024x584.png 1024w, https:\/\/espaciosyambientes.com\/wp-content\/uploads\/2025\/05\/imagen_2025-05-07_104844170-768x438.png 768w, https:\/\/espaciosyambientes.com\/wp-content\/uploads\/2025\/05\/imagen_2025-05-07_104844170-1536x875.png 1536w, https:\/\/espaciosyambientes.com\/wp-content\/uploads\/2025\/05\/imagen_2025-05-07_104844170-18x10.png 18w\" sizes=\"auto, (max-width: 1709px) 100vw, 1709px\" \/><\/a> <a href=\"https:\/\/espaciosyambientes.com\/wp-content\/uploads\/2025\/05\/imagen_2025-05-07_104855542.png\"><img loading=\"lazy\" decoding=\"async\" class=\"alignnone size-full wp-image-26940\" src=\"https:\/\/espaciosyambientes.com\/wp-content\/uploads\/2025\/05\/imagen_2025-05-07_104855542.png\" alt=\"\" width=\"1258\" height=\"602\" srcset=\"https:\/\/espaciosyambientes.com\/wp-content\/uploads\/2025\/05\/imagen_2025-05-07_104855542.png 1258w, https:\/\/espaciosyambientes.com\/wp-content\/uploads\/2025\/05\/imagen_2025-05-07_104855542-430x206.png 430w, https:\/\/espaciosyambientes.com\/wp-content\/uploads\/2025\/05\/imagen_2025-05-07_104855542-150x72.png 150w, https:\/\/espaciosyambientes.com\/wp-content\/uploads\/2025\/05\/imagen_2025-05-07_104855542-700x335.png 700w, https:\/\/espaciosyambientes.com\/wp-content\/uploads\/2025\/05\/imagen_2025-05-07_104855542-300x144.png 300w, https:\/\/espaciosyambientes.com\/wp-content\/uploads\/2025\/05\/imagen_2025-05-07_104855542-1024x490.png 1024w, https:\/\/espaciosyambientes.com\/wp-content\/uploads\/2025\/05\/imagen_2025-05-07_104855542-768x368.png 768w, https:\/\/espaciosyambientes.com\/wp-content\/uploads\/2025\/05\/imagen_2025-05-07_104855542-18x9.png 18w\" sizes=\"auto, (max-width: 1258px) 100vw, 1258px\" \/><\/a> <a href=\"https:\/\/espaciosyambientes.com\/wp-content\/uploads\/2025\/05\/imagen_2025-05-07_104945684.png\"><img loading=\"lazy\" decoding=\"async\" class=\"alignnone size-full wp-image-26942\" src=\"https:\/\/espaciosyambientes.com\/wp-content\/uploads\/2025\/05\/imagen_2025-05-07_104945684.png\" alt=\"\" width=\"1304\" height=\"1076\" srcset=\"https:\/\/espaciosyambientes.com\/wp-content\/uploads\/2025\/05\/imagen_2025-05-07_104945684.png 1304w, https:\/\/espaciosyambientes.com\/wp-content\/uploads\/2025\/05\/imagen_2025-05-07_104945684-430x355.png 430w, https:\/\/espaciosyambientes.com\/wp-content\/uploads\/2025\/05\/imagen_2025-05-07_104945684-150x124.png 150w, https:\/\/espaciosyambientes.com\/wp-content\/uploads\/2025\/05\/imagen_2025-05-07_104945684-700x578.png 700w, https:\/\/espaciosyambientes.com\/wp-content\/uploads\/2025\/05\/imagen_2025-05-07_104945684-300x248.png 300w, https:\/\/espaciosyambientes.com\/wp-content\/uploads\/2025\/05\/imagen_2025-05-07_104945684-1024x845.png 1024w, https:\/\/espaciosyambientes.com\/wp-content\/uploads\/2025\/05\/imagen_2025-05-07_104945684-768x634.png 768w, https:\/\/espaciosyambientes.com\/wp-content\/uploads\/2025\/05\/imagen_2025-05-07_104945684-15x12.png 15w\" sizes=\"auto, (max-width: 1304px) 100vw, 1304px\" \/><\/a> <a href=\"https:\/\/espaciosyambientes.com\/wp-content\/uploads\/2025\/05\/imagen_2025-05-07_105001114.png\"><img loading=\"lazy\" decoding=\"async\" class=\"alignnone size-full wp-image-26943\" src=\"https:\/\/espaciosyambientes.com\/wp-content\/uploads\/2025\/05\/imagen_2025-05-07_105001114.png\" alt=\"\" width=\"1854\" height=\"1107\" srcset=\"https:\/\/espaciosyambientes.com\/wp-content\/uploads\/2025\/05\/imagen_2025-05-07_105001114.png 1854w, https:\/\/espaciosyambientes.com\/wp-content\/uploads\/2025\/05\/imagen_2025-05-07_105001114-430x257.png 430w, https:\/\/espaciosyambientes.com\/wp-content\/uploads\/2025\/05\/imagen_2025-05-07_105001114-150x90.png 150w, https:\/\/espaciosyambientes.com\/wp-content\/uploads\/2025\/05\/imagen_2025-05-07_105001114-700x418.png 700w, https:\/\/espaciosyambientes.com\/wp-content\/uploads\/2025\/05\/imagen_2025-05-07_105001114-300x179.png 300w, https:\/\/espaciosyambientes.com\/wp-content\/uploads\/2025\/05\/imagen_2025-05-07_105001114-1024x611.png 1024w, https:\/\/espaciosyambientes.com\/wp-content\/uploads\/2025\/05\/imagen_2025-05-07_105001114-768x459.png 768w, https:\/\/espaciosyambientes.com\/wp-content\/uploads\/2025\/05\/imagen_2025-05-07_105001114-1536x917.png 1536w, https:\/\/espaciosyambientes.com\/wp-content\/uploads\/2025\/05\/imagen_2025-05-07_105001114-18x12.png 18w\" sizes=\"auto, (max-width: 1854px) 100vw, 1854px\" \/><\/a><\/p>\n<\/div>\n","protected":false},"excerpt":{"rendered":"<p>Unos aud\u00edfonos con cable ligeros y modernos, con un dise\u00f1o de diadema con suspensi\u00f3n y una cinta ajustable para un ajuste personalizado. Pr\u00e1ctico Plug and Play y controles integrados. Elige el color que vaya mejor con tu incre\u00edble estilo.<\/p>\n","protected":false},"featured_media":26946,"comment_status":"closed","ping_status":"closed","template":"","meta":[],"product_brand":[127],"product_cat":[74],"product_tag":[453],"class_list":{"0":"post-26949","1":"product","2":"type-product","3":"status-publish","4":"has-post-thumbnail","6":"product_brand-logitech","7":"product_cat-diadema","8":"product_tag-logitech","10":"first","11":"instock","12":"taxable","13":"shipping-taxable","14":"purchasable","15":"product-type-simple"},"yoast_head":"<!-- This site is optimized with the Yoast SEO plugin v27.3 - https:\/\/yoast.com\/product\/yoast-seo-wordpress\/ -->\n<title>LOGITECH G335 WHITE - PC MASTERS BOGOTA<\/title>\n<meta name=\"robots\" content=\"index, follow, max-snippet:-1, max-image-preview:large, max-video-preview:-1\" \/>\n<link rel=\"canonical\" href=\"https:\/\/espaciosyambientes.com\/es_es\/producto\/logitech-g335-white\/\" \/>\n<meta property=\"og:locale\" content=\"es_ES\" \/>\n<meta property=\"og:type\" content=\"article\" \/>\n<meta property=\"og:title\" content=\"LOGITECH G335 WHITE - PC MASTERS BOGOTA\" \/>\n<meta property=\"og:description\" content=\"Unos aud\u00edfonos con cable ligeros y modernos, con un dise\u00f1o de diadema con suspensi\u00f3n y una cinta ajustable para un ajuste personalizado. Pr\u00e1ctico Plug and Play y controles integrados. Elige el color que vaya mejor con tu incre\u00edble estilo.\" \/>\n<meta property=\"og:url\" content=\"https:\/\/espaciosyambientes.com\/es_es\/producto\/logitech-g335-white\/\" \/>\n<meta property=\"og:site_name\" content=\"PC MASTERS BOGOTA\" \/>\n<meta property=\"article:modified_time\" content=\"2025-05-07T15:55:53+00:00\" \/>\n<meta property=\"og:image\" content=\"https:\/\/espaciosyambientes.com\/wp-content\/uploads\/2025\/05\/imagen_2025-05-07_105152272.png\" \/>\n\t<meta property=\"og:image:width\" content=\"800\" \/>\n\t<meta property=\"og:image:height\" content=\"800\" \/>\n\t<meta property=\"og:image:type\" content=\"image\/png\" \/>\n<meta name=\"twitter:card\" content=\"summary_large_image\" \/>\n<meta name=\"twitter:label1\" content=\"Tiempo de lectura\" \/>\n\t<meta name=\"twitter:data1\" content=\"2 minutos\" \/>\n<script type=\"application\/ld+json\" class=\"yoast-schema-graph\">{\"@context\":\"https:\\\/\\\/schema.org\",\"@graph\":[{\"@type\":\"WebPage\",\"@id\":\"https:\\\/\\\/espaciosyambientes.com\\\/producto\\\/logitech-g335-white\\\/\",\"url\":\"https:\\\/\\\/espaciosyambientes.com\\\/producto\\\/logitech-g335-white\\\/\",\"name\":\"LOGITECH G335 WHITE - PC MASTERS BOGOTA\",\"isPartOf\":{\"@id\":\"https:\\\/\\\/espaciosyambientes.com\\\/es_es\\\/#website\"},\"primaryImageOfPage\":{\"@id\":\"https:\\\/\\\/espaciosyambientes.com\\\/producto\\\/logitech-g335-white\\\/#primaryimage\"},\"image\":{\"@id\":\"https:\\\/\\\/espaciosyambientes.com\\\/producto\\\/logitech-g335-white\\\/#primaryimage\"},\"thumbnailUrl\":\"https:\\\/\\\/espaciosyambientes.com\\\/wp-content\\\/uploads\\\/2025\\\/05\\\/imagen_2025-05-07_105152272.png\",\"datePublished\":\"2025-05-07T15:53:35+00:00\",\"dateModified\":\"2025-05-07T15:55:53+00:00\",\"breadcrumb\":{\"@id\":\"https:\\\/\\\/espaciosyambientes.com\\\/producto\\\/logitech-g335-white\\\/#breadcrumb\"},\"inLanguage\":\"es\",\"potentialAction\":[{\"@type\":\"ReadAction\",\"target\":[\"https:\\\/\\\/espaciosyambientes.com\\\/producto\\\/logitech-g335-white\\\/\"]}]},{\"@type\":\"ImageObject\",\"inLanguage\":\"es\",\"@id\":\"https:\\\/\\\/espaciosyambientes.com\\\/producto\\\/logitech-g335-white\\\/#primaryimage\",\"url\":\"https:\\\/\\\/espaciosyambientes.com\\\/wp-content\\\/uploads\\\/2025\\\/05\\\/imagen_2025-05-07_105152272.png\",\"contentUrl\":\"https:\\\/\\\/espaciosyambientes.com\\\/wp-content\\\/uploads\\\/2025\\\/05\\\/imagen_2025-05-07_105152272.png\",\"width\":800,\"height\":800},{\"@type\":\"BreadcrumbList\",\"@id\":\"https:\\\/\\\/espaciosyambientes.com\\\/producto\\\/logitech-g335-white\\\/#breadcrumb\",\"itemListElement\":[{\"@type\":\"ListItem\",\"position\":1,\"name\":\"Home\",\"item\":\"https:\\\/\\\/espaciosyambientes.com\\\/\"},{\"@type\":\"ListItem\",\"position\":2,\"name\":\"Tienda\",\"item\":\"https:\\\/\\\/espaciosyambientes.com\\\/tienda\\\/\"},{\"@type\":\"ListItem\",\"position\":3,\"name\":\"LOGITECH G335 WHITE\"}]},{\"@type\":\"WebSite\",\"@id\":\"https:\\\/\\\/espaciosyambientes.com\\\/es_es\\\/#website\",\"url\":\"https:\\\/\\\/espaciosyambientes.com\\\/es_es\\\/\",\"name\":\"PC MASTERS BOGOTA\",\"description\":\"\",\"potentialAction\":[{\"@type\":\"SearchAction\",\"target\":{\"@type\":\"EntryPoint\",\"urlTemplate\":\"https:\\\/\\\/espaciosyambientes.com\\\/es_es\\\/?s={search_term_string}\"},\"query-input\":{\"@type\":\"PropertyValueSpecification\",\"valueRequired\":true,\"valueName\":\"search_term_string\"}}],\"inLanguage\":\"es\"}]}<\/script>\n<!-- \/ Yoast SEO plugin. -->","yoast_head_json":{"title":"LOGITECH G335 WHITE - PC MASTERS BOGOTA","robots":{"index":"index","follow":"follow","max-snippet":"max-snippet:-1","max-image-preview":"max-image-preview:large","max-video-preview":"max-video-preview:-1"},"canonical":"https:\/\/espaciosyambientes.com\/es_es\/producto\/logitech-g335-white\/","og_locale":"es_ES","og_type":"article","og_title":"LOGITECH G335 WHITE - PC MASTERS BOGOTA","og_description":"Unos aud\u00edfonos con cable ligeros y modernos, con un dise\u00f1o de diadema con suspensi\u00f3n y una cinta ajustable para un ajuste personalizado. Pr\u00e1ctico Plug and Play y controles integrados. Elige el color que vaya mejor con tu incre\u00edble estilo.","og_url":"https:\/\/espaciosyambientes.com\/es_es\/producto\/logitech-g335-white\/","og_site_name":"PC MASTERS BOGOTA","article_modified_time":"2025-05-07T15:55:53+00:00","og_image":[{"width":800,"height":800,"url":"https:\/\/espaciosyambientes.com\/wp-content\/uploads\/2025\/05\/imagen_2025-05-07_105152272.png","type":"image\/png"}],"twitter_card":"summary_large_image","twitter_misc":{"Tiempo de lectura":"2 minutos"},"schema":{"@context":"https:\/\/schema.org","@graph":[{"@type":"WebPage","@id":"https:\/\/espaciosyambientes.com\/producto\/logitech-g335-white\/","url":"https:\/\/espaciosyambientes.com\/producto\/logitech-g335-white\/","name":"LOGITECH G335 WHITE - PC MASTERS BOGOTA","isPartOf":{"@id":"https:\/\/espaciosyambientes.com\/es_es\/#website"},"primaryImageOfPage":{"@id":"https:\/\/espaciosyambientes.com\/producto\/logitech-g335-white\/#primaryimage"},"image":{"@id":"https:\/\/espaciosyambientes.com\/producto\/logitech-g335-white\/#primaryimage"},"thumbnailUrl":"https:\/\/espaciosyambientes.com\/wp-content\/uploads\/2025\/05\/imagen_2025-05-07_105152272.png","datePublished":"2025-05-07T15:53:35+00:00","dateModified":"2025-05-07T15:55:53+00:00","breadcrumb":{"@id":"https:\/\/espaciosyambientes.com\/producto\/logitech-g335-white\/#breadcrumb"},"inLanguage":"es","potentialAction":[{"@type":"ReadAction","target":["https:\/\/espaciosyambientes.com\/producto\/logitech-g335-white\/"]}]},{"@type":"ImageObject","inLanguage":"es","@id":"https:\/\/espaciosyambientes.com\/producto\/logitech-g335-white\/#primaryimage","url":"https:\/\/espaciosyambientes.com\/wp-content\/uploads\/2025\/05\/imagen_2025-05-07_105152272.png","contentUrl":"https:\/\/espaciosyambientes.com\/wp-content\/uploads\/2025\/05\/imagen_2025-05-07_105152272.png","width":800,"height":800},{"@type":"BreadcrumbList","@id":"https:\/\/espaciosyambientes.com\/producto\/logitech-g335-white\/#breadcrumb","itemListElement":[{"@type":"ListItem","position":1,"name":"Home","item":"https:\/\/espaciosyambientes.com\/"},{"@type":"ListItem","position":2,"name":"Tienda","item":"https:\/\/espaciosyambientes.com\/tienda\/"},{"@type":"ListItem","position":3,"name":"LOGITECH G335 WHITE"}]},{"@type":"WebSite","@id":"https:\/\/espaciosyambientes.com\/es_es\/#website","url":"https:\/\/espaciosyambientes.com\/es_es\/","name":"PC MASTERS BOGOTA","description":"","potentialAction":[{"@type":"SearchAction","target":{"@type":"EntryPoint","urlTemplate":"https:\/\/espaciosyambientes.com\/es_es\/?s={search_term_string}"},"query-input":{"@type":"PropertyValueSpecification","valueRequired":true,"valueName":"search_term_string"}}],"inLanguage":"es"}]}},"_links":{"self":[{"href":"http:\/\/espaciosyambientes.com\/es_es\/wp-json\/wp\/v2\/product\/26949","targetHints":{"allow":["GET"]}}],"collection":[{"href":"http:\/\/espaciosyambientes.com\/es_es\/wp-json\/wp\/v2\/product"}],"about":[{"href":"http:\/\/espaciosyambientes.com\/es_es\/wp-json\/wp\/v2\/types\/product"}],"replies":[{"embeddable":true,"href":"http:\/\/espaciosyambientes.com\/es_es\/wp-json\/wp\/v2\/comments?post=26949"}],"version-history":[{"count":1,"href":"http:\/\/espaciosyambientes.com\/es_es\/wp-json\/wp\/v2\/product\/26949\/revisions"}],"predecessor-version":[{"id":26950,"href":"http:\/\/espaciosyambientes.com\/es_es\/wp-json\/wp\/v2\/product\/26949\/revisions\/26950"}],"wp:featuredmedia":[{"embeddable":true,"href":"http:\/\/espaciosyambientes.com\/es_es\/wp-json\/wp\/v2\/media\/26946"}],"wp:attachment":[{"href":"http:\/\/espaciosyambientes.com\/es_es\/wp-json\/wp\/v2\/media?parent=26949"}],"wp:term":[{"taxonomy":"product_brand","embeddable":true,"href":"http:\/\/espaciosyambientes.com\/es_es\/wp-json\/wp\/v2\/product_brand?post=26949"},{"taxonomy":"product_cat","embeddable":true,"href":"http:\/\/espaciosyambientes.com\/es_es\/wp-json\/wp\/v2\/product_cat?post=26949"},{"taxonomy":"product_tag","embeddable":true,"href":"http:\/\/espaciosyambientes.com\/es_es\/wp-json\/wp\/v2\/product_tag?post=26949"}],"curies":[{"name":"wp","href":"https:\/\/api.w.org\/{rel}","templated":true}]}}