{"id":25847,"date":"2025-03-09T22:31:45","date_gmt":"2025-03-10T03:31:45","guid":{"rendered":"https:\/\/espaciosyambientes.com\/?post_type=product&#038;p=25847"},"modified":"2025-05-07T10:36:51","modified_gmt":"2025-05-07T15:36:51","slug":"msi-ventus-x2-rtx-3050-de-8gb-oc","status":"publish","type":"product","link":"http:\/\/espaciosyambientes.com\/es_es\/producto\/msi-ventus-x2-rtx-3050-de-8gb-oc\/","title":{"rendered":"MSI VENTUS X2 RTX 3050 DE 8GB OC"},"content":{"rendered":"<div class=\"hd-scroller\">\n<section id=\"slot-design\" class=\"sec-slot-design sec-reveal sec-bg\">\n<figure class=\"hd-d-768-none\">\n<h3 class=\"color-primary reveal\" data-trigger=\".hd-scroller\"><\/h3>\n<p class=\"reveal\" data-delay=\".25\" data-trigger=\".hd-scroller\">Gaming GeForce RTX\u2122 3050 se ha desmontado y vuelto a construir para proporcionar una alimentaci\u00f3n y una refrigeraci\u00f3n m\u00e1s s\u00f3lidas. Una cubierta totalmente met\u00e1lica alberga dos potentes ventiladores Axial-tech con baleros de bolas dobles. Debajo, un disipador de calor grueso mantiene las t\u00e9rmicas bajo estricto control. Las caracter\u00edsticas adicionales, incluidos los componentes, la tecnolog\u00eda Auto-Extreme y una ventilaci\u00f3n en la placa posterior, hacen que sea una potencia adecuada. Para los constructores que buscan un nuevo \u00abviejo fiel\u00bb, esta tarjeta los respalda.<\/p>\n<\/figure>\n<div class=\"hd-w1200\">\n<div class=\"hd-content flex-wrap align-items-start\">\n<div class=\"hd-col60\">\n<h3 class=\"color-primary reveal\" data-delay=\".25\" data-trigger=\".hd-scroller\">DISE\u00d1O DE 2.8 RANURAS<\/h3>\n<p class=\"reveal\" data-delay=\".4\" data-trigger=\".hd-scroller\">El disipador de calor atrae el calor hacia los tubos de calor que lo transportan a trav\u00e9s de una pila de aletas que ocupa la mayor parte del gran espacio de 2.8 ranuras de la tarjeta.<\/p>\n<\/div>\n<\/div>\n<\/div>\n<\/section>\n<\/div>\n<section id=\"pcb\" class=\"sec-pcb bg-black\">\n<div class=\"hd-w1200\">\n<div class=\"slider-pcb owl-carousel owl-loaded\">\n<div class=\"owl-stage-outer\">\n<div class=\"owl-stage\">\n<div class=\"owl-item active center\" aria-selected=\"true\">\n<div class=\"hd-item\"><\/div>\n<\/div>\n<\/div>\n<\/div>\n<\/div>\n<\/div>\n<\/section>\n<section id=\"software\" class=\"sec-software sec-bg flex-wrap align-items-center\">\n<div class=\"hd-w1200\">\n<div class=\"hd-container flex-wrap align-items-center\">\n<figure class=\"hd-col50\"><a href=\"https:\/\/espaciosyambientes.com\/wp-content\/uploads\/2025\/03\/imagen_2025-03-09_223544656.png\"><img loading=\"lazy\" decoding=\"async\" class=\" wp-image-25853 aligncenter\" src=\"https:\/\/espaciosyambientes.com\/wp-content\/uploads\/2025\/03\/imagen_2025-03-09_223544656-300x214.png\" alt=\"\" width=\"1068\" height=\"762\" srcset=\"https:\/\/espaciosyambientes.com\/wp-content\/uploads\/2025\/03\/imagen_2025-03-09_223544656-300x214.png 300w, https:\/\/espaciosyambientes.com\/wp-content\/uploads\/2025\/03\/imagen_2025-03-09_223544656-430x307.png 430w, https:\/\/espaciosyambientes.com\/wp-content\/uploads\/2025\/03\/imagen_2025-03-09_223544656-150x107.png 150w, https:\/\/espaciosyambientes.com\/wp-content\/uploads\/2025\/03\/imagen_2025-03-09_223544656-700x500.png 700w, https:\/\/espaciosyambientes.com\/wp-content\/uploads\/2025\/03\/imagen_2025-03-09_223544656-1024x732.png 1024w, https:\/\/espaciosyambientes.com\/wp-content\/uploads\/2025\/03\/imagen_2025-03-09_223544656-768x549.png 768w, https:\/\/espaciosyambientes.com\/wp-content\/uploads\/2025\/03\/imagen_2025-03-09_223544656-18x12.png 18w, https:\/\/espaciosyambientes.com\/wp-content\/uploads\/2025\/03\/imagen_2025-03-09_223544656.png 1272w\" sizes=\"auto, (max-width: 1068px) 100vw, 1068px\" \/><\/a> <a href=\"https:\/\/espaciosyambientes.com\/wp-content\/uploads\/2025\/03\/imagen_2025-03-09_223600424.png\"><img loading=\"lazy\" decoding=\"async\" class=\" wp-image-25854 aligncenter\" src=\"https:\/\/espaciosyambientes.com\/wp-content\/uploads\/2025\/03\/imagen_2025-03-09_223600424-300x182.png\" alt=\"\" width=\"1015\" height=\"616\" srcset=\"https:\/\/espaciosyambientes.com\/wp-content\/uploads\/2025\/03\/imagen_2025-03-09_223600424-300x182.png 300w, https:\/\/espaciosyambientes.com\/wp-content\/uploads\/2025\/03\/imagen_2025-03-09_223600424-430x261.png 430w, https:\/\/espaciosyambientes.com\/wp-content\/uploads\/2025\/03\/imagen_2025-03-09_223600424-150x91.png 150w, https:\/\/espaciosyambientes.com\/wp-content\/uploads\/2025\/03\/imagen_2025-03-09_223600424-700x426.png 700w, https:\/\/espaciosyambientes.com\/wp-content\/uploads\/2025\/03\/imagen_2025-03-09_223600424-768x467.png 768w, https:\/\/espaciosyambientes.com\/wp-content\/uploads\/2025\/03\/imagen_2025-03-09_223600424-18x12.png 18w, https:\/\/espaciosyambientes.com\/wp-content\/uploads\/2025\/03\/imagen_2025-03-09_223600424.png 1508w\" sizes=\"auto, (max-width: 1015px) 100vw, 1015px\" \/><\/a> <a href=\"https:\/\/espaciosyambientes.com\/wp-content\/uploads\/2025\/03\/imagen_2025-03-09_223613591.png\"><img loading=\"lazy\" decoding=\"async\" class=\" wp-image-25855 aligncenter\" src=\"https:\/\/espaciosyambientes.com\/wp-content\/uploads\/2025\/03\/imagen_2025-03-09_223613591-300x111.png\" alt=\"\" width=\"1119\" height=\"414\" srcset=\"https:\/\/espaciosyambientes.com\/wp-content\/uploads\/2025\/03\/imagen_2025-03-09_223613591-300x111.png 300w, https:\/\/espaciosyambientes.com\/wp-content\/uploads\/2025\/03\/imagen_2025-03-09_223613591-430x160.png 430w, https:\/\/espaciosyambientes.com\/wp-content\/uploads\/2025\/03\/imagen_2025-03-09_223613591-150x56.png 150w, https:\/\/espaciosyambientes.com\/wp-content\/uploads\/2025\/03\/imagen_2025-03-09_223613591-700x260.png 700w, https:\/\/espaciosyambientes.com\/wp-content\/uploads\/2025\/03\/imagen_2025-03-09_223613591-1024x380.png 1024w, https:\/\/espaciosyambientes.com\/wp-content\/uploads\/2025\/03\/imagen_2025-03-09_223613591-768x285.png 768w, https:\/\/espaciosyambientes.com\/wp-content\/uploads\/2025\/03\/imagen_2025-03-09_223613591-1536x570.png 1536w, https:\/\/espaciosyambientes.com\/wp-content\/uploads\/2025\/03\/imagen_2025-03-09_223613591-18x7.png 18w, https:\/\/espaciosyambientes.com\/wp-content\/uploads\/2025\/03\/imagen_2025-03-09_223613591.png 2042w\" sizes=\"auto, (max-width: 1119px) 100vw, 1119px\" \/><\/a><\/figure>\n<\/div>\n<\/div>\n<\/section>\n","protected":false},"excerpt":{"rendered":"<ul>\n<li>\n<h4>Dual Fan Thermal Design<\/h4>\n<ul>\n<li><b>TORX Fan 3.0:<\/b>\u00a0The award-winning MSI TORX Fan 3.0 design creates high static pressure and pushes the limits of thermal performance.<\/li>\n<\/ul>\n<h4>Afterburner Overclocking Utility<\/h4>\n<ul>\n<li>Supports multi-GPU setups.<\/li>\n<li><b>OC Scanner:<\/b>\u00a0An automated function finds the highest stable overclock settings.<\/li>\n<li><b>On Screen Display:<\/b>\u00a0Provides real-time information of your system&#8217;s performance.<\/li>\n<li><b>Predator:<\/b>\u00a0In-game video recording.<\/li>\n<\/ul>\n<h4>MSI Center<\/h4>\n<ul>\n<li>The exclusive MSI Center software lets you monitor, tweak and optimize MSI products in real-time.<\/li>\n<\/ul>\n<\/li>\n<\/ul>\n","protected":false},"featured_media":25848,"comment_status":"closed","ping_status":"closed","template":"","meta":[],"product_brand":[214],"product_cat":[73],"product_tag":[486,362,521],"class_list":{"0":"post-25847","1":"product","2":"type-product","3":"status-publish","4":"has-post-thumbnail","6":"product_brand-msi","7":"product_cat-tarjetas-graficas","8":"product_tag-msi","9":"product_tag-nvidia","10":"product_tag-ventus","12":"first","13":"instock","14":"taxable","15":"shipping-taxable","16":"purchasable","17":"product-type-simple"},"yoast_head":"<!-- This site is optimized with the Yoast SEO plugin v27.3 - https:\/\/yoast.com\/product\/yoast-seo-wordpress\/ -->\n<title>MSI VENTUS X2 RTX 3050 DE 8GB OC - PC MASTERS BOGOTA<\/title>\n<meta name=\"robots\" content=\"index, follow, max-snippet:-1, max-image-preview:large, max-video-preview:-1\" \/>\n<link rel=\"canonical\" href=\"https:\/\/espaciosyambientes.com\/es_es\/producto\/msi-ventus-x2-rtx-3050-de-8gb-oc\/\" \/>\n<meta property=\"og:locale\" content=\"es_ES\" \/>\n<meta property=\"og:type\" content=\"article\" \/>\n<meta property=\"og:title\" content=\"MSI VENTUS X2 RTX 3050 DE 8GB OC - PC MASTERS BOGOTA\" \/>\n<meta property=\"og:description\" content=\"Dual Fan Thermal Design   TORX Fan 3.0:\u00a0The award-winning MSI TORX Fan 3.0 design creates high static pressure and pushes the limits of thermal performance.  Afterburner Overclocking Utility   Supports multi-GPU setups.  OC Scanner:\u00a0An automated function finds the highest stable overclock settings.  On Screen Display:\u00a0Provides real-time information of your system&#039;s performance.  Predator:\u00a0In-game video recording.  MSI Center   The exclusive MSI Center software lets you monitor, tweak and optimize MSI products in real-time.\" \/>\n<meta property=\"og:url\" content=\"https:\/\/espaciosyambientes.com\/es_es\/producto\/msi-ventus-x2-rtx-3050-de-8gb-oc\/\" \/>\n<meta property=\"og:site_name\" content=\"PC MASTERS BOGOTA\" \/>\n<meta property=\"article:modified_time\" content=\"2025-05-07T15:36:51+00:00\" \/>\n<meta property=\"og:image\" content=\"https:\/\/espaciosyambientes.com\/wp-content\/uploads\/2025\/03\/imagen_2025-03-09_223351425.png\" \/>\n\t<meta property=\"og:image:width\" content=\"1024\" \/>\n\t<meta property=\"og:image:height\" content=\"819\" \/>\n\t<meta property=\"og:image:type\" content=\"image\/png\" \/>\n<meta name=\"twitter:card\" content=\"summary_large_image\" \/>\n<meta name=\"twitter:label1\" content=\"Tiempo de lectura\" \/>\n\t<meta name=\"twitter:data1\" content=\"2 minutos\" \/>\n<script type=\"application\/ld+json\" class=\"yoast-schema-graph\">{\"@context\":\"https:\\\/\\\/schema.org\",\"@graph\":[{\"@type\":\"WebPage\",\"@id\":\"https:\\\/\\\/espaciosyambientes.com\\\/producto\\\/msi-ventus-x2-rtx-3050-de-8gb-oc\\\/\",\"url\":\"https:\\\/\\\/espaciosyambientes.com\\\/producto\\\/msi-ventus-x2-rtx-3050-de-8gb-oc\\\/\",\"name\":\"MSI VENTUS X2 RTX 3050 DE 8GB OC - PC MASTERS BOGOTA\",\"isPartOf\":{\"@id\":\"https:\\\/\\\/espaciosyambientes.com\\\/es_es\\\/#website\"},\"primaryImageOfPage\":{\"@id\":\"https:\\\/\\\/espaciosyambientes.com\\\/producto\\\/msi-ventus-x2-rtx-3050-de-8gb-oc\\\/#primaryimage\"},\"image\":{\"@id\":\"https:\\\/\\\/espaciosyambientes.com\\\/producto\\\/msi-ventus-x2-rtx-3050-de-8gb-oc\\\/#primaryimage\"},\"thumbnailUrl\":\"https:\\\/\\\/espaciosyambientes.com\\\/wp-content\\\/uploads\\\/2025\\\/03\\\/imagen_2025-03-09_223351425.png\",\"datePublished\":\"2025-03-10T03:31:45+00:00\",\"dateModified\":\"2025-05-07T15:36:51+00:00\",\"breadcrumb\":{\"@id\":\"https:\\\/\\\/espaciosyambientes.com\\\/producto\\\/msi-ventus-x2-rtx-3050-de-8gb-oc\\\/#breadcrumb\"},\"inLanguage\":\"es\",\"potentialAction\":[{\"@type\":\"ReadAction\",\"target\":[\"https:\\\/\\\/espaciosyambientes.com\\\/producto\\\/msi-ventus-x2-rtx-3050-de-8gb-oc\\\/\"]}]},{\"@type\":\"ImageObject\",\"inLanguage\":\"es\",\"@id\":\"https:\\\/\\\/espaciosyambientes.com\\\/producto\\\/msi-ventus-x2-rtx-3050-de-8gb-oc\\\/#primaryimage\",\"url\":\"https:\\\/\\\/espaciosyambientes.com\\\/wp-content\\\/uploads\\\/2025\\\/03\\\/imagen_2025-03-09_223351425.png\",\"contentUrl\":\"https:\\\/\\\/espaciosyambientes.com\\\/wp-content\\\/uploads\\\/2025\\\/03\\\/imagen_2025-03-09_223351425.png\",\"width\":1024,\"height\":819},{\"@type\":\"BreadcrumbList\",\"@id\":\"https:\\\/\\\/espaciosyambientes.com\\\/producto\\\/msi-ventus-x2-rtx-3050-de-8gb-oc\\\/#breadcrumb\",\"itemListElement\":[{\"@type\":\"ListItem\",\"position\":1,\"name\":\"Home\",\"item\":\"https:\\\/\\\/espaciosyambientes.com\\\/\"},{\"@type\":\"ListItem\",\"position\":2,\"name\":\"Tienda\",\"item\":\"https:\\\/\\\/espaciosyambientes.com\\\/tienda\\\/\"},{\"@type\":\"ListItem\",\"position\":3,\"name\":\"MSI VENTUS X2 RTX 3050 DE 8GB OC\"}]},{\"@type\":\"WebSite\",\"@id\":\"https:\\\/\\\/espaciosyambientes.com\\\/es_es\\\/#website\",\"url\":\"https:\\\/\\\/espaciosyambientes.com\\\/es_es\\\/\",\"name\":\"PC MASTERS BOGOTA\",\"description\":\"\",\"potentialAction\":[{\"@type\":\"SearchAction\",\"target\":{\"@type\":\"EntryPoint\",\"urlTemplate\":\"https:\\\/\\\/espaciosyambientes.com\\\/es_es\\\/?s={search_term_string}\"},\"query-input\":{\"@type\":\"PropertyValueSpecification\",\"valueRequired\":true,\"valueName\":\"search_term_string\"}}],\"inLanguage\":\"es\"}]}<\/script>\n<!-- \/ Yoast SEO plugin. -->","yoast_head_json":{"title":"MSI VENTUS X2 RTX 3050 DE 8GB OC - PC MASTERS BOGOTA","robots":{"index":"index","follow":"follow","max-snippet":"max-snippet:-1","max-image-preview":"max-image-preview:large","max-video-preview":"max-video-preview:-1"},"canonical":"https:\/\/espaciosyambientes.com\/es_es\/producto\/msi-ventus-x2-rtx-3050-de-8gb-oc\/","og_locale":"es_ES","og_type":"article","og_title":"MSI VENTUS X2 RTX 3050 DE 8GB OC - PC MASTERS BOGOTA","og_description":"Dual Fan Thermal Design   TORX Fan 3.0:\u00a0The award-winning MSI TORX Fan 3.0 design creates high static pressure and pushes the limits of thermal performance.  Afterburner Overclocking Utility   Supports multi-GPU setups.  OC Scanner:\u00a0An automated function finds the highest stable overclock settings.  On Screen Display:\u00a0Provides real-time information of your system's performance.  Predator:\u00a0In-game video recording.  MSI Center   The exclusive MSI Center software lets you monitor, tweak and optimize MSI products in real-time.","og_url":"https:\/\/espaciosyambientes.com\/es_es\/producto\/msi-ventus-x2-rtx-3050-de-8gb-oc\/","og_site_name":"PC MASTERS BOGOTA","article_modified_time":"2025-05-07T15:36:51+00:00","og_image":[{"width":1024,"height":819,"url":"https:\/\/espaciosyambientes.com\/wp-content\/uploads\/2025\/03\/imagen_2025-03-09_223351425.png","type":"image\/png"}],"twitter_card":"summary_large_image","twitter_misc":{"Tiempo de lectura":"2 minutos"},"schema":{"@context":"https:\/\/schema.org","@graph":[{"@type":"WebPage","@id":"https:\/\/espaciosyambientes.com\/producto\/msi-ventus-x2-rtx-3050-de-8gb-oc\/","url":"https:\/\/espaciosyambientes.com\/producto\/msi-ventus-x2-rtx-3050-de-8gb-oc\/","name":"MSI VENTUS X2 RTX 3050 DE 8GB OC - PC MASTERS BOGOTA","isPartOf":{"@id":"https:\/\/espaciosyambientes.com\/es_es\/#website"},"primaryImageOfPage":{"@id":"https:\/\/espaciosyambientes.com\/producto\/msi-ventus-x2-rtx-3050-de-8gb-oc\/#primaryimage"},"image":{"@id":"https:\/\/espaciosyambientes.com\/producto\/msi-ventus-x2-rtx-3050-de-8gb-oc\/#primaryimage"},"thumbnailUrl":"https:\/\/espaciosyambientes.com\/wp-content\/uploads\/2025\/03\/imagen_2025-03-09_223351425.png","datePublished":"2025-03-10T03:31:45+00:00","dateModified":"2025-05-07T15:36:51+00:00","breadcrumb":{"@id":"https:\/\/espaciosyambientes.com\/producto\/msi-ventus-x2-rtx-3050-de-8gb-oc\/#breadcrumb"},"inLanguage":"es","potentialAction":[{"@type":"ReadAction","target":["https:\/\/espaciosyambientes.com\/producto\/msi-ventus-x2-rtx-3050-de-8gb-oc\/"]}]},{"@type":"ImageObject","inLanguage":"es","@id":"https:\/\/espaciosyambientes.com\/producto\/msi-ventus-x2-rtx-3050-de-8gb-oc\/#primaryimage","url":"https:\/\/espaciosyambientes.com\/wp-content\/uploads\/2025\/03\/imagen_2025-03-09_223351425.png","contentUrl":"https:\/\/espaciosyambientes.com\/wp-content\/uploads\/2025\/03\/imagen_2025-03-09_223351425.png","width":1024,"height":819},{"@type":"BreadcrumbList","@id":"https:\/\/espaciosyambientes.com\/producto\/msi-ventus-x2-rtx-3050-de-8gb-oc\/#breadcrumb","itemListElement":[{"@type":"ListItem","position":1,"name":"Home","item":"https:\/\/espaciosyambientes.com\/"},{"@type":"ListItem","position":2,"name":"Tienda","item":"https:\/\/espaciosyambientes.com\/tienda\/"},{"@type":"ListItem","position":3,"name":"MSI VENTUS X2 RTX 3050 DE 8GB OC"}]},{"@type":"WebSite","@id":"https:\/\/espaciosyambientes.com\/es_es\/#website","url":"https:\/\/espaciosyambientes.com\/es_es\/","name":"PC MASTERS BOGOTA","description":"","potentialAction":[{"@type":"SearchAction","target":{"@type":"EntryPoint","urlTemplate":"https:\/\/espaciosyambientes.com\/es_es\/?s={search_term_string}"},"query-input":{"@type":"PropertyValueSpecification","valueRequired":true,"valueName":"search_term_string"}}],"inLanguage":"es"}]}},"_links":{"self":[{"href":"http:\/\/espaciosyambientes.com\/es_es\/wp-json\/wp\/v2\/product\/25847","targetHints":{"allow":["GET"]}}],"collection":[{"href":"http:\/\/espaciosyambientes.com\/es_es\/wp-json\/wp\/v2\/product"}],"about":[{"href":"http:\/\/espaciosyambientes.com\/es_es\/wp-json\/wp\/v2\/types\/product"}],"replies":[{"embeddable":true,"href":"http:\/\/espaciosyambientes.com\/es_es\/wp-json\/wp\/v2\/comments?post=25847"}],"version-history":[{"count":1,"href":"http:\/\/espaciosyambientes.com\/es_es\/wp-json\/wp\/v2\/product\/25847\/revisions"}],"predecessor-version":[{"id":25856,"href":"http:\/\/espaciosyambientes.com\/es_es\/wp-json\/wp\/v2\/product\/25847\/revisions\/25856"}],"wp:featuredmedia":[{"embeddable":true,"href":"http:\/\/espaciosyambientes.com\/es_es\/wp-json\/wp\/v2\/media\/25848"}],"wp:attachment":[{"href":"http:\/\/espaciosyambientes.com\/es_es\/wp-json\/wp\/v2\/media?parent=25847"}],"wp:term":[{"taxonomy":"product_brand","embeddable":true,"href":"http:\/\/espaciosyambientes.com\/es_es\/wp-json\/wp\/v2\/product_brand?post=25847"},{"taxonomy":"product_cat","embeddable":true,"href":"http:\/\/espaciosyambientes.com\/es_es\/wp-json\/wp\/v2\/product_cat?post=25847"},{"taxonomy":"product_tag","embeddable":true,"href":"http:\/\/espaciosyambientes.com\/es_es\/wp-json\/wp\/v2\/product_tag?post=25847"}],"curies":[{"name":"wp","href":"https:\/\/api.w.org\/{rel}","templated":true}]}}