{"id":25775,"date":"2025-03-03T11:52:59","date_gmt":"2025-03-03T16:52:59","guid":{"rendered":"https:\/\/espaciosyambientes.com\/?post_type=product&#038;p=25775"},"modified":"2025-04-10T09:19:21","modified_gmt":"2025-04-10T14:19:21","slug":"asus-dual-rtx-4070-de-12gb-dual-fan-oc","status":"publish","type":"product","link":"http:\/\/espaciosyambientes.com\/es_es\/producto\/asus-dual-rtx-4070-de-12gb-dual-fan-oc\/","title":{"rendered":"ASUS DUAL RTX 4070 DE 12GB DUAL FAN OC"},"content":{"rendered":"<p style=\"text-align: center;\"><a href=\"https:\/\/espaciosyambientes.com\/wp-content\/uploads\/2025\/03\/imagen_2025-03-03_113532447.png\"><img loading=\"lazy\" decoding=\"async\" class=\" wp-image-25776 aligncenter\" src=\"https:\/\/espaciosyambientes.com\/wp-content\/uploads\/2025\/03\/imagen_2025-03-03_113532447-300x175.png\" alt=\"\" width=\"1258\" height=\"734\" srcset=\"https:\/\/espaciosyambientes.com\/wp-content\/uploads\/2025\/03\/imagen_2025-03-03_113532447-300x175.png 300w, https:\/\/espaciosyambientes.com\/wp-content\/uploads\/2025\/03\/imagen_2025-03-03_113532447-430x250.png 430w, https:\/\/espaciosyambientes.com\/wp-content\/uploads\/2025\/03\/imagen_2025-03-03_113532447-150x87.png 150w, https:\/\/espaciosyambientes.com\/wp-content\/uploads\/2025\/03\/imagen_2025-03-03_113532447-700x407.png 700w, https:\/\/espaciosyambientes.com\/wp-content\/uploads\/2025\/03\/imagen_2025-03-03_113532447-1024x596.png 1024w, https:\/\/espaciosyambientes.com\/wp-content\/uploads\/2025\/03\/imagen_2025-03-03_113532447-768x447.png 768w, https:\/\/espaciosyambientes.com\/wp-content\/uploads\/2025\/03\/imagen_2025-03-03_113532447-18x10.png 18w\" sizes=\"auto, (max-width: 1258px) 100vw, 1258px\" \/><\/a> <a href=\"https:\/\/espaciosyambientes.com\/wp-content\/uploads\/2025\/03\/imagen_2025-03-03_113541583.png\"><img loading=\"lazy\" decoding=\"async\" class=\" wp-image-25777 aligncenter\" src=\"https:\/\/espaciosyambientes.com\/wp-content\/uploads\/2025\/03\/imagen_2025-03-03_113541583-300x257.png\" alt=\"\" width=\"1192\" height=\"1021\" srcset=\"https:\/\/espaciosyambientes.com\/wp-content\/uploads\/2025\/03\/imagen_2025-03-03_113541583-300x257.png 300w, https:\/\/espaciosyambientes.com\/wp-content\/uploads\/2025\/03\/imagen_2025-03-03_113541583-430x369.png 430w, https:\/\/espaciosyambientes.com\/wp-content\/uploads\/2025\/03\/imagen_2025-03-03_113541583-150x129.png 150w, https:\/\/espaciosyambientes.com\/wp-content\/uploads\/2025\/03\/imagen_2025-03-03_113541583-700x600.png 700w, https:\/\/espaciosyambientes.com\/wp-content\/uploads\/2025\/03\/imagen_2025-03-03_113541583-1024x878.png 1024w, https:\/\/espaciosyambientes.com\/wp-content\/uploads\/2025\/03\/imagen_2025-03-03_113541583-768x658.png 768w, https:\/\/espaciosyambientes.com\/wp-content\/uploads\/2025\/03\/imagen_2025-03-03_113541583-14x12.png 14w, https:\/\/espaciosyambientes.com\/wp-content\/uploads\/2025\/03\/imagen_2025-03-03_113541583.png 1190w\" sizes=\"auto, (max-width: 1192px) 100vw, 1192px\" \/><\/a> <a href=\"https:\/\/espaciosyambientes.com\/wp-content\/uploads\/2025\/03\/imagen_2025-03-03_113607909.png\"><img loading=\"lazy\" decoding=\"async\" class=\" wp-image-25778 aligncenter\" src=\"https:\/\/espaciosyambientes.com\/wp-content\/uploads\/2025\/03\/imagen_2025-03-03_113607909-300x127.png\" alt=\"\" width=\"1219\" height=\"516\" srcset=\"https:\/\/espaciosyambientes.com\/wp-content\/uploads\/2025\/03\/imagen_2025-03-03_113607909-300x127.png 300w, https:\/\/espaciosyambientes.com\/wp-content\/uploads\/2025\/03\/imagen_2025-03-03_113607909-430x182.png 430w, https:\/\/espaciosyambientes.com\/wp-content\/uploads\/2025\/03\/imagen_2025-03-03_113607909-150x64.png 150w, https:\/\/espaciosyambientes.com\/wp-content\/uploads\/2025\/03\/imagen_2025-03-03_113607909-700x297.png 700w, https:\/\/espaciosyambientes.com\/wp-content\/uploads\/2025\/03\/imagen_2025-03-03_113607909-1024x434.png 1024w, https:\/\/espaciosyambientes.com\/wp-content\/uploads\/2025\/03\/imagen_2025-03-03_113607909-768x325.png 768w, https:\/\/espaciosyambientes.com\/wp-content\/uploads\/2025\/03\/imagen_2025-03-03_113607909-1536x651.png 1536w, https:\/\/espaciosyambientes.com\/wp-content\/uploads\/2025\/03\/imagen_2025-03-03_113607909-2048x868.png 2048w, https:\/\/espaciosyambientes.com\/wp-content\/uploads\/2025\/03\/imagen_2025-03-03_113607909-18x8.png 18w\" sizes=\"auto, (max-width: 1219px) 100vw, 1219px\" \/><\/a> <a href=\"https:\/\/espaciosyambientes.com\/wp-content\/uploads\/2025\/03\/imagen_2025-03-03_113618449.png\"><img loading=\"lazy\" decoding=\"async\" class=\" wp-image-25779 aligncenter\" src=\"https:\/\/espaciosyambientes.com\/wp-content\/uploads\/2025\/03\/imagen_2025-03-03_113618449-300x138.png\" alt=\"\" width=\"1337\" height=\"615\" srcset=\"https:\/\/espaciosyambientes.com\/wp-content\/uploads\/2025\/03\/imagen_2025-03-03_113618449-300x138.png 300w, https:\/\/espaciosyambientes.com\/wp-content\/uploads\/2025\/03\/imagen_2025-03-03_113618449-430x199.png 430w, https:\/\/espaciosyambientes.com\/wp-content\/uploads\/2025\/03\/imagen_2025-03-03_113618449-150x69.png 150w, https:\/\/espaciosyambientes.com\/wp-content\/uploads\/2025\/03\/imagen_2025-03-03_113618449-700x323.png 700w, https:\/\/espaciosyambientes.com\/wp-content\/uploads\/2025\/03\/imagen_2025-03-03_113618449-18x8.png 18w\" sizes=\"auto, (max-width: 1337px) 100vw, 1337px\" \/><\/a> <a href=\"https:\/\/espaciosyambientes.com\/wp-content\/uploads\/2025\/03\/imagen_2025-03-03_113631582.png\"><img loading=\"lazy\" decoding=\"async\" class=\" wp-image-25780 aligncenter\" src=\"https:\/\/espaciosyambientes.com\/wp-content\/uploads\/2025\/03\/imagen_2025-03-03_113631582-300x140.png\" alt=\"\" width=\"1129\" height=\"527\" srcset=\"https:\/\/espaciosyambientes.com\/wp-content\/uploads\/2025\/03\/imagen_2025-03-03_113631582-300x140.png 300w, https:\/\/espaciosyambientes.com\/wp-content\/uploads\/2025\/03\/imagen_2025-03-03_113631582-430x200.png 430w, https:\/\/espaciosyambientes.com\/wp-content\/uploads\/2025\/03\/imagen_2025-03-03_113631582-150x70.png 150w, https:\/\/espaciosyambientes.com\/wp-content\/uploads\/2025\/03\/imagen_2025-03-03_113631582-700x326.png 700w, https:\/\/espaciosyambientes.com\/wp-content\/uploads\/2025\/03\/imagen_2025-03-03_113631582-768x357.png 768w, https:\/\/espaciosyambientes.com\/wp-content\/uploads\/2025\/03\/imagen_2025-03-03_113631582-18x8.png 18w\" sizes=\"auto, (max-width: 1129px) 100vw, 1129px\" \/><\/a> <a href=\"https:\/\/espaciosyambientes.com\/wp-content\/uploads\/2025\/03\/imagen_2025-03-03_113644699.png\"><img loading=\"lazy\" decoding=\"async\" class=\"alignnone  wp-image-25781\" src=\"https:\/\/espaciosyambientes.com\/wp-content\/uploads\/2025\/03\/imagen_2025-03-03_113644699-300x115.png\" alt=\"\" width=\"1158\" height=\"444\" srcset=\"https:\/\/espaciosyambientes.com\/wp-content\/uploads\/2025\/03\/imagen_2025-03-03_113644699-300x115.png 300w, https:\/\/espaciosyambientes.com\/wp-content\/uploads\/2025\/03\/imagen_2025-03-03_113644699-430x165.png 430w, https:\/\/espaciosyambientes.com\/wp-content\/uploads\/2025\/03\/imagen_2025-03-03_113644699-150x58.png 150w, https:\/\/espaciosyambientes.com\/wp-content\/uploads\/2025\/03\/imagen_2025-03-03_113644699-700x268.png 700w, https:\/\/espaciosyambientes.com\/wp-content\/uploads\/2025\/03\/imagen_2025-03-03_113644699-1024x393.png 1024w, https:\/\/espaciosyambientes.com\/wp-content\/uploads\/2025\/03\/imagen_2025-03-03_113644699-768x295.png 768w, https:\/\/espaciosyambientes.com\/wp-content\/uploads\/2025\/03\/imagen_2025-03-03_113644699-1536x589.png 1536w, https:\/\/espaciosyambientes.com\/wp-content\/uploads\/2025\/03\/imagen_2025-03-03_113644699-2048x785.png 2048w, https:\/\/espaciosyambientes.com\/wp-content\/uploads\/2025\/03\/imagen_2025-03-03_113644699-18x7.png 18w\" sizes=\"auto, (max-width: 1158px) 100vw, 1158px\" \/><\/a><\/p>\n<h3 class=\"color-gradient\" style=\"text-align: center;\">Tecnolog\u00eda Auto-Extreme<\/h3>\n<h4 style=\"text-align: center;\">Fabricaci\u00f3n automatizada de precisi\u00f3n<\/h4>\n<p style=\"text-align: center;\">La tecnolog\u00eda Auto-Extreme es un proceso de fabricaci\u00f3n automatizado que establece nuevos est\u00e1ndares en el sector al permitir que todas las soldaduras se realicen en una sola pasada. Esto disminuye la tensi\u00f3n t\u00e9rmica sobre los componentes y evita el uso de productos qu\u00edmicos de limpieza agresivos, lo que se traduce en un menor impacto ambiental, un menor consumo de energ\u00eda de fabricaci\u00f3n y un producto m\u00e1s fiable en general.<\/p>\n<p><a href=\"https:\/\/espaciosyambientes.com\/wp-content\/uploads\/2025\/03\/imagen_2025-03-03_113802726.png\"><img loading=\"lazy\" decoding=\"async\" class=\" wp-image-25782 aligncenter\" src=\"https:\/\/espaciosyambientes.com\/wp-content\/uploads\/2025\/03\/imagen_2025-03-03_113802726-300x156.png\" alt=\"\" width=\"1110\" height=\"577\" srcset=\"https:\/\/espaciosyambientes.com\/wp-content\/uploads\/2025\/03\/imagen_2025-03-03_113802726-300x156.png 300w, https:\/\/espaciosyambientes.com\/wp-content\/uploads\/2025\/03\/imagen_2025-03-03_113802726-430x224.png 430w, https:\/\/espaciosyambientes.com\/wp-content\/uploads\/2025\/03\/imagen_2025-03-03_113802726-150x78.png 150w, https:\/\/espaciosyambientes.com\/wp-content\/uploads\/2025\/03\/imagen_2025-03-03_113802726-700x364.png 700w, https:\/\/espaciosyambientes.com\/wp-content\/uploads\/2025\/03\/imagen_2025-03-03_113802726-1024x533.png 1024w, https:\/\/espaciosyambientes.com\/wp-content\/uploads\/2025\/03\/imagen_2025-03-03_113802726-768x400.png 768w, https:\/\/espaciosyambientes.com\/wp-content\/uploads\/2025\/03\/imagen_2025-03-03_113802726-18x9.png 18w, https:\/\/espaciosyambientes.com\/wp-content\/uploads\/2025\/03\/imagen_2025-03-03_113802726.png 1095w\" sizes=\"auto, (max-width: 1110px) 100vw, 1110px\" \/><\/a> <a href=\"https:\/\/espaciosyambientes.com\/wp-content\/uploads\/2025\/03\/imagen_2025-03-03_113818084.png\"><img loading=\"lazy\" decoding=\"async\" class=\" wp-image-25783 aligncenter\" src=\"https:\/\/espaciosyambientes.com\/wp-content\/uploads\/2025\/03\/imagen_2025-03-03_113818084-300x169.png\" alt=\"\" width=\"1168\" height=\"658\" srcset=\"https:\/\/espaciosyambientes.com\/wp-content\/uploads\/2025\/03\/imagen_2025-03-03_113818084-300x169.png 300w, https:\/\/espaciosyambientes.com\/wp-content\/uploads\/2025\/03\/imagen_2025-03-03_113818084-430x242.png 430w, https:\/\/espaciosyambientes.com\/wp-content\/uploads\/2025\/03\/imagen_2025-03-03_113818084-150x84.png 150w, https:\/\/espaciosyambientes.com\/wp-content\/uploads\/2025\/03\/imagen_2025-03-03_113818084-700x394.png 700w, https:\/\/espaciosyambientes.com\/wp-content\/uploads\/2025\/03\/imagen_2025-03-03_113818084-1024x576.png 1024w, https:\/\/espaciosyambientes.com\/wp-content\/uploads\/2025\/03\/imagen_2025-03-03_113818084-768x432.png 768w, https:\/\/espaciosyambientes.com\/wp-content\/uploads\/2025\/03\/imagen_2025-03-03_113818084-1536x864.png 1536w, https:\/\/espaciosyambientes.com\/wp-content\/uploads\/2025\/03\/imagen_2025-03-03_113818084-2048x1152.png 2048w, https:\/\/espaciosyambientes.com\/wp-content\/uploads\/2025\/03\/imagen_2025-03-03_113818084-18x10.png 18w\" sizes=\"auto, (max-width: 1168px) 100vw, 1168px\" \/><\/a> <a href=\"https:\/\/espaciosyambientes.com\/wp-content\/uploads\/2025\/03\/imagen_2025-03-03_113843343.png\"><img loading=\"lazy\" decoding=\"async\" class=\" wp-image-25784 aligncenter\" src=\"https:\/\/espaciosyambientes.com\/wp-content\/uploads\/2025\/03\/imagen_2025-03-03_113843343-272x300.png\" alt=\"\" width=\"1080\" height=\"1191\" srcset=\"https:\/\/espaciosyambientes.com\/wp-content\/uploads\/2025\/03\/imagen_2025-03-03_113843343-272x300.png 272w, https:\/\/espaciosyambientes.com\/wp-content\/uploads\/2025\/03\/imagen_2025-03-03_113843343-430x474.png 430w, https:\/\/espaciosyambientes.com\/wp-content\/uploads\/2025\/03\/imagen_2025-03-03_113843343-150x165.png 150w, https:\/\/espaciosyambientes.com\/wp-content\/uploads\/2025\/03\/imagen_2025-03-03_113843343-700x771.png 700w, https:\/\/espaciosyambientes.com\/wp-content\/uploads\/2025\/03\/imagen_2025-03-03_113843343-929x1024.png 929w, https:\/\/espaciosyambientes.com\/wp-content\/uploads\/2025\/03\/imagen_2025-03-03_113843343-768x846.png 768w, https:\/\/espaciosyambientes.com\/wp-content\/uploads\/2025\/03\/imagen_2025-03-03_113843343-11x12.png 11w, https:\/\/espaciosyambientes.com\/wp-content\/uploads\/2025\/03\/imagen_2025-03-03_113843343.png 1020w\" sizes=\"auto, (max-width: 1080px) 100vw, 1080px\" \/><\/a> <a href=\"https:\/\/espaciosyambientes.com\/wp-content\/uploads\/2025\/03\/imagen_2025-03-03_113854366.png\"><img loading=\"lazy\" decoding=\"async\" class=\" wp-image-25785 aligncenter\" src=\"https:\/\/espaciosyambientes.com\/wp-content\/uploads\/2025\/03\/imagen_2025-03-03_113854366-300x282.png\" alt=\"\" width=\"1193\" height=\"1121\" srcset=\"https:\/\/espaciosyambientes.com\/wp-content\/uploads\/2025\/03\/imagen_2025-03-03_113854366-300x282.png 300w, https:\/\/espaciosyambientes.com\/wp-content\/uploads\/2025\/03\/imagen_2025-03-03_113854366-430x404.png 430w, https:\/\/espaciosyambientes.com\/wp-content\/uploads\/2025\/03\/imagen_2025-03-03_113854366-150x141.png 150w, https:\/\/espaciosyambientes.com\/wp-content\/uploads\/2025\/03\/imagen_2025-03-03_113854366-700x658.png 700w, https:\/\/espaciosyambientes.com\/wp-content\/uploads\/2025\/03\/imagen_2025-03-03_113854366-1024x963.png 1024w, https:\/\/espaciosyambientes.com\/wp-content\/uploads\/2025\/03\/imagen_2025-03-03_113854366-768x722.png 768w, https:\/\/espaciosyambientes.com\/wp-content\/uploads\/2025\/03\/imagen_2025-03-03_113854366-13x12.png 13w, https:\/\/espaciosyambientes.com\/wp-content\/uploads\/2025\/03\/imagen_2025-03-03_113854366.png 1178w\" sizes=\"auto, (max-width: 1193px) 100vw, 1193px\" \/><\/a><\/p>\n","protected":false},"excerpt":{"rendered":"<div class=\"KvSummary__productHeadiing__UPRDo\">ASUS Dual GeForce RTX\u2122 4070 OC Edition 12GB GDDR6X con dos potentes ventiladores Axial-tech y un dise\u00f1o de 2.56 ranuras para una amplia compatibilidad<\/div>\n<div class=\"KvSummary__productIntro__1WXF-\">\n<ul>\n<li><strong>Impulsada por la tecnolog\u00eda NVIDIA DLSS3:<\/strong>\u00a0Un Arco de Ada Lovelace ultraeficiente y Ray Tracing completo.<\/li>\n<li><strong>Tensor Cores de 4.\u00aa generaci\u00f3n:\u00a0<\/strong>Hasta 4 veces el rendimiento con DLSS 3.<\/li>\n<li><strong>RT Cores de 3.\u00aa generaci\u00f3n:\u00a0<\/strong>Hasta el doble de rendimiento en Ray Tracing.<\/li>\n<li><strong>Modo OC: 2550 MHz (OC)\/ 2520 MHz (Modo default).<\/strong><\/li>\n<li><strong>Ventiladores de Axial-tech:<\/strong>\u00a0Ampliados para un 21% m\u00e1s de flujo de aire.<\/li>\n<li>Un<strong>\u00a0dise\u00f1o de 2.56 ranuras<\/strong>\u00a0maximiza la compatibilidad y la eficiencia de refrigeraci\u00f3n para un rendimiento superior en gabinetes peque\u00f1os.<\/li>\n<li>La\u00a0<strong>tecnolog\u00eda 0dB<\/strong>\u00a0te permite disfrutar de juegos livianos en relativo silencio.<\/li>\n<li><strong>Baleros de ventilador de doble bola<\/strong>\u00a0duran hasta el doble que los dise\u00f1os convencionales.<\/li>\n<\/ul>\n<\/div>\n","protected":false},"featured_media":25795,"comment_status":"closed","ping_status":"closed","template":"","meta":[],"product_brand":[212],"product_cat":[73],"product_tag":[364,431,362,384],"class_list":{"0":"post-25775","1":"product","2":"type-product","3":"status-publish","4":"has-post-thumbnail","6":"product_brand-asus","7":"product_cat-tarjetas-graficas","8":"product_tag-asus","9":"product_tag-dual","10":"product_tag-nvidia","11":"product_tag-rtx","13":"first","14":"onbackorder","15":"taxable","16":"shipping-taxable","17":"purchasable","18":"product-type-simple"},"yoast_head":"<!-- This site is optimized with the Yoast SEO plugin v27.3 - https:\/\/yoast.com\/product\/yoast-seo-wordpress\/ -->\n<title>ASUS DUAL RTX 4070 DE 12GB DUAL FAN OC - PC MASTERS BOGOTA<\/title>\n<meta name=\"robots\" content=\"index, follow, max-snippet:-1, max-image-preview:large, max-video-preview:-1\" \/>\n<link rel=\"canonical\" href=\"https:\/\/espaciosyambientes.com\/es_es\/producto\/asus-dual-rtx-4070-de-12gb-dual-fan-oc\/\" \/>\n<meta property=\"og:locale\" content=\"es_ES\" \/>\n<meta property=\"og:type\" content=\"article\" \/>\n<meta property=\"og:title\" content=\"ASUS DUAL RTX 4070 DE 12GB DUAL FAN OC - PC MASTERS BOGOTA\" \/>\n<meta property=\"og:description\" content=\"ASUS Dual GeForce RTX\u2122 4070 OC Edition 12GB GDDR6X con dos potentes ventiladores Axial-tech y un dise\u00f1o de 2.56 ranuras para una amplia compatibilidad    Impulsada por la tecnolog\u00eda NVIDIA DLSS3:\u00a0Un Arco de Ada Lovelace ultraeficiente y Ray Tracing completo.  Tensor Cores de 4.\u00aa generaci\u00f3n:\u00a0Hasta 4 veces el rendimiento con DLSS 3.  RT Cores de 3.\u00aa generaci\u00f3n:\u00a0Hasta el doble de rendimiento en Ray Tracing.  Modo OC: 2550 MHz (OC)\/ 2520 MHz (Modo default).  Ventiladores de Axial-tech:\u00a0Ampliados para un 21% m\u00e1s de flujo de aire.  Un\u00a0dise\u00f1o de 2.56 ranuras\u00a0maximiza la compatibilidad y la eficiencia de refrigeraci\u00f3n para un rendimiento superior en gabinetes peque\u00f1os.  La\u00a0tecnolog\u00eda 0dB\u00a0te permite disfrutar de juegos livianos en relativo silencio.  Baleros de ventilador de doble bola\u00a0duran hasta el doble que los dise\u00f1os convencionales.\" \/>\n<meta property=\"og:url\" content=\"https:\/\/espaciosyambientes.com\/es_es\/producto\/asus-dual-rtx-4070-de-12gb-dual-fan-oc\/\" \/>\n<meta property=\"og:site_name\" content=\"PC MASTERS BOGOTA\" \/>\n<meta property=\"article:modified_time\" content=\"2025-04-10T14:19:21+00:00\" \/>\n<meta property=\"og:image\" content=\"https:\/\/espaciosyambientes.com\/wp-content\/uploads\/2025\/03\/imagen_2025-03-03_114512935-1024x1024.png\" \/>\n\t<meta property=\"og:image:width\" content=\"1024\" \/>\n\t<meta property=\"og:image:height\" content=\"1024\" \/>\n\t<meta property=\"og:image:type\" content=\"image\/png\" \/>\n<meta name=\"twitter:card\" content=\"summary_large_image\" \/>\n<meta name=\"twitter:label1\" content=\"Tiempo de lectura\" \/>\n\t<meta name=\"twitter:data1\" content=\"3 minutos\" \/>\n<script type=\"application\/ld+json\" class=\"yoast-schema-graph\">{\"@context\":\"https:\\\/\\\/schema.org\",\"@graph\":[{\"@type\":\"WebPage\",\"@id\":\"https:\\\/\\\/espaciosyambientes.com\\\/producto\\\/asus-dual-rtx-4070-de-12gb-dual-fan-oc\\\/\",\"url\":\"https:\\\/\\\/espaciosyambientes.com\\\/producto\\\/asus-dual-rtx-4070-de-12gb-dual-fan-oc\\\/\",\"name\":\"ASUS DUAL RTX 4070 DE 12GB DUAL FAN OC - PC MASTERS BOGOTA\",\"isPartOf\":{\"@id\":\"https:\\\/\\\/espaciosyambientes.com\\\/es_es\\\/#website\"},\"primaryImageOfPage\":{\"@id\":\"https:\\\/\\\/espaciosyambientes.com\\\/producto\\\/asus-dual-rtx-4070-de-12gb-dual-fan-oc\\\/#primaryimage\"},\"image\":{\"@id\":\"https:\\\/\\\/espaciosyambientes.com\\\/producto\\\/asus-dual-rtx-4070-de-12gb-dual-fan-oc\\\/#primaryimage\"},\"thumbnailUrl\":\"https:\\\/\\\/espaciosyambientes.com\\\/wp-content\\\/uploads\\\/2025\\\/03\\\/imagen_2025-03-03_114512935.png\",\"datePublished\":\"2025-03-03T16:52:59+00:00\",\"dateModified\":\"2025-04-10T14:19:21+00:00\",\"breadcrumb\":{\"@id\":\"https:\\\/\\\/espaciosyambientes.com\\\/producto\\\/asus-dual-rtx-4070-de-12gb-dual-fan-oc\\\/#breadcrumb\"},\"inLanguage\":\"es\",\"potentialAction\":[{\"@type\":\"ReadAction\",\"target\":[\"https:\\\/\\\/espaciosyambientes.com\\\/producto\\\/asus-dual-rtx-4070-de-12gb-dual-fan-oc\\\/\"]}]},{\"@type\":\"ImageObject\",\"inLanguage\":\"es\",\"@id\":\"https:\\\/\\\/espaciosyambientes.com\\\/producto\\\/asus-dual-rtx-4070-de-12gb-dual-fan-oc\\\/#primaryimage\",\"url\":\"https:\\\/\\\/espaciosyambientes.com\\\/wp-content\\\/uploads\\\/2025\\\/03\\\/imagen_2025-03-03_114512935.png\",\"contentUrl\":\"https:\\\/\\\/espaciosyambientes.com\\\/wp-content\\\/uploads\\\/2025\\\/03\\\/imagen_2025-03-03_114512935.png\",\"width\":2400,\"height\":2400},{\"@type\":\"BreadcrumbList\",\"@id\":\"https:\\\/\\\/espaciosyambientes.com\\\/producto\\\/asus-dual-rtx-4070-de-12gb-dual-fan-oc\\\/#breadcrumb\",\"itemListElement\":[{\"@type\":\"ListItem\",\"position\":1,\"name\":\"Home\",\"item\":\"https:\\\/\\\/espaciosyambientes.com\\\/\"},{\"@type\":\"ListItem\",\"position\":2,\"name\":\"Tienda\",\"item\":\"https:\\\/\\\/espaciosyambientes.com\\\/tienda\\\/\"},{\"@type\":\"ListItem\",\"position\":3,\"name\":\"ASUS DUAL RTX 4070 DE 12GB DUAL FAN OC\"}]},{\"@type\":\"WebSite\",\"@id\":\"https:\\\/\\\/espaciosyambientes.com\\\/es_es\\\/#website\",\"url\":\"https:\\\/\\\/espaciosyambientes.com\\\/es_es\\\/\",\"name\":\"PC MASTERS BOGOTA\",\"description\":\"\",\"potentialAction\":[{\"@type\":\"SearchAction\",\"target\":{\"@type\":\"EntryPoint\",\"urlTemplate\":\"https:\\\/\\\/espaciosyambientes.com\\\/es_es\\\/?s={search_term_string}\"},\"query-input\":{\"@type\":\"PropertyValueSpecification\",\"valueRequired\":true,\"valueName\":\"search_term_string\"}}],\"inLanguage\":\"es\"}]}<\/script>\n<!-- \/ Yoast SEO plugin. -->","yoast_head_json":{"title":"ASUS DUAL RTX 4070 DE 12GB DUAL FAN OC - PC MASTERS BOGOTA","robots":{"index":"index","follow":"follow","max-snippet":"max-snippet:-1","max-image-preview":"max-image-preview:large","max-video-preview":"max-video-preview:-1"},"canonical":"https:\/\/espaciosyambientes.com\/es_es\/producto\/asus-dual-rtx-4070-de-12gb-dual-fan-oc\/","og_locale":"es_ES","og_type":"article","og_title":"ASUS DUAL RTX 4070 DE 12GB DUAL FAN OC - PC MASTERS BOGOTA","og_description":"ASUS Dual GeForce RTX\u2122 4070 OC Edition 12GB GDDR6X con dos potentes ventiladores Axial-tech y un dise\u00f1o de 2.56 ranuras para una amplia compatibilidad    Impulsada por la tecnolog\u00eda NVIDIA DLSS3:\u00a0Un Arco de Ada Lovelace ultraeficiente y Ray Tracing completo.  Tensor Cores de 4.\u00aa generaci\u00f3n:\u00a0Hasta 4 veces el rendimiento con DLSS 3.  RT Cores de 3.\u00aa generaci\u00f3n:\u00a0Hasta el doble de rendimiento en Ray Tracing.  Modo OC: 2550 MHz (OC)\/ 2520 MHz (Modo default).  Ventiladores de Axial-tech:\u00a0Ampliados para un 21% m\u00e1s de flujo de aire.  Un\u00a0dise\u00f1o de 2.56 ranuras\u00a0maximiza la compatibilidad y la eficiencia de refrigeraci\u00f3n para un rendimiento superior en gabinetes peque\u00f1os.  La\u00a0tecnolog\u00eda 0dB\u00a0te permite disfrutar de juegos livianos en relativo silencio.  Baleros de ventilador de doble bola\u00a0duran hasta el doble que los dise\u00f1os convencionales.","og_url":"https:\/\/espaciosyambientes.com\/es_es\/producto\/asus-dual-rtx-4070-de-12gb-dual-fan-oc\/","og_site_name":"PC MASTERS BOGOTA","article_modified_time":"2025-04-10T14:19:21+00:00","og_image":[{"width":1024,"height":1024,"url":"https:\/\/espaciosyambientes.com\/wp-content\/uploads\/2025\/03\/imagen_2025-03-03_114512935-1024x1024.png","type":"image\/png"}],"twitter_card":"summary_large_image","twitter_misc":{"Tiempo de lectura":"3 minutos"},"schema":{"@context":"https:\/\/schema.org","@graph":[{"@type":"WebPage","@id":"https:\/\/espaciosyambientes.com\/producto\/asus-dual-rtx-4070-de-12gb-dual-fan-oc\/","url":"https:\/\/espaciosyambientes.com\/producto\/asus-dual-rtx-4070-de-12gb-dual-fan-oc\/","name":"ASUS DUAL RTX 4070 DE 12GB DUAL FAN OC - PC MASTERS BOGOTA","isPartOf":{"@id":"https:\/\/espaciosyambientes.com\/es_es\/#website"},"primaryImageOfPage":{"@id":"https:\/\/espaciosyambientes.com\/producto\/asus-dual-rtx-4070-de-12gb-dual-fan-oc\/#primaryimage"},"image":{"@id":"https:\/\/espaciosyambientes.com\/producto\/asus-dual-rtx-4070-de-12gb-dual-fan-oc\/#primaryimage"},"thumbnailUrl":"https:\/\/espaciosyambientes.com\/wp-content\/uploads\/2025\/03\/imagen_2025-03-03_114512935.png","datePublished":"2025-03-03T16:52:59+00:00","dateModified":"2025-04-10T14:19:21+00:00","breadcrumb":{"@id":"https:\/\/espaciosyambientes.com\/producto\/asus-dual-rtx-4070-de-12gb-dual-fan-oc\/#breadcrumb"},"inLanguage":"es","potentialAction":[{"@type":"ReadAction","target":["https:\/\/espaciosyambientes.com\/producto\/asus-dual-rtx-4070-de-12gb-dual-fan-oc\/"]}]},{"@type":"ImageObject","inLanguage":"es","@id":"https:\/\/espaciosyambientes.com\/producto\/asus-dual-rtx-4070-de-12gb-dual-fan-oc\/#primaryimage","url":"https:\/\/espaciosyambientes.com\/wp-content\/uploads\/2025\/03\/imagen_2025-03-03_114512935.png","contentUrl":"https:\/\/espaciosyambientes.com\/wp-content\/uploads\/2025\/03\/imagen_2025-03-03_114512935.png","width":2400,"height":2400},{"@type":"BreadcrumbList","@id":"https:\/\/espaciosyambientes.com\/producto\/asus-dual-rtx-4070-de-12gb-dual-fan-oc\/#breadcrumb","itemListElement":[{"@type":"ListItem","position":1,"name":"Home","item":"https:\/\/espaciosyambientes.com\/"},{"@type":"ListItem","position":2,"name":"Tienda","item":"https:\/\/espaciosyambientes.com\/tienda\/"},{"@type":"ListItem","position":3,"name":"ASUS DUAL RTX 4070 DE 12GB DUAL FAN OC"}]},{"@type":"WebSite","@id":"https:\/\/espaciosyambientes.com\/es_es\/#website","url":"https:\/\/espaciosyambientes.com\/es_es\/","name":"PC MASTERS BOGOTA","description":"","potentialAction":[{"@type":"SearchAction","target":{"@type":"EntryPoint","urlTemplate":"https:\/\/espaciosyambientes.com\/es_es\/?s={search_term_string}"},"query-input":{"@type":"PropertyValueSpecification","valueRequired":true,"valueName":"search_term_string"}}],"inLanguage":"es"}]}},"_links":{"self":[{"href":"http:\/\/espaciosyambientes.com\/es_es\/wp-json\/wp\/v2\/product\/25775","targetHints":{"allow":["GET"]}}],"collection":[{"href":"http:\/\/espaciosyambientes.com\/es_es\/wp-json\/wp\/v2\/product"}],"about":[{"href":"http:\/\/espaciosyambientes.com\/es_es\/wp-json\/wp\/v2\/types\/product"}],"replies":[{"embeddable":true,"href":"http:\/\/espaciosyambientes.com\/es_es\/wp-json\/wp\/v2\/comments?post=25775"}],"version-history":[{"count":1,"href":"http:\/\/espaciosyambientes.com\/es_es\/wp-json\/wp\/v2\/product\/25775\/revisions"}],"predecessor-version":[{"id":25797,"href":"http:\/\/espaciosyambientes.com\/es_es\/wp-json\/wp\/v2\/product\/25775\/revisions\/25797"}],"wp:featuredmedia":[{"embeddable":true,"href":"http:\/\/espaciosyambientes.com\/es_es\/wp-json\/wp\/v2\/media\/25795"}],"wp:attachment":[{"href":"http:\/\/espaciosyambientes.com\/es_es\/wp-json\/wp\/v2\/media?parent=25775"}],"wp:term":[{"taxonomy":"product_brand","embeddable":true,"href":"http:\/\/espaciosyambientes.com\/es_es\/wp-json\/wp\/v2\/product_brand?post=25775"},{"taxonomy":"product_cat","embeddable":true,"href":"http:\/\/espaciosyambientes.com\/es_es\/wp-json\/wp\/v2\/product_cat?post=25775"},{"taxonomy":"product_tag","embeddable":true,"href":"http:\/\/espaciosyambientes.com\/es_es\/wp-json\/wp\/v2\/product_tag?post=25775"}],"curies":[{"name":"wp","href":"https:\/\/api.w.org\/{rel}","templated":true}]}}