{"id":25471,"date":"2025-02-16T00:42:17","date_gmt":"2025-02-16T05:42:17","guid":{"rendered":"https:\/\/espaciosyambientes.com\/?post_type=product&#038;p=25471"},"modified":"2026-01-20T10:35:13","modified_gmt":"2026-01-20T15:35:13","slug":"asus-prime-rtx-5070ti-de-16gb-trifan-oc","status":"publish","type":"product","link":"http:\/\/espaciosyambientes.com\/es_es\/producto\/asus-prime-rtx-5070ti-de-16gb-trifan-oc\/","title":{"rendered":"ASUS PRIME RTX 5070 Ti DE 16GB OC"},"content":{"rendered":"<h3 class=\"h2 hd-uppercase reveal-bottom-delay1\" style=\"text-align: center;\"><span class=\"txt-flat\"><span class=\"color-gradient\"><a href=\"https:\/\/espaciosyambientes.com\/wp-content\/uploads\/2025\/02\/Captura-de-pantalla-2025-02-16-003556.png\"><img loading=\"lazy\" decoding=\"async\" class=\"alignnone wp-image-25472\" src=\"https:\/\/espaciosyambientes.com\/wp-content\/uploads\/2025\/02\/Captura-de-pantalla-2025-02-16-003556-300x248.png\" alt=\"\" width=\"1256\" height=\"1038\" srcset=\"https:\/\/espaciosyambientes.com\/wp-content\/uploads\/2025\/02\/Captura-de-pantalla-2025-02-16-003556-300x248.png 300w, https:\/\/espaciosyambientes.com\/wp-content\/uploads\/2025\/02\/Captura-de-pantalla-2025-02-16-003556-430x355.png 430w, https:\/\/espaciosyambientes.com\/wp-content\/uploads\/2025\/02\/Captura-de-pantalla-2025-02-16-003556-150x124.png 150w, https:\/\/espaciosyambientes.com\/wp-content\/uploads\/2025\/02\/Captura-de-pantalla-2025-02-16-003556-700x579.png 700w, https:\/\/espaciosyambientes.com\/wp-content\/uploads\/2025\/02\/Captura-de-pantalla-2025-02-16-003556-1024x846.png 1024w, https:\/\/espaciosyambientes.com\/wp-content\/uploads\/2025\/02\/Captura-de-pantalla-2025-02-16-003556-768x635.png 768w, https:\/\/espaciosyambientes.com\/wp-content\/uploads\/2025\/02\/Captura-de-pantalla-2025-02-16-003556.png 1418w\" sizes=\"auto, (max-width: 1256px) 100vw, 1256px\" \/><\/a><\/span><\/span><\/h3>\n<h3 class=\"h2 hd-uppercase reveal-bottom-delay1\" style=\"text-align: center;\"><span class=\"txt-flat\"><span class=\"color-gradient\">Preparado para el poder<\/span><\/span><\/h3>\n<p class=\"reveal-bottom-delay2\" style=\"text-align: center;\">Experimente el rendimiento Primal con la Prime GeForce RTX 5070 Ti, una tarjeta GeForce para entusiastas preparada para SFF que cuenta con un dise\u00f1o de 2,5 ranuras para una amplia compatibilidad, mejorada por una configuraci\u00f3n de triple ventilador para un dise\u00f1o de flujo de aire supremo para\u00a0<span class=\"nobr\">una refrigeraci\u00f3n suprema.<\/span><\/p>\n<h3 class=\"h2 hd-uppercase reveal-bottom-delay1\" style=\"text-align: center;\"><span class=\"txt-flat\"><span class=\"color-gradient\">\u00a0<\/span><\/span><\/h3>\n<p>&nbsp;<\/p>\n<p><a href=\"https:\/\/espaciosyambientes.com\/wp-content\/uploads\/2025\/02\/imagen_2025-02-26_003442560.png\"><img loading=\"lazy\" decoding=\"async\" class=\" wp-image-25663 aligncenter\" src=\"https:\/\/espaciosyambientes.com\/wp-content\/uploads\/2025\/02\/imagen_2025-02-26_003442560-300x294.png\" alt=\"\" width=\"1074\" height=\"1053\" srcset=\"https:\/\/espaciosyambientes.com\/wp-content\/uploads\/2025\/02\/imagen_2025-02-26_003442560-300x294.png 300w, https:\/\/espaciosyambientes.com\/wp-content\/uploads\/2025\/02\/imagen_2025-02-26_003442560-430x421.png 430w, https:\/\/espaciosyambientes.com\/wp-content\/uploads\/2025\/02\/imagen_2025-02-26_003442560-150x147.png 150w, https:\/\/espaciosyambientes.com\/wp-content\/uploads\/2025\/02\/imagen_2025-02-26_003442560-700x686.png 700w, https:\/\/espaciosyambientes.com\/wp-content\/uploads\/2025\/02\/imagen_2025-02-26_003442560-1024x1003.png 1024w, https:\/\/espaciosyambientes.com\/wp-content\/uploads\/2025\/02\/imagen_2025-02-26_003442560-768x752.png 768w, https:\/\/espaciosyambientes.com\/wp-content\/uploads\/2025\/02\/imagen_2025-02-26_003442560.png 1124w\" sizes=\"auto, (max-width: 1074px) 100vw, 1074px\" \/><\/a> <a href=\"https:\/\/espaciosyambientes.com\/wp-content\/uploads\/2025\/02\/imagen_2025-02-26_003517028.png\"><img loading=\"lazy\" decoding=\"async\" class=\" wp-image-25664 aligncenter\" src=\"https:\/\/espaciosyambientes.com\/wp-content\/uploads\/2025\/02\/imagen_2025-02-26_003517028-297x300.png\" alt=\"\" width=\"1018\" height=\"1028\" srcset=\"https:\/\/espaciosyambientes.com\/wp-content\/uploads\/2025\/02\/imagen_2025-02-26_003517028-297x300.png 297w, https:\/\/espaciosyambientes.com\/wp-content\/uploads\/2025\/02\/imagen_2025-02-26_003517028-430x435.png 430w, https:\/\/espaciosyambientes.com\/wp-content\/uploads\/2025\/02\/imagen_2025-02-26_003517028-150x150.png 150w, https:\/\/espaciosyambientes.com\/wp-content\/uploads\/2025\/02\/imagen_2025-02-26_003517028-700x708.png 700w, https:\/\/espaciosyambientes.com\/wp-content\/uploads\/2025\/02\/imagen_2025-02-26_003517028-1013x1024.png 1013w, https:\/\/espaciosyambientes.com\/wp-content\/uploads\/2025\/02\/imagen_2025-02-26_003517028-768x777.png 768w, https:\/\/espaciosyambientes.com\/wp-content\/uploads\/2025\/02\/imagen_2025-02-26_003517028.png 1243w\" sizes=\"auto, (max-width: 1018px) 100vw, 1018px\" \/><\/a> <a href=\"https:\/\/espaciosyambientes.com\/wp-content\/uploads\/2025\/02\/imagen_2025-02-26_003544734.png\"><img loading=\"lazy\" decoding=\"async\" class=\" wp-image-25665 aligncenter\" src=\"https:\/\/espaciosyambientes.com\/wp-content\/uploads\/2025\/02\/imagen_2025-02-26_003544734-300x187.png\" alt=\"\" width=\"1190\" height=\"742\" srcset=\"https:\/\/espaciosyambientes.com\/wp-content\/uploads\/2025\/02\/imagen_2025-02-26_003544734-300x187.png 300w, https:\/\/espaciosyambientes.com\/wp-content\/uploads\/2025\/02\/imagen_2025-02-26_003544734-430x268.png 430w, https:\/\/espaciosyambientes.com\/wp-content\/uploads\/2025\/02\/imagen_2025-02-26_003544734-150x93.png 150w, https:\/\/espaciosyambientes.com\/wp-content\/uploads\/2025\/02\/imagen_2025-02-26_003544734-700x436.png 700w, https:\/\/espaciosyambientes.com\/wp-content\/uploads\/2025\/02\/imagen_2025-02-26_003544734-1024x638.png 1024w, https:\/\/espaciosyambientes.com\/wp-content\/uploads\/2025\/02\/imagen_2025-02-26_003544734-768x479.png 768w, https:\/\/espaciosyambientes.com\/wp-content\/uploads\/2025\/02\/imagen_2025-02-26_003544734.png 1343w\" sizes=\"auto, (max-width: 1190px) 100vw, 1190px\" \/><\/a> <a href=\"https:\/\/espaciosyambientes.com\/wp-content\/uploads\/2025\/02\/imagen_2025-02-26_003618454.png\"><img loading=\"lazy\" decoding=\"async\" class=\" wp-image-25666 aligncenter\" src=\"https:\/\/espaciosyambientes.com\/wp-content\/uploads\/2025\/02\/imagen_2025-02-26_003618454-300x183.png\" alt=\"\" width=\"1139\" height=\"695\" srcset=\"https:\/\/espaciosyambientes.com\/wp-content\/uploads\/2025\/02\/imagen_2025-02-26_003618454-300x183.png 300w, https:\/\/espaciosyambientes.com\/wp-content\/uploads\/2025\/02\/imagen_2025-02-26_003618454-430x262.png 430w, https:\/\/espaciosyambientes.com\/wp-content\/uploads\/2025\/02\/imagen_2025-02-26_003618454-150x92.png 150w, https:\/\/espaciosyambientes.com\/wp-content\/uploads\/2025\/02\/imagen_2025-02-26_003618454-700x427.png 700w, https:\/\/espaciosyambientes.com\/wp-content\/uploads\/2025\/02\/imagen_2025-02-26_003618454-1024x625.png 1024w, https:\/\/espaciosyambientes.com\/wp-content\/uploads\/2025\/02\/imagen_2025-02-26_003618454-768x468.png 768w, https:\/\/espaciosyambientes.com\/wp-content\/uploads\/2025\/02\/imagen_2025-02-26_003618454.png 1200w\" sizes=\"auto, (max-width: 1139px) 100vw, 1139px\" \/><\/a> <a href=\"https:\/\/espaciosyambientes.com\/wp-content\/uploads\/2025\/02\/imagen_2025-02-26_003638977.png\"><img loading=\"lazy\" decoding=\"async\" class=\" wp-image-25667 aligncenter\" src=\"https:\/\/espaciosyambientes.com\/wp-content\/uploads\/2025\/02\/imagen_2025-02-26_003638977-300x168.png\" alt=\"\" width=\"1091\" height=\"611\" srcset=\"https:\/\/espaciosyambientes.com\/wp-content\/uploads\/2025\/02\/imagen_2025-02-26_003638977-300x168.png 300w, https:\/\/espaciosyambientes.com\/wp-content\/uploads\/2025\/02\/imagen_2025-02-26_003638977-430x240.png 430w, https:\/\/espaciosyambientes.com\/wp-content\/uploads\/2025\/02\/imagen_2025-02-26_003638977-150x84.png 150w, https:\/\/espaciosyambientes.com\/wp-content\/uploads\/2025\/02\/imagen_2025-02-26_003638977-700x391.png 700w, https:\/\/espaciosyambientes.com\/wp-content\/uploads\/2025\/02\/imagen_2025-02-26_003638977-1024x572.png 1024w, https:\/\/espaciosyambientes.com\/wp-content\/uploads\/2025\/02\/imagen_2025-02-26_003638977-768x429.png 768w\" sizes=\"auto, (max-width: 1091px) 100vw, 1091px\" \/><\/a> <a href=\"https:\/\/espaciosyambientes.com\/wp-content\/uploads\/2025\/02\/imagen_2025-02-26_003723472.png\"><img loading=\"lazy\" decoding=\"async\" class=\" wp-image-25668 aligncenter\" src=\"https:\/\/espaciosyambientes.com\/wp-content\/uploads\/2025\/02\/imagen_2025-02-26_003723472-300x225.png\" alt=\"\" width=\"1088\" height=\"816\" srcset=\"https:\/\/espaciosyambientes.com\/wp-content\/uploads\/2025\/02\/imagen_2025-02-26_003723472-300x225.png 300w, https:\/\/espaciosyambientes.com\/wp-content\/uploads\/2025\/02\/imagen_2025-02-26_003723472-430x322.png 430w, https:\/\/espaciosyambientes.com\/wp-content\/uploads\/2025\/02\/imagen_2025-02-26_003723472-150x112.png 150w, https:\/\/espaciosyambientes.com\/wp-content\/uploads\/2025\/02\/imagen_2025-02-26_003723472-700x525.png 700w, https:\/\/espaciosyambientes.com\/wp-content\/uploads\/2025\/02\/imagen_2025-02-26_003723472-1024x768.png 1024w, https:\/\/espaciosyambientes.com\/wp-content\/uploads\/2025\/02\/imagen_2025-02-26_003723472-768x576.png 768w, https:\/\/espaciosyambientes.com\/wp-content\/uploads\/2025\/02\/imagen_2025-02-26_003723472-1536x1152.png 1536w, https:\/\/espaciosyambientes.com\/wp-content\/uploads\/2025\/02\/imagen_2025-02-26_003723472.png 1698w\" sizes=\"auto, (max-width: 1088px) 100vw, 1088px\" \/><\/a><a href=\"https:\/\/espaciosyambientes.com\/wp-content\/uploads\/2025\/02\/imagen_2025-02-26_003924028.png\"><img loading=\"lazy\" decoding=\"async\" class=\" wp-image-25669 aligncenter\" src=\"https:\/\/espaciosyambientes.com\/wp-content\/uploads\/2025\/02\/imagen_2025-02-26_003924028-217x300.png\" alt=\"\" width=\"481\" height=\"665\" srcset=\"https:\/\/espaciosyambientes.com\/wp-content\/uploads\/2025\/02\/imagen_2025-02-26_003924028-217x300.png 217w, https:\/\/espaciosyambientes.com\/wp-content\/uploads\/2025\/02\/imagen_2025-02-26_003924028-150x208.png 150w, https:\/\/espaciosyambientes.com\/wp-content\/uploads\/2025\/02\/imagen_2025-02-26_003924028-768x1064.png 768w, https:\/\/espaciosyambientes.com\/wp-content\/uploads\/2025\/02\/imagen_2025-02-26_003924028.png 815w\" sizes=\"auto, (max-width: 481px) 100vw, 481px\" \/><\/a><a href=\"https:\/\/espaciosyambientes.com\/wp-content\/uploads\/2025\/02\/imagen_2025-02-26_003939687.png\"><img loading=\"lazy\" decoding=\"async\" class=\" wp-image-25670 aligncenter\" src=\"https:\/\/espaciosyambientes.com\/wp-content\/uploads\/2025\/02\/imagen_2025-02-26_003939687-300x274.png\" alt=\"\" width=\"854\" height=\"780\" srcset=\"https:\/\/espaciosyambientes.com\/wp-content\/uploads\/2025\/02\/imagen_2025-02-26_003939687-300x274.png 300w, https:\/\/espaciosyambientes.com\/wp-content\/uploads\/2025\/02\/imagen_2025-02-26_003939687-430x392.png 430w, https:\/\/espaciosyambientes.com\/wp-content\/uploads\/2025\/02\/imagen_2025-02-26_003939687-150x137.png 150w, https:\/\/espaciosyambientes.com\/wp-content\/uploads\/2025\/02\/imagen_2025-02-26_003939687-700x638.png 700w, https:\/\/espaciosyambientes.com\/wp-content\/uploads\/2025\/02\/imagen_2025-02-26_003939687-1024x934.png 1024w, https:\/\/espaciosyambientes.com\/wp-content\/uploads\/2025\/02\/imagen_2025-02-26_003939687-768x700.png 768w, https:\/\/espaciosyambientes.com\/wp-content\/uploads\/2025\/02\/imagen_2025-02-26_003939687.png 1226w\" sizes=\"auto, (max-width: 854px) 100vw, 854px\" \/><\/a><\/p>\n","protected":false},"excerpt":{"rendered":"<div class=\"KvSummary__productHeadiing__UPRDo\">La ASUS Prime GeForce RTX\u2122 5070 Ti OC Edition 16GB GDDR7 SFF-Ready cuenta con tres ventiladores Axial-tech para una refrigeraci\u00f3n suprema.<\/div>\n<div class=\"KvSummary__productIntro__1WXF-\">\n<ul>\n<li><strong>Con la tecnolog\u00eda NVIDIA Blackwell y DLSS 4.<\/strong><\/li>\n<li><strong>Tarjeta GeForce SFF-Ready para entusiastas.<\/strong><\/li>\n<li><strong>Los ventiladores Axial-tech<\/strong>\u00a0cuentan con un eje de ventilador m\u00e1s peque\u00f1o que facilita aspas m\u00e1s largas y un anillo de barrera que aumenta la presi\u00f3n de aire hacia abajo.<\/li>\n<li><strong>La almohadilla t\u00e9rmica de GPU con cambio de fase<\/strong>\u00a0ayuda a garantizar una transferencia de calor \u00f3ptima, lo que reduce las temperaturas de la GPU para un mejor rendimiento y confiabilidad.<\/li>\n<li><strong>El dise\u00f1o de 2.5 ranuras<\/strong>\u00a0permite una mayor compatibilidad de construcci\u00f3n al tiempo que mantiene el rendimiento de refrigeraci\u00f3n.<\/li>\n<li><strong>Los dobles baleros de ventilador de bola<\/strong>\u00a0duran hasta el doble que los baleros est\u00e1ndar.<\/li>\n<li><strong>La tecnolog\u00eda 0dB<\/strong>\u00a0te permite disfrutar de juegos livianos en relativo silencio.<\/li>\n<li><strong>El switch de BIOS dual<\/strong>\u00a0te permite alternar entre BIOS silencioso y de perfiles de rendimiento.<\/li>\n<li><strong>Proceso de fabricaci\u00f3n Auto-Extreme<\/strong>\u00a0para lograr precisi\u00f3n y confiabilidad.<\/li>\n<li><strong>El software GPU Tweak III<\/strong>\u00a0brinda ajustes intuitivos del rendimiento, control t\u00e9rmico avanzado y monitoreo del sistema.<\/li>\n<\/ul>\n<\/div>\n","protected":false},"featured_media":25662,"comment_status":"closed","ping_status":"closed","template":"","meta":[],"product_brand":[212,508],"product_cat":[73],"product_tag":[364,362,509,384],"class_list":{"0":"post-25471","1":"product","2":"type-product","3":"status-publish","4":"has-post-thumbnail","6":"product_brand-asus","7":"product_brand-prime","8":"product_cat-tarjetas-graficas","9":"product_tag-asus","10":"product_tag-nvidia","11":"product_tag-prime","12":"product_tag-rtx","14":"first","15":"instock","16":"taxable","17":"shipping-taxable","18":"purchasable","19":"product-type-simple"},"yoast_head":"<!-- This site is optimized with the Yoast SEO plugin v27.3 - https:\/\/yoast.com\/product\/yoast-seo-wordpress\/ -->\n<title>ASUS PRIME RTX 5070 Ti DE 16GB OC - PC MASTERS BOGOTA<\/title>\n<meta name=\"robots\" content=\"index, follow, max-snippet:-1, max-image-preview:large, max-video-preview:-1\" \/>\n<link rel=\"canonical\" href=\"https:\/\/espaciosyambientes.com\/es_es\/producto\/asus-prime-rtx-5070ti-de-16gb-trifan-oc\/\" \/>\n<meta property=\"og:locale\" content=\"es_ES\" \/>\n<meta property=\"og:type\" content=\"article\" \/>\n<meta property=\"og:title\" content=\"ASUS PRIME RTX 5070 Ti DE 16GB OC - PC MASTERS BOGOTA\" \/>\n<meta property=\"og:description\" content=\"La ASUS Prime GeForce RTX\u2122 5070 Ti OC Edition 16GB GDDR7 SFF-Ready cuenta con tres ventiladores Axial-tech para una refrigeraci\u00f3n suprema.    Con la tecnolog\u00eda NVIDIA Blackwell y DLSS 4.  Tarjeta GeForce SFF-Ready para entusiastas.  Los ventiladores Axial-tech\u00a0cuentan con un eje de ventilador m\u00e1s peque\u00f1o que facilita aspas m\u00e1s largas y un anillo de barrera que aumenta la presi\u00f3n de aire hacia abajo.  La almohadilla t\u00e9rmica de GPU con cambio de fase\u00a0ayuda a garantizar una transferencia de calor \u00f3ptima, lo que reduce las temperaturas de la GPU para un mejor rendimiento y confiabilidad.  El dise\u00f1o de 2.5 ranuras\u00a0permite una mayor compatibilidad de construcci\u00f3n al tiempo que mantiene el rendimiento de refrigeraci\u00f3n.  Los dobles baleros de ventilador de bola\u00a0duran hasta el doble que los baleros est\u00e1ndar.  La tecnolog\u00eda 0dB\u00a0te permite disfrutar de juegos livianos en relativo silencio.  El switch de BIOS dual\u00a0te permite alternar entre BIOS silencioso y de perfiles de rendimiento.  Proceso de fabricaci\u00f3n Auto-Extreme\u00a0para lograr precisi\u00f3n y confiabilidad.  El software GPU Tweak III\u00a0brinda ajustes intuitivos del rendimiento, control t\u00e9rmico avanzado y monitoreo del sistema.\" \/>\n<meta property=\"og:url\" content=\"https:\/\/espaciosyambientes.com\/es_es\/producto\/asus-prime-rtx-5070ti-de-16gb-trifan-oc\/\" \/>\n<meta property=\"og:site_name\" content=\"PC MASTERS BOGOTA\" \/>\n<meta property=\"article:modified_time\" content=\"2026-01-20T15:35:13+00:00\" \/>\n<meta property=\"og:image\" content=\"https:\/\/espaciosyambientes.com\/wp-content\/uploads\/2025\/02\/imagen_2025-02-26_003029970-1024x1024.png\" \/>\n\t<meta property=\"og:image:width\" content=\"1024\" \/>\n\t<meta property=\"og:image:height\" content=\"1024\" \/>\n\t<meta property=\"og:image:type\" content=\"image\/png\" \/>\n<meta name=\"twitter:card\" content=\"summary_large_image\" \/>\n<meta name=\"twitter:label1\" content=\"Tiempo de lectura\" \/>\n\t<meta name=\"twitter:data1\" content=\"3 minutos\" \/>\n<script type=\"application\/ld+json\" class=\"yoast-schema-graph\">{\"@context\":\"https:\\\/\\\/schema.org\",\"@graph\":[{\"@type\":\"WebPage\",\"@id\":\"https:\\\/\\\/espaciosyambientes.com\\\/producto\\\/asus-prime-rtx-5070ti-de-16gb-trifan-oc\\\/\",\"url\":\"https:\\\/\\\/espaciosyambientes.com\\\/producto\\\/asus-prime-rtx-5070ti-de-16gb-trifan-oc\\\/\",\"name\":\"ASUS PRIME RTX 5070 Ti DE 16GB OC - PC MASTERS BOGOTA\",\"isPartOf\":{\"@id\":\"https:\\\/\\\/espaciosyambientes.com\\\/es_es\\\/#website\"},\"primaryImageOfPage\":{\"@id\":\"https:\\\/\\\/espaciosyambientes.com\\\/producto\\\/asus-prime-rtx-5070ti-de-16gb-trifan-oc\\\/#primaryimage\"},\"image\":{\"@id\":\"https:\\\/\\\/espaciosyambientes.com\\\/producto\\\/asus-prime-rtx-5070ti-de-16gb-trifan-oc\\\/#primaryimage\"},\"thumbnailUrl\":\"https:\\\/\\\/espaciosyambientes.com\\\/wp-content\\\/uploads\\\/2025\\\/02\\\/imagen_2025-02-26_003029970.png\",\"datePublished\":\"2025-02-16T05:42:17+00:00\",\"dateModified\":\"2026-01-20T15:35:13+00:00\",\"breadcrumb\":{\"@id\":\"https:\\\/\\\/espaciosyambientes.com\\\/producto\\\/asus-prime-rtx-5070ti-de-16gb-trifan-oc\\\/#breadcrumb\"},\"inLanguage\":\"es\",\"potentialAction\":[{\"@type\":\"ReadAction\",\"target\":[\"https:\\\/\\\/espaciosyambientes.com\\\/producto\\\/asus-prime-rtx-5070ti-de-16gb-trifan-oc\\\/\"]}]},{\"@type\":\"ImageObject\",\"inLanguage\":\"es\",\"@id\":\"https:\\\/\\\/espaciosyambientes.com\\\/producto\\\/asus-prime-rtx-5070ti-de-16gb-trifan-oc\\\/#primaryimage\",\"url\":\"https:\\\/\\\/espaciosyambientes.com\\\/wp-content\\\/uploads\\\/2025\\\/02\\\/imagen_2025-02-26_003029970.png\",\"contentUrl\":\"https:\\\/\\\/espaciosyambientes.com\\\/wp-content\\\/uploads\\\/2025\\\/02\\\/imagen_2025-02-26_003029970.png\",\"width\":2400,\"height\":2400},{\"@type\":\"BreadcrumbList\",\"@id\":\"https:\\\/\\\/espaciosyambientes.com\\\/producto\\\/asus-prime-rtx-5070ti-de-16gb-trifan-oc\\\/#breadcrumb\",\"itemListElement\":[{\"@type\":\"ListItem\",\"position\":1,\"name\":\"Home\",\"item\":\"https:\\\/\\\/espaciosyambientes.com\\\/\"},{\"@type\":\"ListItem\",\"position\":2,\"name\":\"Tienda\",\"item\":\"https:\\\/\\\/espaciosyambientes.com\\\/tienda\\\/\"},{\"@type\":\"ListItem\",\"position\":3,\"name\":\"ASUS PRIME RTX 5070 Ti DE 16GB OC\"}]},{\"@type\":\"WebSite\",\"@id\":\"https:\\\/\\\/espaciosyambientes.com\\\/es_es\\\/#website\",\"url\":\"https:\\\/\\\/espaciosyambientes.com\\\/es_es\\\/\",\"name\":\"PC MASTERS BOGOTA\",\"description\":\"\",\"potentialAction\":[{\"@type\":\"SearchAction\",\"target\":{\"@type\":\"EntryPoint\",\"urlTemplate\":\"https:\\\/\\\/espaciosyambientes.com\\\/es_es\\\/?s={search_term_string}\"},\"query-input\":{\"@type\":\"PropertyValueSpecification\",\"valueRequired\":true,\"valueName\":\"search_term_string\"}}],\"inLanguage\":\"es\"}]}<\/script>\n<!-- \/ Yoast SEO plugin. -->","yoast_head_json":{"title":"ASUS PRIME RTX 5070 Ti DE 16GB OC - PC MASTERS BOGOTA","robots":{"index":"index","follow":"follow","max-snippet":"max-snippet:-1","max-image-preview":"max-image-preview:large","max-video-preview":"max-video-preview:-1"},"canonical":"https:\/\/espaciosyambientes.com\/es_es\/producto\/asus-prime-rtx-5070ti-de-16gb-trifan-oc\/","og_locale":"es_ES","og_type":"article","og_title":"ASUS PRIME RTX 5070 Ti DE 16GB OC - PC MASTERS BOGOTA","og_description":"La ASUS Prime GeForce RTX\u2122 5070 Ti OC Edition 16GB GDDR7 SFF-Ready cuenta con tres ventiladores Axial-tech para una refrigeraci\u00f3n suprema.    Con la tecnolog\u00eda NVIDIA Blackwell y DLSS 4.  Tarjeta GeForce SFF-Ready para entusiastas.  Los ventiladores Axial-tech\u00a0cuentan con un eje de ventilador m\u00e1s peque\u00f1o que facilita aspas m\u00e1s largas y un anillo de barrera que aumenta la presi\u00f3n de aire hacia abajo.  La almohadilla t\u00e9rmica de GPU con cambio de fase\u00a0ayuda a garantizar una transferencia de calor \u00f3ptima, lo que reduce las temperaturas de la GPU para un mejor rendimiento y confiabilidad.  El dise\u00f1o de 2.5 ranuras\u00a0permite una mayor compatibilidad de construcci\u00f3n al tiempo que mantiene el rendimiento de refrigeraci\u00f3n.  Los dobles baleros de ventilador de bola\u00a0duran hasta el doble que los baleros est\u00e1ndar.  La tecnolog\u00eda 0dB\u00a0te permite disfrutar de juegos livianos en relativo silencio.  El switch de BIOS dual\u00a0te permite alternar entre BIOS silencioso y de perfiles de rendimiento.  Proceso de fabricaci\u00f3n Auto-Extreme\u00a0para lograr precisi\u00f3n y confiabilidad.  El software GPU Tweak III\u00a0brinda ajustes intuitivos del rendimiento, control t\u00e9rmico avanzado y monitoreo del sistema.","og_url":"https:\/\/espaciosyambientes.com\/es_es\/producto\/asus-prime-rtx-5070ti-de-16gb-trifan-oc\/","og_site_name":"PC MASTERS BOGOTA","article_modified_time":"2026-01-20T15:35:13+00:00","og_image":[{"width":1024,"height":1024,"url":"https:\/\/espaciosyambientes.com\/wp-content\/uploads\/2025\/02\/imagen_2025-02-26_003029970-1024x1024.png","type":"image\/png"}],"twitter_card":"summary_large_image","twitter_misc":{"Tiempo de lectura":"3 minutos"},"schema":{"@context":"https:\/\/schema.org","@graph":[{"@type":"WebPage","@id":"https:\/\/espaciosyambientes.com\/producto\/asus-prime-rtx-5070ti-de-16gb-trifan-oc\/","url":"https:\/\/espaciosyambientes.com\/producto\/asus-prime-rtx-5070ti-de-16gb-trifan-oc\/","name":"ASUS PRIME RTX 5070 Ti DE 16GB OC - PC MASTERS BOGOTA","isPartOf":{"@id":"https:\/\/espaciosyambientes.com\/es_es\/#website"},"primaryImageOfPage":{"@id":"https:\/\/espaciosyambientes.com\/producto\/asus-prime-rtx-5070ti-de-16gb-trifan-oc\/#primaryimage"},"image":{"@id":"https:\/\/espaciosyambientes.com\/producto\/asus-prime-rtx-5070ti-de-16gb-trifan-oc\/#primaryimage"},"thumbnailUrl":"https:\/\/espaciosyambientes.com\/wp-content\/uploads\/2025\/02\/imagen_2025-02-26_003029970.png","datePublished":"2025-02-16T05:42:17+00:00","dateModified":"2026-01-20T15:35:13+00:00","breadcrumb":{"@id":"https:\/\/espaciosyambientes.com\/producto\/asus-prime-rtx-5070ti-de-16gb-trifan-oc\/#breadcrumb"},"inLanguage":"es","potentialAction":[{"@type":"ReadAction","target":["https:\/\/espaciosyambientes.com\/producto\/asus-prime-rtx-5070ti-de-16gb-trifan-oc\/"]}]},{"@type":"ImageObject","inLanguage":"es","@id":"https:\/\/espaciosyambientes.com\/producto\/asus-prime-rtx-5070ti-de-16gb-trifan-oc\/#primaryimage","url":"https:\/\/espaciosyambientes.com\/wp-content\/uploads\/2025\/02\/imagen_2025-02-26_003029970.png","contentUrl":"https:\/\/espaciosyambientes.com\/wp-content\/uploads\/2025\/02\/imagen_2025-02-26_003029970.png","width":2400,"height":2400},{"@type":"BreadcrumbList","@id":"https:\/\/espaciosyambientes.com\/producto\/asus-prime-rtx-5070ti-de-16gb-trifan-oc\/#breadcrumb","itemListElement":[{"@type":"ListItem","position":1,"name":"Home","item":"https:\/\/espaciosyambientes.com\/"},{"@type":"ListItem","position":2,"name":"Tienda","item":"https:\/\/espaciosyambientes.com\/tienda\/"},{"@type":"ListItem","position":3,"name":"ASUS PRIME RTX 5070 Ti DE 16GB OC"}]},{"@type":"WebSite","@id":"https:\/\/espaciosyambientes.com\/es_es\/#website","url":"https:\/\/espaciosyambientes.com\/es_es\/","name":"PC MASTERS BOGOTA","description":"","potentialAction":[{"@type":"SearchAction","target":{"@type":"EntryPoint","urlTemplate":"https:\/\/espaciosyambientes.com\/es_es\/?s={search_term_string}"},"query-input":{"@type":"PropertyValueSpecification","valueRequired":true,"valueName":"search_term_string"}}],"inLanguage":"es"}]}},"_links":{"self":[{"href":"http:\/\/espaciosyambientes.com\/es_es\/wp-json\/wp\/v2\/product\/25471","targetHints":{"allow":["GET"]}}],"collection":[{"href":"http:\/\/espaciosyambientes.com\/es_es\/wp-json\/wp\/v2\/product"}],"about":[{"href":"http:\/\/espaciosyambientes.com\/es_es\/wp-json\/wp\/v2\/types\/product"}],"replies":[{"embeddable":true,"href":"http:\/\/espaciosyambientes.com\/es_es\/wp-json\/wp\/v2\/comments?post=25471"}],"version-history":[{"count":9,"href":"http:\/\/espaciosyambientes.com\/es_es\/wp-json\/wp\/v2\/product\/25471\/revisions"}],"predecessor-version":[{"id":28460,"href":"http:\/\/espaciosyambientes.com\/es_es\/wp-json\/wp\/v2\/product\/25471\/revisions\/28460"}],"wp:featuredmedia":[{"embeddable":true,"href":"http:\/\/espaciosyambientes.com\/es_es\/wp-json\/wp\/v2\/media\/25662"}],"wp:attachment":[{"href":"http:\/\/espaciosyambientes.com\/es_es\/wp-json\/wp\/v2\/media?parent=25471"}],"wp:term":[{"taxonomy":"product_brand","embeddable":true,"href":"http:\/\/espaciosyambientes.com\/es_es\/wp-json\/wp\/v2\/product_brand?post=25471"},{"taxonomy":"product_cat","embeddable":true,"href":"http:\/\/espaciosyambientes.com\/es_es\/wp-json\/wp\/v2\/product_cat?post=25471"},{"taxonomy":"product_tag","embeddable":true,"href":"http:\/\/espaciosyambientes.com\/es_es\/wp-json\/wp\/v2\/product_tag?post=25471"}],"curies":[{"name":"wp","href":"https:\/\/api.w.org\/{rel}","templated":true}]}}