{"id":25386,"date":"2025-02-06T20:49:58","date_gmt":"2025-02-07T01:49:58","guid":{"rendered":"https:\/\/espaciosyambientes.com\/?post_type=product&#038;p=25386"},"modified":"2025-05-03T23:17:36","modified_gmt":"2025-05-04T04:17:36","slug":"asus-dual-rtx-4060ti-de-8gb-oc","status":"publish","type":"product","link":"http:\/\/espaciosyambientes.com\/es_es\/producto\/asus-dual-rtx-4060ti-de-8gb-oc\/","title":{"rendered":"ASUS DUAL RTX 4060TI DE 8GB OC"},"content":{"rendered":"<h2 class=\"color-gradient\" style=\"text-align: center;\">Dos ventiladores. El doble de diversi\u00f3n.<\/h2>\n<p style=\"text-align: center;\">La ASUS Dual GeForce RTX\u2122 4060 fusiona un rendimiento t\u00e9rmico din\u00e1mico con una amplia compatibilidad. Las soluciones avanzadas de refrigeraci\u00f3n de las tarjetas gr\u00e1ficas insignia, incluidos dos ventiladores con tecnolog\u00eda axial para maximizar el flujo de aire hacia el disipador t\u00e9rmico, se integran en la tarjeta de 26,7 cm de longitud y 2,56 ranuras, con lo cual se obtiene m\u00e1s potencia en menos espacio. Estas mejoras convierten a ASUS Dual en la elecci\u00f3n perfecta para los jugadores que buscan un rendimiento gr\u00e1fico potente en un dise\u00f1o compacto.<br \/>\n<a href=\"https:\/\/espaciosyambientes.com\/wp-content\/uploads\/2025\/02\/Captura-de-pantalla-2025-02-06-204151.png\"><img loading=\"lazy\" decoding=\"async\" class=\" wp-image-25384 aligncenter\" src=\"https:\/\/espaciosyambientes.com\/wp-content\/uploads\/2025\/02\/Captura-de-pantalla-2025-02-06-204151-300x142.png\" alt=\"\" width=\"1389\" height=\"657\" srcset=\"https:\/\/espaciosyambientes.com\/wp-content\/uploads\/2025\/02\/Captura-de-pantalla-2025-02-06-204151-300x142.png 300w, https:\/\/espaciosyambientes.com\/wp-content\/uploads\/2025\/02\/Captura-de-pantalla-2025-02-06-204151-430x203.png 430w, https:\/\/espaciosyambientes.com\/wp-content\/uploads\/2025\/02\/Captura-de-pantalla-2025-02-06-204151-150x71.png 150w, https:\/\/espaciosyambientes.com\/wp-content\/uploads\/2025\/02\/Captura-de-pantalla-2025-02-06-204151-700x330.png 700w, https:\/\/espaciosyambientes.com\/wp-content\/uploads\/2025\/02\/Captura-de-pantalla-2025-02-06-204151-1024x483.png 1024w, https:\/\/espaciosyambientes.com\/wp-content\/uploads\/2025\/02\/Captura-de-pantalla-2025-02-06-204151-768x362.png 768w, https:\/\/espaciosyambientes.com\/wp-content\/uploads\/2025\/02\/Captura-de-pantalla-2025-02-06-204151-1536x725.png 1536w\" sizes=\"auto, (max-width: 1389px) 100vw, 1389px\" \/><\/a><a href=\"https:\/\/espaciosyambientes.com\/wp-content\/uploads\/2025\/02\/Captura-de-pantalla-2025-02-06-204212.png\"><img loading=\"lazy\" decoding=\"async\" class=\" wp-image-25383 aligncenter\" src=\"https:\/\/espaciosyambientes.com\/wp-content\/uploads\/2025\/02\/Captura-de-pantalla-2025-02-06-204212-300x142.png\" alt=\"\" width=\"1397\" height=\"661\" srcset=\"https:\/\/espaciosyambientes.com\/wp-content\/uploads\/2025\/02\/Captura-de-pantalla-2025-02-06-204212-300x142.png 300w, https:\/\/espaciosyambientes.com\/wp-content\/uploads\/2025\/02\/Captura-de-pantalla-2025-02-06-204212-430x204.png 430w, https:\/\/espaciosyambientes.com\/wp-content\/uploads\/2025\/02\/Captura-de-pantalla-2025-02-06-204212-150x71.png 150w, https:\/\/espaciosyambientes.com\/wp-content\/uploads\/2025\/02\/Captura-de-pantalla-2025-02-06-204212-700x332.png 700w, https:\/\/espaciosyambientes.com\/wp-content\/uploads\/2025\/02\/Captura-de-pantalla-2025-02-06-204212-1024x486.png 1024w\" sizes=\"auto, (max-width: 1397px) 100vw, 1397px\" \/><\/a><a href=\"https:\/\/espaciosyambientes.com\/wp-content\/uploads\/2025\/02\/Captura-de-pantalla-2025-02-06-204223.png\"><img loading=\"lazy\" decoding=\"async\" class=\" wp-image-25382 aligncenter\" src=\"https:\/\/espaciosyambientes.com\/wp-content\/uploads\/2025\/02\/Captura-de-pantalla-2025-02-06-204223-300x144.png\" alt=\"\" width=\"1316\" height=\"632\" srcset=\"https:\/\/espaciosyambientes.com\/wp-content\/uploads\/2025\/02\/Captura-de-pantalla-2025-02-06-204223-300x144.png 300w, https:\/\/espaciosyambientes.com\/wp-content\/uploads\/2025\/02\/Captura-de-pantalla-2025-02-06-204223-430x207.png 430w, https:\/\/espaciosyambientes.com\/wp-content\/uploads\/2025\/02\/Captura-de-pantalla-2025-02-06-204223-150x72.png 150w, https:\/\/espaciosyambientes.com\/wp-content\/uploads\/2025\/02\/Captura-de-pantalla-2025-02-06-204223-700x337.png 700w, https:\/\/espaciosyambientes.com\/wp-content\/uploads\/2025\/02\/Captura-de-pantalla-2025-02-06-204223-1024x493.png 1024w, https:\/\/espaciosyambientes.com\/wp-content\/uploads\/2025\/02\/Captura-de-pantalla-2025-02-06-204223-768x370.png 768w\" sizes=\"auto, (max-width: 1316px) 100vw, 1316px\" \/><\/a><a href=\"https:\/\/espaciosyambientes.com\/wp-content\/uploads\/2025\/02\/Captura-de-pantalla-2025-02-06-204237.png\"><img loading=\"lazy\" decoding=\"async\" class=\" wp-image-25381 aligncenter\" src=\"https:\/\/espaciosyambientes.com\/wp-content\/uploads\/2025\/02\/Captura-de-pantalla-2025-02-06-204237-300x129.png\" alt=\"\" width=\"1326\" height=\"570\" srcset=\"https:\/\/espaciosyambientes.com\/wp-content\/uploads\/2025\/02\/Captura-de-pantalla-2025-02-06-204237-300x129.png 300w, https:\/\/espaciosyambientes.com\/wp-content\/uploads\/2025\/02\/Captura-de-pantalla-2025-02-06-204237-430x185.png 430w, https:\/\/espaciosyambientes.com\/wp-content\/uploads\/2025\/02\/Captura-de-pantalla-2025-02-06-204237-150x64.png 150w, https:\/\/espaciosyambientes.com\/wp-content\/uploads\/2025\/02\/Captura-de-pantalla-2025-02-06-204237-700x301.png 700w, https:\/\/espaciosyambientes.com\/wp-content\/uploads\/2025\/02\/Captura-de-pantalla-2025-02-06-204237-1024x440.png 1024w, https:\/\/espaciosyambientes.com\/wp-content\/uploads\/2025\/02\/Captura-de-pantalla-2025-02-06-204237-768x330.png 768w, https:\/\/espaciosyambientes.com\/wp-content\/uploads\/2025\/02\/Captura-de-pantalla-2025-02-06-204237-1536x660.png 1536w, https:\/\/espaciosyambientes.com\/wp-content\/uploads\/2025\/02\/Captura-de-pantalla-2025-02-06-204237-2048x880.png 2048w\" sizes=\"auto, (max-width: 1326px) 100vw, 1326px\" \/><\/a><a href=\"https:\/\/espaciosyambientes.com\/wp-content\/uploads\/2025\/02\/Captura-de-pantalla-2025-02-06-204306.png\"><img loading=\"lazy\" decoding=\"async\" class=\" wp-image-25380 aligncenter\" src=\"https:\/\/espaciosyambientes.com\/wp-content\/uploads\/2025\/02\/Captura-de-pantalla-2025-02-06-204306-300x139.png\" alt=\"\" width=\"1297\" height=\"601\" srcset=\"https:\/\/espaciosyambientes.com\/wp-content\/uploads\/2025\/02\/Captura-de-pantalla-2025-02-06-204306-300x139.png 300w, https:\/\/espaciosyambientes.com\/wp-content\/uploads\/2025\/02\/Captura-de-pantalla-2025-02-06-204306-430x200.png 430w, https:\/\/espaciosyambientes.com\/wp-content\/uploads\/2025\/02\/Captura-de-pantalla-2025-02-06-204306-150x70.png 150w, https:\/\/espaciosyambientes.com\/wp-content\/uploads\/2025\/02\/Captura-de-pantalla-2025-02-06-204306-700x325.png 700w, https:\/\/espaciosyambientes.com\/wp-content\/uploads\/2025\/02\/Captura-de-pantalla-2025-02-06-204306-1024x475.png 1024w, https:\/\/espaciosyambientes.com\/wp-content\/uploads\/2025\/02\/Captura-de-pantalla-2025-02-06-204306-768x357.png 768w, https:\/\/espaciosyambientes.com\/wp-content\/uploads\/2025\/02\/Captura-de-pantalla-2025-02-06-204306-1536x713.png 1536w, https:\/\/espaciosyambientes.com\/wp-content\/uploads\/2025\/02\/Captura-de-pantalla-2025-02-06-204306-2048x951.png 2048w\" sizes=\"auto, (max-width: 1297px) 100vw, 1297px\" \/><\/a><a href=\"https:\/\/espaciosyambientes.com\/wp-content\/uploads\/2025\/02\/Captura-de-pantalla-2025-02-06-204326.png\"><img loading=\"lazy\" decoding=\"async\" class=\" wp-image-25379 aligncenter\" src=\"https:\/\/espaciosyambientes.com\/wp-content\/uploads\/2025\/02\/Captura-de-pantalla-2025-02-06-204326-300x128.png\" alt=\"\" width=\"1305\" height=\"557\" srcset=\"https:\/\/espaciosyambientes.com\/wp-content\/uploads\/2025\/02\/Captura-de-pantalla-2025-02-06-204326-300x128.png 300w, https:\/\/espaciosyambientes.com\/wp-content\/uploads\/2025\/02\/Captura-de-pantalla-2025-02-06-204326-430x183.png 430w, https:\/\/espaciosyambientes.com\/wp-content\/uploads\/2025\/02\/Captura-de-pantalla-2025-02-06-204326-150x64.png 150w, https:\/\/espaciosyambientes.com\/wp-content\/uploads\/2025\/02\/Captura-de-pantalla-2025-02-06-204326-700x298.png 700w, https:\/\/espaciosyambientes.com\/wp-content\/uploads\/2025\/02\/Captura-de-pantalla-2025-02-06-204326-1024x436.png 1024w, https:\/\/espaciosyambientes.com\/wp-content\/uploads\/2025\/02\/Captura-de-pantalla-2025-02-06-204326-768x327.png 768w, https:\/\/espaciosyambientes.com\/wp-content\/uploads\/2025\/02\/Captura-de-pantalla-2025-02-06-204326-1536x654.png 1536w, https:\/\/espaciosyambientes.com\/wp-content\/uploads\/2025\/02\/Captura-de-pantalla-2025-02-06-204326-2048x872.png 2048w\" sizes=\"auto, (max-width: 1305px) 100vw, 1305px\" \/><\/a><a href=\"https:\/\/espaciosyambientes.com\/wp-content\/uploads\/2025\/02\/Captura-de-pantalla-2025-02-06-204347.png\"><img loading=\"lazy\" decoding=\"async\" class=\"alignnone wp-image-25378\" src=\"https:\/\/espaciosyambientes.com\/wp-content\/uploads\/2025\/02\/Captura-de-pantalla-2025-02-06-204347-300x139.png\" alt=\"\" width=\"1366\" height=\"633\" srcset=\"https:\/\/espaciosyambientes.com\/wp-content\/uploads\/2025\/02\/Captura-de-pantalla-2025-02-06-204347-300x139.png 300w, https:\/\/espaciosyambientes.com\/wp-content\/uploads\/2025\/02\/Captura-de-pantalla-2025-02-06-204347-430x199.png 430w, https:\/\/espaciosyambientes.com\/wp-content\/uploads\/2025\/02\/Captura-de-pantalla-2025-02-06-204347-150x70.png 150w, https:\/\/espaciosyambientes.com\/wp-content\/uploads\/2025\/02\/Captura-de-pantalla-2025-02-06-204347-700x325.png 700w, https:\/\/espaciosyambientes.com\/wp-content\/uploads\/2025\/02\/Captura-de-pantalla-2025-02-06-204347-1024x475.png 1024w, https:\/\/espaciosyambientes.com\/wp-content\/uploads\/2025\/02\/Captura-de-pantalla-2025-02-06-204347-768x356.png 768w, https:\/\/espaciosyambientes.com\/wp-content\/uploads\/2025\/02\/Captura-de-pantalla-2025-02-06-204347-1536x712.png 1536w, https:\/\/espaciosyambientes.com\/wp-content\/uploads\/2025\/02\/Captura-de-pantalla-2025-02-06-204347-2048x950.png 2048w\" sizes=\"auto, (max-width: 1366px) 100vw, 1366px\" \/><\/a><\/p>\n","protected":false},"excerpt":{"rendered":"<ul>\n<li><strong>Con la tecnolog\u00eda de NVIDIA DLSS3,<\/strong>\u00a0Arco ultraeficiente de Ada Lovelace y Ray Tracing completo.<\/li>\n<li><strong>Tensor Cores de 4.\u00aa generaci\u00f3n:\u00a0<\/strong>Hasta 4 veces m\u00e1s rendimiento con DLSS 3 que renderizado de fuerza bruta.<\/li>\n<li><strong>RT Cores de tercera generaci\u00f3n:\u00a0<\/strong>Hasta el doble de rendimiento en ray tracing.<\/li>\n<li><strong>Edici\u00f3n OC: Boost Clock 2625 MHz (modo OC)\/2595 MHz (modo default).<\/strong><\/li>\n<li><strong>El dise\u00f1o del ventilador Axial-tech<\/strong>\u00a0presenta un centro de ventilador m\u00e1s peque\u00f1o que facilita aspas m\u00e1s largas y un anillo de barrera que aumenta la presi\u00f3n del aire hacia abajo.<\/li>\n<li>Un<strong>\u00a0dise\u00f1o de 2.5 ranuras<\/strong>\u00a0maximiza la compatibilidad y la eficiencia de refrigeraci\u00f3n para un rendimiento superior en chasis peque\u00f1os.<\/li>\n<li>La\u00a0<strong>tecnolog\u00eda 0dB<\/strong>\u00a0te permite disfrutar de juegos livianos en relativo silencio.<\/li>\n<li><strong>Los baleros de ventilador de bolas dobles\u00a0<\/strong>pueden durar hasta el doble que los dise\u00f1os de baleros tipo sleeve.<\/li>\n<\/ul>\n","protected":false},"featured_media":25368,"comment_status":"closed","ping_status":"closed","template":"","meta":[],"product_brand":[212],"product_cat":[73],"product_tag":[364,362,528],"class_list":{"0":"post-25386","1":"product","2":"type-product","3":"status-publish","4":"has-post-thumbnail","6":"product_brand-asus","7":"product_cat-tarjetas-graficas","8":"product_tag-asus","9":"product_tag-nvidia","10":"product_tag-rtx-4060","12":"first","13":"instock","14":"taxable","15":"shipping-taxable","16":"purchasable","17":"product-type-simple"},"yoast_head":"<!-- This site is optimized with the Yoast SEO plugin v27.3 - https:\/\/yoast.com\/product\/yoast-seo-wordpress\/ -->\n<title>ASUS DUAL RTX 4060TI DE 8GB OC - PC MASTERS BOGOTA<\/title>\n<meta name=\"robots\" content=\"index, follow, max-snippet:-1, max-image-preview:large, max-video-preview:-1\" \/>\n<link rel=\"canonical\" href=\"https:\/\/espaciosyambientes.com\/es_es\/producto\/asus-dual-rtx-4060ti-de-8gb-oc\/\" \/>\n<meta property=\"og:locale\" content=\"es_ES\" \/>\n<meta property=\"og:type\" content=\"article\" \/>\n<meta property=\"og:title\" content=\"ASUS DUAL RTX 4060TI DE 8GB OC - PC MASTERS BOGOTA\" \/>\n<meta property=\"og:description\" content=\"Con la tecnolog\u00eda de NVIDIA DLSS3,\u00a0Arco ultraeficiente de Ada Lovelace y Ray Tracing completo.  Tensor Cores de 4.\u00aa generaci\u00f3n:\u00a0Hasta 4 veces m\u00e1s rendimiento con DLSS 3 que renderizado de fuerza bruta.  RT Cores de tercera generaci\u00f3n:\u00a0Hasta el doble de rendimiento en ray tracing.  Edici\u00f3n OC: Boost Clock 2625 MHz (modo OC)\/2595 MHz (modo default).  El dise\u00f1o del ventilador Axial-tech\u00a0presenta un centro de ventilador m\u00e1s peque\u00f1o que facilita aspas m\u00e1s largas y un anillo de barrera que aumenta la presi\u00f3n del aire hacia abajo.  Un\u00a0dise\u00f1o de 2.5 ranuras\u00a0maximiza la compatibilidad y la eficiencia de refrigeraci\u00f3n para un rendimiento superior en chasis peque\u00f1os.  La\u00a0tecnolog\u00eda 0dB\u00a0te permite disfrutar de juegos livianos en relativo silencio.  Los baleros de ventilador de bolas dobles\u00a0pueden durar hasta el doble que los dise\u00f1os de baleros tipo sleeve.\" \/>\n<meta property=\"og:url\" content=\"https:\/\/espaciosyambientes.com\/es_es\/producto\/asus-dual-rtx-4060ti-de-8gb-oc\/\" \/>\n<meta property=\"og:site_name\" content=\"PC MASTERS BOGOTA\" \/>\n<meta property=\"article:modified_time\" content=\"2025-05-04T04:17:36+00:00\" \/>\n<meta property=\"og:image\" content=\"https:\/\/espaciosyambientes.com\/wp-content\/uploads\/2025\/02\/fwebp-9.webp\" \/>\n\t<meta property=\"og:image:width\" content=\"2400\" \/>\n\t<meta property=\"og:image:height\" content=\"2400\" \/>\n\t<meta property=\"og:image:type\" content=\"image\/webp\" \/>\n<meta name=\"twitter:card\" content=\"summary_large_image\" \/>\n<meta name=\"twitter:label1\" content=\"Tiempo de lectura\" \/>\n\t<meta name=\"twitter:data1\" content=\"3 minutos\" \/>\n<script type=\"application\/ld+json\" class=\"yoast-schema-graph\">{\"@context\":\"https:\\\/\\\/schema.org\",\"@graph\":[{\"@type\":\"WebPage\",\"@id\":\"https:\\\/\\\/espaciosyambientes.com\\\/producto\\\/asus-dual-rtx-4060ti-de-8gb-oc\\\/\",\"url\":\"https:\\\/\\\/espaciosyambientes.com\\\/producto\\\/asus-dual-rtx-4060ti-de-8gb-oc\\\/\",\"name\":\"ASUS DUAL RTX 4060TI DE 8GB OC - PC MASTERS BOGOTA\",\"isPartOf\":{\"@id\":\"https:\\\/\\\/espaciosyambientes.com\\\/es_es\\\/#website\"},\"primaryImageOfPage\":{\"@id\":\"https:\\\/\\\/espaciosyambientes.com\\\/producto\\\/asus-dual-rtx-4060ti-de-8gb-oc\\\/#primaryimage\"},\"image\":{\"@id\":\"https:\\\/\\\/espaciosyambientes.com\\\/producto\\\/asus-dual-rtx-4060ti-de-8gb-oc\\\/#primaryimage\"},\"thumbnailUrl\":\"https:\\\/\\\/espaciosyambientes.com\\\/wp-content\\\/uploads\\\/2025\\\/02\\\/fwebp-9.webp\",\"datePublished\":\"2025-02-07T01:49:58+00:00\",\"dateModified\":\"2025-05-04T04:17:36+00:00\",\"breadcrumb\":{\"@id\":\"https:\\\/\\\/espaciosyambientes.com\\\/producto\\\/asus-dual-rtx-4060ti-de-8gb-oc\\\/#breadcrumb\"},\"inLanguage\":\"es\",\"potentialAction\":[{\"@type\":\"ReadAction\",\"target\":[\"https:\\\/\\\/espaciosyambientes.com\\\/producto\\\/asus-dual-rtx-4060ti-de-8gb-oc\\\/\"]}]},{\"@type\":\"ImageObject\",\"inLanguage\":\"es\",\"@id\":\"https:\\\/\\\/espaciosyambientes.com\\\/producto\\\/asus-dual-rtx-4060ti-de-8gb-oc\\\/#primaryimage\",\"url\":\"https:\\\/\\\/espaciosyambientes.com\\\/wp-content\\\/uploads\\\/2025\\\/02\\\/fwebp-9.webp\",\"contentUrl\":\"https:\\\/\\\/espaciosyambientes.com\\\/wp-content\\\/uploads\\\/2025\\\/02\\\/fwebp-9.webp\",\"width\":2400,\"height\":2400},{\"@type\":\"BreadcrumbList\",\"@id\":\"https:\\\/\\\/espaciosyambientes.com\\\/producto\\\/asus-dual-rtx-4060ti-de-8gb-oc\\\/#breadcrumb\",\"itemListElement\":[{\"@type\":\"ListItem\",\"position\":1,\"name\":\"Home\",\"item\":\"https:\\\/\\\/espaciosyambientes.com\\\/\"},{\"@type\":\"ListItem\",\"position\":2,\"name\":\"Tienda\",\"item\":\"https:\\\/\\\/espaciosyambientes.com\\\/tienda\\\/\"},{\"@type\":\"ListItem\",\"position\":3,\"name\":\"ASUS DUAL RTX 4060TI DE 8GB OC\"}]},{\"@type\":\"WebSite\",\"@id\":\"https:\\\/\\\/espaciosyambientes.com\\\/es_es\\\/#website\",\"url\":\"https:\\\/\\\/espaciosyambientes.com\\\/es_es\\\/\",\"name\":\"PC MASTERS BOGOTA\",\"description\":\"\",\"potentialAction\":[{\"@type\":\"SearchAction\",\"target\":{\"@type\":\"EntryPoint\",\"urlTemplate\":\"https:\\\/\\\/espaciosyambientes.com\\\/es_es\\\/?s={search_term_string}\"},\"query-input\":{\"@type\":\"PropertyValueSpecification\",\"valueRequired\":true,\"valueName\":\"search_term_string\"}}],\"inLanguage\":\"es\"}]}<\/script>\n<!-- \/ Yoast SEO plugin. -->","yoast_head_json":{"title":"ASUS DUAL RTX 4060TI DE 8GB OC - PC MASTERS BOGOTA","robots":{"index":"index","follow":"follow","max-snippet":"max-snippet:-1","max-image-preview":"max-image-preview:large","max-video-preview":"max-video-preview:-1"},"canonical":"https:\/\/espaciosyambientes.com\/es_es\/producto\/asus-dual-rtx-4060ti-de-8gb-oc\/","og_locale":"es_ES","og_type":"article","og_title":"ASUS DUAL RTX 4060TI DE 8GB OC - PC MASTERS BOGOTA","og_description":"Con la tecnolog\u00eda de NVIDIA DLSS3,\u00a0Arco ultraeficiente de Ada Lovelace y Ray Tracing completo.  Tensor Cores de 4.\u00aa generaci\u00f3n:\u00a0Hasta 4 veces m\u00e1s rendimiento con DLSS 3 que renderizado de fuerza bruta.  RT Cores de tercera generaci\u00f3n:\u00a0Hasta el doble de rendimiento en ray tracing.  Edici\u00f3n OC: Boost Clock 2625 MHz (modo OC)\/2595 MHz (modo default).  El dise\u00f1o del ventilador Axial-tech\u00a0presenta un centro de ventilador m\u00e1s peque\u00f1o que facilita aspas m\u00e1s largas y un anillo de barrera que aumenta la presi\u00f3n del aire hacia abajo.  Un\u00a0dise\u00f1o de 2.5 ranuras\u00a0maximiza la compatibilidad y la eficiencia de refrigeraci\u00f3n para un rendimiento superior en chasis peque\u00f1os.  La\u00a0tecnolog\u00eda 0dB\u00a0te permite disfrutar de juegos livianos en relativo silencio.  Los baleros de ventilador de bolas dobles\u00a0pueden durar hasta el doble que los dise\u00f1os de baleros tipo sleeve.","og_url":"https:\/\/espaciosyambientes.com\/es_es\/producto\/asus-dual-rtx-4060ti-de-8gb-oc\/","og_site_name":"PC MASTERS BOGOTA","article_modified_time":"2025-05-04T04:17:36+00:00","og_image":[{"width":2400,"height":2400,"url":"https:\/\/espaciosyambientes.com\/wp-content\/uploads\/2025\/02\/fwebp-9.webp","type":"image\/webp"}],"twitter_card":"summary_large_image","twitter_misc":{"Tiempo de lectura":"3 minutos"},"schema":{"@context":"https:\/\/schema.org","@graph":[{"@type":"WebPage","@id":"https:\/\/espaciosyambientes.com\/producto\/asus-dual-rtx-4060ti-de-8gb-oc\/","url":"https:\/\/espaciosyambientes.com\/producto\/asus-dual-rtx-4060ti-de-8gb-oc\/","name":"ASUS DUAL RTX 4060TI DE 8GB OC - PC MASTERS BOGOTA","isPartOf":{"@id":"https:\/\/espaciosyambientes.com\/es_es\/#website"},"primaryImageOfPage":{"@id":"https:\/\/espaciosyambientes.com\/producto\/asus-dual-rtx-4060ti-de-8gb-oc\/#primaryimage"},"image":{"@id":"https:\/\/espaciosyambientes.com\/producto\/asus-dual-rtx-4060ti-de-8gb-oc\/#primaryimage"},"thumbnailUrl":"https:\/\/espaciosyambientes.com\/wp-content\/uploads\/2025\/02\/fwebp-9.webp","datePublished":"2025-02-07T01:49:58+00:00","dateModified":"2025-05-04T04:17:36+00:00","breadcrumb":{"@id":"https:\/\/espaciosyambientes.com\/producto\/asus-dual-rtx-4060ti-de-8gb-oc\/#breadcrumb"},"inLanguage":"es","potentialAction":[{"@type":"ReadAction","target":["https:\/\/espaciosyambientes.com\/producto\/asus-dual-rtx-4060ti-de-8gb-oc\/"]}]},{"@type":"ImageObject","inLanguage":"es","@id":"https:\/\/espaciosyambientes.com\/producto\/asus-dual-rtx-4060ti-de-8gb-oc\/#primaryimage","url":"https:\/\/espaciosyambientes.com\/wp-content\/uploads\/2025\/02\/fwebp-9.webp","contentUrl":"https:\/\/espaciosyambientes.com\/wp-content\/uploads\/2025\/02\/fwebp-9.webp","width":2400,"height":2400},{"@type":"BreadcrumbList","@id":"https:\/\/espaciosyambientes.com\/producto\/asus-dual-rtx-4060ti-de-8gb-oc\/#breadcrumb","itemListElement":[{"@type":"ListItem","position":1,"name":"Home","item":"https:\/\/espaciosyambientes.com\/"},{"@type":"ListItem","position":2,"name":"Tienda","item":"https:\/\/espaciosyambientes.com\/tienda\/"},{"@type":"ListItem","position":3,"name":"ASUS DUAL RTX 4060TI DE 8GB OC"}]},{"@type":"WebSite","@id":"https:\/\/espaciosyambientes.com\/es_es\/#website","url":"https:\/\/espaciosyambientes.com\/es_es\/","name":"PC MASTERS BOGOTA","description":"","potentialAction":[{"@type":"SearchAction","target":{"@type":"EntryPoint","urlTemplate":"https:\/\/espaciosyambientes.com\/es_es\/?s={search_term_string}"},"query-input":{"@type":"PropertyValueSpecification","valueRequired":true,"valueName":"search_term_string"}}],"inLanguage":"es"}]}},"_links":{"self":[{"href":"http:\/\/espaciosyambientes.com\/es_es\/wp-json\/wp\/v2\/product\/25386","targetHints":{"allow":["GET"]}}],"collection":[{"href":"http:\/\/espaciosyambientes.com\/es_es\/wp-json\/wp\/v2\/product"}],"about":[{"href":"http:\/\/espaciosyambientes.com\/es_es\/wp-json\/wp\/v2\/types\/product"}],"replies":[{"embeddable":true,"href":"http:\/\/espaciosyambientes.com\/es_es\/wp-json\/wp\/v2\/comments?post=25386"}],"version-history":[{"count":1,"href":"http:\/\/espaciosyambientes.com\/es_es\/wp-json\/wp\/v2\/product\/25386\/revisions"}],"predecessor-version":[{"id":25387,"href":"http:\/\/espaciosyambientes.com\/es_es\/wp-json\/wp\/v2\/product\/25386\/revisions\/25387"}],"wp:featuredmedia":[{"embeddable":true,"href":"http:\/\/espaciosyambientes.com\/es_es\/wp-json\/wp\/v2\/media\/25368"}],"wp:attachment":[{"href":"http:\/\/espaciosyambientes.com\/es_es\/wp-json\/wp\/v2\/media?parent=25386"}],"wp:term":[{"taxonomy":"product_brand","embeddable":true,"href":"http:\/\/espaciosyambientes.com\/es_es\/wp-json\/wp\/v2\/product_brand?post=25386"},{"taxonomy":"product_cat","embeddable":true,"href":"http:\/\/espaciosyambientes.com\/es_es\/wp-json\/wp\/v2\/product_cat?post=25386"},{"taxonomy":"product_tag","embeddable":true,"href":"http:\/\/espaciosyambientes.com\/es_es\/wp-json\/wp\/v2\/product_tag?post=25386"}],"curies":[{"name":"wp","href":"https:\/\/api.w.org\/{rel}","templated":true}]}}