{"id":23539,"date":"2024-09-06T19:51:02","date_gmt":"2024-09-07T00:51:02","guid":{"rendered":"https:\/\/espaciosyambientes.com\/?post_type=product&#038;p=23539"},"modified":"2025-01-30T01:53:14","modified_gmt":"2025-01-30T06:53:14","slug":"lenovo-loq-i5-13420h-46ghz-rtx-4050-6gb","status":"publish","type":"product","link":"http:\/\/espaciosyambientes.com\/es_es\/producto\/lenovo-loq-i5-13420h-46ghz-rtx-4050-6gb\/","title":{"rendered":"Lenovo LOQ i5 13420h 4,6Ghz RTX 4050 6GB"},"content":{"rendered":"<div class=\"feature-blade blade_2 mediaClass feature-align-center\">\n<div class=\"feature-gallery content-top feature-gallery-pc\">\n<div class=\"content-wrapper\">\n<div class=\"gallery-content\">\n<div class=\"headline\">\n<p>&nbsp;<\/p>\n<\/div>\n<div class=\"description\">\n<p style=\"text-align: center;\">La velocidad se une a la resistencia durante el juego en este port\u00e1til para videojuegos equipado con procesadores AMD Ryzen\u2122. Aprovecha el rendimiento puro que necesitas para ganar sin renunciar a la duraci\u00f3n de la bater\u00eda.<\/p>\n<\/div>\n<\/div>\n<\/div>\n<\/div>\n<\/div>\n<div class=\"feature-blade blade_2 mediaClass feature-align-center\" style=\"text-align: center;\">\n<div class=\"feature-gallery content-top feature-gallery-pc\">\n<div class=\"blade-media image\"><img decoding=\"async\" class=\"aligncenter\" src=\"https:\/\/p2-ofp.static.pub\/fes\/cms\/2023\/05\/02\/fm4zwjn4wwl7c98atatt4oknu5tljf994048.jpg\" alt=\"Vista frontal del Lenovo LOQ 15APH8 con un juego en la pantalla y el logotipo de NVIDIA\u00ae GeForce\" \/><\/div>\n<div class=\"content-wrapper\">\n<div class=\"gallery-content\">\n<div class=\"headline\">\n<p>Potentes tarjetas gr\u00e1ficas NVIDIA\u00ae GeForce RTX\u2122. M\u00e1s que r\u00e1pidas.<\/p>\n<\/div>\n<div class=\"description\">\n<p>Los port\u00e1tiles m\u00e1s r\u00e1pidos del mundo para jugadores y creadores est\u00e1n equipados con GPU NVIDIA\u00ae GeForce RTX\u2122 40 Series. Estas GPU, fabricadas con la arquitectura ultraeficiente NVIDIA Ada Lovelace, suponen un salto cu\u00e1ntico en cuanto a rendimiento con DLSS 3 basado en IA y abren las puertas a mundos virtuales realistas con trazado de rayos completo. Adem\u00e1s, el conjunto de tecnolog\u00edas Max-Q optimiza el rendimiento del ordenador, la potencia, la duraci\u00f3n de la bater\u00eda y la ac\u00fastica para lograr la m\u00e1xima eficiencia.<\/p>\n<\/div>\n<\/div>\n<\/div>\n<\/div>\n<\/div>\n<div class=\"feature-blade blade_2 mediaClass feature-align-center\" style=\"text-align: center;\">\n<div class=\"feature-gallery content-top feature-gallery-pc\">\n<div class=\"blade-media image\"><img decoding=\"async\" src=\"https:\/\/p2-ofp.static.pub\/\/fes\/cms\/2024\/07\/18\/pd7j58q61hkn14bpb2qwenybjyitue618665.jpg\" alt=\"An image depicting some of the game selections in Xbox Game Pass. It's a collage of various video game characters and scenes, including Master Chief from &quot;Halo,&quot; a yellow race car from &quot;Forza Horizon 5,&quot; Leonardo from &quot;Teenage Mutant Ninja Turtles: Shredder's Revenge,&quot; a cricket player wearing a helmet from &quot;Cricket 24,&quot; and Minecraft Steve from &quot;Minecraft.&quot;\" \/><\/div>\n<div class=\"content-wrapper\">\n<div class=\"gallery-content\">\n<div class=\"headline\">\n<p>Juega a m\u00e1s de 100 juegos para PC de gran calidad con tu port\u00e1til Lenovo LOQ y tres meses de Xbox Game Pass.<\/p>\n<\/div>\n<div class=\"description\">\n<p>Juega a m\u00e1s de 100 juegos para PC de gran calidad, adem\u00e1s de los nuevos y pr\u00f3ximos grandes \u00e9xitos el d\u00eda de su lanzamiento, como Halo Infinite, Forza Horizon 5 y Age of Empires IV, con tu nuevo Lenovo LOQ y tres meses de Xbox Game Pass, incluido EA Play. Se a\u00f1aden nuevos juegos constantemente, as\u00ed que siempre tendr\u00e1s algo nuevo para jugar. Visita xbox.com\/subscriptionterms<\/p>\n<\/div>\n<\/div>\n<\/div>\n<\/div>\n<\/div>\n<div class=\"feature-blade blade_2 mediaClass feature-align-center\" style=\"text-align: center;\">\n<div class=\"feature-gallery content-top feature-gallery-pc\">\n<div class=\"blade-media image\"><img decoding=\"async\" src=\"https:\/\/p1-ofp.static.pub\/fes\/cms\/2023\/05\/02\/575nqoepb87hvenmczkeqgykbxw1g2241893.jpg\" alt=\"Chip Lenovo AI, chip AMD Ryzen\u2122 7000 Series, chip NVIDIA\u00ae GeForce RTX\u2122\" \/><\/div>\n<div class=\"content-wrapper\">\n<div class=\"gallery-content\">\n<div class=\"headline\">\n<p>Inteligencia de videojuegos basada en IA<\/p>\n<\/div>\n<div class=\"description\">\n<p>Potencia tu rendimiento con el revolucionario Lenovo AI Engine+ y el innovador chip de IA LA1 de Lenovo, que optimizan tus sistema con sensores inteligentes perfeccionados para ofrecerte una experiencia de juego superior. Juega todav\u00eda m\u00e1s r\u00e1pido con el conmutador MUX independiente con NVIDIA\u00ae Advanced Optimus, que reduce autom\u00e1ticamente la latencia, optimiza la duraci\u00f3n de la bater\u00eda y aumenta los fotogramas por segundo. La tecnolog\u00eda Smart Engine analiza constantemente los datos y las m\u00e9tricas para que puedas superar tus propios l\u00edmites. Acelera tus partidas con Lenovo AI Engine+ y domina la competici\u00f3n.<\/p>\n<\/div>\n<\/div>\n<\/div>\n<\/div>\n<\/div>\n<div class=\"feature-blade blade_2 mediaClass feature-align-center\" style=\"text-align: center;\">\n<div class=\"feature-gallery content-top feature-gallery-pc\">\n<div class=\"blade-media image\"><img decoding=\"async\" src=\"https:\/\/p4-ofp.static.pub\/fes\/cms\/2023\/05\/02\/e1kyps6j4x4p3hzat2l99r3vzje642680627.jpg\" alt=\"Secci\u00f3n transversal del sistema de ventilaci\u00f3n del Lenovo LOQ 15APH8\" \/><\/div>\n<div class=\"content-wrapper\">\n<div class=\"gallery-content\">\n<div class=\"headline\">\n<p>Una experiencia de juego sorprendente con una ac\u00fastica discreta<\/p>\n<\/div>\n<div class=\"description\">\n<p>\u00bfQuieres un rendimiento rompedor sin que se note? El dise\u00f1o t\u00e9rmino avanzado Lenovo LOQ garantiza que tus partidas transcurran en silencio con hasta cuatro tubos t\u00e9rmicos, ventiladores dobles de alta velocidad de 85 mm y 12 V, y grandes conductos de entrada y salida de aire. La ventilaci\u00f3n generosa garantiza un flujo constante de aire fresco a trav\u00e9s del teclado y los conductos de la parte posterior y los laterales del teclado. Con una TDP de hasta 135 W, puedes jugar con total confianza y en silencio sabiendo que tu port\u00e1til no se sobrecalentar\u00e1 ni har\u00e1 ruido.<\/p>\n<\/div>\n<\/div>\n<\/div>\n<\/div>\n<\/div>\n<div class=\"feature-blade blade_2 mediaClass feature-align-center\" style=\"text-align: center;\">\n<div class=\"feature-gallery content-top feature-gallery-pc\">\n<div class=\"blade-media image\"><img decoding=\"async\" src=\"https:\/\/p3-ofp.static.pub\/fes\/cms\/2023\/05\/02\/9o31niwuz5lxwe8a9gdnruf82fvn8m742389.jpg\" alt=\"Representaci\u00f3n de la durabilidad del Lenovo LOQ 15APH8\" \/><\/div>\n<div class=\"content-wrapper\">\n<div class=\"gallery-content\">\n<div class=\"headline\">\n<p>Preparado para cualquier cosa<\/p>\n<\/div>\n<div class=\"description\">\n<p>Con un chasis ligero y sencillo, el port\u00e1til Lenovo LOQ 15APH8 se ha dise\u00f1ado para la funcionalidad, la simplicidad y la facilidad de uso. Con un gran n\u00famero de puertos, su caracter\u00edstico tablero de E\/S posterior para videojuegos que simplifica el acceso y una c\u00e1mara web integrada con un obturador de privacidad electr\u00f3nico, tiene todo lo que necesitas para conectarte y crear contenido de primera clase. Su chasis en color Storm Grey incluye el logotipo Lenovo LOQ estampado en la cubierta. Dise\u00f1ado para satisfacer los estrictos est\u00e1ndares de grado militar MIL-STD 810H de EE. UU., este port\u00e1til es resistente y est\u00e1 listo para cualquier cosa.<\/p>\n<\/div>\n<\/div>\n<\/div>\n<\/div>\n<\/div>\n<div class=\"feature-blade blade_2 mediaClass feature-align-center\" style=\"text-align: center;\">\n<div class=\"feature-gallery content-top feature-gallery-pc\">\n<div class=\"blade-media image\"><img decoding=\"async\" src=\"https:\/\/p3-ofp.static.pub\/fes\/cms\/2023\/05\/02\/7swu1mdrybueo56nclbujq5lw7eoss931737.jpg\" alt=\"Lenovo LOQ 15APH8 con un videojuego en la pantalla\" \/><\/div>\n<div class=\"content-wrapper\">\n<div class=\"gallery-content\">\n<div class=\"headline\">\n<p>Una pantalla ganadora<\/p>\n<\/div>\n<div class=\"description\">\n<p>Juega a la velocidad de los jugadores profesionales con una n\u00edtida pantalla de 39,62 cm (15,6\u2033) con una r\u00e1pida velocidad de actualizaci\u00f3n de VRR de hasta 165 Hz para superar a tus contrincantes en las batallas m\u00e1s acaloradas. Disfruta de colores fotorrealistas con sRGB al 100 % y ve la pantalla en cualquier posici\u00f3n con hasta 350 nits conservando al mismo tiempo la bater\u00eda durante los desplazamientos, gracias a la tecnolog\u00eda de atenuaci\u00f3n DC.<\/p>\n<\/div>\n<\/div>\n<\/div>\n<\/div>\n<\/div>\n<div class=\"feature-blade blade_2 mediaClass feature-align-center\" style=\"text-align: center;\">\n<div class=\"feature-gallery content-top feature-gallery-pc\">\n<div class=\"blade-media image\"><img decoding=\"async\" src=\"https:\/\/p1-ofp.static.pub\/fes\/cms\/2023\/05\/02\/cvmbaojwdegqbvf63dt0re7k7cbwiu684059.jpg\" alt=\"Primer plano del Lenovo LOQ 15APH8 en blanco o con retroiluminaci\u00f3n RGB\" \/><\/div>\n<div class=\"content-wrapper\">\n<div class=\"gallery-content\">\n<div class=\"headline\">\n<p>Domina tus movimientos con ergonom\u00eda y precisi\u00f3n<\/p>\n<\/div>\n<div class=\"description\">\n<p>Teclea como un profesional, pero sobre todo mant\u00e9n el control absoluto de tus juegos favoritos con la emblem\u00e1tica precisi\u00f3n t\u00e1ctil del teclado Lenovo LOQ. Dise\u00f1ado para una ergonom\u00eda superior, las teclas tienen un recorrido de 1,5 mm, y la tecnolog\u00eda 100 % antiim\u00e1genes fantasma te ofrece una actuaci\u00f3n ultrarr\u00e1pida y un control inigualable. Con teclas de direcci\u00f3n a tama\u00f1o completo y un teclado num\u00e9rico, los jugadores pueden mejorar su estilo con la retroiluminaci\u00f3n RGB en cuatro zonas.<\/p>\n<\/div>\n<\/div>\n<\/div>\n<\/div>\n<\/div>\n<div class=\"feature-blade blade_2 mediaClass feature-align-center\" style=\"text-align: center;\">\n<div class=\"feature-gallery content-top feature-gallery-pc\">\n<div class=\"blade-media image\"><img decoding=\"async\" src=\"https:\/\/p3-ofp.static.pub\/fes\/cms\/2023\/05\/02\/0zlybx6u0okgqr03y89h7li2nestl0966357.jpg\" alt=\"Interior del Lenovo LOQ 15APH8\" \/><\/div>\n<div class=\"content-wrapper\">\n<div class=\"gallery-content\">\n<div class=\"headline\">\n<p>Opciones ampliables<\/p>\n<\/div>\n<div class=\"description\">\n<p>Prepara tu port\u00e1til Lenovo LOQ 15APH8 para el futuro con una capacidad de expansi\u00f3n sin precedentes. Cambia f\u00e1cilmente del juego a la transmisi\u00f3n o a la creaci\u00f3n de contenido sin retrasos ni parpadeos gracias a la memoria expandible DDR5 hasta 32 GB de doble canal a 5600 Mhz. Desp\u00eddete de las largas esperas hasta que se muestra la pantalla gracias al ultrarr\u00e1pido almacenamiento SSD de 1 TB, que te permite acceder a las aplicaciones y a los juegos al instante. Incluso queda espacio para una unidad adicional. Ya no tendr\u00e1s que renunciar nunca m\u00e1s al espacio del almacenamiento gracias a la c\u00f3moda ranura M.2 abierta adicional.<\/p>\n<\/div>\n<\/div>\n<\/div>\n<\/div>\n<\/div>\n<div class=\"feature-blade blade_2 mediaClass feature-align-center\" style=\"text-align: center;\">\n<div class=\"feature-gallery content-top feature-gallery-pc\">\n<div class=\"blade-media image\"><img decoding=\"async\" src=\"https:\/\/p2-ofp.static.pub\/fes\/cms\/2023\/05\/02\/10t7v0iklda9aqtkkr7xeen41syc5v311109.jpg\" alt=\"Vista frontal izquierda del Lenovo LOQ 15APH8 parcialmente cerrado con el visualizador Lenovo LOQ en la pantalla\" \/><\/div>\n<div class=\"content-wrapper\">\n<div class=\"gallery-content\">\n<div class=\"headline\">\n<p>Carga a velocidad de v\u00e9rtigo<\/p>\n<\/div>\n<div class=\"description\">\n<p>Transforma el rendimiento de la bater\u00eda con las innovadores funciones de carga Super Rapid Charge y USB-C de 140 W. Carga la bater\u00eda de 60 Wh en tiempo r\u00e9cord: al 30 % en 10 minutos, al 70 % en 30 minutos y al 100 % en solo 80 minutos.<\/p>\n<\/div>\n<\/div>\n<\/div>\n<\/div>\n<\/div>\n<div class=\"feature-blade blade_2 mediaClass feature-align-center\" style=\"text-align: center;\">\n<div class=\"feature-gallery content-top feature-gallery-pc\">\n<div class=\"blade-media image\"><img decoding=\"async\" src=\"https:\/\/p2-ofp.static.pub\/fes\/cms\/2023\/05\/02\/hcpfcp1p5l351ol3el18s07p0wfnws931262.jpg\" alt=\"Lenovo LOQ 15APH8 con la interfaz de usuario de Nahimic Audio visible en la pantalla\" \/><\/div>\n<div class=\"content-wrapper\">\n<div class=\"gallery-content\">\n<div class=\"headline\">\n<p>Audio Nahimic\u00ae de SteelSeries para jugadores con sonido en 3D envolvente<\/p>\n<\/div>\n<div class=\"description\">\n<p>Nahimic de SteelSeries mejora radicalmente tu experiencia de juego con un sonido 3D envolvente sin precedentes, dise\u00f1ado para jugadores. Disfruta de una comunicaci\u00f3n n\u00edtida con tus compa\u00f1eros de equipo y mezcla y comparte transmisiones de audio como los streamers profesionales. Nahimic no solo te deja jugar la partida, te permite vivirla.<\/p>\n<\/div>\n<\/div>\n<\/div>\n<\/div>\n<\/div>\n<div class=\"feature-blade blade_2 mediaClass feature-align-center\">\n<div class=\"feature-gallery content-top feature-gallery-pc\">\n<div class=\"blade-media image\"><img decoding=\"async\" class=\"aligncenter\" src=\"https:\/\/p4-ofp.static.pub\/fes\/cms\/2023\/05\/08\/8w95eepmqmjfe8j8qvmrbamxlx58mx041490.jpg\" alt=\"Vista frontal izquierda del Lenovo LOQ 15Inch con AMD y retroiluminaci\u00f3n RGB\" \/><\/div>\n<\/div>\n<\/div>\n","protected":false},"excerpt":{"rendered":"<p><img loading=\"lazy\" decoding=\"async\" src=\"https:\/\/katech.com.ar\/wp-content\/uploads\/cpu-ktch.webp\" alt=\"\u00cdcono de procesador\" width=\"20\" height=\"20\" data-od-added-loading=\"\" data-od-xpath=\"\/*[1][self::HTML]\/*[2][self::BODY]\/*[3][self::MAIN]\/*[3][self::SECTION]\/*[2][self::DIV]\/*[1][self::DIV]\/*[2][self::DIV]\/*[1][self::DIV]\/*[1][self::DIV]\/*[11][self::DIV]\/*[1][self::DIV]\/*[1][self::UL]\/*[1][self::LI]\/*[1][self::IMG]\" \/>\u00a0 i5 13420h 4,6Ghz<br \/>\n<img loading=\"lazy\" decoding=\"async\" src=\"https:\/\/katech.com.ar\/wp-content\/uploads\/ram-ktch.webp\" alt=\"\u00cdcono de RAM\" width=\"20\" height=\"20\" data-od-added-loading=\"\" data-od-xpath=\"\/*[1][self::HTML]\/*[2][self::BODY]\/*[3][self::MAIN]\/*[3][self::SECTION]\/*[2][self::DIV]\/*[1][self::DIV]\/*[2][self::DIV]\/*[1][self::DIV]\/*[1][self::DIV]\/*[11][self::DIV]\/*[1][self::DIV]\/*[1][self::UL]\/*[2][self::LI]\/*[1][self::IMG]\" \/>\u00a0Memoria RAM 8GB<br \/>\n<img loading=\"lazy\" decoding=\"async\" src=\"https:\/\/katech.com.ar\/wp-content\/uploads\/ssd-ktch.webp\" alt=\"\u00cdcono de SSD\" width=\"20\" height=\"20\" data-od-xpath=\"\/*[1][self::HTML]\/*[2][self::BODY]\/*[3][self::MAIN]\/*[3][self::SECTION]\/*[2][self::DIV]\/*[1][self::DIV]\/*[2][self::DIV]\/*[1][self::DIV]\/*[1][self::DIV]\/*[11][self::DIV]\/*[1][self::DIV]\/*[1][self::UL]\/*[3][self::LI]\/*[1][self::IMG]\" \/> Disco M2 512GB<br \/>\n<img loading=\"lazy\" decoding=\"async\" src=\"https:\/\/katech.com.ar\/wp-content\/uploads\/gpu-ktch.webp\" alt=\"\u00cdcono de gpu\" width=\"20\" height=\"20\" data-od-xpath=\"\/*[1][self::HTML]\/*[2][self::BODY]\/*[3][self::MAIN]\/*[3][self::SECTION]\/*[2][self::DIV]\/*[1][self::DIV]\/*[2][self::DIV]\/*[1][self::DIV]\/*[1][self::DIV]\/*[11][self::DIV]\/*[1][self::DIV]\/*[1][self::UL]\/*[4][self::LI]\/*[1][self::IMG]\" \/> RTX 4050 6GB<br \/>\nPantalla 15.6&#8243; FHD 144Hz<\/p>\n","protected":false},"featured_media":23543,"comment_status":"closed","ping_status":"closed","template":"","meta":[],"product_brand":[371],"product_cat":[369],"product_tag":[396,505,395],"class_list":{"0":"post-23539","1":"product","2":"type-product","3":"status-publish","4":"has-post-thumbnail","6":"product_brand-lenovo","7":"product_cat-laptop","8":"product_tag-laptop","9":"product_tag-lenovo","10":"product_tag-portatil","12":"first","13":"instock","14":"taxable","15":"shipping-taxable","16":"purchasable","17":"product-type-simple"},"yoast_head":"<!-- This site is optimized with the Yoast SEO plugin v27.3 - https:\/\/yoast.com\/product\/yoast-seo-wordpress\/ -->\n<title>Lenovo LOQ i5 13420h 4,6Ghz RTX 4050 6GB - PC MASTERS BOGOTA<\/title>\n<meta name=\"robots\" content=\"index, follow, max-snippet:-1, max-image-preview:large, max-video-preview:-1\" \/>\n<link rel=\"canonical\" href=\"https:\/\/espaciosyambientes.com\/es_es\/producto\/lenovo-loq-i5-13420h-46ghz-rtx-4050-6gb\/\" \/>\n<meta property=\"og:locale\" content=\"es_ES\" \/>\n<meta property=\"og:type\" content=\"article\" \/>\n<meta property=\"og:title\" content=\"Lenovo LOQ i5 13420h 4,6Ghz RTX 4050 6GB - PC MASTERS BOGOTA\" \/>\n<meta property=\"og:description\" content=\"\u00a0 i5 13420h 4,6Ghz \u00a0Memoria RAM 8GB  Disco M2 512GB  RTX 4050 6GB Pantalla 15.6&quot; FHD 144Hz\" \/>\n<meta property=\"og:url\" content=\"https:\/\/espaciosyambientes.com\/es_es\/producto\/lenovo-loq-i5-13420h-46ghz-rtx-4050-6gb\/\" \/>\n<meta property=\"og:site_name\" content=\"PC MASTERS BOGOTA\" \/>\n<meta property=\"article:modified_time\" content=\"2025-01-30T06:53:14+00:00\" \/>\n<meta property=\"og:image\" content=\"https:\/\/espaciosyambientes.com\/wp-content\/uploads\/2024\/09\/imagen_2024-09-06_194431810.png\" \/>\n\t<meta property=\"og:image:width\" content=\"1080\" \/>\n\t<meta property=\"og:image:height\" content=\"608\" \/>\n\t<meta property=\"og:image:type\" content=\"image\/png\" \/>\n<meta name=\"twitter:card\" content=\"summary_large_image\" \/>\n<meta name=\"twitter:label1\" content=\"Tiempo de lectura\" \/>\n\t<meta name=\"twitter:data1\" content=\"7 minutos\" \/>\n<script type=\"application\/ld+json\" class=\"yoast-schema-graph\">{\"@context\":\"https:\\\/\\\/schema.org\",\"@graph\":[{\"@type\":\"WebPage\",\"@id\":\"https:\\\/\\\/espaciosyambientes.com\\\/producto\\\/lenovo-loq-i5-13420h-46ghz-rtx-4050-6gb\\\/\",\"url\":\"https:\\\/\\\/espaciosyambientes.com\\\/producto\\\/lenovo-loq-i5-13420h-46ghz-rtx-4050-6gb\\\/\",\"name\":\"Lenovo LOQ i5 13420h 4,6Ghz RTX 4050 6GB - PC MASTERS BOGOTA\",\"isPartOf\":{\"@id\":\"https:\\\/\\\/espaciosyambientes.com\\\/es_es\\\/#website\"},\"primaryImageOfPage\":{\"@id\":\"https:\\\/\\\/espaciosyambientes.com\\\/producto\\\/lenovo-loq-i5-13420h-46ghz-rtx-4050-6gb\\\/#primaryimage\"},\"image\":{\"@id\":\"https:\\\/\\\/espaciosyambientes.com\\\/producto\\\/lenovo-loq-i5-13420h-46ghz-rtx-4050-6gb\\\/#primaryimage\"},\"thumbnailUrl\":\"https:\\\/\\\/espaciosyambientes.com\\\/wp-content\\\/uploads\\\/2024\\\/09\\\/imagen_2024-09-06_194431810.png\",\"datePublished\":\"2024-09-07T00:51:02+00:00\",\"dateModified\":\"2025-01-30T06:53:14+00:00\",\"breadcrumb\":{\"@id\":\"https:\\\/\\\/espaciosyambientes.com\\\/producto\\\/lenovo-loq-i5-13420h-46ghz-rtx-4050-6gb\\\/#breadcrumb\"},\"inLanguage\":\"es\",\"potentialAction\":[{\"@type\":\"ReadAction\",\"target\":[\"https:\\\/\\\/espaciosyambientes.com\\\/producto\\\/lenovo-loq-i5-13420h-46ghz-rtx-4050-6gb\\\/\"]}]},{\"@type\":\"ImageObject\",\"inLanguage\":\"es\",\"@id\":\"https:\\\/\\\/espaciosyambientes.com\\\/producto\\\/lenovo-loq-i5-13420h-46ghz-rtx-4050-6gb\\\/#primaryimage\",\"url\":\"https:\\\/\\\/espaciosyambientes.com\\\/wp-content\\\/uploads\\\/2024\\\/09\\\/imagen_2024-09-06_194431810.png\",\"contentUrl\":\"https:\\\/\\\/espaciosyambientes.com\\\/wp-content\\\/uploads\\\/2024\\\/09\\\/imagen_2024-09-06_194431810.png\",\"width\":1080,\"height\":608},{\"@type\":\"BreadcrumbList\",\"@id\":\"https:\\\/\\\/espaciosyambientes.com\\\/producto\\\/lenovo-loq-i5-13420h-46ghz-rtx-4050-6gb\\\/#breadcrumb\",\"itemListElement\":[{\"@type\":\"ListItem\",\"position\":1,\"name\":\"Home\",\"item\":\"https:\\\/\\\/espaciosyambientes.com\\\/\"},{\"@type\":\"ListItem\",\"position\":2,\"name\":\"Tienda\",\"item\":\"https:\\\/\\\/espaciosyambientes.com\\\/tienda\\\/\"},{\"@type\":\"ListItem\",\"position\":3,\"name\":\"Lenovo LOQ i5 13420h 4,6Ghz RTX 4050 6GB\"}]},{\"@type\":\"WebSite\",\"@id\":\"https:\\\/\\\/espaciosyambientes.com\\\/es_es\\\/#website\",\"url\":\"https:\\\/\\\/espaciosyambientes.com\\\/es_es\\\/\",\"name\":\"PC MASTERS BOGOTA\",\"description\":\"\",\"potentialAction\":[{\"@type\":\"SearchAction\",\"target\":{\"@type\":\"EntryPoint\",\"urlTemplate\":\"https:\\\/\\\/espaciosyambientes.com\\\/es_es\\\/?s={search_term_string}\"},\"query-input\":{\"@type\":\"PropertyValueSpecification\",\"valueRequired\":true,\"valueName\":\"search_term_string\"}}],\"inLanguage\":\"es\"}]}<\/script>\n<!-- \/ Yoast SEO plugin. -->","yoast_head_json":{"title":"Lenovo LOQ i5 13420h 4,6Ghz RTX 4050 6GB - PC MASTERS BOGOTA","robots":{"index":"index","follow":"follow","max-snippet":"max-snippet:-1","max-image-preview":"max-image-preview:large","max-video-preview":"max-video-preview:-1"},"canonical":"https:\/\/espaciosyambientes.com\/es_es\/producto\/lenovo-loq-i5-13420h-46ghz-rtx-4050-6gb\/","og_locale":"es_ES","og_type":"article","og_title":"Lenovo LOQ i5 13420h 4,6Ghz RTX 4050 6GB - PC MASTERS BOGOTA","og_description":"\u00a0 i5 13420h 4,6Ghz \u00a0Memoria RAM 8GB  Disco M2 512GB  RTX 4050 6GB Pantalla 15.6\" FHD 144Hz","og_url":"https:\/\/espaciosyambientes.com\/es_es\/producto\/lenovo-loq-i5-13420h-46ghz-rtx-4050-6gb\/","og_site_name":"PC MASTERS BOGOTA","article_modified_time":"2025-01-30T06:53:14+00:00","og_image":[{"width":1080,"height":608,"url":"https:\/\/espaciosyambientes.com\/wp-content\/uploads\/2024\/09\/imagen_2024-09-06_194431810.png","type":"image\/png"}],"twitter_card":"summary_large_image","twitter_misc":{"Tiempo de lectura":"7 minutos"},"schema":{"@context":"https:\/\/schema.org","@graph":[{"@type":"WebPage","@id":"https:\/\/espaciosyambientes.com\/producto\/lenovo-loq-i5-13420h-46ghz-rtx-4050-6gb\/","url":"https:\/\/espaciosyambientes.com\/producto\/lenovo-loq-i5-13420h-46ghz-rtx-4050-6gb\/","name":"Lenovo LOQ i5 13420h 4,6Ghz RTX 4050 6GB - PC MASTERS BOGOTA","isPartOf":{"@id":"https:\/\/espaciosyambientes.com\/es_es\/#website"},"primaryImageOfPage":{"@id":"https:\/\/espaciosyambientes.com\/producto\/lenovo-loq-i5-13420h-46ghz-rtx-4050-6gb\/#primaryimage"},"image":{"@id":"https:\/\/espaciosyambientes.com\/producto\/lenovo-loq-i5-13420h-46ghz-rtx-4050-6gb\/#primaryimage"},"thumbnailUrl":"https:\/\/espaciosyambientes.com\/wp-content\/uploads\/2024\/09\/imagen_2024-09-06_194431810.png","datePublished":"2024-09-07T00:51:02+00:00","dateModified":"2025-01-30T06:53:14+00:00","breadcrumb":{"@id":"https:\/\/espaciosyambientes.com\/producto\/lenovo-loq-i5-13420h-46ghz-rtx-4050-6gb\/#breadcrumb"},"inLanguage":"es","potentialAction":[{"@type":"ReadAction","target":["https:\/\/espaciosyambientes.com\/producto\/lenovo-loq-i5-13420h-46ghz-rtx-4050-6gb\/"]}]},{"@type":"ImageObject","inLanguage":"es","@id":"https:\/\/espaciosyambientes.com\/producto\/lenovo-loq-i5-13420h-46ghz-rtx-4050-6gb\/#primaryimage","url":"https:\/\/espaciosyambientes.com\/wp-content\/uploads\/2024\/09\/imagen_2024-09-06_194431810.png","contentUrl":"https:\/\/espaciosyambientes.com\/wp-content\/uploads\/2024\/09\/imagen_2024-09-06_194431810.png","width":1080,"height":608},{"@type":"BreadcrumbList","@id":"https:\/\/espaciosyambientes.com\/producto\/lenovo-loq-i5-13420h-46ghz-rtx-4050-6gb\/#breadcrumb","itemListElement":[{"@type":"ListItem","position":1,"name":"Home","item":"https:\/\/espaciosyambientes.com\/"},{"@type":"ListItem","position":2,"name":"Tienda","item":"https:\/\/espaciosyambientes.com\/tienda\/"},{"@type":"ListItem","position":3,"name":"Lenovo LOQ i5 13420h 4,6Ghz RTX 4050 6GB"}]},{"@type":"WebSite","@id":"https:\/\/espaciosyambientes.com\/es_es\/#website","url":"https:\/\/espaciosyambientes.com\/es_es\/","name":"PC MASTERS BOGOTA","description":"","potentialAction":[{"@type":"SearchAction","target":{"@type":"EntryPoint","urlTemplate":"https:\/\/espaciosyambientes.com\/es_es\/?s={search_term_string}"},"query-input":{"@type":"PropertyValueSpecification","valueRequired":true,"valueName":"search_term_string"}}],"inLanguage":"es"}]}},"_links":{"self":[{"href":"http:\/\/espaciosyambientes.com\/es_es\/wp-json\/wp\/v2\/product\/23539","targetHints":{"allow":["GET"]}}],"collection":[{"href":"http:\/\/espaciosyambientes.com\/es_es\/wp-json\/wp\/v2\/product"}],"about":[{"href":"http:\/\/espaciosyambientes.com\/es_es\/wp-json\/wp\/v2\/types\/product"}],"replies":[{"embeddable":true,"href":"http:\/\/espaciosyambientes.com\/es_es\/wp-json\/wp\/v2\/comments?post=23539"}],"version-history":[{"count":1,"href":"http:\/\/espaciosyambientes.com\/es_es\/wp-json\/wp\/v2\/product\/23539\/revisions"}],"predecessor-version":[{"id":23544,"href":"http:\/\/espaciosyambientes.com\/es_es\/wp-json\/wp\/v2\/product\/23539\/revisions\/23544"}],"wp:featuredmedia":[{"embeddable":true,"href":"http:\/\/espaciosyambientes.com\/es_es\/wp-json\/wp\/v2\/media\/23543"}],"wp:attachment":[{"href":"http:\/\/espaciosyambientes.com\/es_es\/wp-json\/wp\/v2\/media?parent=23539"}],"wp:term":[{"taxonomy":"product_brand","embeddable":true,"href":"http:\/\/espaciosyambientes.com\/es_es\/wp-json\/wp\/v2\/product_brand?post=23539"},{"taxonomy":"product_cat","embeddable":true,"href":"http:\/\/espaciosyambientes.com\/es_es\/wp-json\/wp\/v2\/product_cat?post=23539"},{"taxonomy":"product_tag","embeddable":true,"href":"http:\/\/espaciosyambientes.com\/es_es\/wp-json\/wp\/v2\/product_tag?post=23539"}],"curies":[{"name":"wp","href":"https:\/\/api.w.org\/{rel}","templated":true}]}}