{"id":23537,"date":"2024-09-06T19:25:35","date_gmt":"2024-09-07T00:25:35","guid":{"rendered":"https:\/\/espaciosyambientes.com\/?post_type=product&#038;p=23537"},"modified":"2024-09-06T19:58:15","modified_gmt":"2024-09-07T00:58:15","slug":"hp-victus-15-ryzen-5-5600h-rtx-3050-4gb-ram-32gb","status":"publish","type":"product","link":"http:\/\/espaciosyambientes.com\/es_es\/producto\/hp-victus-15-ryzen-5-5600h-rtx-3050-4gb-ram-32gb\/","title":{"rendered":"HP Victus 15 Ryzen 5 5600H RTX 3050 4GB RAM 32GB"},"content":{"rendered":"<div class=\"product-spec-swapper grid\">\n<div class=\"product-spec-swapper grid\">\n<div class=\"product-spec-group\">\n<p>Caracter\u00edsticas Del Sistema<\/p>\n<dl class=\"product-spec-attribute\">\n<dt>\n<h3 class=\"label\">Sistema Operativo<\/h3>\n<\/dt>\n<dd data-th=\"Sistema operativo\">\n<h4 class=\"value\">Windows 11 Home Single Language<\/h4>\n<\/dd>\n<\/dl>\n<dl class=\"product-spec-attribute\">\n<dt>\n<h3 class=\"label\">Procesador<\/h3>\n<\/dt>\n<dd data-th=\"Procesador\">\n<h4 class=\"value\">AMD Ryzen\u2122 5 5600H (aumento m\u00e1ximo de hasta 4,2 GHz, 16 MB de cach\u00e9 L3, 6 n\u00facleos, 12 subprocesos)<\/h4>\n<\/dd>\n<\/dl>\n<dl class=\"product-spec-attribute\">\n<dt>\n<h3 class=\"label\">N\u00famero De Nota Al Pie Del Nombre Del Procesador<\/h3>\n<\/dt>\n<dd data-th=\"N\u00famero de nota al pie del nombre del procesador\">\n<h4 class=\"value\">[6] La tecnolog\u00eda de procesadores multin\u00facleo est\u00e1 dise\u00f1ada para mejorar el desempe\u00f1o de determinados productos de software. No todos los clientes ni todas las aplicaciones de software se beneficiar\u00e1n necesariamente del uso de esta tecnolog\u00eda. El desempe\u00f1o y la velocidad var\u00edan seg\u00fan la carga de trabajo de las aplicaciones y las configuraciones del hardware y software. El sistema de numeraci\u00f3n de AMD no es una medici\u00f3n de velocidad.<br \/>\n[7] El desempe\u00f1o de la frecuencia de velocidad m\u00e1xima var\u00eda seg\u00fan el hardware, el software y la configuraci\u00f3n general del sistema.<\/h4>\n<\/dd>\n<\/dl>\n<dl class=\"product-spec-attribute\">\n<dt>\n<h3 class=\"label\">Familia De Procesador<\/h3>\n<\/dt>\n<dd data-th=\"Familia de procesador\">\n<h4 class=\"value\">Procesador AMD Ryzen\u2122 5<\/h4>\n<\/dd>\n<\/dl>\n<dl class=\"product-spec-attribute\">\n<dt>\n<h3 class=\"label\">Chipset<\/h3>\n<\/dt>\n<dd data-th=\"Chipset\">\n<h4 class=\"value\">SoC integrado AMD<\/h4>\n<\/dd>\n<\/dl>\n<div class=\"product-spec-swapper grid\">\n<div class=\"product-spec-group\">Memoria<\/div>\n<div class=\"product-spec-attributes\">\n<dl class=\"product-spec-attribute\">\n<dt>\n<h3 class=\"label\">Memoria, Est\u00e1ndar<\/h3>\n<\/dt>\n<dd data-th=\"Memoria, est\u00e1ndar\">\n<h4 class=\"value\">32 GB de RAM DDR4-3200 MHz (1 x 32 GB)<\/h4>\n<\/dd>\n<\/dl>\n<dl class=\"product-spec-attribute\">\n<dt>\n<h3 class=\"label\">Noat Sobre Memoria Est\u00e1ndar<\/h3>\n<\/dt>\n<dd data-th=\"Noat sobre memoria est\u00e1ndar\">\n<h4 class=\"value\">Velocidades de transferencia de hasta 3200MT\/s.<\/h4>\n<\/dd>\n<\/dl>\n<\/div>\n<\/div>\n<div class=\"product-spec-swapper grid\">\n<div class=\"product-spec-group\">Almacenamiento<\/div>\n<div class=\"product-spec-attributes\">\n<dl class=\"product-spec-attribute\">\n<dt>\n<h3 class=\"label\">Descripci\u00f3n Del Disco Duro<\/h3>\n<\/dt>\n<dd data-th=\"Descripci\u00f3n del disco duro\">\n<h4 class=\"value\">Unidad de estado s\u00f3lido PCIe\u00ae NVMe\u2122 TLC M.2 de 512 GB<\/h4>\n<\/dd>\n<\/dl>\n<dl class=\"product-spec-attribute\">\n<dt>\n<h3 class=\"label\">Servicios En La Nube<\/h3>\n<\/dt>\n<dd data-th=\"Servicios en la nube\">\n<h4 class=\"value\">Almacenamiento en Dropbox de 25 GB durante 12 meses<\/h4>\n<\/dd>\n<\/dl>\n<\/div>\n<\/div>\n<div class=\"product-spec-swapper grid\">\n<div class=\"product-spec-group\">Pantalla Y Gr\u00e1ficos<\/div>\n<div class=\"product-spec-attributes\">\n<dl class=\"product-spec-attribute\">\n<dt>\n<h3 class=\"label\">Monitor<\/h3>\n<\/dt>\n<dd data-th=\"Monitor\">\n<h4 class=\"value\">15.6&#8243; diagonal, FHD (1920 x 1080), micro-edge, anti-glare, 250 nits, 45% NTSC<\/h4>\n<\/dd>\n<\/dl>\n<dl class=\"product-spec-attribute\">\n<dt>\n<h3 class=\"label\">Monitor<\/h3>\n<\/dt>\n<dd data-th=\"Monitor\">\n<h4 class=\"value\">Pantalla FHD (1920 x 1080), de 15,6&#8243; (39,6 cm) en diagonal, con bisel microborde, antirreflejante, 250 nits, 45 % de NTSC<\/h4>\n<\/dd>\n<\/dl>\n<dl class=\"product-spec-attribute\">\n<dt>\n<h3 class=\"label\">N\u00famero De Nota Al Pie De Pantalla<\/h3>\n<\/dt>\n<dd data-th=\"N\u00famero de nota al pie de pantalla\">\n<h4 class=\"value\">[17] Todas las especificaciones sobre desempe\u00f1o representan las especificaciones t\u00edpicas suministradas por los fabricantes de componentes de HP; el desempe\u00f1o real puede ser superior o inferior.<\/h4>\n<\/dd>\n<\/dl>\n<dl class=\"product-spec-attribute\">\n<dt>\n<h3 class=\"label\">Gr\u00e1ficos<\/h3>\n<\/dt>\n<dd data-th=\"Gr\u00e1ficos\">\n<h4 class=\"value\">GPU NVIDIA\u00ae GeForce\u00ae GTX 1650 para laptop (GDDR6 de 4 GB dedicada)<\/h4>\n<\/dd>\n<\/dl>\n<\/div>\n<\/div>\n<div class=\"product-spec-swapper grid\">\n<div class=\"product-spec-group\">Caracter\u00edsticas De Expansi\u00f3n<\/div>\n<div class=\"product-spec-attributes\">\n<dl class=\"product-spec-attribute\">\n<dt>\n<h3 class=\"label\">Puertos<\/h3>\n<\/dt>\n<dd data-th=\"Puertos\">\n<h4 class=\"value\">1 USB Type-C\u00ae con velocidad de se\u00f1alizaci\u00f3n de 5 Gb\/s (DisplayPort\u2122 1.4, HP Sleep and Charge); 1 USB Tipo-A con velocidad de se\u00f1alizaci\u00f3n de 5 Gb\/s (HP Sleep and Charge); 1 USB Tipo-A con velocidad de se\u00f1alizaci\u00f3n de 5 Gb\/s; 1 HDMI 2.1; 1 RJ-45; 1 pin inteligente de CA; 1 combinaci\u00f3n de auriculares\/micr\u00f3fono<\/h4>\n<\/dd>\n<\/dl>\n<dl class=\"product-spec-attribute\">\n<dt>\n<h3 class=\"label\">N\u00famero De Nota Al Pie De Puertos De E\/S Externos<\/h3>\n<\/dt>\n<dd data-th=\"N\u00famero de nota al pie de puertos de E\/S externos\">\n<h4 class=\"value\">[19] Para obtener los mejores resultados con HP Sleep and Charge, se debe usar un cable est\u00e1ndar de protocolo de carga USB o un adaptador de cable con un dispositivo externo.<\/h4>\n<\/dd>\n<\/dl>\n<dl class=\"product-spec-attribute\">\n<dt>\n<h3 class=\"label\">Ranuras De Expansi\u00f3n<\/h3>\n<\/dt>\n<dd data-th=\"Ranuras de expansi\u00f3n\">\n<h4 class=\"value\">1 lector de tarjetas SD multiformato<\/h4>\n<\/dd>\n<\/dl>\n<\/div>\n<\/div>\n<div class=\"product-spec-swapper grid\">\n<div class=\"product-spec-group\">Dispositivos De Medios<\/div>\n<div class=\"product-spec-attributes\">\n<dl class=\"product-spec-attribute\">\n<dt>\n<h3 class=\"label\">Funciones De Audio<\/h3>\n<\/dt>\n<dd data-th=\"Funciones de audio\">\n<h4 class=\"value\">Audio by B&amp;O; Altavoces dobles; HP Audio Boost<\/h4>\n<\/dd>\n<\/dl>\n<dl class=\"product-spec-attribute\">\n<dt>\n<h3 class=\"label\">C\u00e1mara Web<\/h3>\n<\/dt>\n<dd data-th=\"C\u00e1mara web\">\n<h4 class=\"value\">C\u00e1mara HD HP Wide Vision de 720p con reducci\u00f3n de ruido temporal y micr\u00f3fonos digitales integrados de doble matriz<\/h4>\n<\/dd>\n<\/dl>\n<dl class=\"product-spec-attribute\">\n<dt>\n<h3 class=\"label\">Fingerprread<\/h3>\n<\/dt>\n<dd data-th=\"Fingerprread\">\n<h4 class=\"value\">Lector de huellas dactilares no disponible<\/h4>\n<\/dd>\n<\/dl>\n<\/div>\n<\/div>\n<div class=\"product-spec-swapper grid\">\n<div class=\"product-spec-group\">Dispositivos De Entrada<\/div>\n<div class=\"product-spec-attributes\">\n<dl class=\"product-spec-attribute\">\n<dt>\n<h3 class=\"label\">Dispositivo Apuntador<\/h3>\n<\/dt>\n<dd data-th=\"Dispositivo apuntador\">\n<h4 class=\"value\">HP Imagepad compatible con la funci\u00f3n multit\u00e1ctil; Soporte para mousepad de precisi\u00f3n<\/h4>\n<\/dd>\n<\/dl>\n<dl class=\"product-spec-attribute\">\n<dt>\n<h3 class=\"label\">Teclado<\/h3>\n<\/dt>\n<dd data-th=\"Teclado\">\n<h4 class=\"value\">Teclado de tama\u00f1o completo, con retroiluminaci\u00f3n, de color plata mica y teclado num\u00e9rico<\/h4>\n<\/dd>\n<\/dl>\n<\/div>\n<\/div>\n<\/div>\n<\/div>\n<\/div>\n","protected":false},"excerpt":{"rendered":"<p><img loading=\"lazy\" decoding=\"async\" src=\"https:\/\/katech.com.ar\/wp-content\/uploads\/cpu-ktch.webp\" alt=\"\u00cdcono de procesador\" width=\"20\" height=\"20\" data-od-added-loading=\"\" data-od-xpath=\"\/*[1][self::HTML]\/*[2][self::BODY]\/*[3][self::MAIN]\/*[3][self::SECTION]\/*[2][self::DIV]\/*[1][self::DIV]\/*[2][self::DIV]\/*[1][self::DIV]\/*[1][self::DIV]\/*[11][self::DIV]\/*[1][self::DIV]\/*[1][self::UL]\/*[1][self::LI]\/*[1][self::IMG]\" \/> Ryzen 5 5600h 4,2Ghz 12 n\u00facleos<br \/>\n<img loading=\"lazy\" decoding=\"async\" src=\"https:\/\/katech.com.ar\/wp-content\/uploads\/ram-ktch.webp\" alt=\"\u00cdcono de RAM\" width=\"20\" height=\"20\" data-od-added-loading=\"\" data-od-xpath=\"\/*[1][self::HTML]\/*[2][self::BODY]\/*[3][self::MAIN]\/*[3][self::SECTION]\/*[2][self::DIV]\/*[1][self::DIV]\/*[2][self::DIV]\/*[1][self::DIV]\/*[1][self::DIV]\/*[11][self::DIV]\/*[1][self::DIV]\/*[1][self::UL]\/*[2][self::LI]\/*[1][self::IMG]\" \/> Memoria RAM 32GB<br \/>\n<img loading=\"lazy\" decoding=\"async\" src=\"https:\/\/katech.com.ar\/wp-content\/uploads\/ssd-ktch.webp\" alt=\"\u00cdcono de SSD\" width=\"20\" height=\"20\" data-od-xpath=\"\/*[1][self::HTML]\/*[2][self::BODY]\/*[3][self::MAIN]\/*[3][self::SECTION]\/*[2][self::DIV]\/*[1][self::DIV]\/*[2][self::DIV]\/*[1][self::DIV]\/*[1][self::DIV]\/*[11][self::DIV]\/*[1][self::DIV]\/*[1][self::UL]\/*[3][self::LI]\/*[1][self::IMG]\" \/>\u00a0Disco M2 512GB<br \/>\n<img loading=\"lazy\" decoding=\"async\" src=\"https:\/\/katech.com.ar\/wp-content\/uploads\/gpu-ktch.webp\" alt=\"\u00cdcono de gpu\" width=\"20\" height=\"20\" data-od-xpath=\"\/*[1][self::HTML]\/*[2][self::BODY]\/*[3][self::MAIN]\/*[3][self::SECTION]\/*[2][self::DIV]\/*[1][self::DIV]\/*[2][self::DIV]\/*[1][self::DIV]\/*[1][self::DIV]\/*[11][self::DIV]\/*[1][self::DIV]\/*[1][self::UL]\/*[4][self::LI]\/*[1][self::IMG]\" \/> RTX 3050 4GB<br \/>\nPantalla 15.6&#8243; Full HD 60Hz<\/p>\n<div id=\"gtx-trans\" style=\"position: absolute; left: -20px; top: -12px;\">\n<div class=\"gtx-trans-icon\"><\/div>\n<\/div>\n","protected":false},"featured_media":23533,"comment_status":"closed","ping_status":"closed","template":"","meta":[],"product_brand":[99],"product_cat":[369],"product_tag":[503,504,384,90],"class_list":{"0":"post-23537","1":"product","2":"type-product","3":"status-publish","4":"has-post-thumbnail","6":"product_brand-hp","7":"product_cat-laptop","8":"product_tag-hp","9":"product_tag-nvida","10":"product_tag-rtx","11":"product_tag-ryzen","13":"first","14":"instock","15":"taxable","16":"shipping-taxable","17":"purchasable","18":"product-type-simple"},"yoast_head":"<!-- This site is optimized with the Yoast SEO plugin v27.3 - https:\/\/yoast.com\/product\/yoast-seo-wordpress\/ -->\n<title>HP Victus 15 Ryzen 5 5600H RTX 3050 4GB RAM 32GB - PC MASTERS BOGOTA<\/title>\n<meta name=\"robots\" content=\"index, follow, max-snippet:-1, max-image-preview:large, max-video-preview:-1\" \/>\n<link rel=\"canonical\" href=\"https:\/\/espaciosyambientes.com\/es_es\/producto\/hp-victus-15-ryzen-5-5600h-rtx-3050-4gb-ram-32gb\/\" \/>\n<meta property=\"og:locale\" content=\"es_ES\" \/>\n<meta property=\"og:type\" content=\"article\" \/>\n<meta property=\"og:title\" content=\"HP Victus 15 Ryzen 5 5600H RTX 3050 4GB RAM 32GB - PC MASTERS BOGOTA\" \/>\n<meta property=\"og:description\" content=\"Ryzen 5 5600h 4,2Ghz 12 n\u00facleos  Memoria RAM 32GB \u00a0Disco M2 512GB  RTX 3050 4GB Pantalla 15.6&quot; Full HD 60Hz\" \/>\n<meta property=\"og:url\" content=\"https:\/\/espaciosyambientes.com\/es_es\/producto\/hp-victus-15-ryzen-5-5600h-rtx-3050-4gb-ram-32gb\/\" \/>\n<meta property=\"og:site_name\" content=\"PC MASTERS BOGOTA\" \/>\n<meta property=\"article:modified_time\" content=\"2024-09-07T00:58:15+00:00\" \/>\n<meta property=\"og:image\" content=\"https:\/\/espaciosyambientes.com\/wp-content\/uploads\/2024\/09\/imagen_2024-09-06_184641927.png\" \/>\n\t<meta property=\"og:image:width\" content=\"800\" \/>\n\t<meta property=\"og:image:height\" content=\"600\" \/>\n\t<meta property=\"og:image:type\" content=\"image\/png\" \/>\n<meta name=\"twitter:card\" content=\"summary_large_image\" \/>\n<meta name=\"twitter:label1\" content=\"Tiempo de lectura\" \/>\n\t<meta name=\"twitter:data1\" content=\"3 minutos\" \/>\n<script type=\"application\/ld+json\" class=\"yoast-schema-graph\">{\"@context\":\"https:\\\/\\\/schema.org\",\"@graph\":[{\"@type\":\"WebPage\",\"@id\":\"https:\\\/\\\/espaciosyambientes.com\\\/producto\\\/hp-victus-15-ryzen-5-5600h-rtx-3050-4gb-ram-32gb\\\/\",\"url\":\"https:\\\/\\\/espaciosyambientes.com\\\/producto\\\/hp-victus-15-ryzen-5-5600h-rtx-3050-4gb-ram-32gb\\\/\",\"name\":\"HP Victus 15 Ryzen 5 5600H RTX 3050 4GB RAM 32GB - PC MASTERS BOGOTA\",\"isPartOf\":{\"@id\":\"https:\\\/\\\/espaciosyambientes.com\\\/es_es\\\/#website\"},\"primaryImageOfPage\":{\"@id\":\"https:\\\/\\\/espaciosyambientes.com\\\/producto\\\/hp-victus-15-ryzen-5-5600h-rtx-3050-4gb-ram-32gb\\\/#primaryimage\"},\"image\":{\"@id\":\"https:\\\/\\\/espaciosyambientes.com\\\/producto\\\/hp-victus-15-ryzen-5-5600h-rtx-3050-4gb-ram-32gb\\\/#primaryimage\"},\"thumbnailUrl\":\"https:\\\/\\\/espaciosyambientes.com\\\/wp-content\\\/uploads\\\/2024\\\/09\\\/imagen_2024-09-06_184641927.png\",\"datePublished\":\"2024-09-07T00:25:35+00:00\",\"dateModified\":\"2024-09-07T00:58:15+00:00\",\"breadcrumb\":{\"@id\":\"https:\\\/\\\/espaciosyambientes.com\\\/producto\\\/hp-victus-15-ryzen-5-5600h-rtx-3050-4gb-ram-32gb\\\/#breadcrumb\"},\"inLanguage\":\"es\",\"potentialAction\":[{\"@type\":\"ReadAction\",\"target\":[\"https:\\\/\\\/espaciosyambientes.com\\\/producto\\\/hp-victus-15-ryzen-5-5600h-rtx-3050-4gb-ram-32gb\\\/\"]}]},{\"@type\":\"ImageObject\",\"inLanguage\":\"es\",\"@id\":\"https:\\\/\\\/espaciosyambientes.com\\\/producto\\\/hp-victus-15-ryzen-5-5600h-rtx-3050-4gb-ram-32gb\\\/#primaryimage\",\"url\":\"https:\\\/\\\/espaciosyambientes.com\\\/wp-content\\\/uploads\\\/2024\\\/09\\\/imagen_2024-09-06_184641927.png\",\"contentUrl\":\"https:\\\/\\\/espaciosyambientes.com\\\/wp-content\\\/uploads\\\/2024\\\/09\\\/imagen_2024-09-06_184641927.png\",\"width\":800,\"height\":600},{\"@type\":\"BreadcrumbList\",\"@id\":\"https:\\\/\\\/espaciosyambientes.com\\\/producto\\\/hp-victus-15-ryzen-5-5600h-rtx-3050-4gb-ram-32gb\\\/#breadcrumb\",\"itemListElement\":[{\"@type\":\"ListItem\",\"position\":1,\"name\":\"Home\",\"item\":\"https:\\\/\\\/espaciosyambientes.com\\\/\"},{\"@type\":\"ListItem\",\"position\":2,\"name\":\"Tienda\",\"item\":\"https:\\\/\\\/espaciosyambientes.com\\\/tienda\\\/\"},{\"@type\":\"ListItem\",\"position\":3,\"name\":\"HP Victus 15 Ryzen 5 5600H RTX 3050 4GB RAM 32GB\"}]},{\"@type\":\"WebSite\",\"@id\":\"https:\\\/\\\/espaciosyambientes.com\\\/es_es\\\/#website\",\"url\":\"https:\\\/\\\/espaciosyambientes.com\\\/es_es\\\/\",\"name\":\"PC MASTERS BOGOTA\",\"description\":\"\",\"potentialAction\":[{\"@type\":\"SearchAction\",\"target\":{\"@type\":\"EntryPoint\",\"urlTemplate\":\"https:\\\/\\\/espaciosyambientes.com\\\/es_es\\\/?s={search_term_string}\"},\"query-input\":{\"@type\":\"PropertyValueSpecification\",\"valueRequired\":true,\"valueName\":\"search_term_string\"}}],\"inLanguage\":\"es\"}]}<\/script>\n<!-- \/ Yoast SEO plugin. -->","yoast_head_json":{"title":"HP Victus 15 Ryzen 5 5600H RTX 3050 4GB RAM 32GB - PC MASTERS BOGOTA","robots":{"index":"index","follow":"follow","max-snippet":"max-snippet:-1","max-image-preview":"max-image-preview:large","max-video-preview":"max-video-preview:-1"},"canonical":"https:\/\/espaciosyambientes.com\/es_es\/producto\/hp-victus-15-ryzen-5-5600h-rtx-3050-4gb-ram-32gb\/","og_locale":"es_ES","og_type":"article","og_title":"HP Victus 15 Ryzen 5 5600H RTX 3050 4GB RAM 32GB - PC MASTERS BOGOTA","og_description":"Ryzen 5 5600h 4,2Ghz 12 n\u00facleos  Memoria RAM 32GB \u00a0Disco M2 512GB  RTX 3050 4GB Pantalla 15.6\" Full HD 60Hz","og_url":"https:\/\/espaciosyambientes.com\/es_es\/producto\/hp-victus-15-ryzen-5-5600h-rtx-3050-4gb-ram-32gb\/","og_site_name":"PC MASTERS BOGOTA","article_modified_time":"2024-09-07T00:58:15+00:00","og_image":[{"width":800,"height":600,"url":"https:\/\/espaciosyambientes.com\/wp-content\/uploads\/2024\/09\/imagen_2024-09-06_184641927.png","type":"image\/png"}],"twitter_card":"summary_large_image","twitter_misc":{"Tiempo de lectura":"3 minutos"},"schema":{"@context":"https:\/\/schema.org","@graph":[{"@type":"WebPage","@id":"https:\/\/espaciosyambientes.com\/producto\/hp-victus-15-ryzen-5-5600h-rtx-3050-4gb-ram-32gb\/","url":"https:\/\/espaciosyambientes.com\/producto\/hp-victus-15-ryzen-5-5600h-rtx-3050-4gb-ram-32gb\/","name":"HP Victus 15 Ryzen 5 5600H RTX 3050 4GB RAM 32GB - PC MASTERS BOGOTA","isPartOf":{"@id":"https:\/\/espaciosyambientes.com\/es_es\/#website"},"primaryImageOfPage":{"@id":"https:\/\/espaciosyambientes.com\/producto\/hp-victus-15-ryzen-5-5600h-rtx-3050-4gb-ram-32gb\/#primaryimage"},"image":{"@id":"https:\/\/espaciosyambientes.com\/producto\/hp-victus-15-ryzen-5-5600h-rtx-3050-4gb-ram-32gb\/#primaryimage"},"thumbnailUrl":"https:\/\/espaciosyambientes.com\/wp-content\/uploads\/2024\/09\/imagen_2024-09-06_184641927.png","datePublished":"2024-09-07T00:25:35+00:00","dateModified":"2024-09-07T00:58:15+00:00","breadcrumb":{"@id":"https:\/\/espaciosyambientes.com\/producto\/hp-victus-15-ryzen-5-5600h-rtx-3050-4gb-ram-32gb\/#breadcrumb"},"inLanguage":"es","potentialAction":[{"@type":"ReadAction","target":["https:\/\/espaciosyambientes.com\/producto\/hp-victus-15-ryzen-5-5600h-rtx-3050-4gb-ram-32gb\/"]}]},{"@type":"ImageObject","inLanguage":"es","@id":"https:\/\/espaciosyambientes.com\/producto\/hp-victus-15-ryzen-5-5600h-rtx-3050-4gb-ram-32gb\/#primaryimage","url":"https:\/\/espaciosyambientes.com\/wp-content\/uploads\/2024\/09\/imagen_2024-09-06_184641927.png","contentUrl":"https:\/\/espaciosyambientes.com\/wp-content\/uploads\/2024\/09\/imagen_2024-09-06_184641927.png","width":800,"height":600},{"@type":"BreadcrumbList","@id":"https:\/\/espaciosyambientes.com\/producto\/hp-victus-15-ryzen-5-5600h-rtx-3050-4gb-ram-32gb\/#breadcrumb","itemListElement":[{"@type":"ListItem","position":1,"name":"Home","item":"https:\/\/espaciosyambientes.com\/"},{"@type":"ListItem","position":2,"name":"Tienda","item":"https:\/\/espaciosyambientes.com\/tienda\/"},{"@type":"ListItem","position":3,"name":"HP Victus 15 Ryzen 5 5600H RTX 3050 4GB RAM 32GB"}]},{"@type":"WebSite","@id":"https:\/\/espaciosyambientes.com\/es_es\/#website","url":"https:\/\/espaciosyambientes.com\/es_es\/","name":"PC MASTERS BOGOTA","description":"","potentialAction":[{"@type":"SearchAction","target":{"@type":"EntryPoint","urlTemplate":"https:\/\/espaciosyambientes.com\/es_es\/?s={search_term_string}"},"query-input":{"@type":"PropertyValueSpecification","valueRequired":true,"valueName":"search_term_string"}}],"inLanguage":"es"}]}},"_links":{"self":[{"href":"http:\/\/espaciosyambientes.com\/es_es\/wp-json\/wp\/v2\/product\/23537","targetHints":{"allow":["GET"]}}],"collection":[{"href":"http:\/\/espaciosyambientes.com\/es_es\/wp-json\/wp\/v2\/product"}],"about":[{"href":"http:\/\/espaciosyambientes.com\/es_es\/wp-json\/wp\/v2\/types\/product"}],"replies":[{"embeddable":true,"href":"http:\/\/espaciosyambientes.com\/es_es\/wp-json\/wp\/v2\/comments?post=23537"}],"version-history":[{"count":2,"href":"http:\/\/espaciosyambientes.com\/es_es\/wp-json\/wp\/v2\/product\/23537\/revisions"}],"predecessor-version":[{"id":23546,"href":"http:\/\/espaciosyambientes.com\/es_es\/wp-json\/wp\/v2\/product\/23537\/revisions\/23546"}],"wp:featuredmedia":[{"embeddable":true,"href":"http:\/\/espaciosyambientes.com\/es_es\/wp-json\/wp\/v2\/media\/23533"}],"wp:attachment":[{"href":"http:\/\/espaciosyambientes.com\/es_es\/wp-json\/wp\/v2\/media?parent=23537"}],"wp:term":[{"taxonomy":"product_brand","embeddable":true,"href":"http:\/\/espaciosyambientes.com\/es_es\/wp-json\/wp\/v2\/product_brand?post=23537"},{"taxonomy":"product_cat","embeddable":true,"href":"http:\/\/espaciosyambientes.com\/es_es\/wp-json\/wp\/v2\/product_cat?post=23537"},{"taxonomy":"product_tag","embeddable":true,"href":"http:\/\/espaciosyambientes.com\/es_es\/wp-json\/wp\/v2\/product_tag?post=23537"}],"curies":[{"name":"wp","href":"https:\/\/api.w.org\/{rel}","templated":true}]}}