{"id":22843,"date":"2024-05-29T15:28:50","date_gmt":"2024-05-29T20:28:50","guid":{"rendered":"https:\/\/espaciosyambientes.com\/?post_type=product&#038;p=22843"},"modified":"2024-06-27T23:16:29","modified_gmt":"2024-06-28T04:16:29","slug":"fuente-rog-strix-850w-white-80-plus-gold","status":"publish","type":"product","link":"http:\/\/espaciosyambientes.com\/es_es\/producto\/fuente-rog-strix-850w-white-80-plus-gold\/","title":{"rendered":"FUENTE ROG STRIX 850W WHITE 80 PLUS GOLD"},"content":{"rendered":"<p><a href=\"https:\/\/espaciosyambientes.com\/wp-content\/uploads\/2024\/05\/imagen_2024-05-29_151558934.png\"><img loading=\"lazy\" decoding=\"async\" class=\" wp-image-22844 aligncenter\" src=\"https:\/\/espaciosyambientes.com\/wp-content\/uploads\/2024\/05\/imagen_2024-05-29_151558934.png\" alt=\"\" width=\"1698\" height=\"852\" srcset=\"https:\/\/espaciosyambientes.com\/wp-content\/uploads\/2024\/05\/imagen_2024-05-29_151558934.png 1730w, https:\/\/espaciosyambientes.com\/wp-content\/uploads\/2024\/05\/imagen_2024-05-29_151558934-430x216.png 430w, https:\/\/espaciosyambientes.com\/wp-content\/uploads\/2024\/05\/imagen_2024-05-29_151558934-150x75.png 150w, https:\/\/espaciosyambientes.com\/wp-content\/uploads\/2024\/05\/imagen_2024-05-29_151558934-700x351.png 700w, https:\/\/espaciosyambientes.com\/wp-content\/uploads\/2024\/05\/imagen_2024-05-29_151558934-300x151.png 300w, https:\/\/espaciosyambientes.com\/wp-content\/uploads\/2024\/05\/imagen_2024-05-29_151558934-1024x514.png 1024w, https:\/\/espaciosyambientes.com\/wp-content\/uploads\/2024\/05\/imagen_2024-05-29_151558934-768x385.png 768w, https:\/\/espaciosyambientes.com\/wp-content\/uploads\/2024\/05\/imagen_2024-05-29_151558934-1536x771.png 1536w\" sizes=\"auto, (max-width: 1698px) 100vw, 1698px\" \/><\/a><\/p>\n<p><a href=\"https:\/\/espaciosyambientes.com\/wp-content\/uploads\/2024\/05\/imagen_2024-05-29_151643653.png\"><img loading=\"lazy\" decoding=\"async\" class=\"wp-image-22845 aligncenter\" src=\"https:\/\/espaciosyambientes.com\/wp-content\/uploads\/2024\/05\/imagen_2024-05-29_151643653.png\" alt=\"\" width=\"1705\" height=\"860\" srcset=\"https:\/\/espaciosyambientes.com\/wp-content\/uploads\/2024\/05\/imagen_2024-05-29_151643653.png 2208w, https:\/\/espaciosyambientes.com\/wp-content\/uploads\/2024\/05\/imagen_2024-05-29_151643653-430x217.png 430w, https:\/\/espaciosyambientes.com\/wp-content\/uploads\/2024\/05\/imagen_2024-05-29_151643653-150x76.png 150w, https:\/\/espaciosyambientes.com\/wp-content\/uploads\/2024\/05\/imagen_2024-05-29_151643653-700x353.png 700w, https:\/\/espaciosyambientes.com\/wp-content\/uploads\/2024\/05\/imagen_2024-05-29_151643653-300x151.png 300w, https:\/\/espaciosyambientes.com\/wp-content\/uploads\/2024\/05\/imagen_2024-05-29_151643653-1024x517.png 1024w, https:\/\/espaciosyambientes.com\/wp-content\/uploads\/2024\/05\/imagen_2024-05-29_151643653-768x387.png 768w, https:\/\/espaciosyambientes.com\/wp-content\/uploads\/2024\/05\/imagen_2024-05-29_151643653-1536x775.png 1536w, https:\/\/espaciosyambientes.com\/wp-content\/uploads\/2024\/05\/imagen_2024-05-29_151643653-2048x1033.png 2048w\" sizes=\"auto, (max-width: 1705px) 100vw, 1705px\" \/><\/a><\/p>\n<p><a href=\"https:\/\/espaciosyambientes.com\/wp-content\/uploads\/2024\/05\/imagen_2024-05-29_151738845.png\"><img loading=\"lazy\" decoding=\"async\" class=\" wp-image-22846 aligncenter\" src=\"https:\/\/espaciosyambientes.com\/wp-content\/uploads\/2024\/05\/imagen_2024-05-29_151738845.png\" alt=\"\" width=\"1691\" height=\"715\" srcset=\"https:\/\/espaciosyambientes.com\/wp-content\/uploads\/2024\/05\/imagen_2024-05-29_151738845.png 2362w, https:\/\/espaciosyambientes.com\/wp-content\/uploads\/2024\/05\/imagen_2024-05-29_151738845-430x182.png 430w, https:\/\/espaciosyambientes.com\/wp-content\/uploads\/2024\/05\/imagen_2024-05-29_151738845-150x63.png 150w, https:\/\/espaciosyambientes.com\/wp-content\/uploads\/2024\/05\/imagen_2024-05-29_151738845-700x296.png 700w, https:\/\/espaciosyambientes.com\/wp-content\/uploads\/2024\/05\/imagen_2024-05-29_151738845-300x127.png 300w, https:\/\/espaciosyambientes.com\/wp-content\/uploads\/2024\/05\/imagen_2024-05-29_151738845-1024x433.png 1024w, https:\/\/espaciosyambientes.com\/wp-content\/uploads\/2024\/05\/imagen_2024-05-29_151738845-768x325.png 768w, https:\/\/espaciosyambientes.com\/wp-content\/uploads\/2024\/05\/imagen_2024-05-29_151738845-1536x650.png 1536w, https:\/\/espaciosyambientes.com\/wp-content\/uploads\/2024\/05\/imagen_2024-05-29_151738845-2048x866.png 2048w\" sizes=\"auto, (max-width: 1691px) 100vw, 1691px\" \/><\/a><\/p>\n<div>\n<div class=\"ProductSpecSingle__productSpecItemRow__BKwUK\">\n<h2 class=\"ProductSpecSingle__productSpecItemTitle__HKAZq\" style=\"text-align: center;\">PFC Type<\/h2>\n<div class=\"ProductSpecSingle__productSpecItemContent__oJI5w\" style=\"text-align: center;\">\n<div class=\"ProductSpecSingle__productSpecListItem__yC8OH\"><span class=\"ProductSpecSingle__descriptionItemValue__IVzBl\">Active PFC<\/span><\/div>\n<\/div>\n<\/div>\n<\/div>\n<div style=\"text-align: center;\">\n<div class=\"ProductSpecSingle__productSpecItemRow__BKwUK\">\n<h2 class=\"ProductSpecSingle__productSpecItemTitle__HKAZq\">Dimensiones<\/h2>\n<div class=\"ProductSpecSingle__productSpecItemContent__oJI5w\">\n<div class=\"ProductSpecSingle__productSpecListItem__yC8OH\"><span class=\"ProductSpecSingle__descriptionItemValue__IVzBl\">16 x 15 x 8.6 Centimeter<\/span><\/div>\n<\/div>\n<\/div>\n<\/div>\n<div style=\"text-align: center;\">\n<div class=\"ProductSpecSingle__productSpecItemRow__BKwUK\">\n<h2 class=\"ProductSpecSingle__productSpecItemTitle__HKAZq\">Eficiencia<\/h2>\n<div class=\"ProductSpecSingle__productSpecItemContent__oJI5w\">\n<div class=\"ProductSpecSingle__productSpecListItem__yC8OH\"><span class=\"ProductSpecSingle__descriptionItemValue__IVzBl\">80Plus Gold<\/span><\/div>\n<\/div>\n<\/div>\n<\/div>\n<div style=\"text-align: center;\">\n<div class=\"ProductSpecSingle__productSpecItemRow__BKwUK\">\n<h2 class=\"ProductSpecSingle__productSpecItemTitle__HKAZq\">Caracter\u00edsticas de protecci\u00f3n<\/h2>\n<div class=\"ProductSpecSingle__productSpecItemContent__oJI5w\">\n<div class=\"ProductSpecSingle__productSpecListItem__yC8OH\"><span class=\"ProductSpecSingle__descriptionItemValue__IVzBl\">OPP\/OVP\/UVP\/SCP\/OCP\/OTP<\/span><\/div>\n<\/div>\n<\/div>\n<\/div>\n<div style=\"text-align: center;\">\n<div class=\"ProductSpecSingle__productSpecItemRow__BKwUK\">\n<h2 class=\"ProductSpecSingle__productSpecItemTitle__HKAZq\">Materiales peligrosos<\/h2>\n<div class=\"ProductSpecSingle__productSpecItemContent__oJI5w\">\n<div class=\"ProductSpecSingle__productSpecListItem__yC8OH\"><span class=\"ProductSpecSingle__descriptionItemValue__IVzBl\">ROHS<\/span><\/div>\n<\/div>\n<\/div>\n<\/div>\n<div style=\"text-align: center;\">\n<div class=\"ProductSpecSingle__productSpecItemRow__BKwUK\">\n<h2 class=\"ProductSpecSingle__productSpecItemTitle__HKAZq\">Rango de entrada de CA<\/h2>\n<div class=\"ProductSpecSingle__productSpecItemContent__oJI5w\">\n<div class=\"ProductSpecSingle__productSpecListItem__yC8OH\"><span class=\"ProductSpecSingle__descriptionItemValue__IVzBl\">100-240Vac<\/span><\/div>\n<\/div>\n<\/div>\n<\/div>\n<div style=\"text-align: center;\">\n<div class=\"ProductSpecSingle__productSpecItemRow__BKwUK\">\n<h2 class=\"ProductSpecSingle__productSpecItemTitle__HKAZq\">Conector RGB<\/h2>\n<div class=\"ProductSpecSingle__productSpecItemContent__oJI5w\">\n<div class=\"ProductSpecSingle__productSpecListItem__yC8OH\"><span class=\"ProductSpecSingle__descriptionItemValue__IVzBl\">NO<\/span><\/div>\n<\/div>\n<\/div>\n<\/div>\n<div style=\"text-align: center;\">\n<div class=\"ProductSpecSingle__productSpecItemRow__BKwUK\">\n<h2 class=\"ProductSpecSingle__productSpecItemTitle__HKAZq\">Caracter\u00edsticas t\u00e9rmicas<\/h2>\n<div class=\"ProductSpecSingle__productSpecItemContent__oJI5w\">\n<div class=\"ProductSpecSingle__productSpecListItem__yC8OH\"><span class=\"ProductSpecSingle__descriptionItemValue__IVzBl\">ROG Thermal Solution<\/span><\/div>\n<\/div>\n<\/div>\n<\/div>\n<div style=\"text-align: center;\">\n<div class=\"ProductSpecSingle__productSpecItemRow__BKwUK\">\n<h2 class=\"ProductSpecSingle__productSpecItemTitle__HKAZq\">Tama\u00f1o del ventilador<\/h2>\n<div class=\"ProductSpecSingle__productSpecItemContent__oJI5w\">\n<div class=\"ProductSpecSingle__productSpecListItem__yC8OH\"><span class=\"ProductSpecSingle__descriptionItemValue__IVzBl\">135 mm<\/span><\/div>\n<\/div>\n<\/div>\n<\/div>\n<div style=\"text-align: center;\">\n<div class=\"ProductSpecSingle__productSpecItemRow__BKwUK\">\n<h2 class=\"ProductSpecSingle__productSpecItemTitle__HKAZq\">Voltaje de la salida DC<\/h2>\n<div class=\"ProductSpecSingle__productSpecItemContent__oJI5w\">\n<div class=\"ProductSpecSingle__productSpecListItem__yC8OH\"><span class=\"ProductSpecSingle__descriptionItemValue__IVzBl\">+3.3V +5V +12V -12V +5Vsb<\/span><\/div>\n<\/div>\n<\/div>\n<\/div>\n<div style=\"text-align: center;\">\n<div class=\"ProductSpecSingle__productSpecItemRow__BKwUK\">\n<h2 class=\"ProductSpecSingle__productSpecItemTitle__HKAZq\">Carga m\u00e1xima<\/h2>\n<div class=\"ProductSpecSingle__productSpecItemContent__oJI5w\">\n<div class=\"ProductSpecSingle__productSpecListItem__yC8OH\"><span class=\"ProductSpecSingle__descriptionItemValue__IVzBl\">20A 20A 70A 0.3A 3A<\/span><\/div>\n<\/div>\n<\/div>\n<\/div>\n<div style=\"text-align: center;\">\n<div class=\"ProductSpecSingle__productSpecItemRow__BKwUK\">\n<h2 class=\"ProductSpecSingle__productSpecItemTitle__HKAZq\">Combined Load<\/h2>\n<div class=\"ProductSpecSingle__productSpecItemContent__oJI5w\">\n<div class=\"ProductSpecSingle__productSpecListItem__yC8OH\"><span class=\"ProductSpecSingle__descriptionItemValue__IVzBl\">100W 100W 840W 3.6W 15W<\/span><\/div>\n<\/div>\n<\/div>\n<\/div>\n<div style=\"text-align: center;\">\n<div class=\"ProductSpecSingle__productSpecItemRow__BKwUK\">\n<h2 class=\"ProductSpecSingle__productSpecItemTitle__HKAZq\">Entrega total<\/h2>\n<div class=\"ProductSpecSingle__productSpecItemContent__oJI5w\">\n<div class=\"ProductSpecSingle__productSpecListItem__yC8OH\"><span class=\"ProductSpecSingle__descriptionItemValue__IVzBl\">850W<\/span><\/div>\n<\/div>\n<\/div>\n<\/div>\n<div style=\"text-align: center;\">\n<div class=\"ProductSpecSingle__productSpecItemRow__BKwUK\">\n<h2 class=\"ProductSpecSingle__productSpecItemTitle__HKAZq\">Conectores<\/h2>\n<div class=\"ProductSpecSingle__productSpecItemContent__oJI5w\">\n<div class=\"ProductSpecSingle__productSpecListItem__yC8OH\"><span class=\"ProductSpecSingle__descriptionItemValue__IVzBl\">MB 24\/20-pin x 1<br \/>\nCPU 4+4-pin x 2<br \/>\nPCI-E 6+2-pin x 6<br \/>\nSATA x 8<br \/>\nPERIPHERAL x 6<\/span><\/div>\n<\/div>\n<\/div>\n<\/div>\n<div style=\"text-align: center;\">\n<div class=\"ProductSpecSingle__productSpecItemRow__BKwUK\">\n<h2 class=\"ProductSpecSingle__productSpecItemTitle__HKAZq\">Contenido del paquete<\/h2>\n<div class=\"ProductSpecSingle__productSpecItemContent__oJI5w\">\n<div class=\"ProductSpecSingle__productSpecListItem__yC8OH\"><span class=\"ProductSpecSingle__descriptionItemValue__IVzBl\">Power Cord x 1<br \/>\nMotherboard Power Cable x 1 (610mm)<br \/>\nCPU Cable x2 (1000mm)<br \/>\nPCIE 1-to-2 Cable x3 (675+75mm)<br \/>\nSATA 1-to-4 Cable x1 (410+150+150+150mm)<br \/>\nSATA 1-to-4 Cable x1 (450+120+120+120mm)<br \/>\nPeripheral 1-to-3 Cable x2 (450+120+120mm)<br \/>\nROG badge x 2<br \/>\nROG logo magnet x 1<br \/>\nROG label x 3<br \/>\n*MB\/ CPU\/ PCI-E cables come with embedded capacitors in the middle.<\/span><\/div>\n<\/div>\n<\/div>\n<\/div>\n<div style=\"text-align: center;\">\n<div class=\"ProductSpecSingle__productSpecItemRow__BKwUK\">\n<h2 class=\"ProductSpecSingle__productSpecItemTitle__HKAZq\">Weight<\/h2>\n<div class=\"ProductSpecSingle__productSpecItemContent__oJI5w\">\n<div class=\"ProductSpecSingle__productSpecListItem__yC8OH\"><span class=\"ProductSpecSingle__descriptionItemValue__IVzBl\">Single Card (KG) : 1.825<br \/>\nProduct Weight (with packing) (KG) 3.42<\/span><\/div>\n<\/div>\n<\/div>\n<\/div>\n<div style=\"text-align: center;\">\n<div class=\"ProductSpecSingle__productSpecItemRow__BKwUK\">\n<h2 class=\"ProductSpecSingle__productSpecItemTitle__HKAZq\">Cybenetics Noise Level Certification<\/h2>\n<div class=\"ProductSpecSingle__productSpecItemContent__oJI5w\">\n<div class=\"ProductSpecSingle__productSpecListItem__yC8OH\"><span class=\"ProductSpecSingle__descriptionItemValue__IVzBl\">NA<\/span><\/div>\n<\/div>\n<\/div>\n<\/div>\n<div>\n<div class=\"ProductSpecSingle__productSpecItemRow__BKwUK\">\n<h2 class=\"ProductSpecSingle__productSpecItemTitle__HKAZq\" style=\"text-align: center;\">0dB Technology<\/h2>\n<div class=\"ProductSpecSingle__productSpecItemContent__oJI5w\">\n<div class=\"ProductSpecSingle__productSpecListItem__yC8OH\" style=\"text-align: center;\"><span class=\"ProductSpecSingle__descriptionItemValue__IVzBl\">Supported. The fan shuts off entirely when the PSU is under certain load<\/span><\/div>\n<\/div>\n<\/div>\n<\/div>\n","protected":false},"excerpt":{"rendered":"<p>La fuente de alimentaci\u00f3n ROG Strix 850W White Edition con certificaci\u00f3n 80 PLUS Gold ofrece un rendimiento de primera calidad para los sistemas de gaming mainstream<br \/>\nLos disipadores ROG cubren los componentes principales, reduciendo las temperaturas y prolongando la vida \u00fatil.<br \/>\nEl ventilador Axial-tech presentan unas aspas m\u00e1s largas y un anillo de bloqueo que incrementa la presi\u00f3n de aire hacia abajo.<br \/>\nLos rodamientos de bolas llegan a durar el doble que los cojinetes de fricci\u00f3n tradicionales.<br \/>\nLa tecnolog\u00eda 0dB permite disfrutar de juegos ligeros en relativo silencio.<br \/>\nLos condensadores japoneses y los componentes premium se ajustan a la certificaci\u00f3n 80 Plus Gold.<br \/>\nEl dise\u00f1o White Edition incluye un chasis de color blanco, cables, pegatinas e imanes.<br \/>\nLos cables modulares te ayudan a mantener tu equipo limpio y ordenado.<br \/>\nGarant\u00eda de 10 a\u00f1os incluida.<\/p>\n","protected":false},"featured_media":22851,"comment_status":"closed","ping_status":"closed","template":"","meta":[],"product_brand":[212,435],"product_cat":[313],"product_tag":[364,314,372],"class_list":{"0":"post-22843","1":"product","2":"type-product","3":"status-publish","4":"has-post-thumbnail","6":"product_brand-asus","7":"product_brand-rog-strix","8":"product_cat-fuentes-de-poder","9":"product_tag-asus","10":"product_tag-fuentes","11":"product_tag-rog-strix","13":"first","14":"instock","15":"taxable","16":"shipping-taxable","17":"purchasable","18":"product-type-simple"},"yoast_head":"<!-- This site is optimized with the Yoast SEO plugin v27.3 - https:\/\/yoast.com\/product\/yoast-seo-wordpress\/ -->\n<title>FUENTE ROG STRIX 850W WHITE 80 PLUS GOLD - PC MASTERS BOGOTA<\/title>\n<meta name=\"robots\" content=\"index, follow, max-snippet:-1, max-image-preview:large, max-video-preview:-1\" \/>\n<link rel=\"canonical\" href=\"https:\/\/espaciosyambientes.com\/es_es\/producto\/fuente-rog-strix-850w-white-80-plus-gold\/\" \/>\n<meta property=\"og:locale\" content=\"es_ES\" \/>\n<meta property=\"og:type\" content=\"article\" \/>\n<meta property=\"og:title\" content=\"FUENTE ROG STRIX 850W WHITE 80 PLUS GOLD - PC MASTERS BOGOTA\" \/>\n<meta property=\"og:description\" content=\"La fuente de alimentaci\u00f3n ROG Strix 850W White Edition con certificaci\u00f3n 80 PLUS Gold ofrece un rendimiento de primera calidad para los sistemas de gaming mainstream Los disipadores ROG cubren los componentes principales, reduciendo las temperaturas y prolongando la vida \u00fatil. El ventilador Axial-tech presentan unas aspas m\u00e1s largas y un anillo de bloqueo que incrementa la presi\u00f3n de aire hacia abajo. Los rodamientos de bolas llegan a durar el doble que los cojinetes de fricci\u00f3n tradicionales. La tecnolog\u00eda 0dB permite disfrutar de juegos ligeros en relativo silencio. Los condensadores japoneses y los componentes premium se ajustan a la certificaci\u00f3n 80 Plus Gold. El dise\u00f1o White Edition incluye un chasis de color blanco, cables, pegatinas e imanes. Los cables modulares te ayudan a mantener tu equipo limpio y ordenado. Garant\u00eda de 10 a\u00f1os incluida.\" \/>\n<meta property=\"og:url\" content=\"https:\/\/espaciosyambientes.com\/es_es\/producto\/fuente-rog-strix-850w-white-80-plus-gold\/\" \/>\n<meta property=\"og:site_name\" content=\"PC MASTERS BOGOTA\" \/>\n<meta property=\"article:modified_time\" content=\"2024-06-28T04:16:29+00:00\" \/>\n<meta property=\"og:image\" content=\"https:\/\/espaciosyambientes.com\/wp-content\/uploads\/2024\/05\/h732-3.png\" \/>\n\t<meta property=\"og:image:width\" content=\"732\" \/>\n\t<meta property=\"og:image:height\" content=\"732\" \/>\n\t<meta property=\"og:image:type\" content=\"image\/png\" \/>\n<meta name=\"twitter:card\" content=\"summary_large_image\" \/>\n<meta name=\"twitter:label1\" content=\"Tiempo de lectura\" \/>\n\t<meta name=\"twitter:data1\" content=\"2 minutos\" \/>\n<script type=\"application\/ld+json\" class=\"yoast-schema-graph\">{\"@context\":\"https:\\\/\\\/schema.org\",\"@graph\":[{\"@type\":\"WebPage\",\"@id\":\"https:\\\/\\\/espaciosyambientes.com\\\/producto\\\/fuente-rog-strix-850w-white-80-plus-gold\\\/\",\"url\":\"https:\\\/\\\/espaciosyambientes.com\\\/producto\\\/fuente-rog-strix-850w-white-80-plus-gold\\\/\",\"name\":\"FUENTE ROG STRIX 850W WHITE 80 PLUS GOLD - PC MASTERS BOGOTA\",\"isPartOf\":{\"@id\":\"https:\\\/\\\/espaciosyambientes.com\\\/es_es\\\/#website\"},\"primaryImageOfPage\":{\"@id\":\"https:\\\/\\\/espaciosyambientes.com\\\/producto\\\/fuente-rog-strix-850w-white-80-plus-gold\\\/#primaryimage\"},\"image\":{\"@id\":\"https:\\\/\\\/espaciosyambientes.com\\\/producto\\\/fuente-rog-strix-850w-white-80-plus-gold\\\/#primaryimage\"},\"thumbnailUrl\":\"https:\\\/\\\/espaciosyambientes.com\\\/wp-content\\\/uploads\\\/2024\\\/05\\\/h732-3.png\",\"datePublished\":\"2024-05-29T20:28:50+00:00\",\"dateModified\":\"2024-06-28T04:16:29+00:00\",\"breadcrumb\":{\"@id\":\"https:\\\/\\\/espaciosyambientes.com\\\/producto\\\/fuente-rog-strix-850w-white-80-plus-gold\\\/#breadcrumb\"},\"inLanguage\":\"es\",\"potentialAction\":[{\"@type\":\"ReadAction\",\"target\":[\"https:\\\/\\\/espaciosyambientes.com\\\/producto\\\/fuente-rog-strix-850w-white-80-plus-gold\\\/\"]}]},{\"@type\":\"ImageObject\",\"inLanguage\":\"es\",\"@id\":\"https:\\\/\\\/espaciosyambientes.com\\\/producto\\\/fuente-rog-strix-850w-white-80-plus-gold\\\/#primaryimage\",\"url\":\"https:\\\/\\\/espaciosyambientes.com\\\/wp-content\\\/uploads\\\/2024\\\/05\\\/h732-3.png\",\"contentUrl\":\"https:\\\/\\\/espaciosyambientes.com\\\/wp-content\\\/uploads\\\/2024\\\/05\\\/h732-3.png\",\"width\":732,\"height\":732},{\"@type\":\"BreadcrumbList\",\"@id\":\"https:\\\/\\\/espaciosyambientes.com\\\/producto\\\/fuente-rog-strix-850w-white-80-plus-gold\\\/#breadcrumb\",\"itemListElement\":[{\"@type\":\"ListItem\",\"position\":1,\"name\":\"Home\",\"item\":\"https:\\\/\\\/espaciosyambientes.com\\\/\"},{\"@type\":\"ListItem\",\"position\":2,\"name\":\"Tienda\",\"item\":\"https:\\\/\\\/espaciosyambientes.com\\\/tienda\\\/\"},{\"@type\":\"ListItem\",\"position\":3,\"name\":\"FUENTE ROG STRIX 850W WHITE 80 PLUS GOLD\"}]},{\"@type\":\"WebSite\",\"@id\":\"https:\\\/\\\/espaciosyambientes.com\\\/es_es\\\/#website\",\"url\":\"https:\\\/\\\/espaciosyambientes.com\\\/es_es\\\/\",\"name\":\"PC MASTERS BOGOTA\",\"description\":\"\",\"potentialAction\":[{\"@type\":\"SearchAction\",\"target\":{\"@type\":\"EntryPoint\",\"urlTemplate\":\"https:\\\/\\\/espaciosyambientes.com\\\/es_es\\\/?s={search_term_string}\"},\"query-input\":{\"@type\":\"PropertyValueSpecification\",\"valueRequired\":true,\"valueName\":\"search_term_string\"}}],\"inLanguage\":\"es\"}]}<\/script>\n<!-- \/ Yoast SEO plugin. -->","yoast_head_json":{"title":"FUENTE ROG STRIX 850W WHITE 80 PLUS GOLD - PC MASTERS BOGOTA","robots":{"index":"index","follow":"follow","max-snippet":"max-snippet:-1","max-image-preview":"max-image-preview:large","max-video-preview":"max-video-preview:-1"},"canonical":"https:\/\/espaciosyambientes.com\/es_es\/producto\/fuente-rog-strix-850w-white-80-plus-gold\/","og_locale":"es_ES","og_type":"article","og_title":"FUENTE ROG STRIX 850W WHITE 80 PLUS GOLD - PC MASTERS BOGOTA","og_description":"La fuente de alimentaci\u00f3n ROG Strix 850W White Edition con certificaci\u00f3n 80 PLUS Gold ofrece un rendimiento de primera calidad para los sistemas de gaming mainstream Los disipadores ROG cubren los componentes principales, reduciendo las temperaturas y prolongando la vida \u00fatil. El ventilador Axial-tech presentan unas aspas m\u00e1s largas y un anillo de bloqueo que incrementa la presi\u00f3n de aire hacia abajo. Los rodamientos de bolas llegan a durar el doble que los cojinetes de fricci\u00f3n tradicionales. La tecnolog\u00eda 0dB permite disfrutar de juegos ligeros en relativo silencio. Los condensadores japoneses y los componentes premium se ajustan a la certificaci\u00f3n 80 Plus Gold. El dise\u00f1o White Edition incluye un chasis de color blanco, cables, pegatinas e imanes. Los cables modulares te ayudan a mantener tu equipo limpio y ordenado. Garant\u00eda de 10 a\u00f1os incluida.","og_url":"https:\/\/espaciosyambientes.com\/es_es\/producto\/fuente-rog-strix-850w-white-80-plus-gold\/","og_site_name":"PC MASTERS BOGOTA","article_modified_time":"2024-06-28T04:16:29+00:00","og_image":[{"width":732,"height":732,"url":"https:\/\/espaciosyambientes.com\/wp-content\/uploads\/2024\/05\/h732-3.png","type":"image\/png"}],"twitter_card":"summary_large_image","twitter_misc":{"Tiempo de lectura":"2 minutos"},"schema":{"@context":"https:\/\/schema.org","@graph":[{"@type":"WebPage","@id":"https:\/\/espaciosyambientes.com\/producto\/fuente-rog-strix-850w-white-80-plus-gold\/","url":"https:\/\/espaciosyambientes.com\/producto\/fuente-rog-strix-850w-white-80-plus-gold\/","name":"FUENTE ROG STRIX 850W WHITE 80 PLUS GOLD - PC MASTERS BOGOTA","isPartOf":{"@id":"https:\/\/espaciosyambientes.com\/es_es\/#website"},"primaryImageOfPage":{"@id":"https:\/\/espaciosyambientes.com\/producto\/fuente-rog-strix-850w-white-80-plus-gold\/#primaryimage"},"image":{"@id":"https:\/\/espaciosyambientes.com\/producto\/fuente-rog-strix-850w-white-80-plus-gold\/#primaryimage"},"thumbnailUrl":"https:\/\/espaciosyambientes.com\/wp-content\/uploads\/2024\/05\/h732-3.png","datePublished":"2024-05-29T20:28:50+00:00","dateModified":"2024-06-28T04:16:29+00:00","breadcrumb":{"@id":"https:\/\/espaciosyambientes.com\/producto\/fuente-rog-strix-850w-white-80-plus-gold\/#breadcrumb"},"inLanguage":"es","potentialAction":[{"@type":"ReadAction","target":["https:\/\/espaciosyambientes.com\/producto\/fuente-rog-strix-850w-white-80-plus-gold\/"]}]},{"@type":"ImageObject","inLanguage":"es","@id":"https:\/\/espaciosyambientes.com\/producto\/fuente-rog-strix-850w-white-80-plus-gold\/#primaryimage","url":"https:\/\/espaciosyambientes.com\/wp-content\/uploads\/2024\/05\/h732-3.png","contentUrl":"https:\/\/espaciosyambientes.com\/wp-content\/uploads\/2024\/05\/h732-3.png","width":732,"height":732},{"@type":"BreadcrumbList","@id":"https:\/\/espaciosyambientes.com\/producto\/fuente-rog-strix-850w-white-80-plus-gold\/#breadcrumb","itemListElement":[{"@type":"ListItem","position":1,"name":"Home","item":"https:\/\/espaciosyambientes.com\/"},{"@type":"ListItem","position":2,"name":"Tienda","item":"https:\/\/espaciosyambientes.com\/tienda\/"},{"@type":"ListItem","position":3,"name":"FUENTE ROG STRIX 850W WHITE 80 PLUS GOLD"}]},{"@type":"WebSite","@id":"https:\/\/espaciosyambientes.com\/es_es\/#website","url":"https:\/\/espaciosyambientes.com\/es_es\/","name":"PC MASTERS BOGOTA","description":"","potentialAction":[{"@type":"SearchAction","target":{"@type":"EntryPoint","urlTemplate":"https:\/\/espaciosyambientes.com\/es_es\/?s={search_term_string}"},"query-input":{"@type":"PropertyValueSpecification","valueRequired":true,"valueName":"search_term_string"}}],"inLanguage":"es"}]}},"_links":{"self":[{"href":"http:\/\/espaciosyambientes.com\/es_es\/wp-json\/wp\/v2\/product\/22843","targetHints":{"allow":["GET"]}}],"collection":[{"href":"http:\/\/espaciosyambientes.com\/es_es\/wp-json\/wp\/v2\/product"}],"about":[{"href":"http:\/\/espaciosyambientes.com\/es_es\/wp-json\/wp\/v2\/types\/product"}],"replies":[{"embeddable":true,"href":"http:\/\/espaciosyambientes.com\/es_es\/wp-json\/wp\/v2\/comments?post=22843"}],"version-history":[{"count":1,"href":"http:\/\/espaciosyambientes.com\/es_es\/wp-json\/wp\/v2\/product\/22843\/revisions"}],"predecessor-version":[{"id":22864,"href":"http:\/\/espaciosyambientes.com\/es_es\/wp-json\/wp\/v2\/product\/22843\/revisions\/22864"}],"wp:featuredmedia":[{"embeddable":true,"href":"http:\/\/espaciosyambientes.com\/es_es\/wp-json\/wp\/v2\/media\/22851"}],"wp:attachment":[{"href":"http:\/\/espaciosyambientes.com\/es_es\/wp-json\/wp\/v2\/media?parent=22843"}],"wp:term":[{"taxonomy":"product_brand","embeddable":true,"href":"http:\/\/espaciosyambientes.com\/es_es\/wp-json\/wp\/v2\/product_brand?post=22843"},{"taxonomy":"product_cat","embeddable":true,"href":"http:\/\/espaciosyambientes.com\/es_es\/wp-json\/wp\/v2\/product_cat?post=22843"},{"taxonomy":"product_tag","embeddable":true,"href":"http:\/\/espaciosyambientes.com\/es_es\/wp-json\/wp\/v2\/product_tag?post=22843"}],"curies":[{"name":"wp","href":"https:\/\/api.w.org\/{rel}","templated":true}]}}