{"id":18280,"date":"2021-10-16T14:09:32","date_gmt":"2021-10-16T19:09:32","guid":{"rendered":"https:\/\/espaciosyambientes.com\/?post_type=product&#038;p=18280"},"modified":"2025-10-22T16:32:02","modified_gmt":"2025-10-22T21:32:02","slug":"asus-strix-b550-f-gaming-wifi","status":"publish","type":"product","link":"http:\/\/espaciosyambientes.com\/es_es\/producto\/asus-strix-b550-f-gaming-wifi\/","title":{"rendered":"ASUS STRIX B550-F GAMING ii (WIFI)"},"content":{"rendered":"<p><a href=\"https:\/\/rog.asus.com\/motherboards\/rog-strix\/rog-strix-b550-f-gaming-wi-fi-model\">https:\/\/rog.asus.com\/latin\/motherboards\/rog-strix\/rog-strix-b550-f-gaming-wifi\/<\/a><\/p>\n<p>Series ROG STRIX B550-F GAMING<br \/>\nCapacidad de almacenamiento de memoria 128 GB<br \/>\nMemoria RAM capacidad m\u00e1xima 128 GB<br \/>\nEnchufe AMD AM4 y PCIe 4. 0: El emparejamiento perfecto para Zen 3 Ryzen 5000 y 3\u00aa generaci\u00f3n AMD Ryzen CPUs<br \/>\nDise\u00f1o de potencia robusto: 14 + 2 etapas de potencia DrMOS con estranguladores de aleaci\u00f3n de alta calidad y condensadores duraderos que proporcionan una potencia fiable para las \u00faltimas CPU AMD de alto n\u00facleo<br \/>\nSoluci\u00f3n t\u00e9rmica optimizada: VRM sin ventilador y chipset disipadores de calor con ASUS Stack Cool 3+ dise\u00f1o mantiene tu sistema funcionando de forma fiable bajo cargas pesadas mejorando la capacidad de refrigeraci\u00f3n pasiva para componentes esenciales a bordo.<\/p>\n<p>Red de juegos de alto rendimiento: WiFi 6 a bordo (802. 11 ax), Bluetooth V5. 1 y 2. LAN de 5 GB con ASUS LANGuard<br \/>\nMejor conectividad para juegos: soporta HDMI 2. 1 (4 K a 60 Hz) y DisplayPort 1. 2 salidas, con doble M. 2 ranuras (NVMe SSD), una con PCIe 4. Conectividad 0x4, USB 3. Conector tipo C de panel frontal de 2\u00aa generaci\u00f3n, USB 3. Puerto tipo C 2 de 2\u00aa generaci\u00f3n, audio USB tipo C incluido con 3. Cable adaptador de 0.197 in y cabezal Thunderbolt 3<br \/>\nTecnolog\u00eda l\u00edder de audio para juegos y micr\u00f3fono de cancelaci\u00f3n de ruido AI: audio de alta fidelidad desde un c\u00f3dec SupremeFX S1220A con DTS Sound Unbound y Sonic Studio III te lleva m\u00e1s profundo en la acci\u00f3n. Comun\u00edcate claramente con la tecnolog\u00eda de micr\u00f3fono de cancelaci\u00f3n de ruido ASUS AI.<\/p>\n<p>Personalizaci\u00f3n inigualable: iluminaci\u00f3n RGB Aura Sync exclusiva de ASUS, incluyendo cabezales RGB y 2 cabezales RGB direccionables Gen 2 para una mayor personalizaci\u00f3n<br \/>\nAseg\u00farate de que tu BIOS est\u00e9 actualizada si instalas una CPU compatible de la serie Ryzen 5000. Visita la b\u00fasqueda del sitio Asus por el nombre del modelo de la placa base, haz clic en la pesta\u00f1a \u00abSoporte\u00bb, controladores y herramientas, a continuaci\u00f3n, BIOS y Firmware para descargar la \u00faltima BIOS.<\/p>\n","protected":false},"excerpt":{"rendered":"<p>Marca ASUS<br \/>\nZ\u00f3calo de CPU Socket AM4<br \/>\nRAM DDR4<br \/>\nProcesadores compatibles AMD 3rd Generation Ryzen<br \/>\nTipo de set de chips AMD B550<br \/>\nVelocidad de memoria 4400 MHz<br \/>\nPlataforma Windows 10<\/p>\n","protected":false},"featured_media":18284,"comment_status":"open","ping_status":"closed","template":"","meta":[],"product_brand":[212],"product_cat":[68],"product_tag":[474,182],"class_list":{"0":"post-18280","1":"product","2":"type-product","3":"status-publish","4":"has-post-thumbnail","6":"product_brand-asus","7":"product_cat-board","8":"product_tag-board-amd","9":"product_tag-ryzen-am4","11":"first","12":"onbackorder","13":"taxable","14":"shipping-taxable","15":"purchasable","16":"product-type-simple"},"yoast_head":"<!-- This site is optimized with the Yoast SEO plugin v27.3 - https:\/\/yoast.com\/product\/yoast-seo-wordpress\/ -->\n<title>ASUS STRIX B550-F GAMING ii (WIFI) - PC MASTERS BOGOTA<\/title>\n<meta name=\"robots\" content=\"index, follow, max-snippet:-1, max-image-preview:large, max-video-preview:-1\" \/>\n<link rel=\"canonical\" href=\"https:\/\/espaciosyambientes.com\/es_es\/producto\/asus-strix-b550-f-gaming-wifi\/\" \/>\n<meta property=\"og:locale\" content=\"es_ES\" \/>\n<meta property=\"og:type\" content=\"article\" \/>\n<meta property=\"og:title\" content=\"ASUS STRIX B550-F GAMING ii (WIFI) - PC MASTERS BOGOTA\" \/>\n<meta property=\"og:description\" content=\"Marca ASUS Z\u00f3calo de CPU Socket AM4 RAM DDR4 Procesadores compatibles AMD 3rd Generation Ryzen Tipo de set de chips AMD B550 Velocidad de memoria 4400 MHz Plataforma Windows 10\" \/>\n<meta property=\"og:url\" content=\"https:\/\/espaciosyambientes.com\/es_es\/producto\/asus-strix-b550-f-gaming-wifi\/\" \/>\n<meta property=\"og:site_name\" content=\"PC MASTERS BOGOTA\" \/>\n<meta property=\"article:modified_time\" content=\"2025-10-22T21:32:02+00:00\" \/>\n<meta property=\"og:image\" content=\"https:\/\/espaciosyambientes.com\/wp-content\/uploads\/2021\/10\/h732-1.png\" \/>\n\t<meta property=\"og:image:width\" content=\"732\" \/>\n\t<meta property=\"og:image:height\" content=\"732\" \/>\n\t<meta property=\"og:image:type\" content=\"image\/png\" \/>\n<meta name=\"twitter:card\" content=\"summary_large_image\" \/>\n<meta name=\"twitter:label1\" content=\"Tiempo de lectura\" \/>\n\t<meta name=\"twitter:data1\" content=\"2 minutos\" \/>\n<script type=\"application\/ld+json\" class=\"yoast-schema-graph\">{\"@context\":\"https:\\\/\\\/schema.org\",\"@graph\":[{\"@type\":\"WebPage\",\"@id\":\"https:\\\/\\\/espaciosyambientes.com\\\/producto\\\/asus-strix-b550-f-gaming-wifi\\\/\",\"url\":\"https:\\\/\\\/espaciosyambientes.com\\\/producto\\\/asus-strix-b550-f-gaming-wifi\\\/\",\"name\":\"ASUS STRIX B550-F GAMING ii (WIFI) - PC MASTERS BOGOTA\",\"isPartOf\":{\"@id\":\"https:\\\/\\\/espaciosyambientes.com\\\/es_es\\\/#website\"},\"primaryImageOfPage\":{\"@id\":\"https:\\\/\\\/espaciosyambientes.com\\\/producto\\\/asus-strix-b550-f-gaming-wifi\\\/#primaryimage\"},\"image\":{\"@id\":\"https:\\\/\\\/espaciosyambientes.com\\\/producto\\\/asus-strix-b550-f-gaming-wifi\\\/#primaryimage\"},\"thumbnailUrl\":\"https:\\\/\\\/espaciosyambientes.com\\\/wp-content\\\/uploads\\\/2021\\\/10\\\/h732-1.png\",\"datePublished\":\"2021-10-16T19:09:32+00:00\",\"dateModified\":\"2025-10-22T21:32:02+00:00\",\"breadcrumb\":{\"@id\":\"https:\\\/\\\/espaciosyambientes.com\\\/producto\\\/asus-strix-b550-f-gaming-wifi\\\/#breadcrumb\"},\"inLanguage\":\"es\",\"potentialAction\":[{\"@type\":\"ReadAction\",\"target\":[\"https:\\\/\\\/espaciosyambientes.com\\\/producto\\\/asus-strix-b550-f-gaming-wifi\\\/\"]}]},{\"@type\":\"ImageObject\",\"inLanguage\":\"es\",\"@id\":\"https:\\\/\\\/espaciosyambientes.com\\\/producto\\\/asus-strix-b550-f-gaming-wifi\\\/#primaryimage\",\"url\":\"https:\\\/\\\/espaciosyambientes.com\\\/wp-content\\\/uploads\\\/2021\\\/10\\\/h732-1.png\",\"contentUrl\":\"https:\\\/\\\/espaciosyambientes.com\\\/wp-content\\\/uploads\\\/2021\\\/10\\\/h732-1.png\",\"width\":732,\"height\":732},{\"@type\":\"BreadcrumbList\",\"@id\":\"https:\\\/\\\/espaciosyambientes.com\\\/producto\\\/asus-strix-b550-f-gaming-wifi\\\/#breadcrumb\",\"itemListElement\":[{\"@type\":\"ListItem\",\"position\":1,\"name\":\"Home\",\"item\":\"https:\\\/\\\/espaciosyambientes.com\\\/\"},{\"@type\":\"ListItem\",\"position\":2,\"name\":\"Tienda\",\"item\":\"https:\\\/\\\/espaciosyambientes.com\\\/tienda\\\/\"},{\"@type\":\"ListItem\",\"position\":3,\"name\":\"ASUS STRIX B550-F GAMING ii (WIFI)\"}]},{\"@type\":\"WebSite\",\"@id\":\"https:\\\/\\\/espaciosyambientes.com\\\/es_es\\\/#website\",\"url\":\"https:\\\/\\\/espaciosyambientes.com\\\/es_es\\\/\",\"name\":\"PC MASTERS BOGOTA\",\"description\":\"\",\"potentialAction\":[{\"@type\":\"SearchAction\",\"target\":{\"@type\":\"EntryPoint\",\"urlTemplate\":\"https:\\\/\\\/espaciosyambientes.com\\\/es_es\\\/?s={search_term_string}\"},\"query-input\":{\"@type\":\"PropertyValueSpecification\",\"valueRequired\":true,\"valueName\":\"search_term_string\"}}],\"inLanguage\":\"es\"}]}<\/script>\n<!-- \/ Yoast SEO plugin. -->","yoast_head_json":{"title":"ASUS STRIX B550-F GAMING ii (WIFI) - PC MASTERS BOGOTA","robots":{"index":"index","follow":"follow","max-snippet":"max-snippet:-1","max-image-preview":"max-image-preview:large","max-video-preview":"max-video-preview:-1"},"canonical":"https:\/\/espaciosyambientes.com\/es_es\/producto\/asus-strix-b550-f-gaming-wifi\/","og_locale":"es_ES","og_type":"article","og_title":"ASUS STRIX B550-F GAMING ii (WIFI) - PC MASTERS BOGOTA","og_description":"Marca ASUS Z\u00f3calo de CPU Socket AM4 RAM DDR4 Procesadores compatibles AMD 3rd Generation Ryzen Tipo de set de chips AMD B550 Velocidad de memoria 4400 MHz Plataforma Windows 10","og_url":"https:\/\/espaciosyambientes.com\/es_es\/producto\/asus-strix-b550-f-gaming-wifi\/","og_site_name":"PC MASTERS BOGOTA","article_modified_time":"2025-10-22T21:32:02+00:00","og_image":[{"width":732,"height":732,"url":"https:\/\/espaciosyambientes.com\/wp-content\/uploads\/2021\/10\/h732-1.png","type":"image\/png"}],"twitter_card":"summary_large_image","twitter_misc":{"Tiempo de lectura":"2 minutos"},"schema":{"@context":"https:\/\/schema.org","@graph":[{"@type":"WebPage","@id":"https:\/\/espaciosyambientes.com\/producto\/asus-strix-b550-f-gaming-wifi\/","url":"https:\/\/espaciosyambientes.com\/producto\/asus-strix-b550-f-gaming-wifi\/","name":"ASUS STRIX B550-F GAMING ii (WIFI) - PC MASTERS BOGOTA","isPartOf":{"@id":"https:\/\/espaciosyambientes.com\/es_es\/#website"},"primaryImageOfPage":{"@id":"https:\/\/espaciosyambientes.com\/producto\/asus-strix-b550-f-gaming-wifi\/#primaryimage"},"image":{"@id":"https:\/\/espaciosyambientes.com\/producto\/asus-strix-b550-f-gaming-wifi\/#primaryimage"},"thumbnailUrl":"https:\/\/espaciosyambientes.com\/wp-content\/uploads\/2021\/10\/h732-1.png","datePublished":"2021-10-16T19:09:32+00:00","dateModified":"2025-10-22T21:32:02+00:00","breadcrumb":{"@id":"https:\/\/espaciosyambientes.com\/producto\/asus-strix-b550-f-gaming-wifi\/#breadcrumb"},"inLanguage":"es","potentialAction":[{"@type":"ReadAction","target":["https:\/\/espaciosyambientes.com\/producto\/asus-strix-b550-f-gaming-wifi\/"]}]},{"@type":"ImageObject","inLanguage":"es","@id":"https:\/\/espaciosyambientes.com\/producto\/asus-strix-b550-f-gaming-wifi\/#primaryimage","url":"https:\/\/espaciosyambientes.com\/wp-content\/uploads\/2021\/10\/h732-1.png","contentUrl":"https:\/\/espaciosyambientes.com\/wp-content\/uploads\/2021\/10\/h732-1.png","width":732,"height":732},{"@type":"BreadcrumbList","@id":"https:\/\/espaciosyambientes.com\/producto\/asus-strix-b550-f-gaming-wifi\/#breadcrumb","itemListElement":[{"@type":"ListItem","position":1,"name":"Home","item":"https:\/\/espaciosyambientes.com\/"},{"@type":"ListItem","position":2,"name":"Tienda","item":"https:\/\/espaciosyambientes.com\/tienda\/"},{"@type":"ListItem","position":3,"name":"ASUS STRIX B550-F GAMING ii (WIFI)"}]},{"@type":"WebSite","@id":"https:\/\/espaciosyambientes.com\/es_es\/#website","url":"https:\/\/espaciosyambientes.com\/es_es\/","name":"PC MASTERS BOGOTA","description":"","potentialAction":[{"@type":"SearchAction","target":{"@type":"EntryPoint","urlTemplate":"https:\/\/espaciosyambientes.com\/es_es\/?s={search_term_string}"},"query-input":{"@type":"PropertyValueSpecification","valueRequired":true,"valueName":"search_term_string"}}],"inLanguage":"es"}]}},"_links":{"self":[{"href":"http:\/\/espaciosyambientes.com\/es_es\/wp-json\/wp\/v2\/product\/18280","targetHints":{"allow":["GET"]}}],"collection":[{"href":"http:\/\/espaciosyambientes.com\/es_es\/wp-json\/wp\/v2\/product"}],"about":[{"href":"http:\/\/espaciosyambientes.com\/es_es\/wp-json\/wp\/v2\/types\/product"}],"replies":[{"embeddable":true,"href":"http:\/\/espaciosyambientes.com\/es_es\/wp-json\/wp\/v2\/comments?post=18280"}],"version-history":[{"count":4,"href":"http:\/\/espaciosyambientes.com\/es_es\/wp-json\/wp\/v2\/product\/18280\/revisions"}],"predecessor-version":[{"id":27043,"href":"http:\/\/espaciosyambientes.com\/es_es\/wp-json\/wp\/v2\/product\/18280\/revisions\/27043"}],"wp:featuredmedia":[{"embeddable":true,"href":"http:\/\/espaciosyambientes.com\/es_es\/wp-json\/wp\/v2\/media\/18284"}],"wp:attachment":[{"href":"http:\/\/espaciosyambientes.com\/es_es\/wp-json\/wp\/v2\/media?parent=18280"}],"wp:term":[{"taxonomy":"product_brand","embeddable":true,"href":"http:\/\/espaciosyambientes.com\/es_es\/wp-json\/wp\/v2\/product_brand?post=18280"},{"taxonomy":"product_cat","embeddable":true,"href":"http:\/\/espaciosyambientes.com\/es_es\/wp-json\/wp\/v2\/product_cat?post=18280"},{"taxonomy":"product_tag","embeddable":true,"href":"http:\/\/espaciosyambientes.com\/es_es\/wp-json\/wp\/v2\/product_tag?post=18280"}],"curies":[{"name":"wp","href":"https:\/\/api.w.org\/{rel}","templated":true}]}}