{"id":16381,"date":"2021-08-17T14:55:41","date_gmt":"2021-08-17T19:55:41","guid":{"rendered":"https:\/\/espaciosyambientes.com\/?post_type=product&#038;p=16381"},"modified":"2025-10-31T15:32:27","modified_gmt":"2025-10-31T20:32:27","slug":"samsung-27-curvo-sin-bordes-lc27r500fh","status":"publish","type":"product","link":"http:\/\/espaciosyambientes.com\/es_es\/producto\/samsung-27-curvo-sin-bordes-lc27r500fh\/","title":{"rendered":"SAMSUNG 27&#8243; CURVO SIN BORDES LC27R500FH"},"content":{"rendered":"<p>https:\/\/www.samsung.com\/latin\/monitors\/lc27r500fhlxzp\/<\/p>\n<p>Caracter\u00edsticas de Samsung C27R500FHL 27 \u00bb<\/p>\n<p>Tama\u00f1o de la pantalla: 27 \u00bb<\/p>\n<p>Es curvo: S\u00ed<\/p>\n<p>Con altavoces incorporados: No<\/p>\n<p>Tipo de resoluci\u00f3n: Full HD<\/p>\n<p>Es reclinable: S\u00ed<br \/>\nCaracter\u00edsticas generales<br \/>\nMarca<br \/>\nSamsung<br \/>\nModelo<br \/>\nC27R500FHL<br \/>\nColor<br \/>\nDark blue gray<br \/>\nVoltaje<br \/>\n100V\/240V<br \/>\nConectividad<br \/>\nConexiones del monitor<br \/>\nHDMI 1.4, Jack 3.5 mm, D-Sub<br \/>\nEspecificaciones<br \/>\nEs curvo<br \/>\nS\u00ed<br \/>\nEs gamer<br \/>\nS\u00ed<br \/>\nSistemas operativos compatibles<br \/>\nWindows 7, Windows 8, Windows 8.1, Windows 10<br \/>\nCon altavoces incorporados<br \/>\nNo<br \/>\nEs reclinable<br \/>\nS\u00ed<br \/>\nOtros<br \/>\nCon montaje VESA<br \/>\nS\u00ed<br \/>\nPeso y dimensiones<br \/>\nAltura con soporte<br \/>\n466.2 mm<br \/>\nLargo con soporte<br \/>\n251.2 mm<br \/>\nAncho con soporte<br \/>\n614.2 mm<br \/>\nPeso con soporte<br \/>\n4.3 kg<br \/>\nAltura sin soporte<br \/>\n362.8 mm<br \/>\nLargo sin soporte<br \/>\n94.4 mm<br \/>\nAncho sin soporte<br \/>\n614.2 mm<br \/>\nPeso sin soporte<br \/>\n3.5 kg<\/p>\n","protected":false},"excerpt":{"rendered":"<p>Sum\u00e9rgete en el trabajo o el juego con esta pantalla curva que te envuelve, atrae y te mantiene enfocado. Incluso durante el uso prolongado, la curvatura del monitor reduce la fatiga visual, por lo que la inform\u00e1tica es m\u00e1s c\u00f3moda que nunca.<\/p>\n","protected":false},"featured_media":16752,"comment_status":"open","ping_status":"closed","template":"","meta":[],"product_brand":[113],"product_cat":[78],"product_tag":[343],"class_list":{"0":"post-16381","1":"product","2":"type-product","3":"status-publish","4":"has-post-thumbnail","6":"product_brand-samsung","7":"product_cat-monitores","8":"product_tag-pantallas","10":"first","11":"instock","12":"taxable","13":"shipping-taxable","14":"purchasable","15":"product-type-simple"},"yoast_head":"<!-- This site is optimized with the Yoast SEO plugin v27.3 - https:\/\/yoast.com\/product\/yoast-seo-wordpress\/ -->\n<title>SAMSUNG 27&quot; CURVO SIN BORDES LC27R500FH - PC MASTERS BOGOTA<\/title>\n<meta name=\"robots\" content=\"index, follow, max-snippet:-1, max-image-preview:large, max-video-preview:-1\" \/>\n<link rel=\"canonical\" href=\"https:\/\/espaciosyambientes.com\/es_es\/producto\/samsung-27-curvo-sin-bordes-lc27r500fh\/\" \/>\n<meta property=\"og:locale\" content=\"es_ES\" \/>\n<meta property=\"og:type\" content=\"article\" \/>\n<meta property=\"og:title\" content=\"SAMSUNG 27&quot; CURVO SIN BORDES LC27R500FH - PC MASTERS BOGOTA\" \/>\n<meta property=\"og:description\" content=\"Sum\u00e9rgete en el trabajo o el juego con esta pantalla curva que te envuelve, atrae y te mantiene enfocado. Incluso durante el uso prolongado, la curvatura del monitor reduce la fatiga visual, por lo que la inform\u00e1tica es m\u00e1s c\u00f3moda que nunca.\" \/>\n<meta property=\"og:url\" content=\"https:\/\/espaciosyambientes.com\/es_es\/producto\/samsung-27-curvo-sin-bordes-lc27r500fh\/\" \/>\n<meta property=\"og:site_name\" content=\"PC MASTERS BOGOTA\" \/>\n<meta property=\"article:modified_time\" content=\"2025-10-31T20:32:27+00:00\" \/>\n<meta property=\"og:image\" content=\"https:\/\/espaciosyambientes.com\/wp-content\/uploads\/2021\/08\/15156.png\" \/>\n\t<meta property=\"og:image:width\" content=\"1000\" \/>\n\t<meta property=\"og:image:height\" content=\"1000\" \/>\n\t<meta property=\"og:image:type\" content=\"image\/png\" \/>\n<meta name=\"twitter:card\" content=\"summary_large_image\" \/>\n<meta name=\"twitter:label1\" content=\"Tiempo de lectura\" \/>\n\t<meta name=\"twitter:data1\" content=\"1 minuto\" \/>\n<script type=\"application\/ld+json\" class=\"yoast-schema-graph\">{\"@context\":\"https:\\\/\\\/schema.org\",\"@graph\":[{\"@type\":\"WebPage\",\"@id\":\"https:\\\/\\\/espaciosyambientes.com\\\/producto\\\/samsung-27-curvo-sin-bordes-lc27r500fh\\\/\",\"url\":\"https:\\\/\\\/espaciosyambientes.com\\\/producto\\\/samsung-27-curvo-sin-bordes-lc27r500fh\\\/\",\"name\":\"SAMSUNG 27\\\" CURVO SIN BORDES LC27R500FH - PC MASTERS BOGOTA\",\"isPartOf\":{\"@id\":\"https:\\\/\\\/espaciosyambientes.com\\\/es_es\\\/#website\"},\"primaryImageOfPage\":{\"@id\":\"https:\\\/\\\/espaciosyambientes.com\\\/producto\\\/samsung-27-curvo-sin-bordes-lc27r500fh\\\/#primaryimage\"},\"image\":{\"@id\":\"https:\\\/\\\/espaciosyambientes.com\\\/producto\\\/samsung-27-curvo-sin-bordes-lc27r500fh\\\/#primaryimage\"},\"thumbnailUrl\":\"https:\\\/\\\/espaciosyambientes.com\\\/wp-content\\\/uploads\\\/2021\\\/08\\\/15156.png\",\"datePublished\":\"2021-08-17T19:55:41+00:00\",\"dateModified\":\"2025-10-31T20:32:27+00:00\",\"breadcrumb\":{\"@id\":\"https:\\\/\\\/espaciosyambientes.com\\\/producto\\\/samsung-27-curvo-sin-bordes-lc27r500fh\\\/#breadcrumb\"},\"inLanguage\":\"es\",\"potentialAction\":[{\"@type\":\"ReadAction\",\"target\":[\"https:\\\/\\\/espaciosyambientes.com\\\/producto\\\/samsung-27-curvo-sin-bordes-lc27r500fh\\\/\"]}]},{\"@type\":\"ImageObject\",\"inLanguage\":\"es\",\"@id\":\"https:\\\/\\\/espaciosyambientes.com\\\/producto\\\/samsung-27-curvo-sin-bordes-lc27r500fh\\\/#primaryimage\",\"url\":\"https:\\\/\\\/espaciosyambientes.com\\\/wp-content\\\/uploads\\\/2021\\\/08\\\/15156.png\",\"contentUrl\":\"https:\\\/\\\/espaciosyambientes.com\\\/wp-content\\\/uploads\\\/2021\\\/08\\\/15156.png\",\"width\":1000,\"height\":1000},{\"@type\":\"BreadcrumbList\",\"@id\":\"https:\\\/\\\/espaciosyambientes.com\\\/producto\\\/samsung-27-curvo-sin-bordes-lc27r500fh\\\/#breadcrumb\",\"itemListElement\":[{\"@type\":\"ListItem\",\"position\":1,\"name\":\"Home\",\"item\":\"https:\\\/\\\/espaciosyambientes.com\\\/\"},{\"@type\":\"ListItem\",\"position\":2,\"name\":\"Tienda\",\"item\":\"https:\\\/\\\/espaciosyambientes.com\\\/tienda\\\/\"},{\"@type\":\"ListItem\",\"position\":3,\"name\":\"SAMSUNG 27&#8243; CURVO SIN BORDES LC27R500FH\"}]},{\"@type\":\"WebSite\",\"@id\":\"https:\\\/\\\/espaciosyambientes.com\\\/es_es\\\/#website\",\"url\":\"https:\\\/\\\/espaciosyambientes.com\\\/es_es\\\/\",\"name\":\"PC MASTERS BOGOTA\",\"description\":\"\",\"potentialAction\":[{\"@type\":\"SearchAction\",\"target\":{\"@type\":\"EntryPoint\",\"urlTemplate\":\"https:\\\/\\\/espaciosyambientes.com\\\/es_es\\\/?s={search_term_string}\"},\"query-input\":{\"@type\":\"PropertyValueSpecification\",\"valueRequired\":true,\"valueName\":\"search_term_string\"}}],\"inLanguage\":\"es\"}]}<\/script>\n<!-- \/ Yoast SEO plugin. -->","yoast_head_json":{"title":"SAMSUNG 27\" CURVO SIN BORDES LC27R500FH - PC MASTERS BOGOTA","robots":{"index":"index","follow":"follow","max-snippet":"max-snippet:-1","max-image-preview":"max-image-preview:large","max-video-preview":"max-video-preview:-1"},"canonical":"https:\/\/espaciosyambientes.com\/es_es\/producto\/samsung-27-curvo-sin-bordes-lc27r500fh\/","og_locale":"es_ES","og_type":"article","og_title":"SAMSUNG 27\" CURVO SIN BORDES LC27R500FH - PC MASTERS BOGOTA","og_description":"Sum\u00e9rgete en el trabajo o el juego con esta pantalla curva que te envuelve, atrae y te mantiene enfocado. Incluso durante el uso prolongado, la curvatura del monitor reduce la fatiga visual, por lo que la inform\u00e1tica es m\u00e1s c\u00f3moda que nunca.","og_url":"https:\/\/espaciosyambientes.com\/es_es\/producto\/samsung-27-curvo-sin-bordes-lc27r500fh\/","og_site_name":"PC MASTERS BOGOTA","article_modified_time":"2025-10-31T20:32:27+00:00","og_image":[{"width":1000,"height":1000,"url":"https:\/\/espaciosyambientes.com\/wp-content\/uploads\/2021\/08\/15156.png","type":"image\/png"}],"twitter_card":"summary_large_image","twitter_misc":{"Tiempo de lectura":"1 minuto"},"schema":{"@context":"https:\/\/schema.org","@graph":[{"@type":"WebPage","@id":"https:\/\/espaciosyambientes.com\/producto\/samsung-27-curvo-sin-bordes-lc27r500fh\/","url":"https:\/\/espaciosyambientes.com\/producto\/samsung-27-curvo-sin-bordes-lc27r500fh\/","name":"SAMSUNG 27\" CURVO SIN BORDES LC27R500FH - PC MASTERS BOGOTA","isPartOf":{"@id":"https:\/\/espaciosyambientes.com\/es_es\/#website"},"primaryImageOfPage":{"@id":"https:\/\/espaciosyambientes.com\/producto\/samsung-27-curvo-sin-bordes-lc27r500fh\/#primaryimage"},"image":{"@id":"https:\/\/espaciosyambientes.com\/producto\/samsung-27-curvo-sin-bordes-lc27r500fh\/#primaryimage"},"thumbnailUrl":"https:\/\/espaciosyambientes.com\/wp-content\/uploads\/2021\/08\/15156.png","datePublished":"2021-08-17T19:55:41+00:00","dateModified":"2025-10-31T20:32:27+00:00","breadcrumb":{"@id":"https:\/\/espaciosyambientes.com\/producto\/samsung-27-curvo-sin-bordes-lc27r500fh\/#breadcrumb"},"inLanguage":"es","potentialAction":[{"@type":"ReadAction","target":["https:\/\/espaciosyambientes.com\/producto\/samsung-27-curvo-sin-bordes-lc27r500fh\/"]}]},{"@type":"ImageObject","inLanguage":"es","@id":"https:\/\/espaciosyambientes.com\/producto\/samsung-27-curvo-sin-bordes-lc27r500fh\/#primaryimage","url":"https:\/\/espaciosyambientes.com\/wp-content\/uploads\/2021\/08\/15156.png","contentUrl":"https:\/\/espaciosyambientes.com\/wp-content\/uploads\/2021\/08\/15156.png","width":1000,"height":1000},{"@type":"BreadcrumbList","@id":"https:\/\/espaciosyambientes.com\/producto\/samsung-27-curvo-sin-bordes-lc27r500fh\/#breadcrumb","itemListElement":[{"@type":"ListItem","position":1,"name":"Home","item":"https:\/\/espaciosyambientes.com\/"},{"@type":"ListItem","position":2,"name":"Tienda","item":"https:\/\/espaciosyambientes.com\/tienda\/"},{"@type":"ListItem","position":3,"name":"SAMSUNG 27&#8243; CURVO SIN BORDES LC27R500FH"}]},{"@type":"WebSite","@id":"https:\/\/espaciosyambientes.com\/es_es\/#website","url":"https:\/\/espaciosyambientes.com\/es_es\/","name":"PC MASTERS BOGOTA","description":"","potentialAction":[{"@type":"SearchAction","target":{"@type":"EntryPoint","urlTemplate":"https:\/\/espaciosyambientes.com\/es_es\/?s={search_term_string}"},"query-input":{"@type":"PropertyValueSpecification","valueRequired":true,"valueName":"search_term_string"}}],"inLanguage":"es"}]}},"_links":{"self":[{"href":"http:\/\/espaciosyambientes.com\/es_es\/wp-json\/wp\/v2\/product\/16381","targetHints":{"allow":["GET"]}}],"collection":[{"href":"http:\/\/espaciosyambientes.com\/es_es\/wp-json\/wp\/v2\/product"}],"about":[{"href":"http:\/\/espaciosyambientes.com\/es_es\/wp-json\/wp\/v2\/types\/product"}],"replies":[{"embeddable":true,"href":"http:\/\/espaciosyambientes.com\/es_es\/wp-json\/wp\/v2\/comments?post=16381"}],"version-history":[{"count":3,"href":"http:\/\/espaciosyambientes.com\/es_es\/wp-json\/wp\/v2\/product\/16381\/revisions"}],"predecessor-version":[{"id":17662,"href":"http:\/\/espaciosyambientes.com\/es_es\/wp-json\/wp\/v2\/product\/16381\/revisions\/17662"}],"wp:featuredmedia":[{"embeddable":true,"href":"http:\/\/espaciosyambientes.com\/es_es\/wp-json\/wp\/v2\/media\/16752"}],"wp:attachment":[{"href":"http:\/\/espaciosyambientes.com\/es_es\/wp-json\/wp\/v2\/media?parent=16381"}],"wp:term":[{"taxonomy":"product_brand","embeddable":true,"href":"http:\/\/espaciosyambientes.com\/es_es\/wp-json\/wp\/v2\/product_brand?post=16381"},{"taxonomy":"product_cat","embeddable":true,"href":"http:\/\/espaciosyambientes.com\/es_es\/wp-json\/wp\/v2\/product_cat?post=16381"},{"taxonomy":"product_tag","embeddable":true,"href":"http:\/\/espaciosyambientes.com\/es_es\/wp-json\/wp\/v2\/product_tag?post=16381"}],"curies":[{"name":"wp","href":"https:\/\/api.w.org\/{rel}","templated":true}]}}