{"id":16380,"date":"2021-08-17T14:55:41","date_gmt":"2021-08-17T19:55:41","guid":{"rendered":"https:\/\/espaciosyambientes.com\/?post_type=product&#038;p=16380"},"modified":"2025-10-31T15:32:18","modified_gmt":"2025-10-31T20:32:18","slug":"samsung-24-gaming-144hz-crvo-lc24rg50","status":"publish","type":"product","link":"http:\/\/espaciosyambientes.com\/es_es\/producto\/samsung-24-gaming-144hz-crvo-lc24rg50\/","title":{"rendered":"SAMSUNG 24&#8243; GAMING (144Hz) CRVO LC24RG50"},"content":{"rendered":"<p>https:\/\/www.samsung.com\/co\/monitors\/gaming\/curved-gaming-monitor-with-144hz-refresh-rate-24-inch-lc24rg50fqlxzl\/<\/p>\n<p>MONITOR CURVO GAMER 24<\/p>\n<p>\u2022 Marca: Samsung<br \/>\n\u2022 L\u00ednea de producto: Perif\u00e9ricos<br \/>\n\u2022 Modelo: LC24RG50FQLXZ<br \/>\n\u2022 Estado: Nuevo<br \/>\n\u2022 Garant\u00eda: 3 a\u00f1os directamente con la marca<br \/>\n\u2022 Tama\u00f1o de pantalla: LED 23,5&#8243; (pulgadas)<br \/>\n\u2022 Curvo<br \/>\n\u2022 Tasa de Refresco 144Hz<br \/>\n\u2022 Tiempo de Respuesta 4ms (GTG)<br \/>\n\u2022 Resoluci\u00f3n 1,920 x 1,080<br \/>\n\u2022 Curvatura de pantalla 1800R<br \/>\n\u2022 Relaci\u00f3n de aspecto 16:9<br \/>\n\u2022 HDMI 2 EA<br \/>\n\u2022 Display Port 1 EA<br \/>\n\u2022 Auriculares S\u00ed<br \/>\n\u2022 Dimensi\u00f3n del Conjunto con Soporte (AnchoxAltoxProfundidad) 547.8 x 430.5 x 242.6 mm<\/p>\n<p>CONTENIDO DE LA COMPRA<br \/>\n\u2022 Monitor<br \/>\n\u2022 Manual de usuario<br \/>\n\u2022 CD<br \/>\n\u2022 Base<br \/>\n\u2022 Cable Alimentaci\u00f3n<br \/>\n\u2022 Cable Hdmi<\/p>\n","protected":false},"excerpt":{"rendered":"<p>L\u00edder en monitores curvos. Samsung ha liderado el mercado de monitores curvos desde 2015, cuando fue el primero en presentar al mundo estas innovadoras pantallas. Con tecnolog\u00eda l\u00edder en el sector en una l\u00ednea de productos completa, los monitores curvos de Samsung son, consistentemente, el n\u00famero uno en lo que respecta a la participaci\u00f3n en el mercado y la elecci\u00f3n de los consumidores.<\/p>\n","protected":false},"featured_media":16747,"comment_status":"open","ping_status":"closed","template":"","meta":[],"product_brand":[113],"product_cat":[78],"product_tag":[343],"class_list":{"0":"post-16380","1":"product","2":"type-product","3":"status-publish","4":"has-post-thumbnail","6":"product_brand-samsung","7":"product_cat-monitores","8":"product_tag-pantallas","10":"first","11":"instock","12":"taxable","13":"shipping-taxable","14":"purchasable","15":"product-type-simple"},"yoast_head":"<!-- This site is optimized with the Yoast SEO plugin v27.3 - https:\/\/yoast.com\/product\/yoast-seo-wordpress\/ -->\n<title>SAMSUNG 24&quot; GAMING (144Hz) CRVO LC24RG50 - PC MASTERS BOGOTA<\/title>\n<meta name=\"robots\" content=\"index, follow, max-snippet:-1, max-image-preview:large, max-video-preview:-1\" \/>\n<link rel=\"canonical\" href=\"https:\/\/espaciosyambientes.com\/es_es\/producto\/samsung-24-gaming-144hz-crvo-lc24rg50\/\" \/>\n<meta property=\"og:locale\" content=\"es_ES\" \/>\n<meta property=\"og:type\" content=\"article\" \/>\n<meta property=\"og:title\" content=\"SAMSUNG 24&quot; GAMING (144Hz) CRVO LC24RG50 - PC MASTERS BOGOTA\" \/>\n<meta property=\"og:description\" content=\"L\u00edder en monitores curvos. Samsung ha liderado el mercado de monitores curvos desde 2015, cuando fue el primero en presentar al mundo estas innovadoras pantallas. Con tecnolog\u00eda l\u00edder en el sector en una l\u00ednea de productos completa, los monitores curvos de Samsung son, consistentemente, el n\u00famero uno en lo que respecta a la participaci\u00f3n en el mercado y la elecci\u00f3n de los consumidores.\" \/>\n<meta property=\"og:url\" content=\"https:\/\/espaciosyambientes.com\/es_es\/producto\/samsung-24-gaming-144hz-crvo-lc24rg50\/\" \/>\n<meta property=\"og:site_name\" content=\"PC MASTERS BOGOTA\" \/>\n<meta property=\"article:modified_time\" content=\"2025-10-31T20:32:18+00:00\" \/>\n<meta property=\"og:image\" content=\"https:\/\/espaciosyambientes.com\/wp-content\/uploads\/2021\/08\/15095.png\" \/>\n\t<meta property=\"og:image:width\" content=\"1000\" \/>\n\t<meta property=\"og:image:height\" content=\"1000\" \/>\n\t<meta property=\"og:image:type\" content=\"image\/png\" \/>\n<meta name=\"twitter:card\" content=\"summary_large_image\" \/>\n<meta name=\"twitter:label1\" content=\"Tiempo de lectura\" \/>\n\t<meta name=\"twitter:data1\" content=\"1 minuto\" \/>\n<script type=\"application\/ld+json\" class=\"yoast-schema-graph\">{\"@context\":\"https:\\\/\\\/schema.org\",\"@graph\":[{\"@type\":\"WebPage\",\"@id\":\"https:\\\/\\\/espaciosyambientes.com\\\/producto\\\/samsung-24-gaming-144hz-crvo-lc24rg50\\\/\",\"url\":\"https:\\\/\\\/espaciosyambientes.com\\\/producto\\\/samsung-24-gaming-144hz-crvo-lc24rg50\\\/\",\"name\":\"SAMSUNG 24\\\" GAMING (144Hz) CRVO LC24RG50 - PC MASTERS BOGOTA\",\"isPartOf\":{\"@id\":\"https:\\\/\\\/espaciosyambientes.com\\\/es_es\\\/#website\"},\"primaryImageOfPage\":{\"@id\":\"https:\\\/\\\/espaciosyambientes.com\\\/producto\\\/samsung-24-gaming-144hz-crvo-lc24rg50\\\/#primaryimage\"},\"image\":{\"@id\":\"https:\\\/\\\/espaciosyambientes.com\\\/producto\\\/samsung-24-gaming-144hz-crvo-lc24rg50\\\/#primaryimage\"},\"thumbnailUrl\":\"https:\\\/\\\/espaciosyambientes.com\\\/wp-content\\\/uploads\\\/2021\\\/08\\\/15095.png\",\"datePublished\":\"2021-08-17T19:55:41+00:00\",\"dateModified\":\"2025-10-31T20:32:18+00:00\",\"breadcrumb\":{\"@id\":\"https:\\\/\\\/espaciosyambientes.com\\\/producto\\\/samsung-24-gaming-144hz-crvo-lc24rg50\\\/#breadcrumb\"},\"inLanguage\":\"es\",\"potentialAction\":[{\"@type\":\"ReadAction\",\"target\":[\"https:\\\/\\\/espaciosyambientes.com\\\/producto\\\/samsung-24-gaming-144hz-crvo-lc24rg50\\\/\"]}]},{\"@type\":\"ImageObject\",\"inLanguage\":\"es\",\"@id\":\"https:\\\/\\\/espaciosyambientes.com\\\/producto\\\/samsung-24-gaming-144hz-crvo-lc24rg50\\\/#primaryimage\",\"url\":\"https:\\\/\\\/espaciosyambientes.com\\\/wp-content\\\/uploads\\\/2021\\\/08\\\/15095.png\",\"contentUrl\":\"https:\\\/\\\/espaciosyambientes.com\\\/wp-content\\\/uploads\\\/2021\\\/08\\\/15095.png\",\"width\":1000,\"height\":1000},{\"@type\":\"BreadcrumbList\",\"@id\":\"https:\\\/\\\/espaciosyambientes.com\\\/producto\\\/samsung-24-gaming-144hz-crvo-lc24rg50\\\/#breadcrumb\",\"itemListElement\":[{\"@type\":\"ListItem\",\"position\":1,\"name\":\"Home\",\"item\":\"https:\\\/\\\/espaciosyambientes.com\\\/\"},{\"@type\":\"ListItem\",\"position\":2,\"name\":\"Tienda\",\"item\":\"https:\\\/\\\/espaciosyambientes.com\\\/tienda\\\/\"},{\"@type\":\"ListItem\",\"position\":3,\"name\":\"SAMSUNG 24&#8243; GAMING (144Hz) CRVO LC24RG50\"}]},{\"@type\":\"WebSite\",\"@id\":\"https:\\\/\\\/espaciosyambientes.com\\\/es_es\\\/#website\",\"url\":\"https:\\\/\\\/espaciosyambientes.com\\\/es_es\\\/\",\"name\":\"PC MASTERS BOGOTA\",\"description\":\"\",\"potentialAction\":[{\"@type\":\"SearchAction\",\"target\":{\"@type\":\"EntryPoint\",\"urlTemplate\":\"https:\\\/\\\/espaciosyambientes.com\\\/es_es\\\/?s={search_term_string}\"},\"query-input\":{\"@type\":\"PropertyValueSpecification\",\"valueRequired\":true,\"valueName\":\"search_term_string\"}}],\"inLanguage\":\"es\"}]}<\/script>\n<!-- \/ Yoast SEO plugin. -->","yoast_head_json":{"title":"SAMSUNG 24\" GAMING (144Hz) CRVO LC24RG50 - PC MASTERS BOGOTA","robots":{"index":"index","follow":"follow","max-snippet":"max-snippet:-1","max-image-preview":"max-image-preview:large","max-video-preview":"max-video-preview:-1"},"canonical":"https:\/\/espaciosyambientes.com\/es_es\/producto\/samsung-24-gaming-144hz-crvo-lc24rg50\/","og_locale":"es_ES","og_type":"article","og_title":"SAMSUNG 24\" GAMING (144Hz) CRVO LC24RG50 - PC MASTERS BOGOTA","og_description":"L\u00edder en monitores curvos. Samsung ha liderado el mercado de monitores curvos desde 2015, cuando fue el primero en presentar al mundo estas innovadoras pantallas. Con tecnolog\u00eda l\u00edder en el sector en una l\u00ednea de productos completa, los monitores curvos de Samsung son, consistentemente, el n\u00famero uno en lo que respecta a la participaci\u00f3n en el mercado y la elecci\u00f3n de los consumidores.","og_url":"https:\/\/espaciosyambientes.com\/es_es\/producto\/samsung-24-gaming-144hz-crvo-lc24rg50\/","og_site_name":"PC MASTERS BOGOTA","article_modified_time":"2025-10-31T20:32:18+00:00","og_image":[{"width":1000,"height":1000,"url":"https:\/\/espaciosyambientes.com\/wp-content\/uploads\/2021\/08\/15095.png","type":"image\/png"}],"twitter_card":"summary_large_image","twitter_misc":{"Tiempo de lectura":"1 minuto"},"schema":{"@context":"https:\/\/schema.org","@graph":[{"@type":"WebPage","@id":"https:\/\/espaciosyambientes.com\/producto\/samsung-24-gaming-144hz-crvo-lc24rg50\/","url":"https:\/\/espaciosyambientes.com\/producto\/samsung-24-gaming-144hz-crvo-lc24rg50\/","name":"SAMSUNG 24\" GAMING (144Hz) CRVO LC24RG50 - PC MASTERS BOGOTA","isPartOf":{"@id":"https:\/\/espaciosyambientes.com\/es_es\/#website"},"primaryImageOfPage":{"@id":"https:\/\/espaciosyambientes.com\/producto\/samsung-24-gaming-144hz-crvo-lc24rg50\/#primaryimage"},"image":{"@id":"https:\/\/espaciosyambientes.com\/producto\/samsung-24-gaming-144hz-crvo-lc24rg50\/#primaryimage"},"thumbnailUrl":"https:\/\/espaciosyambientes.com\/wp-content\/uploads\/2021\/08\/15095.png","datePublished":"2021-08-17T19:55:41+00:00","dateModified":"2025-10-31T20:32:18+00:00","breadcrumb":{"@id":"https:\/\/espaciosyambientes.com\/producto\/samsung-24-gaming-144hz-crvo-lc24rg50\/#breadcrumb"},"inLanguage":"es","potentialAction":[{"@type":"ReadAction","target":["https:\/\/espaciosyambientes.com\/producto\/samsung-24-gaming-144hz-crvo-lc24rg50\/"]}]},{"@type":"ImageObject","inLanguage":"es","@id":"https:\/\/espaciosyambientes.com\/producto\/samsung-24-gaming-144hz-crvo-lc24rg50\/#primaryimage","url":"https:\/\/espaciosyambientes.com\/wp-content\/uploads\/2021\/08\/15095.png","contentUrl":"https:\/\/espaciosyambientes.com\/wp-content\/uploads\/2021\/08\/15095.png","width":1000,"height":1000},{"@type":"BreadcrumbList","@id":"https:\/\/espaciosyambientes.com\/producto\/samsung-24-gaming-144hz-crvo-lc24rg50\/#breadcrumb","itemListElement":[{"@type":"ListItem","position":1,"name":"Home","item":"https:\/\/espaciosyambientes.com\/"},{"@type":"ListItem","position":2,"name":"Tienda","item":"https:\/\/espaciosyambientes.com\/tienda\/"},{"@type":"ListItem","position":3,"name":"SAMSUNG 24&#8243; GAMING (144Hz) CRVO LC24RG50"}]},{"@type":"WebSite","@id":"https:\/\/espaciosyambientes.com\/es_es\/#website","url":"https:\/\/espaciosyambientes.com\/es_es\/","name":"PC MASTERS BOGOTA","description":"","potentialAction":[{"@type":"SearchAction","target":{"@type":"EntryPoint","urlTemplate":"https:\/\/espaciosyambientes.com\/es_es\/?s={search_term_string}"},"query-input":{"@type":"PropertyValueSpecification","valueRequired":true,"valueName":"search_term_string"}}],"inLanguage":"es"}]}},"_links":{"self":[{"href":"http:\/\/espaciosyambientes.com\/es_es\/wp-json\/wp\/v2\/product\/16380","targetHints":{"allow":["GET"]}}],"collection":[{"href":"http:\/\/espaciosyambientes.com\/es_es\/wp-json\/wp\/v2\/product"}],"about":[{"href":"http:\/\/espaciosyambientes.com\/es_es\/wp-json\/wp\/v2\/types\/product"}],"replies":[{"embeddable":true,"href":"http:\/\/espaciosyambientes.com\/es_es\/wp-json\/wp\/v2\/comments?post=16380"}],"version-history":[{"count":4,"href":"http:\/\/espaciosyambientes.com\/es_es\/wp-json\/wp\/v2\/product\/16380\/revisions"}],"predecessor-version":[{"id":17661,"href":"http:\/\/espaciosyambientes.com\/es_es\/wp-json\/wp\/v2\/product\/16380\/revisions\/17661"}],"wp:featuredmedia":[{"embeddable":true,"href":"http:\/\/espaciosyambientes.com\/es_es\/wp-json\/wp\/v2\/media\/16747"}],"wp:attachment":[{"href":"http:\/\/espaciosyambientes.com\/es_es\/wp-json\/wp\/v2\/media?parent=16380"}],"wp:term":[{"taxonomy":"product_brand","embeddable":true,"href":"http:\/\/espaciosyambientes.com\/es_es\/wp-json\/wp\/v2\/product_brand?post=16380"},{"taxonomy":"product_cat","embeddable":true,"href":"http:\/\/espaciosyambientes.com\/es_es\/wp-json\/wp\/v2\/product_cat?post=16380"},{"taxonomy":"product_tag","embeddable":true,"href":"http:\/\/espaciosyambientes.com\/es_es\/wp-json\/wp\/v2\/product_tag?post=16380"}],"curies":[{"name":"wp","href":"https:\/\/api.w.org\/{rel}","templated":true}]}}