{"id":16369,"date":"2021-08-17T14:55:39","date_gmt":"2021-08-17T19:55:39","guid":{"rendered":"https:\/\/espaciosyambientes.com\/?post_type=product&#038;p=16369"},"modified":"2025-10-31T15:35:21","modified_gmt":"2025-10-31T20:35:21","slug":"lg-315-4k-hdmi-display-port-32uk550-b","status":"publish","type":"product","link":"http:\/\/espaciosyambientes.com\/es_es\/producto\/lg-315-4k-hdmi-display-port-32uk550-b\/","title":{"rendered":"LG 31,5&#8243; 4K (HDMI-DISPLAY PORT) -32UK550B"},"content":{"rendered":"<p>https:\/\/www.lg.com\/co\/monitores\/lg-32un550-w<\/p>\n<p>Usos espec\u00edficos del producto Multimedia, Personal<br \/>\nFrecuencia de actualizaci\u00f3n 60 Hz<br \/>\nMarca LG<br \/>\nTama\u00f1o de pantalla 31.5 Pulgadas<br \/>\nDescripci\u00f3n de la superficie de la pantalla Plana<br \/>\nFunci\u00f3n especial HDR10, RADEON FreeSync\u2122, Color Calibrado, DCI-P3 95% (CIE1976), Super Resolution+<br \/>\nN\u00famero de puertos HDMI 2<br \/>\nSeries 32UK550-B<br \/>\nInterfaz de hardware DisplayPort, HDMI<br \/>\nTecnolog\u00eda de conectividad DC-in jack<br \/>\nVer m\u00e1s<br \/>\nAcerca de este producto<br \/>\nColores vivos y mejor contraste con HDR10<br \/>\nAjusta mediante hardware la configuraci\u00f3n del color para mantener la precisi\u00f3n en cualquier juego o contenido audiovisual<br \/>\nMuestra por encima del 95% del espectro de color DCI-P3<br \/>\nTecnolog\u00eda RADEON FreeSync para disfrutar de la acci\u00f3n sin parpadeos<br \/>\nAmpl\u00eda contenidos en la pantalla sin que pierdan resoluci\u00f3n ni nitidez gracias a la tecnolog\u00eda Super Resolution+<\/p>\n","protected":false},"excerpt":{"rendered":"<p>Resolucion 3840 x 2160<br \/>\n&#8211; Tiempo de Respuesta 4ms<br \/>\n&#8211; Frecuencia de actualizaci\u00f3n de 60Hz<br \/>\n&#8211; Entradas de video HDMI, DP<br \/>\n&#8211; Tecnolog\u00eda AMD FreeSync<br \/>\n&#8211; Tecnolog\u00eda Dynamic Action Sync<br \/>\n&#8211; Montable en la pared VESA 100 x 100 mm<\/p>\n","protected":false},"featured_media":16799,"comment_status":"open","ping_status":"closed","template":"","meta":[],"product_brand":[336],"product_cat":[78],"product_tag":[343],"class_list":{"0":"post-16369","1":"product","2":"type-product","3":"status-publish","4":"has-post-thumbnail","6":"product_brand-lg","7":"product_cat-monitores","8":"product_tag-pantallas","10":"first","11":"instock","12":"taxable","13":"shipping-taxable","14":"purchasable","15":"product-type-simple"},"yoast_head":"<!-- This site is optimized with the Yoast SEO plugin v27.3 - https:\/\/yoast.com\/product\/yoast-seo-wordpress\/ -->\n<title>LG 31,5&quot; 4K (HDMI-DISPLAY PORT) -32UK550B - PC MASTERS BOGOTA<\/title>\n<meta name=\"robots\" content=\"index, follow, max-snippet:-1, max-image-preview:large, max-video-preview:-1\" \/>\n<link rel=\"canonical\" href=\"https:\/\/espaciosyambientes.com\/es_es\/producto\/lg-315-4k-hdmi-display-port-32uk550-b\/\" \/>\n<meta property=\"og:locale\" content=\"es_ES\" \/>\n<meta property=\"og:type\" content=\"article\" \/>\n<meta property=\"og:title\" content=\"LG 31,5&quot; 4K (HDMI-DISPLAY PORT) -32UK550B - PC MASTERS BOGOTA\" \/>\n<meta property=\"og:description\" content=\"Resolucion 3840 x 2160 - Tiempo de Respuesta 4ms - Frecuencia de actualizaci\u00f3n de 60Hz - Entradas de video HDMI, DP - Tecnolog\u00eda AMD FreeSync - Tecnolog\u00eda Dynamic Action Sync - Montable en la pared VESA 100 x 100 mm\" \/>\n<meta property=\"og:url\" content=\"https:\/\/espaciosyambientes.com\/es_es\/producto\/lg-315-4k-hdmi-display-port-32uk550-b\/\" \/>\n<meta property=\"og:site_name\" content=\"PC MASTERS BOGOTA\" \/>\n<meta property=\"article:modified_time\" content=\"2025-10-31T20:35:21+00:00\" \/>\n<meta property=\"og:image\" content=\"https:\/\/espaciosyambientes.com\/wp-content\/uploads\/2021\/08\/frontal_130.jpg\" \/>\n\t<meta property=\"og:image:width\" content=\"800\" \/>\n\t<meta property=\"og:image:height\" content=\"800\" \/>\n\t<meta property=\"og:image:type\" content=\"image\/jpeg\" \/>\n<meta name=\"twitter:card\" content=\"summary_large_image\" \/>\n<meta name=\"twitter:label1\" content=\"Tiempo de lectura\" \/>\n\t<meta name=\"twitter:data1\" content=\"1 minuto\" \/>\n<script type=\"application\/ld+json\" class=\"yoast-schema-graph\">{\"@context\":\"https:\\\/\\\/schema.org\",\"@graph\":[{\"@type\":\"WebPage\",\"@id\":\"https:\\\/\\\/espaciosyambientes.com\\\/producto\\\/lg-315-4k-hdmi-display-port-32uk550-b\\\/\",\"url\":\"https:\\\/\\\/espaciosyambientes.com\\\/producto\\\/lg-315-4k-hdmi-display-port-32uk550-b\\\/\",\"name\":\"LG 31,5\\\" 4K (HDMI-DISPLAY PORT) -32UK550B - PC MASTERS BOGOTA\",\"isPartOf\":{\"@id\":\"https:\\\/\\\/espaciosyambientes.com\\\/es_es\\\/#website\"},\"primaryImageOfPage\":{\"@id\":\"https:\\\/\\\/espaciosyambientes.com\\\/producto\\\/lg-315-4k-hdmi-display-port-32uk550-b\\\/#primaryimage\"},\"image\":{\"@id\":\"https:\\\/\\\/espaciosyambientes.com\\\/producto\\\/lg-315-4k-hdmi-display-port-32uk550-b\\\/#primaryimage\"},\"thumbnailUrl\":\"https:\\\/\\\/espaciosyambientes.com\\\/wp-content\\\/uploads\\\/2021\\\/08\\\/frontal_130.jpg\",\"datePublished\":\"2021-08-17T19:55:39+00:00\",\"dateModified\":\"2025-10-31T20:35:21+00:00\",\"breadcrumb\":{\"@id\":\"https:\\\/\\\/espaciosyambientes.com\\\/producto\\\/lg-315-4k-hdmi-display-port-32uk550-b\\\/#breadcrumb\"},\"inLanguage\":\"es\",\"potentialAction\":[{\"@type\":\"ReadAction\",\"target\":[\"https:\\\/\\\/espaciosyambientes.com\\\/producto\\\/lg-315-4k-hdmi-display-port-32uk550-b\\\/\"]}]},{\"@type\":\"ImageObject\",\"inLanguage\":\"es\",\"@id\":\"https:\\\/\\\/espaciosyambientes.com\\\/producto\\\/lg-315-4k-hdmi-display-port-32uk550-b\\\/#primaryimage\",\"url\":\"https:\\\/\\\/espaciosyambientes.com\\\/wp-content\\\/uploads\\\/2021\\\/08\\\/frontal_130.jpg\",\"contentUrl\":\"https:\\\/\\\/espaciosyambientes.com\\\/wp-content\\\/uploads\\\/2021\\\/08\\\/frontal_130.jpg\",\"width\":800,\"height\":800},{\"@type\":\"BreadcrumbList\",\"@id\":\"https:\\\/\\\/espaciosyambientes.com\\\/producto\\\/lg-315-4k-hdmi-display-port-32uk550-b\\\/#breadcrumb\",\"itemListElement\":[{\"@type\":\"ListItem\",\"position\":1,\"name\":\"Home\",\"item\":\"https:\\\/\\\/espaciosyambientes.com\\\/\"},{\"@type\":\"ListItem\",\"position\":2,\"name\":\"Tienda\",\"item\":\"https:\\\/\\\/espaciosyambientes.com\\\/tienda\\\/\"},{\"@type\":\"ListItem\",\"position\":3,\"name\":\"LG 31,5&#8243; 4K (HDMI-DISPLAY PORT) -32UK550B\"}]},{\"@type\":\"WebSite\",\"@id\":\"https:\\\/\\\/espaciosyambientes.com\\\/es_es\\\/#website\",\"url\":\"https:\\\/\\\/espaciosyambientes.com\\\/es_es\\\/\",\"name\":\"PC MASTERS BOGOTA\",\"description\":\"\",\"potentialAction\":[{\"@type\":\"SearchAction\",\"target\":{\"@type\":\"EntryPoint\",\"urlTemplate\":\"https:\\\/\\\/espaciosyambientes.com\\\/es_es\\\/?s={search_term_string}\"},\"query-input\":{\"@type\":\"PropertyValueSpecification\",\"valueRequired\":true,\"valueName\":\"search_term_string\"}}],\"inLanguage\":\"es\"}]}<\/script>\n<!-- \/ Yoast SEO plugin. -->","yoast_head_json":{"title":"LG 31,5\" 4K (HDMI-DISPLAY PORT) -32UK550B - PC MASTERS BOGOTA","robots":{"index":"index","follow":"follow","max-snippet":"max-snippet:-1","max-image-preview":"max-image-preview:large","max-video-preview":"max-video-preview:-1"},"canonical":"https:\/\/espaciosyambientes.com\/es_es\/producto\/lg-315-4k-hdmi-display-port-32uk550-b\/","og_locale":"es_ES","og_type":"article","og_title":"LG 31,5\" 4K (HDMI-DISPLAY PORT) -32UK550B - PC MASTERS BOGOTA","og_description":"Resolucion 3840 x 2160 - Tiempo de Respuesta 4ms - Frecuencia de actualizaci\u00f3n de 60Hz - Entradas de video HDMI, DP - Tecnolog\u00eda AMD FreeSync - Tecnolog\u00eda Dynamic Action Sync - Montable en la pared VESA 100 x 100 mm","og_url":"https:\/\/espaciosyambientes.com\/es_es\/producto\/lg-315-4k-hdmi-display-port-32uk550-b\/","og_site_name":"PC MASTERS BOGOTA","article_modified_time":"2025-10-31T20:35:21+00:00","og_image":[{"width":800,"height":800,"url":"https:\/\/espaciosyambientes.com\/wp-content\/uploads\/2021\/08\/frontal_130.jpg","type":"image\/jpeg"}],"twitter_card":"summary_large_image","twitter_misc":{"Tiempo de lectura":"1 minuto"},"schema":{"@context":"https:\/\/schema.org","@graph":[{"@type":"WebPage","@id":"https:\/\/espaciosyambientes.com\/producto\/lg-315-4k-hdmi-display-port-32uk550-b\/","url":"https:\/\/espaciosyambientes.com\/producto\/lg-315-4k-hdmi-display-port-32uk550-b\/","name":"LG 31,5\" 4K (HDMI-DISPLAY PORT) -32UK550B - PC MASTERS BOGOTA","isPartOf":{"@id":"https:\/\/espaciosyambientes.com\/es_es\/#website"},"primaryImageOfPage":{"@id":"https:\/\/espaciosyambientes.com\/producto\/lg-315-4k-hdmi-display-port-32uk550-b\/#primaryimage"},"image":{"@id":"https:\/\/espaciosyambientes.com\/producto\/lg-315-4k-hdmi-display-port-32uk550-b\/#primaryimage"},"thumbnailUrl":"https:\/\/espaciosyambientes.com\/wp-content\/uploads\/2021\/08\/frontal_130.jpg","datePublished":"2021-08-17T19:55:39+00:00","dateModified":"2025-10-31T20:35:21+00:00","breadcrumb":{"@id":"https:\/\/espaciosyambientes.com\/producto\/lg-315-4k-hdmi-display-port-32uk550-b\/#breadcrumb"},"inLanguage":"es","potentialAction":[{"@type":"ReadAction","target":["https:\/\/espaciosyambientes.com\/producto\/lg-315-4k-hdmi-display-port-32uk550-b\/"]}]},{"@type":"ImageObject","inLanguage":"es","@id":"https:\/\/espaciosyambientes.com\/producto\/lg-315-4k-hdmi-display-port-32uk550-b\/#primaryimage","url":"https:\/\/espaciosyambientes.com\/wp-content\/uploads\/2021\/08\/frontal_130.jpg","contentUrl":"https:\/\/espaciosyambientes.com\/wp-content\/uploads\/2021\/08\/frontal_130.jpg","width":800,"height":800},{"@type":"BreadcrumbList","@id":"https:\/\/espaciosyambientes.com\/producto\/lg-315-4k-hdmi-display-port-32uk550-b\/#breadcrumb","itemListElement":[{"@type":"ListItem","position":1,"name":"Home","item":"https:\/\/espaciosyambientes.com\/"},{"@type":"ListItem","position":2,"name":"Tienda","item":"https:\/\/espaciosyambientes.com\/tienda\/"},{"@type":"ListItem","position":3,"name":"LG 31,5&#8243; 4K (HDMI-DISPLAY PORT) -32UK550B"}]},{"@type":"WebSite","@id":"https:\/\/espaciosyambientes.com\/es_es\/#website","url":"https:\/\/espaciosyambientes.com\/es_es\/","name":"PC MASTERS BOGOTA","description":"","potentialAction":[{"@type":"SearchAction","target":{"@type":"EntryPoint","urlTemplate":"https:\/\/espaciosyambientes.com\/es_es\/?s={search_term_string}"},"query-input":{"@type":"PropertyValueSpecification","valueRequired":true,"valueName":"search_term_string"}}],"inLanguage":"es"}]}},"_links":{"self":[{"href":"http:\/\/espaciosyambientes.com\/es_es\/wp-json\/wp\/v2\/product\/16369","targetHints":{"allow":["GET"]}}],"collection":[{"href":"http:\/\/espaciosyambientes.com\/es_es\/wp-json\/wp\/v2\/product"}],"about":[{"href":"http:\/\/espaciosyambientes.com\/es_es\/wp-json\/wp\/v2\/types\/product"}],"replies":[{"embeddable":true,"href":"http:\/\/espaciosyambientes.com\/es_es\/wp-json\/wp\/v2\/comments?post=16369"}],"version-history":[{"count":4,"href":"http:\/\/espaciosyambientes.com\/es_es\/wp-json\/wp\/v2\/product\/16369\/revisions"}],"predecessor-version":[{"id":17670,"href":"http:\/\/espaciosyambientes.com\/es_es\/wp-json\/wp\/v2\/product\/16369\/revisions\/17670"}],"wp:featuredmedia":[{"embeddable":true,"href":"http:\/\/espaciosyambientes.com\/es_es\/wp-json\/wp\/v2\/media\/16799"}],"wp:attachment":[{"href":"http:\/\/espaciosyambientes.com\/es_es\/wp-json\/wp\/v2\/media?parent=16369"}],"wp:term":[{"taxonomy":"product_brand","embeddable":true,"href":"http:\/\/espaciosyambientes.com\/es_es\/wp-json\/wp\/v2\/product_brand?post=16369"},{"taxonomy":"product_cat","embeddable":true,"href":"http:\/\/espaciosyambientes.com\/es_es\/wp-json\/wp\/v2\/product_cat?post=16369"},{"taxonomy":"product_tag","embeddable":true,"href":"http:\/\/espaciosyambientes.com\/es_es\/wp-json\/wp\/v2\/product_tag?post=16369"}],"curies":[{"name":"wp","href":"https:\/\/api.w.org\/{rel}","templated":true}]}}