{"id":16333,"date":"2021-08-17T14:55:28","date_gmt":"2021-08-17T19:55:28","guid":{"rendered":"https:\/\/espaciosyambientes.com\/?post_type=product&#038;p=16333"},"modified":"2021-10-26T14:14:05","modified_gmt":"2021-10-26T19:14:05","slug":"lg-27-ips1m-144h-gsync27gl650f-ultragear","status":"publish","type":"product","link":"http:\/\/espaciosyambientes.com\/es_es\/producto\/lg-27-ips1m-144h-gsync27gl650f-ultragear\/","title":{"rendered":"LG 27&#8243; IPS(1m-144H-GSync)27GL650F ULTRAGEAR"},"content":{"rendered":"<p>https:\/\/www.lg.com\/co\/monitores\/lg-27GL650F-B<\/p>\n<p>CARACTER\u00cdSTICAS GENERALES<br \/>\nResoluci\u00f3n FHDTama\u00f1o 27&#8243;<br \/>\nFrecuencia de Actualizaci\u00f3n 1msPantalla IPS<br \/>\nConectividad HDMI<br \/>\nMONITOR<br \/>\nTama\u00f1o (pulgada) 27 pulgadasTalla (cm) 68.5cm<br \/>\nResoluci\u00f3n 1920 x 1080Tipo de panel IPS<br \/>\nRelaci\u00f3n de aspecto 16:09Tama\u00f1o de p\u00edxel 0.31125 x 0.31125 mm<br \/>\nBrillo (Min.) 320cdBrillo (Typ.) 400cd<br \/>\nGama de colores (min.) sRGB 90% (CIE 1931)Gama de colores (t\u00edp.) sRGB 99% (CIE1931)<br \/>\nProfundidad de color (n\u00famero de colores) 16.7MRelaci\u00f3n de Contraste (Min.) 600:01:00<br \/>\nRelaci\u00f3n de Contraste (Typ.) 1000:01:00Tiempo de respuesta 5 ms (GtG a mayor velocidad), 1 ms MBR<br \/>\n\u00c1ngulo de visi\u00f3n (CR\u226510) 178\u00ba (R \/ L), 178\u00ba (U \/ D)Tratamiento de superficies Antirreflejo, 25% 3H.<br \/>\nCARACTERISTICAS<br \/>\nHDR 10 S\u00edEfecto HDR S\u00ed<br \/>\nColor calibrado S\u00edSeguro de parpadeo S\u00ed<br \/>\nModo lector S\u00edReducci\u00f3n de desenfoque de movimiento de 1 ms S\u00ed<br \/>\nRADEON FreeSync \u2122 S\u00edFreeSync (Conpensaci\u00f3n de cuadro bajo) S\u00ed<br \/>\nEstabilizador negro S\u00edSincronizaci\u00f3n de acci\u00f3n din\u00e1mica S\u00ed<br \/>\nPunto de mira S\u00edAhorro de energ\u00eda inteligente S\u00ed<br \/>\nAPLICACI\u00d3N SW<br \/>\nControl de pantalla (LG Screen Manager) S\u00ed<br \/>\nCONECTIVIDAD<br \/>\nHDMI Si (2ea)HDMI (Resoluci\u00f3n M\u00e1x. A Hz) 1920 x 1080 a 144Hz<br \/>\nDisplayPort Si (1ea)Versi\u00f3n DP 1.4<br \/>\nDP (Resoluci\u00f3n M\u00e1x. A Hz) 1920 x 1080 a 144HzSalida de auriculares S\u00ed<br \/>\nPODER<br \/>\nTipo Alimentaci\u00f3n externa (adaptador)Entrada de CA 100-240Vac, 50 \/ 60Hz<br \/>\nConsumo de energ\u00eda (t\u00edpico) 30WConsumo de energ\u00eda (m\u00e1x.) 35W<br \/>\nConsumo de energ\u00eda (Energy Star) NA (No es compatible con el est\u00e1ndar ES7.0)Consumo de energ\u00eda (modo de reposo) Menos de 0.3W<br \/>\nConsumo de energ\u00eda (DC apagado) Menos de 0.3W<br \/>\nMEC\u00c1NICO<br \/>\nAjustes de posici\u00f3n de la pantalla Inclinaci\u00f3n \/ Altura \/ PivoteMontaje en pared 100 x 100 mm<br \/>\nDIMENSIONES Y PESO<br \/>\nDimensi\u00f3n con soporte (W x H x D) 615.1 x 575.2 x 274.4 mm (arriba)- 615.1 x 465.2 x 274.4 mm (abajo)Dimensi\u00f3n sin soporte (W x H x D) 615.1 x 366.6 x 45.2 mm<br \/>\nDimensi\u00f3n en el env\u00edo (W x H x D) 697 x 530 x 198 mmPeso con soporte 6.4kg<br \/>\nPeso sin soporte 4.5kgPeso en el env\u00edo 8.55kg<br \/>\nACCESORIO<br \/>\nPuerto de pantalla S\u00ed<\/p>\n","protected":false},"excerpt":{"rendered":"<p>UltraGear\u2122 de LG es un potente dispositivo de visualizaci\u00f3n de juegos integrado con funciones de alto rendimiento capaces de responder a los mejores juegos.<\/p>\n","protected":false},"featured_media":16849,"comment_status":"open","ping_status":"closed","template":"","meta":[],"product_brand":[336],"product_cat":[78],"product_tag":[343],"class_list":{"0":"post-16333","1":"product","2":"type-product","3":"status-publish","4":"has-post-thumbnail","6":"product_brand-lg","7":"product_cat-monitores","8":"product_tag-pantallas","10":"first","11":"instock","12":"taxable","13":"shipping-taxable","14":"purchasable","15":"product-type-simple"},"yoast_head":"<!-- This site is optimized with the Yoast SEO plugin v27.3 - https:\/\/yoast.com\/product\/yoast-seo-wordpress\/ -->\n<title>LG 27&quot; IPS(1m-144H-GSync)27GL650F ULTRAGEAR - PC MASTERS BOGOTA<\/title>\n<meta name=\"robots\" content=\"index, follow, max-snippet:-1, max-image-preview:large, max-video-preview:-1\" \/>\n<link rel=\"canonical\" href=\"https:\/\/espaciosyambientes.com\/es_es\/producto\/lg-27-ips1m-144h-gsync27gl650f-ultragear\/\" \/>\n<meta property=\"og:locale\" content=\"es_ES\" \/>\n<meta property=\"og:type\" content=\"article\" \/>\n<meta property=\"og:title\" content=\"LG 27&quot; IPS(1m-144H-GSync)27GL650F ULTRAGEAR - PC MASTERS BOGOTA\" \/>\n<meta property=\"og:description\" content=\"UltraGear\u2122 de LG es un potente dispositivo de visualizaci\u00f3n de juegos integrado con funciones de alto rendimiento capaces de responder a los mejores juegos.\" \/>\n<meta property=\"og:url\" content=\"https:\/\/espaciosyambientes.com\/es_es\/producto\/lg-27-ips1m-144h-gsync27gl650f-ultragear\/\" \/>\n<meta property=\"og:site_name\" content=\"PC MASTERS BOGOTA\" \/>\n<meta property=\"article:modified_time\" content=\"2021-10-26T19:14:05+00:00\" \/>\n<meta property=\"og:image\" content=\"https:\/\/espaciosyambientes.com\/wp-content\/uploads\/2021\/08\/15120.png\" \/>\n\t<meta property=\"og:image:width\" content=\"1000\" \/>\n\t<meta property=\"og:image:height\" content=\"1000\" \/>\n\t<meta property=\"og:image:type\" content=\"image\/png\" \/>\n<meta name=\"twitter:card\" content=\"summary_large_image\" \/>\n<meta name=\"twitter:label1\" content=\"Tiempo de lectura\" \/>\n\t<meta name=\"twitter:data1\" content=\"2 minutos\" \/>\n<script type=\"application\/ld+json\" class=\"yoast-schema-graph\">{\"@context\":\"https:\\\/\\\/schema.org\",\"@graph\":[{\"@type\":\"WebPage\",\"@id\":\"https:\\\/\\\/espaciosyambientes.com\\\/producto\\\/lg-27-ips1m-144h-gsync27gl650f-ultragear\\\/\",\"url\":\"https:\\\/\\\/espaciosyambientes.com\\\/producto\\\/lg-27-ips1m-144h-gsync27gl650f-ultragear\\\/\",\"name\":\"LG 27\\\" IPS(1m-144H-GSync)27GL650F ULTRAGEAR - PC MASTERS BOGOTA\",\"isPartOf\":{\"@id\":\"https:\\\/\\\/espaciosyambientes.com\\\/es_es\\\/#website\"},\"primaryImageOfPage\":{\"@id\":\"https:\\\/\\\/espaciosyambientes.com\\\/producto\\\/lg-27-ips1m-144h-gsync27gl650f-ultragear\\\/#primaryimage\"},\"image\":{\"@id\":\"https:\\\/\\\/espaciosyambientes.com\\\/producto\\\/lg-27-ips1m-144h-gsync27gl650f-ultragear\\\/#primaryimage\"},\"thumbnailUrl\":\"https:\\\/\\\/espaciosyambientes.com\\\/wp-content\\\/uploads\\\/2021\\\/08\\\/15120.png\",\"datePublished\":\"2021-08-17T19:55:28+00:00\",\"dateModified\":\"2021-10-26T19:14:05+00:00\",\"breadcrumb\":{\"@id\":\"https:\\\/\\\/espaciosyambientes.com\\\/producto\\\/lg-27-ips1m-144h-gsync27gl650f-ultragear\\\/#breadcrumb\"},\"inLanguage\":\"es\",\"potentialAction\":[{\"@type\":\"ReadAction\",\"target\":[\"https:\\\/\\\/espaciosyambientes.com\\\/producto\\\/lg-27-ips1m-144h-gsync27gl650f-ultragear\\\/\"]}]},{\"@type\":\"ImageObject\",\"inLanguage\":\"es\",\"@id\":\"https:\\\/\\\/espaciosyambientes.com\\\/producto\\\/lg-27-ips1m-144h-gsync27gl650f-ultragear\\\/#primaryimage\",\"url\":\"https:\\\/\\\/espaciosyambientes.com\\\/wp-content\\\/uploads\\\/2021\\\/08\\\/15120.png\",\"contentUrl\":\"https:\\\/\\\/espaciosyambientes.com\\\/wp-content\\\/uploads\\\/2021\\\/08\\\/15120.png\",\"width\":1000,\"height\":1000},{\"@type\":\"BreadcrumbList\",\"@id\":\"https:\\\/\\\/espaciosyambientes.com\\\/producto\\\/lg-27-ips1m-144h-gsync27gl650f-ultragear\\\/#breadcrumb\",\"itemListElement\":[{\"@type\":\"ListItem\",\"position\":1,\"name\":\"Home\",\"item\":\"https:\\\/\\\/espaciosyambientes.com\\\/\"},{\"@type\":\"ListItem\",\"position\":2,\"name\":\"Tienda\",\"item\":\"https:\\\/\\\/espaciosyambientes.com\\\/tienda\\\/\"},{\"@type\":\"ListItem\",\"position\":3,\"name\":\"LG 27&#8243; IPS(1m-144H-GSync)27GL650F ULTRAGEAR\"}]},{\"@type\":\"WebSite\",\"@id\":\"https:\\\/\\\/espaciosyambientes.com\\\/es_es\\\/#website\",\"url\":\"https:\\\/\\\/espaciosyambientes.com\\\/es_es\\\/\",\"name\":\"PC MASTERS BOGOTA\",\"description\":\"\",\"potentialAction\":[{\"@type\":\"SearchAction\",\"target\":{\"@type\":\"EntryPoint\",\"urlTemplate\":\"https:\\\/\\\/espaciosyambientes.com\\\/es_es\\\/?s={search_term_string}\"},\"query-input\":{\"@type\":\"PropertyValueSpecification\",\"valueRequired\":true,\"valueName\":\"search_term_string\"}}],\"inLanguage\":\"es\"}]}<\/script>\n<!-- \/ Yoast SEO plugin. -->","yoast_head_json":{"title":"LG 27\" IPS(1m-144H-GSync)27GL650F ULTRAGEAR - PC MASTERS BOGOTA","robots":{"index":"index","follow":"follow","max-snippet":"max-snippet:-1","max-image-preview":"max-image-preview:large","max-video-preview":"max-video-preview:-1"},"canonical":"https:\/\/espaciosyambientes.com\/es_es\/producto\/lg-27-ips1m-144h-gsync27gl650f-ultragear\/","og_locale":"es_ES","og_type":"article","og_title":"LG 27\" IPS(1m-144H-GSync)27GL650F ULTRAGEAR - PC MASTERS BOGOTA","og_description":"UltraGear\u2122 de LG es un potente dispositivo de visualizaci\u00f3n de juegos integrado con funciones de alto rendimiento capaces de responder a los mejores juegos.","og_url":"https:\/\/espaciosyambientes.com\/es_es\/producto\/lg-27-ips1m-144h-gsync27gl650f-ultragear\/","og_site_name":"PC MASTERS BOGOTA","article_modified_time":"2021-10-26T19:14:05+00:00","og_image":[{"width":1000,"height":1000,"url":"https:\/\/espaciosyambientes.com\/wp-content\/uploads\/2021\/08\/15120.png","type":"image\/png"}],"twitter_card":"summary_large_image","twitter_misc":{"Tiempo de lectura":"2 minutos"},"schema":{"@context":"https:\/\/schema.org","@graph":[{"@type":"WebPage","@id":"https:\/\/espaciosyambientes.com\/producto\/lg-27-ips1m-144h-gsync27gl650f-ultragear\/","url":"https:\/\/espaciosyambientes.com\/producto\/lg-27-ips1m-144h-gsync27gl650f-ultragear\/","name":"LG 27\" IPS(1m-144H-GSync)27GL650F ULTRAGEAR - PC MASTERS BOGOTA","isPartOf":{"@id":"https:\/\/espaciosyambientes.com\/es_es\/#website"},"primaryImageOfPage":{"@id":"https:\/\/espaciosyambientes.com\/producto\/lg-27-ips1m-144h-gsync27gl650f-ultragear\/#primaryimage"},"image":{"@id":"https:\/\/espaciosyambientes.com\/producto\/lg-27-ips1m-144h-gsync27gl650f-ultragear\/#primaryimage"},"thumbnailUrl":"https:\/\/espaciosyambientes.com\/wp-content\/uploads\/2021\/08\/15120.png","datePublished":"2021-08-17T19:55:28+00:00","dateModified":"2021-10-26T19:14:05+00:00","breadcrumb":{"@id":"https:\/\/espaciosyambientes.com\/producto\/lg-27-ips1m-144h-gsync27gl650f-ultragear\/#breadcrumb"},"inLanguage":"es","potentialAction":[{"@type":"ReadAction","target":["https:\/\/espaciosyambientes.com\/producto\/lg-27-ips1m-144h-gsync27gl650f-ultragear\/"]}]},{"@type":"ImageObject","inLanguage":"es","@id":"https:\/\/espaciosyambientes.com\/producto\/lg-27-ips1m-144h-gsync27gl650f-ultragear\/#primaryimage","url":"https:\/\/espaciosyambientes.com\/wp-content\/uploads\/2021\/08\/15120.png","contentUrl":"https:\/\/espaciosyambientes.com\/wp-content\/uploads\/2021\/08\/15120.png","width":1000,"height":1000},{"@type":"BreadcrumbList","@id":"https:\/\/espaciosyambientes.com\/producto\/lg-27-ips1m-144h-gsync27gl650f-ultragear\/#breadcrumb","itemListElement":[{"@type":"ListItem","position":1,"name":"Home","item":"https:\/\/espaciosyambientes.com\/"},{"@type":"ListItem","position":2,"name":"Tienda","item":"https:\/\/espaciosyambientes.com\/tienda\/"},{"@type":"ListItem","position":3,"name":"LG 27&#8243; IPS(1m-144H-GSync)27GL650F ULTRAGEAR"}]},{"@type":"WebSite","@id":"https:\/\/espaciosyambientes.com\/es_es\/#website","url":"https:\/\/espaciosyambientes.com\/es_es\/","name":"PC MASTERS BOGOTA","description":"","potentialAction":[{"@type":"SearchAction","target":{"@type":"EntryPoint","urlTemplate":"https:\/\/espaciosyambientes.com\/es_es\/?s={search_term_string}"},"query-input":{"@type":"PropertyValueSpecification","valueRequired":true,"valueName":"search_term_string"}}],"inLanguage":"es"}]}},"_links":{"self":[{"href":"http:\/\/espaciosyambientes.com\/es_es\/wp-json\/wp\/v2\/product\/16333","targetHints":{"allow":["GET"]}}],"collection":[{"href":"http:\/\/espaciosyambientes.com\/es_es\/wp-json\/wp\/v2\/product"}],"about":[{"href":"http:\/\/espaciosyambientes.com\/es_es\/wp-json\/wp\/v2\/types\/product"}],"replies":[{"embeddable":true,"href":"http:\/\/espaciosyambientes.com\/es_es\/wp-json\/wp\/v2\/comments?post=16333"}],"version-history":[{"count":4,"href":"http:\/\/espaciosyambientes.com\/es_es\/wp-json\/wp\/v2\/product\/16333\/revisions"}],"predecessor-version":[{"id":17678,"href":"http:\/\/espaciosyambientes.com\/es_es\/wp-json\/wp\/v2\/product\/16333\/revisions\/17678"}],"wp:featuredmedia":[{"embeddable":true,"href":"http:\/\/espaciosyambientes.com\/es_es\/wp-json\/wp\/v2\/media\/16849"}],"wp:attachment":[{"href":"http:\/\/espaciosyambientes.com\/es_es\/wp-json\/wp\/v2\/media?parent=16333"}],"wp:term":[{"taxonomy":"product_brand","embeddable":true,"href":"http:\/\/espaciosyambientes.com\/es_es\/wp-json\/wp\/v2\/product_brand?post=16333"},{"taxonomy":"product_cat","embeddable":true,"href":"http:\/\/espaciosyambientes.com\/es_es\/wp-json\/wp\/v2\/product_cat?post=16333"},{"taxonomy":"product_tag","embeddable":true,"href":"http:\/\/espaciosyambientes.com\/es_es\/wp-json\/wp\/v2\/product_tag?post=16333"}],"curies":[{"name":"wp","href":"https:\/\/api.w.org\/{rel}","templated":true}]}}