{"id":16326,"date":"2021-08-17T14:55:27","date_gmt":"2021-08-17T19:55:27","guid":{"rendered":"https:\/\/espaciosyambientes.com\/?post_type=product&#038;p=16326"},"modified":"2025-10-31T15:36:10","modified_gmt":"2025-10-31T20:36:10","slug":"gigabyte-27-qhd-ips-gaming1m-144h-g27q","status":"publish","type":"product","link":"http:\/\/espaciosyambientes.com\/es_es\/producto\/gigabyte-27-qhd-ips-gaming1m-144h-g27q\/","title":{"rendered":"GIGABYTE 27&#8243; QHD IPS GAMING(1m-144H) G27Q"},"content":{"rendered":"<p>https:\/\/www.gigabyte.com\/co\/Monitor\/G27Q\/sp<\/p>\n<p>Velocidad de actualizaci\u00f3n 144 Hz<br \/>\nMarca Gigabyte<br \/>\nTama\u00f1o de pantalla 27 Pulgadas<br \/>\nTotal de puertos HDMI 2<br \/>\nInterfaz de hardware DisplayPort, HDMI<br \/>\nSobre este art\u00edculo<br \/>\n27\u201d 2560&#215;1440 IPS Display with 144Hz Refresh Rate, 1ms (MPRT) Response Time<br \/>\nSmooth Gameplay with AMD FreeSync Premium<br \/>\nStudio Grade VESA Display HDR400 and 92% DCI-P3 (120% sRGB) Color Gamut<br \/>\nGIGABYTE Classic Tactical Features with OSD Sidekick<\/p>\n","protected":false},"excerpt":{"rendered":"<p>Velocidad de actualizaci\u00f3n 144 Hz<br \/>\nMarca Gigabyte<br \/>\nTama\u00f1o de pantalla 27 Pulgadas<br \/>\nTotal de puertos HDMI 2<br \/>\nInterfaz de hardware DisplayPort, HDMI<br \/>\nSobre este art\u00edculo<br \/>\n27\u201d 2560&#215;1440 IPS Display with 144Hz Refresh Rate, 1ms (MPRT) Response Time<br \/>\nSmooth Gameplay with AMD FreeSync Premium<br \/>\nStudio Grade VESA Display HDR400 and 92% DCI-P3 (120% sRGB) Color Gamut<br \/>\nGIGABYTE Classic Tactical Features with OSD Sidekick<\/p>\n","protected":false},"featured_media":16883,"comment_status":"open","ping_status":"closed","template":"","meta":[],"product_brand":[109],"product_cat":[78],"product_tag":[343],"class_list":{"0":"post-16326","1":"product","2":"type-product","3":"status-publish","4":"has-post-thumbnail","6":"product_brand-gigabyte","7":"product_cat-monitores","8":"product_tag-pantallas","10":"first","11":"instock","12":"taxable","13":"shipping-taxable","14":"purchasable","15":"product-type-simple"},"yoast_head":"<!-- This site is optimized with the Yoast SEO plugin v27.3 - https:\/\/yoast.com\/product\/yoast-seo-wordpress\/ -->\n<title>GIGABYTE 27&quot; QHD IPS GAMING(1m-144H) G27Q - PC MASTERS BOGOTA<\/title>\n<meta name=\"robots\" content=\"index, follow, max-snippet:-1, max-image-preview:large, max-video-preview:-1\" \/>\n<link rel=\"canonical\" href=\"https:\/\/espaciosyambientes.com\/es_es\/producto\/gigabyte-27-qhd-ips-gaming1m-144h-g27q\/\" \/>\n<meta property=\"og:locale\" content=\"es_ES\" \/>\n<meta property=\"og:type\" content=\"article\" \/>\n<meta property=\"og:title\" content=\"GIGABYTE 27&quot; QHD IPS GAMING(1m-144H) G27Q - PC MASTERS BOGOTA\" \/>\n<meta property=\"og:description\" content=\"Velocidad de actualizaci\u00f3n 144 Hz Marca Gigabyte Tama\u00f1o de pantalla 27 Pulgadas Total de puertos HDMI 2 Interfaz de hardware DisplayPort, HDMI Sobre este art\u00edculo 27\u201d 2560x1440 IPS Display with 144Hz Refresh Rate, 1ms (MPRT) Response Time Smooth Gameplay with AMD FreeSync Premium Studio Grade VESA Display HDR400 and 92% DCI-P3 (120% sRGB) Color Gamut GIGABYTE Classic Tactical Features with OSD Sidekick\" \/>\n<meta property=\"og:url\" content=\"https:\/\/espaciosyambientes.com\/es_es\/producto\/gigabyte-27-qhd-ips-gaming1m-144h-g27q\/\" \/>\n<meta property=\"og:site_name\" content=\"PC MASTERS BOGOTA\" \/>\n<meta property=\"article:modified_time\" content=\"2025-10-31T20:36:10+00:00\" \/>\n<meta property=\"og:image\" content=\"https:\/\/espaciosyambientes.com\/wp-content\/uploads\/2021\/08\/15161-1.png\" \/>\n\t<meta property=\"og:image:width\" content=\"1000\" \/>\n\t<meta property=\"og:image:height\" content=\"1000\" \/>\n\t<meta property=\"og:image:type\" content=\"image\/png\" \/>\n<meta name=\"twitter:card\" content=\"summary_large_image\" \/>\n<meta name=\"twitter:label1\" content=\"Tiempo de lectura\" \/>\n\t<meta name=\"twitter:data1\" content=\"1 minuto\" \/>\n<script type=\"application\/ld+json\" class=\"yoast-schema-graph\">{\"@context\":\"https:\\\/\\\/schema.org\",\"@graph\":[{\"@type\":\"WebPage\",\"@id\":\"https:\\\/\\\/espaciosyambientes.com\\\/producto\\\/gigabyte-27-qhd-ips-gaming1m-144h-g27q\\\/\",\"url\":\"https:\\\/\\\/espaciosyambientes.com\\\/producto\\\/gigabyte-27-qhd-ips-gaming1m-144h-g27q\\\/\",\"name\":\"GIGABYTE 27\\\" QHD IPS GAMING(1m-144H) G27Q - PC MASTERS BOGOTA\",\"isPartOf\":{\"@id\":\"https:\\\/\\\/espaciosyambientes.com\\\/es_es\\\/#website\"},\"primaryImageOfPage\":{\"@id\":\"https:\\\/\\\/espaciosyambientes.com\\\/producto\\\/gigabyte-27-qhd-ips-gaming1m-144h-g27q\\\/#primaryimage\"},\"image\":{\"@id\":\"https:\\\/\\\/espaciosyambientes.com\\\/producto\\\/gigabyte-27-qhd-ips-gaming1m-144h-g27q\\\/#primaryimage\"},\"thumbnailUrl\":\"https:\\\/\\\/espaciosyambientes.com\\\/wp-content\\\/uploads\\\/2021\\\/08\\\/15161-1.png\",\"datePublished\":\"2021-08-17T19:55:27+00:00\",\"dateModified\":\"2025-10-31T20:36:10+00:00\",\"breadcrumb\":{\"@id\":\"https:\\\/\\\/espaciosyambientes.com\\\/producto\\\/gigabyte-27-qhd-ips-gaming1m-144h-g27q\\\/#breadcrumb\"},\"inLanguage\":\"es\",\"potentialAction\":[{\"@type\":\"ReadAction\",\"target\":[\"https:\\\/\\\/espaciosyambientes.com\\\/producto\\\/gigabyte-27-qhd-ips-gaming1m-144h-g27q\\\/\"]}]},{\"@type\":\"ImageObject\",\"inLanguage\":\"es\",\"@id\":\"https:\\\/\\\/espaciosyambientes.com\\\/producto\\\/gigabyte-27-qhd-ips-gaming1m-144h-g27q\\\/#primaryimage\",\"url\":\"https:\\\/\\\/espaciosyambientes.com\\\/wp-content\\\/uploads\\\/2021\\\/08\\\/15161-1.png\",\"contentUrl\":\"https:\\\/\\\/espaciosyambientes.com\\\/wp-content\\\/uploads\\\/2021\\\/08\\\/15161-1.png\",\"width\":1000,\"height\":1000},{\"@type\":\"BreadcrumbList\",\"@id\":\"https:\\\/\\\/espaciosyambientes.com\\\/producto\\\/gigabyte-27-qhd-ips-gaming1m-144h-g27q\\\/#breadcrumb\",\"itemListElement\":[{\"@type\":\"ListItem\",\"position\":1,\"name\":\"Home\",\"item\":\"https:\\\/\\\/espaciosyambientes.com\\\/\"},{\"@type\":\"ListItem\",\"position\":2,\"name\":\"Tienda\",\"item\":\"https:\\\/\\\/espaciosyambientes.com\\\/tienda\\\/\"},{\"@type\":\"ListItem\",\"position\":3,\"name\":\"GIGABYTE 27&#8243; QHD IPS GAMING(1m-144H) G27Q\"}]},{\"@type\":\"WebSite\",\"@id\":\"https:\\\/\\\/espaciosyambientes.com\\\/es_es\\\/#website\",\"url\":\"https:\\\/\\\/espaciosyambientes.com\\\/es_es\\\/\",\"name\":\"PC MASTERS BOGOTA\",\"description\":\"\",\"potentialAction\":[{\"@type\":\"SearchAction\",\"target\":{\"@type\":\"EntryPoint\",\"urlTemplate\":\"https:\\\/\\\/espaciosyambientes.com\\\/es_es\\\/?s={search_term_string}\"},\"query-input\":{\"@type\":\"PropertyValueSpecification\",\"valueRequired\":true,\"valueName\":\"search_term_string\"}}],\"inLanguage\":\"es\"}]}<\/script>\n<!-- \/ Yoast SEO plugin. -->","yoast_head_json":{"title":"GIGABYTE 27\" QHD IPS GAMING(1m-144H) G27Q - PC MASTERS BOGOTA","robots":{"index":"index","follow":"follow","max-snippet":"max-snippet:-1","max-image-preview":"max-image-preview:large","max-video-preview":"max-video-preview:-1"},"canonical":"https:\/\/espaciosyambientes.com\/es_es\/producto\/gigabyte-27-qhd-ips-gaming1m-144h-g27q\/","og_locale":"es_ES","og_type":"article","og_title":"GIGABYTE 27\" QHD IPS GAMING(1m-144H) G27Q - PC MASTERS BOGOTA","og_description":"Velocidad de actualizaci\u00f3n 144 Hz Marca Gigabyte Tama\u00f1o de pantalla 27 Pulgadas Total de puertos HDMI 2 Interfaz de hardware DisplayPort, HDMI Sobre este art\u00edculo 27\u201d 2560x1440 IPS Display with 144Hz Refresh Rate, 1ms (MPRT) Response Time Smooth Gameplay with AMD FreeSync Premium Studio Grade VESA Display HDR400 and 92% DCI-P3 (120% sRGB) Color Gamut GIGABYTE Classic Tactical Features with OSD Sidekick","og_url":"https:\/\/espaciosyambientes.com\/es_es\/producto\/gigabyte-27-qhd-ips-gaming1m-144h-g27q\/","og_site_name":"PC MASTERS BOGOTA","article_modified_time":"2025-10-31T20:36:10+00:00","og_image":[{"width":1000,"height":1000,"url":"https:\/\/espaciosyambientes.com\/wp-content\/uploads\/2021\/08\/15161-1.png","type":"image\/png"}],"twitter_card":"summary_large_image","twitter_misc":{"Tiempo de lectura":"1 minuto"},"schema":{"@context":"https:\/\/schema.org","@graph":[{"@type":"WebPage","@id":"https:\/\/espaciosyambientes.com\/producto\/gigabyte-27-qhd-ips-gaming1m-144h-g27q\/","url":"https:\/\/espaciosyambientes.com\/producto\/gigabyte-27-qhd-ips-gaming1m-144h-g27q\/","name":"GIGABYTE 27\" QHD IPS GAMING(1m-144H) G27Q - PC MASTERS BOGOTA","isPartOf":{"@id":"https:\/\/espaciosyambientes.com\/es_es\/#website"},"primaryImageOfPage":{"@id":"https:\/\/espaciosyambientes.com\/producto\/gigabyte-27-qhd-ips-gaming1m-144h-g27q\/#primaryimage"},"image":{"@id":"https:\/\/espaciosyambientes.com\/producto\/gigabyte-27-qhd-ips-gaming1m-144h-g27q\/#primaryimage"},"thumbnailUrl":"https:\/\/espaciosyambientes.com\/wp-content\/uploads\/2021\/08\/15161-1.png","datePublished":"2021-08-17T19:55:27+00:00","dateModified":"2025-10-31T20:36:10+00:00","breadcrumb":{"@id":"https:\/\/espaciosyambientes.com\/producto\/gigabyte-27-qhd-ips-gaming1m-144h-g27q\/#breadcrumb"},"inLanguage":"es","potentialAction":[{"@type":"ReadAction","target":["https:\/\/espaciosyambientes.com\/producto\/gigabyte-27-qhd-ips-gaming1m-144h-g27q\/"]}]},{"@type":"ImageObject","inLanguage":"es","@id":"https:\/\/espaciosyambientes.com\/producto\/gigabyte-27-qhd-ips-gaming1m-144h-g27q\/#primaryimage","url":"https:\/\/espaciosyambientes.com\/wp-content\/uploads\/2021\/08\/15161-1.png","contentUrl":"https:\/\/espaciosyambientes.com\/wp-content\/uploads\/2021\/08\/15161-1.png","width":1000,"height":1000},{"@type":"BreadcrumbList","@id":"https:\/\/espaciosyambientes.com\/producto\/gigabyte-27-qhd-ips-gaming1m-144h-g27q\/#breadcrumb","itemListElement":[{"@type":"ListItem","position":1,"name":"Home","item":"https:\/\/espaciosyambientes.com\/"},{"@type":"ListItem","position":2,"name":"Tienda","item":"https:\/\/espaciosyambientes.com\/tienda\/"},{"@type":"ListItem","position":3,"name":"GIGABYTE 27&#8243; QHD IPS GAMING(1m-144H) G27Q"}]},{"@type":"WebSite","@id":"https:\/\/espaciosyambientes.com\/es_es\/#website","url":"https:\/\/espaciosyambientes.com\/es_es\/","name":"PC MASTERS BOGOTA","description":"","potentialAction":[{"@type":"SearchAction","target":{"@type":"EntryPoint","urlTemplate":"https:\/\/espaciosyambientes.com\/es_es\/?s={search_term_string}"},"query-input":{"@type":"PropertyValueSpecification","valueRequired":true,"valueName":"search_term_string"}}],"inLanguage":"es"}]}},"_links":{"self":[{"href":"http:\/\/espaciosyambientes.com\/es_es\/wp-json\/wp\/v2\/product\/16326","targetHints":{"allow":["GET"]}}],"collection":[{"href":"http:\/\/espaciosyambientes.com\/es_es\/wp-json\/wp\/v2\/product"}],"about":[{"href":"http:\/\/espaciosyambientes.com\/es_es\/wp-json\/wp\/v2\/types\/product"}],"replies":[{"embeddable":true,"href":"http:\/\/espaciosyambientes.com\/es_es\/wp-json\/wp\/v2\/comments?post=16326"}],"version-history":[{"count":3,"href":"http:\/\/espaciosyambientes.com\/es_es\/wp-json\/wp\/v2\/product\/16326\/revisions"}],"predecessor-version":[{"id":17682,"href":"http:\/\/espaciosyambientes.com\/es_es\/wp-json\/wp\/v2\/product\/16326\/revisions\/17682"}],"wp:featuredmedia":[{"embeddable":true,"href":"http:\/\/espaciosyambientes.com\/es_es\/wp-json\/wp\/v2\/media\/16883"}],"wp:attachment":[{"href":"http:\/\/espaciosyambientes.com\/es_es\/wp-json\/wp\/v2\/media?parent=16326"}],"wp:term":[{"taxonomy":"product_brand","embeddable":true,"href":"http:\/\/espaciosyambientes.com\/es_es\/wp-json\/wp\/v2\/product_brand?post=16326"},{"taxonomy":"product_cat","embeddable":true,"href":"http:\/\/espaciosyambientes.com\/es_es\/wp-json\/wp\/v2\/product_cat?post=16326"},{"taxonomy":"product_tag","embeddable":true,"href":"http:\/\/espaciosyambientes.com\/es_es\/wp-json\/wp\/v2\/product_tag?post=16326"}],"curies":[{"name":"wp","href":"https:\/\/api.w.org\/{rel}","templated":true}]}}