{"id":16325,"date":"2021-08-17T14:55:27","date_gmt":"2021-08-17T19:55:27","guid":{"rendered":"https:\/\/espaciosyambientes.com\/?post_type=product&#038;p=16325"},"modified":"2025-10-31T15:37:28","modified_gmt":"2025-10-31T20:37:28","slug":"gigabyte-27-ips-gaming-1ms-144hz-m27f","status":"publish","type":"product","link":"http:\/\/espaciosyambientes.com\/es_es\/producto\/gigabyte-27-ips-gaming-1ms-144hz-m27f\/","title":{"rendered":"GIGABYTE 27&#8243; IPS GAMING (1ms-144Hz) M27F"},"content":{"rendered":"<p>Usos espec\u00edficos del producto Juegos<br \/>\nMarca Gigabyte Technology<br \/>\nTama\u00f1o de pantalla 27 Pulgadas<br \/>\nTotal de puertos HDMI 2<br \/>\nInterfaz de hardware DisplayPort, HDMI, USB-C<br \/>\nTipo de conector USB, HDMI<br \/>\nResoluci\u00f3n del esc\u00e1ner FHD 1080p<br \/>\nResoluci\u00f3n de pantalla m\u00e1xima 1080p Full HD<br \/>\nRelaci\u00f3n de aspecto 16:9<br \/>\nTiempo de respuesta 1 Milisegundos<\/p>\n","protected":false},"excerpt":{"rendered":"<p>La apariencia aerodin\u00e1mica representa la simplicidad de la filosof\u00eda de dise\u00f1o de la Serie Gamer de GIGABYTE, un soporte resistente y un acabado mate construido para caracter\u00edsticas funcionales y est\u00e9ticas que agregan m\u00e1s a las caracter\u00edsticas.<\/p>\n","protected":false},"featured_media":16878,"comment_status":"open","ping_status":"closed","template":"","meta":[],"product_brand":[109],"product_cat":[78],"product_tag":[343],"class_list":{"0":"post-16325","1":"product","2":"type-product","3":"status-publish","4":"has-post-thumbnail","6":"product_brand-gigabyte","7":"product_cat-monitores","8":"product_tag-pantallas","10":"first","11":"instock","12":"taxable","13":"shipping-taxable","14":"purchasable","15":"product-type-simple"},"yoast_head":"<!-- This site is optimized with the Yoast SEO plugin v27.3 - https:\/\/yoast.com\/product\/yoast-seo-wordpress\/ -->\n<title>GIGABYTE 27&quot; IPS GAMING (1ms-144Hz) M27F - PC MASTERS BOGOTA<\/title>\n<meta name=\"robots\" content=\"index, follow, max-snippet:-1, max-image-preview:large, max-video-preview:-1\" \/>\n<link rel=\"canonical\" href=\"https:\/\/espaciosyambientes.com\/es_es\/producto\/gigabyte-27-ips-gaming-1ms-144hz-m27f\/\" \/>\n<meta property=\"og:locale\" content=\"es_ES\" \/>\n<meta property=\"og:type\" content=\"article\" \/>\n<meta property=\"og:title\" content=\"GIGABYTE 27&quot; IPS GAMING (1ms-144Hz) M27F - PC MASTERS BOGOTA\" \/>\n<meta property=\"og:description\" content=\"La apariencia aerodin\u00e1mica representa la simplicidad de la filosof\u00eda de dise\u00f1o de la Serie Gamer de GIGABYTE, un soporte resistente y un acabado mate construido para caracter\u00edsticas funcionales y est\u00e9ticas que agregan m\u00e1s a las caracter\u00edsticas.\" \/>\n<meta property=\"og:url\" content=\"https:\/\/espaciosyambientes.com\/es_es\/producto\/gigabyte-27-ips-gaming-1ms-144hz-m27f\/\" \/>\n<meta property=\"og:site_name\" content=\"PC MASTERS BOGOTA\" \/>\n<meta property=\"article:modified_time\" content=\"2025-10-31T20:37:28+00:00\" \/>\n<meta property=\"og:image\" content=\"https:\/\/espaciosyambientes.com\/wp-content\/uploads\/2021\/08\/1.png\" \/>\n\t<meta property=\"og:image:width\" content=\"1000\" \/>\n\t<meta property=\"og:image:height\" content=\"1000\" \/>\n\t<meta property=\"og:image:type\" content=\"image\/png\" \/>\n<meta name=\"twitter:card\" content=\"summary_large_image\" \/>\n<script type=\"application\/ld+json\" class=\"yoast-schema-graph\">{\"@context\":\"https:\\\/\\\/schema.org\",\"@graph\":[{\"@type\":\"WebPage\",\"@id\":\"https:\\\/\\\/espaciosyambientes.com\\\/producto\\\/gigabyte-27-ips-gaming-1ms-144hz-m27f\\\/\",\"url\":\"https:\\\/\\\/espaciosyambientes.com\\\/producto\\\/gigabyte-27-ips-gaming-1ms-144hz-m27f\\\/\",\"name\":\"GIGABYTE 27\\\" IPS GAMING (1ms-144Hz) M27F - PC MASTERS BOGOTA\",\"isPartOf\":{\"@id\":\"https:\\\/\\\/espaciosyambientes.com\\\/es_es\\\/#website\"},\"primaryImageOfPage\":{\"@id\":\"https:\\\/\\\/espaciosyambientes.com\\\/producto\\\/gigabyte-27-ips-gaming-1ms-144hz-m27f\\\/#primaryimage\"},\"image\":{\"@id\":\"https:\\\/\\\/espaciosyambientes.com\\\/producto\\\/gigabyte-27-ips-gaming-1ms-144hz-m27f\\\/#primaryimage\"},\"thumbnailUrl\":\"https:\\\/\\\/espaciosyambientes.com\\\/wp-content\\\/uploads\\\/2021\\\/08\\\/1.png\",\"datePublished\":\"2021-08-17T19:55:27+00:00\",\"dateModified\":\"2025-10-31T20:37:28+00:00\",\"breadcrumb\":{\"@id\":\"https:\\\/\\\/espaciosyambientes.com\\\/producto\\\/gigabyte-27-ips-gaming-1ms-144hz-m27f\\\/#breadcrumb\"},\"inLanguage\":\"es\",\"potentialAction\":[{\"@type\":\"ReadAction\",\"target\":[\"https:\\\/\\\/espaciosyambientes.com\\\/producto\\\/gigabyte-27-ips-gaming-1ms-144hz-m27f\\\/\"]}]},{\"@type\":\"ImageObject\",\"inLanguage\":\"es\",\"@id\":\"https:\\\/\\\/espaciosyambientes.com\\\/producto\\\/gigabyte-27-ips-gaming-1ms-144hz-m27f\\\/#primaryimage\",\"url\":\"https:\\\/\\\/espaciosyambientes.com\\\/wp-content\\\/uploads\\\/2021\\\/08\\\/1.png\",\"contentUrl\":\"https:\\\/\\\/espaciosyambientes.com\\\/wp-content\\\/uploads\\\/2021\\\/08\\\/1.png\",\"width\":1000,\"height\":1000},{\"@type\":\"BreadcrumbList\",\"@id\":\"https:\\\/\\\/espaciosyambientes.com\\\/producto\\\/gigabyte-27-ips-gaming-1ms-144hz-m27f\\\/#breadcrumb\",\"itemListElement\":[{\"@type\":\"ListItem\",\"position\":1,\"name\":\"Home\",\"item\":\"https:\\\/\\\/espaciosyambientes.com\\\/\"},{\"@type\":\"ListItem\",\"position\":2,\"name\":\"Tienda\",\"item\":\"https:\\\/\\\/espaciosyambientes.com\\\/tienda\\\/\"},{\"@type\":\"ListItem\",\"position\":3,\"name\":\"GIGABYTE 27&#8243; IPS GAMING (1ms-144Hz) M27F\"}]},{\"@type\":\"WebSite\",\"@id\":\"https:\\\/\\\/espaciosyambientes.com\\\/es_es\\\/#website\",\"url\":\"https:\\\/\\\/espaciosyambientes.com\\\/es_es\\\/\",\"name\":\"PC MASTERS BOGOTA\",\"description\":\"\",\"potentialAction\":[{\"@type\":\"SearchAction\",\"target\":{\"@type\":\"EntryPoint\",\"urlTemplate\":\"https:\\\/\\\/espaciosyambientes.com\\\/es_es\\\/?s={search_term_string}\"},\"query-input\":{\"@type\":\"PropertyValueSpecification\",\"valueRequired\":true,\"valueName\":\"search_term_string\"}}],\"inLanguage\":\"es\"}]}<\/script>\n<!-- \/ Yoast SEO plugin. -->","yoast_head_json":{"title":"GIGABYTE 27\" IPS GAMING (1ms-144Hz) M27F - PC MASTERS BOGOTA","robots":{"index":"index","follow":"follow","max-snippet":"max-snippet:-1","max-image-preview":"max-image-preview:large","max-video-preview":"max-video-preview:-1"},"canonical":"https:\/\/espaciosyambientes.com\/es_es\/producto\/gigabyte-27-ips-gaming-1ms-144hz-m27f\/","og_locale":"es_ES","og_type":"article","og_title":"GIGABYTE 27\" IPS GAMING (1ms-144Hz) M27F - PC MASTERS BOGOTA","og_description":"La apariencia aerodin\u00e1mica representa la simplicidad de la filosof\u00eda de dise\u00f1o de la Serie Gamer de GIGABYTE, un soporte resistente y un acabado mate construido para caracter\u00edsticas funcionales y est\u00e9ticas que agregan m\u00e1s a las caracter\u00edsticas.","og_url":"https:\/\/espaciosyambientes.com\/es_es\/producto\/gigabyte-27-ips-gaming-1ms-144hz-m27f\/","og_site_name":"PC MASTERS BOGOTA","article_modified_time":"2025-10-31T20:37:28+00:00","og_image":[{"width":1000,"height":1000,"url":"https:\/\/espaciosyambientes.com\/wp-content\/uploads\/2021\/08\/1.png","type":"image\/png"}],"twitter_card":"summary_large_image","schema":{"@context":"https:\/\/schema.org","@graph":[{"@type":"WebPage","@id":"https:\/\/espaciosyambientes.com\/producto\/gigabyte-27-ips-gaming-1ms-144hz-m27f\/","url":"https:\/\/espaciosyambientes.com\/producto\/gigabyte-27-ips-gaming-1ms-144hz-m27f\/","name":"GIGABYTE 27\" IPS GAMING (1ms-144Hz) M27F - PC MASTERS BOGOTA","isPartOf":{"@id":"https:\/\/espaciosyambientes.com\/es_es\/#website"},"primaryImageOfPage":{"@id":"https:\/\/espaciosyambientes.com\/producto\/gigabyte-27-ips-gaming-1ms-144hz-m27f\/#primaryimage"},"image":{"@id":"https:\/\/espaciosyambientes.com\/producto\/gigabyte-27-ips-gaming-1ms-144hz-m27f\/#primaryimage"},"thumbnailUrl":"https:\/\/espaciosyambientes.com\/wp-content\/uploads\/2021\/08\/1.png","datePublished":"2021-08-17T19:55:27+00:00","dateModified":"2025-10-31T20:37:28+00:00","breadcrumb":{"@id":"https:\/\/espaciosyambientes.com\/producto\/gigabyte-27-ips-gaming-1ms-144hz-m27f\/#breadcrumb"},"inLanguage":"es","potentialAction":[{"@type":"ReadAction","target":["https:\/\/espaciosyambientes.com\/producto\/gigabyte-27-ips-gaming-1ms-144hz-m27f\/"]}]},{"@type":"ImageObject","inLanguage":"es","@id":"https:\/\/espaciosyambientes.com\/producto\/gigabyte-27-ips-gaming-1ms-144hz-m27f\/#primaryimage","url":"https:\/\/espaciosyambientes.com\/wp-content\/uploads\/2021\/08\/1.png","contentUrl":"https:\/\/espaciosyambientes.com\/wp-content\/uploads\/2021\/08\/1.png","width":1000,"height":1000},{"@type":"BreadcrumbList","@id":"https:\/\/espaciosyambientes.com\/producto\/gigabyte-27-ips-gaming-1ms-144hz-m27f\/#breadcrumb","itemListElement":[{"@type":"ListItem","position":1,"name":"Home","item":"https:\/\/espaciosyambientes.com\/"},{"@type":"ListItem","position":2,"name":"Tienda","item":"https:\/\/espaciosyambientes.com\/tienda\/"},{"@type":"ListItem","position":3,"name":"GIGABYTE 27&#8243; IPS GAMING (1ms-144Hz) M27F"}]},{"@type":"WebSite","@id":"https:\/\/espaciosyambientes.com\/es_es\/#website","url":"https:\/\/espaciosyambientes.com\/es_es\/","name":"PC MASTERS BOGOTA","description":"","potentialAction":[{"@type":"SearchAction","target":{"@type":"EntryPoint","urlTemplate":"https:\/\/espaciosyambientes.com\/es_es\/?s={search_term_string}"},"query-input":{"@type":"PropertyValueSpecification","valueRequired":true,"valueName":"search_term_string"}}],"inLanguage":"es"}]}},"_links":{"self":[{"href":"http:\/\/espaciosyambientes.com\/es_es\/wp-json\/wp\/v2\/product\/16325","targetHints":{"allow":["GET"]}}],"collection":[{"href":"http:\/\/espaciosyambientes.com\/es_es\/wp-json\/wp\/v2\/product"}],"about":[{"href":"http:\/\/espaciosyambientes.com\/es_es\/wp-json\/wp\/v2\/types\/product"}],"replies":[{"embeddable":true,"href":"http:\/\/espaciosyambientes.com\/es_es\/wp-json\/wp\/v2\/comments?post=16325"}],"version-history":[{"count":3,"href":"http:\/\/espaciosyambientes.com\/es_es\/wp-json\/wp\/v2\/product\/16325\/revisions"}],"predecessor-version":[{"id":16874,"href":"http:\/\/espaciosyambientes.com\/es_es\/wp-json\/wp\/v2\/product\/16325\/revisions\/16874"}],"wp:featuredmedia":[{"embeddable":true,"href":"http:\/\/espaciosyambientes.com\/es_es\/wp-json\/wp\/v2\/media\/16878"}],"wp:attachment":[{"href":"http:\/\/espaciosyambientes.com\/es_es\/wp-json\/wp\/v2\/media?parent=16325"}],"wp:term":[{"taxonomy":"product_brand","embeddable":true,"href":"http:\/\/espaciosyambientes.com\/es_es\/wp-json\/wp\/v2\/product_brand?post=16325"},{"taxonomy":"product_cat","embeddable":true,"href":"http:\/\/espaciosyambientes.com\/es_es\/wp-json\/wp\/v2\/product_cat?post=16325"},{"taxonomy":"product_tag","embeddable":true,"href":"http:\/\/espaciosyambientes.com\/es_es\/wp-json\/wp\/v2\/product_tag?post=16325"}],"curies":[{"name":"wp","href":"https:\/\/api.w.org\/{rel}","templated":true}]}}