{"id":14917,"date":"2021-08-10T13:34:46","date_gmt":"2021-08-10T18:34:46","guid":{"rendered":"https:\/\/espaciosyambientes.com\/?post_type=product&#038;p=14917"},"modified":"2026-02-09T00:15:55","modified_gmt":"2026-02-09T05:15:55","slug":"elgato-hd60-s-capturadora-usb30-4k-60fps","status":"publish","type":"product","link":"http:\/\/espaciosyambientes.com\/es_es\/producto\/elgato-hd60-s-capturadora-usb30-4k-60fps\/","title":{"rendered":"ELGATO HD60 S+\/CAPTURADORA\/USB3,0\/4K-60fps"},"content":{"rendered":"<p>https:\/\/www.elgato.com\/es\/game-capture-4k60-s-plus<\/p>\n<p>Caracter\u00edsticas principales<br \/>\nMarca Corsair<br \/>\nModelo El Gato Hd60 S+<br \/>\nTipo de capturadora de video Externa<br \/>\nDescripci\u00f3n<br \/>\nHD60 S+<br \/>\nJuega y crea sin renunciar a nada.<\/p>\n<p>VIVES PARA JUGAR Y TE APASIONA CREAR<\/p>\n<p>Con el HD60 S+, disfruta de tus juego triple A en toda su espectacularidad gr\u00e1fica y aumenta f\u00e1cilmente tu calidad de producci\u00f3n.<\/p>\n<p>PLUG AND PLAY<br \/>\nConecta tu consola y tu ordenador. Ponte a crear. As\u00ed de simple. Sin instalaciones tediosas ni software complicado. Solo t\u00fa, tu juego y tus espectadores. Todo conectado al instante a trav\u00e9s del HD60 S+<\/p>\n<p>CAPTURA PROFESIONAL<br \/>\nCon el HD60 S+ puedes empezar a transmitir en cualquier plataforma en tiempo r\u00e9cord, haciendo streaming con una resoluci\u00f3n 1080p espectacular y la fluidez de los 60 fps. Adem\u00e1s, funciona con OBS Studio, Streamlabs OBS, XSplit y cualquier otra herramienta que uses.<\/p>\n<p>TRASPASO AUT\u00c9NTICO DE SE\u00d1AL<br \/>\nMientras haces streaming por Twitch o grabas para YouTube, el HD60 S+ te permite jugar a tus juegos de alta fidelidad para Xbox One X y PS4 Pro como es debido: con una calidad espectacular 4K60 HDR10 con latencia cero.<\/p>\n<p>PLUG AND PLAY<br \/>\nConecta tu consola y tu ordenador. Ponte a crear. As\u00ed de simple. Sin instalaciones tediosas ni software complicado. Solo t\u00fa, tu juego y tus espectadores. Todo conectado al instante a trav\u00e9s del HD60 S+.<\/p>\n<p>CAPTURA PROFESIONAL<br \/>\nCon el HD60 S+ puedes empezar a transmitir en cualquier plataforma en tiempo r\u00e9cord, haciendo streaming con una resoluci\u00f3n 1080p espectacular y la fluidez de los 60 fps. Adem\u00e1s, funciona con OBS Studio, Streamlabs OBS, XSplit y cualquier otra herramienta que uses.<\/p>\n","protected":false},"excerpt":{"rendered":"<p>Con el HD60 S+, disfruta de tus juego triple A en toda su espectacularidad gr\u00e1fica y aumenta f\u00e1cilmente tu calidad de producci\u00f3n.<\/p>\n","protected":false},"featured_media":15378,"comment_status":"open","ping_status":"closed","template":"","meta":[],"product_brand":[337],"product_cat":[350],"product_tag":[284],"class_list":{"0":"post-14917","1":"product","2":"type-product","3":"status-publish","4":"has-post-thumbnail","6":"product_brand-elgato","7":"product_cat-capturadoras","8":"product_tag-accesorios","10":"first","11":"instock","12":"taxable","13":"shipping-taxable","14":"purchasable","15":"product-type-simple"},"yoast_head":"<!-- This site is optimized with the Yoast SEO plugin v27.3 - https:\/\/yoast.com\/product\/yoast-seo-wordpress\/ -->\n<title>ELGATO HD60 S+\/CAPTURADORA\/USB3,0\/4K-60fps - PC MASTERS BOGOTA<\/title>\n<meta name=\"robots\" content=\"index, follow, max-snippet:-1, max-image-preview:large, max-video-preview:-1\" \/>\n<link rel=\"canonical\" href=\"https:\/\/espaciosyambientes.com\/es_es\/producto\/elgato-hd60-s-capturadora-usb30-4k-60fps\/\" \/>\n<meta property=\"og:locale\" content=\"es_ES\" \/>\n<meta property=\"og:type\" content=\"article\" \/>\n<meta property=\"og:title\" content=\"ELGATO HD60 S+\/CAPTURADORA\/USB3,0\/4K-60fps - PC MASTERS BOGOTA\" \/>\n<meta property=\"og:description\" content=\"Con el HD60 S+, disfruta de tus juego triple A en toda su espectacularidad gr\u00e1fica y aumenta f\u00e1cilmente tu calidad de producci\u00f3n.\" \/>\n<meta property=\"og:url\" content=\"https:\/\/espaciosyambientes.com\/es_es\/producto\/elgato-hd60-s-capturadora-usb30-4k-60fps\/\" \/>\n<meta property=\"og:site_name\" content=\"PC MASTERS BOGOTA\" \/>\n<meta property=\"article:modified_time\" content=\"2026-02-09T05:15:55+00:00\" \/>\n<meta property=\"og:image\" content=\"https:\/\/espaciosyambientes.com\/wp-content\/uploads\/2021\/08\/59008.1.png\" \/>\n\t<meta property=\"og:image:width\" content=\"1000\" \/>\n\t<meta property=\"og:image:height\" content=\"1000\" \/>\n\t<meta property=\"og:image:type\" content=\"image\/png\" \/>\n<meta name=\"twitter:card\" content=\"summary_large_image\" \/>\n<meta name=\"twitter:label1\" content=\"Tiempo de lectura\" \/>\n\t<meta name=\"twitter:data1\" content=\"2 minutos\" \/>\n<script type=\"application\/ld+json\" class=\"yoast-schema-graph\">{\"@context\":\"https:\\\/\\\/schema.org\",\"@graph\":[{\"@type\":\"WebPage\",\"@id\":\"https:\\\/\\\/espaciosyambientes.com\\\/producto\\\/elgato-hd60-s-capturadora-usb30-4k-60fps\\\/\",\"url\":\"https:\\\/\\\/espaciosyambientes.com\\\/producto\\\/elgato-hd60-s-capturadora-usb30-4k-60fps\\\/\",\"name\":\"ELGATO HD60 S+\\\/CAPTURADORA\\\/USB3,0\\\/4K-60fps - PC MASTERS BOGOTA\",\"isPartOf\":{\"@id\":\"https:\\\/\\\/espaciosyambientes.com\\\/es_es\\\/#website\"},\"primaryImageOfPage\":{\"@id\":\"https:\\\/\\\/espaciosyambientes.com\\\/producto\\\/elgato-hd60-s-capturadora-usb30-4k-60fps\\\/#primaryimage\"},\"image\":{\"@id\":\"https:\\\/\\\/espaciosyambientes.com\\\/producto\\\/elgato-hd60-s-capturadora-usb30-4k-60fps\\\/#primaryimage\"},\"thumbnailUrl\":\"https:\\\/\\\/espaciosyambientes.com\\\/wp-content\\\/uploads\\\/2021\\\/08\\\/59008.1.png\",\"datePublished\":\"2021-08-10T18:34:46+00:00\",\"dateModified\":\"2026-02-09T05:15:55+00:00\",\"breadcrumb\":{\"@id\":\"https:\\\/\\\/espaciosyambientes.com\\\/producto\\\/elgato-hd60-s-capturadora-usb30-4k-60fps\\\/#breadcrumb\"},\"inLanguage\":\"es\",\"potentialAction\":[{\"@type\":\"ReadAction\",\"target\":[\"https:\\\/\\\/espaciosyambientes.com\\\/producto\\\/elgato-hd60-s-capturadora-usb30-4k-60fps\\\/\"]}]},{\"@type\":\"ImageObject\",\"inLanguage\":\"es\",\"@id\":\"https:\\\/\\\/espaciosyambientes.com\\\/producto\\\/elgato-hd60-s-capturadora-usb30-4k-60fps\\\/#primaryimage\",\"url\":\"https:\\\/\\\/espaciosyambientes.com\\\/wp-content\\\/uploads\\\/2021\\\/08\\\/59008.1.png\",\"contentUrl\":\"https:\\\/\\\/espaciosyambientes.com\\\/wp-content\\\/uploads\\\/2021\\\/08\\\/59008.1.png\",\"width\":1000,\"height\":1000},{\"@type\":\"BreadcrumbList\",\"@id\":\"https:\\\/\\\/espaciosyambientes.com\\\/producto\\\/elgato-hd60-s-capturadora-usb30-4k-60fps\\\/#breadcrumb\",\"itemListElement\":[{\"@type\":\"ListItem\",\"position\":1,\"name\":\"Home\",\"item\":\"https:\\\/\\\/espaciosyambientes.com\\\/\"},{\"@type\":\"ListItem\",\"position\":2,\"name\":\"Tienda\",\"item\":\"https:\\\/\\\/espaciosyambientes.com\\\/tienda\\\/\"},{\"@type\":\"ListItem\",\"position\":3,\"name\":\"ELGATO HD60 S+\\\/CAPTURADORA\\\/USB3,0\\\/4K-60fps\"}]},{\"@type\":\"WebSite\",\"@id\":\"https:\\\/\\\/espaciosyambientes.com\\\/es_es\\\/#website\",\"url\":\"https:\\\/\\\/espaciosyambientes.com\\\/es_es\\\/\",\"name\":\"PC MASTERS BOGOTA\",\"description\":\"\",\"potentialAction\":[{\"@type\":\"SearchAction\",\"target\":{\"@type\":\"EntryPoint\",\"urlTemplate\":\"https:\\\/\\\/espaciosyambientes.com\\\/es_es\\\/?s={search_term_string}\"},\"query-input\":{\"@type\":\"PropertyValueSpecification\",\"valueRequired\":true,\"valueName\":\"search_term_string\"}}],\"inLanguage\":\"es\"}]}<\/script>\n<!-- \/ Yoast SEO plugin. -->","yoast_head_json":{"title":"ELGATO HD60 S+\/CAPTURADORA\/USB3,0\/4K-60fps - PC MASTERS BOGOTA","robots":{"index":"index","follow":"follow","max-snippet":"max-snippet:-1","max-image-preview":"max-image-preview:large","max-video-preview":"max-video-preview:-1"},"canonical":"https:\/\/espaciosyambientes.com\/es_es\/producto\/elgato-hd60-s-capturadora-usb30-4k-60fps\/","og_locale":"es_ES","og_type":"article","og_title":"ELGATO HD60 S+\/CAPTURADORA\/USB3,0\/4K-60fps - PC MASTERS BOGOTA","og_description":"Con el HD60 S+, disfruta de tus juego triple A en toda su espectacularidad gr\u00e1fica y aumenta f\u00e1cilmente tu calidad de producci\u00f3n.","og_url":"https:\/\/espaciosyambientes.com\/es_es\/producto\/elgato-hd60-s-capturadora-usb30-4k-60fps\/","og_site_name":"PC MASTERS BOGOTA","article_modified_time":"2026-02-09T05:15:55+00:00","og_image":[{"width":1000,"height":1000,"url":"https:\/\/espaciosyambientes.com\/wp-content\/uploads\/2021\/08\/59008.1.png","type":"image\/png"}],"twitter_card":"summary_large_image","twitter_misc":{"Tiempo de lectura":"2 minutos"},"schema":{"@context":"https:\/\/schema.org","@graph":[{"@type":"WebPage","@id":"https:\/\/espaciosyambientes.com\/producto\/elgato-hd60-s-capturadora-usb30-4k-60fps\/","url":"https:\/\/espaciosyambientes.com\/producto\/elgato-hd60-s-capturadora-usb30-4k-60fps\/","name":"ELGATO HD60 S+\/CAPTURADORA\/USB3,0\/4K-60fps - PC MASTERS BOGOTA","isPartOf":{"@id":"https:\/\/espaciosyambientes.com\/es_es\/#website"},"primaryImageOfPage":{"@id":"https:\/\/espaciosyambientes.com\/producto\/elgato-hd60-s-capturadora-usb30-4k-60fps\/#primaryimage"},"image":{"@id":"https:\/\/espaciosyambientes.com\/producto\/elgato-hd60-s-capturadora-usb30-4k-60fps\/#primaryimage"},"thumbnailUrl":"https:\/\/espaciosyambientes.com\/wp-content\/uploads\/2021\/08\/59008.1.png","datePublished":"2021-08-10T18:34:46+00:00","dateModified":"2026-02-09T05:15:55+00:00","breadcrumb":{"@id":"https:\/\/espaciosyambientes.com\/producto\/elgato-hd60-s-capturadora-usb30-4k-60fps\/#breadcrumb"},"inLanguage":"es","potentialAction":[{"@type":"ReadAction","target":["https:\/\/espaciosyambientes.com\/producto\/elgato-hd60-s-capturadora-usb30-4k-60fps\/"]}]},{"@type":"ImageObject","inLanguage":"es","@id":"https:\/\/espaciosyambientes.com\/producto\/elgato-hd60-s-capturadora-usb30-4k-60fps\/#primaryimage","url":"https:\/\/espaciosyambientes.com\/wp-content\/uploads\/2021\/08\/59008.1.png","contentUrl":"https:\/\/espaciosyambientes.com\/wp-content\/uploads\/2021\/08\/59008.1.png","width":1000,"height":1000},{"@type":"BreadcrumbList","@id":"https:\/\/espaciosyambientes.com\/producto\/elgato-hd60-s-capturadora-usb30-4k-60fps\/#breadcrumb","itemListElement":[{"@type":"ListItem","position":1,"name":"Home","item":"https:\/\/espaciosyambientes.com\/"},{"@type":"ListItem","position":2,"name":"Tienda","item":"https:\/\/espaciosyambientes.com\/tienda\/"},{"@type":"ListItem","position":3,"name":"ELGATO HD60 S+\/CAPTURADORA\/USB3,0\/4K-60fps"}]},{"@type":"WebSite","@id":"https:\/\/espaciosyambientes.com\/es_es\/#website","url":"https:\/\/espaciosyambientes.com\/es_es\/","name":"PC MASTERS BOGOTA","description":"","potentialAction":[{"@type":"SearchAction","target":{"@type":"EntryPoint","urlTemplate":"https:\/\/espaciosyambientes.com\/es_es\/?s={search_term_string}"},"query-input":{"@type":"PropertyValueSpecification","valueRequired":true,"valueName":"search_term_string"}}],"inLanguage":"es"}]}},"_links":{"self":[{"href":"http:\/\/espaciosyambientes.com\/es_es\/wp-json\/wp\/v2\/product\/14917","targetHints":{"allow":["GET"]}}],"collection":[{"href":"http:\/\/espaciosyambientes.com\/es_es\/wp-json\/wp\/v2\/product"}],"about":[{"href":"http:\/\/espaciosyambientes.com\/es_es\/wp-json\/wp\/v2\/types\/product"}],"replies":[{"embeddable":true,"href":"http:\/\/espaciosyambientes.com\/es_es\/wp-json\/wp\/v2\/comments?post=14917"}],"version-history":[{"count":3,"href":"http:\/\/espaciosyambientes.com\/es_es\/wp-json\/wp\/v2\/product\/14917\/revisions"}],"predecessor-version":[{"id":17723,"href":"http:\/\/espaciosyambientes.com\/es_es\/wp-json\/wp\/v2\/product\/14917\/revisions\/17723"}],"wp:featuredmedia":[{"embeddable":true,"href":"http:\/\/espaciosyambientes.com\/es_es\/wp-json\/wp\/v2\/media\/15378"}],"wp:attachment":[{"href":"http:\/\/espaciosyambientes.com\/es_es\/wp-json\/wp\/v2\/media?parent=14917"}],"wp:term":[{"taxonomy":"product_brand","embeddable":true,"href":"http:\/\/espaciosyambientes.com\/es_es\/wp-json\/wp\/v2\/product_brand?post=14917"},{"taxonomy":"product_cat","embeddable":true,"href":"http:\/\/espaciosyambientes.com\/es_es\/wp-json\/wp\/v2\/product_cat?post=14917"},{"taxonomy":"product_tag","embeddable":true,"href":"http:\/\/espaciosyambientes.com\/es_es\/wp-json\/wp\/v2\/product_tag?post=14917"}],"curies":[{"name":"wp","href":"https:\/\/api.w.org\/{rel}","templated":true}]}}