{"id":14801,"date":"2021-08-10T12:55:27","date_gmt":"2021-08-10T17:55:27","guid":{"rendered":"https:\/\/espaciosyambientes.com\/?post_type=product&#038;p=14801"},"modified":"2023-07-21T22:53:14","modified_gmt":"2023-07-22T03:53:14","slug":"trust-gxt705r-roja","status":"publish","type":"product","link":"http:\/\/espaciosyambientes.com\/es_es\/producto\/trust-gxt705r-roja\/","title":{"rendered":"TRUST GXT705R ROJA"},"content":{"rendered":"<p>https:\/\/www.trust.com\/es\/product\/22256-gxt-705r-ryon-gaming-chair-red<\/p>\n<p>Max. Peso: 150 kilogramos.Altura del producto principal (en mm): 1270 mm.Ancho del producto principal (en mm): 700 mm.Profundidad del producto principal (en mm): 630 mm.Peso de la unidad principal: 15200 g.Dise\u00f1o ergon\u00f3mico: si.Elevaci\u00f3n de gas: si.Tama\u00f1o de elevaci\u00f3n de gas: 368 mm.Marca de elevaci\u00f3n de gas: lant.Clase de elevaci\u00f3n de gas: clase 4.Profundidad del asiento: 52 cm.Ancho del asiento: 50 cm.Altura del respaldo: 74 cm.Apoyabrazos ajustable no.Altura del asiento ajustable: s\u00ed, 47 \/ 54,5.Asiento: cuero PU.Acolchado apoyabrazos: Espuma de alta densidad.Base de rueda de pl\u00e1stico: pintura negra y plateada.Tipo de rueda: 50 mm, nailon negro.Acolchado del respaldo: Espuma de alta densidad.Relleno de coj\u00edn: Espuma de alta densidad.<\/p>\n","protected":false},"excerpt":{"rendered":"<div class=\"woocommerce-product-details__short-description\">\n<div class=\"info\">\n<p class=\"body\">Silla para juegos ergon\u00f3mica, dise\u00f1ada para jugar c\u00f3modamente durante horas.<\/p>\n<\/div>\n<\/div>\n","protected":false},"featured_media":14840,"comment_status":"open","ping_status":"closed","template":"","meta":[],"product_brand":[125],"product_cat":[79],"product_tag":[331],"class_list":{"0":"post-14801","1":"product","2":"type-product","3":"status-publish","4":"has-post-thumbnail","6":"product_brand-trust","7":"product_cat-silla-gamer","8":"product_tag-accesorio-gamer","10":"first","11":"instock","12":"taxable","13":"shipping-taxable","14":"purchasable","15":"product-type-simple"},"yoast_head":"<!-- This site is optimized with the Yoast SEO plugin v27.3 - https:\/\/yoast.com\/product\/yoast-seo-wordpress\/ -->\n<title>TRUST GXT705R ROJA - PC MASTERS BOGOTA<\/title>\n<meta name=\"robots\" content=\"index, follow, max-snippet:-1, max-image-preview:large, max-video-preview:-1\" \/>\n<link rel=\"canonical\" href=\"https:\/\/espaciosyambientes.com\/es_es\/producto\/trust-gxt705r-roja\/\" \/>\n<meta property=\"og:locale\" content=\"es_ES\" \/>\n<meta property=\"og:type\" content=\"article\" \/>\n<meta property=\"og:title\" content=\"TRUST GXT705R ROJA - PC MASTERS BOGOTA\" \/>\n<meta property=\"og:description\" content=\"Silla para juegos ergon\u00f3mica, dise\u00f1ada para jugar c\u00f3modamente durante horas.\" \/>\n<meta property=\"og:url\" content=\"https:\/\/espaciosyambientes.com\/es_es\/producto\/trust-gxt705r-roja\/\" \/>\n<meta property=\"og:site_name\" content=\"PC MASTERS BOGOTA\" \/>\n<meta property=\"article:modified_time\" content=\"2023-07-22T03:53:14+00:00\" \/>\n<meta property=\"og:image\" content=\"https:\/\/espaciosyambientes.com\/wp-content\/uploads\/2021\/08\/45057.png\" \/>\n\t<meta property=\"og:image:width\" content=\"1000\" \/>\n\t<meta property=\"og:image:height\" content=\"1000\" \/>\n\t<meta property=\"og:image:type\" content=\"image\/png\" \/>\n<meta name=\"twitter:card\" content=\"summary_large_image\" \/>\n<meta name=\"twitter:label1\" content=\"Tiempo de lectura\" \/>\n\t<meta name=\"twitter:data1\" content=\"1 minuto\" \/>\n<script type=\"application\/ld+json\" class=\"yoast-schema-graph\">{\"@context\":\"https:\\\/\\\/schema.org\",\"@graph\":[{\"@type\":\"WebPage\",\"@id\":\"https:\\\/\\\/espaciosyambientes.com\\\/producto\\\/trust-gxt705r-roja\\\/\",\"url\":\"https:\\\/\\\/espaciosyambientes.com\\\/producto\\\/trust-gxt705r-roja\\\/\",\"name\":\"TRUST GXT705R ROJA - PC MASTERS BOGOTA\",\"isPartOf\":{\"@id\":\"https:\\\/\\\/espaciosyambientes.com\\\/es_es\\\/#website\"},\"primaryImageOfPage\":{\"@id\":\"https:\\\/\\\/espaciosyambientes.com\\\/producto\\\/trust-gxt705r-roja\\\/#primaryimage\"},\"image\":{\"@id\":\"https:\\\/\\\/espaciosyambientes.com\\\/producto\\\/trust-gxt705r-roja\\\/#primaryimage\"},\"thumbnailUrl\":\"https:\\\/\\\/espaciosyambientes.com\\\/wp-content\\\/uploads\\\/2021\\\/08\\\/45057.png\",\"datePublished\":\"2021-08-10T17:55:27+00:00\",\"dateModified\":\"2023-07-22T03:53:14+00:00\",\"breadcrumb\":{\"@id\":\"https:\\\/\\\/espaciosyambientes.com\\\/producto\\\/trust-gxt705r-roja\\\/#breadcrumb\"},\"inLanguage\":\"es\",\"potentialAction\":[{\"@type\":\"ReadAction\",\"target\":[\"https:\\\/\\\/espaciosyambientes.com\\\/producto\\\/trust-gxt705r-roja\\\/\"]}]},{\"@type\":\"ImageObject\",\"inLanguage\":\"es\",\"@id\":\"https:\\\/\\\/espaciosyambientes.com\\\/producto\\\/trust-gxt705r-roja\\\/#primaryimage\",\"url\":\"https:\\\/\\\/espaciosyambientes.com\\\/wp-content\\\/uploads\\\/2021\\\/08\\\/45057.png\",\"contentUrl\":\"https:\\\/\\\/espaciosyambientes.com\\\/wp-content\\\/uploads\\\/2021\\\/08\\\/45057.png\",\"width\":1000,\"height\":1000},{\"@type\":\"BreadcrumbList\",\"@id\":\"https:\\\/\\\/espaciosyambientes.com\\\/producto\\\/trust-gxt705r-roja\\\/#breadcrumb\",\"itemListElement\":[{\"@type\":\"ListItem\",\"position\":1,\"name\":\"Home\",\"item\":\"https:\\\/\\\/espaciosyambientes.com\\\/\"},{\"@type\":\"ListItem\",\"position\":2,\"name\":\"Tienda\",\"item\":\"https:\\\/\\\/espaciosyambientes.com\\\/tienda\\\/\"},{\"@type\":\"ListItem\",\"position\":3,\"name\":\"TRUST GXT705R ROJA\"}]},{\"@type\":\"WebSite\",\"@id\":\"https:\\\/\\\/espaciosyambientes.com\\\/es_es\\\/#website\",\"url\":\"https:\\\/\\\/espaciosyambientes.com\\\/es_es\\\/\",\"name\":\"PC MASTERS BOGOTA\",\"description\":\"\",\"potentialAction\":[{\"@type\":\"SearchAction\",\"target\":{\"@type\":\"EntryPoint\",\"urlTemplate\":\"https:\\\/\\\/espaciosyambientes.com\\\/es_es\\\/?s={search_term_string}\"},\"query-input\":{\"@type\":\"PropertyValueSpecification\",\"valueRequired\":true,\"valueName\":\"search_term_string\"}}],\"inLanguage\":\"es\"}]}<\/script>\n<!-- \/ Yoast SEO plugin. -->","yoast_head_json":{"title":"TRUST GXT705R ROJA - PC MASTERS BOGOTA","robots":{"index":"index","follow":"follow","max-snippet":"max-snippet:-1","max-image-preview":"max-image-preview:large","max-video-preview":"max-video-preview:-1"},"canonical":"https:\/\/espaciosyambientes.com\/es_es\/producto\/trust-gxt705r-roja\/","og_locale":"es_ES","og_type":"article","og_title":"TRUST GXT705R ROJA - PC MASTERS BOGOTA","og_description":"Silla para juegos ergon\u00f3mica, dise\u00f1ada para jugar c\u00f3modamente durante horas.","og_url":"https:\/\/espaciosyambientes.com\/es_es\/producto\/trust-gxt705r-roja\/","og_site_name":"PC MASTERS BOGOTA","article_modified_time":"2023-07-22T03:53:14+00:00","og_image":[{"width":1000,"height":1000,"url":"https:\/\/espaciosyambientes.com\/wp-content\/uploads\/2021\/08\/45057.png","type":"image\/png"}],"twitter_card":"summary_large_image","twitter_misc":{"Tiempo de lectura":"1 minuto"},"schema":{"@context":"https:\/\/schema.org","@graph":[{"@type":"WebPage","@id":"https:\/\/espaciosyambientes.com\/producto\/trust-gxt705r-roja\/","url":"https:\/\/espaciosyambientes.com\/producto\/trust-gxt705r-roja\/","name":"TRUST GXT705R ROJA - PC MASTERS BOGOTA","isPartOf":{"@id":"https:\/\/espaciosyambientes.com\/es_es\/#website"},"primaryImageOfPage":{"@id":"https:\/\/espaciosyambientes.com\/producto\/trust-gxt705r-roja\/#primaryimage"},"image":{"@id":"https:\/\/espaciosyambientes.com\/producto\/trust-gxt705r-roja\/#primaryimage"},"thumbnailUrl":"https:\/\/espaciosyambientes.com\/wp-content\/uploads\/2021\/08\/45057.png","datePublished":"2021-08-10T17:55:27+00:00","dateModified":"2023-07-22T03:53:14+00:00","breadcrumb":{"@id":"https:\/\/espaciosyambientes.com\/producto\/trust-gxt705r-roja\/#breadcrumb"},"inLanguage":"es","potentialAction":[{"@type":"ReadAction","target":["https:\/\/espaciosyambientes.com\/producto\/trust-gxt705r-roja\/"]}]},{"@type":"ImageObject","inLanguage":"es","@id":"https:\/\/espaciosyambientes.com\/producto\/trust-gxt705r-roja\/#primaryimage","url":"https:\/\/espaciosyambientes.com\/wp-content\/uploads\/2021\/08\/45057.png","contentUrl":"https:\/\/espaciosyambientes.com\/wp-content\/uploads\/2021\/08\/45057.png","width":1000,"height":1000},{"@type":"BreadcrumbList","@id":"https:\/\/espaciosyambientes.com\/producto\/trust-gxt705r-roja\/#breadcrumb","itemListElement":[{"@type":"ListItem","position":1,"name":"Home","item":"https:\/\/espaciosyambientes.com\/"},{"@type":"ListItem","position":2,"name":"Tienda","item":"https:\/\/espaciosyambientes.com\/tienda\/"},{"@type":"ListItem","position":3,"name":"TRUST GXT705R ROJA"}]},{"@type":"WebSite","@id":"https:\/\/espaciosyambientes.com\/es_es\/#website","url":"https:\/\/espaciosyambientes.com\/es_es\/","name":"PC MASTERS BOGOTA","description":"","potentialAction":[{"@type":"SearchAction","target":{"@type":"EntryPoint","urlTemplate":"https:\/\/espaciosyambientes.com\/es_es\/?s={search_term_string}"},"query-input":{"@type":"PropertyValueSpecification","valueRequired":true,"valueName":"search_term_string"}}],"inLanguage":"es"}]}},"_links":{"self":[{"href":"http:\/\/espaciosyambientes.com\/es_es\/wp-json\/wp\/v2\/product\/14801","targetHints":{"allow":["GET"]}}],"collection":[{"href":"http:\/\/espaciosyambientes.com\/es_es\/wp-json\/wp\/v2\/product"}],"about":[{"href":"http:\/\/espaciosyambientes.com\/es_es\/wp-json\/wp\/v2\/types\/product"}],"replies":[{"embeddable":true,"href":"http:\/\/espaciosyambientes.com\/es_es\/wp-json\/wp\/v2\/comments?post=14801"}],"version-history":[{"count":4,"href":"http:\/\/espaciosyambientes.com\/es_es\/wp-json\/wp\/v2\/product\/14801\/revisions"}],"predecessor-version":[{"id":17736,"href":"http:\/\/espaciosyambientes.com\/es_es\/wp-json\/wp\/v2\/product\/14801\/revisions\/17736"}],"wp:featuredmedia":[{"embeddable":true,"href":"http:\/\/espaciosyambientes.com\/es_es\/wp-json\/wp\/v2\/media\/14840"}],"wp:attachment":[{"href":"http:\/\/espaciosyambientes.com\/es_es\/wp-json\/wp\/v2\/media?parent=14801"}],"wp:term":[{"taxonomy":"product_brand","embeddable":true,"href":"http:\/\/espaciosyambientes.com\/es_es\/wp-json\/wp\/v2\/product_brand?post=14801"},{"taxonomy":"product_cat","embeddable":true,"href":"http:\/\/espaciosyambientes.com\/es_es\/wp-json\/wp\/v2\/product_cat?post=14801"},{"taxonomy":"product_tag","embeddable":true,"href":"http:\/\/espaciosyambientes.com\/es_es\/wp-json\/wp\/v2\/product_tag?post=14801"}],"curies":[{"name":"wp","href":"https:\/\/api.w.org\/{rel}","templated":true}]}}