{"id":14799,"date":"2021-08-10T12:55:26","date_gmt":"2021-08-10T17:55:26","guid":{"rendered":"https:\/\/espaciosyambientes.com\/?post_type=product&#038;p=14799"},"modified":"2023-07-21T22:54:22","modified_gmt":"2023-07-22T03:54:22","slug":"kanguru-k-gx2-alfa-azul-roja","status":"publish","type":"product","link":"http:\/\/espaciosyambientes.com\/es_es\/producto\/kanguru-k-gx2-alfa-azul-roja\/","title":{"rendered":"KANGURU K-GX2 ALFA AZUL \/ ROJA"},"content":{"rendered":"<p>Descripci\u00f3n<br \/>\nMaterial de la cubierta: Cuero PU<br \/>\nApoyabrazos: Apoyabrazos 2D, Movimiento (arriba y abajo, giratorio).<br \/>\nBase: Cinco estrellas de nailon de 350 mm<br \/>\nRuedas: 60 mm<br \/>\nMecanismo: Mariposa de 2,5 mm<br \/>\nElevador de gas: Clase 3 probado por SGS<br \/>\nFunci\u00f3n de inclinaci\u00f3n: \u00c1ngulo de 90-165 \u00b0<br \/>\nBase giratoria: 360 \u00b0<br \/>\nSoporta 150 Kg<br \/>\nColor: Negro Roja<\/p>\n","protected":false},"excerpt":{"rendered":"<div class=\"woocommerce-product-details__short-description\">\n<p>Silla Gamer en cuero PU Kanguru Negra Roja.<\/p>\n<\/div>\n","protected":false},"featured_media":14902,"comment_status":"open","ping_status":"closed","template":"","meta":[],"product_brand":[333],"product_cat":[79],"product_tag":[331],"class_list":{"0":"post-14799","1":"product","2":"type-product","3":"status-publish","4":"has-post-thumbnail","6":"product_brand-kanguru","7":"product_cat-silla-gamer","8":"product_tag-accesorio-gamer","10":"first","11":"instock","12":"taxable","13":"shipping-taxable","14":"purchasable","15":"product-type-simple"},"yoast_head":"<!-- This site is optimized with the Yoast SEO plugin v27.3 - https:\/\/yoast.com\/product\/yoast-seo-wordpress\/ -->\n<title>KANGURU K-GX2 ALFA AZUL \/ ROJA - PC MASTERS BOGOTA<\/title>\n<meta name=\"robots\" content=\"index, follow, max-snippet:-1, max-image-preview:large, max-video-preview:-1\" \/>\n<link rel=\"canonical\" href=\"https:\/\/espaciosyambientes.com\/es_es\/producto\/kanguru-k-gx2-alfa-azul-roja\/\" \/>\n<meta property=\"og:locale\" content=\"es_ES\" \/>\n<meta property=\"og:type\" content=\"article\" \/>\n<meta property=\"og:title\" content=\"KANGURU K-GX2 ALFA AZUL \/ ROJA - PC MASTERS BOGOTA\" \/>\n<meta property=\"og:description\" content=\"Silla Gamer en cuero PU Kanguru Negra Roja.\" \/>\n<meta property=\"og:url\" content=\"https:\/\/espaciosyambientes.com\/es_es\/producto\/kanguru-k-gx2-alfa-azul-roja\/\" \/>\n<meta property=\"og:site_name\" content=\"PC MASTERS BOGOTA\" \/>\n<meta property=\"article:modified_time\" content=\"2023-07-22T03:54:22+00:00\" \/>\n<meta property=\"og:image\" content=\"https:\/\/espaciosyambientes.com\/wp-content\/uploads\/2021\/08\/45127.png\" \/>\n\t<meta property=\"og:image:width\" content=\"1000\" \/>\n\t<meta property=\"og:image:height\" content=\"1000\" \/>\n\t<meta property=\"og:image:type\" content=\"image\/png\" \/>\n<meta name=\"twitter:card\" content=\"summary_large_image\" \/>\n<script type=\"application\/ld+json\" class=\"yoast-schema-graph\">{\"@context\":\"https:\\\/\\\/schema.org\",\"@graph\":[{\"@type\":\"WebPage\",\"@id\":\"https:\\\/\\\/espaciosyambientes.com\\\/producto\\\/kanguru-k-gx2-alfa-azul-roja\\\/\",\"url\":\"https:\\\/\\\/espaciosyambientes.com\\\/producto\\\/kanguru-k-gx2-alfa-azul-roja\\\/\",\"name\":\"KANGURU K-GX2 ALFA AZUL \\\/ ROJA - PC MASTERS BOGOTA\",\"isPartOf\":{\"@id\":\"https:\\\/\\\/espaciosyambientes.com\\\/es_es\\\/#website\"},\"primaryImageOfPage\":{\"@id\":\"https:\\\/\\\/espaciosyambientes.com\\\/producto\\\/kanguru-k-gx2-alfa-azul-roja\\\/#primaryimage\"},\"image\":{\"@id\":\"https:\\\/\\\/espaciosyambientes.com\\\/producto\\\/kanguru-k-gx2-alfa-azul-roja\\\/#primaryimage\"},\"thumbnailUrl\":\"https:\\\/\\\/espaciosyambientes.com\\\/wp-content\\\/uploads\\\/2021\\\/08\\\/45127.png\",\"datePublished\":\"2021-08-10T17:55:26+00:00\",\"dateModified\":\"2023-07-22T03:54:22+00:00\",\"breadcrumb\":{\"@id\":\"https:\\\/\\\/espaciosyambientes.com\\\/producto\\\/kanguru-k-gx2-alfa-azul-roja\\\/#breadcrumb\"},\"inLanguage\":\"es\",\"potentialAction\":[{\"@type\":\"ReadAction\",\"target\":[\"https:\\\/\\\/espaciosyambientes.com\\\/producto\\\/kanguru-k-gx2-alfa-azul-roja\\\/\"]}]},{\"@type\":\"ImageObject\",\"inLanguage\":\"es\",\"@id\":\"https:\\\/\\\/espaciosyambientes.com\\\/producto\\\/kanguru-k-gx2-alfa-azul-roja\\\/#primaryimage\",\"url\":\"https:\\\/\\\/espaciosyambientes.com\\\/wp-content\\\/uploads\\\/2021\\\/08\\\/45127.png\",\"contentUrl\":\"https:\\\/\\\/espaciosyambientes.com\\\/wp-content\\\/uploads\\\/2021\\\/08\\\/45127.png\",\"width\":1000,\"height\":1000},{\"@type\":\"BreadcrumbList\",\"@id\":\"https:\\\/\\\/espaciosyambientes.com\\\/producto\\\/kanguru-k-gx2-alfa-azul-roja\\\/#breadcrumb\",\"itemListElement\":[{\"@type\":\"ListItem\",\"position\":1,\"name\":\"Home\",\"item\":\"https:\\\/\\\/espaciosyambientes.com\\\/\"},{\"@type\":\"ListItem\",\"position\":2,\"name\":\"Tienda\",\"item\":\"https:\\\/\\\/espaciosyambientes.com\\\/tienda\\\/\"},{\"@type\":\"ListItem\",\"position\":3,\"name\":\"KANGURU K-GX2 ALFA AZUL \\\/ ROJA\"}]},{\"@type\":\"WebSite\",\"@id\":\"https:\\\/\\\/espaciosyambientes.com\\\/es_es\\\/#website\",\"url\":\"https:\\\/\\\/espaciosyambientes.com\\\/es_es\\\/\",\"name\":\"PC MASTERS BOGOTA\",\"description\":\"\",\"potentialAction\":[{\"@type\":\"SearchAction\",\"target\":{\"@type\":\"EntryPoint\",\"urlTemplate\":\"https:\\\/\\\/espaciosyambientes.com\\\/es_es\\\/?s={search_term_string}\"},\"query-input\":{\"@type\":\"PropertyValueSpecification\",\"valueRequired\":true,\"valueName\":\"search_term_string\"}}],\"inLanguage\":\"es\"}]}<\/script>\n<!-- \/ Yoast SEO plugin. -->","yoast_head_json":{"title":"KANGURU K-GX2 ALFA AZUL \/ ROJA - PC MASTERS BOGOTA","robots":{"index":"index","follow":"follow","max-snippet":"max-snippet:-1","max-image-preview":"max-image-preview:large","max-video-preview":"max-video-preview:-1"},"canonical":"https:\/\/espaciosyambientes.com\/es_es\/producto\/kanguru-k-gx2-alfa-azul-roja\/","og_locale":"es_ES","og_type":"article","og_title":"KANGURU K-GX2 ALFA AZUL \/ ROJA - PC MASTERS BOGOTA","og_description":"Silla Gamer en cuero PU Kanguru Negra Roja.","og_url":"https:\/\/espaciosyambientes.com\/es_es\/producto\/kanguru-k-gx2-alfa-azul-roja\/","og_site_name":"PC MASTERS BOGOTA","article_modified_time":"2023-07-22T03:54:22+00:00","og_image":[{"width":1000,"height":1000,"url":"https:\/\/espaciosyambientes.com\/wp-content\/uploads\/2021\/08\/45127.png","type":"image\/png"}],"twitter_card":"summary_large_image","schema":{"@context":"https:\/\/schema.org","@graph":[{"@type":"WebPage","@id":"https:\/\/espaciosyambientes.com\/producto\/kanguru-k-gx2-alfa-azul-roja\/","url":"https:\/\/espaciosyambientes.com\/producto\/kanguru-k-gx2-alfa-azul-roja\/","name":"KANGURU K-GX2 ALFA AZUL \/ ROJA - PC MASTERS BOGOTA","isPartOf":{"@id":"https:\/\/espaciosyambientes.com\/es_es\/#website"},"primaryImageOfPage":{"@id":"https:\/\/espaciosyambientes.com\/producto\/kanguru-k-gx2-alfa-azul-roja\/#primaryimage"},"image":{"@id":"https:\/\/espaciosyambientes.com\/producto\/kanguru-k-gx2-alfa-azul-roja\/#primaryimage"},"thumbnailUrl":"https:\/\/espaciosyambientes.com\/wp-content\/uploads\/2021\/08\/45127.png","datePublished":"2021-08-10T17:55:26+00:00","dateModified":"2023-07-22T03:54:22+00:00","breadcrumb":{"@id":"https:\/\/espaciosyambientes.com\/producto\/kanguru-k-gx2-alfa-azul-roja\/#breadcrumb"},"inLanguage":"es","potentialAction":[{"@type":"ReadAction","target":["https:\/\/espaciosyambientes.com\/producto\/kanguru-k-gx2-alfa-azul-roja\/"]}]},{"@type":"ImageObject","inLanguage":"es","@id":"https:\/\/espaciosyambientes.com\/producto\/kanguru-k-gx2-alfa-azul-roja\/#primaryimage","url":"https:\/\/espaciosyambientes.com\/wp-content\/uploads\/2021\/08\/45127.png","contentUrl":"https:\/\/espaciosyambientes.com\/wp-content\/uploads\/2021\/08\/45127.png","width":1000,"height":1000},{"@type":"BreadcrumbList","@id":"https:\/\/espaciosyambientes.com\/producto\/kanguru-k-gx2-alfa-azul-roja\/#breadcrumb","itemListElement":[{"@type":"ListItem","position":1,"name":"Home","item":"https:\/\/espaciosyambientes.com\/"},{"@type":"ListItem","position":2,"name":"Tienda","item":"https:\/\/espaciosyambientes.com\/tienda\/"},{"@type":"ListItem","position":3,"name":"KANGURU K-GX2 ALFA AZUL \/ ROJA"}]},{"@type":"WebSite","@id":"https:\/\/espaciosyambientes.com\/es_es\/#website","url":"https:\/\/espaciosyambientes.com\/es_es\/","name":"PC MASTERS BOGOTA","description":"","potentialAction":[{"@type":"SearchAction","target":{"@type":"EntryPoint","urlTemplate":"https:\/\/espaciosyambientes.com\/es_es\/?s={search_term_string}"},"query-input":{"@type":"PropertyValueSpecification","valueRequired":true,"valueName":"search_term_string"}}],"inLanguage":"es"}]}},"_links":{"self":[{"href":"http:\/\/espaciosyambientes.com\/es_es\/wp-json\/wp\/v2\/product\/14799","targetHints":{"allow":["GET"]}}],"collection":[{"href":"http:\/\/espaciosyambientes.com\/es_es\/wp-json\/wp\/v2\/product"}],"about":[{"href":"http:\/\/espaciosyambientes.com\/es_es\/wp-json\/wp\/v2\/types\/product"}],"replies":[{"embeddable":true,"href":"http:\/\/espaciosyambientes.com\/es_es\/wp-json\/wp\/v2\/comments?post=14799"}],"version-history":[{"count":3,"href":"http:\/\/espaciosyambientes.com\/es_es\/wp-json\/wp\/v2\/product\/14799\/revisions"}],"predecessor-version":[{"id":14904,"href":"http:\/\/espaciosyambientes.com\/es_es\/wp-json\/wp\/v2\/product\/14799\/revisions\/14904"}],"wp:featuredmedia":[{"embeddable":true,"href":"http:\/\/espaciosyambientes.com\/es_es\/wp-json\/wp\/v2\/media\/14902"}],"wp:attachment":[{"href":"http:\/\/espaciosyambientes.com\/es_es\/wp-json\/wp\/v2\/media?parent=14799"}],"wp:term":[{"taxonomy":"product_brand","embeddable":true,"href":"http:\/\/espaciosyambientes.com\/es_es\/wp-json\/wp\/v2\/product_brand?post=14799"},{"taxonomy":"product_cat","embeddable":true,"href":"http:\/\/espaciosyambientes.com\/es_es\/wp-json\/wp\/v2\/product_cat?post=14799"},{"taxonomy":"product_tag","embeddable":true,"href":"http:\/\/espaciosyambientes.com\/es_es\/wp-json\/wp\/v2\/product_tag?post=14799"}],"curies":[{"name":"wp","href":"https:\/\/api.w.org\/{rel}","templated":true}]}}