{"id":14798,"date":"2021-08-10T12:55:26","date_gmt":"2021-08-10T17:55:26","guid":{"rendered":"https:\/\/espaciosyambientes.com\/?post_type=product&#038;p=14798"},"modified":"2023-07-21T22:53:57","modified_gmt":"2023-07-22T03:53:57","slug":"cougar-armor-s-royal-negra","status":"publish","type":"product","link":"http:\/\/espaciosyambientes.com\/es_es\/producto\/cougar-armor-s-royal-negra\/","title":{"rendered":"COUGAR ARMOR S ROYAL (NEGRA)"},"content":{"rendered":"<p>https:\/\/cougargaming.com\/products\/chairs\/armor-s-royal\/<\/p>\n<p>Descripci\u00f3n<br \/>\nDotado con todas las caracter\u00edsticas que hicieron de Armor S una de las sillas de juego m\u00e1s buscadas de la historia, Armor S Royal agrega a su incre\u00edble calidad y capacidades de personalizaci\u00f3n dos grandes caracter\u00edsticas: costuras doradas en las \u00e1reas principales de la silla y una textura de ante premium. en ambas almohadas y en la parte frontal \/ superior de los flancos en \u00e1ngulo de la silla. Rendimiento y apariencia hermosa se encuentran en una silla digna de la verdadera realeza.<\/p>\n<p>Ajuste f\u00e1cilmente la altura de ARMOR S ROYAL con la elevaci\u00f3n del pist\u00f3n de alta calidad.<\/p>\n<p>Con ARMOR S ROYAL, no est\u00e1 restringido a escalones fijos al reclinar su silla. En lugar de limitarse a unas pocas opciones, puede encontrar el punto exacto que maximiza su comodidad y permanecer all\u00ed.<\/p>\n<p>ARMOR S ROYAL le permite reclinarse hasta 180\u00ba. Mant\u00e9ngase derecho mientras trabaja y recu\u00e9stese para descansar cuando termine.<\/p>\n<p>La funci\u00f3n de inclinaci\u00f3n de ARMOR S ROYAL te permite, girando una perilla ubicada debajo de la silla, ajustar su comportamiento, controlando el nivel de resistencia cuando la inclinas.<\/p>\n<p>ARMOR S ROYAL es tan confiable como su nombre lo indica, y ha sido creado con los mejores componentes para garantizar no solo que durar\u00e1 mucho tiempo, sino tambi\u00e9n que podr\u00e1 hacer uso de todas sus incre\u00edbles caracter\u00edsticas de manera segura.<\/p>\n<p>Los huesos de ARMOR S ROYAL est\u00e1n hechos de acero, no solo garantizan una durabilidad a largo plazo, sino que tambi\u00e9n brindan un fuerte soporte para su cuerpo.<\/p>\n<p>El coraz\u00f3n de cualquier silla de juego es su cilindro de elevaci\u00f3n de gas. No hemos escatimado en calidad para este componente vital y decidimos usar un cilindro de elevaci\u00f3n de gas de clase 4 para garantizar una seguridad y confiabilidad incomparables. Con un funcionamiento suave y una resistencia incre\u00edble, es la mejor garant\u00eda de la calidad de ARMOR S ROYAL.<\/p>\n<p>Nombre del producto: Silla Gaming COUGAR ARMOR S ROYAL<br \/>\nCapacidad de peso: 120 kg (264,55 libras)<br \/>\nPeso del Producto: 21 kg (43,30 libras)<\/p>\n","protected":false},"excerpt":{"rendered":"<p>COUGAR ARMOR S ROYAL le brinda la comodidad que necesita para disfrutar plenamente de largas sesiones de juego. Totalmente ajustable y fabricada con materiales de primera calidad, esta silla para juegos tambi\u00e9n cuenta con el dise\u00f1o exclusivo COUGAR que se ha convertido en un signo de la pasi\u00f3n por los juegos.<\/p>\n","protected":false},"featured_media":14898,"comment_status":"open","ping_status":"closed","template":"","meta":[],"product_brand":[124],"product_cat":[79],"product_tag":[331],"class_list":{"0":"post-14798","1":"product","2":"type-product","3":"status-publish","4":"has-post-thumbnail","6":"product_brand-cougar","7":"product_cat-silla-gamer","8":"product_tag-accesorio-gamer","10":"first","11":"instock","12":"taxable","13":"shipping-taxable","14":"purchasable","15":"product-type-simple"},"yoast_head":"<!-- This site is optimized with the Yoast SEO plugin v27.3 - https:\/\/yoast.com\/product\/yoast-seo-wordpress\/ -->\n<title>COUGAR ARMOR S ROYAL (NEGRA) - PC MASTERS BOGOTA<\/title>\n<meta name=\"robots\" content=\"index, follow, max-snippet:-1, max-image-preview:large, max-video-preview:-1\" \/>\n<link rel=\"canonical\" href=\"https:\/\/espaciosyambientes.com\/es_es\/producto\/cougar-armor-s-royal-negra\/\" \/>\n<meta property=\"og:locale\" content=\"es_ES\" \/>\n<meta property=\"og:type\" content=\"article\" \/>\n<meta property=\"og:title\" content=\"COUGAR ARMOR S ROYAL (NEGRA) - PC MASTERS BOGOTA\" \/>\n<meta property=\"og:description\" content=\"COUGAR ARMOR S ROYAL le brinda la comodidad que necesita para disfrutar plenamente de largas sesiones de juego. Totalmente ajustable y fabricada con materiales de primera calidad, esta silla para juegos tambi\u00e9n cuenta con el dise\u00f1o exclusivo COUGAR que se ha convertido en un signo de la pasi\u00f3n por los juegos.\" \/>\n<meta property=\"og:url\" content=\"https:\/\/espaciosyambientes.com\/es_es\/producto\/cougar-armor-s-royal-negra\/\" \/>\n<meta property=\"og:site_name\" content=\"PC MASTERS BOGOTA\" \/>\n<meta property=\"article:modified_time\" content=\"2023-07-22T03:53:57+00:00\" \/>\n<meta property=\"og:image\" content=\"https:\/\/espaciosyambientes.com\/wp-content\/uploads\/2021\/08\/45163.png\" \/>\n\t<meta property=\"og:image:width\" content=\"1000\" \/>\n\t<meta property=\"og:image:height\" content=\"1000\" \/>\n\t<meta property=\"og:image:type\" content=\"image\/png\" \/>\n<meta name=\"twitter:card\" content=\"summary_large_image\" \/>\n<meta name=\"twitter:label1\" content=\"Tiempo de lectura\" \/>\n\t<meta name=\"twitter:data1\" content=\"2 minutos\" \/>\n<script type=\"application\/ld+json\" class=\"yoast-schema-graph\">{\"@context\":\"https:\\\/\\\/schema.org\",\"@graph\":[{\"@type\":\"WebPage\",\"@id\":\"https:\\\/\\\/espaciosyambientes.com\\\/producto\\\/cougar-armor-s-royal-negra\\\/\",\"url\":\"https:\\\/\\\/espaciosyambientes.com\\\/producto\\\/cougar-armor-s-royal-negra\\\/\",\"name\":\"COUGAR ARMOR S ROYAL (NEGRA) - PC MASTERS BOGOTA\",\"isPartOf\":{\"@id\":\"https:\\\/\\\/espaciosyambientes.com\\\/es_es\\\/#website\"},\"primaryImageOfPage\":{\"@id\":\"https:\\\/\\\/espaciosyambientes.com\\\/producto\\\/cougar-armor-s-royal-negra\\\/#primaryimage\"},\"image\":{\"@id\":\"https:\\\/\\\/espaciosyambientes.com\\\/producto\\\/cougar-armor-s-royal-negra\\\/#primaryimage\"},\"thumbnailUrl\":\"https:\\\/\\\/espaciosyambientes.com\\\/wp-content\\\/uploads\\\/2021\\\/08\\\/45163.png\",\"datePublished\":\"2021-08-10T17:55:26+00:00\",\"dateModified\":\"2023-07-22T03:53:57+00:00\",\"breadcrumb\":{\"@id\":\"https:\\\/\\\/espaciosyambientes.com\\\/producto\\\/cougar-armor-s-royal-negra\\\/#breadcrumb\"},\"inLanguage\":\"es\",\"potentialAction\":[{\"@type\":\"ReadAction\",\"target\":[\"https:\\\/\\\/espaciosyambientes.com\\\/producto\\\/cougar-armor-s-royal-negra\\\/\"]}]},{\"@type\":\"ImageObject\",\"inLanguage\":\"es\",\"@id\":\"https:\\\/\\\/espaciosyambientes.com\\\/producto\\\/cougar-armor-s-royal-negra\\\/#primaryimage\",\"url\":\"https:\\\/\\\/espaciosyambientes.com\\\/wp-content\\\/uploads\\\/2021\\\/08\\\/45163.png\",\"contentUrl\":\"https:\\\/\\\/espaciosyambientes.com\\\/wp-content\\\/uploads\\\/2021\\\/08\\\/45163.png\",\"width\":1000,\"height\":1000},{\"@type\":\"BreadcrumbList\",\"@id\":\"https:\\\/\\\/espaciosyambientes.com\\\/producto\\\/cougar-armor-s-royal-negra\\\/#breadcrumb\",\"itemListElement\":[{\"@type\":\"ListItem\",\"position\":1,\"name\":\"Home\",\"item\":\"https:\\\/\\\/espaciosyambientes.com\\\/\"},{\"@type\":\"ListItem\",\"position\":2,\"name\":\"Tienda\",\"item\":\"https:\\\/\\\/espaciosyambientes.com\\\/tienda\\\/\"},{\"@type\":\"ListItem\",\"position\":3,\"name\":\"COUGAR ARMOR S ROYAL (NEGRA)\"}]},{\"@type\":\"WebSite\",\"@id\":\"https:\\\/\\\/espaciosyambientes.com\\\/es_es\\\/#website\",\"url\":\"https:\\\/\\\/espaciosyambientes.com\\\/es_es\\\/\",\"name\":\"PC MASTERS BOGOTA\",\"description\":\"\",\"potentialAction\":[{\"@type\":\"SearchAction\",\"target\":{\"@type\":\"EntryPoint\",\"urlTemplate\":\"https:\\\/\\\/espaciosyambientes.com\\\/es_es\\\/?s={search_term_string}\"},\"query-input\":{\"@type\":\"PropertyValueSpecification\",\"valueRequired\":true,\"valueName\":\"search_term_string\"}}],\"inLanguage\":\"es\"}]}<\/script>\n<!-- \/ Yoast SEO plugin. -->","yoast_head_json":{"title":"COUGAR ARMOR S ROYAL (NEGRA) - PC MASTERS BOGOTA","robots":{"index":"index","follow":"follow","max-snippet":"max-snippet:-1","max-image-preview":"max-image-preview:large","max-video-preview":"max-video-preview:-1"},"canonical":"https:\/\/espaciosyambientes.com\/es_es\/producto\/cougar-armor-s-royal-negra\/","og_locale":"es_ES","og_type":"article","og_title":"COUGAR ARMOR S ROYAL (NEGRA) - PC MASTERS BOGOTA","og_description":"COUGAR ARMOR S ROYAL le brinda la comodidad que necesita para disfrutar plenamente de largas sesiones de juego. Totalmente ajustable y fabricada con materiales de primera calidad, esta silla para juegos tambi\u00e9n cuenta con el dise\u00f1o exclusivo COUGAR que se ha convertido en un signo de la pasi\u00f3n por los juegos.","og_url":"https:\/\/espaciosyambientes.com\/es_es\/producto\/cougar-armor-s-royal-negra\/","og_site_name":"PC MASTERS BOGOTA","article_modified_time":"2023-07-22T03:53:57+00:00","og_image":[{"width":1000,"height":1000,"url":"https:\/\/espaciosyambientes.com\/wp-content\/uploads\/2021\/08\/45163.png","type":"image\/png"}],"twitter_card":"summary_large_image","twitter_misc":{"Tiempo de lectura":"2 minutos"},"schema":{"@context":"https:\/\/schema.org","@graph":[{"@type":"WebPage","@id":"https:\/\/espaciosyambientes.com\/producto\/cougar-armor-s-royal-negra\/","url":"https:\/\/espaciosyambientes.com\/producto\/cougar-armor-s-royal-negra\/","name":"COUGAR ARMOR S ROYAL (NEGRA) - PC MASTERS BOGOTA","isPartOf":{"@id":"https:\/\/espaciosyambientes.com\/es_es\/#website"},"primaryImageOfPage":{"@id":"https:\/\/espaciosyambientes.com\/producto\/cougar-armor-s-royal-negra\/#primaryimage"},"image":{"@id":"https:\/\/espaciosyambientes.com\/producto\/cougar-armor-s-royal-negra\/#primaryimage"},"thumbnailUrl":"https:\/\/espaciosyambientes.com\/wp-content\/uploads\/2021\/08\/45163.png","datePublished":"2021-08-10T17:55:26+00:00","dateModified":"2023-07-22T03:53:57+00:00","breadcrumb":{"@id":"https:\/\/espaciosyambientes.com\/producto\/cougar-armor-s-royal-negra\/#breadcrumb"},"inLanguage":"es","potentialAction":[{"@type":"ReadAction","target":["https:\/\/espaciosyambientes.com\/producto\/cougar-armor-s-royal-negra\/"]}]},{"@type":"ImageObject","inLanguage":"es","@id":"https:\/\/espaciosyambientes.com\/producto\/cougar-armor-s-royal-negra\/#primaryimage","url":"https:\/\/espaciosyambientes.com\/wp-content\/uploads\/2021\/08\/45163.png","contentUrl":"https:\/\/espaciosyambientes.com\/wp-content\/uploads\/2021\/08\/45163.png","width":1000,"height":1000},{"@type":"BreadcrumbList","@id":"https:\/\/espaciosyambientes.com\/producto\/cougar-armor-s-royal-negra\/#breadcrumb","itemListElement":[{"@type":"ListItem","position":1,"name":"Home","item":"https:\/\/espaciosyambientes.com\/"},{"@type":"ListItem","position":2,"name":"Tienda","item":"https:\/\/espaciosyambientes.com\/tienda\/"},{"@type":"ListItem","position":3,"name":"COUGAR ARMOR S ROYAL (NEGRA)"}]},{"@type":"WebSite","@id":"https:\/\/espaciosyambientes.com\/es_es\/#website","url":"https:\/\/espaciosyambientes.com\/es_es\/","name":"PC MASTERS BOGOTA","description":"","potentialAction":[{"@type":"SearchAction","target":{"@type":"EntryPoint","urlTemplate":"https:\/\/espaciosyambientes.com\/es_es\/?s={search_term_string}"},"query-input":{"@type":"PropertyValueSpecification","valueRequired":true,"valueName":"search_term_string"}}],"inLanguage":"es"}]}},"_links":{"self":[{"href":"http:\/\/espaciosyambientes.com\/es_es\/wp-json\/wp\/v2\/product\/14798","targetHints":{"allow":["GET"]}}],"collection":[{"href":"http:\/\/espaciosyambientes.com\/es_es\/wp-json\/wp\/v2\/product"}],"about":[{"href":"http:\/\/espaciosyambientes.com\/es_es\/wp-json\/wp\/v2\/types\/product"}],"replies":[{"embeddable":true,"href":"http:\/\/espaciosyambientes.com\/es_es\/wp-json\/wp\/v2\/comments?post=14798"}],"version-history":[{"count":4,"href":"http:\/\/espaciosyambientes.com\/es_es\/wp-json\/wp\/v2\/product\/14798\/revisions"}],"predecessor-version":[{"id":17744,"href":"http:\/\/espaciosyambientes.com\/es_es\/wp-json\/wp\/v2\/product\/14798\/revisions\/17744"}],"wp:featuredmedia":[{"embeddable":true,"href":"http:\/\/espaciosyambientes.com\/es_es\/wp-json\/wp\/v2\/media\/14898"}],"wp:attachment":[{"href":"http:\/\/espaciosyambientes.com\/es_es\/wp-json\/wp\/v2\/media?parent=14798"}],"wp:term":[{"taxonomy":"product_brand","embeddable":true,"href":"http:\/\/espaciosyambientes.com\/es_es\/wp-json\/wp\/v2\/product_brand?post=14798"},{"taxonomy":"product_cat","embeddable":true,"href":"http:\/\/espaciosyambientes.com\/es_es\/wp-json\/wp\/v2\/product_cat?post=14798"},{"taxonomy":"product_tag","embeddable":true,"href":"http:\/\/espaciosyambientes.com\/es_es\/wp-json\/wp\/v2\/product_tag?post=14798"}],"curies":[{"name":"wp","href":"https:\/\/api.w.org\/{rel}","templated":true}]}}