{"id":14795,"date":"2021-08-10T12:55:26","date_gmt":"2021-08-10T17:55:26","guid":{"rendered":"https:\/\/espaciosyambientes.com\/?post_type=product&#038;p=14795"},"modified":"2023-07-21T23:13:13","modified_gmt":"2023-07-22T04:13:13","slug":"cougar-armor-negra","status":"publish","type":"product","link":"http:\/\/espaciosyambientes.com\/es_es\/producto\/cougar-armor-negra\/","title":{"rendered":"COUGAR ARMOR (NEGRA)"},"content":{"rendered":"<p>https:\/\/cougargaming.com\/ee\/products\/chairs\/armor_one\/<\/p>\n<p>Descripci\u00f3n<br \/>\nArmor One no te limita, como hacen otras sillas, a cuatro o cinco niveles de reclinamiento. Puedes definir exactamente la inclinaci\u00f3n que deseas.<\/p>\n<p>Armor One te permite reclinarte hasta 180\u00ba, para que puedas estar derecho mientras juegas y tumbado si te apetece tomarte una siesta.<\/p>\n<p>La funci\u00f3n de inclinaci\u00f3n de Armor One te permite ajustar el comportamiento de la silla al definir el nivel de resistencia a la inclinaci\u00f3n de \u00e9sta.<\/p>\n<p>Ajustar la atura del reposabrazos te ayudar\u00e1 a encontrar la posici\u00f3n m\u00e1s adecuada para disfrutar de los juegos.<\/p>\n<p>Armor One es tan s\u00f3lida como su nombre indica, y ha sido creada con los mejores componentes para garantizar no s\u00f3lamente que durar\u00e1 mucho tiempo, sino tambi\u00e9n que podr\u00e1s utilizar de un modo seguro todas sus caracter\u00edsticas.<\/p>\n<p>El punto clave de toda silla de juegos es su cilindro de gas elevador. En este \u00e1rea, como no pod\u00eda ser de otro modo, COUGAR no ha escatimado en gastos y ha utilizado un cilindro de gas de clase cuatro para garantizar tu seguridad. De suave operaci\u00f3n e incre\u00edble resistencia, \u00e9ste cilindro es el mejor testimonio de la calidad de Armor One.<\/p>\n<p>Nombre del producto: COUGAR ARMOR ONE Silla para Juegos<br \/>\nSoporte de Peso: 120kg<br \/>\nPeso del Producto: 21kg<\/p>\n","protected":false},"excerpt":{"rendered":"<p>Dotada de un dise\u00f1o ergon\u00f3mico creado especialmente para garantizar comodidad durante el juego, Armor One ha sido creada para proporcionar un soporte fiable y c\u00f3modo para tu cuerpo, minimizando la tensi\u00f3n en la zona lumbar y permiti\u00e9ndote rendir al mejor nivel.<\/p>\n","protected":false},"featured_media":14878,"comment_status":"open","ping_status":"closed","template":"","meta":[],"product_brand":[124],"product_cat":[79],"product_tag":[331],"class_list":{"0":"post-14795","1":"product","2":"type-product","3":"status-publish","4":"has-post-thumbnail","6":"product_brand-cougar","7":"product_cat-silla-gamer","8":"product_tag-accesorio-gamer","10":"first","11":"instock","12":"taxable","13":"shipping-taxable","14":"purchasable","15":"product-type-simple"},"yoast_head":"<!-- This site is optimized with the Yoast SEO plugin v27.3 - https:\/\/yoast.com\/product\/yoast-seo-wordpress\/ -->\n<title>COUGAR ARMOR (NEGRA) - PC MASTERS BOGOTA<\/title>\n<meta name=\"robots\" content=\"index, follow, max-snippet:-1, max-image-preview:large, max-video-preview:-1\" \/>\n<link rel=\"canonical\" href=\"https:\/\/espaciosyambientes.com\/es_es\/producto\/cougar-armor-negra\/\" \/>\n<meta property=\"og:locale\" content=\"es_ES\" \/>\n<meta property=\"og:type\" content=\"article\" \/>\n<meta property=\"og:title\" content=\"COUGAR ARMOR (NEGRA) - PC MASTERS BOGOTA\" \/>\n<meta property=\"og:description\" content=\"Dotada de un dise\u00f1o ergon\u00f3mico creado especialmente para garantizar comodidad durante el juego, Armor One ha sido creada para proporcionar un soporte fiable y c\u00f3modo para tu cuerpo, minimizando la tensi\u00f3n en la zona lumbar y permiti\u00e9ndote rendir al mejor nivel.\" \/>\n<meta property=\"og:url\" content=\"https:\/\/espaciosyambientes.com\/es_es\/producto\/cougar-armor-negra\/\" \/>\n<meta property=\"og:site_name\" content=\"PC MASTERS BOGOTA\" \/>\n<meta property=\"article:modified_time\" content=\"2023-07-22T04:13:13+00:00\" \/>\n<meta property=\"og:image\" content=\"https:\/\/espaciosyambientes.com\/wp-content\/uploads\/2021\/08\/45136.1.png\" \/>\n\t<meta property=\"og:image:width\" content=\"1000\" \/>\n\t<meta property=\"og:image:height\" content=\"1000\" \/>\n\t<meta property=\"og:image:type\" content=\"image\/png\" \/>\n<meta name=\"twitter:card\" content=\"summary_large_image\" \/>\n<meta name=\"twitter:label1\" content=\"Tiempo de lectura\" \/>\n\t<meta name=\"twitter:data1\" content=\"1 minuto\" \/>\n<script type=\"application\/ld+json\" class=\"yoast-schema-graph\">{\"@context\":\"https:\\\/\\\/schema.org\",\"@graph\":[{\"@type\":\"WebPage\",\"@id\":\"https:\\\/\\\/espaciosyambientes.com\\\/producto\\\/cougar-armor-negra\\\/\",\"url\":\"https:\\\/\\\/espaciosyambientes.com\\\/producto\\\/cougar-armor-negra\\\/\",\"name\":\"COUGAR ARMOR (NEGRA) - PC MASTERS BOGOTA\",\"isPartOf\":{\"@id\":\"https:\\\/\\\/espaciosyambientes.com\\\/es_es\\\/#website\"},\"primaryImageOfPage\":{\"@id\":\"https:\\\/\\\/espaciosyambientes.com\\\/producto\\\/cougar-armor-negra\\\/#primaryimage\"},\"image\":{\"@id\":\"https:\\\/\\\/espaciosyambientes.com\\\/producto\\\/cougar-armor-negra\\\/#primaryimage\"},\"thumbnailUrl\":\"https:\\\/\\\/espaciosyambientes.com\\\/wp-content\\\/uploads\\\/2021\\\/08\\\/45136.1.png\",\"datePublished\":\"2021-08-10T17:55:26+00:00\",\"dateModified\":\"2023-07-22T04:13:13+00:00\",\"breadcrumb\":{\"@id\":\"https:\\\/\\\/espaciosyambientes.com\\\/producto\\\/cougar-armor-negra\\\/#breadcrumb\"},\"inLanguage\":\"es\",\"potentialAction\":[{\"@type\":\"ReadAction\",\"target\":[\"https:\\\/\\\/espaciosyambientes.com\\\/producto\\\/cougar-armor-negra\\\/\"]}]},{\"@type\":\"ImageObject\",\"inLanguage\":\"es\",\"@id\":\"https:\\\/\\\/espaciosyambientes.com\\\/producto\\\/cougar-armor-negra\\\/#primaryimage\",\"url\":\"https:\\\/\\\/espaciosyambientes.com\\\/wp-content\\\/uploads\\\/2021\\\/08\\\/45136.1.png\",\"contentUrl\":\"https:\\\/\\\/espaciosyambientes.com\\\/wp-content\\\/uploads\\\/2021\\\/08\\\/45136.1.png\",\"width\":1000,\"height\":1000},{\"@type\":\"BreadcrumbList\",\"@id\":\"https:\\\/\\\/espaciosyambientes.com\\\/producto\\\/cougar-armor-negra\\\/#breadcrumb\",\"itemListElement\":[{\"@type\":\"ListItem\",\"position\":1,\"name\":\"Home\",\"item\":\"https:\\\/\\\/espaciosyambientes.com\\\/\"},{\"@type\":\"ListItem\",\"position\":2,\"name\":\"Tienda\",\"item\":\"https:\\\/\\\/espaciosyambientes.com\\\/tienda\\\/\"},{\"@type\":\"ListItem\",\"position\":3,\"name\":\"COUGAR ARMOR (NEGRA)\"}]},{\"@type\":\"WebSite\",\"@id\":\"https:\\\/\\\/espaciosyambientes.com\\\/es_es\\\/#website\",\"url\":\"https:\\\/\\\/espaciosyambientes.com\\\/es_es\\\/\",\"name\":\"PC MASTERS BOGOTA\",\"description\":\"\",\"potentialAction\":[{\"@type\":\"SearchAction\",\"target\":{\"@type\":\"EntryPoint\",\"urlTemplate\":\"https:\\\/\\\/espaciosyambientes.com\\\/es_es\\\/?s={search_term_string}\"},\"query-input\":{\"@type\":\"PropertyValueSpecification\",\"valueRequired\":true,\"valueName\":\"search_term_string\"}}],\"inLanguage\":\"es\"}]}<\/script>\n<!-- \/ Yoast SEO plugin. -->","yoast_head_json":{"title":"COUGAR ARMOR (NEGRA) - PC MASTERS BOGOTA","robots":{"index":"index","follow":"follow","max-snippet":"max-snippet:-1","max-image-preview":"max-image-preview:large","max-video-preview":"max-video-preview:-1"},"canonical":"https:\/\/espaciosyambientes.com\/es_es\/producto\/cougar-armor-negra\/","og_locale":"es_ES","og_type":"article","og_title":"COUGAR ARMOR (NEGRA) - PC MASTERS BOGOTA","og_description":"Dotada de un dise\u00f1o ergon\u00f3mico creado especialmente para garantizar comodidad durante el juego, Armor One ha sido creada para proporcionar un soporte fiable y c\u00f3modo para tu cuerpo, minimizando la tensi\u00f3n en la zona lumbar y permiti\u00e9ndote rendir al mejor nivel.","og_url":"https:\/\/espaciosyambientes.com\/es_es\/producto\/cougar-armor-negra\/","og_site_name":"PC MASTERS BOGOTA","article_modified_time":"2023-07-22T04:13:13+00:00","og_image":[{"width":1000,"height":1000,"url":"https:\/\/espaciosyambientes.com\/wp-content\/uploads\/2021\/08\/45136.1.png","type":"image\/png"}],"twitter_card":"summary_large_image","twitter_misc":{"Tiempo de lectura":"1 minuto"},"schema":{"@context":"https:\/\/schema.org","@graph":[{"@type":"WebPage","@id":"https:\/\/espaciosyambientes.com\/producto\/cougar-armor-negra\/","url":"https:\/\/espaciosyambientes.com\/producto\/cougar-armor-negra\/","name":"COUGAR ARMOR (NEGRA) - PC MASTERS BOGOTA","isPartOf":{"@id":"https:\/\/espaciosyambientes.com\/es_es\/#website"},"primaryImageOfPage":{"@id":"https:\/\/espaciosyambientes.com\/producto\/cougar-armor-negra\/#primaryimage"},"image":{"@id":"https:\/\/espaciosyambientes.com\/producto\/cougar-armor-negra\/#primaryimage"},"thumbnailUrl":"https:\/\/espaciosyambientes.com\/wp-content\/uploads\/2021\/08\/45136.1.png","datePublished":"2021-08-10T17:55:26+00:00","dateModified":"2023-07-22T04:13:13+00:00","breadcrumb":{"@id":"https:\/\/espaciosyambientes.com\/producto\/cougar-armor-negra\/#breadcrumb"},"inLanguage":"es","potentialAction":[{"@type":"ReadAction","target":["https:\/\/espaciosyambientes.com\/producto\/cougar-armor-negra\/"]}]},{"@type":"ImageObject","inLanguage":"es","@id":"https:\/\/espaciosyambientes.com\/producto\/cougar-armor-negra\/#primaryimage","url":"https:\/\/espaciosyambientes.com\/wp-content\/uploads\/2021\/08\/45136.1.png","contentUrl":"https:\/\/espaciosyambientes.com\/wp-content\/uploads\/2021\/08\/45136.1.png","width":1000,"height":1000},{"@type":"BreadcrumbList","@id":"https:\/\/espaciosyambientes.com\/producto\/cougar-armor-negra\/#breadcrumb","itemListElement":[{"@type":"ListItem","position":1,"name":"Home","item":"https:\/\/espaciosyambientes.com\/"},{"@type":"ListItem","position":2,"name":"Tienda","item":"https:\/\/espaciosyambientes.com\/tienda\/"},{"@type":"ListItem","position":3,"name":"COUGAR ARMOR (NEGRA)"}]},{"@type":"WebSite","@id":"https:\/\/espaciosyambientes.com\/es_es\/#website","url":"https:\/\/espaciosyambientes.com\/es_es\/","name":"PC MASTERS BOGOTA","description":"","potentialAction":[{"@type":"SearchAction","target":{"@type":"EntryPoint","urlTemplate":"https:\/\/espaciosyambientes.com\/es_es\/?s={search_term_string}"},"query-input":{"@type":"PropertyValueSpecification","valueRequired":true,"valueName":"search_term_string"}}],"inLanguage":"es"}]}},"_links":{"self":[{"href":"http:\/\/espaciosyambientes.com\/es_es\/wp-json\/wp\/v2\/product\/14795","targetHints":{"allow":["GET"]}}],"collection":[{"href":"http:\/\/espaciosyambientes.com\/es_es\/wp-json\/wp\/v2\/product"}],"about":[{"href":"http:\/\/espaciosyambientes.com\/es_es\/wp-json\/wp\/v2\/types\/product"}],"replies":[{"embeddable":true,"href":"http:\/\/espaciosyambientes.com\/es_es\/wp-json\/wp\/v2\/comments?post=14795"}],"version-history":[{"count":4,"href":"http:\/\/espaciosyambientes.com\/es_es\/wp-json\/wp\/v2\/product\/14795\/revisions"}],"predecessor-version":[{"id":17741,"href":"http:\/\/espaciosyambientes.com\/es_es\/wp-json\/wp\/v2\/product\/14795\/revisions\/17741"}],"wp:featuredmedia":[{"embeddable":true,"href":"http:\/\/espaciosyambientes.com\/es_es\/wp-json\/wp\/v2\/media\/14878"}],"wp:attachment":[{"href":"http:\/\/espaciosyambientes.com\/es_es\/wp-json\/wp\/v2\/media?parent=14795"}],"wp:term":[{"taxonomy":"product_brand","embeddable":true,"href":"http:\/\/espaciosyambientes.com\/es_es\/wp-json\/wp\/v2\/product_brand?post=14795"},{"taxonomy":"product_cat","embeddable":true,"href":"http:\/\/espaciosyambientes.com\/es_es\/wp-json\/wp\/v2\/product_cat?post=14795"},{"taxonomy":"product_tag","embeddable":true,"href":"http:\/\/espaciosyambientes.com\/es_es\/wp-json\/wp\/v2\/product_tag?post=14795"}],"curies":[{"name":"wp","href":"https:\/\/api.w.org\/{rel}","templated":true}]}}