{"id":14509,"date":"2021-08-09T20:03:49","date_gmt":"2021-08-10T01:03:49","guid":{"rendered":"https:\/\/espaciosyambientes.com\/?post_type=product&#038;p=14509"},"modified":"2023-03-21T14:32:25","modified_gmt":"2023-03-21T19:32:25","slug":"redragon-80plus-bronze-500w","status":"publish","type":"product","link":"http:\/\/espaciosyambientes.com\/es_es\/producto\/redragon-80plus-bronze-500w\/","title":{"rendered":"REDRAGON 80PLUS BRONZE 500W"},"content":{"rendered":"<p>Descripci\u00f3n<br \/>\nNuestra fuente tiene ensamblado un ventilador de 140 mm instalado de forma horizontal, con dise\u00f1o de paletas grandes que buscas el mayor flujo de aire, consiguiendo reducir la temperatura de los componentes con un bajo nivel de ruido.<\/p>\n<p>Obtener energ\u00eda de la pared a la fuente y luego a la PC es una situaci\u00f3n dif\u00edcil. La potencia viene en un nivel de voltaje, pero sus componentes necesitan uno diferente. Esa potencia tiene que transferirse primero a trav\u00e9s de un convertidor para que sea seguro para los componentes sin sobrecargarse. Las l\u00edneas\/rieles utilizados para mover inicialmente la energ\u00eda desde la pared al convertidor deben ser confiables y consistentes para garantizar el rendimiento general de tu sistema. Es por eso que la l\u00ednea RPGS de Redragon solo usa un riel de +12V para este proceso. De esta manera, todos los componentes de tu sistema reciben constantemente la misma potencia de la misma fuente para garantizar la coherencia entre todas las conexiones.<\/p>\n<p>Watts: 500W.<br \/>\nDimensiones: 160 x 150 x 86 mm (L x W x H).<br \/>\nColor: Negro.<br \/>\nTama\u00f1o del ventilador: 140 mm.<br \/>\nLargo del cable de alimentaci\u00f3n: 500 mm.<br \/>\nConectores internos: 24P(20+4) x1, Molex x2, SATA x6, PCI-E 8P(6+2) x2, CPU 8P(4+4) x1.<br \/>\nATX Version: ATX 12V 2.30.<br \/>\nVoltaje de entrada: 100-240 V.<br \/>\nCorriente de entrada:0A Max.<br \/>\nFrecuencia de entrada: 47\/63 Hz.<br \/>\nFactor de Correcci\u00f3n (PFC): &gt;0.95.<br \/>\nEficiencia: 80Plus Bronce.<br \/>\nCapacitores Principales: Japoneses 105\u00baC S\u00f3lidos.<br \/>\nProtecciones: Contra sobre tensi\u00f3n \/ voltaje \/ temperatura \/ carga y contra bajo voltaje y cortocircuitos.<br \/>\nTemperatura de operaci\u00f3n: 30-40 \u00b0C.<br \/>\nRegulaciones: CE\/CB\/CCC\/EAC\/FCC.<\/p>\n","protected":false},"excerpt":{"rendered":"<p>Adem\u00e1s, un sistema de ventilador silencioso de 14cm que est\u00e1 optimizado para ofrecer un excelente flujo de aire a un nivel de ruido excepcionalmente bajo. Y el potente riel individual de +12V permite un uso continuo con un rendimiento estable y confiable.<\/p>\n","protected":false},"featured_media":14745,"comment_status":"open","ping_status":"closed","template":"","meta":[],"product_brand":[156],"product_cat":[313],"product_tag":[314],"class_list":{"0":"post-14509","1":"product","2":"type-product","3":"status-publish","4":"has-post-thumbnail","6":"product_brand-redragon","7":"product_cat-fuentes-de-poder","8":"product_tag-fuentes","10":"first","11":"instock","12":"taxable","13":"shipping-taxable","14":"purchasable","15":"product-type-simple"},"yoast_head":"<!-- This site is optimized with the Yoast SEO plugin v27.3 - https:\/\/yoast.com\/product\/yoast-seo-wordpress\/ -->\n<title>REDRAGON 80PLUS BRONZE 500W - PC MASTERS BOGOTA<\/title>\n<meta name=\"robots\" content=\"index, follow, max-snippet:-1, max-image-preview:large, max-video-preview:-1\" \/>\n<link rel=\"canonical\" href=\"https:\/\/espaciosyambientes.com\/es_es\/producto\/redragon-80plus-bronze-500w\/\" \/>\n<meta property=\"og:locale\" content=\"es_ES\" \/>\n<meta property=\"og:type\" content=\"article\" \/>\n<meta property=\"og:title\" content=\"REDRAGON 80PLUS BRONZE 500W - PC MASTERS BOGOTA\" \/>\n<meta property=\"og:description\" content=\"Adem\u00e1s, un sistema de ventilador silencioso de 14cm que est\u00e1 optimizado para ofrecer un excelente flujo de aire a un nivel de ruido excepcionalmente bajo. Y el potente riel individual de +12V permite un uso continuo con un rendimiento estable y confiable.\" \/>\n<meta property=\"og:url\" content=\"https:\/\/espaciosyambientes.com\/es_es\/producto\/redragon-80plus-bronze-500w\/\" \/>\n<meta property=\"og:site_name\" content=\"PC MASTERS BOGOTA\" \/>\n<meta property=\"article:modified_time\" content=\"2023-03-21T19:32:25+00:00\" \/>\n<meta property=\"og:image\" content=\"https:\/\/espaciosyambientes.com\/wp-content\/uploads\/2021\/08\/14129.1.png\" \/>\n\t<meta property=\"og:image:width\" content=\"1000\" \/>\n\t<meta property=\"og:image:height\" content=\"1000\" \/>\n\t<meta property=\"og:image:type\" content=\"image\/png\" \/>\n<meta name=\"twitter:card\" content=\"summary_large_image\" \/>\n<meta name=\"twitter:label1\" content=\"Tiempo de lectura\" \/>\n\t<meta name=\"twitter:data1\" content=\"1 minuto\" \/>\n<script type=\"application\/ld+json\" class=\"yoast-schema-graph\">{\"@context\":\"https:\\\/\\\/schema.org\",\"@graph\":[{\"@type\":\"WebPage\",\"@id\":\"https:\\\/\\\/espaciosyambientes.com\\\/producto\\\/redragon-80plus-bronze-500w\\\/\",\"url\":\"https:\\\/\\\/espaciosyambientes.com\\\/producto\\\/redragon-80plus-bronze-500w\\\/\",\"name\":\"REDRAGON 80PLUS BRONZE 500W - PC MASTERS BOGOTA\",\"isPartOf\":{\"@id\":\"https:\\\/\\\/espaciosyambientes.com\\\/es_es\\\/#website\"},\"primaryImageOfPage\":{\"@id\":\"https:\\\/\\\/espaciosyambientes.com\\\/producto\\\/redragon-80plus-bronze-500w\\\/#primaryimage\"},\"image\":{\"@id\":\"https:\\\/\\\/espaciosyambientes.com\\\/producto\\\/redragon-80plus-bronze-500w\\\/#primaryimage\"},\"thumbnailUrl\":\"https:\\\/\\\/espaciosyambientes.com\\\/wp-content\\\/uploads\\\/2021\\\/08\\\/14129.1.png\",\"datePublished\":\"2021-08-10T01:03:49+00:00\",\"dateModified\":\"2023-03-21T19:32:25+00:00\",\"breadcrumb\":{\"@id\":\"https:\\\/\\\/espaciosyambientes.com\\\/producto\\\/redragon-80plus-bronze-500w\\\/#breadcrumb\"},\"inLanguage\":\"es\",\"potentialAction\":[{\"@type\":\"ReadAction\",\"target\":[\"https:\\\/\\\/espaciosyambientes.com\\\/producto\\\/redragon-80plus-bronze-500w\\\/\"]}]},{\"@type\":\"ImageObject\",\"inLanguage\":\"es\",\"@id\":\"https:\\\/\\\/espaciosyambientes.com\\\/producto\\\/redragon-80plus-bronze-500w\\\/#primaryimage\",\"url\":\"https:\\\/\\\/espaciosyambientes.com\\\/wp-content\\\/uploads\\\/2021\\\/08\\\/14129.1.png\",\"contentUrl\":\"https:\\\/\\\/espaciosyambientes.com\\\/wp-content\\\/uploads\\\/2021\\\/08\\\/14129.1.png\",\"width\":1000,\"height\":1000},{\"@type\":\"BreadcrumbList\",\"@id\":\"https:\\\/\\\/espaciosyambientes.com\\\/producto\\\/redragon-80plus-bronze-500w\\\/#breadcrumb\",\"itemListElement\":[{\"@type\":\"ListItem\",\"position\":1,\"name\":\"Home\",\"item\":\"https:\\\/\\\/espaciosyambientes.com\\\/\"},{\"@type\":\"ListItem\",\"position\":2,\"name\":\"Tienda\",\"item\":\"https:\\\/\\\/espaciosyambientes.com\\\/tienda\\\/\"},{\"@type\":\"ListItem\",\"position\":3,\"name\":\"REDRAGON 80PLUS BRONZE 500W\"}]},{\"@type\":\"WebSite\",\"@id\":\"https:\\\/\\\/espaciosyambientes.com\\\/es_es\\\/#website\",\"url\":\"https:\\\/\\\/espaciosyambientes.com\\\/es_es\\\/\",\"name\":\"PC MASTERS BOGOTA\",\"description\":\"\",\"potentialAction\":[{\"@type\":\"SearchAction\",\"target\":{\"@type\":\"EntryPoint\",\"urlTemplate\":\"https:\\\/\\\/espaciosyambientes.com\\\/es_es\\\/?s={search_term_string}\"},\"query-input\":{\"@type\":\"PropertyValueSpecification\",\"valueRequired\":true,\"valueName\":\"search_term_string\"}}],\"inLanguage\":\"es\"}]}<\/script>\n<!-- \/ Yoast SEO plugin. -->","yoast_head_json":{"title":"REDRAGON 80PLUS BRONZE 500W - PC MASTERS BOGOTA","robots":{"index":"index","follow":"follow","max-snippet":"max-snippet:-1","max-image-preview":"max-image-preview:large","max-video-preview":"max-video-preview:-1"},"canonical":"https:\/\/espaciosyambientes.com\/es_es\/producto\/redragon-80plus-bronze-500w\/","og_locale":"es_ES","og_type":"article","og_title":"REDRAGON 80PLUS BRONZE 500W - PC MASTERS BOGOTA","og_description":"Adem\u00e1s, un sistema de ventilador silencioso de 14cm que est\u00e1 optimizado para ofrecer un excelente flujo de aire a un nivel de ruido excepcionalmente bajo. Y el potente riel individual de +12V permite un uso continuo con un rendimiento estable y confiable.","og_url":"https:\/\/espaciosyambientes.com\/es_es\/producto\/redragon-80plus-bronze-500w\/","og_site_name":"PC MASTERS BOGOTA","article_modified_time":"2023-03-21T19:32:25+00:00","og_image":[{"width":1000,"height":1000,"url":"https:\/\/espaciosyambientes.com\/wp-content\/uploads\/2021\/08\/14129.1.png","type":"image\/png"}],"twitter_card":"summary_large_image","twitter_misc":{"Tiempo de lectura":"1 minuto"},"schema":{"@context":"https:\/\/schema.org","@graph":[{"@type":"WebPage","@id":"https:\/\/espaciosyambientes.com\/producto\/redragon-80plus-bronze-500w\/","url":"https:\/\/espaciosyambientes.com\/producto\/redragon-80plus-bronze-500w\/","name":"REDRAGON 80PLUS BRONZE 500W - PC MASTERS BOGOTA","isPartOf":{"@id":"https:\/\/espaciosyambientes.com\/es_es\/#website"},"primaryImageOfPage":{"@id":"https:\/\/espaciosyambientes.com\/producto\/redragon-80plus-bronze-500w\/#primaryimage"},"image":{"@id":"https:\/\/espaciosyambientes.com\/producto\/redragon-80plus-bronze-500w\/#primaryimage"},"thumbnailUrl":"https:\/\/espaciosyambientes.com\/wp-content\/uploads\/2021\/08\/14129.1.png","datePublished":"2021-08-10T01:03:49+00:00","dateModified":"2023-03-21T19:32:25+00:00","breadcrumb":{"@id":"https:\/\/espaciosyambientes.com\/producto\/redragon-80plus-bronze-500w\/#breadcrumb"},"inLanguage":"es","potentialAction":[{"@type":"ReadAction","target":["https:\/\/espaciosyambientes.com\/producto\/redragon-80plus-bronze-500w\/"]}]},{"@type":"ImageObject","inLanguage":"es","@id":"https:\/\/espaciosyambientes.com\/producto\/redragon-80plus-bronze-500w\/#primaryimage","url":"https:\/\/espaciosyambientes.com\/wp-content\/uploads\/2021\/08\/14129.1.png","contentUrl":"https:\/\/espaciosyambientes.com\/wp-content\/uploads\/2021\/08\/14129.1.png","width":1000,"height":1000},{"@type":"BreadcrumbList","@id":"https:\/\/espaciosyambientes.com\/producto\/redragon-80plus-bronze-500w\/#breadcrumb","itemListElement":[{"@type":"ListItem","position":1,"name":"Home","item":"https:\/\/espaciosyambientes.com\/"},{"@type":"ListItem","position":2,"name":"Tienda","item":"https:\/\/espaciosyambientes.com\/tienda\/"},{"@type":"ListItem","position":3,"name":"REDRAGON 80PLUS BRONZE 500W"}]},{"@type":"WebSite","@id":"https:\/\/espaciosyambientes.com\/es_es\/#website","url":"https:\/\/espaciosyambientes.com\/es_es\/","name":"PC MASTERS BOGOTA","description":"","potentialAction":[{"@type":"SearchAction","target":{"@type":"EntryPoint","urlTemplate":"https:\/\/espaciosyambientes.com\/es_es\/?s={search_term_string}"},"query-input":{"@type":"PropertyValueSpecification","valueRequired":true,"valueName":"search_term_string"}}],"inLanguage":"es"}]}},"_links":{"self":[{"href":"http:\/\/espaciosyambientes.com\/es_es\/wp-json\/wp\/v2\/product\/14509","targetHints":{"allow":["GET"]}}],"collection":[{"href":"http:\/\/espaciosyambientes.com\/es_es\/wp-json\/wp\/v2\/product"}],"about":[{"href":"http:\/\/espaciosyambientes.com\/es_es\/wp-json\/wp\/v2\/types\/product"}],"replies":[{"embeddable":true,"href":"http:\/\/espaciosyambientes.com\/es_es\/wp-json\/wp\/v2\/comments?post=14509"}],"version-history":[{"count":3,"href":"http:\/\/espaciosyambientes.com\/es_es\/wp-json\/wp\/v2\/product\/14509\/revisions"}],"predecessor-version":[{"id":14746,"href":"http:\/\/espaciosyambientes.com\/es_es\/wp-json\/wp\/v2\/product\/14509\/revisions\/14746"}],"wp:featuredmedia":[{"embeddable":true,"href":"http:\/\/espaciosyambientes.com\/es_es\/wp-json\/wp\/v2\/media\/14745"}],"wp:attachment":[{"href":"http:\/\/espaciosyambientes.com\/es_es\/wp-json\/wp\/v2\/media?parent=14509"}],"wp:term":[{"taxonomy":"product_brand","embeddable":true,"href":"http:\/\/espaciosyambientes.com\/es_es\/wp-json\/wp\/v2\/product_brand?post=14509"},{"taxonomy":"product_cat","embeddable":true,"href":"http:\/\/espaciosyambientes.com\/es_es\/wp-json\/wp\/v2\/product_cat?post=14509"},{"taxonomy":"product_tag","embeddable":true,"href":"http:\/\/espaciosyambientes.com\/es_es\/wp-json\/wp\/v2\/product_tag?post=14509"}],"curies":[{"name":"wp","href":"https:\/\/api.w.org\/{rel}","templated":true}]}}