{"id":14489,"date":"2021-08-09T20:03:46","date_gmt":"2021-08-10T01:03:46","guid":{"rendered":"https:\/\/espaciosyambientes.com\/?post_type=product&#038;p=14489"},"modified":"2024-12-09T21:21:22","modified_gmt":"2024-12-10T02:21:22","slug":"cooler-master-elite-v3-600w","status":"publish","type":"product","link":"http:\/\/espaciosyambientes.com\/es_es\/producto\/cooler-master-elite-v3-600w\/","title":{"rendered":"COOLER MASTER ELITE V3 600W"},"content":{"rendered":"<p>https:\/\/www.coolermaster.com\/powersupply\/modular\/elite-v3-600w\/<\/p>\n<p>PRODUCT NAME<br \/>\nElite V3 600W<br \/>\nMODEL<br \/>\nMPW-6001-ACAAN1<br \/>\nATX VERSION<br \/>\nATX 12V V2.31<br \/>\nPFC<br \/>\nActive PFC (&gt;0.9 typical)<br \/>\nINPUT VOLTAGE<br \/>\n100-240Vac (Normal)<br \/>\nINPUT CURRENT<br \/>\n10-5A<br \/>\nINPUT FREQUENCY<br \/>\n50-60Hz<br \/>\nDIMENSIONS (L X W X H)<br \/>\n150 x 140 x 86 mm<br \/>\nFAN SIZE<br \/>\n120mm<br \/>\nFAN BEARING<br \/>\nSleeve Fan<br \/>\nPOWER GOOD SIGNAL<br \/>\n100 &#8211; 500 ms<br \/>\nHOLD UP TIME<br \/>\n&gt;10ms at 100% Full Load<br \/>\nEFFICIENCY<br \/>\n75% @ Typical Load<br \/>\nMTBF<br \/>\n&gt;100,000 Hours<br \/>\nOPERATING TEMPERATURE<br \/>\n10-40\u00b0C<br \/>\nPROTECTIONS<br \/>\nOVP, OPP, OTP, SCP<br \/>\nREGULATORY<br \/>\nTUV, cTUVus, CE, FCC, BSMI<br \/>\nMB 24-PIN CONNECTORS<br \/>\n1<br \/>\nCPU 12V 4+4 PIN CONNECTORS<br \/>\n1<br \/>\nSATA CONNECTORS<br \/>\n5<br \/>\nPERIPHERAL 4-PIN CONNECTORS<br \/>\n3<br \/>\nPCI-E 6+2 PIN CONNECTORS<br \/>\n2<br \/>\nWARRANTY<br \/>\n3 Years<br \/>\nSERIES<br \/>\nElite Series<\/p>\n","protected":false},"excerpt":{"rendered":"<p>Dise\u00f1o de topolog\u00eda directa PFC + activo<br \/>\nResistencia a temperaturas m\u00e1s altas<br \/>\nTolerancia de potencia m\u00e1xima<br \/>\n75% de eficiencia<br \/>\nSuperresistente<\/p>\n","protected":false},"featured_media":15550,"comment_status":"open","ping_status":"closed","template":"","meta":[],"product_brand":[123],"product_cat":[313],"product_tag":[314],"class_list":{"0":"post-14489","1":"product","2":"type-product","3":"status-publish","4":"has-post-thumbnail","6":"product_brand-cooler-master","7":"product_cat-fuentes-de-poder","8":"product_tag-fuentes","10":"first","11":"instock","12":"taxable","13":"shipping-taxable","14":"purchasable","15":"product-type-simple"},"yoast_head":"<!-- This site is optimized with the Yoast SEO plugin v27.3 - https:\/\/yoast.com\/product\/yoast-seo-wordpress\/ -->\n<title>COOLER MASTER ELITE V3 600W - PC MASTERS BOGOTA<\/title>\n<meta name=\"robots\" content=\"index, follow, max-snippet:-1, max-image-preview:large, max-video-preview:-1\" \/>\n<link rel=\"canonical\" href=\"https:\/\/espaciosyambientes.com\/es_es\/producto\/cooler-master-elite-v3-600w\/\" \/>\n<meta property=\"og:locale\" content=\"es_ES\" \/>\n<meta property=\"og:type\" content=\"article\" \/>\n<meta property=\"og:title\" content=\"COOLER MASTER ELITE V3 600W - PC MASTERS BOGOTA\" \/>\n<meta property=\"og:description\" content=\"Dise\u00f1o de topolog\u00eda directa PFC + activo Resistencia a temperaturas m\u00e1s altas Tolerancia de potencia m\u00e1xima 75% de eficiencia Superresistente\" \/>\n<meta property=\"og:url\" content=\"https:\/\/espaciosyambientes.com\/es_es\/producto\/cooler-master-elite-v3-600w\/\" \/>\n<meta property=\"og:site_name\" content=\"PC MASTERS BOGOTA\" \/>\n<meta property=\"article:modified_time\" content=\"2024-12-10T02:21:22+00:00\" \/>\n<meta property=\"og:image\" content=\"https:\/\/espaciosyambientes.com\/wp-content\/uploads\/2021\/08\/\u5305\u88dd-zoom-1024x1024.png\" \/>\n\t<meta property=\"og:image:width\" content=\"1024\" \/>\n\t<meta property=\"og:image:height\" content=\"1024\" \/>\n\t<meta property=\"og:image:type\" content=\"image\/png\" \/>\n<meta name=\"twitter:card\" content=\"summary_large_image\" \/>\n<meta name=\"twitter:label1\" content=\"Tiempo de lectura\" \/>\n\t<meta name=\"twitter:data1\" content=\"1 minuto\" \/>\n<script type=\"application\/ld+json\" class=\"yoast-schema-graph\">{\"@context\":\"https:\\\/\\\/schema.org\",\"@graph\":[{\"@type\":\"WebPage\",\"@id\":\"https:\\\/\\\/espaciosyambientes.com\\\/producto\\\/cooler-master-elite-v3-600w\\\/\",\"url\":\"https:\\\/\\\/espaciosyambientes.com\\\/producto\\\/cooler-master-elite-v3-600w\\\/\",\"name\":\"COOLER MASTER ELITE V3 600W - PC MASTERS BOGOTA\",\"isPartOf\":{\"@id\":\"https:\\\/\\\/espaciosyambientes.com\\\/es_es\\\/#website\"},\"primaryImageOfPage\":{\"@id\":\"https:\\\/\\\/espaciosyambientes.com\\\/producto\\\/cooler-master-elite-v3-600w\\\/#primaryimage\"},\"image\":{\"@id\":\"https:\\\/\\\/espaciosyambientes.com\\\/producto\\\/cooler-master-elite-v3-600w\\\/#primaryimage\"},\"thumbnailUrl\":\"https:\\\/\\\/espaciosyambientes.com\\\/wp-content\\\/uploads\\\/2021\\\/08\\\/\u5305\u88dd-zoom-scaled.png\",\"datePublished\":\"2021-08-10T01:03:46+00:00\",\"dateModified\":\"2024-12-10T02:21:22+00:00\",\"breadcrumb\":{\"@id\":\"https:\\\/\\\/espaciosyambientes.com\\\/producto\\\/cooler-master-elite-v3-600w\\\/#breadcrumb\"},\"inLanguage\":\"es\",\"potentialAction\":[{\"@type\":\"ReadAction\",\"target\":[\"https:\\\/\\\/espaciosyambientes.com\\\/producto\\\/cooler-master-elite-v3-600w\\\/\"]}]},{\"@type\":\"ImageObject\",\"inLanguage\":\"es\",\"@id\":\"https:\\\/\\\/espaciosyambientes.com\\\/producto\\\/cooler-master-elite-v3-600w\\\/#primaryimage\",\"url\":\"https:\\\/\\\/espaciosyambientes.com\\\/wp-content\\\/uploads\\\/2021\\\/08\\\/\u5305\u88dd-zoom-scaled.png\",\"contentUrl\":\"https:\\\/\\\/espaciosyambientes.com\\\/wp-content\\\/uploads\\\/2021\\\/08\\\/\u5305\u88dd-zoom-scaled.png\",\"width\":2560,\"height\":2560},{\"@type\":\"BreadcrumbList\",\"@id\":\"https:\\\/\\\/espaciosyambientes.com\\\/producto\\\/cooler-master-elite-v3-600w\\\/#breadcrumb\",\"itemListElement\":[{\"@type\":\"ListItem\",\"position\":1,\"name\":\"Home\",\"item\":\"https:\\\/\\\/espaciosyambientes.com\\\/\"},{\"@type\":\"ListItem\",\"position\":2,\"name\":\"Tienda\",\"item\":\"https:\\\/\\\/espaciosyambientes.com\\\/tienda\\\/\"},{\"@type\":\"ListItem\",\"position\":3,\"name\":\"COOLER MASTER ELITE V3 600W\"}]},{\"@type\":\"WebSite\",\"@id\":\"https:\\\/\\\/espaciosyambientes.com\\\/es_es\\\/#website\",\"url\":\"https:\\\/\\\/espaciosyambientes.com\\\/es_es\\\/\",\"name\":\"PC MASTERS BOGOTA\",\"description\":\"\",\"potentialAction\":[{\"@type\":\"SearchAction\",\"target\":{\"@type\":\"EntryPoint\",\"urlTemplate\":\"https:\\\/\\\/espaciosyambientes.com\\\/es_es\\\/?s={search_term_string}\"},\"query-input\":{\"@type\":\"PropertyValueSpecification\",\"valueRequired\":true,\"valueName\":\"search_term_string\"}}],\"inLanguage\":\"es\"}]}<\/script>\n<!-- \/ Yoast SEO plugin. -->","yoast_head_json":{"title":"COOLER MASTER ELITE V3 600W - PC MASTERS BOGOTA","robots":{"index":"index","follow":"follow","max-snippet":"max-snippet:-1","max-image-preview":"max-image-preview:large","max-video-preview":"max-video-preview:-1"},"canonical":"https:\/\/espaciosyambientes.com\/es_es\/producto\/cooler-master-elite-v3-600w\/","og_locale":"es_ES","og_type":"article","og_title":"COOLER MASTER ELITE V3 600W - PC MASTERS BOGOTA","og_description":"Dise\u00f1o de topolog\u00eda directa PFC + activo Resistencia a temperaturas m\u00e1s altas Tolerancia de potencia m\u00e1xima 75% de eficiencia Superresistente","og_url":"https:\/\/espaciosyambientes.com\/es_es\/producto\/cooler-master-elite-v3-600w\/","og_site_name":"PC MASTERS BOGOTA","article_modified_time":"2024-12-10T02:21:22+00:00","og_image":[{"width":1024,"height":1024,"url":"https:\/\/espaciosyambientes.com\/wp-content\/uploads\/2021\/08\/\u5305\u88dd-zoom-1024x1024.png","type":"image\/png"}],"twitter_card":"summary_large_image","twitter_misc":{"Tiempo de lectura":"1 minuto"},"schema":{"@context":"https:\/\/schema.org","@graph":[{"@type":"WebPage","@id":"https:\/\/espaciosyambientes.com\/producto\/cooler-master-elite-v3-600w\/","url":"https:\/\/espaciosyambientes.com\/producto\/cooler-master-elite-v3-600w\/","name":"COOLER MASTER ELITE V3 600W - PC MASTERS BOGOTA","isPartOf":{"@id":"https:\/\/espaciosyambientes.com\/es_es\/#website"},"primaryImageOfPage":{"@id":"https:\/\/espaciosyambientes.com\/producto\/cooler-master-elite-v3-600w\/#primaryimage"},"image":{"@id":"https:\/\/espaciosyambientes.com\/producto\/cooler-master-elite-v3-600w\/#primaryimage"},"thumbnailUrl":"https:\/\/espaciosyambientes.com\/wp-content\/uploads\/2021\/08\/\u5305\u88dd-zoom-scaled.png","datePublished":"2021-08-10T01:03:46+00:00","dateModified":"2024-12-10T02:21:22+00:00","breadcrumb":{"@id":"https:\/\/espaciosyambientes.com\/producto\/cooler-master-elite-v3-600w\/#breadcrumb"},"inLanguage":"es","potentialAction":[{"@type":"ReadAction","target":["https:\/\/espaciosyambientes.com\/producto\/cooler-master-elite-v3-600w\/"]}]},{"@type":"ImageObject","inLanguage":"es","@id":"https:\/\/espaciosyambientes.com\/producto\/cooler-master-elite-v3-600w\/#primaryimage","url":"https:\/\/espaciosyambientes.com\/wp-content\/uploads\/2021\/08\/\u5305\u88dd-zoom-scaled.png","contentUrl":"https:\/\/espaciosyambientes.com\/wp-content\/uploads\/2021\/08\/\u5305\u88dd-zoom-scaled.png","width":2560,"height":2560},{"@type":"BreadcrumbList","@id":"https:\/\/espaciosyambientes.com\/producto\/cooler-master-elite-v3-600w\/#breadcrumb","itemListElement":[{"@type":"ListItem","position":1,"name":"Home","item":"https:\/\/espaciosyambientes.com\/"},{"@type":"ListItem","position":2,"name":"Tienda","item":"https:\/\/espaciosyambientes.com\/tienda\/"},{"@type":"ListItem","position":3,"name":"COOLER MASTER ELITE V3 600W"}]},{"@type":"WebSite","@id":"https:\/\/espaciosyambientes.com\/es_es\/#website","url":"https:\/\/espaciosyambientes.com\/es_es\/","name":"PC MASTERS BOGOTA","description":"","potentialAction":[{"@type":"SearchAction","target":{"@type":"EntryPoint","urlTemplate":"https:\/\/espaciosyambientes.com\/es_es\/?s={search_term_string}"},"query-input":{"@type":"PropertyValueSpecification","valueRequired":true,"valueName":"search_term_string"}}],"inLanguage":"es"}]}},"_links":{"self":[{"href":"http:\/\/espaciosyambientes.com\/es_es\/wp-json\/wp\/v2\/product\/14489","targetHints":{"allow":["GET"]}}],"collection":[{"href":"http:\/\/espaciosyambientes.com\/es_es\/wp-json\/wp\/v2\/product"}],"about":[{"href":"http:\/\/espaciosyambientes.com\/es_es\/wp-json\/wp\/v2\/types\/product"}],"replies":[{"embeddable":true,"href":"http:\/\/espaciosyambientes.com\/es_es\/wp-json\/wp\/v2\/comments?post=14489"}],"version-history":[{"count":4,"href":"http:\/\/espaciosyambientes.com\/es_es\/wp-json\/wp\/v2\/product\/14489\/revisions"}],"predecessor-version":[{"id":17785,"href":"http:\/\/espaciosyambientes.com\/es_es\/wp-json\/wp\/v2\/product\/14489\/revisions\/17785"}],"wp:featuredmedia":[{"embeddable":true,"href":"http:\/\/espaciosyambientes.com\/es_es\/wp-json\/wp\/v2\/media\/15550"}],"wp:attachment":[{"href":"http:\/\/espaciosyambientes.com\/es_es\/wp-json\/wp\/v2\/media?parent=14489"}],"wp:term":[{"taxonomy":"product_brand","embeddable":true,"href":"http:\/\/espaciosyambientes.com\/es_es\/wp-json\/wp\/v2\/product_brand?post=14489"},{"taxonomy":"product_cat","embeddable":true,"href":"http:\/\/espaciosyambientes.com\/es_es\/wp-json\/wp\/v2\/product_cat?post=14489"},{"taxonomy":"product_tag","embeddable":true,"href":"http:\/\/espaciosyambientes.com\/es_es\/wp-json\/wp\/v2\/product_tag?post=14489"}],"curies":[{"name":"wp","href":"https:\/\/api.w.org\/{rel}","templated":true}]}}