{"id":14356,"date":"2021-08-09T19:23:34","date_gmt":"2021-08-10T00:23:34","guid":{"rendered":"https:\/\/espaciosyambientes.com\/?post_type=product&#038;p=14356"},"modified":"2021-10-26T14:17:51","modified_gmt":"2021-10-26T19:17:51","slug":"aerocool-shard-v2-vt4rgb-500w-vx","status":"publish","type":"product","link":"http:\/\/espaciosyambientes.com\/es_es\/producto\/aerocool-shard-v2-vt4rgb-500w-vx\/","title":{"rendered":"AEROCOOL SHARD V2 VT4RGB+ 500W VX+"},"content":{"rendered":"<p>https:\/\/aerocool.io\/la\/product\/shard\/<\/p>\n<p>Descripci\u00f3n<br \/>\nCaja<br \/>\nPanel lateral de vidrio templado completo para mostrar el interior de su plataforma. Las rejillas de ventilaci\u00f3n en el panel frontal brindan un flujo y circulaci\u00f3n de aire superiores. Dise\u00f1o de doble c\u00e1mara para una mejor ventilaci\u00f3n. Admite refrigeradores de CPU de hasta 155 mm. Admite tarjetas gr\u00e1ficas de gama alta de hasta 355 mm.<\/p>\n<p>Tipo de caso: Media torre.Color: Negro.Espesor de acero: 0,5 mm.Placas base: ATX \/ micro-ATX \/ mini-ITX.Dimensiones de la caja (total): 194 x 444 x 423,5 mm (ancho x alto x profundo).Bah\u00eda de unidad de 3,5 \u00ab: 2.Bah\u00eda de unidad de 2,5 \u00ab: 2.Ranuras de expansi\u00f3n: 7.Liquidaci\u00f3n de GPU: Admite GPU de hasta 355 mm (sin ventilador frontal).Espacio de CPU Admite refrigeradores de CPU de hasta 155 mm.Puertos de E \/ S: USB3.0 x 1 | USB2.0 x 2 | Audio y micr\u00f3fono HD. | Bot\u00f3n de control LED | Bot\u00f3n de encendido.Aire acondicionado:<br \/>\nDelantero: 120 mm x 3 (opcional)<br \/>\nSuperior: 120 mm x 2 (opcional)<br \/>\nPosterior: 120 mm x 1 (incluye ventilador de 120 mm)<br \/>\nAdmite ventilador VGA: 120 mm x 2 (opcional).Refrigeraci\u00f3n l\u00edquida: Delantero: Radiador de 240 mm (opcional).Peso bruto peso neto: 4,15 kg (9,15 libras) \/ 4,9 kg (10,8 libras).Profundidad de gesti\u00f3n de cables internos: 24 mm.Fuente de alimentaci\u00f3n: PSU ATX (cables incluidos, hasta 200 mm) (opcional).<\/p>\n","protected":false},"excerpt":{"rendered":"<p>Elegante dise\u00f1o LED RGB con acr\u00edlico en el panel frontal. Acceda a 13 modos de iluminaci\u00f3n preestablecidos a trav\u00e9s del bot\u00f3n de control LED convenientemente ubicado.<\/p>\n","protected":false},"featured_media":15720,"comment_status":"open","ping_status":"closed","template":"","meta":[],"product_brand":[275],"product_cat":[76],"product_tag":[311],"class_list":{"0":"post-14356","1":"product","2":"type-product","3":"status-publish","4":"has-post-thumbnail","6":"product_brand-aerocool","7":"product_cat-chasis","8":"product_tag-chasis-con-fuente","10":"first","11":"instock","12":"taxable","13":"shipping-taxable","14":"purchasable","15":"product-type-simple"},"yoast_head":"<!-- This site is optimized with the Yoast SEO plugin v27.3 - https:\/\/yoast.com\/product\/yoast-seo-wordpress\/ -->\n<title>AEROCOOL SHARD V2 VT4RGB+ 500W VX+ - PC MASTERS BOGOTA<\/title>\n<meta name=\"robots\" content=\"index, follow, max-snippet:-1, max-image-preview:large, max-video-preview:-1\" \/>\n<link rel=\"canonical\" href=\"https:\/\/espaciosyambientes.com\/es_es\/producto\/aerocool-shard-v2-vt4rgb-500w-vx\/\" \/>\n<meta property=\"og:locale\" content=\"es_ES\" \/>\n<meta property=\"og:type\" content=\"article\" \/>\n<meta property=\"og:title\" content=\"AEROCOOL SHARD V2 VT4RGB+ 500W VX+ - PC MASTERS BOGOTA\" \/>\n<meta property=\"og:description\" content=\"Elegante dise\u00f1o LED RGB con acr\u00edlico en el panel frontal. Acceda a 13 modos de iluminaci\u00f3n preestablecidos a trav\u00e9s del bot\u00f3n de control LED convenientemente ubicado.\" \/>\n<meta property=\"og:url\" content=\"https:\/\/espaciosyambientes.com\/es_es\/producto\/aerocool-shard-v2-vt4rgb-500w-vx\/\" \/>\n<meta property=\"og:site_name\" content=\"PC MASTERS BOGOTA\" \/>\n<meta property=\"article:modified_time\" content=\"2021-10-26T19:17:51+00:00\" \/>\n<meta property=\"og:image\" content=\"https:\/\/espaciosyambientes.com\/wp-content\/uploads\/2021\/08\/17059.6.png\" \/>\n\t<meta property=\"og:image:width\" content=\"1000\" \/>\n\t<meta property=\"og:image:height\" content=\"1000\" \/>\n\t<meta property=\"og:image:type\" content=\"image\/png\" \/>\n<meta name=\"twitter:card\" content=\"summary_large_image\" \/>\n<meta name=\"twitter:label1\" content=\"Tiempo de lectura\" \/>\n\t<meta name=\"twitter:data1\" content=\"1 minuto\" \/>\n<script type=\"application\/ld+json\" class=\"yoast-schema-graph\">{\"@context\":\"https:\\\/\\\/schema.org\",\"@graph\":[{\"@type\":\"WebPage\",\"@id\":\"https:\\\/\\\/espaciosyambientes.com\\\/producto\\\/aerocool-shard-v2-vt4rgb-500w-vx\\\/\",\"url\":\"https:\\\/\\\/espaciosyambientes.com\\\/producto\\\/aerocool-shard-v2-vt4rgb-500w-vx\\\/\",\"name\":\"AEROCOOL SHARD V2 VT4RGB+ 500W VX+ - PC MASTERS BOGOTA\",\"isPartOf\":{\"@id\":\"https:\\\/\\\/espaciosyambientes.com\\\/es_es\\\/#website\"},\"primaryImageOfPage\":{\"@id\":\"https:\\\/\\\/espaciosyambientes.com\\\/producto\\\/aerocool-shard-v2-vt4rgb-500w-vx\\\/#primaryimage\"},\"image\":{\"@id\":\"https:\\\/\\\/espaciosyambientes.com\\\/producto\\\/aerocool-shard-v2-vt4rgb-500w-vx\\\/#primaryimage\"},\"thumbnailUrl\":\"https:\\\/\\\/espaciosyambientes.com\\\/wp-content\\\/uploads\\\/2021\\\/08\\\/17059.6.png\",\"datePublished\":\"2021-08-10T00:23:34+00:00\",\"dateModified\":\"2021-10-26T19:17:51+00:00\",\"breadcrumb\":{\"@id\":\"https:\\\/\\\/espaciosyambientes.com\\\/producto\\\/aerocool-shard-v2-vt4rgb-500w-vx\\\/#breadcrumb\"},\"inLanguage\":\"es\",\"potentialAction\":[{\"@type\":\"ReadAction\",\"target\":[\"https:\\\/\\\/espaciosyambientes.com\\\/producto\\\/aerocool-shard-v2-vt4rgb-500w-vx\\\/\"]}]},{\"@type\":\"ImageObject\",\"inLanguage\":\"es\",\"@id\":\"https:\\\/\\\/espaciosyambientes.com\\\/producto\\\/aerocool-shard-v2-vt4rgb-500w-vx\\\/#primaryimage\",\"url\":\"https:\\\/\\\/espaciosyambientes.com\\\/wp-content\\\/uploads\\\/2021\\\/08\\\/17059.6.png\",\"contentUrl\":\"https:\\\/\\\/espaciosyambientes.com\\\/wp-content\\\/uploads\\\/2021\\\/08\\\/17059.6.png\",\"width\":1000,\"height\":1000},{\"@type\":\"BreadcrumbList\",\"@id\":\"https:\\\/\\\/espaciosyambientes.com\\\/producto\\\/aerocool-shard-v2-vt4rgb-500w-vx\\\/#breadcrumb\",\"itemListElement\":[{\"@type\":\"ListItem\",\"position\":1,\"name\":\"Home\",\"item\":\"https:\\\/\\\/espaciosyambientes.com\\\/\"},{\"@type\":\"ListItem\",\"position\":2,\"name\":\"Tienda\",\"item\":\"https:\\\/\\\/espaciosyambientes.com\\\/tienda\\\/\"},{\"@type\":\"ListItem\",\"position\":3,\"name\":\"AEROCOOL SHARD V2 VT4RGB+ 500W VX+\"}]},{\"@type\":\"WebSite\",\"@id\":\"https:\\\/\\\/espaciosyambientes.com\\\/es_es\\\/#website\",\"url\":\"https:\\\/\\\/espaciosyambientes.com\\\/es_es\\\/\",\"name\":\"PC MASTERS BOGOTA\",\"description\":\"\",\"potentialAction\":[{\"@type\":\"SearchAction\",\"target\":{\"@type\":\"EntryPoint\",\"urlTemplate\":\"https:\\\/\\\/espaciosyambientes.com\\\/es_es\\\/?s={search_term_string}\"},\"query-input\":{\"@type\":\"PropertyValueSpecification\",\"valueRequired\":true,\"valueName\":\"search_term_string\"}}],\"inLanguage\":\"es\"}]}<\/script>\n<!-- \/ Yoast SEO plugin. -->","yoast_head_json":{"title":"AEROCOOL SHARD V2 VT4RGB+ 500W VX+ - PC MASTERS BOGOTA","robots":{"index":"index","follow":"follow","max-snippet":"max-snippet:-1","max-image-preview":"max-image-preview:large","max-video-preview":"max-video-preview:-1"},"canonical":"https:\/\/espaciosyambientes.com\/es_es\/producto\/aerocool-shard-v2-vt4rgb-500w-vx\/","og_locale":"es_ES","og_type":"article","og_title":"AEROCOOL SHARD V2 VT4RGB+ 500W VX+ - PC MASTERS BOGOTA","og_description":"Elegante dise\u00f1o LED RGB con acr\u00edlico en el panel frontal. Acceda a 13 modos de iluminaci\u00f3n preestablecidos a trav\u00e9s del bot\u00f3n de control LED convenientemente ubicado.","og_url":"https:\/\/espaciosyambientes.com\/es_es\/producto\/aerocool-shard-v2-vt4rgb-500w-vx\/","og_site_name":"PC MASTERS BOGOTA","article_modified_time":"2021-10-26T19:17:51+00:00","og_image":[{"width":1000,"height":1000,"url":"https:\/\/espaciosyambientes.com\/wp-content\/uploads\/2021\/08\/17059.6.png","type":"image\/png"}],"twitter_card":"summary_large_image","twitter_misc":{"Tiempo de lectura":"1 minuto"},"schema":{"@context":"https:\/\/schema.org","@graph":[{"@type":"WebPage","@id":"https:\/\/espaciosyambientes.com\/producto\/aerocool-shard-v2-vt4rgb-500w-vx\/","url":"https:\/\/espaciosyambientes.com\/producto\/aerocool-shard-v2-vt4rgb-500w-vx\/","name":"AEROCOOL SHARD V2 VT4RGB+ 500W VX+ - PC MASTERS BOGOTA","isPartOf":{"@id":"https:\/\/espaciosyambientes.com\/es_es\/#website"},"primaryImageOfPage":{"@id":"https:\/\/espaciosyambientes.com\/producto\/aerocool-shard-v2-vt4rgb-500w-vx\/#primaryimage"},"image":{"@id":"https:\/\/espaciosyambientes.com\/producto\/aerocool-shard-v2-vt4rgb-500w-vx\/#primaryimage"},"thumbnailUrl":"https:\/\/espaciosyambientes.com\/wp-content\/uploads\/2021\/08\/17059.6.png","datePublished":"2021-08-10T00:23:34+00:00","dateModified":"2021-10-26T19:17:51+00:00","breadcrumb":{"@id":"https:\/\/espaciosyambientes.com\/producto\/aerocool-shard-v2-vt4rgb-500w-vx\/#breadcrumb"},"inLanguage":"es","potentialAction":[{"@type":"ReadAction","target":["https:\/\/espaciosyambientes.com\/producto\/aerocool-shard-v2-vt4rgb-500w-vx\/"]}]},{"@type":"ImageObject","inLanguage":"es","@id":"https:\/\/espaciosyambientes.com\/producto\/aerocool-shard-v2-vt4rgb-500w-vx\/#primaryimage","url":"https:\/\/espaciosyambientes.com\/wp-content\/uploads\/2021\/08\/17059.6.png","contentUrl":"https:\/\/espaciosyambientes.com\/wp-content\/uploads\/2021\/08\/17059.6.png","width":1000,"height":1000},{"@type":"BreadcrumbList","@id":"https:\/\/espaciosyambientes.com\/producto\/aerocool-shard-v2-vt4rgb-500w-vx\/#breadcrumb","itemListElement":[{"@type":"ListItem","position":1,"name":"Home","item":"https:\/\/espaciosyambientes.com\/"},{"@type":"ListItem","position":2,"name":"Tienda","item":"https:\/\/espaciosyambientes.com\/tienda\/"},{"@type":"ListItem","position":3,"name":"AEROCOOL SHARD V2 VT4RGB+ 500W VX+"}]},{"@type":"WebSite","@id":"https:\/\/espaciosyambientes.com\/es_es\/#website","url":"https:\/\/espaciosyambientes.com\/es_es\/","name":"PC MASTERS BOGOTA","description":"","potentialAction":[{"@type":"SearchAction","target":{"@type":"EntryPoint","urlTemplate":"https:\/\/espaciosyambientes.com\/es_es\/?s={search_term_string}"},"query-input":{"@type":"PropertyValueSpecification","valueRequired":true,"valueName":"search_term_string"}}],"inLanguage":"es"}]}},"_links":{"self":[{"href":"http:\/\/espaciosyambientes.com\/es_es\/wp-json\/wp\/v2\/product\/14356","targetHints":{"allow":["GET"]}}],"collection":[{"href":"http:\/\/espaciosyambientes.com\/es_es\/wp-json\/wp\/v2\/product"}],"about":[{"href":"http:\/\/espaciosyambientes.com\/es_es\/wp-json\/wp\/v2\/types\/product"}],"replies":[{"embeddable":true,"href":"http:\/\/espaciosyambientes.com\/es_es\/wp-json\/wp\/v2\/comments?post=14356"}],"version-history":[{"count":4,"href":"http:\/\/espaciosyambientes.com\/es_es\/wp-json\/wp\/v2\/product\/14356\/revisions"}],"predecessor-version":[{"id":17825,"href":"http:\/\/espaciosyambientes.com\/es_es\/wp-json\/wp\/v2\/product\/14356\/revisions\/17825"}],"wp:featuredmedia":[{"embeddable":true,"href":"http:\/\/espaciosyambientes.com\/es_es\/wp-json\/wp\/v2\/media\/15720"}],"wp:attachment":[{"href":"http:\/\/espaciosyambientes.com\/es_es\/wp-json\/wp\/v2\/media?parent=14356"}],"wp:term":[{"taxonomy":"product_brand","embeddable":true,"href":"http:\/\/espaciosyambientes.com\/es_es\/wp-json\/wp\/v2\/product_brand?post=14356"},{"taxonomy":"product_cat","embeddable":true,"href":"http:\/\/espaciosyambientes.com\/es_es\/wp-json\/wp\/v2\/product_cat?post=14356"},{"taxonomy":"product_tag","embeddable":true,"href":"http:\/\/espaciosyambientes.com\/es_es\/wp-json\/wp\/v2\/product_tag?post=14356"}],"curies":[{"name":"wp","href":"https:\/\/api.w.org\/{rel}","templated":true}]}}