{"id":14355,"date":"2021-08-09T19:23:34","date_gmt":"2021-08-10T00:23:34","guid":{"rendered":"https:\/\/espaciosyambientes.com\/?post_type=product&#038;p=14355"},"modified":"2021-10-26T14:17:51","modified_gmt":"2021-10-26T19:17:51","slug":"aerocool-si5200-3-fans-rgb-500w-vx","status":"publish","type":"product","link":"http:\/\/espaciosyambientes.com\/es_es\/producto\/aerocool-si5200-3-fans-rgb-500w-vx\/","title":{"rendered":"AEROCOOL SI5200 +3 FANS RGB+  500W VX+"},"content":{"rendered":"<p>https:\/\/aerocool.io\/la\/product\/si-5200-rgb\/<\/p>\n<p>Caracter\u00edsticas principales<br \/>\nMarca AeroCool<br \/>\nL\u00ednea SI-5200<br \/>\nModelo SI-5200 TG<br \/>\nOtras caracter\u00edsticas<br \/>\nTipo de cooler: Air cooling<br \/>\nTama\u00f1o del ventilador: 120 mm<br \/>\nEs gamer: S\u00ed<br \/>\nComponente compatible: Gabinete<br \/>\nDescripci\u00f3n<br \/>\nCOMBO Gabiente Gamer SI-5200 aRGB con cuatro (4) ventiladores aRGB incluidos, vidrio templado lateral con fuente Aerocool VX500 500W con conector PCIe 6+2.<\/p>\n<p>TORRE ATX RGB<\/p>\n<p>La estructura de la caja cuenta con m\u00faltiples prestaciones que garantizan el m\u00e1ximo rendimiento y durabilidad, adem\u00e1s de un dise\u00f1o moderno.<\/p>\n<p>3 ventiladores RGB frontales de 120mm y 1 ventilador RGB posterior<br \/>\nHasta 14 modos de iluminaci\u00f3n: 7 efectos RGB Flow y 7 colores est\u00e1ticos<br \/>\nSoporte para refrigeraci\u00f3n l\u00edquida frontal de hasta 240mm<br \/>\nPanel lateral total para mostrar el interior de tu PC<br \/>\nDise\u00f1o de c\u00e1mara dual para maximizar la ventilaci\u00f3n<br \/>\nFiltro antipolvo inferior extra\u00edble<br \/>\nPanel Frontal Acr\u00edlico<br \/>\nCon un panel frontal acr\u00edlico que permite ver de manera clara hasta tres ventiladores de 12 cm, esta caja es perfecta para presumir de tus ventiladores frontales con LED.<br \/>\nVentiladores RGB Direccionables<\/p>\n","protected":false},"excerpt":{"rendered":"<p>La SI5200RGB te ofrece un panel frontal con 3 ventiladores RGB de 12cm con hasta 14 efectos de iluminaci\u00f3n a trav\u00e9s de su bot\u00f3n de control LED, garantizando una refrigeraci\u00f3n \u00f3ptima en todo momento.<\/p>\n","protected":false},"featured_media":15715,"comment_status":"open","ping_status":"closed","template":"","meta":[],"product_brand":[275],"product_cat":[76],"product_tag":[311],"class_list":{"0":"post-14355","1":"product","2":"type-product","3":"status-publish","4":"has-post-thumbnail","6":"product_brand-aerocool","7":"product_cat-chasis","8":"product_tag-chasis-con-fuente","10":"first","11":"instock","12":"taxable","13":"shipping-taxable","14":"purchasable","15":"product-type-simple"},"yoast_head":"<!-- This site is optimized with the Yoast SEO plugin v27.3 - https:\/\/yoast.com\/product\/yoast-seo-wordpress\/ -->\n<title>AEROCOOL SI5200 +3 FANS RGB+ 500W VX+ - PC MASTERS BOGOTA<\/title>\n<meta name=\"robots\" content=\"index, follow, max-snippet:-1, max-image-preview:large, max-video-preview:-1\" \/>\n<link rel=\"canonical\" href=\"https:\/\/espaciosyambientes.com\/es_es\/producto\/aerocool-si5200-3-fans-rgb-500w-vx\/\" \/>\n<meta property=\"og:locale\" content=\"es_ES\" \/>\n<meta property=\"og:type\" content=\"article\" \/>\n<meta property=\"og:title\" content=\"AEROCOOL SI5200 +3 FANS RGB+ 500W VX+ - PC MASTERS BOGOTA\" \/>\n<meta property=\"og:description\" content=\"La SI5200RGB te ofrece un panel frontal con 3 ventiladores RGB de 12cm con hasta 14 efectos de iluminaci\u00f3n a trav\u00e9s de su bot\u00f3n de control LED, garantizando una refrigeraci\u00f3n \u00f3ptima en todo momento.\" \/>\n<meta property=\"og:url\" content=\"https:\/\/espaciosyambientes.com\/es_es\/producto\/aerocool-si5200-3-fans-rgb-500w-vx\/\" \/>\n<meta property=\"og:site_name\" content=\"PC MASTERS BOGOTA\" \/>\n<meta property=\"article:modified_time\" content=\"2021-10-26T19:17:51+00:00\" \/>\n<meta property=\"og:image\" content=\"https:\/\/espaciosyambientes.com\/wp-content\/uploads\/2021\/08\/D_NQ_NP_868116-MCO43470575613_092020-O.webp\" \/>\n\t<meta property=\"og:image:width\" content=\"471\" \/>\n\t<meta property=\"og:image:height\" content=\"500\" \/>\n\t<meta property=\"og:image:type\" content=\"image\/webp\" \/>\n<meta name=\"twitter:card\" content=\"summary_large_image\" \/>\n<meta name=\"twitter:label1\" content=\"Tiempo de lectura\" \/>\n\t<meta name=\"twitter:data1\" content=\"1 minuto\" \/>\n<script type=\"application\/ld+json\" class=\"yoast-schema-graph\">{\"@context\":\"https:\\\/\\\/schema.org\",\"@graph\":[{\"@type\":\"WebPage\",\"@id\":\"https:\\\/\\\/espaciosyambientes.com\\\/producto\\\/aerocool-si5200-3-fans-rgb-500w-vx\\\/\",\"url\":\"https:\\\/\\\/espaciosyambientes.com\\\/producto\\\/aerocool-si5200-3-fans-rgb-500w-vx\\\/\",\"name\":\"AEROCOOL SI5200 +3 FANS RGB+ 500W VX+ - PC MASTERS BOGOTA\",\"isPartOf\":{\"@id\":\"https:\\\/\\\/espaciosyambientes.com\\\/es_es\\\/#website\"},\"primaryImageOfPage\":{\"@id\":\"https:\\\/\\\/espaciosyambientes.com\\\/producto\\\/aerocool-si5200-3-fans-rgb-500w-vx\\\/#primaryimage\"},\"image\":{\"@id\":\"https:\\\/\\\/espaciosyambientes.com\\\/producto\\\/aerocool-si5200-3-fans-rgb-500w-vx\\\/#primaryimage\"},\"thumbnailUrl\":\"https:\\\/\\\/espaciosyambientes.com\\\/wp-content\\\/uploads\\\/2021\\\/08\\\/D_NQ_NP_868116-MCO43470575613_092020-O.webp\",\"datePublished\":\"2021-08-10T00:23:34+00:00\",\"dateModified\":\"2021-10-26T19:17:51+00:00\",\"breadcrumb\":{\"@id\":\"https:\\\/\\\/espaciosyambientes.com\\\/producto\\\/aerocool-si5200-3-fans-rgb-500w-vx\\\/#breadcrumb\"},\"inLanguage\":\"es\",\"potentialAction\":[{\"@type\":\"ReadAction\",\"target\":[\"https:\\\/\\\/espaciosyambientes.com\\\/producto\\\/aerocool-si5200-3-fans-rgb-500w-vx\\\/\"]}]},{\"@type\":\"ImageObject\",\"inLanguage\":\"es\",\"@id\":\"https:\\\/\\\/espaciosyambientes.com\\\/producto\\\/aerocool-si5200-3-fans-rgb-500w-vx\\\/#primaryimage\",\"url\":\"https:\\\/\\\/espaciosyambientes.com\\\/wp-content\\\/uploads\\\/2021\\\/08\\\/D_NQ_NP_868116-MCO43470575613_092020-O.webp\",\"contentUrl\":\"https:\\\/\\\/espaciosyambientes.com\\\/wp-content\\\/uploads\\\/2021\\\/08\\\/D_NQ_NP_868116-MCO43470575613_092020-O.webp\",\"width\":471,\"height\":500},{\"@type\":\"BreadcrumbList\",\"@id\":\"https:\\\/\\\/espaciosyambientes.com\\\/producto\\\/aerocool-si5200-3-fans-rgb-500w-vx\\\/#breadcrumb\",\"itemListElement\":[{\"@type\":\"ListItem\",\"position\":1,\"name\":\"Home\",\"item\":\"https:\\\/\\\/espaciosyambientes.com\\\/\"},{\"@type\":\"ListItem\",\"position\":2,\"name\":\"Tienda\",\"item\":\"https:\\\/\\\/espaciosyambientes.com\\\/tienda\\\/\"},{\"@type\":\"ListItem\",\"position\":3,\"name\":\"AEROCOOL SI5200 +3 FANS RGB+ 500W VX+\"}]},{\"@type\":\"WebSite\",\"@id\":\"https:\\\/\\\/espaciosyambientes.com\\\/es_es\\\/#website\",\"url\":\"https:\\\/\\\/espaciosyambientes.com\\\/es_es\\\/\",\"name\":\"PC MASTERS BOGOTA\",\"description\":\"\",\"potentialAction\":[{\"@type\":\"SearchAction\",\"target\":{\"@type\":\"EntryPoint\",\"urlTemplate\":\"https:\\\/\\\/espaciosyambientes.com\\\/es_es\\\/?s={search_term_string}\"},\"query-input\":{\"@type\":\"PropertyValueSpecification\",\"valueRequired\":true,\"valueName\":\"search_term_string\"}}],\"inLanguage\":\"es\"}]}<\/script>\n<!-- \/ Yoast SEO plugin. -->","yoast_head_json":{"title":"AEROCOOL SI5200 +3 FANS RGB+ 500W VX+ - PC MASTERS BOGOTA","robots":{"index":"index","follow":"follow","max-snippet":"max-snippet:-1","max-image-preview":"max-image-preview:large","max-video-preview":"max-video-preview:-1"},"canonical":"https:\/\/espaciosyambientes.com\/es_es\/producto\/aerocool-si5200-3-fans-rgb-500w-vx\/","og_locale":"es_ES","og_type":"article","og_title":"AEROCOOL SI5200 +3 FANS RGB+ 500W VX+ - PC MASTERS BOGOTA","og_description":"La SI5200RGB te ofrece un panel frontal con 3 ventiladores RGB de 12cm con hasta 14 efectos de iluminaci\u00f3n a trav\u00e9s de su bot\u00f3n de control LED, garantizando una refrigeraci\u00f3n \u00f3ptima en todo momento.","og_url":"https:\/\/espaciosyambientes.com\/es_es\/producto\/aerocool-si5200-3-fans-rgb-500w-vx\/","og_site_name":"PC MASTERS BOGOTA","article_modified_time":"2021-10-26T19:17:51+00:00","og_image":[{"width":471,"height":500,"url":"https:\/\/espaciosyambientes.com\/wp-content\/uploads\/2021\/08\/D_NQ_NP_868116-MCO43470575613_092020-O.webp","type":"image\/webp"}],"twitter_card":"summary_large_image","twitter_misc":{"Tiempo de lectura":"1 minuto"},"schema":{"@context":"https:\/\/schema.org","@graph":[{"@type":"WebPage","@id":"https:\/\/espaciosyambientes.com\/producto\/aerocool-si5200-3-fans-rgb-500w-vx\/","url":"https:\/\/espaciosyambientes.com\/producto\/aerocool-si5200-3-fans-rgb-500w-vx\/","name":"AEROCOOL SI5200 +3 FANS RGB+ 500W VX+ - PC MASTERS BOGOTA","isPartOf":{"@id":"https:\/\/espaciosyambientes.com\/es_es\/#website"},"primaryImageOfPage":{"@id":"https:\/\/espaciosyambientes.com\/producto\/aerocool-si5200-3-fans-rgb-500w-vx\/#primaryimage"},"image":{"@id":"https:\/\/espaciosyambientes.com\/producto\/aerocool-si5200-3-fans-rgb-500w-vx\/#primaryimage"},"thumbnailUrl":"https:\/\/espaciosyambientes.com\/wp-content\/uploads\/2021\/08\/D_NQ_NP_868116-MCO43470575613_092020-O.webp","datePublished":"2021-08-10T00:23:34+00:00","dateModified":"2021-10-26T19:17:51+00:00","breadcrumb":{"@id":"https:\/\/espaciosyambientes.com\/producto\/aerocool-si5200-3-fans-rgb-500w-vx\/#breadcrumb"},"inLanguage":"es","potentialAction":[{"@type":"ReadAction","target":["https:\/\/espaciosyambientes.com\/producto\/aerocool-si5200-3-fans-rgb-500w-vx\/"]}]},{"@type":"ImageObject","inLanguage":"es","@id":"https:\/\/espaciosyambientes.com\/producto\/aerocool-si5200-3-fans-rgb-500w-vx\/#primaryimage","url":"https:\/\/espaciosyambientes.com\/wp-content\/uploads\/2021\/08\/D_NQ_NP_868116-MCO43470575613_092020-O.webp","contentUrl":"https:\/\/espaciosyambientes.com\/wp-content\/uploads\/2021\/08\/D_NQ_NP_868116-MCO43470575613_092020-O.webp","width":471,"height":500},{"@type":"BreadcrumbList","@id":"https:\/\/espaciosyambientes.com\/producto\/aerocool-si5200-3-fans-rgb-500w-vx\/#breadcrumb","itemListElement":[{"@type":"ListItem","position":1,"name":"Home","item":"https:\/\/espaciosyambientes.com\/"},{"@type":"ListItem","position":2,"name":"Tienda","item":"https:\/\/espaciosyambientes.com\/tienda\/"},{"@type":"ListItem","position":3,"name":"AEROCOOL SI5200 +3 FANS RGB+ 500W VX+"}]},{"@type":"WebSite","@id":"https:\/\/espaciosyambientes.com\/es_es\/#website","url":"https:\/\/espaciosyambientes.com\/es_es\/","name":"PC MASTERS BOGOTA","description":"","potentialAction":[{"@type":"SearchAction","target":{"@type":"EntryPoint","urlTemplate":"https:\/\/espaciosyambientes.com\/es_es\/?s={search_term_string}"},"query-input":{"@type":"PropertyValueSpecification","valueRequired":true,"valueName":"search_term_string"}}],"inLanguage":"es"}]}},"_links":{"self":[{"href":"http:\/\/espaciosyambientes.com\/es_es\/wp-json\/wp\/v2\/product\/14355","targetHints":{"allow":["GET"]}}],"collection":[{"href":"http:\/\/espaciosyambientes.com\/es_es\/wp-json\/wp\/v2\/product"}],"about":[{"href":"http:\/\/espaciosyambientes.com\/es_es\/wp-json\/wp\/v2\/types\/product"}],"replies":[{"embeddable":true,"href":"http:\/\/espaciosyambientes.com\/es_es\/wp-json\/wp\/v2\/comments?post=14355"}],"version-history":[{"count":3,"href":"http:\/\/espaciosyambientes.com\/es_es\/wp-json\/wp\/v2\/product\/14355\/revisions"}],"predecessor-version":[{"id":17824,"href":"http:\/\/espaciosyambientes.com\/es_es\/wp-json\/wp\/v2\/product\/14355\/revisions\/17824"}],"wp:featuredmedia":[{"embeddable":true,"href":"http:\/\/espaciosyambientes.com\/es_es\/wp-json\/wp\/v2\/media\/15715"}],"wp:attachment":[{"href":"http:\/\/espaciosyambientes.com\/es_es\/wp-json\/wp\/v2\/media?parent=14355"}],"wp:term":[{"taxonomy":"product_brand","embeddable":true,"href":"http:\/\/espaciosyambientes.com\/es_es\/wp-json\/wp\/v2\/product_brand?post=14355"},{"taxonomy":"product_cat","embeddable":true,"href":"http:\/\/espaciosyambientes.com\/es_es\/wp-json\/wp\/v2\/product_cat?post=14355"},{"taxonomy":"product_tag","embeddable":true,"href":"http:\/\/espaciosyambientes.com\/es_es\/wp-json\/wp\/v2\/product_tag?post=14355"}],"curies":[{"name":"wp","href":"https:\/\/api.w.org\/{rel}","templated":true}]}}