{"id":14202,"date":"2021-08-09T16:58:31","date_gmt":"2021-08-09T21:58:31","guid":{"rendered":"https:\/\/espaciosyambientes.com\/?post_type=product&#038;p=14202"},"modified":"2021-10-26T14:17:52","modified_gmt":"2021-10-26T19:17:52","slug":"gamemax-fortress3-fans-sencillos","status":"publish","type":"product","link":"http:\/\/espaciosyambientes.com\/es_es\/producto\/gamemax-fortress3-fans-sencillos\/","title":{"rendered":"GAMEMAX FORTRESS+3 FANS SENCILLOS"},"content":{"rendered":"<p>https:\/\/gamemaxpc.com\/productkkk\/924-en.html<\/p>\n<p>Descripci\u00f3n<br \/>\nBajo varias cargas del sistema, el concentrador PWM controla todos los ventiladores con un nivel m\u00ednimo de ruido. USB3.1 GEN1 (USB3.0) en parte superior del panel. 1xPWM HUB Control m\u00e1ximo 8x ventiladores para disfrutar de la velocidad autom\u00e1tica PWM<br \/>\nVidrio lateral templado incluido el \u00faltimo dise\u00f1o de chasis, ancho suficiente para una f\u00e1cil administraci\u00f3n del cableado.<\/p>\n<p>Factor de forma (Midi, Micro, Mini ITX, completo): Torre Midi ATX.Chasis SPCC: 0,5 mm.Factor de forma de la fuente de alimentaci\u00f3n: Abajo \/ ATX.Factor de forma M \/ B: ATX M-ATX E-ATX (sin ventilador en el frente).Panel frontal: Abdominales.Panel superior: Cubierta met\u00e1lica.Bah\u00eda (s) de unidad interna: 3,5 \u00ab(disco duro) x 2. 2,5 \u00ab(SSD) x 2.Configuraci\u00f3n de e \/ s:<br \/>\nBotones: 2<br \/>\nPuerto (s) USB2.0: 2<br \/>\nPuerto (s) USB3.0 USB3.1 GEN1 : 1<br \/>\nSoporte de audio HD: 1<br \/>\nControlador PWM: 1 (V1.4)<br \/>\nControlador m\u00e1x. aficionados: 8<br \/>\nSoporte de ventilador de enfriamiento:<br \/>\nFrente: Ventilador negro de 2\u00d7120 mm (incluido)<br \/>\nParte superior: 2x120mm, 2x140mm (ventilador opcional)<br \/>\nPosterior: Ventilador negro de 1\u00d7120 mm (incluido)<br \/>\nCubierta de PSU: 2\u00d7120 mm (ventilador opcional)<br \/>\nSoporte de refrigeraci\u00f3n por agua (tama\u00f1o del radiador):<br \/>\nFrente: 120 mm, 140 mm, 240 mm, 280 mm<br \/>\nParte superior: 120 mm, 240 mm<br \/>\nPosterior: 120 mm * 1<br \/>\nGuardapolvo: Cubierta inferior y superior con filtro de polvo.Ranuras: 7.Dimensiones chasis: (Largo) 360 * (ancho) 210 * (alto) 440 mm.Longitud de la tarjeta VGA: hasta 330 mm.Altura del enfriador de la CPU: 170 mm.Profundidad de gesti\u00f3n de cables: 22 mm.<\/p>\n","protected":false},"excerpt":{"rendered":"<p>El Fortress TG tiene una cubierta de PSU de longitud completa, bah\u00edas de HDD separadas y muchos orificios recortados para la administraci\u00f3n de cables, lo que significa que la carcasa ofrece estilo, rendimiento y la mejor experiencia.<\/p>\n","protected":false},"featured_media":15838,"comment_status":"open","ping_status":"closed","template":"","meta":[],"product_brand":[154],"product_cat":[76],"product_tag":[288],"class_list":{"0":"post-14202","1":"product","2":"type-product","3":"status-publish","4":"has-post-thumbnail","6":"product_brand-gamemax","7":"product_cat-chasis","8":"product_tag-case","10":"first","11":"instock","12":"taxable","13":"shipping-taxable","14":"purchasable","15":"product-type-simple"},"yoast_head":"<!-- This site is optimized with the Yoast SEO plugin v27.3 - https:\/\/yoast.com\/product\/yoast-seo-wordpress\/ -->\n<title>GAMEMAX FORTRESS+3 FANS SENCILLOS - PC MASTERS BOGOTA<\/title>\n<meta name=\"robots\" content=\"index, follow, max-snippet:-1, max-image-preview:large, max-video-preview:-1\" \/>\n<link rel=\"canonical\" href=\"https:\/\/espaciosyambientes.com\/es_es\/producto\/gamemax-fortress3-fans-sencillos\/\" \/>\n<meta property=\"og:locale\" content=\"es_ES\" \/>\n<meta property=\"og:type\" content=\"article\" \/>\n<meta property=\"og:title\" content=\"GAMEMAX FORTRESS+3 FANS SENCILLOS - PC MASTERS BOGOTA\" \/>\n<meta property=\"og:description\" content=\"El Fortress TG tiene una cubierta de PSU de longitud completa, bah\u00edas de HDD separadas y muchos orificios recortados para la administraci\u00f3n de cables, lo que significa que la carcasa ofrece estilo, rendimiento y la mejor experiencia.\" \/>\n<meta property=\"og:url\" content=\"https:\/\/espaciosyambientes.com\/es_es\/producto\/gamemax-fortress3-fans-sencillos\/\" \/>\n<meta property=\"og:site_name\" content=\"PC MASTERS BOGOTA\" \/>\n<meta property=\"article:modified_time\" content=\"2021-10-26T19:17:52+00:00\" \/>\n<meta property=\"og:image\" content=\"https:\/\/espaciosyambientes.com\/wp-content\/uploads\/2021\/08\/16230.png\" \/>\n\t<meta property=\"og:image:width\" content=\"1000\" \/>\n\t<meta property=\"og:image:height\" content=\"1000\" \/>\n\t<meta property=\"og:image:type\" content=\"image\/png\" \/>\n<meta name=\"twitter:card\" content=\"summary_large_image\" \/>\n<meta name=\"twitter:label1\" content=\"Tiempo de lectura\" \/>\n\t<meta name=\"twitter:data1\" content=\"2 minutos\" \/>\n<script type=\"application\/ld+json\" class=\"yoast-schema-graph\">{\"@context\":\"https:\\\/\\\/schema.org\",\"@graph\":[{\"@type\":\"WebPage\",\"@id\":\"https:\\\/\\\/espaciosyambientes.com\\\/producto\\\/gamemax-fortress3-fans-sencillos\\\/\",\"url\":\"https:\\\/\\\/espaciosyambientes.com\\\/producto\\\/gamemax-fortress3-fans-sencillos\\\/\",\"name\":\"GAMEMAX FORTRESS+3 FANS SENCILLOS - PC MASTERS BOGOTA\",\"isPartOf\":{\"@id\":\"https:\\\/\\\/espaciosyambientes.com\\\/es_es\\\/#website\"},\"primaryImageOfPage\":{\"@id\":\"https:\\\/\\\/espaciosyambientes.com\\\/producto\\\/gamemax-fortress3-fans-sencillos\\\/#primaryimage\"},\"image\":{\"@id\":\"https:\\\/\\\/espaciosyambientes.com\\\/producto\\\/gamemax-fortress3-fans-sencillos\\\/#primaryimage\"},\"thumbnailUrl\":\"https:\\\/\\\/espaciosyambientes.com\\\/wp-content\\\/uploads\\\/2021\\\/08\\\/16230.png\",\"datePublished\":\"2021-08-09T21:58:31+00:00\",\"dateModified\":\"2021-10-26T19:17:52+00:00\",\"breadcrumb\":{\"@id\":\"https:\\\/\\\/espaciosyambientes.com\\\/producto\\\/gamemax-fortress3-fans-sencillos\\\/#breadcrumb\"},\"inLanguage\":\"es\",\"potentialAction\":[{\"@type\":\"ReadAction\",\"target\":[\"https:\\\/\\\/espaciosyambientes.com\\\/producto\\\/gamemax-fortress3-fans-sencillos\\\/\"]}]},{\"@type\":\"ImageObject\",\"inLanguage\":\"es\",\"@id\":\"https:\\\/\\\/espaciosyambientes.com\\\/producto\\\/gamemax-fortress3-fans-sencillos\\\/#primaryimage\",\"url\":\"https:\\\/\\\/espaciosyambientes.com\\\/wp-content\\\/uploads\\\/2021\\\/08\\\/16230.png\",\"contentUrl\":\"https:\\\/\\\/espaciosyambientes.com\\\/wp-content\\\/uploads\\\/2021\\\/08\\\/16230.png\",\"width\":1000,\"height\":1000},{\"@type\":\"BreadcrumbList\",\"@id\":\"https:\\\/\\\/espaciosyambientes.com\\\/producto\\\/gamemax-fortress3-fans-sencillos\\\/#breadcrumb\",\"itemListElement\":[{\"@type\":\"ListItem\",\"position\":1,\"name\":\"Home\",\"item\":\"https:\\\/\\\/espaciosyambientes.com\\\/\"},{\"@type\":\"ListItem\",\"position\":2,\"name\":\"Tienda\",\"item\":\"https:\\\/\\\/espaciosyambientes.com\\\/tienda\\\/\"},{\"@type\":\"ListItem\",\"position\":3,\"name\":\"GAMEMAX FORTRESS+3 FANS SENCILLOS\"}]},{\"@type\":\"WebSite\",\"@id\":\"https:\\\/\\\/espaciosyambientes.com\\\/es_es\\\/#website\",\"url\":\"https:\\\/\\\/espaciosyambientes.com\\\/es_es\\\/\",\"name\":\"PC MASTERS BOGOTA\",\"description\":\"\",\"potentialAction\":[{\"@type\":\"SearchAction\",\"target\":{\"@type\":\"EntryPoint\",\"urlTemplate\":\"https:\\\/\\\/espaciosyambientes.com\\\/es_es\\\/?s={search_term_string}\"},\"query-input\":{\"@type\":\"PropertyValueSpecification\",\"valueRequired\":true,\"valueName\":\"search_term_string\"}}],\"inLanguage\":\"es\"}]}<\/script>\n<!-- \/ Yoast SEO plugin. -->","yoast_head_json":{"title":"GAMEMAX FORTRESS+3 FANS SENCILLOS - PC MASTERS BOGOTA","robots":{"index":"index","follow":"follow","max-snippet":"max-snippet:-1","max-image-preview":"max-image-preview:large","max-video-preview":"max-video-preview:-1"},"canonical":"https:\/\/espaciosyambientes.com\/es_es\/producto\/gamemax-fortress3-fans-sencillos\/","og_locale":"es_ES","og_type":"article","og_title":"GAMEMAX FORTRESS+3 FANS SENCILLOS - PC MASTERS BOGOTA","og_description":"El Fortress TG tiene una cubierta de PSU de longitud completa, bah\u00edas de HDD separadas y muchos orificios recortados para la administraci\u00f3n de cables, lo que significa que la carcasa ofrece estilo, rendimiento y la mejor experiencia.","og_url":"https:\/\/espaciosyambientes.com\/es_es\/producto\/gamemax-fortress3-fans-sencillos\/","og_site_name":"PC MASTERS BOGOTA","article_modified_time":"2021-10-26T19:17:52+00:00","og_image":[{"width":1000,"height":1000,"url":"https:\/\/espaciosyambientes.com\/wp-content\/uploads\/2021\/08\/16230.png","type":"image\/png"}],"twitter_card":"summary_large_image","twitter_misc":{"Tiempo de lectura":"2 minutos"},"schema":{"@context":"https:\/\/schema.org","@graph":[{"@type":"WebPage","@id":"https:\/\/espaciosyambientes.com\/producto\/gamemax-fortress3-fans-sencillos\/","url":"https:\/\/espaciosyambientes.com\/producto\/gamemax-fortress3-fans-sencillos\/","name":"GAMEMAX FORTRESS+3 FANS SENCILLOS - PC MASTERS BOGOTA","isPartOf":{"@id":"https:\/\/espaciosyambientes.com\/es_es\/#website"},"primaryImageOfPage":{"@id":"https:\/\/espaciosyambientes.com\/producto\/gamemax-fortress3-fans-sencillos\/#primaryimage"},"image":{"@id":"https:\/\/espaciosyambientes.com\/producto\/gamemax-fortress3-fans-sencillos\/#primaryimage"},"thumbnailUrl":"https:\/\/espaciosyambientes.com\/wp-content\/uploads\/2021\/08\/16230.png","datePublished":"2021-08-09T21:58:31+00:00","dateModified":"2021-10-26T19:17:52+00:00","breadcrumb":{"@id":"https:\/\/espaciosyambientes.com\/producto\/gamemax-fortress3-fans-sencillos\/#breadcrumb"},"inLanguage":"es","potentialAction":[{"@type":"ReadAction","target":["https:\/\/espaciosyambientes.com\/producto\/gamemax-fortress3-fans-sencillos\/"]}]},{"@type":"ImageObject","inLanguage":"es","@id":"https:\/\/espaciosyambientes.com\/producto\/gamemax-fortress3-fans-sencillos\/#primaryimage","url":"https:\/\/espaciosyambientes.com\/wp-content\/uploads\/2021\/08\/16230.png","contentUrl":"https:\/\/espaciosyambientes.com\/wp-content\/uploads\/2021\/08\/16230.png","width":1000,"height":1000},{"@type":"BreadcrumbList","@id":"https:\/\/espaciosyambientes.com\/producto\/gamemax-fortress3-fans-sencillos\/#breadcrumb","itemListElement":[{"@type":"ListItem","position":1,"name":"Home","item":"https:\/\/espaciosyambientes.com\/"},{"@type":"ListItem","position":2,"name":"Tienda","item":"https:\/\/espaciosyambientes.com\/tienda\/"},{"@type":"ListItem","position":3,"name":"GAMEMAX FORTRESS+3 FANS SENCILLOS"}]},{"@type":"WebSite","@id":"https:\/\/espaciosyambientes.com\/es_es\/#website","url":"https:\/\/espaciosyambientes.com\/es_es\/","name":"PC MASTERS BOGOTA","description":"","potentialAction":[{"@type":"SearchAction","target":{"@type":"EntryPoint","urlTemplate":"https:\/\/espaciosyambientes.com\/es_es\/?s={search_term_string}"},"query-input":{"@type":"PropertyValueSpecification","valueRequired":true,"valueName":"search_term_string"}}],"inLanguage":"es"}]}},"_links":{"self":[{"href":"http:\/\/espaciosyambientes.com\/es_es\/wp-json\/wp\/v2\/product\/14202","targetHints":{"allow":["GET"]}}],"collection":[{"href":"http:\/\/espaciosyambientes.com\/es_es\/wp-json\/wp\/v2\/product"}],"about":[{"href":"http:\/\/espaciosyambientes.com\/es_es\/wp-json\/wp\/v2\/types\/product"}],"replies":[{"embeddable":true,"href":"http:\/\/espaciosyambientes.com\/es_es\/wp-json\/wp\/v2\/comments?post=14202"}],"version-history":[{"count":3,"href":"http:\/\/espaciosyambientes.com\/es_es\/wp-json\/wp\/v2\/product\/14202\/revisions"}],"predecessor-version":[{"id":17845,"href":"http:\/\/espaciosyambientes.com\/es_es\/wp-json\/wp\/v2\/product\/14202\/revisions\/17845"}],"wp:featuredmedia":[{"embeddable":true,"href":"http:\/\/espaciosyambientes.com\/es_es\/wp-json\/wp\/v2\/media\/15838"}],"wp:attachment":[{"href":"http:\/\/espaciosyambientes.com\/es_es\/wp-json\/wp\/v2\/media?parent=14202"}],"wp:term":[{"taxonomy":"product_brand","embeddable":true,"href":"http:\/\/espaciosyambientes.com\/es_es\/wp-json\/wp\/v2\/product_brand?post=14202"},{"taxonomy":"product_cat","embeddable":true,"href":"http:\/\/espaciosyambientes.com\/es_es\/wp-json\/wp\/v2\/product_cat?post=14202"},{"taxonomy":"product_tag","embeddable":true,"href":"http:\/\/espaciosyambientes.com\/es_es\/wp-json\/wp\/v2\/product_tag?post=14202"}],"curies":[{"name":"wp","href":"https:\/\/api.w.org\/{rel}","templated":true}]}}