{"id":14194,"date":"2021-08-09T16:58:30","date_gmt":"2021-08-09T21:58:30","guid":{"rendered":"https:\/\/espaciosyambientes.com\/?post_type=product&#038;p=14194"},"modified":"2023-01-16T11:00:20","modified_gmt":"2023-01-16T16:00:20","slug":"corsair-icue-4000x-negra-3-fans-rgb","status":"publish","type":"product","link":"http:\/\/espaciosyambientes.com\/es_es\/producto\/corsair-icue-4000x-negra-3-fans-rgb\/","title":{"rendered":"CORSAIR ICUE 4000X NEGRA + 3 FANS RGB"},"content":{"rendered":"<p>https:\/\/www.corsair.com\/lm\/es\/Categor%C3%ADas\/Productos\/Chasis\/Chasis-de-semitorre-ATX\/iCUE-4000X-RGB-Tempered-Glass-Mid-Tower-ATX-Case\/p\/CC-9011204-WW<\/p>\n<p>Descripci\u00f3n<br \/>\nEl cristal templado del 4000X RGB, con un aspecto precioso y una instalaci\u00f3n sencilla, combina elegancia e innovaci\u00f3n, el punto de partida perfecto para un dise\u00f1o de primera clase.<\/p>\n<p>Muestre sus componentes y la iluminaci\u00f3n RGB, con canales de ventilaci\u00f3n frontal espec\u00edficos para lograr un amplio flujo de aire.<\/p>\n<p>Controle y sincronice la iluminaci\u00f3n RGB de hasta seis ventiladores por completo con el iCUE Lighting Node CORE incluido y el software CORSAIR iCUE.<\/p>\n<p>Equipado con tres ventiladores CORSAIR de 120 mm con tecnolog\u00eda AirGuide, con aspas antirremolinos que concentran el flujo de aire y mejoran la refrigeraci\u00f3n.<\/p>\n<p>El espacioso interior puede alojar un m\u00e1ximo de 6 ventiladores de 120 mm o 4 de 140 mm, as\u00ed como varios radiadores, como uno de 360 mm en la parte frontal y uno de 280 mm en la parte superior.<\/p>\n<p>El moderno panel frontal de E\/S incluye un puerto USB 3.1 tipo C, un puerto USB 3.0 y un conector de micr\u00f3fono y audio.<\/p>\n<p>Dimensiones de la caja: 453 mm x 230 mm x 466 mm.Longitud m\u00e1xima de la GPU: 360 mm.Longitud m\u00e1xima de la fuente de alimentaci\u00f3n: 180 mm (220 mm si se quita la caja de la unidad de disco duro).Altura m\u00e1xima del enfriador de la CPU: 170 mm.Ranuras de expansi\u00f3n de caja: 7 + 2 verticales.Compartimentos de unidad de caja\u201d: (x2) 3,5 pulgadas (x2) 2,5 pulgadas\u00bb.Factor de forma de caja: Mid-Tower.Vidrio templado.iCUE habilitado: S\u00ed.Color: Negro.Material de la caja: acero, vidrio templado, pl\u00e1stico.Compatibilidad del radiador: 120 mm, 140 mm, 240 mm, 280 mm, 360 mm.Refrigeradores l\u00edquidos Corsair compatibles: H55, H60, H75, H80i, H90, H100i, H105, H110i, H115i, H150i.Caja de alimentaci\u00f3n: ATX (no incluida).Peso: 7.8kg \/ 17.20lbs.Iluminaci\u00f3n: RGB.Compartimentos para unidades de caja 3,5\u2033: 2.Compartimentos para unidades de caja de 2,5\u2033: 2.<\/p>\n","protected":false},"excerpt":{"rendered":"<p>Chasis ATX semitorre distintivo, con cristal templado personalizable, con una sencilla gesti\u00f3n del cableado y una refrigeraci\u00f3n excepcional gracias a los tres ventiladores CORSAIR AirGuide RGB incluidos.<\/p>\n","protected":false},"featured_media":15867,"comment_status":"open","ping_status":"closed","template":"","meta":[],"product_brand":[100],"product_cat":[76],"product_tag":[288],"class_list":{"0":"post-14194","1":"product","2":"type-product","3":"status-publish","4":"has-post-thumbnail","6":"product_brand-corsair","7":"product_cat-chasis","8":"product_tag-case","10":"first","11":"instock","12":"taxable","13":"shipping-taxable","14":"purchasable","15":"product-type-simple"},"yoast_head":"<!-- This site is optimized with the Yoast SEO plugin v27.3 - https:\/\/yoast.com\/product\/yoast-seo-wordpress\/ -->\n<title>CORSAIR ICUE 4000X NEGRA + 3 FANS RGB - PC MASTERS BOGOTA<\/title>\n<meta name=\"robots\" content=\"index, follow, max-snippet:-1, max-image-preview:large, max-video-preview:-1\" \/>\n<link rel=\"canonical\" href=\"https:\/\/espaciosyambientes.com\/es_es\/producto\/corsair-icue-4000x-negra-3-fans-rgb\/\" \/>\n<meta property=\"og:locale\" content=\"es_ES\" \/>\n<meta property=\"og:type\" content=\"article\" \/>\n<meta property=\"og:title\" content=\"CORSAIR ICUE 4000X NEGRA + 3 FANS RGB - PC MASTERS BOGOTA\" \/>\n<meta property=\"og:description\" content=\"Chasis ATX semitorre distintivo, con cristal templado personalizable, con una sencilla gesti\u00f3n del cableado y una refrigeraci\u00f3n excepcional gracias a los tres ventiladores CORSAIR AirGuide RGB incluidos.\" \/>\n<meta property=\"og:url\" content=\"https:\/\/espaciosyambientes.com\/es_es\/producto\/corsair-icue-4000x-negra-3-fans-rgb\/\" \/>\n<meta property=\"og:site_name\" content=\"PC MASTERS BOGOTA\" \/>\n<meta property=\"article:modified_time\" content=\"2023-01-16T16:00:20+00:00\" \/>\n<meta property=\"og:image\" content=\"https:\/\/espaciosyambientes.com\/wp-content\/uploads\/2021\/08\/16258.png\" \/>\n\t<meta property=\"og:image:width\" content=\"1000\" \/>\n\t<meta property=\"og:image:height\" content=\"1000\" \/>\n\t<meta property=\"og:image:type\" content=\"image\/png\" \/>\n<meta name=\"twitter:card\" content=\"summary_large_image\" \/>\n<meta name=\"twitter:label1\" content=\"Tiempo de lectura\" \/>\n\t<meta name=\"twitter:data1\" content=\"2 minutos\" \/>\n<script type=\"application\/ld+json\" class=\"yoast-schema-graph\">{\"@context\":\"https:\\\/\\\/schema.org\",\"@graph\":[{\"@type\":\"WebPage\",\"@id\":\"https:\\\/\\\/espaciosyambientes.com\\\/producto\\\/corsair-icue-4000x-negra-3-fans-rgb\\\/\",\"url\":\"https:\\\/\\\/espaciosyambientes.com\\\/producto\\\/corsair-icue-4000x-negra-3-fans-rgb\\\/\",\"name\":\"CORSAIR ICUE 4000X NEGRA + 3 FANS RGB - PC MASTERS BOGOTA\",\"isPartOf\":{\"@id\":\"https:\\\/\\\/espaciosyambientes.com\\\/es_es\\\/#website\"},\"primaryImageOfPage\":{\"@id\":\"https:\\\/\\\/espaciosyambientes.com\\\/producto\\\/corsair-icue-4000x-negra-3-fans-rgb\\\/#primaryimage\"},\"image\":{\"@id\":\"https:\\\/\\\/espaciosyambientes.com\\\/producto\\\/corsair-icue-4000x-negra-3-fans-rgb\\\/#primaryimage\"},\"thumbnailUrl\":\"https:\\\/\\\/espaciosyambientes.com\\\/wp-content\\\/uploads\\\/2021\\\/08\\\/16258.png\",\"datePublished\":\"2021-08-09T21:58:30+00:00\",\"dateModified\":\"2023-01-16T16:00:20+00:00\",\"breadcrumb\":{\"@id\":\"https:\\\/\\\/espaciosyambientes.com\\\/producto\\\/corsair-icue-4000x-negra-3-fans-rgb\\\/#breadcrumb\"},\"inLanguage\":\"es\",\"potentialAction\":[{\"@type\":\"ReadAction\",\"target\":[\"https:\\\/\\\/espaciosyambientes.com\\\/producto\\\/corsair-icue-4000x-negra-3-fans-rgb\\\/\"]}]},{\"@type\":\"ImageObject\",\"inLanguage\":\"es\",\"@id\":\"https:\\\/\\\/espaciosyambientes.com\\\/producto\\\/corsair-icue-4000x-negra-3-fans-rgb\\\/#primaryimage\",\"url\":\"https:\\\/\\\/espaciosyambientes.com\\\/wp-content\\\/uploads\\\/2021\\\/08\\\/16258.png\",\"contentUrl\":\"https:\\\/\\\/espaciosyambientes.com\\\/wp-content\\\/uploads\\\/2021\\\/08\\\/16258.png\",\"width\":1000,\"height\":1000},{\"@type\":\"BreadcrumbList\",\"@id\":\"https:\\\/\\\/espaciosyambientes.com\\\/producto\\\/corsair-icue-4000x-negra-3-fans-rgb\\\/#breadcrumb\",\"itemListElement\":[{\"@type\":\"ListItem\",\"position\":1,\"name\":\"Home\",\"item\":\"https:\\\/\\\/espaciosyambientes.com\\\/\"},{\"@type\":\"ListItem\",\"position\":2,\"name\":\"Tienda\",\"item\":\"https:\\\/\\\/espaciosyambientes.com\\\/tienda\\\/\"},{\"@type\":\"ListItem\",\"position\":3,\"name\":\"CORSAIR ICUE 4000X NEGRA + 3 FANS RGB\"}]},{\"@type\":\"WebSite\",\"@id\":\"https:\\\/\\\/espaciosyambientes.com\\\/es_es\\\/#website\",\"url\":\"https:\\\/\\\/espaciosyambientes.com\\\/es_es\\\/\",\"name\":\"PC MASTERS BOGOTA\",\"description\":\"\",\"potentialAction\":[{\"@type\":\"SearchAction\",\"target\":{\"@type\":\"EntryPoint\",\"urlTemplate\":\"https:\\\/\\\/espaciosyambientes.com\\\/es_es\\\/?s={search_term_string}\"},\"query-input\":{\"@type\":\"PropertyValueSpecification\",\"valueRequired\":true,\"valueName\":\"search_term_string\"}}],\"inLanguage\":\"es\"}]}<\/script>\n<!-- \/ Yoast SEO plugin. -->","yoast_head_json":{"title":"CORSAIR ICUE 4000X NEGRA + 3 FANS RGB - PC MASTERS BOGOTA","robots":{"index":"index","follow":"follow","max-snippet":"max-snippet:-1","max-image-preview":"max-image-preview:large","max-video-preview":"max-video-preview:-1"},"canonical":"https:\/\/espaciosyambientes.com\/es_es\/producto\/corsair-icue-4000x-negra-3-fans-rgb\/","og_locale":"es_ES","og_type":"article","og_title":"CORSAIR ICUE 4000X NEGRA + 3 FANS RGB - PC MASTERS BOGOTA","og_description":"Chasis ATX semitorre distintivo, con cristal templado personalizable, con una sencilla gesti\u00f3n del cableado y una refrigeraci\u00f3n excepcional gracias a los tres ventiladores CORSAIR AirGuide RGB incluidos.","og_url":"https:\/\/espaciosyambientes.com\/es_es\/producto\/corsair-icue-4000x-negra-3-fans-rgb\/","og_site_name":"PC MASTERS BOGOTA","article_modified_time":"2023-01-16T16:00:20+00:00","og_image":[{"width":1000,"height":1000,"url":"https:\/\/espaciosyambientes.com\/wp-content\/uploads\/2021\/08\/16258.png","type":"image\/png"}],"twitter_card":"summary_large_image","twitter_misc":{"Tiempo de lectura":"2 minutos"},"schema":{"@context":"https:\/\/schema.org","@graph":[{"@type":"WebPage","@id":"https:\/\/espaciosyambientes.com\/producto\/corsair-icue-4000x-negra-3-fans-rgb\/","url":"https:\/\/espaciosyambientes.com\/producto\/corsair-icue-4000x-negra-3-fans-rgb\/","name":"CORSAIR ICUE 4000X NEGRA + 3 FANS RGB - PC MASTERS BOGOTA","isPartOf":{"@id":"https:\/\/espaciosyambientes.com\/es_es\/#website"},"primaryImageOfPage":{"@id":"https:\/\/espaciosyambientes.com\/producto\/corsair-icue-4000x-negra-3-fans-rgb\/#primaryimage"},"image":{"@id":"https:\/\/espaciosyambientes.com\/producto\/corsair-icue-4000x-negra-3-fans-rgb\/#primaryimage"},"thumbnailUrl":"https:\/\/espaciosyambientes.com\/wp-content\/uploads\/2021\/08\/16258.png","datePublished":"2021-08-09T21:58:30+00:00","dateModified":"2023-01-16T16:00:20+00:00","breadcrumb":{"@id":"https:\/\/espaciosyambientes.com\/producto\/corsair-icue-4000x-negra-3-fans-rgb\/#breadcrumb"},"inLanguage":"es","potentialAction":[{"@type":"ReadAction","target":["https:\/\/espaciosyambientes.com\/producto\/corsair-icue-4000x-negra-3-fans-rgb\/"]}]},{"@type":"ImageObject","inLanguage":"es","@id":"https:\/\/espaciosyambientes.com\/producto\/corsair-icue-4000x-negra-3-fans-rgb\/#primaryimage","url":"https:\/\/espaciosyambientes.com\/wp-content\/uploads\/2021\/08\/16258.png","contentUrl":"https:\/\/espaciosyambientes.com\/wp-content\/uploads\/2021\/08\/16258.png","width":1000,"height":1000},{"@type":"BreadcrumbList","@id":"https:\/\/espaciosyambientes.com\/producto\/corsair-icue-4000x-negra-3-fans-rgb\/#breadcrumb","itemListElement":[{"@type":"ListItem","position":1,"name":"Home","item":"https:\/\/espaciosyambientes.com\/"},{"@type":"ListItem","position":2,"name":"Tienda","item":"https:\/\/espaciosyambientes.com\/tienda\/"},{"@type":"ListItem","position":3,"name":"CORSAIR ICUE 4000X NEGRA + 3 FANS RGB"}]},{"@type":"WebSite","@id":"https:\/\/espaciosyambientes.com\/es_es\/#website","url":"https:\/\/espaciosyambientes.com\/es_es\/","name":"PC MASTERS BOGOTA","description":"","potentialAction":[{"@type":"SearchAction","target":{"@type":"EntryPoint","urlTemplate":"https:\/\/espaciosyambientes.com\/es_es\/?s={search_term_string}"},"query-input":{"@type":"PropertyValueSpecification","valueRequired":true,"valueName":"search_term_string"}}],"inLanguage":"es"}]}},"_links":{"self":[{"href":"http:\/\/espaciosyambientes.com\/es_es\/wp-json\/wp\/v2\/product\/14194","targetHints":{"allow":["GET"]}}],"collection":[{"href":"http:\/\/espaciosyambientes.com\/es_es\/wp-json\/wp\/v2\/product"}],"about":[{"href":"http:\/\/espaciosyambientes.com\/es_es\/wp-json\/wp\/v2\/types\/product"}],"replies":[{"embeddable":true,"href":"http:\/\/espaciosyambientes.com\/es_es\/wp-json\/wp\/v2\/comments?post=14194"}],"version-history":[{"count":3,"href":"http:\/\/espaciosyambientes.com\/es_es\/wp-json\/wp\/v2\/product\/14194\/revisions"}],"predecessor-version":[{"id":17850,"href":"http:\/\/espaciosyambientes.com\/es_es\/wp-json\/wp\/v2\/product\/14194\/revisions\/17850"}],"wp:featuredmedia":[{"embeddable":true,"href":"http:\/\/espaciosyambientes.com\/es_es\/wp-json\/wp\/v2\/media\/15867"}],"wp:attachment":[{"href":"http:\/\/espaciosyambientes.com\/es_es\/wp-json\/wp\/v2\/media?parent=14194"}],"wp:term":[{"taxonomy":"product_brand","embeddable":true,"href":"http:\/\/espaciosyambientes.com\/es_es\/wp-json\/wp\/v2\/product_brand?post=14194"},{"taxonomy":"product_cat","embeddable":true,"href":"http:\/\/espaciosyambientes.com\/es_es\/wp-json\/wp\/v2\/product_cat?post=14194"},{"taxonomy":"product_tag","embeddable":true,"href":"http:\/\/espaciosyambientes.com\/es_es\/wp-json\/wp\/v2\/product_tag?post=14194"}],"curies":[{"name":"wp","href":"https:\/\/api.w.org\/{rel}","templated":true}]}}