{"id":14191,"date":"2021-08-09T16:58:30","date_gmt":"2021-08-09T21:58:30","guid":{"rendered":"https:\/\/espaciosyambientes.com\/?post_type=product&#038;p=14191"},"modified":"2021-10-26T14:17:54","modified_gmt":"2021-10-26T19:17:54","slug":"corsair-icue-220t-negra-3-fans-rgb","status":"publish","type":"product","link":"http:\/\/espaciosyambientes.com\/es_es\/producto\/corsair-icue-220t-negra-3-fans-rgb\/","title":{"rendered":"CORSAIR ICUE 220T NEGRA + 3 FANS RGB"},"content":{"rendered":"<p>https:\/\/www.corsair.com\/lm\/es\/Categor%C3%ADas\/Productos\/Chasis\/Chasis-de-semitorre-ATX\/iCUE-220T-RGB-Airflow-Tempered-Glass-Mid-Tower-Smart-Case\/p\/CC-9011174-WW<\/p>\n<p>Caracter\u00edsticas principales<br \/>\nMarca Corsair<br \/>\nL\u00ednea ICUE 220T<br \/>\nModelo CC-9011190-WW<br \/>\nOtras caracter\u00edsticas<br \/>\nIncluye fuente de alimentaci\u00f3n: No<\/p>\n<p>Tipo de estructura: Mid tower<\/p>\n<p>Es gamer: S\u00ed<\/p>\n<p>CORSAIR iCUE 220T RGB Airflow 3* 120mm Vidrio Lateral Negra CC-9011190-WW Atx Torre<br \/>\n\u2013 Torre ATX Mid Tower RGB<br \/>\n\u2013 Color Negro<br \/>\n\u2013 Vidrio Lateral<br \/>\n\u2013 Ventiladores: 3 de 120mm SP120 RGB PRO Frontal preinstalado<br \/>\n\u2013 Espacio para hasta 3 ventiladores<br \/>\n\u2013 Puertos 2 x USB 3.0 \/ 1 x auriculares \/ 1 x micr\u00f3fono<br \/>\n\u2013 Longitud maxima GPU 300 mm<br \/>\n\u2013 Compatibilidad de radiador: Posterior: 120 mm, Superior: 240 mm, Delantero: 280 mm, 360 mm<br \/>\n\u2013 Peso 7.8 Kg<\/p>\n<p>DISE\u00d1O DE GRAN CAUDAL<br \/>\nEstructurado para mejorar la refrigeraci\u00f3n de su sistema, junto con una rejilla frontal de acero para conseguir una toma de aire \u00f3ptima.<\/p>\n<p>TRES VENTILADORES SP120 RGB PRO INCLUIDOS<br \/>\nIncluye tres ventiladores CORSAIR SP120 RGB PRO, todos con ocho LED direccionables individualmente alrededor del condensador (24 en total).<\/p>\n<p>CHASIS INTELIGENTE, ILUMINACI\u00d3N INTELIGENTE<br \/>\nConecte hasta 6 ventiladores RGB CORSAIR iguales directamente en el iCUE Lighting Node CORE incluido para controlar la iluminaci\u00f3n RGB sin necesitar un n\u00facleo de ventilador, consiguiendo efectos de iluminaci\u00f3n brillantes desde el principio gracias al software CORSAIR iCUE.<\/p>\n<p>ACERO S\u00d3LIDO<br \/>\nLa placa frontal f\u00e1cil de quitar y la estructura de acero del 220T RGB Airflow garantizan una durabilidad resistente, as\u00ed como un aspecto impactante.<\/p>\n","protected":false},"excerpt":{"rendered":"<p>CORSAIR iCUE 220T RGB Airflow es un chasis ATX inteligente semitorre con un dise\u00f1o de un gran flujo de aire y tres ventiladores SP120 RGB PRO incluidos para disfrutar de una iluminaci\u00f3n RGB espectacular controlada a trav\u00e9s del software CORSAIR iCUE.<\/p>\n","protected":false},"featured_media":15856,"comment_status":"open","ping_status":"closed","template":"","meta":[],"product_brand":[100],"product_cat":[76],"product_tag":[288],"class_list":{"0":"post-14191","1":"product","2":"type-product","3":"status-publish","4":"has-post-thumbnail","6":"product_brand-corsair","7":"product_cat-chasis","8":"product_tag-case","10":"first","11":"instock","12":"taxable","13":"shipping-taxable","14":"purchasable","15":"product-type-simple"},"yoast_head":"<!-- This site is optimized with the Yoast SEO plugin v27.3 - https:\/\/yoast.com\/product\/yoast-seo-wordpress\/ -->\n<title>CORSAIR ICUE 220T NEGRA + 3 FANS RGB - PC MASTERS BOGOTA<\/title>\n<meta name=\"robots\" content=\"index, follow, max-snippet:-1, max-image-preview:large, max-video-preview:-1\" \/>\n<link rel=\"canonical\" href=\"https:\/\/espaciosyambientes.com\/es_es\/producto\/corsair-icue-220t-negra-3-fans-rgb\/\" \/>\n<meta property=\"og:locale\" content=\"es_ES\" \/>\n<meta property=\"og:type\" content=\"article\" \/>\n<meta property=\"og:title\" content=\"CORSAIR ICUE 220T NEGRA + 3 FANS RGB - PC MASTERS BOGOTA\" \/>\n<meta property=\"og:description\" content=\"CORSAIR iCUE 220T RGB Airflow es un chasis ATX inteligente semitorre con un dise\u00f1o de un gran flujo de aire y tres ventiladores SP120 RGB PRO incluidos para disfrutar de una iluminaci\u00f3n RGB espectacular controlada a trav\u00e9s del software CORSAIR iCUE.\" \/>\n<meta property=\"og:url\" content=\"https:\/\/espaciosyambientes.com\/es_es\/producto\/corsair-icue-220t-negra-3-fans-rgb\/\" \/>\n<meta property=\"og:site_name\" content=\"PC MASTERS BOGOTA\" \/>\n<meta property=\"article:modified_time\" content=\"2021-10-26T19:17:54+00:00\" \/>\n<meta property=\"og:image\" content=\"https:\/\/espaciosyambientes.com\/wp-content\/uploads\/2021\/08\/CC-9011173-WW-Gallery-220T-RGB-BLACK-01.webp\" \/>\n\t<meta property=\"og:image:width\" content=\"1200\" \/>\n\t<meta property=\"og:image:height\" content=\"1200\" \/>\n\t<meta property=\"og:image:type\" content=\"image\/webp\" \/>\n<meta name=\"twitter:card\" content=\"summary_large_image\" \/>\n<meta name=\"twitter:label1\" content=\"Tiempo de lectura\" \/>\n\t<meta name=\"twitter:data1\" content=\"1 minuto\" \/>\n<script type=\"application\/ld+json\" class=\"yoast-schema-graph\">{\"@context\":\"https:\\\/\\\/schema.org\",\"@graph\":[{\"@type\":\"WebPage\",\"@id\":\"https:\\\/\\\/espaciosyambientes.com\\\/producto\\\/corsair-icue-220t-negra-3-fans-rgb\\\/\",\"url\":\"https:\\\/\\\/espaciosyambientes.com\\\/producto\\\/corsair-icue-220t-negra-3-fans-rgb\\\/\",\"name\":\"CORSAIR ICUE 220T NEGRA + 3 FANS RGB - PC MASTERS BOGOTA\",\"isPartOf\":{\"@id\":\"https:\\\/\\\/espaciosyambientes.com\\\/es_es\\\/#website\"},\"primaryImageOfPage\":{\"@id\":\"https:\\\/\\\/espaciosyambientes.com\\\/producto\\\/corsair-icue-220t-negra-3-fans-rgb\\\/#primaryimage\"},\"image\":{\"@id\":\"https:\\\/\\\/espaciosyambientes.com\\\/producto\\\/corsair-icue-220t-negra-3-fans-rgb\\\/#primaryimage\"},\"thumbnailUrl\":\"https:\\\/\\\/espaciosyambientes.com\\\/wp-content\\\/uploads\\\/2021\\\/08\\\/CC-9011173-WW-Gallery-220T-RGB-BLACK-01.webp\",\"datePublished\":\"2021-08-09T21:58:30+00:00\",\"dateModified\":\"2021-10-26T19:17:54+00:00\",\"breadcrumb\":{\"@id\":\"https:\\\/\\\/espaciosyambientes.com\\\/producto\\\/corsair-icue-220t-negra-3-fans-rgb\\\/#breadcrumb\"},\"inLanguage\":\"es\",\"potentialAction\":[{\"@type\":\"ReadAction\",\"target\":[\"https:\\\/\\\/espaciosyambientes.com\\\/producto\\\/corsair-icue-220t-negra-3-fans-rgb\\\/\"]}]},{\"@type\":\"ImageObject\",\"inLanguage\":\"es\",\"@id\":\"https:\\\/\\\/espaciosyambientes.com\\\/producto\\\/corsair-icue-220t-negra-3-fans-rgb\\\/#primaryimage\",\"url\":\"https:\\\/\\\/espaciosyambientes.com\\\/wp-content\\\/uploads\\\/2021\\\/08\\\/CC-9011173-WW-Gallery-220T-RGB-BLACK-01.webp\",\"contentUrl\":\"https:\\\/\\\/espaciosyambientes.com\\\/wp-content\\\/uploads\\\/2021\\\/08\\\/CC-9011173-WW-Gallery-220T-RGB-BLACK-01.webp\",\"width\":1200,\"height\":1200},{\"@type\":\"BreadcrumbList\",\"@id\":\"https:\\\/\\\/espaciosyambientes.com\\\/producto\\\/corsair-icue-220t-negra-3-fans-rgb\\\/#breadcrumb\",\"itemListElement\":[{\"@type\":\"ListItem\",\"position\":1,\"name\":\"Home\",\"item\":\"https:\\\/\\\/espaciosyambientes.com\\\/\"},{\"@type\":\"ListItem\",\"position\":2,\"name\":\"Tienda\",\"item\":\"https:\\\/\\\/espaciosyambientes.com\\\/tienda\\\/\"},{\"@type\":\"ListItem\",\"position\":3,\"name\":\"CORSAIR ICUE 220T NEGRA + 3 FANS RGB\"}]},{\"@type\":\"WebSite\",\"@id\":\"https:\\\/\\\/espaciosyambientes.com\\\/es_es\\\/#website\",\"url\":\"https:\\\/\\\/espaciosyambientes.com\\\/es_es\\\/\",\"name\":\"PC MASTERS BOGOTA\",\"description\":\"\",\"potentialAction\":[{\"@type\":\"SearchAction\",\"target\":{\"@type\":\"EntryPoint\",\"urlTemplate\":\"https:\\\/\\\/espaciosyambientes.com\\\/es_es\\\/?s={search_term_string}\"},\"query-input\":{\"@type\":\"PropertyValueSpecification\",\"valueRequired\":true,\"valueName\":\"search_term_string\"}}],\"inLanguage\":\"es\"}]}<\/script>\n<!-- \/ Yoast SEO plugin. -->","yoast_head_json":{"title":"CORSAIR ICUE 220T NEGRA + 3 FANS RGB - PC MASTERS BOGOTA","robots":{"index":"index","follow":"follow","max-snippet":"max-snippet:-1","max-image-preview":"max-image-preview:large","max-video-preview":"max-video-preview:-1"},"canonical":"https:\/\/espaciosyambientes.com\/es_es\/producto\/corsair-icue-220t-negra-3-fans-rgb\/","og_locale":"es_ES","og_type":"article","og_title":"CORSAIR ICUE 220T NEGRA + 3 FANS RGB - PC MASTERS BOGOTA","og_description":"CORSAIR iCUE 220T RGB Airflow es un chasis ATX inteligente semitorre con un dise\u00f1o de un gran flujo de aire y tres ventiladores SP120 RGB PRO incluidos para disfrutar de una iluminaci\u00f3n RGB espectacular controlada a trav\u00e9s del software CORSAIR iCUE.","og_url":"https:\/\/espaciosyambientes.com\/es_es\/producto\/corsair-icue-220t-negra-3-fans-rgb\/","og_site_name":"PC MASTERS BOGOTA","article_modified_time":"2021-10-26T19:17:54+00:00","og_image":[{"width":1200,"height":1200,"url":"https:\/\/espaciosyambientes.com\/wp-content\/uploads\/2021\/08\/CC-9011173-WW-Gallery-220T-RGB-BLACK-01.webp","type":"image\/webp"}],"twitter_card":"summary_large_image","twitter_misc":{"Tiempo de lectura":"1 minuto"},"schema":{"@context":"https:\/\/schema.org","@graph":[{"@type":"WebPage","@id":"https:\/\/espaciosyambientes.com\/producto\/corsair-icue-220t-negra-3-fans-rgb\/","url":"https:\/\/espaciosyambientes.com\/producto\/corsair-icue-220t-negra-3-fans-rgb\/","name":"CORSAIR ICUE 220T NEGRA + 3 FANS RGB - PC MASTERS BOGOTA","isPartOf":{"@id":"https:\/\/espaciosyambientes.com\/es_es\/#website"},"primaryImageOfPage":{"@id":"https:\/\/espaciosyambientes.com\/producto\/corsair-icue-220t-negra-3-fans-rgb\/#primaryimage"},"image":{"@id":"https:\/\/espaciosyambientes.com\/producto\/corsair-icue-220t-negra-3-fans-rgb\/#primaryimage"},"thumbnailUrl":"https:\/\/espaciosyambientes.com\/wp-content\/uploads\/2021\/08\/CC-9011173-WW-Gallery-220T-RGB-BLACK-01.webp","datePublished":"2021-08-09T21:58:30+00:00","dateModified":"2021-10-26T19:17:54+00:00","breadcrumb":{"@id":"https:\/\/espaciosyambientes.com\/producto\/corsair-icue-220t-negra-3-fans-rgb\/#breadcrumb"},"inLanguage":"es","potentialAction":[{"@type":"ReadAction","target":["https:\/\/espaciosyambientes.com\/producto\/corsair-icue-220t-negra-3-fans-rgb\/"]}]},{"@type":"ImageObject","inLanguage":"es","@id":"https:\/\/espaciosyambientes.com\/producto\/corsair-icue-220t-negra-3-fans-rgb\/#primaryimage","url":"https:\/\/espaciosyambientes.com\/wp-content\/uploads\/2021\/08\/CC-9011173-WW-Gallery-220T-RGB-BLACK-01.webp","contentUrl":"https:\/\/espaciosyambientes.com\/wp-content\/uploads\/2021\/08\/CC-9011173-WW-Gallery-220T-RGB-BLACK-01.webp","width":1200,"height":1200},{"@type":"BreadcrumbList","@id":"https:\/\/espaciosyambientes.com\/producto\/corsair-icue-220t-negra-3-fans-rgb\/#breadcrumb","itemListElement":[{"@type":"ListItem","position":1,"name":"Home","item":"https:\/\/espaciosyambientes.com\/"},{"@type":"ListItem","position":2,"name":"Tienda","item":"https:\/\/espaciosyambientes.com\/tienda\/"},{"@type":"ListItem","position":3,"name":"CORSAIR ICUE 220T NEGRA + 3 FANS RGB"}]},{"@type":"WebSite","@id":"https:\/\/espaciosyambientes.com\/es_es\/#website","url":"https:\/\/espaciosyambientes.com\/es_es\/","name":"PC MASTERS BOGOTA","description":"","potentialAction":[{"@type":"SearchAction","target":{"@type":"EntryPoint","urlTemplate":"https:\/\/espaciosyambientes.com\/es_es\/?s={search_term_string}"},"query-input":{"@type":"PropertyValueSpecification","valueRequired":true,"valueName":"search_term_string"}}],"inLanguage":"es"}]}},"_links":{"self":[{"href":"http:\/\/espaciosyambientes.com\/es_es\/wp-json\/wp\/v2\/product\/14191","targetHints":{"allow":["GET"]}}],"collection":[{"href":"http:\/\/espaciosyambientes.com\/es_es\/wp-json\/wp\/v2\/product"}],"about":[{"href":"http:\/\/espaciosyambientes.com\/es_es\/wp-json\/wp\/v2\/types\/product"}],"replies":[{"embeddable":true,"href":"http:\/\/espaciosyambientes.com\/es_es\/wp-json\/wp\/v2\/comments?post=14191"}],"version-history":[{"count":4,"href":"http:\/\/espaciosyambientes.com\/es_es\/wp-json\/wp\/v2\/product\/14191\/revisions"}],"predecessor-version":[{"id":17848,"href":"http:\/\/espaciosyambientes.com\/es_es\/wp-json\/wp\/v2\/product\/14191\/revisions\/17848"}],"wp:featuredmedia":[{"embeddable":true,"href":"http:\/\/espaciosyambientes.com\/es_es\/wp-json\/wp\/v2\/media\/15856"}],"wp:attachment":[{"href":"http:\/\/espaciosyambientes.com\/es_es\/wp-json\/wp\/v2\/media?parent=14191"}],"wp:term":[{"taxonomy":"product_brand","embeddable":true,"href":"http:\/\/espaciosyambientes.com\/es_es\/wp-json\/wp\/v2\/product_brand?post=14191"},{"taxonomy":"product_cat","embeddable":true,"href":"http:\/\/espaciosyambientes.com\/es_es\/wp-json\/wp\/v2\/product_cat?post=14191"},{"taxonomy":"product_tag","embeddable":true,"href":"http:\/\/espaciosyambientes.com\/es_es\/wp-json\/wp\/v2\/product_tag?post=14191"}],"curies":[{"name":"wp","href":"https:\/\/api.w.org\/{rel}","templated":true}]}}