{"id":14179,"date":"2021-08-09T16:58:28","date_gmt":"2021-08-09T21:58:28","guid":{"rendered":"https:\/\/espaciosyambientes.com\/?post_type=product&#038;p=14179"},"modified":"2021-10-26T14:17:55","modified_gmt":"2021-10-26T19:17:55","slug":"azza-apolo-430-negra-fan-argb","status":"publish","type":"product","link":"http:\/\/espaciosyambientes.com\/es_es\/producto\/azza-apolo-430-negra-fan-argb\/","title":{"rendered":"AZZA APOLO 430 NEGRA + FAN ARGB"},"content":{"rendered":"<p>https:\/\/azza.gg\/azza\/products\/cases\/apollo%20white<\/p>\n<p>Descripci\u00f3n<br \/>\nTipo: Torre Media ATX.Color: Negro.Paneles laterales: Izquierdo: vidrio templado.Altura m\u00e1xima del enfriador de la CPU: Hasta 155 mm.Longitud m\u00e1xima de la tarjeta de video: Hasta 370 mm.Compatibilidad de la placa base: Micro-ATX.Bah\u00edas de unidad de 2.5\u201d: Hasta 6.Bah\u00edas de unidad de 3.5\u201d: Hasta 2.Ranuras de expansi\u00f3n: 7.Puertos de E\/S superiores: Bot\u00f3n de encendido. Bot\u00f3n de reinicio. HD Audio, USB 3.0 x2Dimensiones de la caja (HxWxD): 480 mm x 205 mm x 420 mm.Peso: 7.9 Kg.Efecto de iluminaci\u00f3n: Ventilador RGB en la parte trecera.Puertos de ventilador disponibles: 3 puertos de ventilador de 120 mm o 2 x 140 mm en la parte delantera 1 puerto de ventilador 120 mm en la parte delantera.Ventilador incluido: CSAZ-430B-DF2. 1 ventilador AZZA Hurricane III RGB de 120 mm .Refrigeraci\u00f3n por agua: Admite radiadores de hasta 360 mm en la parte delantera. Admite radiadores de hasta 240 mm en la parte superior.Soporte de fuente de alimentaci\u00f3n: Fuente de alimentaci\u00f3n ATX montada en la parte inferior.<\/p>\n","protected":false},"excerpt":{"rendered":"<p>Caja ATX AZZA POLO con vidrio templado.<\/p>\n","protected":false},"featured_media":15937,"comment_status":"open","ping_status":"closed","template":"","meta":[],"product_brand":[317],"product_cat":[76],"product_tag":[288],"class_list":{"0":"post-14179","1":"product","2":"type-product","3":"status-publish","4":"has-post-thumbnail","6":"product_brand-azza","7":"product_cat-chasis","8":"product_tag-case","10":"first","11":"instock","12":"taxable","13":"shipping-taxable","14":"purchasable","15":"product-type-simple"},"yoast_head":"<!-- This site is optimized with the Yoast SEO plugin v27.3 - https:\/\/yoast.com\/product\/yoast-seo-wordpress\/ -->\n<title>AZZA APOLO 430 NEGRA + FAN ARGB - PC MASTERS BOGOTA<\/title>\n<meta name=\"robots\" content=\"index, follow, max-snippet:-1, max-image-preview:large, max-video-preview:-1\" \/>\n<link rel=\"canonical\" href=\"https:\/\/espaciosyambientes.com\/es_es\/producto\/azza-apolo-430-negra-fan-argb\/\" \/>\n<meta property=\"og:locale\" content=\"es_ES\" \/>\n<meta property=\"og:type\" content=\"article\" \/>\n<meta property=\"og:title\" content=\"AZZA APOLO 430 NEGRA + FAN ARGB - PC MASTERS BOGOTA\" \/>\n<meta property=\"og:description\" content=\"Caja ATX AZZA POLO con vidrio templado.\" \/>\n<meta property=\"og:url\" content=\"https:\/\/espaciosyambientes.com\/es_es\/producto\/azza-apolo-430-negra-fan-argb\/\" \/>\n<meta property=\"og:site_name\" content=\"PC MASTERS BOGOTA\" \/>\n<meta property=\"article:modified_time\" content=\"2021-10-26T19:17:55+00:00\" \/>\n<meta property=\"og:image\" content=\"https:\/\/espaciosyambientes.com\/wp-content\/uploads\/2021\/08\/16222.png\" \/>\n\t<meta property=\"og:image:width\" content=\"1000\" \/>\n\t<meta property=\"og:image:height\" content=\"1000\" \/>\n\t<meta property=\"og:image:type\" content=\"image\/png\" \/>\n<meta name=\"twitter:card\" content=\"summary_large_image\" \/>\n<meta name=\"twitter:label1\" content=\"Tiempo de lectura\" \/>\n\t<meta name=\"twitter:data1\" content=\"1 minuto\" \/>\n<script type=\"application\/ld+json\" class=\"yoast-schema-graph\">{\"@context\":\"https:\\\/\\\/schema.org\",\"@graph\":[{\"@type\":\"WebPage\",\"@id\":\"https:\\\/\\\/espaciosyambientes.com\\\/producto\\\/azza-apolo-430-negra-fan-argb\\\/\",\"url\":\"https:\\\/\\\/espaciosyambientes.com\\\/producto\\\/azza-apolo-430-negra-fan-argb\\\/\",\"name\":\"AZZA APOLO 430 NEGRA + FAN ARGB - PC MASTERS BOGOTA\",\"isPartOf\":{\"@id\":\"https:\\\/\\\/espaciosyambientes.com\\\/es_es\\\/#website\"},\"primaryImageOfPage\":{\"@id\":\"https:\\\/\\\/espaciosyambientes.com\\\/producto\\\/azza-apolo-430-negra-fan-argb\\\/#primaryimage\"},\"image\":{\"@id\":\"https:\\\/\\\/espaciosyambientes.com\\\/producto\\\/azza-apolo-430-negra-fan-argb\\\/#primaryimage\"},\"thumbnailUrl\":\"https:\\\/\\\/espaciosyambientes.com\\\/wp-content\\\/uploads\\\/2021\\\/08\\\/16222.png\",\"datePublished\":\"2021-08-09T21:58:28+00:00\",\"dateModified\":\"2021-10-26T19:17:55+00:00\",\"breadcrumb\":{\"@id\":\"https:\\\/\\\/espaciosyambientes.com\\\/producto\\\/azza-apolo-430-negra-fan-argb\\\/#breadcrumb\"},\"inLanguage\":\"es\",\"potentialAction\":[{\"@type\":\"ReadAction\",\"target\":[\"https:\\\/\\\/espaciosyambientes.com\\\/producto\\\/azza-apolo-430-negra-fan-argb\\\/\"]}]},{\"@type\":\"ImageObject\",\"inLanguage\":\"es\",\"@id\":\"https:\\\/\\\/espaciosyambientes.com\\\/producto\\\/azza-apolo-430-negra-fan-argb\\\/#primaryimage\",\"url\":\"https:\\\/\\\/espaciosyambientes.com\\\/wp-content\\\/uploads\\\/2021\\\/08\\\/16222.png\",\"contentUrl\":\"https:\\\/\\\/espaciosyambientes.com\\\/wp-content\\\/uploads\\\/2021\\\/08\\\/16222.png\",\"width\":1000,\"height\":1000},{\"@type\":\"BreadcrumbList\",\"@id\":\"https:\\\/\\\/espaciosyambientes.com\\\/producto\\\/azza-apolo-430-negra-fan-argb\\\/#breadcrumb\",\"itemListElement\":[{\"@type\":\"ListItem\",\"position\":1,\"name\":\"Home\",\"item\":\"https:\\\/\\\/espaciosyambientes.com\\\/\"},{\"@type\":\"ListItem\",\"position\":2,\"name\":\"Tienda\",\"item\":\"https:\\\/\\\/espaciosyambientes.com\\\/tienda\\\/\"},{\"@type\":\"ListItem\",\"position\":3,\"name\":\"AZZA APOLO 430 NEGRA + FAN ARGB\"}]},{\"@type\":\"WebSite\",\"@id\":\"https:\\\/\\\/espaciosyambientes.com\\\/es_es\\\/#website\",\"url\":\"https:\\\/\\\/espaciosyambientes.com\\\/es_es\\\/\",\"name\":\"PC MASTERS BOGOTA\",\"description\":\"\",\"potentialAction\":[{\"@type\":\"SearchAction\",\"target\":{\"@type\":\"EntryPoint\",\"urlTemplate\":\"https:\\\/\\\/espaciosyambientes.com\\\/es_es\\\/?s={search_term_string}\"},\"query-input\":{\"@type\":\"PropertyValueSpecification\",\"valueRequired\":true,\"valueName\":\"search_term_string\"}}],\"inLanguage\":\"es\"}]}<\/script>\n<!-- \/ Yoast SEO plugin. -->","yoast_head_json":{"title":"AZZA APOLO 430 NEGRA + FAN ARGB - PC MASTERS BOGOTA","robots":{"index":"index","follow":"follow","max-snippet":"max-snippet:-1","max-image-preview":"max-image-preview:large","max-video-preview":"max-video-preview:-1"},"canonical":"https:\/\/espaciosyambientes.com\/es_es\/producto\/azza-apolo-430-negra-fan-argb\/","og_locale":"es_ES","og_type":"article","og_title":"AZZA APOLO 430 NEGRA + FAN ARGB - PC MASTERS BOGOTA","og_description":"Caja ATX AZZA POLO con vidrio templado.","og_url":"https:\/\/espaciosyambientes.com\/es_es\/producto\/azza-apolo-430-negra-fan-argb\/","og_site_name":"PC MASTERS BOGOTA","article_modified_time":"2021-10-26T19:17:55+00:00","og_image":[{"width":1000,"height":1000,"url":"https:\/\/espaciosyambientes.com\/wp-content\/uploads\/2021\/08\/16222.png","type":"image\/png"}],"twitter_card":"summary_large_image","twitter_misc":{"Tiempo de lectura":"1 minuto"},"schema":{"@context":"https:\/\/schema.org","@graph":[{"@type":"WebPage","@id":"https:\/\/espaciosyambientes.com\/producto\/azza-apolo-430-negra-fan-argb\/","url":"https:\/\/espaciosyambientes.com\/producto\/azza-apolo-430-negra-fan-argb\/","name":"AZZA APOLO 430 NEGRA + FAN ARGB - PC MASTERS BOGOTA","isPartOf":{"@id":"https:\/\/espaciosyambientes.com\/es_es\/#website"},"primaryImageOfPage":{"@id":"https:\/\/espaciosyambientes.com\/producto\/azza-apolo-430-negra-fan-argb\/#primaryimage"},"image":{"@id":"https:\/\/espaciosyambientes.com\/producto\/azza-apolo-430-negra-fan-argb\/#primaryimage"},"thumbnailUrl":"https:\/\/espaciosyambientes.com\/wp-content\/uploads\/2021\/08\/16222.png","datePublished":"2021-08-09T21:58:28+00:00","dateModified":"2021-10-26T19:17:55+00:00","breadcrumb":{"@id":"https:\/\/espaciosyambientes.com\/producto\/azza-apolo-430-negra-fan-argb\/#breadcrumb"},"inLanguage":"es","potentialAction":[{"@type":"ReadAction","target":["https:\/\/espaciosyambientes.com\/producto\/azza-apolo-430-negra-fan-argb\/"]}]},{"@type":"ImageObject","inLanguage":"es","@id":"https:\/\/espaciosyambientes.com\/producto\/azza-apolo-430-negra-fan-argb\/#primaryimage","url":"https:\/\/espaciosyambientes.com\/wp-content\/uploads\/2021\/08\/16222.png","contentUrl":"https:\/\/espaciosyambientes.com\/wp-content\/uploads\/2021\/08\/16222.png","width":1000,"height":1000},{"@type":"BreadcrumbList","@id":"https:\/\/espaciosyambientes.com\/producto\/azza-apolo-430-negra-fan-argb\/#breadcrumb","itemListElement":[{"@type":"ListItem","position":1,"name":"Home","item":"https:\/\/espaciosyambientes.com\/"},{"@type":"ListItem","position":2,"name":"Tienda","item":"https:\/\/espaciosyambientes.com\/tienda\/"},{"@type":"ListItem","position":3,"name":"AZZA APOLO 430 NEGRA + FAN ARGB"}]},{"@type":"WebSite","@id":"https:\/\/espaciosyambientes.com\/es_es\/#website","url":"https:\/\/espaciosyambientes.com\/es_es\/","name":"PC MASTERS BOGOTA","description":"","potentialAction":[{"@type":"SearchAction","target":{"@type":"EntryPoint","urlTemplate":"https:\/\/espaciosyambientes.com\/es_es\/?s={search_term_string}"},"query-input":{"@type":"PropertyValueSpecification","valueRequired":true,"valueName":"search_term_string"}}],"inLanguage":"es"}]}},"_links":{"self":[{"href":"http:\/\/espaciosyambientes.com\/es_es\/wp-json\/wp\/v2\/product\/14179","targetHints":{"allow":["GET"]}}],"collection":[{"href":"http:\/\/espaciosyambientes.com\/es_es\/wp-json\/wp\/v2\/product"}],"about":[{"href":"http:\/\/espaciosyambientes.com\/es_es\/wp-json\/wp\/v2\/types\/product"}],"replies":[{"embeddable":true,"href":"http:\/\/espaciosyambientes.com\/es_es\/wp-json\/wp\/v2\/comments?post=14179"}],"version-history":[{"count":4,"href":"http:\/\/espaciosyambientes.com\/es_es\/wp-json\/wp\/v2\/product\/14179\/revisions"}],"predecessor-version":[{"id":17860,"href":"http:\/\/espaciosyambientes.com\/es_es\/wp-json\/wp\/v2\/product\/14179\/revisions\/17860"}],"wp:featuredmedia":[{"embeddable":true,"href":"http:\/\/espaciosyambientes.com\/es_es\/wp-json\/wp\/v2\/media\/15937"}],"wp:attachment":[{"href":"http:\/\/espaciosyambientes.com\/es_es\/wp-json\/wp\/v2\/media?parent=14179"}],"wp:term":[{"taxonomy":"product_brand","embeddable":true,"href":"http:\/\/espaciosyambientes.com\/es_es\/wp-json\/wp\/v2\/product_brand?post=14179"},{"taxonomy":"product_cat","embeddable":true,"href":"http:\/\/espaciosyambientes.com\/es_es\/wp-json\/wp\/v2\/product_cat?post=14179"},{"taxonomy":"product_tag","embeddable":true,"href":"http:\/\/espaciosyambientes.com\/es_es\/wp-json\/wp\/v2\/product_tag?post=14179"}],"curies":[{"name":"wp","href":"https:\/\/api.w.org\/{rel}","templated":true}]}}