{"id":14034,"date":"2021-08-09T15:56:49","date_gmt":"2021-08-09T20:56:49","guid":{"rendered":"https:\/\/espaciosyambientes.com\/?post_type=product&#038;p=14034"},"modified":"2021-10-26T14:17:56","modified_gmt":"2021-10-26T19:17:56","slug":"corsair-virtuoso-rgb-inalambrica-blanca","status":"publish","type":"product","link":"http:\/\/espaciosyambientes.com\/es_es\/producto\/corsair-virtuoso-rgb-inalambrica-blanca\/","title":{"rendered":"CORSAIR VIRTUOSO RGB INALAMBRICA BLANCA"},"content":{"rendered":"<p>https:\/\/www.corsair.com\/lm\/es\/virtuoso-wireless-gaming-headset<\/p>\n<p>Caracter\u00edsticas de Corsair Virtuoso RGB Wireless<\/p>\n<p>Es inal\u00e1mbrico: S\u00ed<\/p>\n<p>Con micr\u00f3fono: S\u00ed<\/p>\n<p>Duraci\u00f3n de la bater\u00eda: 20 h<br \/>\nCaracter\u00edsticas generales<br \/>\nMarca<br \/>\nCorsair<br \/>\nModelo<br \/>\nVirtuoso RGB Wireless<br \/>\nColor<br \/>\nWhite<br \/>\nModelo detallado<br \/>\nCA-9011186-NA<br \/>\nSonido<br \/>\nUnidad de diafragma<br \/>\n50 mm<br \/>\nImpedancia<br \/>\n32 \u03a9<br \/>\nRespuesta en frecuencia<br \/>\n20 Hz &#8211; 40 kHz<br \/>\nSensibilidad<br \/>\n109 dB<br \/>\nEspecificaciones<br \/>\nFormato del aud\u00edfono<br \/>\nHeadset<br \/>\nConectividad<br \/>\nEs inal\u00e1mbrico<br \/>\nS\u00ed<br \/>\nAlcance inal\u00e1mbrico<br \/>\n18 m<br \/>\nMicr\u00f3fono<br \/>\nCon micr\u00f3fono<br \/>\nS\u00ed<br \/>\nBater\u00eda<br \/>\nDuraci\u00f3n de la bater\u00eda del aud\u00edfono<br \/>\n20 h<\/p>\n","protected":false},"excerpt":{"rendered":"<p>El CORSAIR VIRTUOSO RGB Wireless ofrece una experiencia de audio de alta fidelidad, comodidad durante todo el d\u00eda gracias a sus almohadillas de espuma viscoel\u00e1stica premium y conectividad ultrarr\u00e1pida con la tecnolog\u00eda WIRELESS.<\/p>\n","protected":false},"featured_media":16136,"comment_status":"open","ping_status":"closed","template":"","meta":[],"product_brand":[100],"product_cat":[74],"product_tag":[284],"class_list":{"0":"post-14034","1":"product","2":"type-product","3":"status-publish","4":"has-post-thumbnail","6":"product_brand-corsair","7":"product_cat-diadema","8":"product_tag-accesorios","10":"first","11":"instock","12":"taxable","13":"shipping-taxable","14":"purchasable","15":"product-type-simple"},"yoast_head":"<!-- This site is optimized with the Yoast SEO plugin v27.3 - https:\/\/yoast.com\/product\/yoast-seo-wordpress\/ -->\n<title>CORSAIR VIRTUOSO RGB INALAMBRICA BLANCA - PC MASTERS BOGOTA<\/title>\n<meta name=\"robots\" content=\"index, follow, max-snippet:-1, max-image-preview:large, max-video-preview:-1\" \/>\n<link rel=\"canonical\" href=\"https:\/\/espaciosyambientes.com\/es_es\/producto\/corsair-virtuoso-rgb-inalambrica-blanca\/\" \/>\n<meta property=\"og:locale\" content=\"es_ES\" \/>\n<meta property=\"og:type\" content=\"article\" \/>\n<meta property=\"og:title\" content=\"CORSAIR VIRTUOSO RGB INALAMBRICA BLANCA - PC MASTERS BOGOTA\" \/>\n<meta property=\"og:description\" content=\"El CORSAIR VIRTUOSO RGB Wireless ofrece una experiencia de audio de alta fidelidad, comodidad durante todo el d\u00eda gracias a sus almohadillas de espuma viscoel\u00e1stica premium y conectividad ultrarr\u00e1pida con la tecnolog\u00eda WIRELESS.\" \/>\n<meta property=\"og:url\" content=\"https:\/\/espaciosyambientes.com\/es_es\/producto\/corsair-virtuoso-rgb-inalambrica-blanca\/\" \/>\n<meta property=\"og:site_name\" content=\"PC MASTERS BOGOTA\" \/>\n<meta property=\"article:modified_time\" content=\"2021-10-26T19:17:56+00:00\" \/>\n<meta property=\"og:image\" content=\"https:\/\/espaciosyambientes.com\/wp-content\/uploads\/2021\/08\/31090.png\" \/>\n\t<meta property=\"og:image:width\" content=\"1000\" \/>\n\t<meta property=\"og:image:height\" content=\"1000\" \/>\n\t<meta property=\"og:image:type\" content=\"image\/png\" \/>\n<meta name=\"twitter:card\" content=\"summary_large_image\" \/>\n<script type=\"application\/ld+json\" class=\"yoast-schema-graph\">{\"@context\":\"https:\\\/\\\/schema.org\",\"@graph\":[{\"@type\":\"WebPage\",\"@id\":\"https:\\\/\\\/espaciosyambientes.com\\\/producto\\\/corsair-virtuoso-rgb-inalambrica-blanca\\\/\",\"url\":\"https:\\\/\\\/espaciosyambientes.com\\\/producto\\\/corsair-virtuoso-rgb-inalambrica-blanca\\\/\",\"name\":\"CORSAIR VIRTUOSO RGB INALAMBRICA BLANCA - PC MASTERS BOGOTA\",\"isPartOf\":{\"@id\":\"https:\\\/\\\/espaciosyambientes.com\\\/es_es\\\/#website\"},\"primaryImageOfPage\":{\"@id\":\"https:\\\/\\\/espaciosyambientes.com\\\/producto\\\/corsair-virtuoso-rgb-inalambrica-blanca\\\/#primaryimage\"},\"image\":{\"@id\":\"https:\\\/\\\/espaciosyambientes.com\\\/producto\\\/corsair-virtuoso-rgb-inalambrica-blanca\\\/#primaryimage\"},\"thumbnailUrl\":\"https:\\\/\\\/espaciosyambientes.com\\\/wp-content\\\/uploads\\\/2021\\\/08\\\/31090.png\",\"datePublished\":\"2021-08-09T20:56:49+00:00\",\"dateModified\":\"2021-10-26T19:17:56+00:00\",\"breadcrumb\":{\"@id\":\"https:\\\/\\\/espaciosyambientes.com\\\/producto\\\/corsair-virtuoso-rgb-inalambrica-blanca\\\/#breadcrumb\"},\"inLanguage\":\"es\",\"potentialAction\":[{\"@type\":\"ReadAction\",\"target\":[\"https:\\\/\\\/espaciosyambientes.com\\\/producto\\\/corsair-virtuoso-rgb-inalambrica-blanca\\\/\"]}]},{\"@type\":\"ImageObject\",\"inLanguage\":\"es\",\"@id\":\"https:\\\/\\\/espaciosyambientes.com\\\/producto\\\/corsair-virtuoso-rgb-inalambrica-blanca\\\/#primaryimage\",\"url\":\"https:\\\/\\\/espaciosyambientes.com\\\/wp-content\\\/uploads\\\/2021\\\/08\\\/31090.png\",\"contentUrl\":\"https:\\\/\\\/espaciosyambientes.com\\\/wp-content\\\/uploads\\\/2021\\\/08\\\/31090.png\",\"width\":1000,\"height\":1000},{\"@type\":\"BreadcrumbList\",\"@id\":\"https:\\\/\\\/espaciosyambientes.com\\\/producto\\\/corsair-virtuoso-rgb-inalambrica-blanca\\\/#breadcrumb\",\"itemListElement\":[{\"@type\":\"ListItem\",\"position\":1,\"name\":\"Home\",\"item\":\"https:\\\/\\\/espaciosyambientes.com\\\/\"},{\"@type\":\"ListItem\",\"position\":2,\"name\":\"Tienda\",\"item\":\"https:\\\/\\\/espaciosyambientes.com\\\/tienda\\\/\"},{\"@type\":\"ListItem\",\"position\":3,\"name\":\"CORSAIR VIRTUOSO RGB INALAMBRICA BLANCA\"}]},{\"@type\":\"WebSite\",\"@id\":\"https:\\\/\\\/espaciosyambientes.com\\\/es_es\\\/#website\",\"url\":\"https:\\\/\\\/espaciosyambientes.com\\\/es_es\\\/\",\"name\":\"PC MASTERS BOGOTA\",\"description\":\"\",\"potentialAction\":[{\"@type\":\"SearchAction\",\"target\":{\"@type\":\"EntryPoint\",\"urlTemplate\":\"https:\\\/\\\/espaciosyambientes.com\\\/es_es\\\/?s={search_term_string}\"},\"query-input\":{\"@type\":\"PropertyValueSpecification\",\"valueRequired\":true,\"valueName\":\"search_term_string\"}}],\"inLanguage\":\"es\"}]}<\/script>\n<!-- \/ Yoast SEO plugin. -->","yoast_head_json":{"title":"CORSAIR VIRTUOSO RGB INALAMBRICA BLANCA - PC MASTERS BOGOTA","robots":{"index":"index","follow":"follow","max-snippet":"max-snippet:-1","max-image-preview":"max-image-preview:large","max-video-preview":"max-video-preview:-1"},"canonical":"https:\/\/espaciosyambientes.com\/es_es\/producto\/corsair-virtuoso-rgb-inalambrica-blanca\/","og_locale":"es_ES","og_type":"article","og_title":"CORSAIR VIRTUOSO RGB INALAMBRICA BLANCA - PC MASTERS BOGOTA","og_description":"El CORSAIR VIRTUOSO RGB Wireless ofrece una experiencia de audio de alta fidelidad, comodidad durante todo el d\u00eda gracias a sus almohadillas de espuma viscoel\u00e1stica premium y conectividad ultrarr\u00e1pida con la tecnolog\u00eda WIRELESS.","og_url":"https:\/\/espaciosyambientes.com\/es_es\/producto\/corsair-virtuoso-rgb-inalambrica-blanca\/","og_site_name":"PC MASTERS BOGOTA","article_modified_time":"2021-10-26T19:17:56+00:00","og_image":[{"width":1000,"height":1000,"url":"https:\/\/espaciosyambientes.com\/wp-content\/uploads\/2021\/08\/31090.png","type":"image\/png"}],"twitter_card":"summary_large_image","schema":{"@context":"https:\/\/schema.org","@graph":[{"@type":"WebPage","@id":"https:\/\/espaciosyambientes.com\/producto\/corsair-virtuoso-rgb-inalambrica-blanca\/","url":"https:\/\/espaciosyambientes.com\/producto\/corsair-virtuoso-rgb-inalambrica-blanca\/","name":"CORSAIR VIRTUOSO RGB INALAMBRICA BLANCA - PC MASTERS BOGOTA","isPartOf":{"@id":"https:\/\/espaciosyambientes.com\/es_es\/#website"},"primaryImageOfPage":{"@id":"https:\/\/espaciosyambientes.com\/producto\/corsair-virtuoso-rgb-inalambrica-blanca\/#primaryimage"},"image":{"@id":"https:\/\/espaciosyambientes.com\/producto\/corsair-virtuoso-rgb-inalambrica-blanca\/#primaryimage"},"thumbnailUrl":"https:\/\/espaciosyambientes.com\/wp-content\/uploads\/2021\/08\/31090.png","datePublished":"2021-08-09T20:56:49+00:00","dateModified":"2021-10-26T19:17:56+00:00","breadcrumb":{"@id":"https:\/\/espaciosyambientes.com\/producto\/corsair-virtuoso-rgb-inalambrica-blanca\/#breadcrumb"},"inLanguage":"es","potentialAction":[{"@type":"ReadAction","target":["https:\/\/espaciosyambientes.com\/producto\/corsair-virtuoso-rgb-inalambrica-blanca\/"]}]},{"@type":"ImageObject","inLanguage":"es","@id":"https:\/\/espaciosyambientes.com\/producto\/corsair-virtuoso-rgb-inalambrica-blanca\/#primaryimage","url":"https:\/\/espaciosyambientes.com\/wp-content\/uploads\/2021\/08\/31090.png","contentUrl":"https:\/\/espaciosyambientes.com\/wp-content\/uploads\/2021\/08\/31090.png","width":1000,"height":1000},{"@type":"BreadcrumbList","@id":"https:\/\/espaciosyambientes.com\/producto\/corsair-virtuoso-rgb-inalambrica-blanca\/#breadcrumb","itemListElement":[{"@type":"ListItem","position":1,"name":"Home","item":"https:\/\/espaciosyambientes.com\/"},{"@type":"ListItem","position":2,"name":"Tienda","item":"https:\/\/espaciosyambientes.com\/tienda\/"},{"@type":"ListItem","position":3,"name":"CORSAIR VIRTUOSO RGB INALAMBRICA BLANCA"}]},{"@type":"WebSite","@id":"https:\/\/espaciosyambientes.com\/es_es\/#website","url":"https:\/\/espaciosyambientes.com\/es_es\/","name":"PC MASTERS BOGOTA","description":"","potentialAction":[{"@type":"SearchAction","target":{"@type":"EntryPoint","urlTemplate":"https:\/\/espaciosyambientes.com\/es_es\/?s={search_term_string}"},"query-input":{"@type":"PropertyValueSpecification","valueRequired":true,"valueName":"search_term_string"}}],"inLanguage":"es"}]}},"_links":{"self":[{"href":"http:\/\/espaciosyambientes.com\/es_es\/wp-json\/wp\/v2\/product\/14034","targetHints":{"allow":["GET"]}}],"collection":[{"href":"http:\/\/espaciosyambientes.com\/es_es\/wp-json\/wp\/v2\/product"}],"about":[{"href":"http:\/\/espaciosyambientes.com\/es_es\/wp-json\/wp\/v2\/types\/product"}],"replies":[{"embeddable":true,"href":"http:\/\/espaciosyambientes.com\/es_es\/wp-json\/wp\/v2\/comments?post=14034"}],"version-history":[{"count":4,"href":"http:\/\/espaciosyambientes.com\/es_es\/wp-json\/wp\/v2\/product\/14034\/revisions"}],"predecessor-version":[{"id":17895,"href":"http:\/\/espaciosyambientes.com\/es_es\/wp-json\/wp\/v2\/product\/14034\/revisions\/17895"}],"wp:featuredmedia":[{"embeddable":true,"href":"http:\/\/espaciosyambientes.com\/es_es\/wp-json\/wp\/v2\/media\/16136"}],"wp:attachment":[{"href":"http:\/\/espaciosyambientes.com\/es_es\/wp-json\/wp\/v2\/media?parent=14034"}],"wp:term":[{"taxonomy":"product_brand","embeddable":true,"href":"http:\/\/espaciosyambientes.com\/es_es\/wp-json\/wp\/v2\/product_brand?post=14034"},{"taxonomy":"product_cat","embeddable":true,"href":"http:\/\/espaciosyambientes.com\/es_es\/wp-json\/wp\/v2\/product_cat?post=14034"},{"taxonomy":"product_tag","embeddable":true,"href":"http:\/\/espaciosyambientes.com\/es_es\/wp-json\/wp\/v2\/product_tag?post=14034"}],"curies":[{"name":"wp","href":"https:\/\/api.w.org\/{rel}","templated":true}]}}