{"id":14026,"date":"2021-08-09T15:56:48","date_gmt":"2021-08-09T20:56:48","guid":{"rendered":"https:\/\/espaciosyambientes.com\/?post_type=product&#038;p=14026"},"modified":"2022-11-15T16:04:53","modified_gmt":"2022-11-15T21:04:53","slug":"corsair-void-elite-surround-71","status":"publish","type":"product","link":"http:\/\/espaciosyambientes.com\/es_es\/producto\/corsair-void-elite-surround-71\/","title":{"rendered":"CORSAIR VOID ELITE SURROUND 7,1"},"content":{"rendered":"<p>https:\/\/www.corsair.com\/lm\/es\/void-elite-gaming-headset<\/p>\n<p>Caracter\u00edsticas del producto<\/p>\n<p>Es inal\u00e1mbrico: S\u00ed<\/p>\n<p>Con micr\u00f3fono: S\u00ed<br \/>\nCaracter\u00edsticas generales<br \/>\nMarca<br \/>\nCorsair<br \/>\nL\u00ednea<br \/>\nElite<br \/>\nModelo<br \/>\nVoid Elite Wireless<br \/>\nMicr\u00f3fono<br \/>\nCon micr\u00f3fono<br \/>\nS\u00ed<br \/>\nCon micr\u00f3fono desmontable<br \/>\nNo<br \/>\nOrientaci\u00f3n del micr\u00f3fono<br \/>\nDerecha,Izquierda<br \/>\nEspecificaciones<br \/>\nFormato del aud\u00edfono<br \/>\nHeadset<br \/>\nEs gamer<br \/>\nS\u00ed<br \/>\nConectividad<br \/>\nEs inal\u00e1mbrico<br \/>\nS\u00ed<br \/>\nAlcance inal\u00e1mbrico<br \/>\n12 m<br \/>\nTipo de conector<br \/>\nInal\u00e1mbrico<\/p>\n","protected":false},"excerpt":{"rendered":"<p>Sum\u00e9rjase en la acci\u00f3n con CORSAIR VOID ELITE SURROUND, que cuenta con controladores de audio de neodimio de 50 mm personalizados, tela de malla de microfibra c\u00f3moda con almohadillas de espuma viscoel\u00e1stica y un micr\u00f3fono omnidireccional.<\/p>\n","protected":false},"featured_media":16161,"comment_status":"open","ping_status":"closed","template":"","meta":[],"product_brand":[100],"product_cat":[74],"product_tag":[284],"class_list":{"0":"post-14026","1":"product","2":"type-product","3":"status-publish","4":"has-post-thumbnail","6":"product_brand-corsair","7":"product_cat-diadema","8":"product_tag-accesorios","10":"first","11":"instock","12":"taxable","13":"shipping-taxable","14":"purchasable","15":"product-type-simple"},"yoast_head":"<!-- This site is optimized with the Yoast SEO plugin v27.3 - https:\/\/yoast.com\/product\/yoast-seo-wordpress\/ -->\n<title>CORSAIR VOID ELITE SURROUND 7,1 - PC MASTERS BOGOTA<\/title>\n<meta name=\"robots\" content=\"index, follow, max-snippet:-1, max-image-preview:large, max-video-preview:-1\" \/>\n<link rel=\"canonical\" href=\"https:\/\/espaciosyambientes.com\/es_es\/producto\/corsair-void-elite-surround-71\/\" \/>\n<meta property=\"og:locale\" content=\"es_ES\" \/>\n<meta property=\"og:type\" content=\"article\" \/>\n<meta property=\"og:title\" content=\"CORSAIR VOID ELITE SURROUND 7,1 - PC MASTERS BOGOTA\" \/>\n<meta property=\"og:description\" content=\"Sum\u00e9rjase en la acci\u00f3n con CORSAIR VOID ELITE SURROUND, que cuenta con controladores de audio de neodimio de 50 mm personalizados, tela de malla de microfibra c\u00f3moda con almohadillas de espuma viscoel\u00e1stica y un micr\u00f3fono omnidireccional.\" \/>\n<meta property=\"og:url\" content=\"https:\/\/espaciosyambientes.com\/es_es\/producto\/corsair-void-elite-surround-71\/\" \/>\n<meta property=\"og:site_name\" content=\"PC MASTERS BOGOTA\" \/>\n<meta property=\"article:modified_time\" content=\"2022-11-15T21:04:53+00:00\" \/>\n<meta property=\"og:image\" content=\"https:\/\/espaciosyambientes.com\/wp-content\/uploads\/2021\/08\/31082.png\" \/>\n\t<meta property=\"og:image:width\" content=\"1000\" \/>\n\t<meta property=\"og:image:height\" content=\"1000\" \/>\n\t<meta property=\"og:image:type\" content=\"image\/png\" \/>\n<meta name=\"twitter:card\" content=\"summary_large_image\" \/>\n<script type=\"application\/ld+json\" class=\"yoast-schema-graph\">{\"@context\":\"https:\\\/\\\/schema.org\",\"@graph\":[{\"@type\":\"WebPage\",\"@id\":\"https:\\\/\\\/espaciosyambientes.com\\\/producto\\\/corsair-void-elite-surround-71\\\/\",\"url\":\"https:\\\/\\\/espaciosyambientes.com\\\/producto\\\/corsair-void-elite-surround-71\\\/\",\"name\":\"CORSAIR VOID ELITE SURROUND 7,1 - PC MASTERS BOGOTA\",\"isPartOf\":{\"@id\":\"https:\\\/\\\/espaciosyambientes.com\\\/es_es\\\/#website\"},\"primaryImageOfPage\":{\"@id\":\"https:\\\/\\\/espaciosyambientes.com\\\/producto\\\/corsair-void-elite-surround-71\\\/#primaryimage\"},\"image\":{\"@id\":\"https:\\\/\\\/espaciosyambientes.com\\\/producto\\\/corsair-void-elite-surround-71\\\/#primaryimage\"},\"thumbnailUrl\":\"https:\\\/\\\/espaciosyambientes.com\\\/wp-content\\\/uploads\\\/2021\\\/08\\\/31082.png\",\"datePublished\":\"2021-08-09T20:56:48+00:00\",\"dateModified\":\"2022-11-15T21:04:53+00:00\",\"breadcrumb\":{\"@id\":\"https:\\\/\\\/espaciosyambientes.com\\\/producto\\\/corsair-void-elite-surround-71\\\/#breadcrumb\"},\"inLanguage\":\"es\",\"potentialAction\":[{\"@type\":\"ReadAction\",\"target\":[\"https:\\\/\\\/espaciosyambientes.com\\\/producto\\\/corsair-void-elite-surround-71\\\/\"]}]},{\"@type\":\"ImageObject\",\"inLanguage\":\"es\",\"@id\":\"https:\\\/\\\/espaciosyambientes.com\\\/producto\\\/corsair-void-elite-surround-71\\\/#primaryimage\",\"url\":\"https:\\\/\\\/espaciosyambientes.com\\\/wp-content\\\/uploads\\\/2021\\\/08\\\/31082.png\",\"contentUrl\":\"https:\\\/\\\/espaciosyambientes.com\\\/wp-content\\\/uploads\\\/2021\\\/08\\\/31082.png\",\"width\":1000,\"height\":1000},{\"@type\":\"BreadcrumbList\",\"@id\":\"https:\\\/\\\/espaciosyambientes.com\\\/producto\\\/corsair-void-elite-surround-71\\\/#breadcrumb\",\"itemListElement\":[{\"@type\":\"ListItem\",\"position\":1,\"name\":\"Home\",\"item\":\"https:\\\/\\\/espaciosyambientes.com\\\/\"},{\"@type\":\"ListItem\",\"position\":2,\"name\":\"Tienda\",\"item\":\"https:\\\/\\\/espaciosyambientes.com\\\/tienda\\\/\"},{\"@type\":\"ListItem\",\"position\":3,\"name\":\"CORSAIR VOID ELITE SURROUND 7,1\"}]},{\"@type\":\"WebSite\",\"@id\":\"https:\\\/\\\/espaciosyambientes.com\\\/es_es\\\/#website\",\"url\":\"https:\\\/\\\/espaciosyambientes.com\\\/es_es\\\/\",\"name\":\"PC MASTERS BOGOTA\",\"description\":\"\",\"potentialAction\":[{\"@type\":\"SearchAction\",\"target\":{\"@type\":\"EntryPoint\",\"urlTemplate\":\"https:\\\/\\\/espaciosyambientes.com\\\/es_es\\\/?s={search_term_string}\"},\"query-input\":{\"@type\":\"PropertyValueSpecification\",\"valueRequired\":true,\"valueName\":\"search_term_string\"}}],\"inLanguage\":\"es\"}]}<\/script>\n<!-- \/ Yoast SEO plugin. -->","yoast_head_json":{"title":"CORSAIR VOID ELITE SURROUND 7,1 - PC MASTERS BOGOTA","robots":{"index":"index","follow":"follow","max-snippet":"max-snippet:-1","max-image-preview":"max-image-preview:large","max-video-preview":"max-video-preview:-1"},"canonical":"https:\/\/espaciosyambientes.com\/es_es\/producto\/corsair-void-elite-surround-71\/","og_locale":"es_ES","og_type":"article","og_title":"CORSAIR VOID ELITE SURROUND 7,1 - PC MASTERS BOGOTA","og_description":"Sum\u00e9rjase en la acci\u00f3n con CORSAIR VOID ELITE SURROUND, que cuenta con controladores de audio de neodimio de 50 mm personalizados, tela de malla de microfibra c\u00f3moda con almohadillas de espuma viscoel\u00e1stica y un micr\u00f3fono omnidireccional.","og_url":"https:\/\/espaciosyambientes.com\/es_es\/producto\/corsair-void-elite-surround-71\/","og_site_name":"PC MASTERS BOGOTA","article_modified_time":"2022-11-15T21:04:53+00:00","og_image":[{"width":1000,"height":1000,"url":"https:\/\/espaciosyambientes.com\/wp-content\/uploads\/2021\/08\/31082.png","type":"image\/png"}],"twitter_card":"summary_large_image","schema":{"@context":"https:\/\/schema.org","@graph":[{"@type":"WebPage","@id":"https:\/\/espaciosyambientes.com\/producto\/corsair-void-elite-surround-71\/","url":"https:\/\/espaciosyambientes.com\/producto\/corsair-void-elite-surround-71\/","name":"CORSAIR VOID ELITE SURROUND 7,1 - PC MASTERS BOGOTA","isPartOf":{"@id":"https:\/\/espaciosyambientes.com\/es_es\/#website"},"primaryImageOfPage":{"@id":"https:\/\/espaciosyambientes.com\/producto\/corsair-void-elite-surround-71\/#primaryimage"},"image":{"@id":"https:\/\/espaciosyambientes.com\/producto\/corsair-void-elite-surround-71\/#primaryimage"},"thumbnailUrl":"https:\/\/espaciosyambientes.com\/wp-content\/uploads\/2021\/08\/31082.png","datePublished":"2021-08-09T20:56:48+00:00","dateModified":"2022-11-15T21:04:53+00:00","breadcrumb":{"@id":"https:\/\/espaciosyambientes.com\/producto\/corsair-void-elite-surround-71\/#breadcrumb"},"inLanguage":"es","potentialAction":[{"@type":"ReadAction","target":["https:\/\/espaciosyambientes.com\/producto\/corsair-void-elite-surround-71\/"]}]},{"@type":"ImageObject","inLanguage":"es","@id":"https:\/\/espaciosyambientes.com\/producto\/corsair-void-elite-surround-71\/#primaryimage","url":"https:\/\/espaciosyambientes.com\/wp-content\/uploads\/2021\/08\/31082.png","contentUrl":"https:\/\/espaciosyambientes.com\/wp-content\/uploads\/2021\/08\/31082.png","width":1000,"height":1000},{"@type":"BreadcrumbList","@id":"https:\/\/espaciosyambientes.com\/producto\/corsair-void-elite-surround-71\/#breadcrumb","itemListElement":[{"@type":"ListItem","position":1,"name":"Home","item":"https:\/\/espaciosyambientes.com\/"},{"@type":"ListItem","position":2,"name":"Tienda","item":"https:\/\/espaciosyambientes.com\/tienda\/"},{"@type":"ListItem","position":3,"name":"CORSAIR VOID ELITE SURROUND 7,1"}]},{"@type":"WebSite","@id":"https:\/\/espaciosyambientes.com\/es_es\/#website","url":"https:\/\/espaciosyambientes.com\/es_es\/","name":"PC MASTERS BOGOTA","description":"","potentialAction":[{"@type":"SearchAction","target":{"@type":"EntryPoint","urlTemplate":"https:\/\/espaciosyambientes.com\/es_es\/?s={search_term_string}"},"query-input":{"@type":"PropertyValueSpecification","valueRequired":true,"valueName":"search_term_string"}}],"inLanguage":"es"}]}},"_links":{"self":[{"href":"http:\/\/espaciosyambientes.com\/es_es\/wp-json\/wp\/v2\/product\/14026","targetHints":{"allow":["GET"]}}],"collection":[{"href":"http:\/\/espaciosyambientes.com\/es_es\/wp-json\/wp\/v2\/product"}],"about":[{"href":"http:\/\/espaciosyambientes.com\/es_es\/wp-json\/wp\/v2\/types\/product"}],"replies":[{"embeddable":true,"href":"http:\/\/espaciosyambientes.com\/es_es\/wp-json\/wp\/v2\/comments?post=14026"}],"version-history":[{"count":4,"href":"http:\/\/espaciosyambientes.com\/es_es\/wp-json\/wp\/v2\/product\/14026\/revisions"}],"predecessor-version":[{"id":17899,"href":"http:\/\/espaciosyambientes.com\/es_es\/wp-json\/wp\/v2\/product\/14026\/revisions\/17899"}],"wp:featuredmedia":[{"embeddable":true,"href":"http:\/\/espaciosyambientes.com\/es_es\/wp-json\/wp\/v2\/media\/16161"}],"wp:attachment":[{"href":"http:\/\/espaciosyambientes.com\/es_es\/wp-json\/wp\/v2\/media?parent=14026"}],"wp:term":[{"taxonomy":"product_brand","embeddable":true,"href":"http:\/\/espaciosyambientes.com\/es_es\/wp-json\/wp\/v2\/product_brand?post=14026"},{"taxonomy":"product_cat","embeddable":true,"href":"http:\/\/espaciosyambientes.com\/es_es\/wp-json\/wp\/v2\/product_cat?post=14026"},{"taxonomy":"product_tag","embeddable":true,"href":"http:\/\/espaciosyambientes.com\/es_es\/wp-json\/wp\/v2\/product_tag?post=14026"}],"curies":[{"name":"wp","href":"https:\/\/api.w.org\/{rel}","templated":true}]}}