{"id":13859,"date":"2021-08-09T14:59:55","date_gmt":"2021-08-09T19:59:55","guid":{"rendered":"https:\/\/espaciosyambientes.com\/?post_type=product&#038;p=13859"},"modified":"2022-03-31T19:14:53","modified_gmt":"2022-04-01T00:14:53","slug":"pny-quadro-p400-ddr5-3xdp-2-gigas","status":"publish","type":"product","link":"http:\/\/espaciosyambientes.com\/es_es\/producto\/pny-quadro-p400-ddr5-3xdp-2-gigas\/","title":{"rendered":"PNY QUADRO P400 DDR5.3xDP 2 GIGAS"},"content":{"rendered":"<p>https:\/\/www.pny.com\/nvidia-quadro-p400<\/p>\n<p>M\u00e1ximo consumo de energ\u00eda Pautas de potencia 30 w cuadro<br \/>\nEnergy Star Enabling si<br \/>\nSoluci\u00f3n t\u00e9rmica Ventilador activo ultra silencioso<br \/>\nFactor de forma 2.713 \u201cH x 5.904\u201d L, ranura simple<br \/>\nConectores de pantalla mDP 1.4 (3)<br \/>\nDisplayPort con audio si<br \/>\nConector de enlace \u00fanico DVI-D Mediante Adaptadores opcionales<br \/>\nSoporte HDMI Mediante Adaptadores opcionales<br \/>\nSoporte VGA Mediante Adaptadores opcionales<br \/>\n3 tecnolog\u00edas directas, 4 DP de transmisi\u00f3n m\u00faltiple<br \/>\nResoluci\u00f3n m\u00e1xima DP 1.4 HDR 5120 x 2880 a 60Hz (color de 30 bits)<br \/>\nSoporte de pantalla 5K HDR 5120 x 2880 a 60Hz (color de 30 bits)<br \/>\nSoporte de pantalla 4K HDR 4096 x 2160 a 60Hz o 3840 x 2160 a 60Hz<br \/>\nResoluci\u00f3n m\u00e1xima DVI-D DL 2560 x 1600 a 60Hz a trav\u00e9s de un adaptador de terceros<br \/>\nResoluci\u00f3n m\u00e1xima DVI-D SL 1920 x 1200 a 60Hz a trav\u00e9s del adaptador opcional<br \/>\nSoporte HDCP si<br \/>\nAPI de gr\u00e1ficos Shader Model 5.1, OpenGL 4.5, DirectX 12.0, Vulkan 1.0<br \/>\nCalcular API CUDA, DirectCompute, OpenCL<br \/>\nNVIEW si<br \/>\nNVIDIA MOSAIC S\u00ed (Windows 10, 8.1, 8, 7 y Linux)<\/p>\n","protected":false},"excerpt":{"rendered":"<p>N\u00facleos CUDA 256<br \/>\nM\u00e1ximo rendimiento de precisi\u00f3n simple FP32 0.641 TFLOPS<br \/>\nMemoria GPU 2 GB de GDDR5<br \/>\ninterfaz de memoria 64 bits<br \/>\nancho de banda de memoria 32 GB \/ s<br \/>\nInterfaz del sistema PCI Express 3.0 x16<\/p>\n","protected":false},"featured_media":16430,"comment_status":"open","ping_status":"closed","template":"","meta":[],"product_brand":[105],"product_cat":[73],"product_tag":[354],"class_list":{"0":"post-13859","1":"product","2":"type-product","3":"status-publish","4":"has-post-thumbnail","6":"product_brand-pny","7":"product_cat-tarjetas-graficas","8":"product_tag-gpu","10":"first","11":"instock","12":"taxable","13":"shipping-taxable","14":"purchasable","15":"product-type-simple"},"yoast_head":"<!-- This site is optimized with the Yoast SEO plugin v27.3 - https:\/\/yoast.com\/product\/yoast-seo-wordpress\/ -->\n<title>PNY QUADRO P400 DDR5.3xDP 2 GIGAS - PC MASTERS BOGOTA<\/title>\n<meta name=\"robots\" content=\"index, follow, max-snippet:-1, max-image-preview:large, max-video-preview:-1\" \/>\n<link rel=\"canonical\" href=\"https:\/\/espaciosyambientes.com\/es_es\/producto\/pny-quadro-p400-ddr5-3xdp-2-gigas\/\" \/>\n<meta property=\"og:locale\" content=\"es_ES\" \/>\n<meta property=\"og:type\" content=\"article\" \/>\n<meta property=\"og:title\" content=\"PNY QUADRO P400 DDR5.3xDP 2 GIGAS - PC MASTERS BOGOTA\" \/>\n<meta property=\"og:description\" content=\"N\u00facleos CUDA 256 M\u00e1ximo rendimiento de precisi\u00f3n simple FP32 0.641 TFLOPS Memoria GPU 2 GB de GDDR5 interfaz de memoria 64 bits ancho de banda de memoria 32 GB \/ s Interfaz del sistema PCI Express 3.0 x16\" \/>\n<meta property=\"og:url\" content=\"https:\/\/espaciosyambientes.com\/es_es\/producto\/pny-quadro-p400-ddr5-3xdp-2-gigas\/\" \/>\n<meta property=\"og:site_name\" content=\"PC MASTERS BOGOTA\" \/>\n<meta property=\"article:modified_time\" content=\"2022-04-01T00:14:53+00:00\" \/>\n<meta property=\"og:image\" content=\"https:\/\/espaciosyambientes.com\/wp-content\/uploads\/2021\/08\/4_Quadro_P400_V2_Top-Down.png\" \/>\n\t<meta property=\"og:image:width\" content=\"800\" \/>\n\t<meta property=\"og:image:height\" content=\"800\" \/>\n\t<meta property=\"og:image:type\" content=\"image\/png\" \/>\n<meta name=\"twitter:card\" content=\"summary_large_image\" \/>\n<meta name=\"twitter:label1\" content=\"Tiempo de lectura\" \/>\n\t<meta name=\"twitter:data1\" content=\"1 minuto\" \/>\n<script type=\"application\/ld+json\" class=\"yoast-schema-graph\">{\"@context\":\"https:\\\/\\\/schema.org\",\"@graph\":[{\"@type\":\"WebPage\",\"@id\":\"https:\\\/\\\/espaciosyambientes.com\\\/producto\\\/pny-quadro-p400-ddr5-3xdp-2-gigas\\\/\",\"url\":\"https:\\\/\\\/espaciosyambientes.com\\\/producto\\\/pny-quadro-p400-ddr5-3xdp-2-gigas\\\/\",\"name\":\"PNY QUADRO P400 DDR5.3xDP 2 GIGAS - PC MASTERS BOGOTA\",\"isPartOf\":{\"@id\":\"https:\\\/\\\/espaciosyambientes.com\\\/es_es\\\/#website\"},\"primaryImageOfPage\":{\"@id\":\"https:\\\/\\\/espaciosyambientes.com\\\/producto\\\/pny-quadro-p400-ddr5-3xdp-2-gigas\\\/#primaryimage\"},\"image\":{\"@id\":\"https:\\\/\\\/espaciosyambientes.com\\\/producto\\\/pny-quadro-p400-ddr5-3xdp-2-gigas\\\/#primaryimage\"},\"thumbnailUrl\":\"https:\\\/\\\/espaciosyambientes.com\\\/wp-content\\\/uploads\\\/2021\\\/08\\\/4_Quadro_P400_V2_Top-Down.png\",\"datePublished\":\"2021-08-09T19:59:55+00:00\",\"dateModified\":\"2022-04-01T00:14:53+00:00\",\"breadcrumb\":{\"@id\":\"https:\\\/\\\/espaciosyambientes.com\\\/producto\\\/pny-quadro-p400-ddr5-3xdp-2-gigas\\\/#breadcrumb\"},\"inLanguage\":\"es\",\"potentialAction\":[{\"@type\":\"ReadAction\",\"target\":[\"https:\\\/\\\/espaciosyambientes.com\\\/producto\\\/pny-quadro-p400-ddr5-3xdp-2-gigas\\\/\"]}]},{\"@type\":\"ImageObject\",\"inLanguage\":\"es\",\"@id\":\"https:\\\/\\\/espaciosyambientes.com\\\/producto\\\/pny-quadro-p400-ddr5-3xdp-2-gigas\\\/#primaryimage\",\"url\":\"https:\\\/\\\/espaciosyambientes.com\\\/wp-content\\\/uploads\\\/2021\\\/08\\\/4_Quadro_P400_V2_Top-Down.png\",\"contentUrl\":\"https:\\\/\\\/espaciosyambientes.com\\\/wp-content\\\/uploads\\\/2021\\\/08\\\/4_Quadro_P400_V2_Top-Down.png\",\"width\":800,\"height\":800},{\"@type\":\"BreadcrumbList\",\"@id\":\"https:\\\/\\\/espaciosyambientes.com\\\/producto\\\/pny-quadro-p400-ddr5-3xdp-2-gigas\\\/#breadcrumb\",\"itemListElement\":[{\"@type\":\"ListItem\",\"position\":1,\"name\":\"Home\",\"item\":\"https:\\\/\\\/espaciosyambientes.com\\\/\"},{\"@type\":\"ListItem\",\"position\":2,\"name\":\"Tienda\",\"item\":\"https:\\\/\\\/espaciosyambientes.com\\\/tienda\\\/\"},{\"@type\":\"ListItem\",\"position\":3,\"name\":\"PNY QUADRO P400 DDR5.3xDP 2 GIGAS\"}]},{\"@type\":\"WebSite\",\"@id\":\"https:\\\/\\\/espaciosyambientes.com\\\/es_es\\\/#website\",\"url\":\"https:\\\/\\\/espaciosyambientes.com\\\/es_es\\\/\",\"name\":\"PC MASTERS BOGOTA\",\"description\":\"\",\"potentialAction\":[{\"@type\":\"SearchAction\",\"target\":{\"@type\":\"EntryPoint\",\"urlTemplate\":\"https:\\\/\\\/espaciosyambientes.com\\\/es_es\\\/?s={search_term_string}\"},\"query-input\":{\"@type\":\"PropertyValueSpecification\",\"valueRequired\":true,\"valueName\":\"search_term_string\"}}],\"inLanguage\":\"es\"}]}<\/script>\n<!-- \/ Yoast SEO plugin. -->","yoast_head_json":{"title":"PNY QUADRO P400 DDR5.3xDP 2 GIGAS - PC MASTERS BOGOTA","robots":{"index":"index","follow":"follow","max-snippet":"max-snippet:-1","max-image-preview":"max-image-preview:large","max-video-preview":"max-video-preview:-1"},"canonical":"https:\/\/espaciosyambientes.com\/es_es\/producto\/pny-quadro-p400-ddr5-3xdp-2-gigas\/","og_locale":"es_ES","og_type":"article","og_title":"PNY QUADRO P400 DDR5.3xDP 2 GIGAS - PC MASTERS BOGOTA","og_description":"N\u00facleos CUDA 256 M\u00e1ximo rendimiento de precisi\u00f3n simple FP32 0.641 TFLOPS Memoria GPU 2 GB de GDDR5 interfaz de memoria 64 bits ancho de banda de memoria 32 GB \/ s Interfaz del sistema PCI Express 3.0 x16","og_url":"https:\/\/espaciosyambientes.com\/es_es\/producto\/pny-quadro-p400-ddr5-3xdp-2-gigas\/","og_site_name":"PC MASTERS BOGOTA","article_modified_time":"2022-04-01T00:14:53+00:00","og_image":[{"width":800,"height":800,"url":"https:\/\/espaciosyambientes.com\/wp-content\/uploads\/2021\/08\/4_Quadro_P400_V2_Top-Down.png","type":"image\/png"}],"twitter_card":"summary_large_image","twitter_misc":{"Tiempo de lectura":"1 minuto"},"schema":{"@context":"https:\/\/schema.org","@graph":[{"@type":"WebPage","@id":"https:\/\/espaciosyambientes.com\/producto\/pny-quadro-p400-ddr5-3xdp-2-gigas\/","url":"https:\/\/espaciosyambientes.com\/producto\/pny-quadro-p400-ddr5-3xdp-2-gigas\/","name":"PNY QUADRO P400 DDR5.3xDP 2 GIGAS - PC MASTERS BOGOTA","isPartOf":{"@id":"https:\/\/espaciosyambientes.com\/es_es\/#website"},"primaryImageOfPage":{"@id":"https:\/\/espaciosyambientes.com\/producto\/pny-quadro-p400-ddr5-3xdp-2-gigas\/#primaryimage"},"image":{"@id":"https:\/\/espaciosyambientes.com\/producto\/pny-quadro-p400-ddr5-3xdp-2-gigas\/#primaryimage"},"thumbnailUrl":"https:\/\/espaciosyambientes.com\/wp-content\/uploads\/2021\/08\/4_Quadro_P400_V2_Top-Down.png","datePublished":"2021-08-09T19:59:55+00:00","dateModified":"2022-04-01T00:14:53+00:00","breadcrumb":{"@id":"https:\/\/espaciosyambientes.com\/producto\/pny-quadro-p400-ddr5-3xdp-2-gigas\/#breadcrumb"},"inLanguage":"es","potentialAction":[{"@type":"ReadAction","target":["https:\/\/espaciosyambientes.com\/producto\/pny-quadro-p400-ddr5-3xdp-2-gigas\/"]}]},{"@type":"ImageObject","inLanguage":"es","@id":"https:\/\/espaciosyambientes.com\/producto\/pny-quadro-p400-ddr5-3xdp-2-gigas\/#primaryimage","url":"https:\/\/espaciosyambientes.com\/wp-content\/uploads\/2021\/08\/4_Quadro_P400_V2_Top-Down.png","contentUrl":"https:\/\/espaciosyambientes.com\/wp-content\/uploads\/2021\/08\/4_Quadro_P400_V2_Top-Down.png","width":800,"height":800},{"@type":"BreadcrumbList","@id":"https:\/\/espaciosyambientes.com\/producto\/pny-quadro-p400-ddr5-3xdp-2-gigas\/#breadcrumb","itemListElement":[{"@type":"ListItem","position":1,"name":"Home","item":"https:\/\/espaciosyambientes.com\/"},{"@type":"ListItem","position":2,"name":"Tienda","item":"https:\/\/espaciosyambientes.com\/tienda\/"},{"@type":"ListItem","position":3,"name":"PNY QUADRO P400 DDR5.3xDP 2 GIGAS"}]},{"@type":"WebSite","@id":"https:\/\/espaciosyambientes.com\/es_es\/#website","url":"https:\/\/espaciosyambientes.com\/es_es\/","name":"PC MASTERS BOGOTA","description":"","potentialAction":[{"@type":"SearchAction","target":{"@type":"EntryPoint","urlTemplate":"https:\/\/espaciosyambientes.com\/es_es\/?s={search_term_string}"},"query-input":{"@type":"PropertyValueSpecification","valueRequired":true,"valueName":"search_term_string"}}],"inLanguage":"es"}]}},"_links":{"self":[{"href":"http:\/\/espaciosyambientes.com\/es_es\/wp-json\/wp\/v2\/product\/13859","targetHints":{"allow":["GET"]}}],"collection":[{"href":"http:\/\/espaciosyambientes.com\/es_es\/wp-json\/wp\/v2\/product"}],"about":[{"href":"http:\/\/espaciosyambientes.com\/es_es\/wp-json\/wp\/v2\/types\/product"}],"replies":[{"embeddable":true,"href":"http:\/\/espaciosyambientes.com\/es_es\/wp-json\/wp\/v2\/comments?post=13859"}],"version-history":[{"count":4,"href":"http:\/\/espaciosyambientes.com\/es_es\/wp-json\/wp\/v2\/product\/13859\/revisions"}],"predecessor-version":[{"id":17930,"href":"http:\/\/espaciosyambientes.com\/es_es\/wp-json\/wp\/v2\/product\/13859\/revisions\/17930"}],"wp:featuredmedia":[{"embeddable":true,"href":"http:\/\/espaciosyambientes.com\/es_es\/wp-json\/wp\/v2\/media\/16430"}],"wp:attachment":[{"href":"http:\/\/espaciosyambientes.com\/es_es\/wp-json\/wp\/v2\/media?parent=13859"}],"wp:term":[{"taxonomy":"product_brand","embeddable":true,"href":"http:\/\/espaciosyambientes.com\/es_es\/wp-json\/wp\/v2\/product_brand?post=13859"},{"taxonomy":"product_cat","embeddable":true,"href":"http:\/\/espaciosyambientes.com\/es_es\/wp-json\/wp\/v2\/product_cat?post=13859"},{"taxonomy":"product_tag","embeddable":true,"href":"http:\/\/espaciosyambientes.com\/es_es\/wp-json\/wp\/v2\/product_tag?post=13859"}],"curies":[{"name":"wp","href":"https:\/\/api.w.org\/{rel}","templated":true}]}}