{"id":13313,"date":"2021-08-05T21:24:30","date_gmt":"2021-08-06T02:24:30","guid":{"rendered":"https:\/\/espaciosyambientes.com\/?post_type=product&#038;p=13313"},"modified":"2025-06-07T16:36:29","modified_gmt":"2025-06-07T21:36:29","slug":"aire-thermaltake-ux200-argb","status":"publish","type":"product","link":"http:\/\/espaciosyambientes.com\/es_es\/producto\/aire-thermaltake-ux200-argb\/","title":{"rendered":"THERMALTAKE UX200 ARGB AIRE"},"content":{"rendered":"<p>https:\/\/es.thermaltake.com\/ux200-argb-lighting-cpu-cooler.html<\/p>\n<p>El Disipador de CPU UX200 ARGB Lighting viene con cuchillas de alto flujo de aire y tubos de calor de cobre en forma de U. Los LED ARGB incorporados ofrecen un efecto de iluminaci\u00f3n vibrante que tambi\u00e9n admite la sincronizaci\u00f3n de la placa base. Compatible con socket universal Intel y AMD.<\/p>\n<p>16,8 M VERDADERO COLOR RGB<br \/>\nCon 15 LED direccionables de alto lumen con 16,8 millones de colores, UX200 le brinda la v\u00edvida experiencia de iluminaci\u00f3n RGB. Disfrute del rendimiento de enfriamiento confiable y el magn\u00edfico efecto visual con UX200.<\/p>\n<p>SINCRONIZAR CON EL SOFTWARE RGB DE LA MADRE<br \/>\nDise\u00f1ado para sincronizarse con ASUS Aura Sync, ASRock RGB LED, GIGABYTE RGB Fusion y MSI Mystic Light Sync. UX200 admite placas base que tienen un encabezado RGB direccionable de 5V, lo que le permite controlar las luces directamente.<br \/>\nP\/N<br \/>\nCL-P065-AL12SW-A<br \/>\nCOMPATIBILITY<br \/>\nIntel LGA 1156\/1155\/1151\/1150\/775<br \/>\nAMD AM4\/FM2\/FM1\/AM3+\/AM3\/AM2+\/AM2<br \/>\nDIMENSION<br \/>\n127 x 76 x 153.5 mm ( L x W x H)<br \/>\nHEATSINK MATERIAL<br \/>\nAluminum Fins<br \/>\nCopper Heatpipes<br \/>\nFAN DIMENSION<br \/>\n120 x 120 x 25 mm ( L x W x H)<br \/>\nFAN QUANTITY<br \/>\n1pcs<br \/>\nFAN SPEED<br \/>\nPWM 300 ~ 1500 RPM<br \/>\nRATED VOLTAGE<br \/>\n12V<br \/>\nSTART VOLTAGE<br \/>\n6.0 V<br \/>\nRATED CURRENT<br \/>\n0.48 A<br \/>\nPOWER INPUT<br \/>\n5.76 W<br \/>\nAIR FLOW<br \/>\n43.34 CFM<br \/>\nAIR PRESSURE<br \/>\n1.18 mm-H2O<br \/>\nACOUSTICAL NOISE<br \/>\n26.33 dBA<br \/>\nLIFE TIME\/FAN LIFE TIME<br \/>\n30,000 hours<br \/>\nPIN CONNECT<br \/>\n5V RGB header \u2013 2Pin<br \/>\n2510 &#8211; 4Pin<br \/>\nCOOLING POWER<br \/>\n130 W<br \/>\nWEIGHT<br \/>\n770g<\/p>\n","protected":false},"excerpt":{"rendered":"<p>Descripci\u00f3n<br \/>\nDisipador de CPU UX200 ARGB Lighting<br \/>\nGARANTIA 12 MESES \/ FACTURA ELECTRONICA.<br \/>\nCL-P065-AL12SW-A<\/p>\n","protected":false},"featured_media":13634,"comment_status":"open","ping_status":"closed","template":"","meta":[],"product_brand":[102],"product_cat":[70],"product_tag":[274],"class_list":{"0":"post-13313","1":"product","2":"type-product","3":"status-publish","4":"has-post-thumbnail","6":"product_brand-thermaltake","7":"product_cat-refrigeracion-aire","8":"product_tag-ux","10":"first","11":"instock","12":"taxable","13":"shipping-taxable","14":"purchasable","15":"product-type-simple"},"yoast_head":"<!-- This site is optimized with the Yoast SEO plugin v27.3 - https:\/\/yoast.com\/product\/yoast-seo-wordpress\/ -->\n<title>THERMALTAKE UX200 ARGB AIRE - PC MASTERS BOGOTA<\/title>\n<meta name=\"robots\" content=\"index, follow, max-snippet:-1, max-image-preview:large, max-video-preview:-1\" \/>\n<link rel=\"canonical\" href=\"https:\/\/espaciosyambientes.com\/es_es\/producto\/aire-thermaltake-ux200-argb\/\" \/>\n<meta property=\"og:locale\" content=\"es_ES\" \/>\n<meta property=\"og:type\" content=\"article\" \/>\n<meta property=\"og:title\" content=\"THERMALTAKE UX200 ARGB AIRE - PC MASTERS BOGOTA\" \/>\n<meta property=\"og:description\" content=\"Descripci\u00f3n Disipador de CPU UX200 ARGB Lighting GARANTIA 12 MESES \/ FACTURA ELECTRONICA. CL-P065-AL12SW-A\" \/>\n<meta property=\"og:url\" content=\"https:\/\/espaciosyambientes.com\/es_es\/producto\/aire-thermaltake-ux200-argb\/\" \/>\n<meta property=\"og:site_name\" content=\"PC MASTERS BOGOTA\" \/>\n<meta property=\"article:modified_time\" content=\"2025-06-07T21:36:29+00:00\" \/>\n<meta property=\"og:image\" content=\"https:\/\/espaciosyambientes.com\/wp-content\/uploads\/2021\/08\/ux20001.jpg\" \/>\n\t<meta property=\"og:image:width\" content=\"720\" \/>\n\t<meta property=\"og:image:height\" content=\"720\" \/>\n\t<meta property=\"og:image:type\" content=\"image\/jpeg\" \/>\n<meta name=\"twitter:card\" content=\"summary_large_image\" \/>\n<meta name=\"twitter:label1\" content=\"Tiempo de lectura\" \/>\n\t<meta name=\"twitter:data1\" content=\"1 minuto\" \/>\n<script type=\"application\/ld+json\" class=\"yoast-schema-graph\">{\"@context\":\"https:\\\/\\\/schema.org\",\"@graph\":[{\"@type\":\"WebPage\",\"@id\":\"https:\\\/\\\/espaciosyambientes.com\\\/producto\\\/aire-thermaltake-ux200-argb\\\/\",\"url\":\"https:\\\/\\\/espaciosyambientes.com\\\/producto\\\/aire-thermaltake-ux200-argb\\\/\",\"name\":\"THERMALTAKE UX200 ARGB AIRE - PC MASTERS BOGOTA\",\"isPartOf\":{\"@id\":\"https:\\\/\\\/espaciosyambientes.com\\\/es_es\\\/#website\"},\"primaryImageOfPage\":{\"@id\":\"https:\\\/\\\/espaciosyambientes.com\\\/producto\\\/aire-thermaltake-ux200-argb\\\/#primaryimage\"},\"image\":{\"@id\":\"https:\\\/\\\/espaciosyambientes.com\\\/producto\\\/aire-thermaltake-ux200-argb\\\/#primaryimage\"},\"thumbnailUrl\":\"https:\\\/\\\/espaciosyambientes.com\\\/wp-content\\\/uploads\\\/2021\\\/08\\\/ux20001.jpg\",\"datePublished\":\"2021-08-06T02:24:30+00:00\",\"dateModified\":\"2025-06-07T21:36:29+00:00\",\"breadcrumb\":{\"@id\":\"https:\\\/\\\/espaciosyambientes.com\\\/producto\\\/aire-thermaltake-ux200-argb\\\/#breadcrumb\"},\"inLanguage\":\"es\",\"potentialAction\":[{\"@type\":\"ReadAction\",\"target\":[\"https:\\\/\\\/espaciosyambientes.com\\\/producto\\\/aire-thermaltake-ux200-argb\\\/\"]}]},{\"@type\":\"ImageObject\",\"inLanguage\":\"es\",\"@id\":\"https:\\\/\\\/espaciosyambientes.com\\\/producto\\\/aire-thermaltake-ux200-argb\\\/#primaryimage\",\"url\":\"https:\\\/\\\/espaciosyambientes.com\\\/wp-content\\\/uploads\\\/2021\\\/08\\\/ux20001.jpg\",\"contentUrl\":\"https:\\\/\\\/espaciosyambientes.com\\\/wp-content\\\/uploads\\\/2021\\\/08\\\/ux20001.jpg\",\"width\":720,\"height\":720},{\"@type\":\"BreadcrumbList\",\"@id\":\"https:\\\/\\\/espaciosyambientes.com\\\/producto\\\/aire-thermaltake-ux200-argb\\\/#breadcrumb\",\"itemListElement\":[{\"@type\":\"ListItem\",\"position\":1,\"name\":\"Home\",\"item\":\"https:\\\/\\\/espaciosyambientes.com\\\/\"},{\"@type\":\"ListItem\",\"position\":2,\"name\":\"Tienda\",\"item\":\"https:\\\/\\\/espaciosyambientes.com\\\/tienda\\\/\"},{\"@type\":\"ListItem\",\"position\":3,\"name\":\"THERMALTAKE UX200 ARGB AIRE\"}]},{\"@type\":\"WebSite\",\"@id\":\"https:\\\/\\\/espaciosyambientes.com\\\/es_es\\\/#website\",\"url\":\"https:\\\/\\\/espaciosyambientes.com\\\/es_es\\\/\",\"name\":\"PC MASTERS BOGOTA\",\"description\":\"\",\"potentialAction\":[{\"@type\":\"SearchAction\",\"target\":{\"@type\":\"EntryPoint\",\"urlTemplate\":\"https:\\\/\\\/espaciosyambientes.com\\\/es_es\\\/?s={search_term_string}\"},\"query-input\":{\"@type\":\"PropertyValueSpecification\",\"valueRequired\":true,\"valueName\":\"search_term_string\"}}],\"inLanguage\":\"es\"}]}<\/script>\n<!-- \/ Yoast SEO plugin. -->","yoast_head_json":{"title":"THERMALTAKE UX200 ARGB AIRE - PC MASTERS BOGOTA","robots":{"index":"index","follow":"follow","max-snippet":"max-snippet:-1","max-image-preview":"max-image-preview:large","max-video-preview":"max-video-preview:-1"},"canonical":"https:\/\/espaciosyambientes.com\/es_es\/producto\/aire-thermaltake-ux200-argb\/","og_locale":"es_ES","og_type":"article","og_title":"THERMALTAKE UX200 ARGB AIRE - PC MASTERS BOGOTA","og_description":"Descripci\u00f3n Disipador de CPU UX200 ARGB Lighting GARANTIA 12 MESES \/ FACTURA ELECTRONICA. CL-P065-AL12SW-A","og_url":"https:\/\/espaciosyambientes.com\/es_es\/producto\/aire-thermaltake-ux200-argb\/","og_site_name":"PC MASTERS BOGOTA","article_modified_time":"2025-06-07T21:36:29+00:00","og_image":[{"width":720,"height":720,"url":"https:\/\/espaciosyambientes.com\/wp-content\/uploads\/2021\/08\/ux20001.jpg","type":"image\/jpeg"}],"twitter_card":"summary_large_image","twitter_misc":{"Tiempo de lectura":"1 minuto"},"schema":{"@context":"https:\/\/schema.org","@graph":[{"@type":"WebPage","@id":"https:\/\/espaciosyambientes.com\/producto\/aire-thermaltake-ux200-argb\/","url":"https:\/\/espaciosyambientes.com\/producto\/aire-thermaltake-ux200-argb\/","name":"THERMALTAKE UX200 ARGB AIRE - PC MASTERS BOGOTA","isPartOf":{"@id":"https:\/\/espaciosyambientes.com\/es_es\/#website"},"primaryImageOfPage":{"@id":"https:\/\/espaciosyambientes.com\/producto\/aire-thermaltake-ux200-argb\/#primaryimage"},"image":{"@id":"https:\/\/espaciosyambientes.com\/producto\/aire-thermaltake-ux200-argb\/#primaryimage"},"thumbnailUrl":"https:\/\/espaciosyambientes.com\/wp-content\/uploads\/2021\/08\/ux20001.jpg","datePublished":"2021-08-06T02:24:30+00:00","dateModified":"2025-06-07T21:36:29+00:00","breadcrumb":{"@id":"https:\/\/espaciosyambientes.com\/producto\/aire-thermaltake-ux200-argb\/#breadcrumb"},"inLanguage":"es","potentialAction":[{"@type":"ReadAction","target":["https:\/\/espaciosyambientes.com\/producto\/aire-thermaltake-ux200-argb\/"]}]},{"@type":"ImageObject","inLanguage":"es","@id":"https:\/\/espaciosyambientes.com\/producto\/aire-thermaltake-ux200-argb\/#primaryimage","url":"https:\/\/espaciosyambientes.com\/wp-content\/uploads\/2021\/08\/ux20001.jpg","contentUrl":"https:\/\/espaciosyambientes.com\/wp-content\/uploads\/2021\/08\/ux20001.jpg","width":720,"height":720},{"@type":"BreadcrumbList","@id":"https:\/\/espaciosyambientes.com\/producto\/aire-thermaltake-ux200-argb\/#breadcrumb","itemListElement":[{"@type":"ListItem","position":1,"name":"Home","item":"https:\/\/espaciosyambientes.com\/"},{"@type":"ListItem","position":2,"name":"Tienda","item":"https:\/\/espaciosyambientes.com\/tienda\/"},{"@type":"ListItem","position":3,"name":"THERMALTAKE UX200 ARGB AIRE"}]},{"@type":"WebSite","@id":"https:\/\/espaciosyambientes.com\/es_es\/#website","url":"https:\/\/espaciosyambientes.com\/es_es\/","name":"PC MASTERS BOGOTA","description":"","potentialAction":[{"@type":"SearchAction","target":{"@type":"EntryPoint","urlTemplate":"https:\/\/espaciosyambientes.com\/es_es\/?s={search_term_string}"},"query-input":{"@type":"PropertyValueSpecification","valueRequired":true,"valueName":"search_term_string"}}],"inLanguage":"es"}]}},"_links":{"self":[{"href":"http:\/\/espaciosyambientes.com\/es_es\/wp-json\/wp\/v2\/product\/13313","targetHints":{"allow":["GET"]}}],"collection":[{"href":"http:\/\/espaciosyambientes.com\/es_es\/wp-json\/wp\/v2\/product"}],"about":[{"href":"http:\/\/espaciosyambientes.com\/es_es\/wp-json\/wp\/v2\/types\/product"}],"replies":[{"embeddable":true,"href":"http:\/\/espaciosyambientes.com\/es_es\/wp-json\/wp\/v2\/comments?post=13313"}],"version-history":[{"count":4,"href":"http:\/\/espaciosyambientes.com\/es_es\/wp-json\/wp\/v2\/product\/13313\/revisions"}],"predecessor-version":[{"id":17949,"href":"http:\/\/espaciosyambientes.com\/es_es\/wp-json\/wp\/v2\/product\/13313\/revisions\/17949"}],"wp:featuredmedia":[{"embeddable":true,"href":"http:\/\/espaciosyambientes.com\/es_es\/wp-json\/wp\/v2\/media\/13634"}],"wp:attachment":[{"href":"http:\/\/espaciosyambientes.com\/es_es\/wp-json\/wp\/v2\/media?parent=13313"}],"wp:term":[{"taxonomy":"product_brand","embeddable":true,"href":"http:\/\/espaciosyambientes.com\/es_es\/wp-json\/wp\/v2\/product_brand?post=13313"},{"taxonomy":"product_cat","embeddable":true,"href":"http:\/\/espaciosyambientes.com\/es_es\/wp-json\/wp\/v2\/product_cat?post=13313"},{"taxonomy":"product_tag","embeddable":true,"href":"http:\/\/espaciosyambientes.com\/es_es\/wp-json\/wp\/v2\/product_tag?post=13313"}],"curies":[{"name":"wp","href":"https:\/\/api.w.org\/{rel}","templated":true}]}}