{"id":13269,"date":"2021-08-05T21:04:01","date_gmt":"2021-08-06T02:04:01","guid":{"rendered":"https:\/\/espaciosyambientes.com\/?post_type=product&#038;p=13269"},"modified":"2023-03-21T15:20:28","modified_gmt":"2023-03-21T20:20:28","slug":"cooler-master-sickleflow-120-rgb","status":"publish","type":"product","link":"http:\/\/espaciosyambientes.com\/es_es\/producto\/cooler-master-sickleflow-120-rgb\/","title":{"rendered":"COOLER MASTER SICKLEFLOW 120 RGB"},"content":{"rendered":"<p>https:\/\/www.coolermaster.com\/la\/es-la\/catalog\/coolers\/case-fan\/sickleflow-120-rgb\/<\/p>\n<p>Nivel de ruido 27 dB<br \/>\nCapacidad de flujo de aire 62 Pies c\u00fabicos por minuto por vatio<br \/>\nSobre este art\u00edculo<br \/>\nIluminaci\u00f3n lista para RGB: el ventilador SickleFlow RGB de 4.724 in (con color personalizable) cuenta con hojas transl\u00facidas, que difuminan la luz uniformemente en el ventilador (4 pines RGB), y es totalmente compatible con las placas base ARGB.<br \/>\nDise\u00f1o de hoja actualizado: las \u00faltimas cuchillas de ventilador Air Balance son m\u00e1s grandes y m\u00e1s curvadas que sus predecesores y ofrecen un mejor flujo de aire (62 CFM) y presi\u00f3n (2.5 mmH2O).<br \/>\nListo para la carcasa y el refrigerador: debido a su dise\u00f1o de hoja h\u00edbrida, los ventiladores SickleFlow son una excelente opci\u00f3n para casos con flujo de aire obstruido (presi\u00f3n de aire extra) o para disipadores de calor y radiadores de CPU que tienen aletas ampliamente espaciadas (o ventiladores obsoletos).<br \/>\nMarco reforzado: la carcasa cuadrada de 4.724 in se ha actualizado con soporte adicional de costillas que mejora la eficiencia mec\u00e1nica mientras amortigua la vibraci\u00f3n y el ruido (8~27 dBA).<br \/>\nNuevo sellador de rodamientos: el rodamiento de rifle cuenta con un mecanismo de sellado de dos niveles para proteger contra el polvo y las fugas, mejorando as\u00ed la durabilidad (160.000 MTTF) y superando a los competidores en su clase de rodamiento de ventilador (650~1800 RPM).<\/p>\n","protected":false},"excerpt":{"rendered":"<p>Dimensiones del producto 4.72 x 4.72 x 0.98 pulgadas; 5.5 Onzas<br \/>\nMarca Cooler Master<br \/>\nTipo de conector de alimentaci\u00f3n 4-Pin<br \/>\nPotencia 1.8 vatios<br \/>\nM\u00e9todo de refrigeraci\u00f3n Fan<\/p>\n","protected":false},"featured_media":13740,"comment_status":"open","ping_status":"closed","template":"","meta":[],"product_brand":[123],"product_cat":[69],"product_tag":[250],"class_list":{"0":"post-13269","1":"product","2":"type-product","3":"status-publish","4":"has-post-thumbnail","6":"product_brand-cooler-master","7":"product_cat-ventiladores","8":"product_tag-sickleflow","10":"first","11":"instock","12":"taxable","13":"shipping-taxable","14":"purchasable","15":"product-type-simple"},"yoast_head":"<!-- This site is optimized with the Yoast SEO plugin v27.3 - https:\/\/yoast.com\/product\/yoast-seo-wordpress\/ -->\n<title>COOLER MASTER SICKLEFLOW 120 RGB - PC MASTERS BOGOTA<\/title>\n<meta name=\"robots\" content=\"index, follow, max-snippet:-1, max-image-preview:large, max-video-preview:-1\" \/>\n<link rel=\"canonical\" href=\"https:\/\/espaciosyambientes.com\/es_es\/producto\/cooler-master-sickleflow-120-rgb\/\" \/>\n<meta property=\"og:locale\" content=\"es_ES\" \/>\n<meta property=\"og:type\" content=\"article\" \/>\n<meta property=\"og:title\" content=\"COOLER MASTER SICKLEFLOW 120 RGB - PC MASTERS BOGOTA\" \/>\n<meta property=\"og:description\" content=\"Dimensiones del producto 4.72 x 4.72 x 0.98 pulgadas; 5.5 Onzas Marca Cooler Master Tipo de conector de alimentaci\u00f3n 4-Pin Potencia 1.8 vatios M\u00e9todo de refrigeraci\u00f3n Fan\" \/>\n<meta property=\"og:url\" content=\"https:\/\/espaciosyambientes.com\/es_es\/producto\/cooler-master-sickleflow-120-rgb\/\" \/>\n<meta property=\"og:site_name\" content=\"PC MASTERS BOGOTA\" \/>\n<meta property=\"article:modified_time\" content=\"2023-03-21T20:20:28+00:00\" \/>\n<meta property=\"og:image\" content=\"https:\/\/espaciosyambientes.com\/wp-content\/uploads\/2021\/08\/81wk7eQG7LS._AC_SL1500_.jpg\" \/>\n\t<meta property=\"og:image:width\" content=\"1176\" \/>\n\t<meta property=\"og:image:height\" content=\"1500\" \/>\n\t<meta property=\"og:image:type\" content=\"image\/jpeg\" \/>\n<meta name=\"twitter:card\" content=\"summary_large_image\" \/>\n<meta name=\"twitter:label1\" content=\"Tiempo de lectura\" \/>\n\t<meta name=\"twitter:data1\" content=\"1 minuto\" \/>\n<script type=\"application\/ld+json\" class=\"yoast-schema-graph\">{\"@context\":\"https:\\\/\\\/schema.org\",\"@graph\":[{\"@type\":\"WebPage\",\"@id\":\"https:\\\/\\\/espaciosyambientes.com\\\/producto\\\/cooler-master-sickleflow-120-rgb\\\/\",\"url\":\"https:\\\/\\\/espaciosyambientes.com\\\/producto\\\/cooler-master-sickleflow-120-rgb\\\/\",\"name\":\"COOLER MASTER SICKLEFLOW 120 RGB - PC MASTERS BOGOTA\",\"isPartOf\":{\"@id\":\"https:\\\/\\\/espaciosyambientes.com\\\/es_es\\\/#website\"},\"primaryImageOfPage\":{\"@id\":\"https:\\\/\\\/espaciosyambientes.com\\\/producto\\\/cooler-master-sickleflow-120-rgb\\\/#primaryimage\"},\"image\":{\"@id\":\"https:\\\/\\\/espaciosyambientes.com\\\/producto\\\/cooler-master-sickleflow-120-rgb\\\/#primaryimage\"},\"thumbnailUrl\":\"https:\\\/\\\/espaciosyambientes.com\\\/wp-content\\\/uploads\\\/2021\\\/08\\\/81wk7eQG7LS._AC_SL1500_.jpg\",\"datePublished\":\"2021-08-06T02:04:01+00:00\",\"dateModified\":\"2023-03-21T20:20:28+00:00\",\"breadcrumb\":{\"@id\":\"https:\\\/\\\/espaciosyambientes.com\\\/producto\\\/cooler-master-sickleflow-120-rgb\\\/#breadcrumb\"},\"inLanguage\":\"es\",\"potentialAction\":[{\"@type\":\"ReadAction\",\"target\":[\"https:\\\/\\\/espaciosyambientes.com\\\/producto\\\/cooler-master-sickleflow-120-rgb\\\/\"]}]},{\"@type\":\"ImageObject\",\"inLanguage\":\"es\",\"@id\":\"https:\\\/\\\/espaciosyambientes.com\\\/producto\\\/cooler-master-sickleflow-120-rgb\\\/#primaryimage\",\"url\":\"https:\\\/\\\/espaciosyambientes.com\\\/wp-content\\\/uploads\\\/2021\\\/08\\\/81wk7eQG7LS._AC_SL1500_.jpg\",\"contentUrl\":\"https:\\\/\\\/espaciosyambientes.com\\\/wp-content\\\/uploads\\\/2021\\\/08\\\/81wk7eQG7LS._AC_SL1500_.jpg\",\"width\":1176,\"height\":1500},{\"@type\":\"BreadcrumbList\",\"@id\":\"https:\\\/\\\/espaciosyambientes.com\\\/producto\\\/cooler-master-sickleflow-120-rgb\\\/#breadcrumb\",\"itemListElement\":[{\"@type\":\"ListItem\",\"position\":1,\"name\":\"Home\",\"item\":\"https:\\\/\\\/espaciosyambientes.com\\\/\"},{\"@type\":\"ListItem\",\"position\":2,\"name\":\"Tienda\",\"item\":\"https:\\\/\\\/espaciosyambientes.com\\\/tienda\\\/\"},{\"@type\":\"ListItem\",\"position\":3,\"name\":\"COOLER MASTER SICKLEFLOW 120 RGB\"}]},{\"@type\":\"WebSite\",\"@id\":\"https:\\\/\\\/espaciosyambientes.com\\\/es_es\\\/#website\",\"url\":\"https:\\\/\\\/espaciosyambientes.com\\\/es_es\\\/\",\"name\":\"PC MASTERS BOGOTA\",\"description\":\"\",\"potentialAction\":[{\"@type\":\"SearchAction\",\"target\":{\"@type\":\"EntryPoint\",\"urlTemplate\":\"https:\\\/\\\/espaciosyambientes.com\\\/es_es\\\/?s={search_term_string}\"},\"query-input\":{\"@type\":\"PropertyValueSpecification\",\"valueRequired\":true,\"valueName\":\"search_term_string\"}}],\"inLanguage\":\"es\"}]}<\/script>\n<!-- \/ Yoast SEO plugin. -->","yoast_head_json":{"title":"COOLER MASTER SICKLEFLOW 120 RGB - PC MASTERS BOGOTA","robots":{"index":"index","follow":"follow","max-snippet":"max-snippet:-1","max-image-preview":"max-image-preview:large","max-video-preview":"max-video-preview:-1"},"canonical":"https:\/\/espaciosyambientes.com\/es_es\/producto\/cooler-master-sickleflow-120-rgb\/","og_locale":"es_ES","og_type":"article","og_title":"COOLER MASTER SICKLEFLOW 120 RGB - PC MASTERS BOGOTA","og_description":"Dimensiones del producto 4.72 x 4.72 x 0.98 pulgadas; 5.5 Onzas Marca Cooler Master Tipo de conector de alimentaci\u00f3n 4-Pin Potencia 1.8 vatios M\u00e9todo de refrigeraci\u00f3n Fan","og_url":"https:\/\/espaciosyambientes.com\/es_es\/producto\/cooler-master-sickleflow-120-rgb\/","og_site_name":"PC MASTERS BOGOTA","article_modified_time":"2023-03-21T20:20:28+00:00","og_image":[{"width":1176,"height":1500,"url":"https:\/\/espaciosyambientes.com\/wp-content\/uploads\/2021\/08\/81wk7eQG7LS._AC_SL1500_.jpg","type":"image\/jpeg"}],"twitter_card":"summary_large_image","twitter_misc":{"Tiempo de lectura":"1 minuto"},"schema":{"@context":"https:\/\/schema.org","@graph":[{"@type":"WebPage","@id":"https:\/\/espaciosyambientes.com\/producto\/cooler-master-sickleflow-120-rgb\/","url":"https:\/\/espaciosyambientes.com\/producto\/cooler-master-sickleflow-120-rgb\/","name":"COOLER MASTER SICKLEFLOW 120 RGB - PC MASTERS BOGOTA","isPartOf":{"@id":"https:\/\/espaciosyambientes.com\/es_es\/#website"},"primaryImageOfPage":{"@id":"https:\/\/espaciosyambientes.com\/producto\/cooler-master-sickleflow-120-rgb\/#primaryimage"},"image":{"@id":"https:\/\/espaciosyambientes.com\/producto\/cooler-master-sickleflow-120-rgb\/#primaryimage"},"thumbnailUrl":"https:\/\/espaciosyambientes.com\/wp-content\/uploads\/2021\/08\/81wk7eQG7LS._AC_SL1500_.jpg","datePublished":"2021-08-06T02:04:01+00:00","dateModified":"2023-03-21T20:20:28+00:00","breadcrumb":{"@id":"https:\/\/espaciosyambientes.com\/producto\/cooler-master-sickleflow-120-rgb\/#breadcrumb"},"inLanguage":"es","potentialAction":[{"@type":"ReadAction","target":["https:\/\/espaciosyambientes.com\/producto\/cooler-master-sickleflow-120-rgb\/"]}]},{"@type":"ImageObject","inLanguage":"es","@id":"https:\/\/espaciosyambientes.com\/producto\/cooler-master-sickleflow-120-rgb\/#primaryimage","url":"https:\/\/espaciosyambientes.com\/wp-content\/uploads\/2021\/08\/81wk7eQG7LS._AC_SL1500_.jpg","contentUrl":"https:\/\/espaciosyambientes.com\/wp-content\/uploads\/2021\/08\/81wk7eQG7LS._AC_SL1500_.jpg","width":1176,"height":1500},{"@type":"BreadcrumbList","@id":"https:\/\/espaciosyambientes.com\/producto\/cooler-master-sickleflow-120-rgb\/#breadcrumb","itemListElement":[{"@type":"ListItem","position":1,"name":"Home","item":"https:\/\/espaciosyambientes.com\/"},{"@type":"ListItem","position":2,"name":"Tienda","item":"https:\/\/espaciosyambientes.com\/tienda\/"},{"@type":"ListItem","position":3,"name":"COOLER MASTER SICKLEFLOW 120 RGB"}]},{"@type":"WebSite","@id":"https:\/\/espaciosyambientes.com\/es_es\/#website","url":"https:\/\/espaciosyambientes.com\/es_es\/","name":"PC MASTERS BOGOTA","description":"","potentialAction":[{"@type":"SearchAction","target":{"@type":"EntryPoint","urlTemplate":"https:\/\/espaciosyambientes.com\/es_es\/?s={search_term_string}"},"query-input":{"@type":"PropertyValueSpecification","valueRequired":true,"valueName":"search_term_string"}}],"inLanguage":"es"}]}},"_links":{"self":[{"href":"http:\/\/espaciosyambientes.com\/es_es\/wp-json\/wp\/v2\/product\/13269","targetHints":{"allow":["GET"]}}],"collection":[{"href":"http:\/\/espaciosyambientes.com\/es_es\/wp-json\/wp\/v2\/product"}],"about":[{"href":"http:\/\/espaciosyambientes.com\/es_es\/wp-json\/wp\/v2\/types\/product"}],"replies":[{"embeddable":true,"href":"http:\/\/espaciosyambientes.com\/es_es\/wp-json\/wp\/v2\/comments?post=13269"}],"version-history":[{"count":4,"href":"http:\/\/espaciosyambientes.com\/es_es\/wp-json\/wp\/v2\/product\/13269\/revisions"}],"predecessor-version":[{"id":17967,"href":"http:\/\/espaciosyambientes.com\/es_es\/wp-json\/wp\/v2\/product\/13269\/revisions\/17967"}],"wp:featuredmedia":[{"embeddable":true,"href":"http:\/\/espaciosyambientes.com\/es_es\/wp-json\/wp\/v2\/media\/13740"}],"wp:attachment":[{"href":"http:\/\/espaciosyambientes.com\/es_es\/wp-json\/wp\/v2\/media?parent=13269"}],"wp:term":[{"taxonomy":"product_brand","embeddable":true,"href":"http:\/\/espaciosyambientes.com\/es_es\/wp-json\/wp\/v2\/product_brand?post=13269"},{"taxonomy":"product_cat","embeddable":true,"href":"http:\/\/espaciosyambientes.com\/es_es\/wp-json\/wp\/v2\/product_cat?post=13269"},{"taxonomy":"product_tag","embeddable":true,"href":"http:\/\/espaciosyambientes.com\/es_es\/wp-json\/wp\/v2\/product_tag?post=13269"}],"curies":[{"name":"wp","href":"https:\/\/api.w.org\/{rel}","templated":true}]}}