{"id":13102,"date":"2021-08-05T18:23:28","date_gmt":"2021-08-05T23:23:28","guid":{"rendered":"https:\/\/espaciosyambientes.com\/?post_type=product&#038;p=13102"},"modified":"2021-10-26T14:18:13","modified_gmt":"2021-10-26T19:18:13","slug":"msi-clutch-gm20-elite-rgb","status":"publish","type":"product","link":"http:\/\/espaciosyambientes.com\/es_es\/producto\/msi-clutch-gm20-elite-rgb\/","title":{"rendered":"MSI CLUTCH GM20 ELITE RGB"},"content":{"rendered":"<p>https:\/\/es.msi.com\/Gaming-Gear\/CLUTCH-GM20-ELITE<\/p>\n<p>Dimensiones del producto 7.8 x 5.2 x 2.1 pulgadas; 4.8 Onzas<br \/>\nSobre este art\u00edculo<br \/>\nSensor \u00f3ptico r\u00e1pido y preciso<br \/>\nModo de efecto de luz m\u00edstica RGB<br \/>\nSistema de ajuste de peso ajustable<br \/>\nBot\u00f3n de cambio de DPI de hasta 6400 DPI<br \/>\nCalidad de construcci\u00f3n duradera con interruptores Omron<\/p>\n","protected":false},"excerpt":{"rendered":"<p>Tecnolog\u00eda de conectividad Usb<br \/>\nMarca MSI<br \/>\nTecnolog\u00eda de detecci\u00f3n de movimiento Optical<br \/>\nEstilo Embrague GM20 Elite<\/p>\n","protected":false},"featured_media":14430,"comment_status":"open","ping_status":"closed","template":"","meta":[],"product_brand":[181],"product_cat":[38],"product_tag":[178],"class_list":{"0":"post-13102","1":"product","2":"type-product","3":"status-publish","4":"has-post-thumbnail","6":"product_brand-clutch","7":"product_cat-mouse","8":"product_tag-clutch","10":"first","11":"instock","12":"taxable","13":"shipping-taxable","14":"purchasable","15":"product-type-simple"},"yoast_head":"<!-- This site is optimized with the Yoast SEO plugin v27.3 - https:\/\/yoast.com\/product\/yoast-seo-wordpress\/ -->\n<title>MSI CLUTCH GM20 ELITE RGB - PC MASTERS BOGOTA<\/title>\n<meta name=\"robots\" content=\"index, follow, max-snippet:-1, max-image-preview:large, max-video-preview:-1\" \/>\n<link rel=\"canonical\" href=\"https:\/\/espaciosyambientes.com\/es_es\/producto\/msi-clutch-gm20-elite-rgb\/\" \/>\n<meta property=\"og:locale\" content=\"es_ES\" \/>\n<meta property=\"og:type\" content=\"article\" \/>\n<meta property=\"og:title\" content=\"MSI CLUTCH GM20 ELITE RGB - PC MASTERS BOGOTA\" \/>\n<meta property=\"og:description\" content=\"Tecnolog\u00eda de conectividad Usb Marca MSI Tecnolog\u00eda de detecci\u00f3n de movimiento Optical Estilo Embrague GM20 Elite\" \/>\n<meta property=\"og:url\" content=\"https:\/\/espaciosyambientes.com\/es_es\/producto\/msi-clutch-gm20-elite-rgb\/\" \/>\n<meta property=\"og:site_name\" content=\"PC MASTERS BOGOTA\" \/>\n<meta property=\"article:modified_time\" content=\"2021-10-26T19:18:13+00:00\" \/>\n<meta property=\"og:image\" content=\"https:\/\/espaciosyambientes.com\/wp-content\/uploads\/2021\/08\/product_7_20200929174958_5f730346e3469.png\" \/>\n\t<meta property=\"og:image:width\" content=\"1024\" \/>\n\t<meta property=\"og:image:height\" content=\"820\" \/>\n\t<meta property=\"og:image:type\" content=\"image\/png\" \/>\n<meta name=\"twitter:card\" content=\"summary_large_image\" \/>\n<script type=\"application\/ld+json\" class=\"yoast-schema-graph\">{\"@context\":\"https:\\\/\\\/schema.org\",\"@graph\":[{\"@type\":\"WebPage\",\"@id\":\"https:\\\/\\\/espaciosyambientes.com\\\/producto\\\/msi-clutch-gm20-elite-rgb\\\/\",\"url\":\"https:\\\/\\\/espaciosyambientes.com\\\/producto\\\/msi-clutch-gm20-elite-rgb\\\/\",\"name\":\"MSI CLUTCH GM20 ELITE RGB - PC MASTERS BOGOTA\",\"isPartOf\":{\"@id\":\"https:\\\/\\\/espaciosyambientes.com\\\/es_es\\\/#website\"},\"primaryImageOfPage\":{\"@id\":\"https:\\\/\\\/espaciosyambientes.com\\\/producto\\\/msi-clutch-gm20-elite-rgb\\\/#primaryimage\"},\"image\":{\"@id\":\"https:\\\/\\\/espaciosyambientes.com\\\/producto\\\/msi-clutch-gm20-elite-rgb\\\/#primaryimage\"},\"thumbnailUrl\":\"https:\\\/\\\/espaciosyambientes.com\\\/wp-content\\\/uploads\\\/2021\\\/08\\\/product_7_20200929174958_5f730346e3469.png\",\"datePublished\":\"2021-08-05T23:23:28+00:00\",\"dateModified\":\"2021-10-26T19:18:13+00:00\",\"breadcrumb\":{\"@id\":\"https:\\\/\\\/espaciosyambientes.com\\\/producto\\\/msi-clutch-gm20-elite-rgb\\\/#breadcrumb\"},\"inLanguage\":\"es\",\"potentialAction\":[{\"@type\":\"ReadAction\",\"target\":[\"https:\\\/\\\/espaciosyambientes.com\\\/producto\\\/msi-clutch-gm20-elite-rgb\\\/\"]}]},{\"@type\":\"ImageObject\",\"inLanguage\":\"es\",\"@id\":\"https:\\\/\\\/espaciosyambientes.com\\\/producto\\\/msi-clutch-gm20-elite-rgb\\\/#primaryimage\",\"url\":\"https:\\\/\\\/espaciosyambientes.com\\\/wp-content\\\/uploads\\\/2021\\\/08\\\/product_7_20200929174958_5f730346e3469.png\",\"contentUrl\":\"https:\\\/\\\/espaciosyambientes.com\\\/wp-content\\\/uploads\\\/2021\\\/08\\\/product_7_20200929174958_5f730346e3469.png\",\"width\":1024,\"height\":820},{\"@type\":\"BreadcrumbList\",\"@id\":\"https:\\\/\\\/espaciosyambientes.com\\\/producto\\\/msi-clutch-gm20-elite-rgb\\\/#breadcrumb\",\"itemListElement\":[{\"@type\":\"ListItem\",\"position\":1,\"name\":\"Home\",\"item\":\"https:\\\/\\\/espaciosyambientes.com\\\/\"},{\"@type\":\"ListItem\",\"position\":2,\"name\":\"Tienda\",\"item\":\"https:\\\/\\\/espaciosyambientes.com\\\/tienda\\\/\"},{\"@type\":\"ListItem\",\"position\":3,\"name\":\"MSI CLUTCH GM20 ELITE RGB\"}]},{\"@type\":\"WebSite\",\"@id\":\"https:\\\/\\\/espaciosyambientes.com\\\/es_es\\\/#website\",\"url\":\"https:\\\/\\\/espaciosyambientes.com\\\/es_es\\\/\",\"name\":\"PC MASTERS BOGOTA\",\"description\":\"\",\"potentialAction\":[{\"@type\":\"SearchAction\",\"target\":{\"@type\":\"EntryPoint\",\"urlTemplate\":\"https:\\\/\\\/espaciosyambientes.com\\\/es_es\\\/?s={search_term_string}\"},\"query-input\":{\"@type\":\"PropertyValueSpecification\",\"valueRequired\":true,\"valueName\":\"search_term_string\"}}],\"inLanguage\":\"es\"}]}<\/script>\n<!-- \/ Yoast SEO plugin. -->","yoast_head_json":{"title":"MSI CLUTCH GM20 ELITE RGB - PC MASTERS BOGOTA","robots":{"index":"index","follow":"follow","max-snippet":"max-snippet:-1","max-image-preview":"max-image-preview:large","max-video-preview":"max-video-preview:-1"},"canonical":"https:\/\/espaciosyambientes.com\/es_es\/producto\/msi-clutch-gm20-elite-rgb\/","og_locale":"es_ES","og_type":"article","og_title":"MSI CLUTCH GM20 ELITE RGB - PC MASTERS BOGOTA","og_description":"Tecnolog\u00eda de conectividad Usb Marca MSI Tecnolog\u00eda de detecci\u00f3n de movimiento Optical Estilo Embrague GM20 Elite","og_url":"https:\/\/espaciosyambientes.com\/es_es\/producto\/msi-clutch-gm20-elite-rgb\/","og_site_name":"PC MASTERS BOGOTA","article_modified_time":"2021-10-26T19:18:13+00:00","og_image":[{"width":1024,"height":820,"url":"https:\/\/espaciosyambientes.com\/wp-content\/uploads\/2021\/08\/product_7_20200929174958_5f730346e3469.png","type":"image\/png"}],"twitter_card":"summary_large_image","schema":{"@context":"https:\/\/schema.org","@graph":[{"@type":"WebPage","@id":"https:\/\/espaciosyambientes.com\/producto\/msi-clutch-gm20-elite-rgb\/","url":"https:\/\/espaciosyambientes.com\/producto\/msi-clutch-gm20-elite-rgb\/","name":"MSI CLUTCH GM20 ELITE RGB - PC MASTERS BOGOTA","isPartOf":{"@id":"https:\/\/espaciosyambientes.com\/es_es\/#website"},"primaryImageOfPage":{"@id":"https:\/\/espaciosyambientes.com\/producto\/msi-clutch-gm20-elite-rgb\/#primaryimage"},"image":{"@id":"https:\/\/espaciosyambientes.com\/producto\/msi-clutch-gm20-elite-rgb\/#primaryimage"},"thumbnailUrl":"https:\/\/espaciosyambientes.com\/wp-content\/uploads\/2021\/08\/product_7_20200929174958_5f730346e3469.png","datePublished":"2021-08-05T23:23:28+00:00","dateModified":"2021-10-26T19:18:13+00:00","breadcrumb":{"@id":"https:\/\/espaciosyambientes.com\/producto\/msi-clutch-gm20-elite-rgb\/#breadcrumb"},"inLanguage":"es","potentialAction":[{"@type":"ReadAction","target":["https:\/\/espaciosyambientes.com\/producto\/msi-clutch-gm20-elite-rgb\/"]}]},{"@type":"ImageObject","inLanguage":"es","@id":"https:\/\/espaciosyambientes.com\/producto\/msi-clutch-gm20-elite-rgb\/#primaryimage","url":"https:\/\/espaciosyambientes.com\/wp-content\/uploads\/2021\/08\/product_7_20200929174958_5f730346e3469.png","contentUrl":"https:\/\/espaciosyambientes.com\/wp-content\/uploads\/2021\/08\/product_7_20200929174958_5f730346e3469.png","width":1024,"height":820},{"@type":"BreadcrumbList","@id":"https:\/\/espaciosyambientes.com\/producto\/msi-clutch-gm20-elite-rgb\/#breadcrumb","itemListElement":[{"@type":"ListItem","position":1,"name":"Home","item":"https:\/\/espaciosyambientes.com\/"},{"@type":"ListItem","position":2,"name":"Tienda","item":"https:\/\/espaciosyambientes.com\/tienda\/"},{"@type":"ListItem","position":3,"name":"MSI CLUTCH GM20 ELITE RGB"}]},{"@type":"WebSite","@id":"https:\/\/espaciosyambientes.com\/es_es\/#website","url":"https:\/\/espaciosyambientes.com\/es_es\/","name":"PC MASTERS BOGOTA","description":"","potentialAction":[{"@type":"SearchAction","target":{"@type":"EntryPoint","urlTemplate":"https:\/\/espaciosyambientes.com\/es_es\/?s={search_term_string}"},"query-input":{"@type":"PropertyValueSpecification","valueRequired":true,"valueName":"search_term_string"}}],"inLanguage":"es"}]}},"_links":{"self":[{"href":"http:\/\/espaciosyambientes.com\/es_es\/wp-json\/wp\/v2\/product\/13102","targetHints":{"allow":["GET"]}}],"collection":[{"href":"http:\/\/espaciosyambientes.com\/es_es\/wp-json\/wp\/v2\/product"}],"about":[{"href":"http:\/\/espaciosyambientes.com\/es_es\/wp-json\/wp\/v2\/types\/product"}],"replies":[{"embeddable":true,"href":"http:\/\/espaciosyambientes.com\/es_es\/wp-json\/wp\/v2\/comments?post=13102"}],"version-history":[{"count":4,"href":"http:\/\/espaciosyambientes.com\/es_es\/wp-json\/wp\/v2\/product\/13102\/revisions"}],"predecessor-version":[{"id":18040,"href":"http:\/\/espaciosyambientes.com\/es_es\/wp-json\/wp\/v2\/product\/13102\/revisions\/18040"}],"wp:featuredmedia":[{"embeddable":true,"href":"http:\/\/espaciosyambientes.com\/es_es\/wp-json\/wp\/v2\/media\/14430"}],"wp:attachment":[{"href":"http:\/\/espaciosyambientes.com\/es_es\/wp-json\/wp\/v2\/media?parent=13102"}],"wp:term":[{"taxonomy":"product_brand","embeddable":true,"href":"http:\/\/espaciosyambientes.com\/es_es\/wp-json\/wp\/v2\/product_brand?post=13102"},{"taxonomy":"product_cat","embeddable":true,"href":"http:\/\/espaciosyambientes.com\/es_es\/wp-json\/wp\/v2\/product_cat?post=13102"},{"taxonomy":"product_tag","embeddable":true,"href":"http:\/\/espaciosyambientes.com\/es_es\/wp-json\/wp\/v2\/product_tag?post=13102"}],"curies":[{"name":"wp","href":"https:\/\/api.w.org\/{rel}","templated":true}]}}