{"id":13097,"date":"2021-08-05T18:23:27","date_gmt":"2021-08-05T23:23:27","guid":{"rendered":"https:\/\/espaciosyambientes.com\/?post_type=product&#038;p=13097"},"modified":"2025-10-02T12:00:43","modified_gmt":"2025-10-02T17:00:43","slug":"logitech-g502-hero-rgb","status":"publish","type":"product","link":"http:\/\/espaciosyambientes.com\/es_es\/producto\/logitech-g502-hero-rgb\/","title":{"rendered":"LOGITECH G502 HERO RGB"},"content":{"rendered":"<p>https:\/\/www.logitechg.com\/es-roam\/products\/gaming-mice\/g502-hero-gaming-mouse.html<\/p>\n<div class=\"specs-group\">\n<ul class=\"dotted\">\n<li>Altura: 132 mm<\/li>\n<li>Anchura: 75 mm<\/li>\n<li>Profundidad: 40 mm<\/li>\n<li>Peso: 121 g, s\u00f3lo mouse<\/li>\n<li>Pesos adicionales opcionales: hasta 18\u00a0g (5 x 3,6\u00a0g)<\/li>\n<li>Longitud de cable: 2,10 m<\/li>\n<\/ul>\n<ul class=\"specs-disclaimers\">\n<li><\/li>\n<\/ul>\n<\/div>\n<div class=\"specs-group\">\n<h2 class=\"specs-group-title\">SEGUIMIENTO<\/h2>\n<ul class=\"dotted\">\n<li>Sensor: HERO<sup>\u2122<\/sup><\/li>\n<li>Resoluci\u00f3n: 100 \u2013 25.600 dpi<\/li>\n<li>Sin suavizado\/aceleraci\u00f3n\/filtros<\/li>\n<li>Aceleraci\u00f3n m\u00e1x.: &gt; 40 G<a class=\"note theme-light note-tooltip js-note-tooltip\"><sup>2<\/sup><span class=\"visually-hidden\">Pruebas realizadas sobre alfombrilla de mouse Logitech G240 para juegos<\/span><\/a><\/li>\n<li>Velocidad m\u00e1x.: &gt; 400 ips<a class=\"note theme-light note-tooltip js-note-tooltip\"><sup>3<\/sup><span class=\"visually-hidden\">Pruebas realizadas sobre alfombrilla de mouse Logitech G240 para juegos<\/span><\/a><\/li>\n<\/ul>\n<ul class=\"specs-disclaimers\">\n<li><\/li>\n<\/ul>\n<\/div>\n<div class=\"specs-group\">\n<h2 class=\"specs-group-title\">RESPUESTA<\/h2>\n<ul class=\"dotted\">\n<li>Formato de datos USB: 16 bits\/eje<\/li>\n<li>Velocidad de respuesta USB: 1000\u00a0Hz (1\u00a0ms)<\/li>\n<li>Microprocesador: 32\u00a0bits ARM<\/li>\n<\/ul>\n<ul class=\"specs-disclaimers\">\n<li><\/li>\n<\/ul>\n<\/div>\n<div class=\"specs-group\">\n<h2 class=\"specs-group-title\">DURABILIDAD<\/h2>\n<ul class=\"dotted\">\n<li>Pies de PTFE: Recorrido &gt; 250\u00a0km<a class=\"note theme-light note-tooltip js-note-tooltip\"><sup>4<\/sup><span class=\"visually-hidden\">Pruebas realizadas sobre alfombrilla de mouse Logitech G240 para juegos<\/span><\/a><\/li>\n<\/ul>\n<ul class=\"specs-disclaimers\">\n<li><\/li>\n<\/ul>\n<\/div>\n<div class=\"specs-group\">\n<h2 class=\"specs-group-title\">OTRAS FUNCIONES<\/h2>\n<ul class=\"dotted\">\n<li>Memoria integrada: Hasta cinco perfiles (requiere firmware 127.1.7)<\/li>\n<li>RGB LIGHTSYNC: 1 zona<\/li>\n<\/ul>\n<ul class=\"specs-disclaimers\">\n<li><\/li>\n<\/ul>\n<\/div>\n<div class=\"specs-group\">\n<h2 class=\"specs-group-title\">REQUISITOS<\/h2>\n<ul class=\"dotted\">\n<li>Windows<sup>\u00ae<\/sup>\u00a07 o posteriores<\/li>\n<li>macOS\u00a010.11 o posterior<\/li>\n<li>Chrome OS<sup>\u2122<\/sup><\/li>\n<li>Puerto USB<\/li>\n<li>Conexi\u00f3n a Internet para Logitech G HUB (opcional)<\/li>\n<\/ul>\n<ul class=\"specs-disclaimers\">\n<li><\/li>\n<\/ul>\n<\/div>\n<div class=\"specs-group\">\n<h2 class=\"specs-group-title\">N\u00daMERO DE REFERENCIA<\/h2>\n<ul class=\"dotted\">\n<li>Negro : 910-005550<\/li>\n<li>KDA : 910-006096<\/li>\n<\/ul>\n<ul class=\"specs-disclaimers\">\n<li><\/li>\n<\/ul>\n<\/div>\n<div class=\"specs-group\">\n<h2 class=\"specs-group-title\">INFORMACI\u00d3N DE GARANT\u00cdA<\/h2>\n<ul class=\"dotted\">\n<li>Dos a\u00f1os de garant\u00eda de hardware limitada<\/li>\n<\/ul>\n<\/div>\n","protected":false},"excerpt":{"rendered":"<p>G502 HERO dispone de un sensor \u00f3ptico avanzado para m\u00e1xima precisi\u00f3n de seguimiento, iluminaci\u00f3n RGB personalizada, perfiles de juego personalizados, de 200 a 25.600 dpi y pesas reposicionables.<\/p>\n","protected":false},"featured_media":14566,"comment_status":"open","ping_status":"closed","template":"","meta":[],"product_brand":[127],"product_cat":[38],"product_tag":[174],"class_list":{"0":"post-13097","1":"product","2":"type-product","3":"status-publish","4":"has-post-thumbnail","6":"product_brand-logitech","7":"product_cat-mouse","8":"product_tag-g502","10":"first","11":"instock","12":"taxable","13":"shipping-taxable","14":"purchasable","15":"product-type-simple"},"yoast_head":"<!-- This site is optimized with the Yoast SEO plugin v27.3 - https:\/\/yoast.com\/product\/yoast-seo-wordpress\/ -->\n<title>LOGITECH G502 HERO RGB - PC MASTERS BOGOTA<\/title>\n<meta name=\"robots\" content=\"index, follow, max-snippet:-1, max-image-preview:large, max-video-preview:-1\" \/>\n<link rel=\"canonical\" href=\"https:\/\/espaciosyambientes.com\/es_es\/producto\/logitech-g502-hero-rgb\/\" \/>\n<meta property=\"og:locale\" content=\"es_ES\" \/>\n<meta property=\"og:type\" content=\"article\" \/>\n<meta property=\"og:title\" content=\"LOGITECH G502 HERO RGB - PC MASTERS BOGOTA\" \/>\n<meta property=\"og:description\" content=\"G502 HERO dispone de un sensor \u00f3ptico avanzado para m\u00e1xima precisi\u00f3n de seguimiento, iluminaci\u00f3n RGB personalizada, perfiles de juego personalizados, de 200 a 25.600 dpi y pesas reposicionables.\" \/>\n<meta property=\"og:url\" content=\"https:\/\/espaciosyambientes.com\/es_es\/producto\/logitech-g502-hero-rgb\/\" \/>\n<meta property=\"og:site_name\" content=\"PC MASTERS BOGOTA\" \/>\n<meta property=\"article:modified_time\" content=\"2025-10-02T17:00:43+00:00\" \/>\n<meta property=\"og:image\" content=\"https:\/\/espaciosyambientes.com\/wp-content\/uploads\/2021\/08\/g502-hero-gallery-1-nb.webp\" \/>\n\t<meta property=\"og:image:width\" content=\"692\" \/>\n\t<meta property=\"og:image:height\" content=\"519\" \/>\n\t<meta property=\"og:image:type\" content=\"image\/webp\" \/>\n<meta name=\"twitter:card\" content=\"summary_large_image\" \/>\n<meta name=\"twitter:label1\" content=\"Tiempo de lectura\" \/>\n\t<meta name=\"twitter:data1\" content=\"1 minuto\" \/>\n<script type=\"application\/ld+json\" class=\"yoast-schema-graph\">{\"@context\":\"https:\\\/\\\/schema.org\",\"@graph\":[{\"@type\":\"WebPage\",\"@id\":\"https:\\\/\\\/espaciosyambientes.com\\\/producto\\\/logitech-g502-hero-rgb\\\/\",\"url\":\"https:\\\/\\\/espaciosyambientes.com\\\/producto\\\/logitech-g502-hero-rgb\\\/\",\"name\":\"LOGITECH G502 HERO RGB - PC MASTERS BOGOTA\",\"isPartOf\":{\"@id\":\"https:\\\/\\\/espaciosyambientes.com\\\/es_es\\\/#website\"},\"primaryImageOfPage\":{\"@id\":\"https:\\\/\\\/espaciosyambientes.com\\\/producto\\\/logitech-g502-hero-rgb\\\/#primaryimage\"},\"image\":{\"@id\":\"https:\\\/\\\/espaciosyambientes.com\\\/producto\\\/logitech-g502-hero-rgb\\\/#primaryimage\"},\"thumbnailUrl\":\"https:\\\/\\\/espaciosyambientes.com\\\/wp-content\\\/uploads\\\/2021\\\/08\\\/g502-hero-gallery-1-nb.webp\",\"datePublished\":\"2021-08-05T23:23:27+00:00\",\"dateModified\":\"2025-10-02T17:00:43+00:00\",\"breadcrumb\":{\"@id\":\"https:\\\/\\\/espaciosyambientes.com\\\/producto\\\/logitech-g502-hero-rgb\\\/#breadcrumb\"},\"inLanguage\":\"es\",\"potentialAction\":[{\"@type\":\"ReadAction\",\"target\":[\"https:\\\/\\\/espaciosyambientes.com\\\/producto\\\/logitech-g502-hero-rgb\\\/\"]}]},{\"@type\":\"ImageObject\",\"inLanguage\":\"es\",\"@id\":\"https:\\\/\\\/espaciosyambientes.com\\\/producto\\\/logitech-g502-hero-rgb\\\/#primaryimage\",\"url\":\"https:\\\/\\\/espaciosyambientes.com\\\/wp-content\\\/uploads\\\/2021\\\/08\\\/g502-hero-gallery-1-nb.webp\",\"contentUrl\":\"https:\\\/\\\/espaciosyambientes.com\\\/wp-content\\\/uploads\\\/2021\\\/08\\\/g502-hero-gallery-1-nb.webp\",\"width\":692,\"height\":519},{\"@type\":\"BreadcrumbList\",\"@id\":\"https:\\\/\\\/espaciosyambientes.com\\\/producto\\\/logitech-g502-hero-rgb\\\/#breadcrumb\",\"itemListElement\":[{\"@type\":\"ListItem\",\"position\":1,\"name\":\"Home\",\"item\":\"https:\\\/\\\/espaciosyambientes.com\\\/\"},{\"@type\":\"ListItem\",\"position\":2,\"name\":\"Tienda\",\"item\":\"https:\\\/\\\/espaciosyambientes.com\\\/tienda\\\/\"},{\"@type\":\"ListItem\",\"position\":3,\"name\":\"LOGITECH G502 HERO RGB\"}]},{\"@type\":\"WebSite\",\"@id\":\"https:\\\/\\\/espaciosyambientes.com\\\/es_es\\\/#website\",\"url\":\"https:\\\/\\\/espaciosyambientes.com\\\/es_es\\\/\",\"name\":\"PC MASTERS BOGOTA\",\"description\":\"\",\"potentialAction\":[{\"@type\":\"SearchAction\",\"target\":{\"@type\":\"EntryPoint\",\"urlTemplate\":\"https:\\\/\\\/espaciosyambientes.com\\\/es_es\\\/?s={search_term_string}\"},\"query-input\":{\"@type\":\"PropertyValueSpecification\",\"valueRequired\":true,\"valueName\":\"search_term_string\"}}],\"inLanguage\":\"es\"}]}<\/script>\n<!-- \/ Yoast SEO plugin. -->","yoast_head_json":{"title":"LOGITECH G502 HERO RGB - PC MASTERS BOGOTA","robots":{"index":"index","follow":"follow","max-snippet":"max-snippet:-1","max-image-preview":"max-image-preview:large","max-video-preview":"max-video-preview:-1"},"canonical":"https:\/\/espaciosyambientes.com\/es_es\/producto\/logitech-g502-hero-rgb\/","og_locale":"es_ES","og_type":"article","og_title":"LOGITECH G502 HERO RGB - PC MASTERS BOGOTA","og_description":"G502 HERO dispone de un sensor \u00f3ptico avanzado para m\u00e1xima precisi\u00f3n de seguimiento, iluminaci\u00f3n RGB personalizada, perfiles de juego personalizados, de 200 a 25.600 dpi y pesas reposicionables.","og_url":"https:\/\/espaciosyambientes.com\/es_es\/producto\/logitech-g502-hero-rgb\/","og_site_name":"PC MASTERS BOGOTA","article_modified_time":"2025-10-02T17:00:43+00:00","og_image":[{"width":692,"height":519,"url":"https:\/\/espaciosyambientes.com\/wp-content\/uploads\/2021\/08\/g502-hero-gallery-1-nb.webp","type":"image\/webp"}],"twitter_card":"summary_large_image","twitter_misc":{"Tiempo de lectura":"1 minuto"},"schema":{"@context":"https:\/\/schema.org","@graph":[{"@type":"WebPage","@id":"https:\/\/espaciosyambientes.com\/producto\/logitech-g502-hero-rgb\/","url":"https:\/\/espaciosyambientes.com\/producto\/logitech-g502-hero-rgb\/","name":"LOGITECH G502 HERO RGB - PC MASTERS BOGOTA","isPartOf":{"@id":"https:\/\/espaciosyambientes.com\/es_es\/#website"},"primaryImageOfPage":{"@id":"https:\/\/espaciosyambientes.com\/producto\/logitech-g502-hero-rgb\/#primaryimage"},"image":{"@id":"https:\/\/espaciosyambientes.com\/producto\/logitech-g502-hero-rgb\/#primaryimage"},"thumbnailUrl":"https:\/\/espaciosyambientes.com\/wp-content\/uploads\/2021\/08\/g502-hero-gallery-1-nb.webp","datePublished":"2021-08-05T23:23:27+00:00","dateModified":"2025-10-02T17:00:43+00:00","breadcrumb":{"@id":"https:\/\/espaciosyambientes.com\/producto\/logitech-g502-hero-rgb\/#breadcrumb"},"inLanguage":"es","potentialAction":[{"@type":"ReadAction","target":["https:\/\/espaciosyambientes.com\/producto\/logitech-g502-hero-rgb\/"]}]},{"@type":"ImageObject","inLanguage":"es","@id":"https:\/\/espaciosyambientes.com\/producto\/logitech-g502-hero-rgb\/#primaryimage","url":"https:\/\/espaciosyambientes.com\/wp-content\/uploads\/2021\/08\/g502-hero-gallery-1-nb.webp","contentUrl":"https:\/\/espaciosyambientes.com\/wp-content\/uploads\/2021\/08\/g502-hero-gallery-1-nb.webp","width":692,"height":519},{"@type":"BreadcrumbList","@id":"https:\/\/espaciosyambientes.com\/producto\/logitech-g502-hero-rgb\/#breadcrumb","itemListElement":[{"@type":"ListItem","position":1,"name":"Home","item":"https:\/\/espaciosyambientes.com\/"},{"@type":"ListItem","position":2,"name":"Tienda","item":"https:\/\/espaciosyambientes.com\/tienda\/"},{"@type":"ListItem","position":3,"name":"LOGITECH G502 HERO RGB"}]},{"@type":"WebSite","@id":"https:\/\/espaciosyambientes.com\/es_es\/#website","url":"https:\/\/espaciosyambientes.com\/es_es\/","name":"PC MASTERS BOGOTA","description":"","potentialAction":[{"@type":"SearchAction","target":{"@type":"EntryPoint","urlTemplate":"https:\/\/espaciosyambientes.com\/es_es\/?s={search_term_string}"},"query-input":{"@type":"PropertyValueSpecification","valueRequired":true,"valueName":"search_term_string"}}],"inLanguage":"es"}]}},"_links":{"self":[{"href":"http:\/\/espaciosyambientes.com\/es_es\/wp-json\/wp\/v2\/product\/13097","targetHints":{"allow":["GET"]}}],"collection":[{"href":"http:\/\/espaciosyambientes.com\/es_es\/wp-json\/wp\/v2\/product"}],"about":[{"href":"http:\/\/espaciosyambientes.com\/es_es\/wp-json\/wp\/v2\/types\/product"}],"replies":[{"embeddable":true,"href":"http:\/\/espaciosyambientes.com\/es_es\/wp-json\/wp\/v2\/comments?post=13097"}],"version-history":[{"count":6,"href":"http:\/\/espaciosyambientes.com\/es_es\/wp-json\/wp\/v2\/product\/13097\/revisions"}],"predecessor-version":[{"id":18048,"href":"http:\/\/espaciosyambientes.com\/es_es\/wp-json\/wp\/v2\/product\/13097\/revisions\/18048"}],"wp:featuredmedia":[{"embeddable":true,"href":"http:\/\/espaciosyambientes.com\/es_es\/wp-json\/wp\/v2\/media\/14566"}],"wp:attachment":[{"href":"http:\/\/espaciosyambientes.com\/es_es\/wp-json\/wp\/v2\/media?parent=13097"}],"wp:term":[{"taxonomy":"product_brand","embeddable":true,"href":"http:\/\/espaciosyambientes.com\/es_es\/wp-json\/wp\/v2\/product_brand?post=13097"},{"taxonomy":"product_cat","embeddable":true,"href":"http:\/\/espaciosyambientes.com\/es_es\/wp-json\/wp\/v2\/product_cat?post=13097"},{"taxonomy":"product_tag","embeddable":true,"href":"http:\/\/espaciosyambientes.com\/es_es\/wp-json\/wp\/v2\/product_tag?post=13097"}],"curies":[{"name":"wp","href":"https:\/\/api.w.org\/{rel}","templated":true}]}}