{"id":13080,"date":"2021-08-05T18:23:25","date_gmt":"2021-08-05T23:23:25","guid":{"rendered":"https:\/\/espaciosyambientes.com\/?post_type=product&#038;p=13080"},"modified":"2021-10-26T14:18:14","modified_gmt":"2021-10-26T19:18:14","slug":"corsair-m65-rgb-elite-blanco","status":"publish","type":"product","link":"http:\/\/espaciosyambientes.com\/es_es\/producto\/corsair-m65-rgb-elite-blanco\/","title":{"rendered":"CORSAIR M65 RGB ELITE BLANCO"},"content":{"rendered":"<p>https:\/\/www.corsair.com\/lm\/es\/Categor%C3%ADas\/Productos\/Ratones-para-juegos\/Ratones-para-juegos-de-acci%C3%B3n-r%C3%A1pida-FPS\/M65-RGB-ELITE\/p\/CH-9309111-NA<\/p>\n<p>Sobre este art\u00edculo<\/p>\n<p>Marco de aluminio anodizado duradero de alta calidad: construido para soportar toda una vida de juegos<br \/>\nEl sensor \u00f3ptico de juego m\u00e1s avanzado de Corsai: nativo 18.000 DPI, ajustable en pasos de resoluci\u00f3n de 1 DPI, te da una personalizaci\u00f3n total de sensibilidad y seguimiento ultra preciso<\/p>\n<p>Sistema avanzado de peso ajustable: ajusta el centro de gravedad M65 RGB Elite para adaptarse a tu agarre, o reduce su peso a s\u00f3lo 3.42 oz<\/p>\n<p>Ocho botones totalmente programables: obt\u00e9n el m\u00e1ximo provecho de tus juegos con la capacidad de remapear o asignar macros personalizados a cada clic<\/p>\n<p>Interruptores Omron ultra duraderos: clasificados para m\u00e1s de 50 millones de clics<br \/>\nBot\u00f3n de francotirador de precisi\u00f3n: bot\u00f3n de francotirador ergon\u00f3mico para reducir al instante la sensibilidad para disparos cruciales<\/p>\n","protected":false},"excerpt":{"rendered":"<p>Marca Corsair<br \/>\nSeries M65 RGB<br \/>\nTecnolog\u00eda de detecci\u00f3n de movimiento Optical<br \/>\nColor Negro<br \/>\nCantidad de botones 9<\/p>\n","protected":false},"featured_media":14652,"comment_status":"open","ping_status":"closed","template":"","meta":[],"product_brand":[100],"product_cat":[38],"product_tag":[160],"class_list":{"0":"post-13080","1":"product","2":"type-product","3":"status-publish","4":"has-post-thumbnail","6":"product_brand-corsair","7":"product_cat-mouse","8":"product_tag-m65","10":"first","11":"instock","12":"taxable","13":"shipping-taxable","14":"purchasable","15":"product-type-simple"},"yoast_head":"<!-- This site is optimized with the Yoast SEO plugin v27.3 - https:\/\/yoast.com\/product\/yoast-seo-wordpress\/ -->\n<title>CORSAIR M65 RGB ELITE BLANCO - PC MASTERS BOGOTA<\/title>\n<meta name=\"robots\" content=\"index, follow, max-snippet:-1, max-image-preview:large, max-video-preview:-1\" \/>\n<link rel=\"canonical\" href=\"https:\/\/espaciosyambientes.com\/es_es\/producto\/corsair-m65-rgb-elite-blanco\/\" \/>\n<meta property=\"og:locale\" content=\"es_ES\" \/>\n<meta property=\"og:type\" content=\"article\" \/>\n<meta property=\"og:title\" content=\"CORSAIR M65 RGB ELITE BLANCO - PC MASTERS BOGOTA\" \/>\n<meta property=\"og:description\" content=\"Marca Corsair Series M65 RGB Tecnolog\u00eda de detecci\u00f3n de movimiento Optical Color Negro Cantidad de botones 9\" \/>\n<meta property=\"og:url\" content=\"https:\/\/espaciosyambientes.com\/es_es\/producto\/corsair-m65-rgb-elite-blanco\/\" \/>\n<meta property=\"og:site_name\" content=\"PC MASTERS BOGOTA\" \/>\n<meta property=\"article:modified_time\" content=\"2021-10-26T19:18:14+00:00\" \/>\n<meta property=\"og:image\" content=\"https:\/\/espaciosyambientes.com\/wp-content\/uploads\/2021\/08\/CH-9309111-NA-Gallery-M65-RGB-ELITE-WHT-04.webp\" \/>\n\t<meta property=\"og:image:width\" content=\"1200\" \/>\n\t<meta property=\"og:image:height\" content=\"1200\" \/>\n\t<meta property=\"og:image:type\" content=\"image\/webp\" \/>\n<meta name=\"twitter:card\" content=\"summary_large_image\" \/>\n<meta name=\"twitter:label1\" content=\"Tiempo de lectura\" \/>\n\t<meta name=\"twitter:data1\" content=\"1 minuto\" \/>\n<script type=\"application\/ld+json\" class=\"yoast-schema-graph\">{\"@context\":\"https:\\\/\\\/schema.org\",\"@graph\":[{\"@type\":\"WebPage\",\"@id\":\"https:\\\/\\\/espaciosyambientes.com\\\/producto\\\/corsair-m65-rgb-elite-blanco\\\/\",\"url\":\"https:\\\/\\\/espaciosyambientes.com\\\/producto\\\/corsair-m65-rgb-elite-blanco\\\/\",\"name\":\"CORSAIR M65 RGB ELITE BLANCO - PC MASTERS BOGOTA\",\"isPartOf\":{\"@id\":\"https:\\\/\\\/espaciosyambientes.com\\\/es_es\\\/#website\"},\"primaryImageOfPage\":{\"@id\":\"https:\\\/\\\/espaciosyambientes.com\\\/producto\\\/corsair-m65-rgb-elite-blanco\\\/#primaryimage\"},\"image\":{\"@id\":\"https:\\\/\\\/espaciosyambientes.com\\\/producto\\\/corsair-m65-rgb-elite-blanco\\\/#primaryimage\"},\"thumbnailUrl\":\"https:\\\/\\\/espaciosyambientes.com\\\/wp-content\\\/uploads\\\/2021\\\/08\\\/CH-9309111-NA-Gallery-M65-RGB-ELITE-WHT-04.webp\",\"datePublished\":\"2021-08-05T23:23:25+00:00\",\"dateModified\":\"2021-10-26T19:18:14+00:00\",\"breadcrumb\":{\"@id\":\"https:\\\/\\\/espaciosyambientes.com\\\/producto\\\/corsair-m65-rgb-elite-blanco\\\/#breadcrumb\"},\"inLanguage\":\"es\",\"potentialAction\":[{\"@type\":\"ReadAction\",\"target\":[\"https:\\\/\\\/espaciosyambientes.com\\\/producto\\\/corsair-m65-rgb-elite-blanco\\\/\"]}]},{\"@type\":\"ImageObject\",\"inLanguage\":\"es\",\"@id\":\"https:\\\/\\\/espaciosyambientes.com\\\/producto\\\/corsair-m65-rgb-elite-blanco\\\/#primaryimage\",\"url\":\"https:\\\/\\\/espaciosyambientes.com\\\/wp-content\\\/uploads\\\/2021\\\/08\\\/CH-9309111-NA-Gallery-M65-RGB-ELITE-WHT-04.webp\",\"contentUrl\":\"https:\\\/\\\/espaciosyambientes.com\\\/wp-content\\\/uploads\\\/2021\\\/08\\\/CH-9309111-NA-Gallery-M65-RGB-ELITE-WHT-04.webp\",\"width\":1200,\"height\":1200},{\"@type\":\"BreadcrumbList\",\"@id\":\"https:\\\/\\\/espaciosyambientes.com\\\/producto\\\/corsair-m65-rgb-elite-blanco\\\/#breadcrumb\",\"itemListElement\":[{\"@type\":\"ListItem\",\"position\":1,\"name\":\"Home\",\"item\":\"https:\\\/\\\/espaciosyambientes.com\\\/\"},{\"@type\":\"ListItem\",\"position\":2,\"name\":\"Tienda\",\"item\":\"https:\\\/\\\/espaciosyambientes.com\\\/tienda\\\/\"},{\"@type\":\"ListItem\",\"position\":3,\"name\":\"CORSAIR M65 RGB ELITE BLANCO\"}]},{\"@type\":\"WebSite\",\"@id\":\"https:\\\/\\\/espaciosyambientes.com\\\/es_es\\\/#website\",\"url\":\"https:\\\/\\\/espaciosyambientes.com\\\/es_es\\\/\",\"name\":\"PC MASTERS BOGOTA\",\"description\":\"\",\"potentialAction\":[{\"@type\":\"SearchAction\",\"target\":{\"@type\":\"EntryPoint\",\"urlTemplate\":\"https:\\\/\\\/espaciosyambientes.com\\\/es_es\\\/?s={search_term_string}\"},\"query-input\":{\"@type\":\"PropertyValueSpecification\",\"valueRequired\":true,\"valueName\":\"search_term_string\"}}],\"inLanguage\":\"es\"}]}<\/script>\n<!-- \/ Yoast SEO plugin. -->","yoast_head_json":{"title":"CORSAIR M65 RGB ELITE BLANCO - PC MASTERS BOGOTA","robots":{"index":"index","follow":"follow","max-snippet":"max-snippet:-1","max-image-preview":"max-image-preview:large","max-video-preview":"max-video-preview:-1"},"canonical":"https:\/\/espaciosyambientes.com\/es_es\/producto\/corsair-m65-rgb-elite-blanco\/","og_locale":"es_ES","og_type":"article","og_title":"CORSAIR M65 RGB ELITE BLANCO - PC MASTERS BOGOTA","og_description":"Marca Corsair Series M65 RGB Tecnolog\u00eda de detecci\u00f3n de movimiento Optical Color Negro Cantidad de botones 9","og_url":"https:\/\/espaciosyambientes.com\/es_es\/producto\/corsair-m65-rgb-elite-blanco\/","og_site_name":"PC MASTERS BOGOTA","article_modified_time":"2021-10-26T19:18:14+00:00","og_image":[{"width":1200,"height":1200,"url":"https:\/\/espaciosyambientes.com\/wp-content\/uploads\/2021\/08\/CH-9309111-NA-Gallery-M65-RGB-ELITE-WHT-04.webp","type":"image\/webp"}],"twitter_card":"summary_large_image","twitter_misc":{"Tiempo de lectura":"1 minuto"},"schema":{"@context":"https:\/\/schema.org","@graph":[{"@type":"WebPage","@id":"https:\/\/espaciosyambientes.com\/producto\/corsair-m65-rgb-elite-blanco\/","url":"https:\/\/espaciosyambientes.com\/producto\/corsair-m65-rgb-elite-blanco\/","name":"CORSAIR M65 RGB ELITE BLANCO - PC MASTERS BOGOTA","isPartOf":{"@id":"https:\/\/espaciosyambientes.com\/es_es\/#website"},"primaryImageOfPage":{"@id":"https:\/\/espaciosyambientes.com\/producto\/corsair-m65-rgb-elite-blanco\/#primaryimage"},"image":{"@id":"https:\/\/espaciosyambientes.com\/producto\/corsair-m65-rgb-elite-blanco\/#primaryimage"},"thumbnailUrl":"https:\/\/espaciosyambientes.com\/wp-content\/uploads\/2021\/08\/CH-9309111-NA-Gallery-M65-RGB-ELITE-WHT-04.webp","datePublished":"2021-08-05T23:23:25+00:00","dateModified":"2021-10-26T19:18:14+00:00","breadcrumb":{"@id":"https:\/\/espaciosyambientes.com\/producto\/corsair-m65-rgb-elite-blanco\/#breadcrumb"},"inLanguage":"es","potentialAction":[{"@type":"ReadAction","target":["https:\/\/espaciosyambientes.com\/producto\/corsair-m65-rgb-elite-blanco\/"]}]},{"@type":"ImageObject","inLanguage":"es","@id":"https:\/\/espaciosyambientes.com\/producto\/corsair-m65-rgb-elite-blanco\/#primaryimage","url":"https:\/\/espaciosyambientes.com\/wp-content\/uploads\/2021\/08\/CH-9309111-NA-Gallery-M65-RGB-ELITE-WHT-04.webp","contentUrl":"https:\/\/espaciosyambientes.com\/wp-content\/uploads\/2021\/08\/CH-9309111-NA-Gallery-M65-RGB-ELITE-WHT-04.webp","width":1200,"height":1200},{"@type":"BreadcrumbList","@id":"https:\/\/espaciosyambientes.com\/producto\/corsair-m65-rgb-elite-blanco\/#breadcrumb","itemListElement":[{"@type":"ListItem","position":1,"name":"Home","item":"https:\/\/espaciosyambientes.com\/"},{"@type":"ListItem","position":2,"name":"Tienda","item":"https:\/\/espaciosyambientes.com\/tienda\/"},{"@type":"ListItem","position":3,"name":"CORSAIR M65 RGB ELITE BLANCO"}]},{"@type":"WebSite","@id":"https:\/\/espaciosyambientes.com\/es_es\/#website","url":"https:\/\/espaciosyambientes.com\/es_es\/","name":"PC MASTERS BOGOTA","description":"","potentialAction":[{"@type":"SearchAction","target":{"@type":"EntryPoint","urlTemplate":"https:\/\/espaciosyambientes.com\/es_es\/?s={search_term_string}"},"query-input":{"@type":"PropertyValueSpecification","valueRequired":true,"valueName":"search_term_string"}}],"inLanguage":"es"}]}},"_links":{"self":[{"href":"http:\/\/espaciosyambientes.com\/es_es\/wp-json\/wp\/v2\/product\/13080","targetHints":{"allow":["GET"]}}],"collection":[{"href":"http:\/\/espaciosyambientes.com\/es_es\/wp-json\/wp\/v2\/product"}],"about":[{"href":"http:\/\/espaciosyambientes.com\/es_es\/wp-json\/wp\/v2\/types\/product"}],"replies":[{"embeddable":true,"href":"http:\/\/espaciosyambientes.com\/es_es\/wp-json\/wp\/v2\/comments?post=13080"}],"version-history":[{"count":4,"href":"http:\/\/espaciosyambientes.com\/es_es\/wp-json\/wp\/v2\/product\/13080\/revisions"}],"predecessor-version":[{"id":18062,"href":"http:\/\/espaciosyambientes.com\/es_es\/wp-json\/wp\/v2\/product\/13080\/revisions\/18062"}],"wp:featuredmedia":[{"embeddable":true,"href":"http:\/\/espaciosyambientes.com\/es_es\/wp-json\/wp\/v2\/media\/14652"}],"wp:attachment":[{"href":"http:\/\/espaciosyambientes.com\/es_es\/wp-json\/wp\/v2\/media?parent=13080"}],"wp:term":[{"taxonomy":"product_brand","embeddable":true,"href":"http:\/\/espaciosyambientes.com\/es_es\/wp-json\/wp\/v2\/product_brand?post=13080"},{"taxonomy":"product_cat","embeddable":true,"href":"http:\/\/espaciosyambientes.com\/es_es\/wp-json\/wp\/v2\/product_cat?post=13080"},{"taxonomy":"product_tag","embeddable":true,"href":"http:\/\/espaciosyambientes.com\/es_es\/wp-json\/wp\/v2\/product_tag?post=13080"}],"curies":[{"name":"wp","href":"https:\/\/api.w.org\/{rel}","templated":true}]}}